{"id":7780,"date":"2024-09-02T17:55:49","date_gmt":"2024-09-02T09:55:49","guid":{"rendered":"https:\/\/qqpets.com\/?post_type=product&#038;p=7780"},"modified":"2024-09-24T17:44:04","modified_gmt":"2024-09-24T09:44:04","slug":"gentle-leader-no-pull-dog-head-collar","status":"publish","type":"product","link":"https:\/\/qqpets.com\/pt\/produto\/gentle-leader-no-pull-dog-head-collar\/","title":{"rendered":"Coleira de cabe\u00e7a para c\u00e3es Gentle Leader No Pull"},"content":{"rendered":"<p>Introduza uma revolu\u00e7\u00e3o no treinamento e no passeio do seu c\u00e3o com a coleira de cabe\u00e7a para c\u00e3es Gentle Leader No Pull. Essa ferramenta inovadora foi projetada especificamente para proporcionar controle imediato e suave sem o uso de for\u00e7a. Ao direcionar a cabe\u00e7a do seu c\u00e3o, ela guia naturalmente o corpo dele, evitando pux\u00f5es e proporcionando controle total durante caminhadas, sess\u00f5es de treinamento ou ao lidar com comportamentos agressivos.<\/p>\n<p>Diferentemente das coleiras tradicionais, a Gentle Leader Head Collar aplica press\u00e3o na parte de tr\u00e1s do pesco\u00e7o e n\u00e3o na garganta, o que \u00e9 mais humano e indolor para seu c\u00e3o. O la\u00e7o do nariz \u00e9 acolchoado para garantir o m\u00e1ximo de conforto, evitando qualquer irrita\u00e7\u00e3o ou desconforto.<\/p>\n<p>Essa coleira \u00e9 particularmente eficaz para c\u00e3es que puxam com agressividade ou que se distraem facilmente. Ela permite que voc\u00ea os conduza na dire\u00e7\u00e3o desejada e concentre a aten\u00e7\u00e3o deles em voc\u00ea com o m\u00ednimo de esfor\u00e7o. \u00c9 amplamente recomendada por veterin\u00e1rios e treinadores como um m\u00e9todo seguro e eficaz para controlar c\u00e3es sem causar estresse ou ansiedade.<\/p>\n<p>O Gentle Leader \u00e9 f\u00e1cil de colocar e pode ser ajustado para acomodar todos os tamanhos e ra\u00e7as. O design garante que ele permane\u00e7a no lugar sem escorregar ou apertar desnecessariamente, o que \u00e9 essencial para manter a comunica\u00e7\u00e3o e o controle eficazes.<\/p>\n<p>Quer voc\u00ea esteja lidando com um filhote aprendendo a andar na coleira ou com um c\u00e3o adulto com problemas de comportamento, a coleira de cabe\u00e7a para c\u00e3es Gentle Leader No Pull \u00e9 uma ferramenta inestim\u00e1vel para promover uma experi\u00eancia de passeio positiva. Ela incentiva a caminhada educada e ajuda a superar problemas comportamentais relacionados \u00e0 coleira, tornando suas caminhadas agrad\u00e1veis e sem estresse.<\/p>\n<div class=\"flex-shrink-0 flex flex-col relative items-end\">\n<div>\n<div class=\"pt-0\">\n<div class=\"gizmo-bot-avatar flex h-8 w-8 items-center justify-center overflow-hidden rounded-full\">\n<div class=\"relative p-1 rounded-sm flex items-center justify-center bg-token-main-surface-primary text-token-text-primary h-8 w-8\"><\/div>\n<\/div>\n<\/div>\n<\/div>\n<\/div>\n<div class=\"group\/conversation-turn relative flex w-full min-w-0 flex-col agent-turn\">\n<div class=\"flex-col gap-1 md:gap-3\">\n<div class=\"flex max-w-full flex-col flex-grow\">\n<div class=\"min-h-[20px] text-message flex w-full flex-col items-end gap-2 break-words [.text-message+&amp;]:mt-5 overflow-x-auto whitespace-normal\" dir=\"auto\" data-message-author-role=\"assistant\" data-message-id=\"c98a0c2a-7b64-4805-8feb-b84270904e09\">\n<div class=\"flex w-full flex-col gap-1 empty:hidden first:pt-[3px]\">\n<div class=\"markdown prose w-full break-words dark:prose-invert light\">\n<h5><strong>Os l\u00edderes gentis s\u00e3o bons para c\u00e3es que puxam?<\/strong><\/h5>\n<p>Sim, os Gentle Leaders s\u00e3o eficazes para c\u00e3es que puxam. Eles funcionam redirecionando a cabe\u00e7a do c\u00e3o para voc\u00ea quando ele tenta puxar, dificultando que ele use toda a for\u00e7a do corpo para puxar para frente. Isso proporciona melhor controle e ajuda a treinar o c\u00e3o para n\u00e3o puxar.<\/p>\n<h5><strong>Como fa\u00e7o para que meu c\u00e3o pare de puxar o gentle leader?<\/strong><\/h5>\n<p>Para ajudar seu c\u00e3o a parar de puxar enquanto estiver usando o Gentle Leader, guie a cabe\u00e7a dele gentilmente de volta para voc\u00ea sempre que ele come\u00e7ar a puxar. Combine esse redirecionamento com refor\u00e7o positivo, como guloseimas ou elogios, quando ele andar bem sem puxar. Tamb\u00e9m \u00e9 importante garantir que o Gentle Leader esteja ajustado corretamente e de forma confort\u00e1vel em seu c\u00e3o.<\/p>\n<h5><strong>Um l\u00edder gentil \u00e9 melhor do que uma halti?<\/strong><\/h5>\n<p>Tanto o Gentle Leader quanto o Halti oferecem benef\u00edcios semelhantes ao controlar a cabe\u00e7a do c\u00e3o para reduzir o pux\u00e3o. A escolha entre elas pode depender de qual se encaixa mais confortavelmente na cabe\u00e7a do c\u00e3o e da rea\u00e7\u00e3o espec\u00edfica dele a cada uma. Alguns c\u00e3es podem reagir melhor \u00e0 Gentle Leader, enquanto outros podem achar a Halti mais confort\u00e1vel.<\/p>\n<h5><strong>Por quanto tempo voc\u00ea pode deixar um gentle leader em um c\u00e3o?<\/strong><\/h5>\n<p>A Gentle Leader s\u00f3 deve ser usada durante atividades supervisionadas, como caminhadas ou treinamento, e n\u00e3o deve ser deixada por per\u00edodos prolongados. Ele n\u00e3o foi projetado para ser usado o dia todo, pois pode causar desconforto ou irrita\u00e7\u00e3o se for usado por muito tempo, especialmente quando o c\u00e3o n\u00e3o estiver ativo.<\/p>\n<\/div>\n<\/div>\n<\/div>\n<\/div>\n<\/div>\n<\/div>","protected":false},"excerpt":{"rendered":"<p>Transforme seus passeios com a coleira de cabe\u00e7a Gentle Leader No Pull Dog. Essa coleira de cabe\u00e7a aplica uma leve press\u00e3o para acalmar o comportamento hiperativo e reduzir a tra\u00e7\u00e3o na coleira. Ela foi projetada para proporcionar conforto com seu la\u00e7o acolchoado para o nariz, garantindo que seja eficaz e humana. Ideal para o treinamento sem causar sofrimento ao c\u00e3o, essa coleira ajuda a orientar seu animal de estima\u00e7\u00e3o naturalmente com os movimentos da cabe\u00e7a, facilitando uma melhor comunica\u00e7\u00e3o e a corre\u00e7\u00e3o do comportamento.<\/p>","protected":false},"featured_media":8230,"template":"","meta":[],"product_brand":[],"product_cat":[26],"product_tag":[],"class_list":{"0":"post-7780","1":"product","2":"type-product","3":"status-publish","4":"has-post-thumbnail","6":"product_cat-dog-collar","7":"pa_brand-qqpets","9":"first","10":"instock","11":"shipping-taxable","12":"product-type-simple"},"yoast_head":"<!-- This site is optimized with the Yoast SEO plugin v26.6 - https:\/\/yoast.com\/wordpress\/plugins\/seo\/ -->\n<title>Gentle Leader No Pull Dog Head Collar | QQPETS<\/title>\n<meta name=\"description\" content=\"Master gentle control with our No Pull Dog Head Collar. Train with ease and comfort. Effective and humane!\" \/>\n<meta name=\"robots\" content=\"index, follow, max-snippet:-1, max-image-preview:large, max-video-preview:-1\" \/>\n<link rel=\"canonical\" href=\"https:\/\/qqpets.com\/pt\/produto\/gentle-leader-no-pull-dog-head-collar\/\" \/>\n<meta property=\"og:locale\" content=\"pt_BR\" \/>\n<meta property=\"og:type\" content=\"article\" \/>\n<meta property=\"og:title\" content=\"Gentle Leader No Pull Dog Head Collar | QQPETS\" \/>\n<meta property=\"og:description\" content=\"Master gentle control with our No Pull Dog Head Collar. Train with ease and comfort. Effective and humane!\" \/>\n<meta property=\"og:url\" content=\"https:\/\/qqpets.com\/pt\/produto\/gentle-leader-no-pull-dog-head-collar\/\" \/>\n<meta property=\"og:site_name\" content=\"QQPETS\" \/>\n<meta property=\"article:publisher\" content=\"https:\/\/www.facebook.com\/QQpetsdogcollars\" \/>\n<meta property=\"article:modified_time\" content=\"2024-09-24T09:44:04+00:00\" \/>\n<meta property=\"og:image\" content=\"https:\/\/qqpets.com\/wp-content\/uploads\/2024\/09\/Dog-Head-Collar.webp\" \/>\n\t<meta property=\"og:image:width\" content=\"700\" \/>\n\t<meta property=\"og:image:height\" content=\"700\" \/>\n\t<meta property=\"og:image:type\" content=\"image\/webp\" \/>\n<meta name=\"twitter:card\" content=\"summary_large_image\" \/>\n<meta name=\"twitter:label1\" content=\"Est. tempo de leitura\" \/>\n\t<meta name=\"twitter:data1\" content=\"3 minutos\" \/>\n<script type=\"application\/ld+json\" class=\"yoast-schema-graph\">{\"@context\":\"https:\/\/schema.org\",\"@graph\":[{\"@type\":\"WebPage\",\"@id\":\"https:\/\/qqpets.com\/product\/gentle-leader-no-pull-dog-head-collar\/\",\"url\":\"https:\/\/qqpets.com\/product\/gentle-leader-no-pull-dog-head-collar\/\",\"name\":\"Gentle Leader No Pull Dog Head Collar | QQPETS\",\"isPartOf\":{\"@id\":\"https:\/\/qqpets.com\/#website\"},\"primaryImageOfPage\":{\"@id\":\"https:\/\/qqpets.com\/product\/gentle-leader-no-pull-dog-head-collar\/#primaryimage\"},\"image\":{\"@id\":\"https:\/\/qqpets.com\/product\/gentle-leader-no-pull-dog-head-collar\/#primaryimage\"},\"thumbnailUrl\":\"https:\/\/qqpets.com\/wp-content\/uploads\/2024\/09\/Dog-Head-Collar.webp\",\"datePublished\":\"2024-09-02T09:55:49+00:00\",\"dateModified\":\"2024-09-24T09:44:04+00:00\",\"description\":\"Master gentle control with our No Pull Dog Head Collar. Train with ease and comfort. Effective and humane!\",\"breadcrumb\":{\"@id\":\"https:\/\/qqpets.com\/product\/gentle-leader-no-pull-dog-head-collar\/#breadcrumb\"},\"inLanguage\":\"pt-BR\",\"potentialAction\":[{\"@type\":\"ReadAction\",\"target\":[\"https:\/\/qqpets.com\/product\/gentle-leader-no-pull-dog-head-collar\/\"]}]},{\"@type\":\"ImageObject\",\"inLanguage\":\"pt-BR\",\"@id\":\"https:\/\/qqpets.com\/product\/gentle-leader-no-pull-dog-head-collar\/#primaryimage\",\"url\":\"https:\/\/qqpets.com\/wp-content\/uploads\/2024\/09\/Dog-Head-Collar.webp\",\"contentUrl\":\"https:\/\/qqpets.com\/wp-content\/uploads\/2024\/09\/Dog-Head-Collar.webp\",\"width\":700,\"height\":700,\"caption\":\"Dog-Head-Collar\"},{\"@type\":\"BreadcrumbList\",\"@id\":\"https:\/\/qqpets.com\/product\/gentle-leader-no-pull-dog-head-collar\/#breadcrumb\",\"itemListElement\":[{\"@type\":\"ListItem\",\"position\":1,\"name\":\"Home\",\"item\":\"https:\/\/qqpets.com\/\"},{\"@type\":\"ListItem\",\"position\":2,\"name\":\"Products\",\"item\":\"https:\/\/qqpets.com\/pet-products-manufacturer\/\"},{\"@type\":\"ListItem\",\"position\":3,\"name\":\"Gentle Leader No Pull Dog Head Collar\"}]},{\"@type\":\"WebSite\",\"@id\":\"https:\/\/qqpets.com\/#website\",\"url\":\"https:\/\/qqpets.com\/\",\"name\":\"QQPETS\",\"description\":\"QQPETS is a pet products factory for dog harnesses, dog collars, dog leashes and dog accessories with professional customized service since 2005.\",\"publisher\":{\"@id\":\"https:\/\/qqpets.com\/#organization\"},\"potentialAction\":[{\"@type\":\"SearchAction\",\"target\":{\"@type\":\"EntryPoint\",\"urlTemplate\":\"https:\/\/qqpets.com\/?s={search_term_string}\"},\"query-input\":{\"@type\":\"PropertyValueSpecification\",\"valueRequired\":true,\"valueName\":\"search_term_string\"}}],\"inLanguage\":\"pt-BR\"},{\"@type\":\"Organization\",\"@id\":\"https:\/\/qqpets.com\/#organization\",\"name\":\"QQPETS\",\"url\":\"https:\/\/qqpets.com\/\",\"logo\":{\"@type\":\"ImageObject\",\"inLanguage\":\"pt-BR\",\"@id\":\"https:\/\/qqpets.com\/#\/schema\/logo\/image\/\",\"url\":\"https:\/\/qqpets.com\/wp-content\/uploads\/2023\/09\/cropped-cropped-qqpets-tiktok.jpg\",\"contentUrl\":\"https:\/\/qqpets.com\/wp-content\/uploads\/2023\/09\/cropped-cropped-qqpets-tiktok.jpg\",\"width\":511,\"height\":511,\"caption\":\"QQPETS\"},\"image\":{\"@id\":\"https:\/\/qqpets.com\/#\/schema\/logo\/image\/\"},\"sameAs\":[\"https:\/\/www.facebook.com\/QQpetsdogcollars\",\"https:\/\/www.instagram.com\/qqpetscollar\/\",\"https:\/\/www.pinterest.com\/qqpetsdogcollarsfactory\/\"]}]}<\/script>\n<!-- \/ Yoast SEO plugin. -->","yoast_head_json":{"title":"Coleira de cabe\u00e7a para c\u00e3es Gentle Leader No Pull | QQPETS","description":"Domine o controle suave com a nossa coleira de cabe\u00e7a para c\u00e3es No Pull. Treine com facilidade e conforto. Eficaz e humano!","robots":{"index":"index","follow":"follow","max-snippet":"max-snippet:-1","max-image-preview":"max-image-preview:large","max-video-preview":"max-video-preview:-1"},"canonical":"https:\/\/qqpets.com\/pt\/produto\/gentle-leader-no-pull-dog-head-collar\/","og_locale":"pt_BR","og_type":"article","og_title":"Gentle Leader No Pull Dog Head Collar | QQPETS","og_description":"Master gentle control with our No Pull Dog Head Collar. Train with ease and comfort. Effective and humane!","og_url":"https:\/\/qqpets.com\/pt\/produto\/gentle-leader-no-pull-dog-head-collar\/","og_site_name":"QQPETS","article_publisher":"https:\/\/www.facebook.com\/QQpetsdogcollars","article_modified_time":"2024-09-24T09:44:04+00:00","og_image":[{"width":700,"height":700,"url":"https:\/\/qqpets.com\/wp-content\/uploads\/2024\/09\/Dog-Head-Collar.webp","type":"image\/webp"}],"twitter_card":"summary_large_image","twitter_misc":{"Est. tempo de leitura":"3 minutos"},"schema":{"@context":"https:\/\/schema.org","@graph":[{"@type":"WebPage","@id":"https:\/\/qqpets.com\/product\/gentle-leader-no-pull-dog-head-collar\/","url":"https:\/\/qqpets.com\/product\/gentle-leader-no-pull-dog-head-collar\/","name":"Coleira de cabe\u00e7a para c\u00e3es Gentle Leader No Pull | QQPETS","isPartOf":{"@id":"https:\/\/qqpets.com\/#website"},"primaryImageOfPage":{"@id":"https:\/\/qqpets.com\/product\/gentle-leader-no-pull-dog-head-collar\/#primaryimage"},"image":{"@id":"https:\/\/qqpets.com\/product\/gentle-leader-no-pull-dog-head-collar\/#primaryimage"},"thumbnailUrl":"https:\/\/qqpets.com\/wp-content\/uploads\/2024\/09\/Dog-Head-Collar.webp","datePublished":"2024-09-02T09:55:49+00:00","dateModified":"2024-09-24T09:44:04+00:00","description":"Domine o controle suave com a nossa coleira de cabe\u00e7a para c\u00e3es No Pull. Treine com facilidade e conforto. Eficaz e humano!","breadcrumb":{"@id":"https:\/\/qqpets.com\/product\/gentle-leader-no-pull-dog-head-collar\/#breadcrumb"},"inLanguage":"pt-BR","potentialAction":[{"@type":"ReadAction","target":["https:\/\/qqpets.com\/product\/gentle-leader-no-pull-dog-head-collar\/"]}]},{"@type":"ImageObject","inLanguage":"pt-BR","@id":"https:\/\/qqpets.com\/product\/gentle-leader-no-pull-dog-head-collar\/#primaryimage","url":"https:\/\/qqpets.com\/wp-content\/uploads\/2024\/09\/Dog-Head-Collar.webp","contentUrl":"https:\/\/qqpets.com\/wp-content\/uploads\/2024\/09\/Dog-Head-Collar.webp","width":700,"height":700,"caption":"Dog-Head-Collar"},{"@type":"BreadcrumbList","@id":"https:\/\/qqpets.com\/product\/gentle-leader-no-pull-dog-head-collar\/#breadcrumb","itemListElement":[{"@type":"ListItem","position":1,"name":"Home","item":"https:\/\/qqpets.com\/"},{"@type":"ListItem","position":2,"name":"Products","item":"https:\/\/qqpets.com\/pet-products-manufacturer\/"},{"@type":"ListItem","position":3,"name":"Gentle Leader No Pull Dog Head Collar"}]},{"@type":"WebSite","@id":"https:\/\/qqpets.com\/#website","url":"https:\/\/qqpets.com\/","name":"QQPETS","description":"A QQPETS \u00e9 uma f\u00e1brica de produtos para animais de estima\u00e7\u00e3o que fabrica arreios, coleiras, coleiras para c\u00e3es e acess\u00f3rios para c\u00e3es com servi\u00e7o personalizado profissional desde 2005.","publisher":{"@id":"https:\/\/qqpets.com\/#organization"},"potentialAction":[{"@type":"SearchAction","target":{"@type":"EntryPoint","urlTemplate":"https:\/\/qqpets.com\/?s={search_term_string}"},"query-input":{"@type":"PropertyValueSpecification","valueRequired":true,"valueName":"search_term_string"}}],"inLanguage":"pt-BR"},{"@type":"Organization","@id":"https:\/\/qqpets.com\/#organization","name":"QQPETS","url":"https:\/\/qqpets.com\/","logo":{"@type":"ImageObject","inLanguage":"pt-BR","@id":"https:\/\/qqpets.com\/#\/schema\/logo\/image\/","url":"https:\/\/qqpets.com\/wp-content\/uploads\/2023\/09\/cropped-cropped-qqpets-tiktok.jpg","contentUrl":"https:\/\/qqpets.com\/wp-content\/uploads\/2023\/09\/cropped-cropped-qqpets-tiktok.jpg","width":511,"height":511,"caption":"QQPETS"},"image":{"@id":"https:\/\/qqpets.com\/#\/schema\/logo\/image\/"},"sameAs":["https:\/\/www.facebook.com\/QQpetsdogcollars","https:\/\/www.instagram.com\/qqpetscollar\/","https:\/\/www.pinterest.com\/qqpetsdogcollarsfactory\/"]}]}},"_links":{"self":[{"href":"https:\/\/qqpets.com\/pt\/wp-json\/wp\/v2\/product\/7780","targetHints":{"allow":["GET"]}}],"collection":[{"href":"https:\/\/qqpets.com\/pt\/wp-json\/wp\/v2\/product"}],"about":[{"href":"https:\/\/qqpets.com\/pt\/wp-json\/wp\/v2\/types\/product"}],"wp:featuredmedia":[{"embeddable":true,"href":"https:\/\/qqpets.com\/pt\/wp-json\/wp\/v2\/media\/8230"}],"wp:attachment":[{"href":"https:\/\/qqpets.com\/pt\/wp-json\/wp\/v2\/media?parent=7780"}],"wp:term":[{"taxonomy":"product_brand","embeddable":true,"href":"https:\/\/qqpets.com\/pt\/wp-json\/wp\/v2\/product_brand?post=7780"},{"taxonomy":"product_cat","embeddable":true,"href":"https:\/\/qqpets.com\/pt\/wp-json\/wp\/v2\/product_cat?post=7780"},{"taxonomy":"product_tag","embeddable":true,"href":"https:\/\/qqpets.com\/pt\/wp-json\/wp\/v2\/product_tag?post=7780"}],"curies":[{"name":"wp","href":"https:\/\/api.w.org\/{rel}","templated":true}]}}