{"id":7790,"date":"2024-09-03T17:20:44","date_gmt":"2024-09-03T09:20:44","guid":{"rendered":"https:\/\/qqpets.com\/?post_type=product&#038;p=7790"},"modified":"2024-09-03T17:20:44","modified_gmt":"2024-09-03T09:20:44","slug":"reflective-rope-dog-leash","status":"publish","type":"product","link":"https:\/\/qqpets.com\/pt\/produto\/reflective-rope-dog-leash\/","title":{"rendered":"Coleira refletiva para c\u00e3es com corda"},"content":{"rendered":"<p>Introduza um novo n\u00edvel de estilo e for\u00e7a em suas caminhadas di\u00e1rias com a nossa Rope Dog Leash premium. Essa coleira \u00e9 meticulosamente fabricada com corda tran\u00e7ada de alta qualidade, projetada para suportar os pux\u00f5es mais fortes at\u00e9 mesmo dos c\u00e3es mais entusiasmados. A constru\u00e7\u00e3o robusta garante durabilidade duradoura, tornando-a a escolha perfeita para todas as ra\u00e7as, tamanhos e idades.<\/p>\n<p>A al\u00e7a ergonomicamente projetada \u00e9 acolchoada para maior conforto, reduzindo a fadiga das m\u00e3os e proporcionando uma experi\u00eancia de caminhada agrad\u00e1vel, mesmo durante passeios prolongados. Esse recurso \u00e9 particularmente ben\u00e9fico para os donos de animais de ra\u00e7as maiores ou para aqueles que gostam de aventuras ativas que exigem uma pegada confi\u00e1vel.<\/p>\n<p>Nossa Rope Dog Leash \u00e9 equipada com um fecho resistente que garante uma conex\u00e3o segura com a coleira ou o arreio do seu c\u00e3o, proporcionando a tranquilidade de saber que seu companheiro est\u00e1 amarrado com seguran\u00e7a o tempo todo. O design elegante e tran\u00e7ado n\u00e3o apenas acrescenta um toque de eleg\u00e2ncia, mas tamb\u00e9m garante que a guia seja f\u00e1cil de limpar e manter, resistindo a todas as condi\u00e7\u00f5es clim\u00e1ticas sem desfiar ou desbotar.<\/p>\n<p>Dispon\u00edvel em v\u00e1rias cores, nossa coleira de corda para c\u00e3es permite que voc\u00ea expresse o seu estilo pessoal e o do seu animal de estima\u00e7\u00e3o, garantindo que a seguran\u00e7a e a funcionalidade nunca sejam comprometidas. Esteja voc\u00ea navegando pelas ruas movimentadas da cidade ou explorando trilhas acidentadas, essa coleira \u00e9 a companheira perfeita para todas as suas aventuras ao ar livre, combinando resist\u00eancia inigual\u00e1vel com um visual moderno.<\/p>\n<p>Escolha nossa coleira de corda para c\u00e3es e obtenha uma solu\u00e7\u00e3o confi\u00e1vel, elegante e pr\u00e1tica para as necessidades de passeio do seu animal de estima\u00e7\u00e3o, tornando cada passeio agrad\u00e1vel e seguro.<\/p>\n<h5><strong>As coleiras de corda s\u00e3o melhores para os c\u00e3es?<\/strong><\/h5>\n<p>As coleiras de corda podem ser melhores para c\u00e3es, especialmente aqueles que puxam, devido \u00e0 sua durabilidade e resist\u00eancia. Elas tamb\u00e9m proporcionam uma boa ader\u00eancia para os donos, o que \u00e9 \u00fatil durante o treinamento ou em situa\u00e7\u00f5es em que o controle \u00e9 crucial.<\/p>\n<h5><strong>Qual corda \u00e9 boa para a coleira do cachorro?<\/strong><\/h5>\n<p>A corda de n\u00e1ilon para escalada \u00e9 frequentemente usada para coleiras de c\u00e3es porque \u00e9 forte, dur\u00e1vel e tem uma ader\u00eancia confort\u00e1vel. Tamb\u00e9m \u00e9 resistente a intemp\u00e9ries e pode suportar a for\u00e7a de puxar os c\u00e3es.<\/p>\n<h5><strong>As coleiras de corda para c\u00e3es s\u00e3o seguras?<\/strong><\/h5>\n<p>As coleiras de corda para c\u00e3es podem ser seguras se forem de tamanho adequado e feitas de um material macio e dur\u00e1vel. Entretanto, elas n\u00e3o devem ser usadas como coleira principal para prender etiquetas de identifica\u00e7\u00e3o ou para c\u00e3es que puxam muito, pois a corda pode desgastar o pelo e causar irrita\u00e7\u00e3o com o tempo.<\/p>\n<h5><strong>Qual \u00e9 a palavra para uma corda de cachorro?<\/strong><\/h5>\n<p>O termo comumente usado para uma corda para c\u00e3es \u00e9 \"coleira\" ou, \u00e0s vezes, \"guia\", referindo-se especificamente \u00e0 corda usada para conduzir ou controlar um c\u00e3o durante passeios ou treinamento.<\/p>","protected":false},"excerpt":{"rendered":"<p>Experimente a combina\u00e7\u00e3o perfeita de durabilidade e estilo com nossa coleira de corda para c\u00e3es. Fabricada com corda tran\u00e7ada de alta qualidade, essa coleira oferece resist\u00eancia superior para todos os tamanhos de c\u00e3es. A al\u00e7a confort\u00e1vel garante facilidade de uso durante longas caminhadas, enquanto o fecho resistente proporciona uma fixa\u00e7\u00e3o segura na coleira do seu c\u00e3o. Ideal para o uso di\u00e1rio, ela combina funcionalidade com um design elegante e moderno, garantindo seguran\u00e7a e estilo em suas aventuras.<\/p>","protected":false},"featured_media":7791,"template":"","meta":[],"product_brand":[],"product_cat":[27],"product_tag":[],"class_list":{"0":"post-7790","1":"product","2":"type-product","3":"status-publish","4":"has-post-thumbnail","6":"product_cat-dog-leash","7":"pa_brand-qqpets","9":"first","10":"instock","11":"shipping-taxable","12":"product-type-simple"},"yoast_head":"<!-- This site is optimized with the Yoast SEO plugin v26.6 - https:\/\/yoast.com\/wordpress\/plugins\/seo\/ -->\n<title>Reflective Rope Dog Leash | QQPETS<\/title>\n<meta name=\"description\" content=\"Discover the durability of our Rope Dog Leash. Strong, stylish, and secure. Ideal for daily walks. Shop now!\" \/>\n<meta name=\"robots\" content=\"index, follow, max-snippet:-1, max-image-preview:large, max-video-preview:-1\" \/>\n<link rel=\"canonical\" href=\"https:\/\/qqpets.com\/pt\/produto\/reflective-rope-dog-leash\/\" \/>\n<meta property=\"og:locale\" content=\"pt_BR\" \/>\n<meta property=\"og:type\" content=\"article\" \/>\n<meta property=\"og:title\" content=\"Reflective Rope Dog Leash | QQPETS\" \/>\n<meta property=\"og:description\" content=\"Discover the durability of our Rope Dog Leash. Strong, stylish, and secure. Ideal for daily walks. Shop now!\" \/>\n<meta property=\"og:url\" content=\"https:\/\/qqpets.com\/pt\/produto\/reflective-rope-dog-leash\/\" \/>\n<meta property=\"og:site_name\" content=\"QQPETS\" \/>\n<meta property=\"article:publisher\" content=\"https:\/\/www.facebook.com\/QQpetsdogcollars\" \/>\n<meta property=\"og:image\" content=\"https:\/\/qqpets.com\/wp-content\/uploads\/2024\/09\/rope-dog-leash1.webp\" \/>\n\t<meta property=\"og:image:width\" content=\"892\" \/>\n\t<meta property=\"og:image:height\" content=\"968\" \/>\n\t<meta property=\"og:image:type\" content=\"image\/webp\" \/>\n<meta name=\"twitter:card\" content=\"summary_large_image\" \/>\n<meta name=\"twitter:label1\" content=\"Est. tempo de leitura\" \/>\n\t<meta name=\"twitter:data1\" content=\"3 minutos\" \/>\n<script type=\"application\/ld+json\" class=\"yoast-schema-graph\">{\"@context\":\"https:\/\/schema.org\",\"@graph\":[{\"@type\":\"WebPage\",\"@id\":\"https:\/\/qqpets.com\/product\/reflective-rope-dog-leash\/\",\"url\":\"https:\/\/qqpets.com\/product\/reflective-rope-dog-leash\/\",\"name\":\"Reflective Rope Dog Leash | QQPETS\",\"isPartOf\":{\"@id\":\"https:\/\/qqpets.com\/#website\"},\"primaryImageOfPage\":{\"@id\":\"https:\/\/qqpets.com\/product\/reflective-rope-dog-leash\/#primaryimage\"},\"image\":{\"@id\":\"https:\/\/qqpets.com\/product\/reflective-rope-dog-leash\/#primaryimage\"},\"thumbnailUrl\":\"https:\/\/qqpets.com\/wp-content\/uploads\/2024\/09\/rope-dog-leash1.webp\",\"datePublished\":\"2024-09-03T09:20:44+00:00\",\"description\":\"Discover the durability of our Rope Dog Leash. Strong, stylish, and secure. Ideal for daily walks. Shop now!\",\"breadcrumb\":{\"@id\":\"https:\/\/qqpets.com\/product\/reflective-rope-dog-leash\/#breadcrumb\"},\"inLanguage\":\"pt-BR\",\"potentialAction\":[{\"@type\":\"ReadAction\",\"target\":[\"https:\/\/qqpets.com\/product\/reflective-rope-dog-leash\/\"]}]},{\"@type\":\"ImageObject\",\"inLanguage\":\"pt-BR\",\"@id\":\"https:\/\/qqpets.com\/product\/reflective-rope-dog-leash\/#primaryimage\",\"url\":\"https:\/\/qqpets.com\/wp-content\/uploads\/2024\/09\/rope-dog-leash1.webp\",\"contentUrl\":\"https:\/\/qqpets.com\/wp-content\/uploads\/2024\/09\/rope-dog-leash1.webp\",\"width\":892,\"height\":968},{\"@type\":\"BreadcrumbList\",\"@id\":\"https:\/\/qqpets.com\/product\/reflective-rope-dog-leash\/#breadcrumb\",\"itemListElement\":[{\"@type\":\"ListItem\",\"position\":1,\"name\":\"Home\",\"item\":\"https:\/\/qqpets.com\/\"},{\"@type\":\"ListItem\",\"position\":2,\"name\":\"Products\",\"item\":\"https:\/\/qqpets.com\/pet-products-manufacturer\/\"},{\"@type\":\"ListItem\",\"position\":3,\"name\":\"Reflective Rope Dog Leash\"}]},{\"@type\":\"WebSite\",\"@id\":\"https:\/\/qqpets.com\/#website\",\"url\":\"https:\/\/qqpets.com\/\",\"name\":\"QQPETS\",\"description\":\"QQPETS is a pet products factory for dog harnesses, dog collars, dog leashes and dog accessories with professional customized service since 2005.\",\"publisher\":{\"@id\":\"https:\/\/qqpets.com\/#organization\"},\"potentialAction\":[{\"@type\":\"SearchAction\",\"target\":{\"@type\":\"EntryPoint\",\"urlTemplate\":\"https:\/\/qqpets.com\/?s={search_term_string}\"},\"query-input\":{\"@type\":\"PropertyValueSpecification\",\"valueRequired\":true,\"valueName\":\"search_term_string\"}}],\"inLanguage\":\"pt-BR\"},{\"@type\":\"Organization\",\"@id\":\"https:\/\/qqpets.com\/#organization\",\"name\":\"QQPETS\",\"url\":\"https:\/\/qqpets.com\/\",\"logo\":{\"@type\":\"ImageObject\",\"inLanguage\":\"pt-BR\",\"@id\":\"https:\/\/qqpets.com\/#\/schema\/logo\/image\/\",\"url\":\"https:\/\/qqpets.com\/wp-content\/uploads\/2023\/09\/cropped-cropped-qqpets-tiktok.jpg\",\"contentUrl\":\"https:\/\/qqpets.com\/wp-content\/uploads\/2023\/09\/cropped-cropped-qqpets-tiktok.jpg\",\"width\":511,\"height\":511,\"caption\":\"QQPETS\"},\"image\":{\"@id\":\"https:\/\/qqpets.com\/#\/schema\/logo\/image\/\"},\"sameAs\":[\"https:\/\/www.facebook.com\/QQpetsdogcollars\",\"https:\/\/www.instagram.com\/qqpetscollar\/\",\"https:\/\/www.pinterest.com\/qqpetsdogcollarsfactory\/\"]}]}<\/script>\n<!-- \/ Yoast SEO plugin. -->","yoast_head_json":{"title":"Coleira Refletiva para C\u00e3es com Corda | QQPETS","description":"Descubra a durabilidade de nossa coleira de corda para c\u00e3es. Forte, elegante e segura. Ideal para caminhadas di\u00e1rias. Compre agora!","robots":{"index":"index","follow":"follow","max-snippet":"max-snippet:-1","max-image-preview":"max-image-preview:large","max-video-preview":"max-video-preview:-1"},"canonical":"https:\/\/qqpets.com\/pt\/produto\/reflective-rope-dog-leash\/","og_locale":"pt_BR","og_type":"article","og_title":"Reflective Rope Dog Leash | QQPETS","og_description":"Discover the durability of our Rope Dog Leash. Strong, stylish, and secure. Ideal for daily walks. Shop now!","og_url":"https:\/\/qqpets.com\/pt\/produto\/reflective-rope-dog-leash\/","og_site_name":"QQPETS","article_publisher":"https:\/\/www.facebook.com\/QQpetsdogcollars","og_image":[{"width":892,"height":968,"url":"https:\/\/qqpets.com\/wp-content\/uploads\/2024\/09\/rope-dog-leash1.webp","type":"image\/webp"}],"twitter_card":"summary_large_image","twitter_misc":{"Est. tempo de leitura":"3 minutos"},"schema":{"@context":"https:\/\/schema.org","@graph":[{"@type":"WebPage","@id":"https:\/\/qqpets.com\/product\/reflective-rope-dog-leash\/","url":"https:\/\/qqpets.com\/product\/reflective-rope-dog-leash\/","name":"Coleira Refletiva para C\u00e3es com Corda | QQPETS","isPartOf":{"@id":"https:\/\/qqpets.com\/#website"},"primaryImageOfPage":{"@id":"https:\/\/qqpets.com\/product\/reflective-rope-dog-leash\/#primaryimage"},"image":{"@id":"https:\/\/qqpets.com\/product\/reflective-rope-dog-leash\/#primaryimage"},"thumbnailUrl":"https:\/\/qqpets.com\/wp-content\/uploads\/2024\/09\/rope-dog-leash1.webp","datePublished":"2024-09-03T09:20:44+00:00","description":"Descubra a durabilidade de nossa coleira de corda para c\u00e3es. Forte, elegante e segura. Ideal para caminhadas di\u00e1rias. Compre agora!","breadcrumb":{"@id":"https:\/\/qqpets.com\/product\/reflective-rope-dog-leash\/#breadcrumb"},"inLanguage":"pt-BR","potentialAction":[{"@type":"ReadAction","target":["https:\/\/qqpets.com\/product\/reflective-rope-dog-leash\/"]}]},{"@type":"ImageObject","inLanguage":"pt-BR","@id":"https:\/\/qqpets.com\/product\/reflective-rope-dog-leash\/#primaryimage","url":"https:\/\/qqpets.com\/wp-content\/uploads\/2024\/09\/rope-dog-leash1.webp","contentUrl":"https:\/\/qqpets.com\/wp-content\/uploads\/2024\/09\/rope-dog-leash1.webp","width":892,"height":968},{"@type":"BreadcrumbList","@id":"https:\/\/qqpets.com\/product\/reflective-rope-dog-leash\/#breadcrumb","itemListElement":[{"@type":"ListItem","position":1,"name":"Home","item":"https:\/\/qqpets.com\/"},{"@type":"ListItem","position":2,"name":"Products","item":"https:\/\/qqpets.com\/pet-products-manufacturer\/"},{"@type":"ListItem","position":3,"name":"Reflective Rope Dog Leash"}]},{"@type":"WebSite","@id":"https:\/\/qqpets.com\/#website","url":"https:\/\/qqpets.com\/","name":"QQPETS","description":"A QQPETS \u00e9 uma f\u00e1brica de produtos para animais de estima\u00e7\u00e3o que fabrica arreios, coleiras, coleiras para c\u00e3es e acess\u00f3rios para c\u00e3es com servi\u00e7o personalizado profissional desde 2005.","publisher":{"@id":"https:\/\/qqpets.com\/#organization"},"potentialAction":[{"@type":"SearchAction","target":{"@type":"EntryPoint","urlTemplate":"https:\/\/qqpets.com\/?s={search_term_string}"},"query-input":{"@type":"PropertyValueSpecification","valueRequired":true,"valueName":"search_term_string"}}],"inLanguage":"pt-BR"},{"@type":"Organization","@id":"https:\/\/qqpets.com\/#organization","name":"QQPETS","url":"https:\/\/qqpets.com\/","logo":{"@type":"ImageObject","inLanguage":"pt-BR","@id":"https:\/\/qqpets.com\/#\/schema\/logo\/image\/","url":"https:\/\/qqpets.com\/wp-content\/uploads\/2023\/09\/cropped-cropped-qqpets-tiktok.jpg","contentUrl":"https:\/\/qqpets.com\/wp-content\/uploads\/2023\/09\/cropped-cropped-qqpets-tiktok.jpg","width":511,"height":511,"caption":"QQPETS"},"image":{"@id":"https:\/\/qqpets.com\/#\/schema\/logo\/image\/"},"sameAs":["https:\/\/www.facebook.com\/QQpetsdogcollars","https:\/\/www.instagram.com\/qqpetscollar\/","https:\/\/www.pinterest.com\/qqpetsdogcollarsfactory\/"]}]}},"_links":{"self":[{"href":"https:\/\/qqpets.com\/pt\/wp-json\/wp\/v2\/product\/7790","targetHints":{"allow":["GET"]}}],"collection":[{"href":"https:\/\/qqpets.com\/pt\/wp-json\/wp\/v2\/product"}],"about":[{"href":"https:\/\/qqpets.com\/pt\/wp-json\/wp\/v2\/types\/product"}],"wp:featuredmedia":[{"embeddable":true,"href":"https:\/\/qqpets.com\/pt\/wp-json\/wp\/v2\/media\/7791"}],"wp:attachment":[{"href":"https:\/\/qqpets.com\/pt\/wp-json\/wp\/v2\/media?parent=7790"}],"wp:term":[{"taxonomy":"product_brand","embeddable":true,"href":"https:\/\/qqpets.com\/pt\/wp-json\/wp\/v2\/product_brand?post=7790"},{"taxonomy":"product_cat","embeddable":true,"href":"https:\/\/qqpets.com\/pt\/wp-json\/wp\/v2\/product_cat?post=7790"},{"taxonomy":"product_tag","embeddable":true,"href":"https:\/\/qqpets.com\/pt\/wp-json\/wp\/v2\/product_tag?post=7790"}],"curies":[{"name":"wp","href":"https:\/\/api.w.org\/{rel}","templated":true}]}}