{"id":7895,"date":"2024-09-07T15:13:22","date_gmt":"2024-09-07T07:13:22","guid":{"rendered":"https:\/\/qqpets.com\/?post_type=product&#038;p=7895"},"modified":"2024-11-14T16:43:27","modified_gmt":"2024-11-14T08:43:27","slug":"led-no-pull-leash","status":"publish","type":"product","link":"https:\/\/qqpets.com\/pt\/produto\/led-no-pull-leash\/","title":{"rendered":"Fivela de assento de carro com m\u00e3os livres iluminada e coleira de cachorro com el\u00e1stico"},"content":{"rendered":"<p>Apresentamos a inovadora coleira para c\u00e3es com fivela para assento de carro e m\u00e3os livres, a solu\u00e7\u00e3o perfeita para os donos de animais que est\u00e3o sempre em movimento. Essa coleira multifuncional foi projetada para manter seu animal de estima\u00e7\u00e3o seguro e protegido, tanto em passeios quanto no carro.<\/p>\n<p><strong>Principais recursos:<\/strong><\/p>\n<ul>\n<li><strong>Ilumina\u00e7\u00e3o LED:<\/strong> Equipada com luzes LED brilhantes, essa coleira aumenta a visibilidade do seu c\u00e3o durante passeios noturnos ou matinais, garantindo a seguran\u00e7a em condi\u00e7\u00f5es de pouca luz.<\/li>\n<li><strong>Design de bungee:<\/strong> O cord\u00e3o el\u00e1stico integrado ajuda a absorver o choque durante movimentos bruscos, tornando as caminhadas mais confort\u00e1veis para voc\u00ea e seu animal de estima\u00e7\u00e3o ao reduzir a tens\u00e3o do pux\u00e3o.<\/li>\n<li><strong>Fivela do assento do carro com viva-voz:<\/strong> Prenda facilmente a guia ao sistema de fivela do assento do seu carro para passeios seguros. Esse recurso garante que seu animal de estima\u00e7\u00e3o permane\u00e7a preso com seguran\u00e7a enquanto dirige, reduzindo as distra\u00e7\u00f5es e aumentando a seguran\u00e7a.<\/li>\n<li><strong>Materiais dur\u00e1veis:<\/strong> Fabricada com materiais de alta qualidade, essa guia foi criada para suportar os rigores das caminhadas di\u00e1rias e das viagens.<\/li>\n<\/ul>\n<p>Seja para uma viagem de carro ou apenas para uma corrida, a nossa guia para c\u00e3es com fivela de bungee para assento de carro Light Up Hands Free permite que voc\u00ea mantenha o controle e a seguran\u00e7a sem comprometer o conforto do seu animal de estima\u00e7\u00e3o. O comprimento da coleira \u00e9 perfeito para dar ao seu c\u00e3o liberdade suficiente para explorar sem perder o controle.<\/p>\n<p>Ideal para aventureiros noturnos e entusiastas de viagens, essa coleira combina seguran\u00e7a, conforto e conveni\u00eancia, garantindo que cada viagem com seu animal de estima\u00e7\u00e3o seja agrad\u00e1vel e sem estresse. Fa\u00e7a o upgrade para nossa guia avan\u00e7ada e transforme a maneira como voc\u00ea viaja e passeia com seu animal de estima\u00e7\u00e3o.<\/p>\n<h5 data-immersive-translate-walked=\"e4de329b-2f8f-4525-aa5e-eeca8caeb592\" data-immersive-translate-paragraph=\"1\"><strong data-immersive-translate-walked=\"e4de329b-2f8f-4525-aa5e-eeca8caeb592\">As coleiras de el\u00e1stico s\u00e3o boas para c\u00e3es?<\/strong><\/h5>\n<p data-immersive-translate-walked=\"e4de329b-2f8f-4525-aa5e-eeca8caeb592\" data-immersive-translate-paragraph=\"1\">As coleiras el\u00e1sticas podem ser boas para c\u00e3es, pois ajudam a absorver choques de movimentos bruscos, proporcionando um passeio mais confort\u00e1vel para o c\u00e3o e para o condutor. No entanto, elas podem n\u00e3o ser ideais para c\u00e3es que puxam muito forte, pois a elasticidade pode incentivar o pux\u00e3o.<\/p>\n<h5 data-immersive-translate-walked=\"e4de329b-2f8f-4525-aa5e-eeca8caeb592\" data-immersive-translate-paragraph=\"1\"><strong data-immersive-translate-walked=\"e4de329b-2f8f-4525-aa5e-eeca8caeb592\">As coleiras sem as m\u00e3os s\u00e3o boas para c\u00e3es que puxam?<\/strong><\/h5>\n<p data-immersive-translate-walked=\"e4de329b-2f8f-4525-aa5e-eeca8caeb592\" data-immersive-translate-paragraph=\"1\">As coleiras sem m\u00e3os geralmente n\u00e3o s\u00e3o recomendadas para c\u00e3es que puxam, pois proporcionam menos controle imediato sobre o c\u00e3o, o que pode dificultar o manejo de um c\u00e3o que tende a puxar com for\u00e7a.<\/p>\n<h5 data-immersive-translate-walked=\"e4de329b-2f8f-4525-aa5e-eeca8caeb592\" data-immersive-translate-paragraph=\"1\"><strong data-immersive-translate-walked=\"e4de329b-2f8f-4525-aa5e-eeca8caeb592\">O que \u00e9 uma coleira hands-free?<\/strong><\/h5>\n<p data-immersive-translate-walked=\"e4de329b-2f8f-4525-aa5e-eeca8caeb592\" data-immersive-translate-paragraph=\"1\">A coleira hands-free \u00e9 um tipo de coleira para c\u00e3es que normalmente se prende \u00e0 cintura do condutor ou ao longo do corpo, permitindo caminhar ou correr com as m\u00e3os livres. Ela foi projetada para manter o c\u00e3o por perto e deixar as m\u00e3os do condutor livres.<\/p>\n<h5><strong>As guias para c\u00e3es sem as m\u00e3os s\u00e3o seguras?<\/strong><\/h5>\n<p>As guias para c\u00e3es com as m\u00e3os livres podem ser seguras se usadas adequadamente e nas circunst\u00e2ncias certas. Elas s\u00e3o \u00f3timas para atividades como corridas ou caminhadas em que voc\u00ea precisa ter as m\u00e3os livres, mas podem n\u00e3o oferecer tanto controle quanto uma coleira tradicional, principalmente para c\u00e3es propensos a puxar ou dar investidas repentinas. A seguran\u00e7a tamb\u00e9m depende de um mecanismo de fixa\u00e7\u00e3o seguro na cintura e de um recurso confi\u00e1vel de libera\u00e7\u00e3o r\u00e1pida.<\/p>\n<h5><strong>Que tipo de coleira impede que os c\u00e3es puxem?<\/strong><\/h5>\n<p>A guia em si n\u00e3o pode impedir completamente o c\u00e3o de puxar, mas certos tipos de guias e arreios podem ajudar a controlar e reduzir o pux\u00e3o. O mais eficaz \u00e9 geralmente um arreio sem pux\u00e3o que tem um ponto de fixa\u00e7\u00e3o frontal para a guia. Quando o c\u00e3o puxa, o arreio o redireciona para o condutor, tornando o pux\u00e3o menos recompensador e mais f\u00e1cil de controlar. Esse tipo de configura\u00e7\u00e3o pode desencorajar significativamente o comportamento de puxar quando combinado com um treinamento consistente.<\/p>\n<h5><strong>As coleiras de el\u00e1stico s\u00e3o boas para c\u00e3es?<\/strong><\/h5>\n<p>As coleiras el\u00e1sticas podem ser ben\u00e9ficas tanto para os c\u00e3es quanto para seus donos, pois ajudam a absorver o choque de movimentos ou pux\u00f5es repentinos, reduzindo a tens\u00e3o no corpo do c\u00e3o e do condutor. Elas s\u00e3o particularmente \u00fateis durante atividades como corrida, em que os movimentos imprevis\u00edveis do c\u00e3o podem fazer a guia se soltar.<\/p>\n<h5><strong>Os cabos de bungee param de puxar?<\/strong><\/h5>\n<p>As guias de el\u00e1stico n\u00e3o impedem inerentemente que os c\u00e3es puxem. Embora possam tornar o pux\u00e3o menos chocante por absorverem parte da for\u00e7a, \u00e0s vezes podem incentivar o pux\u00e3o em alguns c\u00e3es por oferecerem uma resist\u00eancia que parece gratificante.<\/p>\n<h5><strong>Qual \u00e9 a melhor coleira para treinar um c\u00e3o a n\u00e3o puxar?<\/strong><\/h5>\n<p>O melhor tipo de guia para treinar um c\u00e3o a n\u00e3o puxar \u00e9, normalmente, uma guia padr\u00e3o n\u00e3o el\u00e1stica usada em conjunto com um arreio antipux\u00e3o que tenha um ponto de fixa\u00e7\u00e3o frontal. Essa configura\u00e7\u00e3o ajuda a redirecionar o c\u00e3o para voc\u00ea quando ele tenta puxar, facilitando o controle e a corre\u00e7\u00e3o do comportamento.<\/p>\n<p>&nbsp;<\/p>","protected":false},"excerpt":{"rendered":"<p>Experimente a m\u00e1xima conveni\u00eancia com a nossa coleira para c\u00e3es com fivela para assento de carro sem as m\u00e3os e iluminada. Projetada para seguran\u00e7a e versatilidade, essa coleira apresenta uma luz de LED brilhante para visibilidade noturna, um cord\u00e3o el\u00e1stico para absor\u00e7\u00e3o de impactos e uma fivela de assento de carro que dispensa o uso das m\u00e3os para uma viagem segura. Perfeita para donos de animais ativos, ela proporciona liberdade de movimento e garante a seguran\u00e7a do seu animal de estima\u00e7\u00e3o durante caminhadas e passeios.<\/p>","protected":false},"featured_media":7900,"template":"","meta":[],"product_brand":[],"product_cat":[27,21],"product_tag":[],"class_list":{"0":"post-7895","1":"product","2":"type-product","3":"status-publish","4":"has-post-thumbnail","6":"product_cat-dog-leash","7":"product_cat-led-product","8":"pa_brand-qqpets","10":"first","11":"instock","12":"shipping-taxable","13":"product-type-simple"},"yoast_head":"<!-- This site is optimized with the Yoast SEO plugin v26.6 - https:\/\/yoast.com\/wordpress\/plugins\/seo\/ -->\n<title>Light Up Hands Free Car Seat Buckle Bungee Dog Leash | QQPETS<\/title>\n<meta name=\"description\" content=\"Enhance safety with our Light Up Hands Free Dog Leash. Buckle up for car rides and enjoy bungee flexibility!\" \/>\n<meta name=\"robots\" content=\"index, follow, max-snippet:-1, max-image-preview:large, max-video-preview:-1\" \/>\n<link rel=\"canonical\" href=\"https:\/\/qqpets.com\/pt\/produto\/led-no-pull-leash\/\" \/>\n<meta property=\"og:locale\" content=\"pt_BR\" \/>\n<meta property=\"og:type\" content=\"article\" \/>\n<meta property=\"og:title\" content=\"Light Up Hands Free Car Seat Buckle Bungee Dog Leash | QQPETS\" \/>\n<meta property=\"og:description\" content=\"Enhance safety with our Light Up Hands Free Dog Leash. Buckle up for car rides and enjoy bungee flexibility!\" \/>\n<meta property=\"og:url\" content=\"https:\/\/qqpets.com\/pt\/produto\/led-no-pull-leash\/\" \/>\n<meta property=\"og:site_name\" content=\"QQPETS\" \/>\n<meta property=\"article:publisher\" content=\"https:\/\/www.facebook.com\/QQpetsdogcollars\" \/>\n<meta property=\"article:modified_time\" content=\"2024-11-14T08:43:27+00:00\" \/>\n<meta property=\"og:image\" content=\"https:\/\/qqpets.com\/wp-content\/uploads\/2024\/09\/3.webp\" \/>\n\t<meta property=\"og:image:width\" content=\"800\" \/>\n\t<meta property=\"og:image:height\" content=\"800\" \/>\n\t<meta property=\"og:image:type\" content=\"image\/webp\" \/>\n<meta name=\"twitter:card\" content=\"summary_large_image\" \/>\n<meta name=\"twitter:label1\" content=\"Est. tempo de leitura\" \/>\n\t<meta name=\"twitter:data1\" content=\"4 minutos\" \/>\n<script type=\"application\/ld+json\" class=\"yoast-schema-graph\">{\"@context\":\"https:\/\/schema.org\",\"@graph\":[{\"@type\":\"WebPage\",\"@id\":\"https:\/\/qqpets.com\/product\/led-no-pull-leash\/\",\"url\":\"https:\/\/qqpets.com\/product\/led-no-pull-leash\/\",\"name\":\"Light Up Hands Free Car Seat Buckle Bungee Dog Leash | QQPETS\",\"isPartOf\":{\"@id\":\"https:\/\/qqpets.com\/#website\"},\"primaryImageOfPage\":{\"@id\":\"https:\/\/qqpets.com\/product\/led-no-pull-leash\/#primaryimage\"},\"image\":{\"@id\":\"https:\/\/qqpets.com\/product\/led-no-pull-leash\/#primaryimage\"},\"thumbnailUrl\":\"https:\/\/qqpets.com\/wp-content\/uploads\/2024\/09\/3.webp\",\"datePublished\":\"2024-09-07T07:13:22+00:00\",\"dateModified\":\"2024-11-14T08:43:27+00:00\",\"description\":\"Enhance safety with our Light Up Hands Free Dog Leash. Buckle up for car rides and enjoy bungee flexibility!\",\"breadcrumb\":{\"@id\":\"https:\/\/qqpets.com\/product\/led-no-pull-leash\/#breadcrumb\"},\"inLanguage\":\"pt-BR\",\"potentialAction\":[{\"@type\":\"ReadAction\",\"target\":[\"https:\/\/qqpets.com\/product\/led-no-pull-leash\/\"]}]},{\"@type\":\"ImageObject\",\"inLanguage\":\"pt-BR\",\"@id\":\"https:\/\/qqpets.com\/product\/led-no-pull-leash\/#primaryimage\",\"url\":\"https:\/\/qqpets.com\/wp-content\/uploads\/2024\/09\/3.webp\",\"contentUrl\":\"https:\/\/qqpets.com\/wp-content\/uploads\/2024\/09\/3.webp\",\"width\":800,\"height\":800},{\"@type\":\"BreadcrumbList\",\"@id\":\"https:\/\/qqpets.com\/product\/led-no-pull-leash\/#breadcrumb\",\"itemListElement\":[{\"@type\":\"ListItem\",\"position\":1,\"name\":\"Home\",\"item\":\"https:\/\/qqpets.com\/\"},{\"@type\":\"ListItem\",\"position\":2,\"name\":\"Products\",\"item\":\"https:\/\/qqpets.com\/pet-products-manufacturer\/\"},{\"@type\":\"ListItem\",\"position\":3,\"name\":\"Light Up Hands Free Car Seat Buckle Bungee Dog Leash\"}]},{\"@type\":\"WebSite\",\"@id\":\"https:\/\/qqpets.com\/#website\",\"url\":\"https:\/\/qqpets.com\/\",\"name\":\"QQPETS\",\"description\":\"QQPETS is a pet products factory for dog harnesses, dog collars, dog leashes and dog accessories with professional customized service since 2005.\",\"publisher\":{\"@id\":\"https:\/\/qqpets.com\/#organization\"},\"potentialAction\":[{\"@type\":\"SearchAction\",\"target\":{\"@type\":\"EntryPoint\",\"urlTemplate\":\"https:\/\/qqpets.com\/?s={search_term_string}\"},\"query-input\":{\"@type\":\"PropertyValueSpecification\",\"valueRequired\":true,\"valueName\":\"search_term_string\"}}],\"inLanguage\":\"pt-BR\"},{\"@type\":\"Organization\",\"@id\":\"https:\/\/qqpets.com\/#organization\",\"name\":\"QQPETS\",\"url\":\"https:\/\/qqpets.com\/\",\"logo\":{\"@type\":\"ImageObject\",\"inLanguage\":\"pt-BR\",\"@id\":\"https:\/\/qqpets.com\/#\/schema\/logo\/image\/\",\"url\":\"https:\/\/qqpets.com\/wp-content\/uploads\/2023\/09\/cropped-cropped-qqpets-tiktok.jpg\",\"contentUrl\":\"https:\/\/qqpets.com\/wp-content\/uploads\/2023\/09\/cropped-cropped-qqpets-tiktok.jpg\",\"width\":511,\"height\":511,\"caption\":\"QQPETS\"},\"image\":{\"@id\":\"https:\/\/qqpets.com\/#\/schema\/logo\/image\/\"},\"sameAs\":[\"https:\/\/www.facebook.com\/QQpetsdogcollars\",\"https:\/\/www.instagram.com\/qqpetscollar\/\",\"https:\/\/www.pinterest.com\/qqpetsdogcollarsfactory\/\"]}]}<\/script>\n<!-- \/ Yoast SEO plugin. -->","yoast_head_json":{"title":"Fivela de assento de carro com m\u00e3os livres iluminada e coleira de cachorro com el\u00e1stico QQPETS","description":"Aumente a seguran\u00e7a com a nossa coleira para c\u00e3es com as m\u00e3os livres iluminada. Coloque o cinto de seguran\u00e7a nos passeios de carro e aproveite a flexibilidade do el\u00e1stico!","robots":{"index":"index","follow":"follow","max-snippet":"max-snippet:-1","max-image-preview":"max-image-preview:large","max-video-preview":"max-video-preview:-1"},"canonical":"https:\/\/qqpets.com\/pt\/produto\/led-no-pull-leash\/","og_locale":"pt_BR","og_type":"article","og_title":"Light Up Hands Free Car Seat Buckle Bungee Dog Leash | QQPETS","og_description":"Enhance safety with our Light Up Hands Free Dog Leash. Buckle up for car rides and enjoy bungee flexibility!","og_url":"https:\/\/qqpets.com\/pt\/produto\/led-no-pull-leash\/","og_site_name":"QQPETS","article_publisher":"https:\/\/www.facebook.com\/QQpetsdogcollars","article_modified_time":"2024-11-14T08:43:27+00:00","og_image":[{"width":800,"height":800,"url":"https:\/\/qqpets.com\/wp-content\/uploads\/2024\/09\/3.webp","type":"image\/webp"}],"twitter_card":"summary_large_image","twitter_misc":{"Est. tempo de leitura":"4 minutos"},"schema":{"@context":"https:\/\/schema.org","@graph":[{"@type":"WebPage","@id":"https:\/\/qqpets.com\/product\/led-no-pull-leash\/","url":"https:\/\/qqpets.com\/product\/led-no-pull-leash\/","name":"Fivela de assento de carro com m\u00e3os livres iluminada e coleira de cachorro com el\u00e1stico QQPETS","isPartOf":{"@id":"https:\/\/qqpets.com\/#website"},"primaryImageOfPage":{"@id":"https:\/\/qqpets.com\/product\/led-no-pull-leash\/#primaryimage"},"image":{"@id":"https:\/\/qqpets.com\/product\/led-no-pull-leash\/#primaryimage"},"thumbnailUrl":"https:\/\/qqpets.com\/wp-content\/uploads\/2024\/09\/3.webp","datePublished":"2024-09-07T07:13:22+00:00","dateModified":"2024-11-14T08:43:27+00:00","description":"Aumente a seguran\u00e7a com a nossa coleira para c\u00e3es com as m\u00e3os livres iluminada. Coloque o cinto de seguran\u00e7a nos passeios de carro e aproveite a flexibilidade do el\u00e1stico!","breadcrumb":{"@id":"https:\/\/qqpets.com\/product\/led-no-pull-leash\/#breadcrumb"},"inLanguage":"pt-BR","potentialAction":[{"@type":"ReadAction","target":["https:\/\/qqpets.com\/product\/led-no-pull-leash\/"]}]},{"@type":"ImageObject","inLanguage":"pt-BR","@id":"https:\/\/qqpets.com\/product\/led-no-pull-leash\/#primaryimage","url":"https:\/\/qqpets.com\/wp-content\/uploads\/2024\/09\/3.webp","contentUrl":"https:\/\/qqpets.com\/wp-content\/uploads\/2024\/09\/3.webp","width":800,"height":800},{"@type":"BreadcrumbList","@id":"https:\/\/qqpets.com\/product\/led-no-pull-leash\/#breadcrumb","itemListElement":[{"@type":"ListItem","position":1,"name":"Home","item":"https:\/\/qqpets.com\/"},{"@type":"ListItem","position":2,"name":"Products","item":"https:\/\/qqpets.com\/pet-products-manufacturer\/"},{"@type":"ListItem","position":3,"name":"Light Up Hands Free Car Seat Buckle Bungee Dog Leash"}]},{"@type":"WebSite","@id":"https:\/\/qqpets.com\/#website","url":"https:\/\/qqpets.com\/","name":"QQPETS","description":"A QQPETS \u00e9 uma f\u00e1brica de produtos para animais de estima\u00e7\u00e3o que fabrica arreios, coleiras, coleiras para c\u00e3es e acess\u00f3rios para c\u00e3es com servi\u00e7o personalizado profissional desde 2005.","publisher":{"@id":"https:\/\/qqpets.com\/#organization"},"potentialAction":[{"@type":"SearchAction","target":{"@type":"EntryPoint","urlTemplate":"https:\/\/qqpets.com\/?s={search_term_string}"},"query-input":{"@type":"PropertyValueSpecification","valueRequired":true,"valueName":"search_term_string"}}],"inLanguage":"pt-BR"},{"@type":"Organization","@id":"https:\/\/qqpets.com\/#organization","name":"QQPETS","url":"https:\/\/qqpets.com\/","logo":{"@type":"ImageObject","inLanguage":"pt-BR","@id":"https:\/\/qqpets.com\/#\/schema\/logo\/image\/","url":"https:\/\/qqpets.com\/wp-content\/uploads\/2023\/09\/cropped-cropped-qqpets-tiktok.jpg","contentUrl":"https:\/\/qqpets.com\/wp-content\/uploads\/2023\/09\/cropped-cropped-qqpets-tiktok.jpg","width":511,"height":511,"caption":"QQPETS"},"image":{"@id":"https:\/\/qqpets.com\/#\/schema\/logo\/image\/"},"sameAs":["https:\/\/www.facebook.com\/QQpetsdogcollars","https:\/\/www.instagram.com\/qqpetscollar\/","https:\/\/www.pinterest.com\/qqpetsdogcollarsfactory\/"]}]}},"_links":{"self":[{"href":"https:\/\/qqpets.com\/pt\/wp-json\/wp\/v2\/product\/7895","targetHints":{"allow":["GET"]}}],"collection":[{"href":"https:\/\/qqpets.com\/pt\/wp-json\/wp\/v2\/product"}],"about":[{"href":"https:\/\/qqpets.com\/pt\/wp-json\/wp\/v2\/types\/product"}],"wp:featuredmedia":[{"embeddable":true,"href":"https:\/\/qqpets.com\/pt\/wp-json\/wp\/v2\/media\/7900"}],"wp:attachment":[{"href":"https:\/\/qqpets.com\/pt\/wp-json\/wp\/v2\/media?parent=7895"}],"wp:term":[{"taxonomy":"product_brand","embeddable":true,"href":"https:\/\/qqpets.com\/pt\/wp-json\/wp\/v2\/product_brand?post=7895"},{"taxonomy":"product_cat","embeddable":true,"href":"https:\/\/qqpets.com\/pt\/wp-json\/wp\/v2\/product_cat?post=7895"},{"taxonomy":"product_tag","embeddable":true,"href":"https:\/\/qqpets.com\/pt\/wp-json\/wp\/v2\/product_tag?post=7895"}],"curies":[{"name":"wp","href":"https:\/\/api.w.org\/{rel}","templated":true}]}}