{"id":7910,"date":"2024-09-07T15:54:26","date_gmt":"2024-09-07T07:54:26","guid":{"rendered":"https:\/\/qqpets.com\/?post_type=product&#038;p=7910"},"modified":"2024-11-13T11:58:39","modified_gmt":"2024-11-13T03:58:39","slug":"smart-qr-code-pet-collar-id-tag","status":"publish","type":"product","link":"https:\/\/qqpets.com\/pt\/produto\/smart-qr-code-pet-collar-id-tag\/","title":{"rendered":"Etiqueta de identifica\u00e7\u00e3o de coleira inteligente com c\u00f3digo QR para animais de estima\u00e7\u00e3o"},"content":{"rendered":"<p>Apresentamos nossa revolucion\u00e1ria etiqueta de identifica\u00e7\u00e3o de coleira personalizada com c\u00f3digo QR inteligente para animais de estima\u00e7\u00e3o, projetada para oferecer uma solu\u00e7\u00e3o moderna para a seguran\u00e7a e a identifica\u00e7\u00e3o de animais de estima\u00e7\u00e3o. Com essa etiqueta, seu animal de estima\u00e7\u00e3o leva informa\u00e7\u00f5es cruciais para onde quer que v\u00e1, facilmente acess\u00edveis com apenas um r\u00e1pido escaneamento.<\/p>\n<p><strong>Principais recursos:<\/strong><\/p>\n<ul>\n<li><strong>Tecnologia de c\u00f3digo QR inteligente:<\/strong> Cada etiqueta vem com um c\u00f3digo QR exclusivo que, quando escaneado, leva a um perfil personaliz\u00e1vel. Esse perfil pode incluir seus detalhes de contato, registros m\u00e9dicos do animal, necessidades alimentares e muito mais, garantindo que quem encontrar seu animal de estima\u00e7\u00e3o possa acessar todas as informa\u00e7\u00f5es necess\u00e1rias para ajud\u00e1-lo.<\/li>\n<li><strong>Op\u00e7\u00f5es de personaliza\u00e7\u00e3o:<\/strong> Personalize a etiqueta com o nome do seu animal de estima\u00e7\u00e3o, seu n\u00famero de telefone e escolha entre uma variedade de designs para combinar com a personalidade do seu animal de estima\u00e7\u00e3o.<\/li>\n<li><strong>Alta durabilidade:<\/strong> Feita com materiais resistentes, a etiqueta foi projetada para suportar todas as condi\u00e7\u00f5es clim\u00e1ticas e brincadeiras ativas, garantindo que ela permane\u00e7a leg\u00edvel e intacta.<\/li>\n<li><strong>F\u00e1cil de atualizar:<\/strong> Voc\u00ea pode atualizar o perfil on-line vinculado ao c\u00f3digo QR a qualquer momento e em qualquer lugar, facilitando a atualiza\u00e7\u00e3o das informa\u00e7\u00f5es do seu animal de estima\u00e7\u00e3o sem a necessidade de substituir a etiqueta.<\/li>\n<\/ul>\n<p>Essa etiqueta de identifica\u00e7\u00e3o \u00e9 ideal para qualquer propriet\u00e1rio de animal de estima\u00e7\u00e3o que queira combinar seguran\u00e7a e conveni\u00eancia. N\u00e3o importa se o seu animal de estima\u00e7\u00e3o \u00e9 um artista de fuga ou se voc\u00ea simplesmente quer mais tranquilidade quando est\u00e1 fora de casa, essa etiqueta oferece uma maneira confi\u00e1vel de manter seu amado companheiro seguro.<\/p>\n<p>Ao escolher nossa etiqueta de identifica\u00e7\u00e3o de coleira personalizada com c\u00f3digo QR inteligente para animais de estima\u00e7\u00e3o, voc\u00ea n\u00e3o est\u00e1 recebendo apenas uma etiqueta; est\u00e1 recebendo a garantia de que seu animal de estima\u00e7\u00e3o pode ser facilmente identificado e devolvido em seguran\u00e7a para casa caso se perca. \u00c9 um pequeno investimento que pode fazer uma grande diferen\u00e7a na seguran\u00e7a de seu animal de estima\u00e7\u00e3o.<\/p>\n<h5><strong>As etiquetas de c\u00f3digo QR para c\u00e3es s\u00e3o legais?<\/strong><\/h5>\n<p>Sim, as plaquetas de c\u00f3digo QR para c\u00e3es s\u00e3o legais. Elas s\u00e3o uma alternativa inovadora \u00e0s tradicionais etiquetas gravadas e podem armazenar informa\u00e7\u00f5es mais detalhadas sobre um animal de estima\u00e7\u00e3o, o que pode ser \u00fatil se o c\u00e3o se perder.<\/p>\n<h5><strong>As plaquetas QR funcionam?<\/strong><\/h5>\n<p>Sim, as etiquetas QR para c\u00e3es funcionam de forma eficaz. Quando algu\u00e9m encontra um c\u00e3o com uma etiqueta de c\u00f3digo QR, pode escanear o c\u00f3digo usando um smartphone, que normalmente o direcionar\u00e1 para uma p\u00e1gina da Web com as informa\u00e7\u00f5es do c\u00e3o, incluindo detalhes de contato do propriet\u00e1rio.<\/p>\n<h5>Quais informa\u00e7\u00f5es s\u00e3o legalmente exigidas em uma plaqueta de identifica\u00e7\u00e3o de c\u00e3es?<\/h5>\n<p>As informa\u00e7\u00f5es legalmente exigidas em uma plaqueta para c\u00e3es podem variar dependendo das regulamenta\u00e7\u00f5es locais de onde voc\u00ea mora. No entanto, em muitos lugares, os seguintes detalhes s\u00e3o comumente exigidos:<\/p>\n<ol>\n<li><strong>Nome do propriet\u00e1rio<\/strong>: O nome completo do propriet\u00e1rio do c\u00e3o para garantir a identifica\u00e7\u00e3o adequada e a responsabilidade.<\/li>\n<li><strong>Informa\u00e7\u00f5es de contato<\/strong>: Pelo menos um n\u00famero de telefone onde o propriet\u00e1rio possa ser contatado. Algumas \u00e1reas podem exigir n\u00fameros adicionais ou at\u00e9 mesmo um endere\u00e7o.<\/li>\n<\/ol>\n<p>\u00c9 aconselh\u00e1vel incluir tamb\u00e9m qualquer informa\u00e7\u00e3o m\u00e9dica pertinente se o seu c\u00e3o tiver problemas de sa\u00fade espec\u00edficos que exijam aten\u00e7\u00e3o imediata caso ele se perca. Embora nem sempre seja exigido por lei, isso pode ser fundamental para a seguran\u00e7a de seu animal de estima\u00e7\u00e3o. Verifique sempre os regulamentos locais para garantir a conformidade com os requisitos locais espec\u00edficos para a identifica\u00e7\u00e3o de animais de estima\u00e7\u00e3o.<\/p>","protected":false},"excerpt":{"rendered":"<p>Aumente a seguran\u00e7a de seu animal de estima\u00e7\u00e3o com nossa etiqueta de identifica\u00e7\u00e3o de coleira personalizada com c\u00f3digo QR inteligente. Essa inovadora etiqueta apresenta um c\u00f3digo QR que se vincula a um perfil pessoal com informa\u00e7\u00f5es essenciais de contato e sa\u00fade. Facilmente atualiz\u00e1vel e acess\u00edvel, ela garante que seu animal de estima\u00e7\u00e3o possa sempre encontrar o caminho de volta para voc\u00ea. Personaliz\u00e1vel com sua escolha de designs, ela n\u00e3o \u00e9 apenas pr\u00e1tica, mas tamb\u00e9m elegante.<\/p>","protected":false},"featured_media":7912,"template":"","meta":[],"product_brand":[],"product_cat":[26],"product_tag":[],"class_list":{"0":"post-7910","1":"product","2":"type-product","3":"status-publish","4":"has-post-thumbnail","6":"product_cat-dog-collar","7":"pa_brand-qqpets","9":"first","10":"instock","11":"shipping-taxable","12":"product-type-simple"},"yoast_head":"<!-- This site is optimized with the Yoast SEO plugin v26.6 - https:\/\/yoast.com\/wordpress\/plugins\/seo\/ -->\n<title>Smart QR Code Pet Collar ID Tag | QQPETS<\/title>\n<meta name=\"description\" content=\"Secure your pet with our Smart QR Code ID Tag. Custom, trackable, and stylish. Perfect for peace of mind!\" \/>\n<meta name=\"robots\" content=\"index, follow, max-snippet:-1, max-image-preview:large, max-video-preview:-1\" \/>\n<link rel=\"canonical\" href=\"https:\/\/qqpets.com\/pt\/produto\/smart-qr-code-pet-collar-id-tag\/\" \/>\n<meta property=\"og:locale\" content=\"pt_BR\" \/>\n<meta property=\"og:type\" content=\"article\" \/>\n<meta property=\"og:title\" content=\"Smart QR Code Pet Collar ID Tag | QQPETS\" \/>\n<meta property=\"og:description\" content=\"Secure your pet with our Smart QR Code ID Tag. Custom, trackable, and stylish. Perfect for peace of mind!\" \/>\n<meta property=\"og:url\" content=\"https:\/\/qqpets.com\/pt\/produto\/smart-qr-code-pet-collar-id-tag\/\" \/>\n<meta property=\"og:site_name\" content=\"QQPETS\" \/>\n<meta property=\"article:publisher\" content=\"https:\/\/www.facebook.com\/QQpetsdogcollars\" \/>\n<meta property=\"article:modified_time\" content=\"2024-11-13T03:58:39+00:00\" \/>\n<meta property=\"og:image\" content=\"https:\/\/qqpets.com\/wp-content\/uploads\/2024\/09\/QR-CODE-PET-COLLAR2.webp\" \/>\n\t<meta property=\"og:image:width\" content=\"1000\" \/>\n\t<meta property=\"og:image:height\" content=\"1000\" \/>\n\t<meta property=\"og:image:type\" content=\"image\/webp\" \/>\n<meta name=\"twitter:card\" content=\"summary_large_image\" \/>\n<meta name=\"twitter:label1\" content=\"Est. tempo de leitura\" \/>\n\t<meta name=\"twitter:data1\" content=\"3 minutos\" \/>\n<script type=\"application\/ld+json\" class=\"yoast-schema-graph\">{\"@context\":\"https:\/\/schema.org\",\"@graph\":[{\"@type\":\"WebPage\",\"@id\":\"https:\/\/qqpets.com\/product\/smart-qr-code-pet-collar-id-tag\/\",\"url\":\"https:\/\/qqpets.com\/product\/smart-qr-code-pet-collar-id-tag\/\",\"name\":\"Smart QR Code Pet Collar ID Tag | QQPETS\",\"isPartOf\":{\"@id\":\"https:\/\/qqpets.com\/#website\"},\"primaryImageOfPage\":{\"@id\":\"https:\/\/qqpets.com\/product\/smart-qr-code-pet-collar-id-tag\/#primaryimage\"},\"image\":{\"@id\":\"https:\/\/qqpets.com\/product\/smart-qr-code-pet-collar-id-tag\/#primaryimage\"},\"thumbnailUrl\":\"https:\/\/qqpets.com\/wp-content\/uploads\/2024\/09\/QR-CODE-PET-COLLAR2.webp\",\"datePublished\":\"2024-09-07T07:54:26+00:00\",\"dateModified\":\"2024-11-13T03:58:39+00:00\",\"description\":\"Secure your pet with our Smart QR Code ID Tag. Custom, trackable, and stylish. Perfect for peace of mind!\",\"breadcrumb\":{\"@id\":\"https:\/\/qqpets.com\/product\/smart-qr-code-pet-collar-id-tag\/#breadcrumb\"},\"inLanguage\":\"pt-BR\",\"potentialAction\":[{\"@type\":\"ReadAction\",\"target\":[\"https:\/\/qqpets.com\/product\/smart-qr-code-pet-collar-id-tag\/\"]}]},{\"@type\":\"ImageObject\",\"inLanguage\":\"pt-BR\",\"@id\":\"https:\/\/qqpets.com\/product\/smart-qr-code-pet-collar-id-tag\/#primaryimage\",\"url\":\"https:\/\/qqpets.com\/wp-content\/uploads\/2024\/09\/QR-CODE-PET-COLLAR2.webp\",\"contentUrl\":\"https:\/\/qqpets.com\/wp-content\/uploads\/2024\/09\/QR-CODE-PET-COLLAR2.webp\",\"width\":1000,\"height\":1000},{\"@type\":\"BreadcrumbList\",\"@id\":\"https:\/\/qqpets.com\/product\/smart-qr-code-pet-collar-id-tag\/#breadcrumb\",\"itemListElement\":[{\"@type\":\"ListItem\",\"position\":1,\"name\":\"Home\",\"item\":\"https:\/\/qqpets.com\/\"},{\"@type\":\"ListItem\",\"position\":2,\"name\":\"Products\",\"item\":\"https:\/\/qqpets.com\/pet-products-manufacturer\/\"},{\"@type\":\"ListItem\",\"position\":3,\"name\":\"Smart QR Code Pet Collar ID Tag\"}]},{\"@type\":\"WebSite\",\"@id\":\"https:\/\/qqpets.com\/#website\",\"url\":\"https:\/\/qqpets.com\/\",\"name\":\"QQPETS\",\"description\":\"QQPETS is a pet products factory for dog harnesses, dog collars, dog leashes and dog accessories with professional customized service since 2005.\",\"publisher\":{\"@id\":\"https:\/\/qqpets.com\/#organization\"},\"potentialAction\":[{\"@type\":\"SearchAction\",\"target\":{\"@type\":\"EntryPoint\",\"urlTemplate\":\"https:\/\/qqpets.com\/?s={search_term_string}\"},\"query-input\":{\"@type\":\"PropertyValueSpecification\",\"valueRequired\":true,\"valueName\":\"search_term_string\"}}],\"inLanguage\":\"pt-BR\"},{\"@type\":\"Organization\",\"@id\":\"https:\/\/qqpets.com\/#organization\",\"name\":\"QQPETS\",\"url\":\"https:\/\/qqpets.com\/\",\"logo\":{\"@type\":\"ImageObject\",\"inLanguage\":\"pt-BR\",\"@id\":\"https:\/\/qqpets.com\/#\/schema\/logo\/image\/\",\"url\":\"https:\/\/qqpets.com\/wp-content\/uploads\/2023\/09\/cropped-cropped-qqpets-tiktok.jpg\",\"contentUrl\":\"https:\/\/qqpets.com\/wp-content\/uploads\/2023\/09\/cropped-cropped-qqpets-tiktok.jpg\",\"width\":511,\"height\":511,\"caption\":\"QQPETS\"},\"image\":{\"@id\":\"https:\/\/qqpets.com\/#\/schema\/logo\/image\/\"},\"sameAs\":[\"https:\/\/www.facebook.com\/QQpetsdogcollars\",\"https:\/\/www.instagram.com\/qqpetscollar\/\",\"https:\/\/www.pinterest.com\/qqpetsdogcollarsfactory\/\"]}]}<\/script>\n<!-- \/ Yoast SEO plugin. -->","yoast_head_json":{"title":"Etiqueta de identifica\u00e7\u00e3o de coleira para animais de estima\u00e7\u00e3o com c\u00f3digo QR inteligente | QQPETS","description":"Proteja seu animal de estima\u00e7\u00e3o com nossa etiqueta de identifica\u00e7\u00e3o com c\u00f3digo QR inteligente. Personalizada, rastre\u00e1vel e elegante. Perfeita para a paz de esp\u00edrito!","robots":{"index":"index","follow":"follow","max-snippet":"max-snippet:-1","max-image-preview":"max-image-preview:large","max-video-preview":"max-video-preview:-1"},"canonical":"https:\/\/qqpets.com\/pt\/produto\/smart-qr-code-pet-collar-id-tag\/","og_locale":"pt_BR","og_type":"article","og_title":"Smart QR Code Pet Collar ID Tag | QQPETS","og_description":"Secure your pet with our Smart QR Code ID Tag. Custom, trackable, and stylish. Perfect for peace of mind!","og_url":"https:\/\/qqpets.com\/pt\/produto\/smart-qr-code-pet-collar-id-tag\/","og_site_name":"QQPETS","article_publisher":"https:\/\/www.facebook.com\/QQpetsdogcollars","article_modified_time":"2024-11-13T03:58:39+00:00","og_image":[{"width":1000,"height":1000,"url":"https:\/\/qqpets.com\/wp-content\/uploads\/2024\/09\/QR-CODE-PET-COLLAR2.webp","type":"image\/webp"}],"twitter_card":"summary_large_image","twitter_misc":{"Est. tempo de leitura":"3 minutos"},"schema":{"@context":"https:\/\/schema.org","@graph":[{"@type":"WebPage","@id":"https:\/\/qqpets.com\/product\/smart-qr-code-pet-collar-id-tag\/","url":"https:\/\/qqpets.com\/product\/smart-qr-code-pet-collar-id-tag\/","name":"Etiqueta de identifica\u00e7\u00e3o de coleira para animais de estima\u00e7\u00e3o com c\u00f3digo QR inteligente | QQPETS","isPartOf":{"@id":"https:\/\/qqpets.com\/#website"},"primaryImageOfPage":{"@id":"https:\/\/qqpets.com\/product\/smart-qr-code-pet-collar-id-tag\/#primaryimage"},"image":{"@id":"https:\/\/qqpets.com\/product\/smart-qr-code-pet-collar-id-tag\/#primaryimage"},"thumbnailUrl":"https:\/\/qqpets.com\/wp-content\/uploads\/2024\/09\/QR-CODE-PET-COLLAR2.webp","datePublished":"2024-09-07T07:54:26+00:00","dateModified":"2024-11-13T03:58:39+00:00","description":"Proteja seu animal de estima\u00e7\u00e3o com nossa etiqueta de identifica\u00e7\u00e3o com c\u00f3digo QR inteligente. Personalizada, rastre\u00e1vel e elegante. Perfeita para a paz de esp\u00edrito!","breadcrumb":{"@id":"https:\/\/qqpets.com\/product\/smart-qr-code-pet-collar-id-tag\/#breadcrumb"},"inLanguage":"pt-BR","potentialAction":[{"@type":"ReadAction","target":["https:\/\/qqpets.com\/product\/smart-qr-code-pet-collar-id-tag\/"]}]},{"@type":"ImageObject","inLanguage":"pt-BR","@id":"https:\/\/qqpets.com\/product\/smart-qr-code-pet-collar-id-tag\/#primaryimage","url":"https:\/\/qqpets.com\/wp-content\/uploads\/2024\/09\/QR-CODE-PET-COLLAR2.webp","contentUrl":"https:\/\/qqpets.com\/wp-content\/uploads\/2024\/09\/QR-CODE-PET-COLLAR2.webp","width":1000,"height":1000},{"@type":"BreadcrumbList","@id":"https:\/\/qqpets.com\/product\/smart-qr-code-pet-collar-id-tag\/#breadcrumb","itemListElement":[{"@type":"ListItem","position":1,"name":"Home","item":"https:\/\/qqpets.com\/"},{"@type":"ListItem","position":2,"name":"Products","item":"https:\/\/qqpets.com\/pet-products-manufacturer\/"},{"@type":"ListItem","position":3,"name":"Smart QR Code Pet Collar ID Tag"}]},{"@type":"WebSite","@id":"https:\/\/qqpets.com\/#website","url":"https:\/\/qqpets.com\/","name":"QQPETS","description":"A QQPETS \u00e9 uma f\u00e1brica de produtos para animais de estima\u00e7\u00e3o que fabrica arreios, coleiras, coleiras para c\u00e3es e acess\u00f3rios para c\u00e3es com servi\u00e7o personalizado profissional desde 2005.","publisher":{"@id":"https:\/\/qqpets.com\/#organization"},"potentialAction":[{"@type":"SearchAction","target":{"@type":"EntryPoint","urlTemplate":"https:\/\/qqpets.com\/?s={search_term_string}"},"query-input":{"@type":"PropertyValueSpecification","valueRequired":true,"valueName":"search_term_string"}}],"inLanguage":"pt-BR"},{"@type":"Organization","@id":"https:\/\/qqpets.com\/#organization","name":"QQPETS","url":"https:\/\/qqpets.com\/","logo":{"@type":"ImageObject","inLanguage":"pt-BR","@id":"https:\/\/qqpets.com\/#\/schema\/logo\/image\/","url":"https:\/\/qqpets.com\/wp-content\/uploads\/2023\/09\/cropped-cropped-qqpets-tiktok.jpg","contentUrl":"https:\/\/qqpets.com\/wp-content\/uploads\/2023\/09\/cropped-cropped-qqpets-tiktok.jpg","width":511,"height":511,"caption":"QQPETS"},"image":{"@id":"https:\/\/qqpets.com\/#\/schema\/logo\/image\/"},"sameAs":["https:\/\/www.facebook.com\/QQpetsdogcollars","https:\/\/www.instagram.com\/qqpetscollar\/","https:\/\/www.pinterest.com\/qqpetsdogcollarsfactory\/"]}]}},"_links":{"self":[{"href":"https:\/\/qqpets.com\/pt\/wp-json\/wp\/v2\/product\/7910","targetHints":{"allow":["GET"]}}],"collection":[{"href":"https:\/\/qqpets.com\/pt\/wp-json\/wp\/v2\/product"}],"about":[{"href":"https:\/\/qqpets.com\/pt\/wp-json\/wp\/v2\/types\/product"}],"wp:featuredmedia":[{"embeddable":true,"href":"https:\/\/qqpets.com\/pt\/wp-json\/wp\/v2\/media\/7912"}],"wp:attachment":[{"href":"https:\/\/qqpets.com\/pt\/wp-json\/wp\/v2\/media?parent=7910"}],"wp:term":[{"taxonomy":"product_brand","embeddable":true,"href":"https:\/\/qqpets.com\/pt\/wp-json\/wp\/v2\/product_brand?post=7910"},{"taxonomy":"product_cat","embeddable":true,"href":"https:\/\/qqpets.com\/pt\/wp-json\/wp\/v2\/product_cat?post=7910"},{"taxonomy":"product_tag","embeddable":true,"href":"https:\/\/qqpets.com\/pt\/wp-json\/wp\/v2\/product_tag?post=7910"}],"curies":[{"name":"wp","href":"https:\/\/api.w.org\/{rel}","templated":true}]}}