{"id":8086,"date":"2024-09-20T17:52:18","date_gmt":"2024-09-20T09:52:18","guid":{"rendered":"https:\/\/qqpets.com\/?post_type=product&#038;p=8086"},"modified":"2024-11-13T14:04:02","modified_gmt":"2024-11-13T06:04:02","slug":"reflective-dog-harness-with-handle","status":"publish","type":"product","link":"https:\/\/qqpets.com\/pt\/produto\/reflective-dog-harness-with-handle\/","title":{"rendered":"Arn\u00eas refletivo antipux\u00e3o para c\u00e3es com al\u00e7a"},"content":{"rendered":"<p>Introduza um novo n\u00edvel de treinamento e conforto na rotina do seu c\u00e3o com o nosso No Pull Training Reflective Dog Harness with Handle. Esse peitoral premium foi projetado especificamente para desencorajar a tra\u00e7\u00e3o, tornando os passeios e as sess\u00f5es de treinamento mais agrad\u00e1veis e menos estressantes para voc\u00ea e seu animal de estima\u00e7\u00e3o.<\/p>\n<p><strong>Principais recursos:<\/strong><\/p>\n<ul>\n<li><strong>Faixas refletivas:<\/strong> Para maior seguran\u00e7a durante as caminhadas noturnas, o peitoral apresenta faixas refletivas que garantem que seu c\u00e3o seja vis\u00edvel \u00e0 dist\u00e2ncia em condi\u00e7\u00f5es de pouca luz.<\/li>\n<li><strong>Cabo resistente:<\/strong> A al\u00e7a embutida proporciona controle extra durante as sess\u00f5es de treinamento ou quando voc\u00ea precisa guiar o c\u00e3o de perto, oferecendo conten\u00e7\u00e3o imediata e suave.<\/li>\n<li><strong>Sem design de tra\u00e7\u00e3o:<\/strong> Ao distribuir a press\u00e3o uniformemente pelo t\u00f3rax do c\u00e3o, e n\u00e3o pelo pesco\u00e7o, esse arreio evita o engasgo e reduz o instinto de puxar, promovendo uma experi\u00eancia de passeio mais agrad\u00e1vel.<\/li>\n<li><strong>Materiais dur\u00e1veis:<\/strong> Fabricado com tecidos de alta qualidade que resistem ao desgaste do uso di\u00e1rio, o peitoral \u00e9 dur\u00e1vel e confort\u00e1vel, com acolchoamento macio para proteger a pele do seu c\u00e3o.<\/li>\n<li><strong>Ajuste ajust\u00e1vel:<\/strong> As al\u00e7as totalmente ajust\u00e1veis permitem que voc\u00ea personalize o ajuste de acordo com o tamanho exclusivo do seu c\u00e3o, garantindo conforto e seguran\u00e7a durante qualquer atividade.<\/li>\n<li><strong>Uso vers\u00e1til:<\/strong> Ideal para caminhadas di\u00e1rias, sess\u00f5es de treinamento rigorosas e tudo o mais, esse arn\u00eas atende \u00e0s diversas necessidades de animais de estima\u00e7\u00e3o ativos e de seus propriet\u00e1rios.<\/li>\n<\/ul>\n<p>Nosso Arreio Refletivo para C\u00e3es com Al\u00e7a No Pull Training \u00e9 mais do que apenas uma ferramenta para controlar seu animal de estima\u00e7\u00e3o; \u00e9 um investimento para melhorar a qualidade de suas aventuras ao ar livre. Ele garante seguran\u00e7a, conforto e controle, o que o torna um item obrigat\u00f3rio para donos de animais conscientes e dedicados a oferecer o melhor cuidado e treinamento para seus c\u00e3es. Equipe seu amigo peludo com nosso peitoral e transforme suas sess\u00f5es de treinamento e caminhadas em atividades agrad\u00e1veis e totalmente livres de estresse.<\/p>","protected":false},"excerpt":{"rendered":"<p>Domine o treinamento e os passeios com o nosso Arreio Refletivo No Pull para C\u00e3es, que apresenta uma al\u00e7a resistente para maior controle. Esse peitoral foi projetado para distribuir a press\u00e3o uniformemente pelo peito, evitando engasgos e reduzindo a tra\u00e7\u00e3o. Fabricado com materiais dur\u00e1veis e tiras refletivas para seguran\u00e7a noturna, ele oferece resist\u00eancia e visibilidade. As tiras ajust\u00e1veis garantem um encaixe perfeito, tornando-o adequado para todas as ra\u00e7as. Ideal para caminhadas di\u00e1rias e sess\u00f5es de treinamento, promove melhor manuseio e passeios mais seguros e agrad\u00e1veis.<\/p>","protected":false},"featured_media":8087,"template":"","meta":[],"product_brand":[],"product_cat":[23],"product_tag":[],"class_list":{"0":"post-8086","1":"product","2":"type-product","3":"status-publish","4":"has-post-thumbnail","6":"product_cat-dog-harness","7":"pa_brand-qqpets","9":"first","10":"instock","11":"shipping-taxable","12":"product-type-simple"},"yoast_head":"<!-- This site is optimized with the Yoast SEO plugin v26.6 - https:\/\/yoast.com\/wordpress\/plugins\/seo\/ -->\n<title>No Pull Reflective Dog Harness With Handle | QQPETS<\/title>\n<meta name=\"description\" content=\"Train with ease using our No Pull Reflective Dog Harness. Enhanced control and comfort for your pet. Shop now!\" \/>\n<meta name=\"robots\" content=\"index, follow, max-snippet:-1, max-image-preview:large, max-video-preview:-1\" \/>\n<link rel=\"canonical\" href=\"https:\/\/qqpets.com\/pt\/produto\/reflective-dog-harness-with-handle\/\" \/>\n<meta property=\"og:locale\" content=\"pt_BR\" \/>\n<meta property=\"og:type\" content=\"article\" \/>\n<meta property=\"og:title\" content=\"No Pull Reflective Dog Harness With Handle | QQPETS\" \/>\n<meta property=\"og:description\" content=\"Train with ease using our No Pull Reflective Dog Harness. Enhanced control and comfort for your pet. Shop now!\" \/>\n<meta property=\"og:url\" content=\"https:\/\/qqpets.com\/pt\/produto\/reflective-dog-harness-with-handle\/\" \/>\n<meta property=\"og:site_name\" content=\"QQPETS\" \/>\n<meta property=\"article:publisher\" content=\"https:\/\/www.facebook.com\/QQpetsdogcollars\" \/>\n<meta property=\"article:modified_time\" content=\"2024-11-13T06:04:02+00:00\" \/>\n<meta property=\"og:image\" content=\"https:\/\/qqpets.com\/wp-content\/uploads\/2024\/09\/No-Pull-Traning-Reflective-Dog-Harness-With-Handle1.webp\" \/>\n\t<meta property=\"og:image:width\" content=\"1600\" \/>\n\t<meta property=\"og:image:height\" content=\"1600\" \/>\n\t<meta property=\"og:image:type\" content=\"image\/webp\" \/>\n<meta name=\"twitter:card\" content=\"summary_large_image\" \/>\n<meta name=\"twitter:label1\" content=\"Est. tempo de leitura\" \/>\n\t<meta name=\"twitter:data1\" content=\"2 minutos\" \/>\n<script type=\"application\/ld+json\" class=\"yoast-schema-graph\">{\"@context\":\"https:\/\/schema.org\",\"@graph\":[{\"@type\":\"WebPage\",\"@id\":\"https:\/\/qqpets.com\/product\/reflective-dog-harness-with-handle\/\",\"url\":\"https:\/\/qqpets.com\/product\/reflective-dog-harness-with-handle\/\",\"name\":\"No Pull Reflective Dog Harness With Handle | QQPETS\",\"isPartOf\":{\"@id\":\"https:\/\/qqpets.com\/#website\"},\"primaryImageOfPage\":{\"@id\":\"https:\/\/qqpets.com\/product\/reflective-dog-harness-with-handle\/#primaryimage\"},\"image\":{\"@id\":\"https:\/\/qqpets.com\/product\/reflective-dog-harness-with-handle\/#primaryimage\"},\"thumbnailUrl\":\"https:\/\/qqpets.com\/wp-content\/uploads\/2024\/09\/No-Pull-Traning-Reflective-Dog-Harness-With-Handle1.webp\",\"datePublished\":\"2024-09-20T09:52:18+00:00\",\"dateModified\":\"2024-11-13T06:04:02+00:00\",\"description\":\"Train with ease using our No Pull Reflective Dog Harness. Enhanced control and comfort for your pet. Shop now!\",\"breadcrumb\":{\"@id\":\"https:\/\/qqpets.com\/product\/reflective-dog-harness-with-handle\/#breadcrumb\"},\"inLanguage\":\"pt-BR\",\"potentialAction\":[{\"@type\":\"ReadAction\",\"target\":[\"https:\/\/qqpets.com\/product\/reflective-dog-harness-with-handle\/\"]}]},{\"@type\":\"ImageObject\",\"inLanguage\":\"pt-BR\",\"@id\":\"https:\/\/qqpets.com\/product\/reflective-dog-harness-with-handle\/#primaryimage\",\"url\":\"https:\/\/qqpets.com\/wp-content\/uploads\/2024\/09\/No-Pull-Traning-Reflective-Dog-Harness-With-Handle1.webp\",\"contentUrl\":\"https:\/\/qqpets.com\/wp-content\/uploads\/2024\/09\/No-Pull-Traning-Reflective-Dog-Harness-With-Handle1.webp\",\"width\":1600,\"height\":1600},{\"@type\":\"BreadcrumbList\",\"@id\":\"https:\/\/qqpets.com\/product\/reflective-dog-harness-with-handle\/#breadcrumb\",\"itemListElement\":[{\"@type\":\"ListItem\",\"position\":1,\"name\":\"Home\",\"item\":\"https:\/\/qqpets.com\/\"},{\"@type\":\"ListItem\",\"position\":2,\"name\":\"Products\",\"item\":\"https:\/\/qqpets.com\/pet-products-manufacturer\/\"},{\"@type\":\"ListItem\",\"position\":3,\"name\":\"No Pull Reflective Dog Harness With Handle\"}]},{\"@type\":\"WebSite\",\"@id\":\"https:\/\/qqpets.com\/#website\",\"url\":\"https:\/\/qqpets.com\/\",\"name\":\"QQPETS\",\"description\":\"QQPETS is a pet products factory for dog harnesses, dog collars, dog leashes and dog accessories with professional customized service since 2005.\",\"publisher\":{\"@id\":\"https:\/\/qqpets.com\/#organization\"},\"potentialAction\":[{\"@type\":\"SearchAction\",\"target\":{\"@type\":\"EntryPoint\",\"urlTemplate\":\"https:\/\/qqpets.com\/?s={search_term_string}\"},\"query-input\":{\"@type\":\"PropertyValueSpecification\",\"valueRequired\":true,\"valueName\":\"search_term_string\"}}],\"inLanguage\":\"pt-BR\"},{\"@type\":\"Organization\",\"@id\":\"https:\/\/qqpets.com\/#organization\",\"name\":\"QQPETS\",\"url\":\"https:\/\/qqpets.com\/\",\"logo\":{\"@type\":\"ImageObject\",\"inLanguage\":\"pt-BR\",\"@id\":\"https:\/\/qqpets.com\/#\/schema\/logo\/image\/\",\"url\":\"https:\/\/qqpets.com\/wp-content\/uploads\/2023\/09\/cropped-cropped-qqpets-tiktok.jpg\",\"contentUrl\":\"https:\/\/qqpets.com\/wp-content\/uploads\/2023\/09\/cropped-cropped-qqpets-tiktok.jpg\",\"width\":511,\"height\":511,\"caption\":\"QQPETS\"},\"image\":{\"@id\":\"https:\/\/qqpets.com\/#\/schema\/logo\/image\/\"},\"sameAs\":[\"https:\/\/www.facebook.com\/QQpetsdogcollars\",\"https:\/\/www.instagram.com\/qqpetscollar\/\",\"https:\/\/www.pinterest.com\/qqpetsdogcollarsfactory\/\"]}]}<\/script>\n<!-- \/ Yoast SEO plugin. -->","yoast_head_json":{"title":"Arn\u00eas refletivo antipux\u00e3o para c\u00e3es com al\u00e7a | QQPETS","description":"Treine com facilidade usando nosso Arreio Refletivo No Pull para C\u00e3es. Maior controle e conforto para o seu animal de estima\u00e7\u00e3o. Compre agora!","robots":{"index":"index","follow":"follow","max-snippet":"max-snippet:-1","max-image-preview":"max-image-preview:large","max-video-preview":"max-video-preview:-1"},"canonical":"https:\/\/qqpets.com\/pt\/produto\/reflective-dog-harness-with-handle\/","og_locale":"pt_BR","og_type":"article","og_title":"No Pull Reflective Dog Harness With Handle | QQPETS","og_description":"Train with ease using our No Pull Reflective Dog Harness. Enhanced control and comfort for your pet. Shop now!","og_url":"https:\/\/qqpets.com\/pt\/produto\/reflective-dog-harness-with-handle\/","og_site_name":"QQPETS","article_publisher":"https:\/\/www.facebook.com\/QQpetsdogcollars","article_modified_time":"2024-11-13T06:04:02+00:00","og_image":[{"width":1600,"height":1600,"url":"https:\/\/qqpets.com\/wp-content\/uploads\/2024\/09\/No-Pull-Traning-Reflective-Dog-Harness-With-Handle1.webp","type":"image\/webp"}],"twitter_card":"summary_large_image","twitter_misc":{"Est. tempo de leitura":"2 minutos"},"schema":{"@context":"https:\/\/schema.org","@graph":[{"@type":"WebPage","@id":"https:\/\/qqpets.com\/product\/reflective-dog-harness-with-handle\/","url":"https:\/\/qqpets.com\/product\/reflective-dog-harness-with-handle\/","name":"Arn\u00eas refletivo antipux\u00e3o para c\u00e3es com al\u00e7a | QQPETS","isPartOf":{"@id":"https:\/\/qqpets.com\/#website"},"primaryImageOfPage":{"@id":"https:\/\/qqpets.com\/product\/reflective-dog-harness-with-handle\/#primaryimage"},"image":{"@id":"https:\/\/qqpets.com\/product\/reflective-dog-harness-with-handle\/#primaryimage"},"thumbnailUrl":"https:\/\/qqpets.com\/wp-content\/uploads\/2024\/09\/No-Pull-Traning-Reflective-Dog-Harness-With-Handle1.webp","datePublished":"2024-09-20T09:52:18+00:00","dateModified":"2024-11-13T06:04:02+00:00","description":"Treine com facilidade usando nosso Arreio Refletivo No Pull para C\u00e3es. Maior controle e conforto para o seu animal de estima\u00e7\u00e3o. Compre agora!","breadcrumb":{"@id":"https:\/\/qqpets.com\/product\/reflective-dog-harness-with-handle\/#breadcrumb"},"inLanguage":"pt-BR","potentialAction":[{"@type":"ReadAction","target":["https:\/\/qqpets.com\/product\/reflective-dog-harness-with-handle\/"]}]},{"@type":"ImageObject","inLanguage":"pt-BR","@id":"https:\/\/qqpets.com\/product\/reflective-dog-harness-with-handle\/#primaryimage","url":"https:\/\/qqpets.com\/wp-content\/uploads\/2024\/09\/No-Pull-Traning-Reflective-Dog-Harness-With-Handle1.webp","contentUrl":"https:\/\/qqpets.com\/wp-content\/uploads\/2024\/09\/No-Pull-Traning-Reflective-Dog-Harness-With-Handle1.webp","width":1600,"height":1600},{"@type":"BreadcrumbList","@id":"https:\/\/qqpets.com\/product\/reflective-dog-harness-with-handle\/#breadcrumb","itemListElement":[{"@type":"ListItem","position":1,"name":"Home","item":"https:\/\/qqpets.com\/"},{"@type":"ListItem","position":2,"name":"Products","item":"https:\/\/qqpets.com\/pet-products-manufacturer\/"},{"@type":"ListItem","position":3,"name":"No Pull Reflective Dog Harness With Handle"}]},{"@type":"WebSite","@id":"https:\/\/qqpets.com\/#website","url":"https:\/\/qqpets.com\/","name":"QQPETS","description":"A QQPETS \u00e9 uma f\u00e1brica de produtos para animais de estima\u00e7\u00e3o que fabrica arreios, coleiras, coleiras para c\u00e3es e acess\u00f3rios para c\u00e3es com servi\u00e7o personalizado profissional desde 2005.","publisher":{"@id":"https:\/\/qqpets.com\/#organization"},"potentialAction":[{"@type":"SearchAction","target":{"@type":"EntryPoint","urlTemplate":"https:\/\/qqpets.com\/?s={search_term_string}"},"query-input":{"@type":"PropertyValueSpecification","valueRequired":true,"valueName":"search_term_string"}}],"inLanguage":"pt-BR"},{"@type":"Organization","@id":"https:\/\/qqpets.com\/#organization","name":"QQPETS","url":"https:\/\/qqpets.com\/","logo":{"@type":"ImageObject","inLanguage":"pt-BR","@id":"https:\/\/qqpets.com\/#\/schema\/logo\/image\/","url":"https:\/\/qqpets.com\/wp-content\/uploads\/2023\/09\/cropped-cropped-qqpets-tiktok.jpg","contentUrl":"https:\/\/qqpets.com\/wp-content\/uploads\/2023\/09\/cropped-cropped-qqpets-tiktok.jpg","width":511,"height":511,"caption":"QQPETS"},"image":{"@id":"https:\/\/qqpets.com\/#\/schema\/logo\/image\/"},"sameAs":["https:\/\/www.facebook.com\/QQpetsdogcollars","https:\/\/www.instagram.com\/qqpetscollar\/","https:\/\/www.pinterest.com\/qqpetsdogcollarsfactory\/"]}]}},"_links":{"self":[{"href":"https:\/\/qqpets.com\/pt\/wp-json\/wp\/v2\/product\/8086","targetHints":{"allow":["GET"]}}],"collection":[{"href":"https:\/\/qqpets.com\/pt\/wp-json\/wp\/v2\/product"}],"about":[{"href":"https:\/\/qqpets.com\/pt\/wp-json\/wp\/v2\/types\/product"}],"wp:featuredmedia":[{"embeddable":true,"href":"https:\/\/qqpets.com\/pt\/wp-json\/wp\/v2\/media\/8087"}],"wp:attachment":[{"href":"https:\/\/qqpets.com\/pt\/wp-json\/wp\/v2\/media?parent=8086"}],"wp:term":[{"taxonomy":"product_brand","embeddable":true,"href":"https:\/\/qqpets.com\/pt\/wp-json\/wp\/v2\/product_brand?post=8086"},{"taxonomy":"product_cat","embeddable":true,"href":"https:\/\/qqpets.com\/pt\/wp-json\/wp\/v2\/product_cat?post=8086"},{"taxonomy":"product_tag","embeddable":true,"href":"https:\/\/qqpets.com\/pt\/wp-json\/wp\/v2\/product_tag?post=8086"}],"curies":[{"name":"wp","href":"https:\/\/api.w.org\/{rel}","templated":true}]}}