{"id":8220,"date":"2024-09-24T16:03:59","date_gmt":"2024-09-24T08:03:59","guid":{"rendered":"https:\/\/qqpets.com\/?post_type=product&#038;p=8220"},"modified":"2024-09-24T16:03:59","modified_gmt":"2024-09-24T08:03:59","slug":"qr-code-no-pull-dog-harness","status":"publish","type":"product","link":"https:\/\/qqpets.com\/pt\/produto\/qr-code-no-pull-dog-harness\/","title":{"rendered":"Arn\u00eas para c\u00e3es sem pux\u00e3o com c\u00f3digo QR"},"content":{"rendered":"<p>Apresentamos o nosso Arreio QR Code No Pull para C\u00e3es, a combina\u00e7\u00e3o perfeita de funcionalidade, estilo e tecnologia. Projetado para donos de c\u00e3es que buscam controle durante as caminhadas e uma maneira moderna de gerenciar a seguran\u00e7a de seus animais de estima\u00e7\u00e3o, esse arreio apresenta um c\u00f3digo QR inteligente vinculado a um perfil personalizado com todos os detalhes do seu animal de estima\u00e7\u00e3o.<\/p>\n<p><strong>Principais recursos:<\/strong><\/p>\n<ul>\n<li><strong>Integra\u00e7\u00e3o de c\u00f3digo QR inteligente:<\/strong> Cada peitoral inclui um c\u00f3digo QR que fornece acesso instant\u00e2neo ao perfil do seu c\u00e3o, incluindo informa\u00e7\u00f5es de contato, registros m\u00e9dicos e muito mais. Esse recurso aumenta a seguran\u00e7a e o processo de recupera\u00e7\u00e3o caso seu animal de estima\u00e7\u00e3o venha a desaparecer.<\/li>\n<li><strong>Design sem tra\u00e7\u00e3o:<\/strong> Projetado para controlar a tra\u00e7\u00e3o, o arn\u00eas distribui a press\u00e3o uniformemente no peito em vez de no pesco\u00e7o, proporcionando uma experi\u00eancia de caminhada sem estresse.<\/li>\n<li><strong>Ajuste ajust\u00e1vel:<\/strong> As al\u00e7as totalmente ajust\u00e1veis garantem um ajuste confort\u00e1vel e seguro para qualquer tamanho de c\u00e3o, minimizando o risco de fuga.<\/li>\n<li><strong>Uso confort\u00e1vel:<\/strong> Fabricado com materiais respir\u00e1veis e de alta qualidade, o arreio foi projetado para proporcionar conforto durante todo o dia, evitando o superaquecimento e garantindo que seu c\u00e3o aproveite cada aventura.<\/li>\n<li><strong>Dur\u00e1vel e f\u00e1cil de usar:<\/strong> Constru\u00eddo para durar, nosso peitoral \u00e9 feito com materiais dur\u00e1veis que podem suportar os rigores di\u00e1rios de animais de estima\u00e7\u00e3o ativos. Tamb\u00e9m \u00e9 f\u00e1cil de limpar, garantindo que permane\u00e7a fresco e apresent\u00e1vel.<\/li>\n<\/ul>\n<p>O QR Code No Pull Dog Harness \u00e9 mais do que apenas uma ferramenta para passear com seu c\u00e3o; \u00e9 um sistema abrangente projetado para o gerenciamento moderno de animais de estima\u00e7\u00e3o. Seja em uma cidade movimentada ou em um parque tranquilo, esse peitoral coloca o controle e a seguran\u00e7a na ponta dos seus dedos.<\/p>","protected":false},"excerpt":{"rendered":"<p>Aumente a seguran\u00e7a do seu c\u00e3o com o nosso Arreio QR Code No Pull para C\u00e3es. Equipado com um c\u00f3digo QR exclusivo para identifica\u00e7\u00e3o r\u00e1pida do animal, esse peitoral integra tecnologia e conforto. Ele oferece um recurso antipux\u00e3o para melhor controle durante as caminhadas, al\u00e7as ajust\u00e1veis para um encaixe perfeito e material respir\u00e1vel para garantir o conforto do seu animal de estima\u00e7\u00e3o. Ideal para o uso di\u00e1rio e para o manejo avan\u00e7ado do animal de estima\u00e7\u00e3o.<\/p>","protected":false},"featured_media":8192,"template":"","meta":[],"product_brand":[],"product_cat":[23],"product_tag":[],"class_list":{"0":"post-8220","1":"product","2":"type-product","3":"status-publish","4":"has-post-thumbnail","6":"product_cat-dog-harness","7":"pa_brand-qqpets","9":"first","10":"instock","11":"shipping-taxable","12":"product-type-simple"},"yoast_head":"<!-- This site is optimized with the Yoast SEO plugin v26.6 - https:\/\/yoast.com\/wordpress\/plugins\/seo\/ -->\n<title>QR Code No Pull Dog Harness | QQPETS<\/title>\n<meta name=\"description\" content=\"Discover the QR Code No Pull Dog Harness for easy control and smart pet tracking\u2014security and comfort in one!\" \/>\n<meta name=\"robots\" content=\"index, follow, max-snippet:-1, max-image-preview:large, max-video-preview:-1\" \/>\n<link rel=\"canonical\" href=\"https:\/\/qqpets.com\/pt\/produto\/qr-code-no-pull-dog-harness\/\" \/>\n<meta property=\"og:locale\" content=\"pt_BR\" \/>\n<meta property=\"og:type\" content=\"article\" \/>\n<meta property=\"og:title\" content=\"QR Code No Pull Dog Harness | QQPETS\" \/>\n<meta property=\"og:description\" content=\"Discover the QR Code No Pull Dog Harness for easy control and smart pet tracking\u2014security and comfort in one!\" \/>\n<meta property=\"og:url\" content=\"https:\/\/qqpets.com\/pt\/produto\/qr-code-no-pull-dog-harness\/\" \/>\n<meta property=\"og:site_name\" content=\"QQPETS\" \/>\n<meta property=\"article:publisher\" content=\"https:\/\/www.facebook.com\/QQpetsdogcollars\" \/>\n<meta property=\"og:image\" content=\"https:\/\/qqpets.com\/wp-content\/uploads\/2024\/09\/QR-Code-No-Pull-Dog-Harness2.webp\" \/>\n\t<meta property=\"og:image:width\" content=\"1000\" \/>\n\t<meta property=\"og:image:height\" content=\"1000\" \/>\n\t<meta property=\"og:image:type\" content=\"image\/webp\" \/>\n<meta name=\"twitter:card\" content=\"summary_large_image\" \/>\n<meta name=\"twitter:label1\" content=\"Est. tempo de leitura\" \/>\n\t<meta name=\"twitter:data1\" content=\"2 minutos\" \/>\n<script type=\"application\/ld+json\" class=\"yoast-schema-graph\">{\"@context\":\"https:\/\/schema.org\",\"@graph\":[{\"@type\":\"WebPage\",\"@id\":\"https:\/\/qqpets.com\/product\/qr-code-no-pull-dog-harness\/\",\"url\":\"https:\/\/qqpets.com\/product\/qr-code-no-pull-dog-harness\/\",\"name\":\"QR Code No Pull Dog Harness | QQPETS\",\"isPartOf\":{\"@id\":\"https:\/\/qqpets.com\/#website\"},\"primaryImageOfPage\":{\"@id\":\"https:\/\/qqpets.com\/product\/qr-code-no-pull-dog-harness\/#primaryimage\"},\"image\":{\"@id\":\"https:\/\/qqpets.com\/product\/qr-code-no-pull-dog-harness\/#primaryimage\"},\"thumbnailUrl\":\"https:\/\/qqpets.com\/wp-content\/uploads\/2024\/09\/QR-Code-No-Pull-Dog-Harness2.webp\",\"datePublished\":\"2024-09-24T08:03:59+00:00\",\"description\":\"Discover the QR Code No Pull Dog Harness for easy control and smart pet tracking\u2014security and comfort in one!\",\"breadcrumb\":{\"@id\":\"https:\/\/qqpets.com\/product\/qr-code-no-pull-dog-harness\/#breadcrumb\"},\"inLanguage\":\"pt-BR\",\"potentialAction\":[{\"@type\":\"ReadAction\",\"target\":[\"https:\/\/qqpets.com\/product\/qr-code-no-pull-dog-harness\/\"]}]},{\"@type\":\"ImageObject\",\"inLanguage\":\"pt-BR\",\"@id\":\"https:\/\/qqpets.com\/product\/qr-code-no-pull-dog-harness\/#primaryimage\",\"url\":\"https:\/\/qqpets.com\/wp-content\/uploads\/2024\/09\/QR-Code-No-Pull-Dog-Harness2.webp\",\"contentUrl\":\"https:\/\/qqpets.com\/wp-content\/uploads\/2024\/09\/QR-Code-No-Pull-Dog-Harness2.webp\",\"width\":1000,\"height\":1000},{\"@type\":\"BreadcrumbList\",\"@id\":\"https:\/\/qqpets.com\/product\/qr-code-no-pull-dog-harness\/#breadcrumb\",\"itemListElement\":[{\"@type\":\"ListItem\",\"position\":1,\"name\":\"Home\",\"item\":\"https:\/\/qqpets.com\/\"},{\"@type\":\"ListItem\",\"position\":2,\"name\":\"Products\",\"item\":\"https:\/\/qqpets.com\/pet-products-manufacturer\/\"},{\"@type\":\"ListItem\",\"position\":3,\"name\":\"QR Code No Pull Dog Harness\"}]},{\"@type\":\"WebSite\",\"@id\":\"https:\/\/qqpets.com\/#website\",\"url\":\"https:\/\/qqpets.com\/\",\"name\":\"QQPETS\",\"description\":\"QQPETS is a pet products factory for dog harnesses, dog collars, dog leashes and dog accessories with professional customized service since 2005.\",\"publisher\":{\"@id\":\"https:\/\/qqpets.com\/#organization\"},\"potentialAction\":[{\"@type\":\"SearchAction\",\"target\":{\"@type\":\"EntryPoint\",\"urlTemplate\":\"https:\/\/qqpets.com\/?s={search_term_string}\"},\"query-input\":{\"@type\":\"PropertyValueSpecification\",\"valueRequired\":true,\"valueName\":\"search_term_string\"}}],\"inLanguage\":\"pt-BR\"},{\"@type\":\"Organization\",\"@id\":\"https:\/\/qqpets.com\/#organization\",\"name\":\"QQPETS\",\"url\":\"https:\/\/qqpets.com\/\",\"logo\":{\"@type\":\"ImageObject\",\"inLanguage\":\"pt-BR\",\"@id\":\"https:\/\/qqpets.com\/#\/schema\/logo\/image\/\",\"url\":\"https:\/\/qqpets.com\/wp-content\/uploads\/2023\/09\/cropped-cropped-qqpets-tiktok.jpg\",\"contentUrl\":\"https:\/\/qqpets.com\/wp-content\/uploads\/2023\/09\/cropped-cropped-qqpets-tiktok.jpg\",\"width\":511,\"height\":511,\"caption\":\"QQPETS\"},\"image\":{\"@id\":\"https:\/\/qqpets.com\/#\/schema\/logo\/image\/\"},\"sameAs\":[\"https:\/\/www.facebook.com\/QQpetsdogcollars\",\"https:\/\/www.instagram.com\/qqpetscollar\/\",\"https:\/\/www.pinterest.com\/qqpetsdogcollarsfactory\/\"]}]}<\/script>\n<!-- \/ Yoast SEO plugin. -->","yoast_head_json":{"title":"Arn\u00eas para c\u00e3es sem puxar QR Code | QQPETS","description":"Descubra o Arn\u00eas para C\u00e3es QR Code No Pull para controle f\u00e1cil e rastreamento inteligente do animal de estima\u00e7\u00e3o - seguran\u00e7a e conforto em um s\u00f3!","robots":{"index":"index","follow":"follow","max-snippet":"max-snippet:-1","max-image-preview":"max-image-preview:large","max-video-preview":"max-video-preview:-1"},"canonical":"https:\/\/qqpets.com\/pt\/produto\/qr-code-no-pull-dog-harness\/","og_locale":"pt_BR","og_type":"article","og_title":"QR Code No Pull Dog Harness | QQPETS","og_description":"Discover the QR Code No Pull Dog Harness for easy control and smart pet tracking\u2014security and comfort in one!","og_url":"https:\/\/qqpets.com\/pt\/produto\/qr-code-no-pull-dog-harness\/","og_site_name":"QQPETS","article_publisher":"https:\/\/www.facebook.com\/QQpetsdogcollars","og_image":[{"width":1000,"height":1000,"url":"https:\/\/qqpets.com\/wp-content\/uploads\/2024\/09\/QR-Code-No-Pull-Dog-Harness2.webp","type":"image\/webp"}],"twitter_card":"summary_large_image","twitter_misc":{"Est. tempo de leitura":"2 minutos"},"schema":{"@context":"https:\/\/schema.org","@graph":[{"@type":"WebPage","@id":"https:\/\/qqpets.com\/product\/qr-code-no-pull-dog-harness\/","url":"https:\/\/qqpets.com\/product\/qr-code-no-pull-dog-harness\/","name":"Arn\u00eas para c\u00e3es sem puxar QR Code | QQPETS","isPartOf":{"@id":"https:\/\/qqpets.com\/#website"},"primaryImageOfPage":{"@id":"https:\/\/qqpets.com\/product\/qr-code-no-pull-dog-harness\/#primaryimage"},"image":{"@id":"https:\/\/qqpets.com\/product\/qr-code-no-pull-dog-harness\/#primaryimage"},"thumbnailUrl":"https:\/\/qqpets.com\/wp-content\/uploads\/2024\/09\/QR-Code-No-Pull-Dog-Harness2.webp","datePublished":"2024-09-24T08:03:59+00:00","description":"Descubra o Arn\u00eas para C\u00e3es QR Code No Pull para controle f\u00e1cil e rastreamento inteligente do animal de estima\u00e7\u00e3o - seguran\u00e7a e conforto em um s\u00f3!","breadcrumb":{"@id":"https:\/\/qqpets.com\/product\/qr-code-no-pull-dog-harness\/#breadcrumb"},"inLanguage":"pt-BR","potentialAction":[{"@type":"ReadAction","target":["https:\/\/qqpets.com\/product\/qr-code-no-pull-dog-harness\/"]}]},{"@type":"ImageObject","inLanguage":"pt-BR","@id":"https:\/\/qqpets.com\/product\/qr-code-no-pull-dog-harness\/#primaryimage","url":"https:\/\/qqpets.com\/wp-content\/uploads\/2024\/09\/QR-Code-No-Pull-Dog-Harness2.webp","contentUrl":"https:\/\/qqpets.com\/wp-content\/uploads\/2024\/09\/QR-Code-No-Pull-Dog-Harness2.webp","width":1000,"height":1000},{"@type":"BreadcrumbList","@id":"https:\/\/qqpets.com\/product\/qr-code-no-pull-dog-harness\/#breadcrumb","itemListElement":[{"@type":"ListItem","position":1,"name":"Home","item":"https:\/\/qqpets.com\/"},{"@type":"ListItem","position":2,"name":"Products","item":"https:\/\/qqpets.com\/pet-products-manufacturer\/"},{"@type":"ListItem","position":3,"name":"QR Code No Pull Dog Harness"}]},{"@type":"WebSite","@id":"https:\/\/qqpets.com\/#website","url":"https:\/\/qqpets.com\/","name":"QQPETS","description":"A QQPETS \u00e9 uma f\u00e1brica de produtos para animais de estima\u00e7\u00e3o que fabrica arreios, coleiras, coleiras para c\u00e3es e acess\u00f3rios para c\u00e3es com servi\u00e7o personalizado profissional desde 2005.","publisher":{"@id":"https:\/\/qqpets.com\/#organization"},"potentialAction":[{"@type":"SearchAction","target":{"@type":"EntryPoint","urlTemplate":"https:\/\/qqpets.com\/?s={search_term_string}"},"query-input":{"@type":"PropertyValueSpecification","valueRequired":true,"valueName":"search_term_string"}}],"inLanguage":"pt-BR"},{"@type":"Organization","@id":"https:\/\/qqpets.com\/#organization","name":"QQPETS","url":"https:\/\/qqpets.com\/","logo":{"@type":"ImageObject","inLanguage":"pt-BR","@id":"https:\/\/qqpets.com\/#\/schema\/logo\/image\/","url":"https:\/\/qqpets.com\/wp-content\/uploads\/2023\/09\/cropped-cropped-qqpets-tiktok.jpg","contentUrl":"https:\/\/qqpets.com\/wp-content\/uploads\/2023\/09\/cropped-cropped-qqpets-tiktok.jpg","width":511,"height":511,"caption":"QQPETS"},"image":{"@id":"https:\/\/qqpets.com\/#\/schema\/logo\/image\/"},"sameAs":["https:\/\/www.facebook.com\/QQpetsdogcollars","https:\/\/www.instagram.com\/qqpetscollar\/","https:\/\/www.pinterest.com\/qqpetsdogcollarsfactory\/"]}]}},"_links":{"self":[{"href":"https:\/\/qqpets.com\/pt\/wp-json\/wp\/v2\/product\/8220","targetHints":{"allow":["GET"]}}],"collection":[{"href":"https:\/\/qqpets.com\/pt\/wp-json\/wp\/v2\/product"}],"about":[{"href":"https:\/\/qqpets.com\/pt\/wp-json\/wp\/v2\/types\/product"}],"wp:featuredmedia":[{"embeddable":true,"href":"https:\/\/qqpets.com\/pt\/wp-json\/wp\/v2\/media\/8192"}],"wp:attachment":[{"href":"https:\/\/qqpets.com\/pt\/wp-json\/wp\/v2\/media?parent=8220"}],"wp:term":[{"taxonomy":"product_brand","embeddable":true,"href":"https:\/\/qqpets.com\/pt\/wp-json\/wp\/v2\/product_brand?post=8220"},{"taxonomy":"product_cat","embeddable":true,"href":"https:\/\/qqpets.com\/pt\/wp-json\/wp\/v2\/product_cat?post=8220"},{"taxonomy":"product_tag","embeddable":true,"href":"https:\/\/qqpets.com\/pt\/wp-json\/wp\/v2\/product_tag?post=8220"}],"curies":[{"name":"wp","href":"https:\/\/api.w.org\/{rel}","templated":true}]}}