{"id":8416,"date":"2024-09-30T11:31:44","date_gmt":"2024-09-30T03:31:44","guid":{"rendered":"https:\/\/qqpets.com\/?post_type=product&#038;p=8416"},"modified":"2024-09-30T11:31:44","modified_gmt":"2024-09-30T03:31:44","slug":"dog-leash-car-seat-belt","status":"publish","type":"product","link":"https:\/\/qqpets.com\/pt\/produto\/dog-leash-car-seat-belt\/","title":{"rendered":"Cinto de seguran\u00e7a para carro com coleira para cachorro"},"content":{"rendered":"<p>Apresentamos o Dog Leash Car Seat Belt - a solu\u00e7\u00e3o definitiva para a seguran\u00e7a do animal de estima\u00e7\u00e3o ao dirigir. Esse cinto de seguran\u00e7a para c\u00e3es especialmente projetado para carros garante que seu amigo peludo fique preso com seguran\u00e7a durante as viagens, reduzindo o risco de les\u00f5es durante paradas repentinas ou acidentes.<\/p>\n<p><strong>Principais recursos:<\/strong><\/p>\n<ul>\n<li><strong>Ajuste universal:<\/strong> Compat\u00edvel com os sistemas de cinto de seguran\u00e7a da maioria dos ve\u00edculos, esse cinto de seguran\u00e7a para carro apresenta um clipe universal para cinto de seguran\u00e7a que se encaixa com seguran\u00e7a nas travas do cinto de seguran\u00e7a.<\/li>\n<li><strong>Comprimento ajust\u00e1vel:<\/strong> Ajuste facilmente o comprimento do cinto de seguran\u00e7a para proporcionar liberdade suficiente para o seu animal de estima\u00e7\u00e3o sentar, deitar ou ficar em p\u00e9 confortavelmente no assento do carro.<\/li>\n<li><strong>Material de alta qualidade:<\/strong> Fabricada com tecido de n\u00e1ilon dur\u00e1vel, essa guia foi criada para suportar o estresse e a tens\u00e3o do uso com animais de estima\u00e7\u00e3o ativos. Ela tamb\u00e9m \u00e9 resistente a intemp\u00e9ries, o que a torna adequada para todas as condi\u00e7\u00f5es.<\/li>\n<li><strong>Fixa\u00e7\u00e3o segura:<\/strong> Equipada com uma fivela e um clipe de metal robustos, ela garante que a guia permane\u00e7a presa com seguran\u00e7a ao arreio ou \u00e0 coleira do seu animal de estima\u00e7\u00e3o, proporcionando um controle forte e confi\u00e1vel no ve\u00edculo.<\/li>\n<li><strong>F\u00e1cil de usar e vers\u00e1til:<\/strong> R\u00e1pida de soltar e prender, ela funciona como uma coleira comum para caminhadas, o que a torna perfeita para viagens.<\/li>\n<\/ul>\n<p>O cinto de seguran\u00e7a para carro Dog Leash foi projetado n\u00e3o apenas para a seguran\u00e7a, mas tamb\u00e9m para o conforto do seu animal de estima\u00e7\u00e3o. Seja em um passeio curto at\u00e9 o parque ou em uma longa viagem, esse cinto de seguran\u00e7a torna a viagem com seu animal de estima\u00e7\u00e3o f\u00e1cil, segura e conveniente. Equipe seu carro com esse acess\u00f3rio essencial para viagens com animais de estima\u00e7\u00e3o e desfrute de viagens tranquilas e seguras com seu melhor amigo.<\/p>\n<h5><strong>Os cintos de seguran\u00e7a para c\u00e3es realmente funcionam?<\/strong><\/h5>\n<p>Sim, os cintos de seguran\u00e7a para c\u00e3es podem reduzir efetivamente o risco de ferimentos em seu c\u00e3o durante um acidente de carro ou paradas repentinas, mantendo-o preso e limitando seu movimento no ve\u00edculo.<\/p>\n<h5><strong>Os c\u00e3es devem usar cinto de seguran\u00e7a?<\/strong><\/h5>\n<p>Embora n\u00e3o seja obrigat\u00f3rio em todos os lugares, \u00e9 altamente recomend\u00e1vel que os c\u00e3es usem cinto de seguran\u00e7a ao viajar de carro para a seguran\u00e7a deles e dos passageiros. Algumas regi\u00f5es t\u00eam leis que exigem que os animais de estima\u00e7\u00e3o sejam presos em um ve\u00edculo.<\/p>\n<h5><strong>Qual \u00e9 o melhor cinto de seguran\u00e7a para c\u00e3es?<\/strong><\/h5>\n<p>O melhor cinto de seguran\u00e7a para c\u00e3es \u00e9 aquele que foi testado contra colis\u00f5es e certificado por uma organiza\u00e7\u00e3o respeit\u00e1vel. Procure por cintos de seguran\u00e7a ajust\u00e1veis e dur\u00e1veis que possam ser presos ao arn\u00eas (n\u00e3o \u00e0 coleira) do seu c\u00e3o e fixados com seguran\u00e7a ao sistema de cintos de seguran\u00e7a do ve\u00edculo.<\/p>\n<h5><strong>Como usar o cinto de seguran\u00e7a do carro em um c\u00e3o?<\/strong><\/h5>\n<p>Prenda o clipe do cinto de seguran\u00e7a no arn\u00eas do c\u00e3o (nunca em uma coleira devido ao risco de les\u00e3o no pesco\u00e7o). Em seguida, afivele o cinto de seguran\u00e7a no sistema de cintos de seguran\u00e7a do carro. Certifique-se de que o cinto esteja apertado o suficiente para evitar movimentos excessivos, mas que ainda permita que o c\u00e3o se sente ou deite confortavelmente. Ajuste o cinto conforme necess\u00e1rio para garantir o ajuste e o conforto.<\/p>","protected":false},"excerpt":{"rendered":"<p>Viaje com seguran\u00e7a com seu animal de estima\u00e7\u00e3o usando nosso cinto de seguran\u00e7a para carro com guia para c\u00e3es. Projetado para durabilidade e seguran\u00e7a, esse cinto de seguran\u00e7a se prende com seguran\u00e7a ao clipe do cinto de seguran\u00e7a do seu ve\u00edculo. Ele apresenta um comprimento ajust\u00e1vel para acomodar c\u00e3es e ve\u00edculos de diferentes tamanhos, garantindo que seu animal de estima\u00e7\u00e3o permane\u00e7a no lugar com seguran\u00e7a. O forte sistema de presilha e fivela evita que seu animal de estima\u00e7\u00e3o salte para fora, tornando cada viagem livre de preocupa\u00e7\u00f5es. Ideal para todas as ra\u00e7as e tamanhos de c\u00e3es.<\/p>","protected":false},"featured_media":8417,"template":"","meta":[],"product_brand":[],"product_cat":[27],"product_tag":[],"class_list":{"0":"post-8416","1":"product","2":"type-product","3":"status-publish","4":"has-post-thumbnail","6":"product_cat-dog-leash","7":"pa_brand-qqpets","9":"first","10":"instock","11":"shipping-taxable","12":"product-type-simple"},"yoast_head":"<!-- This site is optimized with the Yoast SEO plugin v26.6 - https:\/\/yoast.com\/wordpress\/plugins\/seo\/ -->\n<title>Dog Leash Car Seat Belt | QQPETS<\/title>\n<meta name=\"description\" content=\"Ensure your pet\u2019s safety on the road with our durable Dog Leash Car Seat Belt. Adjustable and secure!\" \/>\n<meta name=\"robots\" content=\"index, follow, max-snippet:-1, max-image-preview:large, max-video-preview:-1\" \/>\n<link rel=\"canonical\" href=\"https:\/\/qqpets.com\/pt\/produto\/dog-leash-car-seat-belt\/\" \/>\n<meta property=\"og:locale\" content=\"pt_BR\" \/>\n<meta property=\"og:type\" content=\"article\" \/>\n<meta property=\"og:title\" content=\"Dog Leash Car Seat Belt | QQPETS\" \/>\n<meta property=\"og:description\" content=\"Ensure your pet\u2019s safety on the road with our durable Dog Leash Car Seat Belt. Adjustable and secure!\" \/>\n<meta property=\"og:url\" content=\"https:\/\/qqpets.com\/pt\/produto\/dog-leash-car-seat-belt\/\" \/>\n<meta property=\"og:site_name\" content=\"QQPETS\" \/>\n<meta property=\"article:publisher\" content=\"https:\/\/www.facebook.com\/QQpetsdogcollars\" \/>\n<meta property=\"og:image\" content=\"https:\/\/qqpets.com\/wp-content\/uploads\/2024\/09\/Car-Seat-Belt.webp\" \/>\n\t<meta property=\"og:image:width\" content=\"1486\" \/>\n\t<meta property=\"og:image:height\" content=\"1500\" \/>\n\t<meta property=\"og:image:type\" content=\"image\/webp\" \/>\n<meta name=\"twitter:card\" content=\"summary_large_image\" \/>\n<meta name=\"twitter:label1\" content=\"Est. tempo de leitura\" \/>\n\t<meta name=\"twitter:data1\" content=\"3 minutos\" \/>\n<script type=\"application\/ld+json\" class=\"yoast-schema-graph\">{\"@context\":\"https:\/\/schema.org\",\"@graph\":[{\"@type\":\"WebPage\",\"@id\":\"https:\/\/qqpets.com\/product\/dog-leash-car-seat-belt\/\",\"url\":\"https:\/\/qqpets.com\/product\/dog-leash-car-seat-belt\/\",\"name\":\"Dog Leash Car Seat Belt | QQPETS\",\"isPartOf\":{\"@id\":\"https:\/\/qqpets.com\/#website\"},\"primaryImageOfPage\":{\"@id\":\"https:\/\/qqpets.com\/product\/dog-leash-car-seat-belt\/#primaryimage\"},\"image\":{\"@id\":\"https:\/\/qqpets.com\/product\/dog-leash-car-seat-belt\/#primaryimage\"},\"thumbnailUrl\":\"https:\/\/qqpets.com\/wp-content\/uploads\/2024\/09\/Car-Seat-Belt.webp\",\"datePublished\":\"2024-09-30T03:31:44+00:00\",\"description\":\"Ensure your pet\u2019s safety on the road with our durable Dog Leash Car Seat Belt. Adjustable and secure!\",\"breadcrumb\":{\"@id\":\"https:\/\/qqpets.com\/product\/dog-leash-car-seat-belt\/#breadcrumb\"},\"inLanguage\":\"pt-BR\",\"potentialAction\":[{\"@type\":\"ReadAction\",\"target\":[\"https:\/\/qqpets.com\/product\/dog-leash-car-seat-belt\/\"]}]},{\"@type\":\"ImageObject\",\"inLanguage\":\"pt-BR\",\"@id\":\"https:\/\/qqpets.com\/product\/dog-leash-car-seat-belt\/#primaryimage\",\"url\":\"https:\/\/qqpets.com\/wp-content\/uploads\/2024\/09\/Car-Seat-Belt.webp\",\"contentUrl\":\"https:\/\/qqpets.com\/wp-content\/uploads\/2024\/09\/Car-Seat-Belt.webp\",\"width\":1486,\"height\":1500},{\"@type\":\"BreadcrumbList\",\"@id\":\"https:\/\/qqpets.com\/product\/dog-leash-car-seat-belt\/#breadcrumb\",\"itemListElement\":[{\"@type\":\"ListItem\",\"position\":1,\"name\":\"Home\",\"item\":\"https:\/\/qqpets.com\/\"},{\"@type\":\"ListItem\",\"position\":2,\"name\":\"Products\",\"item\":\"https:\/\/qqpets.com\/pet-products-manufacturer\/\"},{\"@type\":\"ListItem\",\"position\":3,\"name\":\"Dog Leash Car Seat Belt\"}]},{\"@type\":\"WebSite\",\"@id\":\"https:\/\/qqpets.com\/#website\",\"url\":\"https:\/\/qqpets.com\/\",\"name\":\"QQPETS\",\"description\":\"QQPETS is a pet products factory for dog harnesses, dog collars, dog leashes and dog accessories with professional customized service since 2005.\",\"publisher\":{\"@id\":\"https:\/\/qqpets.com\/#organization\"},\"potentialAction\":[{\"@type\":\"SearchAction\",\"target\":{\"@type\":\"EntryPoint\",\"urlTemplate\":\"https:\/\/qqpets.com\/?s={search_term_string}\"},\"query-input\":{\"@type\":\"PropertyValueSpecification\",\"valueRequired\":true,\"valueName\":\"search_term_string\"}}],\"inLanguage\":\"pt-BR\"},{\"@type\":\"Organization\",\"@id\":\"https:\/\/qqpets.com\/#organization\",\"name\":\"QQPETS\",\"url\":\"https:\/\/qqpets.com\/\",\"logo\":{\"@type\":\"ImageObject\",\"inLanguage\":\"pt-BR\",\"@id\":\"https:\/\/qqpets.com\/#\/schema\/logo\/image\/\",\"url\":\"https:\/\/qqpets.com\/wp-content\/uploads\/2023\/09\/cropped-cropped-qqpets-tiktok.jpg\",\"contentUrl\":\"https:\/\/qqpets.com\/wp-content\/uploads\/2023\/09\/cropped-cropped-qqpets-tiktok.jpg\",\"width\":511,\"height\":511,\"caption\":\"QQPETS\"},\"image\":{\"@id\":\"https:\/\/qqpets.com\/#\/schema\/logo\/image\/\"},\"sameAs\":[\"https:\/\/www.facebook.com\/QQpetsdogcollars\",\"https:\/\/www.instagram.com\/qqpetscollar\/\",\"https:\/\/www.pinterest.com\/qqpetsdogcollarsfactory\/\"]}]}<\/script>\n<!-- \/ Yoast SEO plugin. -->","yoast_head_json":{"title":"Coleira para cachorro com cinto de seguran\u00e7a para carro | QQPETS","description":"Garanta a seguran\u00e7a de seu animal de estima\u00e7\u00e3o na estrada com nosso dur\u00e1vel cinto de seguran\u00e7a para carro com guia para c\u00e3es. Ajust\u00e1vel e seguro!","robots":{"index":"index","follow":"follow","max-snippet":"max-snippet:-1","max-image-preview":"max-image-preview:large","max-video-preview":"max-video-preview:-1"},"canonical":"https:\/\/qqpets.com\/pt\/produto\/dog-leash-car-seat-belt\/","og_locale":"pt_BR","og_type":"article","og_title":"Dog Leash Car Seat Belt | QQPETS","og_description":"Ensure your pet\u2019s safety on the road with our durable Dog Leash Car Seat Belt. Adjustable and secure!","og_url":"https:\/\/qqpets.com\/pt\/produto\/dog-leash-car-seat-belt\/","og_site_name":"QQPETS","article_publisher":"https:\/\/www.facebook.com\/QQpetsdogcollars","og_image":[{"width":1486,"height":1500,"url":"https:\/\/qqpets.com\/wp-content\/uploads\/2024\/09\/Car-Seat-Belt.webp","type":"image\/webp"}],"twitter_card":"summary_large_image","twitter_misc":{"Est. tempo de leitura":"3 minutos"},"schema":{"@context":"https:\/\/schema.org","@graph":[{"@type":"WebPage","@id":"https:\/\/qqpets.com\/product\/dog-leash-car-seat-belt\/","url":"https:\/\/qqpets.com\/product\/dog-leash-car-seat-belt\/","name":"Coleira para cachorro com cinto de seguran\u00e7a para carro | QQPETS","isPartOf":{"@id":"https:\/\/qqpets.com\/#website"},"primaryImageOfPage":{"@id":"https:\/\/qqpets.com\/product\/dog-leash-car-seat-belt\/#primaryimage"},"image":{"@id":"https:\/\/qqpets.com\/product\/dog-leash-car-seat-belt\/#primaryimage"},"thumbnailUrl":"https:\/\/qqpets.com\/wp-content\/uploads\/2024\/09\/Car-Seat-Belt.webp","datePublished":"2024-09-30T03:31:44+00:00","description":"Garanta a seguran\u00e7a de seu animal de estima\u00e7\u00e3o na estrada com nosso dur\u00e1vel cinto de seguran\u00e7a para carro com guia para c\u00e3es. Ajust\u00e1vel e seguro!","breadcrumb":{"@id":"https:\/\/qqpets.com\/product\/dog-leash-car-seat-belt\/#breadcrumb"},"inLanguage":"pt-BR","potentialAction":[{"@type":"ReadAction","target":["https:\/\/qqpets.com\/product\/dog-leash-car-seat-belt\/"]}]},{"@type":"ImageObject","inLanguage":"pt-BR","@id":"https:\/\/qqpets.com\/product\/dog-leash-car-seat-belt\/#primaryimage","url":"https:\/\/qqpets.com\/wp-content\/uploads\/2024\/09\/Car-Seat-Belt.webp","contentUrl":"https:\/\/qqpets.com\/wp-content\/uploads\/2024\/09\/Car-Seat-Belt.webp","width":1486,"height":1500},{"@type":"BreadcrumbList","@id":"https:\/\/qqpets.com\/product\/dog-leash-car-seat-belt\/#breadcrumb","itemListElement":[{"@type":"ListItem","position":1,"name":"Home","item":"https:\/\/qqpets.com\/"},{"@type":"ListItem","position":2,"name":"Products","item":"https:\/\/qqpets.com\/pet-products-manufacturer\/"},{"@type":"ListItem","position":3,"name":"Dog Leash Car Seat Belt"}]},{"@type":"WebSite","@id":"https:\/\/qqpets.com\/#website","url":"https:\/\/qqpets.com\/","name":"QQPETS","description":"A QQPETS \u00e9 uma f\u00e1brica de produtos para animais de estima\u00e7\u00e3o que fabrica arreios, coleiras, coleiras para c\u00e3es e acess\u00f3rios para c\u00e3es com servi\u00e7o personalizado profissional desde 2005.","publisher":{"@id":"https:\/\/qqpets.com\/#organization"},"potentialAction":[{"@type":"SearchAction","target":{"@type":"EntryPoint","urlTemplate":"https:\/\/qqpets.com\/?s={search_term_string}"},"query-input":{"@type":"PropertyValueSpecification","valueRequired":true,"valueName":"search_term_string"}}],"inLanguage":"pt-BR"},{"@type":"Organization","@id":"https:\/\/qqpets.com\/#organization","name":"QQPETS","url":"https:\/\/qqpets.com\/","logo":{"@type":"ImageObject","inLanguage":"pt-BR","@id":"https:\/\/qqpets.com\/#\/schema\/logo\/image\/","url":"https:\/\/qqpets.com\/wp-content\/uploads\/2023\/09\/cropped-cropped-qqpets-tiktok.jpg","contentUrl":"https:\/\/qqpets.com\/wp-content\/uploads\/2023\/09\/cropped-cropped-qqpets-tiktok.jpg","width":511,"height":511,"caption":"QQPETS"},"image":{"@id":"https:\/\/qqpets.com\/#\/schema\/logo\/image\/"},"sameAs":["https:\/\/www.facebook.com\/QQpetsdogcollars","https:\/\/www.instagram.com\/qqpetscollar\/","https:\/\/www.pinterest.com\/qqpetsdogcollarsfactory\/"]}]}},"_links":{"self":[{"href":"https:\/\/qqpets.com\/pt\/wp-json\/wp\/v2\/product\/8416","targetHints":{"allow":["GET"]}}],"collection":[{"href":"https:\/\/qqpets.com\/pt\/wp-json\/wp\/v2\/product"}],"about":[{"href":"https:\/\/qqpets.com\/pt\/wp-json\/wp\/v2\/types\/product"}],"wp:featuredmedia":[{"embeddable":true,"href":"https:\/\/qqpets.com\/pt\/wp-json\/wp\/v2\/media\/8417"}],"wp:attachment":[{"href":"https:\/\/qqpets.com\/pt\/wp-json\/wp\/v2\/media?parent=8416"}],"wp:term":[{"taxonomy":"product_brand","embeddable":true,"href":"https:\/\/qqpets.com\/pt\/wp-json\/wp\/v2\/product_brand?post=8416"},{"taxonomy":"product_cat","embeddable":true,"href":"https:\/\/qqpets.com\/pt\/wp-json\/wp\/v2\/product_cat?post=8416"},{"taxonomy":"product_tag","embeddable":true,"href":"https:\/\/qqpets.com\/pt\/wp-json\/wp\/v2\/product_tag?post=8416"}],"curies":[{"name":"wp","href":"https:\/\/api.w.org\/{rel}","templated":true}]}}