{"id":8425,"date":"2024-09-30T12:01:12","date_gmt":"2024-09-30T04:01:12","guid":{"rendered":"https:\/\/qqpets.com\/?post_type=product&#038;p=8425"},"modified":"2024-09-30T12:01:12","modified_gmt":"2024-09-30T04:01:12","slug":"nylon-double-two-dog-leash-coupler","status":"publish","type":"product","link":"https:\/\/qqpets.com\/pt\/produto\/nylon-double-two-dog-leash-coupler\/","title":{"rendered":"Engate de Nylon para duas coleiras para c\u00e3es"},"content":{"rendered":"<p>Descubra a conveni\u00eancia de passear com dois c\u00e3es ao mesmo tempo com o acoplador de nylon Double Two Dog Leash Coupler. Projetado especificamente para donos de animais com v\u00e1rios c\u00e3es, esse acoplador permite passeios suaves e controlados sem o inc\u00f4modo de fazer malabarismos com duas coleiras separadas.<\/p>\n<p><strong>Principais recursos:<\/strong><\/p>\n<ul>\n<li><strong>Nylon de alta qualidade:<\/strong> Fabricada em nylon premium, essa guia \u00e9 dur\u00e1vel e leve, projetada para suportar os rigores de lidar com dois c\u00e3es ao mesmo tempo.<\/li>\n<li><strong>Comprimento ajust\u00e1vel:<\/strong> Cada lado da guia pode ser ajustado de forma independente, permitindo que voc\u00ea personalize a dist\u00e2ncia entre seus animais de estima\u00e7\u00e3o com base no tamanho e nos h\u00e1bitos de caminhada deles.<\/li>\n<li><strong>Clipes girat\u00f3rios resistentes:<\/strong> Equipado com clipes girat\u00f3rios robustos, esse acoplador se prende com seguran\u00e7a \u00e0s coleiras ou arreios de seus c\u00e3es, garantindo que eles permane\u00e7am conectados com seguran\u00e7a.<\/li>\n<li><strong>Design sem emaranhados:<\/strong> O design girat\u00f3rio exclusivo evita que as guias se enrosquem, mesmo quando seus c\u00e3es cruzam caminhos, permitindo uma experi\u00eancia de passeio sem estresse.<\/li>\n<li><strong>Manuseio confort\u00e1vel:<\/strong> Apresenta uma textura suave que \u00e9 f\u00e1cil para suas m\u00e3os, mesmo durante caminhadas mais longas, garantindo o m\u00e1ximo de conforto.<\/li>\n<\/ul>\n<p>Seja para passear pelo parque ou transitar por cal\u00e7adas movimentadas, a Coleira para C\u00e3es Coupler Nylon Double Two simplifica suas caminhadas, mantendo seus animais de estima\u00e7\u00e3o com seguran\u00e7a e conforto ao seu lado. Ideal para todas as ra\u00e7as e tamanhos de c\u00e3es, \u00e9 uma ferramenta indispens\u00e1vel para os donos de animais de estima\u00e7\u00e3o que desejam aproveitar o ar livre com seus familiares peludos.<\/p>\n<p><strong>As coleiras duplas para c\u00e3es s\u00e3o boas?<\/strong><\/p>\n<p>As coleiras duplas para c\u00e3es podem ser boas para passear com dois c\u00e3es simultaneamente, permitindo melhor controle e conveni\u00eancia do que usar duas coleiras separadas. Entretanto, elas funcionam melhor se os c\u00e3es forem semelhantes em tamanho e temperamento.<\/p>\n<p><strong>Por que as pessoas usam duas coleiras nos c\u00e3es?<\/strong><\/p>\n<p>As pessoas usam duas coleiras em c\u00e3es para manter um melhor controle sobre cada c\u00e3o individualmente, especialmente quando os c\u00e3es t\u00eam estilos de passeio diferentes ou se um \u00e9 mais reativo do que o outro. Essa configura\u00e7\u00e3o ajuda a gerenciar o comportamento de cada c\u00e3o de forma mais eficaz durante as caminhadas.<\/p>\n<p><strong>\u00c9 poss\u00edvel colocar dois c\u00e3es juntos na coleira?<\/strong><\/p>\n<p>Sim, voc\u00ea pode prender dois c\u00e3es juntos usando uma coleira dupla para c\u00e3es, que se ramifica de uma \u00fanica al\u00e7a em duas coleiras, permitindo que voc\u00ea passeie com dois c\u00e3es com uma m\u00e3o. \u00c9 importante que os c\u00e3es sejam compat\u00edveis em termos de tamanho e comportamento de passeio para evitar emaranhamento e pux\u00f5es.<\/p>\n<p><strong>Como usar uma coleira dupla para c\u00e3es?<\/strong><\/p>\n<p>Prenda cada clipe de guia no arn\u00eas ou na coleira de cada c\u00e3o. Segure a al\u00e7a \u00fanica e permita que a guia seja distribu\u00edda uniformemente entre os dois c\u00e3es. Comece com caminhadas curtas para que os c\u00e3es se acostumem a andar juntos e, ao mesmo tempo, garanta que eles tenham espa\u00e7o suficiente para andar confortavelmente sem interferir um no outro.<\/p>","protected":false},"excerpt":{"rendered":"<p>Perfeito para fam\u00edlias com v\u00e1rios animais de estima\u00e7\u00e3o, este engate duplo de nylon para coleira permite que voc\u00ea passeie com dois c\u00e3es ao mesmo tempo de forma eficiente. Fabricado em nylon de alta resist\u00eancia, ele oferece durabilidade e flexibilidade, garantindo um passeio confort\u00e1vel. As tiras ajust\u00e1veis permitem que voc\u00ea personalize o comprimento para cada c\u00e3o, evitando o emaranhamento e garantindo o conforto individual. Suas presilhas girat\u00f3rias resistentes garantem uma fixa\u00e7\u00e3o segura nas coleiras ou arreios de seus c\u00e3es, tornando suas caminhadas descomplicadas.<\/p>","protected":false},"featured_media":8426,"template":"","meta":[],"product_brand":[],"product_cat":[27],"product_tag":[],"class_list":{"0":"post-8425","1":"product","2":"type-product","3":"status-publish","4":"has-post-thumbnail","6":"product_cat-dog-leash","7":"pa_brand-qqpets","9":"first","10":"instock","11":"shipping-taxable","12":"product-type-simple"},"yoast_head":"<!-- This site is optimized with the Yoast SEO plugin v26.6 - https:\/\/yoast.com\/wordpress\/plugins\/seo\/ -->\n<title>Nylon Double Two Dog Leash Coupler | QQPETS<\/title>\n<meta name=\"description\" content=\"Walk two dogs simultaneously with ease using our durable Nylon Double Dog Leash Coupler. Ideal for multiple pet owners!\" \/>\n<meta name=\"robots\" content=\"index, follow, max-snippet:-1, max-image-preview:large, max-video-preview:-1\" \/>\n<link rel=\"canonical\" href=\"https:\/\/qqpets.com\/pt\/produto\/nylon-double-two-dog-leash-coupler\/\" \/>\n<meta property=\"og:locale\" content=\"pt_BR\" \/>\n<meta property=\"og:type\" content=\"article\" \/>\n<meta property=\"og:title\" content=\"Nylon Double Two Dog Leash Coupler | QQPETS\" \/>\n<meta property=\"og:description\" content=\"Walk two dogs simultaneously with ease using our durable Nylon Double Dog Leash Coupler. Ideal for multiple pet owners!\" \/>\n<meta property=\"og:url\" content=\"https:\/\/qqpets.com\/pt\/produto\/nylon-double-two-dog-leash-coupler\/\" \/>\n<meta property=\"og:site_name\" content=\"QQPETS\" \/>\n<meta property=\"article:publisher\" content=\"https:\/\/www.facebook.com\/QQpetsdogcollars\" \/>\n<meta property=\"og:image\" content=\"https:\/\/qqpets.com\/wp-content\/uploads\/2024\/09\/two-dog-leash1.webp\" \/>\n\t<meta property=\"og:image:width\" content=\"500\" \/>\n\t<meta property=\"og:image:height\" content=\"500\" \/>\n\t<meta property=\"og:image:type\" content=\"image\/webp\" \/>\n<meta name=\"twitter:card\" content=\"summary_large_image\" \/>\n<meta name=\"twitter:label1\" content=\"Est. tempo de leitura\" \/>\n\t<meta name=\"twitter:data1\" content=\"3 minutos\" \/>\n<script type=\"application\/ld+json\" class=\"yoast-schema-graph\">{\"@context\":\"https:\/\/schema.org\",\"@graph\":[{\"@type\":\"WebPage\",\"@id\":\"https:\/\/qqpets.com\/product\/nylon-double-two-dog-leash-coupler\/\",\"url\":\"https:\/\/qqpets.com\/product\/nylon-double-two-dog-leash-coupler\/\",\"name\":\"Nylon Double Two Dog Leash Coupler | QQPETS\",\"isPartOf\":{\"@id\":\"https:\/\/qqpets.com\/#website\"},\"primaryImageOfPage\":{\"@id\":\"https:\/\/qqpets.com\/product\/nylon-double-two-dog-leash-coupler\/#primaryimage\"},\"image\":{\"@id\":\"https:\/\/qqpets.com\/product\/nylon-double-two-dog-leash-coupler\/#primaryimage\"},\"thumbnailUrl\":\"https:\/\/qqpets.com\/wp-content\/uploads\/2024\/09\/two-dog-leash1.webp\",\"datePublished\":\"2024-09-30T04:01:12+00:00\",\"description\":\"Walk two dogs simultaneously with ease using our durable Nylon Double Dog Leash Coupler. Ideal for multiple pet owners!\",\"breadcrumb\":{\"@id\":\"https:\/\/qqpets.com\/product\/nylon-double-two-dog-leash-coupler\/#breadcrumb\"},\"inLanguage\":\"pt-BR\",\"potentialAction\":[{\"@type\":\"ReadAction\",\"target\":[\"https:\/\/qqpets.com\/product\/nylon-double-two-dog-leash-coupler\/\"]}]},{\"@type\":\"ImageObject\",\"inLanguage\":\"pt-BR\",\"@id\":\"https:\/\/qqpets.com\/product\/nylon-double-two-dog-leash-coupler\/#primaryimage\",\"url\":\"https:\/\/qqpets.com\/wp-content\/uploads\/2024\/09\/two-dog-leash1.webp\",\"contentUrl\":\"https:\/\/qqpets.com\/wp-content\/uploads\/2024\/09\/two-dog-leash1.webp\",\"width\":500,\"height\":500},{\"@type\":\"BreadcrumbList\",\"@id\":\"https:\/\/qqpets.com\/product\/nylon-double-two-dog-leash-coupler\/#breadcrumb\",\"itemListElement\":[{\"@type\":\"ListItem\",\"position\":1,\"name\":\"Home\",\"item\":\"https:\/\/qqpets.com\/\"},{\"@type\":\"ListItem\",\"position\":2,\"name\":\"Products\",\"item\":\"https:\/\/qqpets.com\/pet-products-manufacturer\/\"},{\"@type\":\"ListItem\",\"position\":3,\"name\":\"Nylon Double Two Dog Leash Coupler\"}]},{\"@type\":\"WebSite\",\"@id\":\"https:\/\/qqpets.com\/#website\",\"url\":\"https:\/\/qqpets.com\/\",\"name\":\"QQPETS\",\"description\":\"QQPETS is a pet products factory for dog harnesses, dog collars, dog leashes and dog accessories with professional customized service since 2005.\",\"publisher\":{\"@id\":\"https:\/\/qqpets.com\/#organization\"},\"potentialAction\":[{\"@type\":\"SearchAction\",\"target\":{\"@type\":\"EntryPoint\",\"urlTemplate\":\"https:\/\/qqpets.com\/?s={search_term_string}\"},\"query-input\":{\"@type\":\"PropertyValueSpecification\",\"valueRequired\":true,\"valueName\":\"search_term_string\"}}],\"inLanguage\":\"pt-BR\"},{\"@type\":\"Organization\",\"@id\":\"https:\/\/qqpets.com\/#organization\",\"name\":\"QQPETS\",\"url\":\"https:\/\/qqpets.com\/\",\"logo\":{\"@type\":\"ImageObject\",\"inLanguage\":\"pt-BR\",\"@id\":\"https:\/\/qqpets.com\/#\/schema\/logo\/image\/\",\"url\":\"https:\/\/qqpets.com\/wp-content\/uploads\/2023\/09\/cropped-cropped-qqpets-tiktok.jpg\",\"contentUrl\":\"https:\/\/qqpets.com\/wp-content\/uploads\/2023\/09\/cropped-cropped-qqpets-tiktok.jpg\",\"width\":511,\"height\":511,\"caption\":\"QQPETS\"},\"image\":{\"@id\":\"https:\/\/qqpets.com\/#\/schema\/logo\/image\/\"},\"sameAs\":[\"https:\/\/www.facebook.com\/QQpetsdogcollars\",\"https:\/\/www.instagram.com\/qqpetscollar\/\",\"https:\/\/www.pinterest.com\/qqpetsdogcollarsfactory\/\"]}]}<\/script>\n<!-- \/ Yoast SEO plugin. -->","yoast_head_json":{"title":"Acoplador de Nylon Duplo para Duas Coleiras para C\u00e3es | QQPETS","description":"Passeie com dois c\u00e3es ao mesmo tempo com facilidade usando nosso dur\u00e1vel engate duplo de nylon para coleira de cachorro. Ideal para quem tem v\u00e1rios animais de estima\u00e7\u00e3o!","robots":{"index":"index","follow":"follow","max-snippet":"max-snippet:-1","max-image-preview":"max-image-preview:large","max-video-preview":"max-video-preview:-1"},"canonical":"https:\/\/qqpets.com\/pt\/produto\/nylon-double-two-dog-leash-coupler\/","og_locale":"pt_BR","og_type":"article","og_title":"Nylon Double Two Dog Leash Coupler | QQPETS","og_description":"Walk two dogs simultaneously with ease using our durable Nylon Double Dog Leash Coupler. Ideal for multiple pet owners!","og_url":"https:\/\/qqpets.com\/pt\/produto\/nylon-double-two-dog-leash-coupler\/","og_site_name":"QQPETS","article_publisher":"https:\/\/www.facebook.com\/QQpetsdogcollars","og_image":[{"width":500,"height":500,"url":"https:\/\/qqpets.com\/wp-content\/uploads\/2024\/09\/two-dog-leash1.webp","type":"image\/webp"}],"twitter_card":"summary_large_image","twitter_misc":{"Est. tempo de leitura":"3 minutos"},"schema":{"@context":"https:\/\/schema.org","@graph":[{"@type":"WebPage","@id":"https:\/\/qqpets.com\/product\/nylon-double-two-dog-leash-coupler\/","url":"https:\/\/qqpets.com\/product\/nylon-double-two-dog-leash-coupler\/","name":"Acoplador de Nylon Duplo para Duas Coleiras para C\u00e3es | QQPETS","isPartOf":{"@id":"https:\/\/qqpets.com\/#website"},"primaryImageOfPage":{"@id":"https:\/\/qqpets.com\/product\/nylon-double-two-dog-leash-coupler\/#primaryimage"},"image":{"@id":"https:\/\/qqpets.com\/product\/nylon-double-two-dog-leash-coupler\/#primaryimage"},"thumbnailUrl":"https:\/\/qqpets.com\/wp-content\/uploads\/2024\/09\/two-dog-leash1.webp","datePublished":"2024-09-30T04:01:12+00:00","description":"Passeie com dois c\u00e3es ao mesmo tempo com facilidade usando nosso dur\u00e1vel engate duplo de nylon para coleira de cachorro. Ideal para quem tem v\u00e1rios animais de estima\u00e7\u00e3o!","breadcrumb":{"@id":"https:\/\/qqpets.com\/product\/nylon-double-two-dog-leash-coupler\/#breadcrumb"},"inLanguage":"pt-BR","potentialAction":[{"@type":"ReadAction","target":["https:\/\/qqpets.com\/product\/nylon-double-two-dog-leash-coupler\/"]}]},{"@type":"ImageObject","inLanguage":"pt-BR","@id":"https:\/\/qqpets.com\/product\/nylon-double-two-dog-leash-coupler\/#primaryimage","url":"https:\/\/qqpets.com\/wp-content\/uploads\/2024\/09\/two-dog-leash1.webp","contentUrl":"https:\/\/qqpets.com\/wp-content\/uploads\/2024\/09\/two-dog-leash1.webp","width":500,"height":500},{"@type":"BreadcrumbList","@id":"https:\/\/qqpets.com\/product\/nylon-double-two-dog-leash-coupler\/#breadcrumb","itemListElement":[{"@type":"ListItem","position":1,"name":"Home","item":"https:\/\/qqpets.com\/"},{"@type":"ListItem","position":2,"name":"Products","item":"https:\/\/qqpets.com\/pet-products-manufacturer\/"},{"@type":"ListItem","position":3,"name":"Nylon Double Two Dog Leash Coupler"}]},{"@type":"WebSite","@id":"https:\/\/qqpets.com\/#website","url":"https:\/\/qqpets.com\/","name":"QQPETS","description":"A QQPETS \u00e9 uma f\u00e1brica de produtos para animais de estima\u00e7\u00e3o que fabrica arreios, coleiras, coleiras para c\u00e3es e acess\u00f3rios para c\u00e3es com servi\u00e7o personalizado profissional desde 2005.","publisher":{"@id":"https:\/\/qqpets.com\/#organization"},"potentialAction":[{"@type":"SearchAction","target":{"@type":"EntryPoint","urlTemplate":"https:\/\/qqpets.com\/?s={search_term_string}"},"query-input":{"@type":"PropertyValueSpecification","valueRequired":true,"valueName":"search_term_string"}}],"inLanguage":"pt-BR"},{"@type":"Organization","@id":"https:\/\/qqpets.com\/#organization","name":"QQPETS","url":"https:\/\/qqpets.com\/","logo":{"@type":"ImageObject","inLanguage":"pt-BR","@id":"https:\/\/qqpets.com\/#\/schema\/logo\/image\/","url":"https:\/\/qqpets.com\/wp-content\/uploads\/2023\/09\/cropped-cropped-qqpets-tiktok.jpg","contentUrl":"https:\/\/qqpets.com\/wp-content\/uploads\/2023\/09\/cropped-cropped-qqpets-tiktok.jpg","width":511,"height":511,"caption":"QQPETS"},"image":{"@id":"https:\/\/qqpets.com\/#\/schema\/logo\/image\/"},"sameAs":["https:\/\/www.facebook.com\/QQpetsdogcollars","https:\/\/www.instagram.com\/qqpetscollar\/","https:\/\/www.pinterest.com\/qqpetsdogcollarsfactory\/"]}]}},"_links":{"self":[{"href":"https:\/\/qqpets.com\/pt\/wp-json\/wp\/v2\/product\/8425","targetHints":{"allow":["GET"]}}],"collection":[{"href":"https:\/\/qqpets.com\/pt\/wp-json\/wp\/v2\/product"}],"about":[{"href":"https:\/\/qqpets.com\/pt\/wp-json\/wp\/v2\/types\/product"}],"wp:featuredmedia":[{"embeddable":true,"href":"https:\/\/qqpets.com\/pt\/wp-json\/wp\/v2\/media\/8426"}],"wp:attachment":[{"href":"https:\/\/qqpets.com\/pt\/wp-json\/wp\/v2\/media?parent=8425"}],"wp:term":[{"taxonomy":"product_brand","embeddable":true,"href":"https:\/\/qqpets.com\/pt\/wp-json\/wp\/v2\/product_brand?post=8425"},{"taxonomy":"product_cat","embeddable":true,"href":"https:\/\/qqpets.com\/pt\/wp-json\/wp\/v2\/product_cat?post=8425"},{"taxonomy":"product_tag","embeddable":true,"href":"https:\/\/qqpets.com\/pt\/wp-json\/wp\/v2\/product_tag?post=8425"}],"curies":[{"name":"wp","href":"https:\/\/api.w.org\/{rel}","templated":true}]}}