{"id":8444,"date":"2024-09-30T16:17:02","date_gmt":"2024-09-30T08:17:02","guid":{"rendered":"https:\/\/qqpets.com\/?post_type=product&#038;p=8444"},"modified":"2024-09-30T16:17:02","modified_gmt":"2024-09-30T08:17:02","slug":"easy-walk-step-in-dog-harness-set","status":"publish","type":"product","link":"https:\/\/qqpets.com\/pt\/produto\/easy-walk-step-in-dog-harness-set\/","title":{"rendered":"Conjunto de arreios para c\u00e3es Easy Walk Step In"},"content":{"rendered":"<p>Apresentamos o conjunto de arreios para c\u00e3es Easy Walk Step In - a solu\u00e7\u00e3o definitiva para passeios sem complica\u00e7\u00f5es com seu amado animal de estima\u00e7\u00e3o. Criado tendo em mente o dono de um animal de estima\u00e7\u00e3o moderno, esse conjunto apresenta um arreio de entrada que elimina as complica\u00e7\u00f5es dos arreios suspensos tradicionais, tornando incrivelmente f\u00e1cil prender seu c\u00e3o sem desconforto.<\/p>\n<p>O peitoral \u00e9 feito de tecido respir\u00e1vel de alta qualidade que mant\u00e9m sua forma e fun\u00e7\u00e3o mesmo ap\u00f3s o uso repetido. As tiras ajust\u00e1veis proporcionam um ajuste personalizado para qualquer tamanho de c\u00e3o, garantindo conforto e evitando fugas. A costura refletiva no peitoral e na guia aumenta a visibilidade durante os passeios matinais ou noturnos, acrescentando uma camada extra de seguran\u00e7a para o seu animal de estima\u00e7\u00e3o.<\/p>\n<p>A coleira correspondente \u00e9 robusta e apresenta um clipe resistente para fixa\u00e7\u00e3o segura, proporcionando controle durante as caminhadas, enquanto a al\u00e7a macia garante conforto para a sua m\u00e3o. O conjunto de arreios para c\u00e3es Easy Walk Step In n\u00e3o \u00e9 apenas pr\u00e1tico, mas tamb\u00e9m elegante, com seu design rosa vibrante que reflete uma personalidade divertida e animada.<\/p>\n<p>Esse produto \u00e9 uma excelente op\u00e7\u00e3o para donos de animais de estima\u00e7\u00e3o que procuram uma combina\u00e7\u00e3o de estilo, seguran\u00e7a e conforto. \u00c9 ideal para passeios di\u00e1rios, visitas ao veterin\u00e1rio ou qualquer aventura ao ar livre com o seu amigo peludo, garantindo que ele tenha uma \u00f3tima apar\u00eancia e permane\u00e7a seguro e confort\u00e1vel. Adequado para c\u00e3es de todas as ra\u00e7as e tamanhos, esse conjunto de arreios simplifica o manuseio do animal de estima\u00e7\u00e3o, tornando-o indispens\u00e1vel para a cole\u00e7\u00e3o de acess\u00f3rios do seu c\u00e3o.<\/p>\n<h5><strong>Os arreios com degraus s\u00e3o bons para c\u00e3es?<\/strong><\/h5>\n<p>Sim, os arreios com degraus s\u00e3o bons para c\u00e3es, pois geralmente s\u00e3o f\u00e1ceis de colocar e tirar, distribuem a press\u00e3o uniformemente no peito e nos ombros e t\u00eam menos probabilidade de causar tens\u00e3o no pesco\u00e7o. Eles s\u00e3o especialmente ben\u00e9ficos para c\u00e3es de pequeno e m\u00e9dio porte.<\/p>\n<h5><strong>O arn\u00eas Easy Walk \u00e9 bom para c\u00e3es?<\/strong><\/h5>\n<p>Sim, o arn\u00eas Easy Walk \u00e9 ben\u00e9fico para os c\u00e3es, especialmente para aqueles que puxam, pois apresenta um acess\u00f3rio de coleira frontal que ajuda a redirecionar a for\u00e7a de tra\u00e7\u00e3o do c\u00e3o para o lado e n\u00e3o para a frente, facilitando a caminhada e tornando o treinamento mais eficaz.<\/p>\n<h5><strong>Como colocar um peitoral em um c\u00e3o Easy Walk?<\/strong><\/h5>\n<p>Coloque o peitoral no ch\u00e3o, guie as pernas do c\u00e3o para dentro das aberturas e, em seguida, puxe o peitoral para cima e prenda a fivela na parte traseira. Certifique-se de que a cinta peitoral esteja na horizontal e assentada na parte inferior do esterno, n\u00e3o no pesco\u00e7o.<\/p>\n<h5><strong>Como fa\u00e7o para que meu c\u00e3o coloque o peitoral no lugar?<\/strong><\/h5>\n<p>Coloque o peitoral no ch\u00e3o e use petiscos para atrair o c\u00e3o a entrar em cada abertura das pernas. Quando ele entrar, puxe gentilmente o arn\u00eas para cima e sobre as costas dele e prenda os fechos, elogiando-o e dando guloseimas para criar uma experi\u00eancia positiva.<\/p>","protected":false},"excerpt":{"rendered":"<p>Nosso conjunto de arreios para c\u00e3es Easy Walk Step In foi projetado para proporcionar o m\u00e1ximo de conforto e facilidade de uso. Esse conjunto completo inclui um peitoral leve e uma coleira combinando, ideal para caminhadas di\u00e1rias. O arreio apresenta um design sem pux\u00f5es para evitar estresse no pesco\u00e7o do seu c\u00e3o, enquanto o tecido macio e respir\u00e1vel garante conforto mesmo durante o uso prolongado. As fivelas de libera\u00e7\u00e3o r\u00e1pida facilitam a coloca\u00e7\u00e3o e a retirada, garantindo sempre uma experi\u00eancia sem complica\u00e7\u00f5es. Perfeita para todas as ra\u00e7as, ela combina funcionalidade com estilo e vem em uma cor rosa vibrante que garante que seu c\u00e3o se destaque e permane\u00e7a seguro.<\/p>","protected":false},"featured_media":8445,"template":"","meta":[],"product_brand":[],"product_cat":[23],"product_tag":[],"class_list":{"0":"post-8444","1":"product","2":"type-product","3":"status-publish","4":"has-post-thumbnail","6":"product_cat-dog-harness","7":"pa_brand-qqpets","9":"first","10":"instock","11":"shipping-taxable","12":"product-type-simple"},"yoast_head":"<!-- This site is optimized with the Yoast SEO plugin v26.6 - https:\/\/yoast.com\/wordpress\/plugins\/seo\/ -->\n<title>Easy Walk Step In Dog Harness Set | QQPETS<\/title>\n<meta name=\"description\" content=\"Enhance your dog&#039;s comfort and safety with our Easy Walk Step In Dog Harness Set, perfect for daily use.\" \/>\n<meta name=\"robots\" content=\"index, follow, max-snippet:-1, max-image-preview:large, max-video-preview:-1\" \/>\n<link rel=\"canonical\" href=\"https:\/\/qqpets.com\/pt\/produto\/easy-walk-step-in-dog-harness-set\/\" \/>\n<meta property=\"og:locale\" content=\"pt_BR\" \/>\n<meta property=\"og:type\" content=\"article\" \/>\n<meta property=\"og:title\" content=\"Easy Walk Step In Dog Harness Set | QQPETS\" \/>\n<meta property=\"og:description\" content=\"Enhance your dog&#039;s comfort and safety with our Easy Walk Step In Dog Harness Set, perfect for daily use.\" \/>\n<meta property=\"og:url\" content=\"https:\/\/qqpets.com\/pt\/produto\/easy-walk-step-in-dog-harness-set\/\" \/>\n<meta property=\"og:site_name\" content=\"QQPETS\" \/>\n<meta property=\"article:publisher\" content=\"https:\/\/www.facebook.com\/QQpetsdogcollars\" \/>\n<meta property=\"og:image\" content=\"https:\/\/qqpets.com\/wp-content\/uploads\/2024\/09\/step-in-dog-harness-set5.webp\" \/>\n\t<meta property=\"og:image:width\" content=\"800\" \/>\n\t<meta property=\"og:image:height\" content=\"800\" \/>\n\t<meta property=\"og:image:type\" content=\"image\/webp\" \/>\n<meta name=\"twitter:card\" content=\"summary_large_image\" \/>\n<meta name=\"twitter:label1\" content=\"Est. tempo de leitura\" \/>\n\t<meta name=\"twitter:data1\" content=\"3 minutos\" \/>\n<script type=\"application\/ld+json\" class=\"yoast-schema-graph\">{\"@context\":\"https:\/\/schema.org\",\"@graph\":[{\"@type\":\"WebPage\",\"@id\":\"https:\/\/qqpets.com\/product\/easy-walk-step-in-dog-harness-set\/\",\"url\":\"https:\/\/qqpets.com\/product\/easy-walk-step-in-dog-harness-set\/\",\"name\":\"Easy Walk Step In Dog Harness Set | QQPETS\",\"isPartOf\":{\"@id\":\"https:\/\/qqpets.com\/#website\"},\"primaryImageOfPage\":{\"@id\":\"https:\/\/qqpets.com\/product\/easy-walk-step-in-dog-harness-set\/#primaryimage\"},\"image\":{\"@id\":\"https:\/\/qqpets.com\/product\/easy-walk-step-in-dog-harness-set\/#primaryimage\"},\"thumbnailUrl\":\"https:\/\/qqpets.com\/wp-content\/uploads\/2024\/09\/step-in-dog-harness-set5.webp\",\"datePublished\":\"2024-09-30T08:17:02+00:00\",\"description\":\"Enhance your dog's comfort and safety with our Easy Walk Step In Dog Harness Set, perfect for daily use.\",\"breadcrumb\":{\"@id\":\"https:\/\/qqpets.com\/product\/easy-walk-step-in-dog-harness-set\/#breadcrumb\"},\"inLanguage\":\"pt-BR\",\"potentialAction\":[{\"@type\":\"ReadAction\",\"target\":[\"https:\/\/qqpets.com\/product\/easy-walk-step-in-dog-harness-set\/\"]}]},{\"@type\":\"ImageObject\",\"inLanguage\":\"pt-BR\",\"@id\":\"https:\/\/qqpets.com\/product\/easy-walk-step-in-dog-harness-set\/#primaryimage\",\"url\":\"https:\/\/qqpets.com\/wp-content\/uploads\/2024\/09\/step-in-dog-harness-set5.webp\",\"contentUrl\":\"https:\/\/qqpets.com\/wp-content\/uploads\/2024\/09\/step-in-dog-harness-set5.webp\",\"width\":800,\"height\":800},{\"@type\":\"BreadcrumbList\",\"@id\":\"https:\/\/qqpets.com\/product\/easy-walk-step-in-dog-harness-set\/#breadcrumb\",\"itemListElement\":[{\"@type\":\"ListItem\",\"position\":1,\"name\":\"Home\",\"item\":\"https:\/\/qqpets.com\/\"},{\"@type\":\"ListItem\",\"position\":2,\"name\":\"Products\",\"item\":\"https:\/\/qqpets.com\/pet-products-manufacturer\/\"},{\"@type\":\"ListItem\",\"position\":3,\"name\":\"Easy Walk Step In Dog Harness Set\"}]},{\"@type\":\"WebSite\",\"@id\":\"https:\/\/qqpets.com\/#website\",\"url\":\"https:\/\/qqpets.com\/\",\"name\":\"QQPETS\",\"description\":\"QQPETS is a pet products factory for dog harnesses, dog collars, dog leashes and dog accessories with professional customized service since 2005.\",\"publisher\":{\"@id\":\"https:\/\/qqpets.com\/#organization\"},\"potentialAction\":[{\"@type\":\"SearchAction\",\"target\":{\"@type\":\"EntryPoint\",\"urlTemplate\":\"https:\/\/qqpets.com\/?s={search_term_string}\"},\"query-input\":{\"@type\":\"PropertyValueSpecification\",\"valueRequired\":true,\"valueName\":\"search_term_string\"}}],\"inLanguage\":\"pt-BR\"},{\"@type\":\"Organization\",\"@id\":\"https:\/\/qqpets.com\/#organization\",\"name\":\"QQPETS\",\"url\":\"https:\/\/qqpets.com\/\",\"logo\":{\"@type\":\"ImageObject\",\"inLanguage\":\"pt-BR\",\"@id\":\"https:\/\/qqpets.com\/#\/schema\/logo\/image\/\",\"url\":\"https:\/\/qqpets.com\/wp-content\/uploads\/2023\/09\/cropped-cropped-qqpets-tiktok.jpg\",\"contentUrl\":\"https:\/\/qqpets.com\/wp-content\/uploads\/2023\/09\/cropped-cropped-qqpets-tiktok.jpg\",\"width\":511,\"height\":511,\"caption\":\"QQPETS\"},\"image\":{\"@id\":\"https:\/\/qqpets.com\/#\/schema\/logo\/image\/\"},\"sameAs\":[\"https:\/\/www.facebook.com\/QQpetsdogcollars\",\"https:\/\/www.instagram.com\/qqpetscollar\/\",\"https:\/\/www.pinterest.com\/qqpetsdogcollarsfactory\/\"]}]}<\/script>\n<!-- \/ Yoast SEO plugin. -->","yoast_head_json":{"title":"Conjunto de arreios para c\u00e3es Easy Walk Step In | QQPETS","description":"Aumente o conforto e a seguran\u00e7a do seu c\u00e3o com o nosso conjunto de arreios para c\u00e3es Easy Walk Step In, perfeito para o uso di\u00e1rio.","robots":{"index":"index","follow":"follow","max-snippet":"max-snippet:-1","max-image-preview":"max-image-preview:large","max-video-preview":"max-video-preview:-1"},"canonical":"https:\/\/qqpets.com\/pt\/produto\/easy-walk-step-in-dog-harness-set\/","og_locale":"pt_BR","og_type":"article","og_title":"Easy Walk Step In Dog Harness Set | QQPETS","og_description":"Enhance your dog's comfort and safety with our Easy Walk Step In Dog Harness Set, perfect for daily use.","og_url":"https:\/\/qqpets.com\/pt\/produto\/easy-walk-step-in-dog-harness-set\/","og_site_name":"QQPETS","article_publisher":"https:\/\/www.facebook.com\/QQpetsdogcollars","og_image":[{"width":800,"height":800,"url":"https:\/\/qqpets.com\/wp-content\/uploads\/2024\/09\/step-in-dog-harness-set5.webp","type":"image\/webp"}],"twitter_card":"summary_large_image","twitter_misc":{"Est. tempo de leitura":"3 minutos"},"schema":{"@context":"https:\/\/schema.org","@graph":[{"@type":"WebPage","@id":"https:\/\/qqpets.com\/product\/easy-walk-step-in-dog-harness-set\/","url":"https:\/\/qqpets.com\/product\/easy-walk-step-in-dog-harness-set\/","name":"Conjunto de arreios para c\u00e3es Easy Walk Step In | QQPETS","isPartOf":{"@id":"https:\/\/qqpets.com\/#website"},"primaryImageOfPage":{"@id":"https:\/\/qqpets.com\/product\/easy-walk-step-in-dog-harness-set\/#primaryimage"},"image":{"@id":"https:\/\/qqpets.com\/product\/easy-walk-step-in-dog-harness-set\/#primaryimage"},"thumbnailUrl":"https:\/\/qqpets.com\/wp-content\/uploads\/2024\/09\/step-in-dog-harness-set5.webp","datePublished":"2024-09-30T08:17:02+00:00","description":"Aumente o conforto e a seguran\u00e7a do seu c\u00e3o com o nosso conjunto de arreios para c\u00e3es Easy Walk Step In, perfeito para o uso di\u00e1rio.","breadcrumb":{"@id":"https:\/\/qqpets.com\/product\/easy-walk-step-in-dog-harness-set\/#breadcrumb"},"inLanguage":"pt-BR","potentialAction":[{"@type":"ReadAction","target":["https:\/\/qqpets.com\/product\/easy-walk-step-in-dog-harness-set\/"]}]},{"@type":"ImageObject","inLanguage":"pt-BR","@id":"https:\/\/qqpets.com\/product\/easy-walk-step-in-dog-harness-set\/#primaryimage","url":"https:\/\/qqpets.com\/wp-content\/uploads\/2024\/09\/step-in-dog-harness-set5.webp","contentUrl":"https:\/\/qqpets.com\/wp-content\/uploads\/2024\/09\/step-in-dog-harness-set5.webp","width":800,"height":800},{"@type":"BreadcrumbList","@id":"https:\/\/qqpets.com\/product\/easy-walk-step-in-dog-harness-set\/#breadcrumb","itemListElement":[{"@type":"ListItem","position":1,"name":"Home","item":"https:\/\/qqpets.com\/"},{"@type":"ListItem","position":2,"name":"Products","item":"https:\/\/qqpets.com\/pet-products-manufacturer\/"},{"@type":"ListItem","position":3,"name":"Easy Walk Step In Dog Harness Set"}]},{"@type":"WebSite","@id":"https:\/\/qqpets.com\/#website","url":"https:\/\/qqpets.com\/","name":"QQPETS","description":"A QQPETS \u00e9 uma f\u00e1brica de produtos para animais de estima\u00e7\u00e3o que fabrica arreios, coleiras, coleiras para c\u00e3es e acess\u00f3rios para c\u00e3es com servi\u00e7o personalizado profissional desde 2005.","publisher":{"@id":"https:\/\/qqpets.com\/#organization"},"potentialAction":[{"@type":"SearchAction","target":{"@type":"EntryPoint","urlTemplate":"https:\/\/qqpets.com\/?s={search_term_string}"},"query-input":{"@type":"PropertyValueSpecification","valueRequired":true,"valueName":"search_term_string"}}],"inLanguage":"pt-BR"},{"@type":"Organization","@id":"https:\/\/qqpets.com\/#organization","name":"QQPETS","url":"https:\/\/qqpets.com\/","logo":{"@type":"ImageObject","inLanguage":"pt-BR","@id":"https:\/\/qqpets.com\/#\/schema\/logo\/image\/","url":"https:\/\/qqpets.com\/wp-content\/uploads\/2023\/09\/cropped-cropped-qqpets-tiktok.jpg","contentUrl":"https:\/\/qqpets.com\/wp-content\/uploads\/2023\/09\/cropped-cropped-qqpets-tiktok.jpg","width":511,"height":511,"caption":"QQPETS"},"image":{"@id":"https:\/\/qqpets.com\/#\/schema\/logo\/image\/"},"sameAs":["https:\/\/www.facebook.com\/QQpetsdogcollars","https:\/\/www.instagram.com\/qqpetscollar\/","https:\/\/www.pinterest.com\/qqpetsdogcollarsfactory\/"]}]}},"_links":{"self":[{"href":"https:\/\/qqpets.com\/pt\/wp-json\/wp\/v2\/product\/8444","targetHints":{"allow":["GET"]}}],"collection":[{"href":"https:\/\/qqpets.com\/pt\/wp-json\/wp\/v2\/product"}],"about":[{"href":"https:\/\/qqpets.com\/pt\/wp-json\/wp\/v2\/types\/product"}],"wp:featuredmedia":[{"embeddable":true,"href":"https:\/\/qqpets.com\/pt\/wp-json\/wp\/v2\/media\/8445"}],"wp:attachment":[{"href":"https:\/\/qqpets.com\/pt\/wp-json\/wp\/v2\/media?parent=8444"}],"wp:term":[{"taxonomy":"product_brand","embeddable":true,"href":"https:\/\/qqpets.com\/pt\/wp-json\/wp\/v2\/product_brand?post=8444"},{"taxonomy":"product_cat","embeddable":true,"href":"https:\/\/qqpets.com\/pt\/wp-json\/wp\/v2\/product_cat?post=8444"},{"taxonomy":"product_tag","embeddable":true,"href":"https:\/\/qqpets.com\/pt\/wp-json\/wp\/v2\/product_tag?post=8444"}],"curies":[{"name":"wp","href":"https:\/\/api.w.org\/{rel}","templated":true}]}}