{"id":8450,"date":"2024-09-30T16:45:10","date_gmt":"2024-09-30T08:45:10","guid":{"rendered":"https:\/\/qqpets.com\/?post_type=product&#038;p=8450"},"modified":"2024-09-30T16:46:41","modified_gmt":"2024-09-30T08:46:41","slug":"air-tag-dog-collar-case","status":"publish","type":"product","link":"https:\/\/qqpets.com\/pt\/produto\/air-tag-dog-collar-case\/","title":{"rendered":"Estojo para coleira Air Tag"},"content":{"rendered":"<p>Descubra a maneira perfeita de manter seu animal de estima\u00e7\u00e3o seguro e com estilo com o nosso estojo para coleira AirTag para c\u00e3es. Esse estojo foi criado especificamente para os donos de animais que desejam utilizar a moderna tecnologia de rastreamento sem comprometer o estilo ou a durabilidade.<\/p>\n<p><strong>Principais recursos:<\/strong><\/p>\n<ul>\n<li><strong>Material dur\u00e1vel:<\/strong> Fabricado em um tecido leve e robusto, esse estojo \u00e9 resistente a arranh\u00f5es e lav\u00e1vel, garantindo uso duradouro e f\u00e1cil manuten\u00e7\u00e3o.<\/li>\n<li><strong>Prote\u00e7\u00e3o abrangente:<\/strong> Projetado para proteger o AirTag contra \u00e1gua, poeira e arranh\u00f5es, o estojo garante que o rastreador permane\u00e7a em perfeitas condi\u00e7\u00f5es, protegendo seu investimento e mantendo seu animal de estima\u00e7\u00e3o localiz\u00e1vel em qualquer ambiente.<\/li>\n<li><strong>Designs de moda:<\/strong> Dispon\u00edvel em uma ampla variedade de padr\u00f5es e cores, esse estojo para coleira permite a personaliza\u00e7\u00e3o do visual do seu animal de estima\u00e7\u00e3o. Escolha entre estampas divertidas e designs elegantes que garantem que seu animal de estima\u00e7\u00e3o se destaque e permane\u00e7a seguro.<\/li>\n<li><strong>F\u00e1cil de usar:<\/strong> O estojo pode ser rapidamente preso a qualquer coleira padr\u00e3o para animais de estima\u00e7\u00e3o (0,5 a 1,2 polegadas de largura), oferecendo um ajuste confort\u00e1vel e seguro que evita a perda ou danos ao AirTag durante brincadeiras ativas ou per\u00edodos de descanso.<\/li>\n<li><strong>Versatilidade:<\/strong> Embora tenha sido projetado para AirTags, o inv\u00f3lucro flex\u00edvel desse estojo o torna adequado para outros dispositivos de rastreamento de tamanho semelhante, oferecendo versatilidade para diferentes necessidades dos donos de animais de estima\u00e7\u00e3o.<\/li>\n<\/ul>\n<p>Aumente a seguran\u00e7a do seu animal de estima\u00e7\u00e3o com o nosso estojo para coleira AirTag. Ele n\u00e3o \u00e9 apenas um acess\u00f3rio, mas uma necessidade para a seguran\u00e7a moderna dos animais de estima\u00e7\u00e3o, garantindo que eles permane\u00e7am seguros e elegantes, seja em casa ou em tr\u00e2nsito. Ideal para donos de animais atenciosos, esse estojo \u00e9 um \u00f3timo complemento para qualquer kit de ferramentas de seguran\u00e7a para animais de estima\u00e7\u00e3o.<\/p>\n<h5><strong>\u00c9 seguro colocar um AirTag na coleira de um c\u00e3o?<\/strong><\/h5>\n<p>Sim, \u00e9 seguro colocar um AirTag na coleira de um c\u00e3o, desde que esteja bem preso e que o c\u00e3o n\u00e3o possa mastig\u00e1-lo. \u00c9 uma maneira conveniente de rastrear a localiza\u00e7\u00e3o de seu c\u00e3o caso ele se perca.<\/p>\n<h5><strong>O AirTag funciona em um cachorro?<\/strong><\/h5>\n<p>Sim, um AirTag pode funcionar em um c\u00e3o, bastando prend\u00ea-lo \u00e0 coleira. Ele usa a tecnologia Bluetooth para fornecer atualiza\u00e7\u00f5es de localiza\u00e7\u00e3o aos seus dispositivos Apple, ajudando voc\u00ea a rastrear o paradeiro do seu animal de estima\u00e7\u00e3o.<\/p>\n<h5><strong>Como voc\u00ea prende um AirTag em uma coleira de cachorro?<\/strong><\/h5>\n<p>Prenda um AirTag em uma coleira de cachorro usando um suporte projetado especificamente para AirTags. Esses suportes podem ser presos ou presos \u00e0 coleira, garantindo que o AirTag permane\u00e7a firmemente no lugar.<\/p>\n<h5><strong>O AirTag \u00e9 \u00e0 prova d'\u00e1gua?<\/strong><\/h5>\n<p>Sim, o AirTag \u00e9 resistente \u00e0 \u00e1gua com classifica\u00e7\u00e3o IP67, o que significa que ele pode suportar a imers\u00e3o em \u00e1gua a at\u00e9 1 metro de profundidade por cerca de 30 minutos, o que o torna adequado para uso em coleiras de c\u00e3es mesmo em condi\u00e7\u00f5es \u00famidas.<\/p>","protected":false},"excerpt":{"rendered":"<p>O estojo para coleira do AirTag combina funcionalidade e estilo, projetado especificamente para prender o AirTag na coleira do c\u00e3o e oferecer prote\u00e7\u00e3o superior contra os elementos. Fabricado com materiais dur\u00e1veis e lav\u00e1veis, ele foi criado para resistir ao desgaste di\u00e1rio, mantendo o AirTag protegido contra poeira, arranh\u00f5es e \u00e1gua. Seu design adapt\u00e1vel se ajusta \u00e0 maioria das coleiras e vem em v\u00e1rias cores e padr\u00f5es, perfeito para dar um toque de estilo ao conjunto di\u00e1rio do seu animal de estima\u00e7\u00e3o.<\/p>","protected":false},"featured_media":8451,"template":"","meta":[],"product_brand":[],"product_cat":[26],"product_tag":[],"class_list":{"0":"post-8450","1":"product","2":"type-product","3":"status-publish","4":"has-post-thumbnail","6":"product_cat-dog-collar","7":"pa_brand-qqpets","9":"first","10":"instock","11":"shipping-taxable","12":"product-type-simple"},"yoast_head":"<!-- This site is optimized with the Yoast SEO plugin v26.6 - https:\/\/yoast.com\/wordpress\/plugins\/seo\/ -->\n<title>Air Tag Dog Collar Case | QQPETS<\/title>\n<meta name=\"description\" content=\"Secure and stylish AirTag Dog Collar Case, ideal for protecting your pet&#039;s tracker.\" \/>\n<meta name=\"robots\" content=\"index, follow, max-snippet:-1, max-image-preview:large, max-video-preview:-1\" \/>\n<link rel=\"canonical\" href=\"https:\/\/qqpets.com\/pt\/produto\/air-tag-dog-collar-case\/\" \/>\n<meta property=\"og:locale\" content=\"pt_BR\" \/>\n<meta property=\"og:type\" content=\"article\" \/>\n<meta property=\"og:title\" content=\"Air Tag Dog Collar Case | QQPETS\" \/>\n<meta property=\"og:description\" content=\"Secure and stylish AirTag Dog Collar Case, ideal for protecting your pet&#039;s tracker.\" \/>\n<meta property=\"og:url\" content=\"https:\/\/qqpets.com\/pt\/produto\/air-tag-dog-collar-case\/\" \/>\n<meta property=\"og:site_name\" content=\"QQPETS\" \/>\n<meta property=\"article:publisher\" content=\"https:\/\/www.facebook.com\/QQpetsdogcollars\" \/>\n<meta property=\"article:modified_time\" content=\"2024-09-30T08:46:41+00:00\" \/>\n<meta property=\"og:image\" content=\"https:\/\/qqpets.com\/wp-content\/uploads\/2024\/09\/airtag-dog-collar1.webp\" \/>\n\t<meta property=\"og:image:width\" content=\"800\" \/>\n\t<meta property=\"og:image:height\" content=\"800\" \/>\n\t<meta property=\"og:image:type\" content=\"image\/webp\" \/>\n<meta name=\"twitter:card\" content=\"summary_large_image\" \/>\n<meta name=\"twitter:label1\" content=\"Est. tempo de leitura\" \/>\n\t<meta name=\"twitter:data1\" content=\"3 minutos\" \/>\n<script type=\"application\/ld+json\" class=\"yoast-schema-graph\">{\"@context\":\"https:\/\/schema.org\",\"@graph\":[{\"@type\":\"WebPage\",\"@id\":\"https:\/\/qqpets.com\/product\/air-tag-dog-collar-case\/\",\"url\":\"https:\/\/qqpets.com\/product\/air-tag-dog-collar-case\/\",\"name\":\"Air Tag Dog Collar Case | QQPETS\",\"isPartOf\":{\"@id\":\"https:\/\/qqpets.com\/#website\"},\"primaryImageOfPage\":{\"@id\":\"https:\/\/qqpets.com\/product\/air-tag-dog-collar-case\/#primaryimage\"},\"image\":{\"@id\":\"https:\/\/qqpets.com\/product\/air-tag-dog-collar-case\/#primaryimage\"},\"thumbnailUrl\":\"https:\/\/qqpets.com\/wp-content\/uploads\/2024\/09\/airtag-dog-collar1.webp\",\"datePublished\":\"2024-09-30T08:45:10+00:00\",\"dateModified\":\"2024-09-30T08:46:41+00:00\",\"description\":\"Secure and stylish AirTag Dog Collar Case, ideal for protecting your pet's tracker.\",\"breadcrumb\":{\"@id\":\"https:\/\/qqpets.com\/product\/air-tag-dog-collar-case\/#breadcrumb\"},\"inLanguage\":\"pt-BR\",\"potentialAction\":[{\"@type\":\"ReadAction\",\"target\":[\"https:\/\/qqpets.com\/product\/air-tag-dog-collar-case\/\"]}]},{\"@type\":\"ImageObject\",\"inLanguage\":\"pt-BR\",\"@id\":\"https:\/\/qqpets.com\/product\/air-tag-dog-collar-case\/#primaryimage\",\"url\":\"https:\/\/qqpets.com\/wp-content\/uploads\/2024\/09\/airtag-dog-collar1.webp\",\"contentUrl\":\"https:\/\/qqpets.com\/wp-content\/uploads\/2024\/09\/airtag-dog-collar1.webp\",\"width\":800,\"height\":800},{\"@type\":\"BreadcrumbList\",\"@id\":\"https:\/\/qqpets.com\/product\/air-tag-dog-collar-case\/#breadcrumb\",\"itemListElement\":[{\"@type\":\"ListItem\",\"position\":1,\"name\":\"Home\",\"item\":\"https:\/\/qqpets.com\/\"},{\"@type\":\"ListItem\",\"position\":2,\"name\":\"Products\",\"item\":\"https:\/\/qqpets.com\/pet-products-manufacturer\/\"},{\"@type\":\"ListItem\",\"position\":3,\"name\":\"Air Tag Dog Collar Case\"}]},{\"@type\":\"WebSite\",\"@id\":\"https:\/\/qqpets.com\/#website\",\"url\":\"https:\/\/qqpets.com\/\",\"name\":\"QQPETS\",\"description\":\"QQPETS is a pet products factory for dog harnesses, dog collars, dog leashes and dog accessories with professional customized service since 2005.\",\"publisher\":{\"@id\":\"https:\/\/qqpets.com\/#organization\"},\"potentialAction\":[{\"@type\":\"SearchAction\",\"target\":{\"@type\":\"EntryPoint\",\"urlTemplate\":\"https:\/\/qqpets.com\/?s={search_term_string}\"},\"query-input\":{\"@type\":\"PropertyValueSpecification\",\"valueRequired\":true,\"valueName\":\"search_term_string\"}}],\"inLanguage\":\"pt-BR\"},{\"@type\":\"Organization\",\"@id\":\"https:\/\/qqpets.com\/#organization\",\"name\":\"QQPETS\",\"url\":\"https:\/\/qqpets.com\/\",\"logo\":{\"@type\":\"ImageObject\",\"inLanguage\":\"pt-BR\",\"@id\":\"https:\/\/qqpets.com\/#\/schema\/logo\/image\/\",\"url\":\"https:\/\/qqpets.com\/wp-content\/uploads\/2023\/09\/cropped-cropped-qqpets-tiktok.jpg\",\"contentUrl\":\"https:\/\/qqpets.com\/wp-content\/uploads\/2023\/09\/cropped-cropped-qqpets-tiktok.jpg\",\"width\":511,\"height\":511,\"caption\":\"QQPETS\"},\"image\":{\"@id\":\"https:\/\/qqpets.com\/#\/schema\/logo\/image\/\"},\"sameAs\":[\"https:\/\/www.facebook.com\/QQpetsdogcollars\",\"https:\/\/www.instagram.com\/qqpetscollar\/\",\"https:\/\/www.pinterest.com\/qqpetsdogcollarsfactory\/\"]}]}<\/script>\n<!-- \/ Yoast SEO plugin. -->","yoast_head_json":{"title":"Estojo para coleira Air Tag para c\u00e3es | QQPETS","description":"Capa AirTag Dog Collar segura e elegante, ideal para proteger o rastreador do seu animal de estima\u00e7\u00e3o.","robots":{"index":"index","follow":"follow","max-snippet":"max-snippet:-1","max-image-preview":"max-image-preview:large","max-video-preview":"max-video-preview:-1"},"canonical":"https:\/\/qqpets.com\/pt\/produto\/air-tag-dog-collar-case\/","og_locale":"pt_BR","og_type":"article","og_title":"Air Tag Dog Collar Case | QQPETS","og_description":"Secure and stylish AirTag Dog Collar Case, ideal for protecting your pet's tracker.","og_url":"https:\/\/qqpets.com\/pt\/produto\/air-tag-dog-collar-case\/","og_site_name":"QQPETS","article_publisher":"https:\/\/www.facebook.com\/QQpetsdogcollars","article_modified_time":"2024-09-30T08:46:41+00:00","og_image":[{"width":800,"height":800,"url":"https:\/\/qqpets.com\/wp-content\/uploads\/2024\/09\/airtag-dog-collar1.webp","type":"image\/webp"}],"twitter_card":"summary_large_image","twitter_misc":{"Est. tempo de leitura":"3 minutos"},"schema":{"@context":"https:\/\/schema.org","@graph":[{"@type":"WebPage","@id":"https:\/\/qqpets.com\/product\/air-tag-dog-collar-case\/","url":"https:\/\/qqpets.com\/product\/air-tag-dog-collar-case\/","name":"Estojo para coleira Air Tag para c\u00e3es | QQPETS","isPartOf":{"@id":"https:\/\/qqpets.com\/#website"},"primaryImageOfPage":{"@id":"https:\/\/qqpets.com\/product\/air-tag-dog-collar-case\/#primaryimage"},"image":{"@id":"https:\/\/qqpets.com\/product\/air-tag-dog-collar-case\/#primaryimage"},"thumbnailUrl":"https:\/\/qqpets.com\/wp-content\/uploads\/2024\/09\/airtag-dog-collar1.webp","datePublished":"2024-09-30T08:45:10+00:00","dateModified":"2024-09-30T08:46:41+00:00","description":"Capa AirTag Dog Collar segura e elegante, ideal para proteger o rastreador do seu animal de estima\u00e7\u00e3o.","breadcrumb":{"@id":"https:\/\/qqpets.com\/product\/air-tag-dog-collar-case\/#breadcrumb"},"inLanguage":"pt-BR","potentialAction":[{"@type":"ReadAction","target":["https:\/\/qqpets.com\/product\/air-tag-dog-collar-case\/"]}]},{"@type":"ImageObject","inLanguage":"pt-BR","@id":"https:\/\/qqpets.com\/product\/air-tag-dog-collar-case\/#primaryimage","url":"https:\/\/qqpets.com\/wp-content\/uploads\/2024\/09\/airtag-dog-collar1.webp","contentUrl":"https:\/\/qqpets.com\/wp-content\/uploads\/2024\/09\/airtag-dog-collar1.webp","width":800,"height":800},{"@type":"BreadcrumbList","@id":"https:\/\/qqpets.com\/product\/air-tag-dog-collar-case\/#breadcrumb","itemListElement":[{"@type":"ListItem","position":1,"name":"Home","item":"https:\/\/qqpets.com\/"},{"@type":"ListItem","position":2,"name":"Products","item":"https:\/\/qqpets.com\/pet-products-manufacturer\/"},{"@type":"ListItem","position":3,"name":"Air Tag Dog Collar Case"}]},{"@type":"WebSite","@id":"https:\/\/qqpets.com\/#website","url":"https:\/\/qqpets.com\/","name":"QQPETS","description":"A QQPETS \u00e9 uma f\u00e1brica de produtos para animais de estima\u00e7\u00e3o que fabrica arreios, coleiras, coleiras para c\u00e3es e acess\u00f3rios para c\u00e3es com servi\u00e7o personalizado profissional desde 2005.","publisher":{"@id":"https:\/\/qqpets.com\/#organization"},"potentialAction":[{"@type":"SearchAction","target":{"@type":"EntryPoint","urlTemplate":"https:\/\/qqpets.com\/?s={search_term_string}"},"query-input":{"@type":"PropertyValueSpecification","valueRequired":true,"valueName":"search_term_string"}}],"inLanguage":"pt-BR"},{"@type":"Organization","@id":"https:\/\/qqpets.com\/#organization","name":"QQPETS","url":"https:\/\/qqpets.com\/","logo":{"@type":"ImageObject","inLanguage":"pt-BR","@id":"https:\/\/qqpets.com\/#\/schema\/logo\/image\/","url":"https:\/\/qqpets.com\/wp-content\/uploads\/2023\/09\/cropped-cropped-qqpets-tiktok.jpg","contentUrl":"https:\/\/qqpets.com\/wp-content\/uploads\/2023\/09\/cropped-cropped-qqpets-tiktok.jpg","width":511,"height":511,"caption":"QQPETS"},"image":{"@id":"https:\/\/qqpets.com\/#\/schema\/logo\/image\/"},"sameAs":["https:\/\/www.facebook.com\/QQpetsdogcollars","https:\/\/www.instagram.com\/qqpetscollar\/","https:\/\/www.pinterest.com\/qqpetsdogcollarsfactory\/"]}]}},"_links":{"self":[{"href":"https:\/\/qqpets.com\/pt\/wp-json\/wp\/v2\/product\/8450","targetHints":{"allow":["GET"]}}],"collection":[{"href":"https:\/\/qqpets.com\/pt\/wp-json\/wp\/v2\/product"}],"about":[{"href":"https:\/\/qqpets.com\/pt\/wp-json\/wp\/v2\/types\/product"}],"wp:featuredmedia":[{"embeddable":true,"href":"https:\/\/qqpets.com\/pt\/wp-json\/wp\/v2\/media\/8451"}],"wp:attachment":[{"href":"https:\/\/qqpets.com\/pt\/wp-json\/wp\/v2\/media?parent=8450"}],"wp:term":[{"taxonomy":"product_brand","embeddable":true,"href":"https:\/\/qqpets.com\/pt\/wp-json\/wp\/v2\/product_brand?post=8450"},{"taxonomy":"product_cat","embeddable":true,"href":"https:\/\/qqpets.com\/pt\/wp-json\/wp\/v2\/product_cat?post=8450"},{"taxonomy":"product_tag","embeddable":true,"href":"https:\/\/qqpets.com\/pt\/wp-json\/wp\/v2\/product_tag?post=8450"}],"curies":[{"name":"wp","href":"https:\/\/api.w.org\/{rel}","templated":true}]}}