{"id":9207,"date":"2024-11-11T14:31:06","date_gmt":"2024-11-11T06:31:06","guid":{"rendered":"https:\/\/qqpets.com\/?post_type=product&#038;p=9207"},"modified":"2024-11-11T14:31:06","modified_gmt":"2024-11-11T06:31:06","slug":"no-pull-dog-leash","status":"publish","type":"product","link":"https:\/\/qqpets.com\/pt\/produto\/no-pull-dog-leash\/","title":{"rendered":"Coleira para c\u00e3es que n\u00e3o puxa"},"content":{"rendered":"<p>Eleve o n\u00edvel de sua linha de produtos com a coleira Bungee No Pull Dog Leash, criada por especialistas para aumentar a seguran\u00e7a e o conforto durante viagens de carro e passeios. Essa coleira integra um sistema robusto de fivela de assento de carro, projetado para prender seu animal de estima\u00e7\u00e3o no ve\u00edculo e, ao mesmo tempo, evitar movimentos bruscos ou desconforto. O mecanismo de el\u00e1stico permite um estiramento el\u00e1stico que absorve choques e reduz a tens\u00e3o do animal e do dono, ideal para evitar comportamentos de pux\u00e3o de forma eficaz.<\/p>\n<p>A guia \u00e9 feita de materiais dur\u00e1veis e de alta qualidade, garantindo longevidade e confiabilidade sob uso frequente. Sua versatilidade a torna a escolha perfeita para donos de animais que viajam com frequ\u00eancia com seus animais de estima\u00e7\u00e3o e procuram uma solu\u00e7\u00e3o segura, confort\u00e1vel e sem complica\u00e7\u00f5es. Personalize a coleira com o logotipo exclusivo da sua marca e escolha entre uma variedade de padr\u00f5es para torn\u00e1-la verdadeiramente sua. Esse produto n\u00e3o apenas atende aos mais altos padr\u00f5es de qualidade, mas tamb\u00e9m oferece a flexibilidade de personaliza\u00e7\u00e3o para atender perfeitamente \u00e0s necessidades de marca de seus clientes B2B.<\/p>","protected":false},"excerpt":{"rendered":"<p>Descubra a solu\u00e7\u00e3o definitiva para passeios seguros e confort\u00e1veis com a nossa coleira Bungee No Pull Dog Leash. Essa coleira inovadora inclui uma fivela de assento de carro, garantindo a seguran\u00e7a do seu animal de estima\u00e7\u00e3o durante as viagens. Projetada para evitar pux\u00f5es, a corda el\u00e1stica bungee proporciona uma corre\u00e7\u00e3o suave, ao mesmo tempo em que oferece elasticidade suficiente para acomodar confortavelmente os movimentos do seu animal de estima\u00e7\u00e3o. Perfeito para c\u00e3es ativos e motoristas que valorizam a seguran\u00e7a e a conveni\u00eancia. Personalize com o logotipo de sua marca e padr\u00f5es exclusivos para alinhar esse acess\u00f3rio essencial \u00e0 identidade de sua empresa.<\/p>","protected":false},"featured_media":9216,"template":"","meta":[],"product_brand":[],"product_cat":[27],"product_tag":[],"class_list":{"0":"post-9207","1":"product","2":"type-product","3":"status-publish","4":"has-post-thumbnail","6":"product_cat-dog-leash","7":"pa_brand-qqpets","9":"first","10":"instock","11":"shipping-taxable","12":"product-type-simple"},"yoast_head":"<!-- This site is optimized with the Yoast SEO plugin v26.6 - https:\/\/yoast.com\/wordpress\/plugins\/seo\/ -->\n<title>No Pull Dog Leash | QQPETS<\/title>\n<meta name=\"description\" content=\"Enhance pet safety and comfort with our Bungee No Pull Dog Leash featuring a built-in car seat buckle.\" \/>\n<meta name=\"robots\" content=\"index, follow, max-snippet:-1, max-image-preview:large, max-video-preview:-1\" \/>\n<link rel=\"canonical\" href=\"https:\/\/qqpets.com\/pt\/produto\/no-pull-dog-leash\/\" \/>\n<meta property=\"og:locale\" content=\"pt_BR\" \/>\n<meta property=\"og:type\" content=\"article\" \/>\n<meta property=\"og:title\" content=\"No Pull Dog Leash | QQPETS\" \/>\n<meta property=\"og:description\" content=\"Enhance pet safety and comfort with our Bungee No Pull Dog Leash featuring a built-in car seat buckle.\" \/>\n<meta property=\"og:url\" content=\"https:\/\/qqpets.com\/pt\/produto\/no-pull-dog-leash\/\" \/>\n<meta property=\"og:site_name\" content=\"QQPETS\" \/>\n<meta property=\"article:publisher\" content=\"https:\/\/www.facebook.com\/QQpetsdogcollars\" \/>\n<meta property=\"og:image\" content=\"https:\/\/qqpets.com\/wp-content\/uploads\/2024\/11\/no-pull-dog-leash9.webp\" \/>\n\t<meta property=\"og:image:width\" content=\"800\" \/>\n\t<meta property=\"og:image:height\" content=\"800\" \/>\n\t<meta property=\"og:image:type\" content=\"image\/webp\" \/>\n<meta name=\"twitter:card\" content=\"summary_large_image\" \/>\n<meta name=\"twitter:label1\" content=\"Est. tempo de leitura\" \/>\n\t<meta name=\"twitter:data1\" content=\"1 minuto\" \/>\n<script type=\"application\/ld+json\" class=\"yoast-schema-graph\">{\"@context\":\"https:\/\/schema.org\",\"@graph\":[{\"@type\":\"WebPage\",\"@id\":\"https:\/\/qqpets.com\/product\/no-pull-dog-leash\/\",\"url\":\"https:\/\/qqpets.com\/product\/no-pull-dog-leash\/\",\"name\":\"No Pull Dog Leash | QQPETS\",\"isPartOf\":{\"@id\":\"https:\/\/qqpets.com\/#website\"},\"primaryImageOfPage\":{\"@id\":\"https:\/\/qqpets.com\/product\/no-pull-dog-leash\/#primaryimage\"},\"image\":{\"@id\":\"https:\/\/qqpets.com\/product\/no-pull-dog-leash\/#primaryimage\"},\"thumbnailUrl\":\"https:\/\/qqpets.com\/wp-content\/uploads\/2024\/11\/no-pull-dog-leash9.webp\",\"datePublished\":\"2024-11-11T06:31:06+00:00\",\"description\":\"Enhance pet safety and comfort with our Bungee No Pull Dog Leash featuring a built-in car seat buckle.\",\"breadcrumb\":{\"@id\":\"https:\/\/qqpets.com\/product\/no-pull-dog-leash\/#breadcrumb\"},\"inLanguage\":\"pt-BR\",\"potentialAction\":[{\"@type\":\"ReadAction\",\"target\":[\"https:\/\/qqpets.com\/product\/no-pull-dog-leash\/\"]}]},{\"@type\":\"ImageObject\",\"inLanguage\":\"pt-BR\",\"@id\":\"https:\/\/qqpets.com\/product\/no-pull-dog-leash\/#primaryimage\",\"url\":\"https:\/\/qqpets.com\/wp-content\/uploads\/2024\/11\/no-pull-dog-leash9.webp\",\"contentUrl\":\"https:\/\/qqpets.com\/wp-content\/uploads\/2024\/11\/no-pull-dog-leash9.webp\",\"width\":800,\"height\":800},{\"@type\":\"BreadcrumbList\",\"@id\":\"https:\/\/qqpets.com\/product\/no-pull-dog-leash\/#breadcrumb\",\"itemListElement\":[{\"@type\":\"ListItem\",\"position\":1,\"name\":\"Home\",\"item\":\"https:\/\/qqpets.com\/\"},{\"@type\":\"ListItem\",\"position\":2,\"name\":\"Products\",\"item\":\"https:\/\/qqpets.com\/pet-products-manufacturer\/\"},{\"@type\":\"ListItem\",\"position\":3,\"name\":\"No Pull Dog Leash\"}]},{\"@type\":\"WebSite\",\"@id\":\"https:\/\/qqpets.com\/#website\",\"url\":\"https:\/\/qqpets.com\/\",\"name\":\"QQPETS\",\"description\":\"QQPETS is a pet products factory for dog harnesses, dog collars, dog leashes and dog accessories with professional customized service since 2005.\",\"publisher\":{\"@id\":\"https:\/\/qqpets.com\/#organization\"},\"potentialAction\":[{\"@type\":\"SearchAction\",\"target\":{\"@type\":\"EntryPoint\",\"urlTemplate\":\"https:\/\/qqpets.com\/?s={search_term_string}\"},\"query-input\":{\"@type\":\"PropertyValueSpecification\",\"valueRequired\":true,\"valueName\":\"search_term_string\"}}],\"inLanguage\":\"pt-BR\"},{\"@type\":\"Organization\",\"@id\":\"https:\/\/qqpets.com\/#organization\",\"name\":\"QQPETS\",\"url\":\"https:\/\/qqpets.com\/\",\"logo\":{\"@type\":\"ImageObject\",\"inLanguage\":\"pt-BR\",\"@id\":\"https:\/\/qqpets.com\/#\/schema\/logo\/image\/\",\"url\":\"https:\/\/qqpets.com\/wp-content\/uploads\/2023\/09\/cropped-cropped-qqpets-tiktok.jpg\",\"contentUrl\":\"https:\/\/qqpets.com\/wp-content\/uploads\/2023\/09\/cropped-cropped-qqpets-tiktok.jpg\",\"width\":511,\"height\":511,\"caption\":\"QQPETS\"},\"image\":{\"@id\":\"https:\/\/qqpets.com\/#\/schema\/logo\/image\/\"},\"sameAs\":[\"https:\/\/www.facebook.com\/QQpetsdogcollars\",\"https:\/\/www.instagram.com\/qqpetscollar\/\",\"https:\/\/www.pinterest.com\/qqpetsdogcollarsfactory\/\"]}]}<\/script>\n<!-- \/ Yoast SEO plugin. -->","yoast_head_json":{"title":"Coleira sem pux\u00e3o para c\u00e3es | QQPETS","description":"Aumente a seguran\u00e7a e o conforto do seu animal de estima\u00e7\u00e3o com a coleira Bungee No Pull Dog Leash com uma fivela de assento de carro embutida.","robots":{"index":"index","follow":"follow","max-snippet":"max-snippet:-1","max-image-preview":"max-image-preview:large","max-video-preview":"max-video-preview:-1"},"canonical":"https:\/\/qqpets.com\/pt\/produto\/no-pull-dog-leash\/","og_locale":"pt_BR","og_type":"article","og_title":"No Pull Dog Leash | QQPETS","og_description":"Enhance pet safety and comfort with our Bungee No Pull Dog Leash featuring a built-in car seat buckle.","og_url":"https:\/\/qqpets.com\/pt\/produto\/no-pull-dog-leash\/","og_site_name":"QQPETS","article_publisher":"https:\/\/www.facebook.com\/QQpetsdogcollars","og_image":[{"width":800,"height":800,"url":"https:\/\/qqpets.com\/wp-content\/uploads\/2024\/11\/no-pull-dog-leash9.webp","type":"image\/webp"}],"twitter_card":"summary_large_image","twitter_misc":{"Est. tempo de leitura":"1 minuto"},"schema":{"@context":"https:\/\/schema.org","@graph":[{"@type":"WebPage","@id":"https:\/\/qqpets.com\/product\/no-pull-dog-leash\/","url":"https:\/\/qqpets.com\/product\/no-pull-dog-leash\/","name":"Coleira sem pux\u00e3o para c\u00e3es | QQPETS","isPartOf":{"@id":"https:\/\/qqpets.com\/#website"},"primaryImageOfPage":{"@id":"https:\/\/qqpets.com\/product\/no-pull-dog-leash\/#primaryimage"},"image":{"@id":"https:\/\/qqpets.com\/product\/no-pull-dog-leash\/#primaryimage"},"thumbnailUrl":"https:\/\/qqpets.com\/wp-content\/uploads\/2024\/11\/no-pull-dog-leash9.webp","datePublished":"2024-11-11T06:31:06+00:00","description":"Aumente a seguran\u00e7a e o conforto do seu animal de estima\u00e7\u00e3o com a coleira Bungee No Pull Dog Leash com uma fivela de assento de carro embutida.","breadcrumb":{"@id":"https:\/\/qqpets.com\/product\/no-pull-dog-leash\/#breadcrumb"},"inLanguage":"pt-BR","potentialAction":[{"@type":"ReadAction","target":["https:\/\/qqpets.com\/product\/no-pull-dog-leash\/"]}]},{"@type":"ImageObject","inLanguage":"pt-BR","@id":"https:\/\/qqpets.com\/product\/no-pull-dog-leash\/#primaryimage","url":"https:\/\/qqpets.com\/wp-content\/uploads\/2024\/11\/no-pull-dog-leash9.webp","contentUrl":"https:\/\/qqpets.com\/wp-content\/uploads\/2024\/11\/no-pull-dog-leash9.webp","width":800,"height":800},{"@type":"BreadcrumbList","@id":"https:\/\/qqpets.com\/product\/no-pull-dog-leash\/#breadcrumb","itemListElement":[{"@type":"ListItem","position":1,"name":"Home","item":"https:\/\/qqpets.com\/"},{"@type":"ListItem","position":2,"name":"Products","item":"https:\/\/qqpets.com\/pet-products-manufacturer\/"},{"@type":"ListItem","position":3,"name":"No Pull Dog Leash"}]},{"@type":"WebSite","@id":"https:\/\/qqpets.com\/#website","url":"https:\/\/qqpets.com\/","name":"QQPETS","description":"A QQPETS \u00e9 uma f\u00e1brica de produtos para animais de estima\u00e7\u00e3o que fabrica arreios, coleiras, coleiras para c\u00e3es e acess\u00f3rios para c\u00e3es com servi\u00e7o personalizado profissional desde 2005.","publisher":{"@id":"https:\/\/qqpets.com\/#organization"},"potentialAction":[{"@type":"SearchAction","target":{"@type":"EntryPoint","urlTemplate":"https:\/\/qqpets.com\/?s={search_term_string}"},"query-input":{"@type":"PropertyValueSpecification","valueRequired":true,"valueName":"search_term_string"}}],"inLanguage":"pt-BR"},{"@type":"Organization","@id":"https:\/\/qqpets.com\/#organization","name":"QQPETS","url":"https:\/\/qqpets.com\/","logo":{"@type":"ImageObject","inLanguage":"pt-BR","@id":"https:\/\/qqpets.com\/#\/schema\/logo\/image\/","url":"https:\/\/qqpets.com\/wp-content\/uploads\/2023\/09\/cropped-cropped-qqpets-tiktok.jpg","contentUrl":"https:\/\/qqpets.com\/wp-content\/uploads\/2023\/09\/cropped-cropped-qqpets-tiktok.jpg","width":511,"height":511,"caption":"QQPETS"},"image":{"@id":"https:\/\/qqpets.com\/#\/schema\/logo\/image\/"},"sameAs":["https:\/\/www.facebook.com\/QQpetsdogcollars","https:\/\/www.instagram.com\/qqpetscollar\/","https:\/\/www.pinterest.com\/qqpetsdogcollarsfactory\/"]}]}},"_links":{"self":[{"href":"https:\/\/qqpets.com\/pt\/wp-json\/wp\/v2\/product\/9207","targetHints":{"allow":["GET"]}}],"collection":[{"href":"https:\/\/qqpets.com\/pt\/wp-json\/wp\/v2\/product"}],"about":[{"href":"https:\/\/qqpets.com\/pt\/wp-json\/wp\/v2\/types\/product"}],"wp:featuredmedia":[{"embeddable":true,"href":"https:\/\/qqpets.com\/pt\/wp-json\/wp\/v2\/media\/9216"}],"wp:attachment":[{"href":"https:\/\/qqpets.com\/pt\/wp-json\/wp\/v2\/media?parent=9207"}],"wp:term":[{"taxonomy":"product_brand","embeddable":true,"href":"https:\/\/qqpets.com\/pt\/wp-json\/wp\/v2\/product_brand?post=9207"},{"taxonomy":"product_cat","embeddable":true,"href":"https:\/\/qqpets.com\/pt\/wp-json\/wp\/v2\/product_cat?post=9207"},{"taxonomy":"product_tag","embeddable":true,"href":"https:\/\/qqpets.com\/pt\/wp-json\/wp\/v2\/product_tag?post=9207"}],"curies":[{"name":"wp","href":"https:\/\/api.w.org\/{rel}","templated":true}]}}