{"id":9254,"date":"2024-11-13T15:32:42","date_gmt":"2024-11-13T07:32:42","guid":{"rendered":"https:\/\/qqpets.com\/?post_type=product&#038;p=9254"},"modified":"2024-11-14T11:45:39","modified_gmt":"2024-11-14T03:45:39","slug":"escape-proof-h-shape-cat-harness","status":"publish","type":"product","link":"https:\/\/qqpets.com\/pt\/produto\/escape-proof-h-shape-cat-harness\/","title":{"rendered":"Arn\u00eas para gatos em forma de H \u00e0 prova de fuga"},"content":{"rendered":"<p>O Arreio Ajust\u00e1vel \u00e9 a melhor op\u00e7\u00e3o para marcas que buscam oferecer um acess\u00f3rio premium e personaliz\u00e1vel para animais de estima\u00e7\u00e3o. Com seu design vers\u00e1til, esse peitoral proporciona um ajuste seguro e confort\u00e1vel, adaptado a v\u00e1rios tamanhos e formas de c\u00e3es. Com quatro pontos de ajuste, ele garante que os c\u00e3es n\u00e3o sintam nenhum desconforto ou restri\u00e7\u00e3o durante as atividades. Fabricado com materiais respir\u00e1veis e ecologicamente corretos que atendem aos padr\u00f5es de qualidade da UE, esse peitoral \u00e9 seguro e dur\u00e1vel.<\/p>\n<p>Projetado com a personaliza\u00e7\u00e3o em mente, esse arn\u00eas pode ser personalizado com logotipos e padr\u00f5es para se alinhar \u00e0 identidade da sua marca. Entendemos a import\u00e2ncia de se destacar no competitivo mercado de animais de estima\u00e7\u00e3o, e nosso Arreio Ajust\u00e1vel oferece a flexibilidade para criar produtos exclusivos e com a marca que seus clientes v\u00e3o adorar. Ideal para pet shops, varejistas on-line e atacadistas, \u00e9 um produto que combina praticidade com estilo, garantindo uma experi\u00eancia memor\u00e1vel para o cliente e um p\u00fablico fiel para a sua marca.<\/p>","protected":false},"excerpt":{"rendered":"<p>Nosso Arreio Ajust\u00e1vel combina conforto, durabilidade e estilo, tornando-o ideal para marcas que buscam oferecer produtos premium para animais de estima\u00e7\u00e3o. Esse arreio \u00e9 totalmente ajust\u00e1vel para um encaixe perfeito em qualquer c\u00e3o, garantindo conforto e controle ideais durante as caminhadas. Fabricado com materiais de alta qualidade e ecologicamente corretos, ele \u00e9 suave para os animais de estima\u00e7\u00e3o e, ao mesmo tempo, resistente. Personaliz\u00e1vel com o logotipo da sua marca e padr\u00f5es exclusivos, esse peitoral \u00e9 perfeito para atacadistas e empresas que desejam se destacar no mercado de animais de estima\u00e7\u00e3o. Projetado tendo em mente as necessidades dos donos de animais modernos, nosso peitoral \u00e9 a combina\u00e7\u00e3o perfeita de forma e fun\u00e7\u00e3o.<\/p>","protected":false},"featured_media":9295,"template":"","meta":[],"product_brand":[],"product_cat":[23],"product_tag":[],"class_list":{"0":"post-9254","1":"product","2":"type-product","3":"status-publish","4":"has-post-thumbnail","6":"product_cat-dog-harness","8":"first","9":"instock","10":"shipping-taxable","11":"product-type-simple"},"yoast_head":"<!-- This site is optimized with the Yoast SEO plugin v26.6 - https:\/\/yoast.com\/wordpress\/plugins\/seo\/ -->\n<title>Escape Proof H shape Cat Harness | QQPETS<\/title>\n<meta name=\"description\" content=\"Discover our customizable Adjustable Harness, designed for maximum comfort and control. Perfect for B2B clients seeking high-quality, custom logo and pattern options.\" \/>\n<meta name=\"robots\" content=\"index, follow, max-snippet:-1, max-image-preview:large, max-video-preview:-1\" \/>\n<link rel=\"canonical\" href=\"https:\/\/qqpets.com\/pt\/produto\/escape-proof-h-shape-cat-harness\/\" \/>\n<meta property=\"og:locale\" content=\"pt_BR\" \/>\n<meta property=\"og:type\" content=\"article\" \/>\n<meta property=\"og:title\" content=\"Escape Proof H shape Cat Harness | QQPETS\" \/>\n<meta property=\"og:description\" content=\"Discover our customizable Adjustable Harness, designed for maximum comfort and control. Perfect for B2B clients seeking high-quality, custom logo and pattern options.\" \/>\n<meta property=\"og:url\" content=\"https:\/\/qqpets.com\/pt\/produto\/escape-proof-h-shape-cat-harness\/\" \/>\n<meta property=\"og:site_name\" content=\"QQPETS\" \/>\n<meta property=\"article:publisher\" content=\"https:\/\/www.facebook.com\/QQpetsdogcollars\" \/>\n<meta property=\"article:modified_time\" content=\"2024-11-14T03:45:39+00:00\" \/>\n<meta property=\"og:image\" content=\"https:\/\/qqpets.com\/wp-content\/uploads\/2024\/11\/cat-harness2.webp\" \/>\n\t<meta property=\"og:image:width\" content=\"800\" \/>\n\t<meta property=\"og:image:height\" content=\"800\" \/>\n\t<meta property=\"og:image:type\" content=\"image\/webp\" \/>\n<meta name=\"twitter:card\" content=\"summary_large_image\" \/>\n<meta name=\"twitter:label1\" content=\"Est. tempo de leitura\" \/>\n\t<meta name=\"twitter:data1\" content=\"1 minuto\" \/>\n<script type=\"application\/ld+json\" class=\"yoast-schema-graph\">{\"@context\":\"https:\/\/schema.org\",\"@graph\":[{\"@type\":\"WebPage\",\"@id\":\"https:\/\/qqpets.com\/product\/escape-proof-h-shape-cat-harness\/\",\"url\":\"https:\/\/qqpets.com\/product\/escape-proof-h-shape-cat-harness\/\",\"name\":\"Escape Proof H shape Cat Harness | QQPETS\",\"isPartOf\":{\"@id\":\"https:\/\/qqpets.com\/#website\"},\"primaryImageOfPage\":{\"@id\":\"https:\/\/qqpets.com\/product\/escape-proof-h-shape-cat-harness\/#primaryimage\"},\"image\":{\"@id\":\"https:\/\/qqpets.com\/product\/escape-proof-h-shape-cat-harness\/#primaryimage\"},\"thumbnailUrl\":\"https:\/\/qqpets.com\/wp-content\/uploads\/2024\/11\/cat-harness2.webp\",\"datePublished\":\"2024-11-13T07:32:42+00:00\",\"dateModified\":\"2024-11-14T03:45:39+00:00\",\"description\":\"Discover our customizable Adjustable Harness, designed for maximum comfort and control. Perfect for B2B clients seeking high-quality, custom logo and pattern options.\",\"breadcrumb\":{\"@id\":\"https:\/\/qqpets.com\/product\/escape-proof-h-shape-cat-harness\/#breadcrumb\"},\"inLanguage\":\"pt-BR\",\"potentialAction\":[{\"@type\":\"ReadAction\",\"target\":[\"https:\/\/qqpets.com\/product\/escape-proof-h-shape-cat-harness\/\"]}]},{\"@type\":\"ImageObject\",\"inLanguage\":\"pt-BR\",\"@id\":\"https:\/\/qqpets.com\/product\/escape-proof-h-shape-cat-harness\/#primaryimage\",\"url\":\"https:\/\/qqpets.com\/wp-content\/uploads\/2024\/11\/cat-harness2.webp\",\"contentUrl\":\"https:\/\/qqpets.com\/wp-content\/uploads\/2024\/11\/cat-harness2.webp\",\"width\":800,\"height\":800},{\"@type\":\"BreadcrumbList\",\"@id\":\"https:\/\/qqpets.com\/product\/escape-proof-h-shape-cat-harness\/#breadcrumb\",\"itemListElement\":[{\"@type\":\"ListItem\",\"position\":1,\"name\":\"Home\",\"item\":\"https:\/\/qqpets.com\/\"},{\"@type\":\"ListItem\",\"position\":2,\"name\":\"Products\",\"item\":\"https:\/\/qqpets.com\/pet-products-manufacturer\/\"},{\"@type\":\"ListItem\",\"position\":3,\"name\":\"Escape Proof H shape Cat Harness\"}]},{\"@type\":\"WebSite\",\"@id\":\"https:\/\/qqpets.com\/#website\",\"url\":\"https:\/\/qqpets.com\/\",\"name\":\"QQPETS\",\"description\":\"QQPETS is a pet products factory for dog harnesses, dog collars, dog leashes and dog accessories with professional customized service since 2005.\",\"publisher\":{\"@id\":\"https:\/\/qqpets.com\/#organization\"},\"potentialAction\":[{\"@type\":\"SearchAction\",\"target\":{\"@type\":\"EntryPoint\",\"urlTemplate\":\"https:\/\/qqpets.com\/?s={search_term_string}\"},\"query-input\":{\"@type\":\"PropertyValueSpecification\",\"valueRequired\":true,\"valueName\":\"search_term_string\"}}],\"inLanguage\":\"pt-BR\"},{\"@type\":\"Organization\",\"@id\":\"https:\/\/qqpets.com\/#organization\",\"name\":\"QQPETS\",\"url\":\"https:\/\/qqpets.com\/\",\"logo\":{\"@type\":\"ImageObject\",\"inLanguage\":\"pt-BR\",\"@id\":\"https:\/\/qqpets.com\/#\/schema\/logo\/image\/\",\"url\":\"https:\/\/qqpets.com\/wp-content\/uploads\/2023\/09\/cropped-cropped-qqpets-tiktok.jpg\",\"contentUrl\":\"https:\/\/qqpets.com\/wp-content\/uploads\/2023\/09\/cropped-cropped-qqpets-tiktok.jpg\",\"width\":511,\"height\":511,\"caption\":\"QQPETS\"},\"image\":{\"@id\":\"https:\/\/qqpets.com\/#\/schema\/logo\/image\/\"},\"sameAs\":[\"https:\/\/www.facebook.com\/QQpetsdogcollars\",\"https:\/\/www.instagram.com\/qqpetscollar\/\",\"https:\/\/www.pinterest.com\/qqpetsdogcollarsfactory\/\"]}]}<\/script>\n<!-- \/ Yoast SEO plugin. -->","yoast_head_json":{"title":"Arn\u00eas para gatos em forma de H \u00e0 prova de fuga | QQPETS","description":"Descubra nosso arn\u00eas ajust\u00e1vel personaliz\u00e1vel, projetado para proporcionar o m\u00e1ximo de conforto e controle. Perfeito para clientes B2B que buscam op\u00e7\u00f5es de alta qualidade, com logotipo e padr\u00e3o personalizados.","robots":{"index":"index","follow":"follow","max-snippet":"max-snippet:-1","max-image-preview":"max-image-preview:large","max-video-preview":"max-video-preview:-1"},"canonical":"https:\/\/qqpets.com\/pt\/produto\/escape-proof-h-shape-cat-harness\/","og_locale":"pt_BR","og_type":"article","og_title":"Escape Proof H shape Cat Harness | QQPETS","og_description":"Discover our customizable Adjustable Harness, designed for maximum comfort and control. Perfect for B2B clients seeking high-quality, custom logo and pattern options.","og_url":"https:\/\/qqpets.com\/pt\/produto\/escape-proof-h-shape-cat-harness\/","og_site_name":"QQPETS","article_publisher":"https:\/\/www.facebook.com\/QQpetsdogcollars","article_modified_time":"2024-11-14T03:45:39+00:00","og_image":[{"width":800,"height":800,"url":"https:\/\/qqpets.com\/wp-content\/uploads\/2024\/11\/cat-harness2.webp","type":"image\/webp"}],"twitter_card":"summary_large_image","twitter_misc":{"Est. tempo de leitura":"1 minuto"},"schema":{"@context":"https:\/\/schema.org","@graph":[{"@type":"WebPage","@id":"https:\/\/qqpets.com\/product\/escape-proof-h-shape-cat-harness\/","url":"https:\/\/qqpets.com\/product\/escape-proof-h-shape-cat-harness\/","name":"Arn\u00eas para gatos em forma de H \u00e0 prova de fuga | QQPETS","isPartOf":{"@id":"https:\/\/qqpets.com\/#website"},"primaryImageOfPage":{"@id":"https:\/\/qqpets.com\/product\/escape-proof-h-shape-cat-harness\/#primaryimage"},"image":{"@id":"https:\/\/qqpets.com\/product\/escape-proof-h-shape-cat-harness\/#primaryimage"},"thumbnailUrl":"https:\/\/qqpets.com\/wp-content\/uploads\/2024\/11\/cat-harness2.webp","datePublished":"2024-11-13T07:32:42+00:00","dateModified":"2024-11-14T03:45:39+00:00","description":"Descubra nosso arn\u00eas ajust\u00e1vel personaliz\u00e1vel, projetado para proporcionar o m\u00e1ximo de conforto e controle. Perfeito para clientes B2B que buscam op\u00e7\u00f5es de alta qualidade, com logotipo e padr\u00e3o personalizados.","breadcrumb":{"@id":"https:\/\/qqpets.com\/product\/escape-proof-h-shape-cat-harness\/#breadcrumb"},"inLanguage":"pt-BR","potentialAction":[{"@type":"ReadAction","target":["https:\/\/qqpets.com\/product\/escape-proof-h-shape-cat-harness\/"]}]},{"@type":"ImageObject","inLanguage":"pt-BR","@id":"https:\/\/qqpets.com\/product\/escape-proof-h-shape-cat-harness\/#primaryimage","url":"https:\/\/qqpets.com\/wp-content\/uploads\/2024\/11\/cat-harness2.webp","contentUrl":"https:\/\/qqpets.com\/wp-content\/uploads\/2024\/11\/cat-harness2.webp","width":800,"height":800},{"@type":"BreadcrumbList","@id":"https:\/\/qqpets.com\/product\/escape-proof-h-shape-cat-harness\/#breadcrumb","itemListElement":[{"@type":"ListItem","position":1,"name":"Home","item":"https:\/\/qqpets.com\/"},{"@type":"ListItem","position":2,"name":"Products","item":"https:\/\/qqpets.com\/pet-products-manufacturer\/"},{"@type":"ListItem","position":3,"name":"Escape Proof H shape Cat Harness"}]},{"@type":"WebSite","@id":"https:\/\/qqpets.com\/#website","url":"https:\/\/qqpets.com\/","name":"QQPETS","description":"A QQPETS \u00e9 uma f\u00e1brica de produtos para animais de estima\u00e7\u00e3o que fabrica arreios, coleiras, coleiras para c\u00e3es e acess\u00f3rios para c\u00e3es com servi\u00e7o personalizado profissional desde 2005.","publisher":{"@id":"https:\/\/qqpets.com\/#organization"},"potentialAction":[{"@type":"SearchAction","target":{"@type":"EntryPoint","urlTemplate":"https:\/\/qqpets.com\/?s={search_term_string}"},"query-input":{"@type":"PropertyValueSpecification","valueRequired":true,"valueName":"search_term_string"}}],"inLanguage":"pt-BR"},{"@type":"Organization","@id":"https:\/\/qqpets.com\/#organization","name":"QQPETS","url":"https:\/\/qqpets.com\/","logo":{"@type":"ImageObject","inLanguage":"pt-BR","@id":"https:\/\/qqpets.com\/#\/schema\/logo\/image\/","url":"https:\/\/qqpets.com\/wp-content\/uploads\/2023\/09\/cropped-cropped-qqpets-tiktok.jpg","contentUrl":"https:\/\/qqpets.com\/wp-content\/uploads\/2023\/09\/cropped-cropped-qqpets-tiktok.jpg","width":511,"height":511,"caption":"QQPETS"},"image":{"@id":"https:\/\/qqpets.com\/#\/schema\/logo\/image\/"},"sameAs":["https:\/\/www.facebook.com\/QQpetsdogcollars","https:\/\/www.instagram.com\/qqpetscollar\/","https:\/\/www.pinterest.com\/qqpetsdogcollarsfactory\/"]}]}},"_links":{"self":[{"href":"https:\/\/qqpets.com\/pt\/wp-json\/wp\/v2\/product\/9254","targetHints":{"allow":["GET"]}}],"collection":[{"href":"https:\/\/qqpets.com\/pt\/wp-json\/wp\/v2\/product"}],"about":[{"href":"https:\/\/qqpets.com\/pt\/wp-json\/wp\/v2\/types\/product"}],"wp:featuredmedia":[{"embeddable":true,"href":"https:\/\/qqpets.com\/pt\/wp-json\/wp\/v2\/media\/9295"}],"wp:attachment":[{"href":"https:\/\/qqpets.com\/pt\/wp-json\/wp\/v2\/media?parent=9254"}],"wp:term":[{"taxonomy":"product_brand","embeddable":true,"href":"https:\/\/qqpets.com\/pt\/wp-json\/wp\/v2\/product_brand?post=9254"},{"taxonomy":"product_cat","embeddable":true,"href":"https:\/\/qqpets.com\/pt\/wp-json\/wp\/v2\/product_cat?post=9254"},{"taxonomy":"product_tag","embeddable":true,"href":"https:\/\/qqpets.com\/pt\/wp-json\/wp\/v2\/product_tag?post=9254"}],"curies":[{"name":"wp","href":"https:\/\/api.w.org\/{rel}","templated":true}]}}