{"id":9280,"date":"2024-11-13T17:02:00","date_gmt":"2024-11-13T09:02:00","guid":{"rendered":"https:\/\/qqpets.com\/?post_type=product&#038;p=9280"},"modified":"2024-11-13T17:02:00","modified_gmt":"2024-11-13T09:02:00","slug":"bow-tie-bandana","status":"publish","type":"product","link":"https:\/\/qqpets.com\/pt\/produto\/bow-tie-bandana\/","title":{"rendered":"Bandana com gravata borboleta"},"content":{"rendered":"<p>A bandana Bow Tie foi projetada para trazer estilo e versatilidade aos acess\u00f3rios para animais de estima\u00e7\u00e3o. Feita de tecido macio e de alta qualidade, essa bandana \u00e9 suave para a pele dos animais de estima\u00e7\u00e3o e f\u00e1cil de usar, garantindo conforto mesmo durante o uso prolongado. O charmoso elemento de gravata borboleta acrescenta um toque divertido e elegante, tornando-a um \u00f3timo acess\u00f3rio para animais de estima\u00e7\u00e3o em feriados, ocasi\u00f5es especiais ou passeios di\u00e1rios.<\/p>\n<p>Perfeitamente adaptada para clientes B2B, essa bandana Bow Tie pode ser personalizada com logotipos, padr\u00f5es ou esquemas de cores para combinar com a est\u00e9tica de sua marca. Se voc\u00ea \u00e9 propriet\u00e1rio de uma loja de animais, um varejista on-line ou uma marca que deseja expandir suas ofertas de produtos para animais de estima\u00e7\u00e3o, essa bandana \u00e9 uma maneira exclusiva e memor\u00e1vel de exibir sua marca. Nossa tecnologia de impress\u00e3o personalizada garante cores vibrantes e de alta qualidade que permanecem brilhantes ao longo do tempo, mesmo com lavagens frequentes.<\/p>\n<p>Dur\u00e1vel, leve e projetada para permanecer no lugar com seguran\u00e7a, essa bandana Bow Tie \u00e9 ideal para qualquer animal de estima\u00e7\u00e3o. Sua capacidade de personaliza\u00e7\u00e3o significa que voc\u00ea pode oferecer aos clientes um visual distinto e de marca que agrega valor e estilo. D\u00ea uma vantagem \u00e0 sua linha de produtos com esse acess\u00f3rio da moda que \u00e9 t\u00e3o charmoso quanto funcional.<\/p>","protected":false},"excerpt":{"rendered":"<p>Nossa bandana com gravata borboleta \u00e9 o melhor acess\u00f3rio de moda para animais de estima\u00e7\u00e3o, combinando estilo e conforto. Feita de tecido macio e dur\u00e1vel, essa bandana inclui um lindo la\u00e7o que \u00e9 perfeito para animais de estima\u00e7\u00e3o em qualquer ocasi\u00e3o. Projetada tendo em mente os clientes B2B, a bandana \u00e9 totalmente personaliz\u00e1vel, permitindo a utiliza\u00e7\u00e3o de logotipos de marcas ou padr\u00f5es exclusivos que se alinham \u00e0 identidade de sua marca. Ideal para lojas de animais de estima\u00e7\u00e3o, tosadores ou varejistas, essa bandana Bow Tie \u00e9 um complemento fant\u00e1stico para qualquer linha de produtos. Ofere\u00e7a aos seus clientes um acess\u00f3rio elegante e de alta qualidade que eleva a moda dos animais de estima\u00e7\u00e3o e, ao mesmo tempo, mostra a sua marca.<\/p>","protected":false},"featured_media":9281,"template":"","meta":[],"product_brand":[],"product_cat":[58],"product_tag":[],"class_list":{"0":"post-9280","1":"product","2":"type-product","3":"status-publish","4":"has-post-thumbnail","6":"product_cat-accessories","8":"first","9":"instock","10":"shipping-taxable","11":"product-type-simple"},"yoast_head":"<!-- This site is optimized with the Yoast SEO plugin v26.6 - https:\/\/yoast.com\/wordpress\/plugins\/seo\/ -->\n<title>Bow Tie Bandana | QQPETS<\/title>\n<meta name=\"description\" content=\"Stylish, customizable Bow Tie Bandana for pets, ideal for branding with custom logos or patterns. Perfect for B2B clients looking to enhance their product lineup.\" \/>\n<meta name=\"robots\" content=\"index, follow, max-snippet:-1, max-image-preview:large, max-video-preview:-1\" \/>\n<link rel=\"canonical\" href=\"https:\/\/qqpets.com\/pt\/produto\/bow-tie-bandana\/\" \/>\n<meta property=\"og:locale\" content=\"pt_BR\" \/>\n<meta property=\"og:type\" content=\"article\" \/>\n<meta property=\"og:title\" content=\"Bow Tie Bandana | QQPETS\" \/>\n<meta property=\"og:description\" content=\"Stylish, customizable Bow Tie Bandana for pets, ideal for branding with custom logos or patterns. Perfect for B2B clients looking to enhance their product lineup.\" \/>\n<meta property=\"og:url\" content=\"https:\/\/qqpets.com\/pt\/produto\/bow-tie-bandana\/\" \/>\n<meta property=\"og:site_name\" content=\"QQPETS\" \/>\n<meta property=\"article:publisher\" content=\"https:\/\/www.facebook.com\/QQpetsdogcollars\" \/>\n<meta property=\"og:image\" content=\"https:\/\/qqpets.com\/wp-content\/uploads\/2024\/11\/Bow-Tie-Bandana1.webp\" \/>\n\t<meta property=\"og:image:width\" content=\"1000\" \/>\n\t<meta property=\"og:image:height\" content=\"1000\" \/>\n\t<meta property=\"og:image:type\" content=\"image\/webp\" \/>\n<meta name=\"twitter:card\" content=\"summary_large_image\" \/>\n<meta name=\"twitter:label1\" content=\"Est. tempo de leitura\" \/>\n\t<meta name=\"twitter:data1\" content=\"2 minutos\" \/>\n<script type=\"application\/ld+json\" class=\"yoast-schema-graph\">{\"@context\":\"https:\/\/schema.org\",\"@graph\":[{\"@type\":\"WebPage\",\"@id\":\"https:\/\/qqpets.com\/product\/bow-tie-bandana\/\",\"url\":\"https:\/\/qqpets.com\/product\/bow-tie-bandana\/\",\"name\":\"Bow Tie Bandana | QQPETS\",\"isPartOf\":{\"@id\":\"https:\/\/qqpets.com\/#website\"},\"primaryImageOfPage\":{\"@id\":\"https:\/\/qqpets.com\/product\/bow-tie-bandana\/#primaryimage\"},\"image\":{\"@id\":\"https:\/\/qqpets.com\/product\/bow-tie-bandana\/#primaryimage\"},\"thumbnailUrl\":\"https:\/\/qqpets.com\/wp-content\/uploads\/2024\/11\/Bow-Tie-Bandana1.webp\",\"datePublished\":\"2024-11-13T09:02:00+00:00\",\"description\":\"Stylish, customizable Bow Tie Bandana for pets, ideal for branding with custom logos or patterns. Perfect for B2B clients looking to enhance their product lineup.\",\"breadcrumb\":{\"@id\":\"https:\/\/qqpets.com\/product\/bow-tie-bandana\/#breadcrumb\"},\"inLanguage\":\"pt-BR\",\"potentialAction\":[{\"@type\":\"ReadAction\",\"target\":[\"https:\/\/qqpets.com\/product\/bow-tie-bandana\/\"]}]},{\"@type\":\"ImageObject\",\"inLanguage\":\"pt-BR\",\"@id\":\"https:\/\/qqpets.com\/product\/bow-tie-bandana\/#primaryimage\",\"url\":\"https:\/\/qqpets.com\/wp-content\/uploads\/2024\/11\/Bow-Tie-Bandana1.webp\",\"contentUrl\":\"https:\/\/qqpets.com\/wp-content\/uploads\/2024\/11\/Bow-Tie-Bandana1.webp\",\"width\":1000,\"height\":1000},{\"@type\":\"BreadcrumbList\",\"@id\":\"https:\/\/qqpets.com\/product\/bow-tie-bandana\/#breadcrumb\",\"itemListElement\":[{\"@type\":\"ListItem\",\"position\":1,\"name\":\"Home\",\"item\":\"https:\/\/qqpets.com\/\"},{\"@type\":\"ListItem\",\"position\":2,\"name\":\"Products\",\"item\":\"https:\/\/qqpets.com\/pet-products-manufacturer\/\"},{\"@type\":\"ListItem\",\"position\":3,\"name\":\"Bow Tie Bandana\"}]},{\"@type\":\"WebSite\",\"@id\":\"https:\/\/qqpets.com\/#website\",\"url\":\"https:\/\/qqpets.com\/\",\"name\":\"QQPETS\",\"description\":\"QQPETS is a pet products factory for dog harnesses, dog collars, dog leashes and dog accessories with professional customized service since 2005.\",\"publisher\":{\"@id\":\"https:\/\/qqpets.com\/#organization\"},\"potentialAction\":[{\"@type\":\"SearchAction\",\"target\":{\"@type\":\"EntryPoint\",\"urlTemplate\":\"https:\/\/qqpets.com\/?s={search_term_string}\"},\"query-input\":{\"@type\":\"PropertyValueSpecification\",\"valueRequired\":true,\"valueName\":\"search_term_string\"}}],\"inLanguage\":\"pt-BR\"},{\"@type\":\"Organization\",\"@id\":\"https:\/\/qqpets.com\/#organization\",\"name\":\"QQPETS\",\"url\":\"https:\/\/qqpets.com\/\",\"logo\":{\"@type\":\"ImageObject\",\"inLanguage\":\"pt-BR\",\"@id\":\"https:\/\/qqpets.com\/#\/schema\/logo\/image\/\",\"url\":\"https:\/\/qqpets.com\/wp-content\/uploads\/2023\/09\/cropped-cropped-qqpets-tiktok.jpg\",\"contentUrl\":\"https:\/\/qqpets.com\/wp-content\/uploads\/2023\/09\/cropped-cropped-qqpets-tiktok.jpg\",\"width\":511,\"height\":511,\"caption\":\"QQPETS\"},\"image\":{\"@id\":\"https:\/\/qqpets.com\/#\/schema\/logo\/image\/\"},\"sameAs\":[\"https:\/\/www.facebook.com\/QQpetsdogcollars\",\"https:\/\/www.instagram.com\/qqpetscollar\/\",\"https:\/\/www.pinterest.com\/qqpetsdogcollarsfactory\/\"]}]}<\/script>\n<!-- \/ Yoast SEO plugin. -->","yoast_head_json":{"title":"Bandana com gravata borboleta | QQPETS","description":"Bandana Bow Tie elegante e personaliz\u00e1vel para animais de estima\u00e7\u00e3o, ideal para a cria\u00e7\u00e3o de marcas com logotipos ou padr\u00f5es personalizados. Perfeito para clientes B2B que desejam aprimorar sua linha de produtos.","robots":{"index":"index","follow":"follow","max-snippet":"max-snippet:-1","max-image-preview":"max-image-preview:large","max-video-preview":"max-video-preview:-1"},"canonical":"https:\/\/qqpets.com\/pt\/produto\/bow-tie-bandana\/","og_locale":"pt_BR","og_type":"article","og_title":"Bow Tie Bandana | QQPETS","og_description":"Stylish, customizable Bow Tie Bandana for pets, ideal for branding with custom logos or patterns. Perfect for B2B clients looking to enhance their product lineup.","og_url":"https:\/\/qqpets.com\/pt\/produto\/bow-tie-bandana\/","og_site_name":"QQPETS","article_publisher":"https:\/\/www.facebook.com\/QQpetsdogcollars","og_image":[{"width":1000,"height":1000,"url":"https:\/\/qqpets.com\/wp-content\/uploads\/2024\/11\/Bow-Tie-Bandana1.webp","type":"image\/webp"}],"twitter_card":"summary_large_image","twitter_misc":{"Est. tempo de leitura":"2 minutos"},"schema":{"@context":"https:\/\/schema.org","@graph":[{"@type":"WebPage","@id":"https:\/\/qqpets.com\/product\/bow-tie-bandana\/","url":"https:\/\/qqpets.com\/product\/bow-tie-bandana\/","name":"Bandana com gravata borboleta | QQPETS","isPartOf":{"@id":"https:\/\/qqpets.com\/#website"},"primaryImageOfPage":{"@id":"https:\/\/qqpets.com\/product\/bow-tie-bandana\/#primaryimage"},"image":{"@id":"https:\/\/qqpets.com\/product\/bow-tie-bandana\/#primaryimage"},"thumbnailUrl":"https:\/\/qqpets.com\/wp-content\/uploads\/2024\/11\/Bow-Tie-Bandana1.webp","datePublished":"2024-11-13T09:02:00+00:00","description":"Bandana Bow Tie elegante e personaliz\u00e1vel para animais de estima\u00e7\u00e3o, ideal para a cria\u00e7\u00e3o de marcas com logotipos ou padr\u00f5es personalizados. Perfeito para clientes B2B que desejam aprimorar sua linha de produtos.","breadcrumb":{"@id":"https:\/\/qqpets.com\/product\/bow-tie-bandana\/#breadcrumb"},"inLanguage":"pt-BR","potentialAction":[{"@type":"ReadAction","target":["https:\/\/qqpets.com\/product\/bow-tie-bandana\/"]}]},{"@type":"ImageObject","inLanguage":"pt-BR","@id":"https:\/\/qqpets.com\/product\/bow-tie-bandana\/#primaryimage","url":"https:\/\/qqpets.com\/wp-content\/uploads\/2024\/11\/Bow-Tie-Bandana1.webp","contentUrl":"https:\/\/qqpets.com\/wp-content\/uploads\/2024\/11\/Bow-Tie-Bandana1.webp","width":1000,"height":1000},{"@type":"BreadcrumbList","@id":"https:\/\/qqpets.com\/product\/bow-tie-bandana\/#breadcrumb","itemListElement":[{"@type":"ListItem","position":1,"name":"Home","item":"https:\/\/qqpets.com\/"},{"@type":"ListItem","position":2,"name":"Products","item":"https:\/\/qqpets.com\/pet-products-manufacturer\/"},{"@type":"ListItem","position":3,"name":"Bow Tie Bandana"}]},{"@type":"WebSite","@id":"https:\/\/qqpets.com\/#website","url":"https:\/\/qqpets.com\/","name":"QQPETS","description":"A QQPETS \u00e9 uma f\u00e1brica de produtos para animais de estima\u00e7\u00e3o que fabrica arreios, coleiras, coleiras para c\u00e3es e acess\u00f3rios para c\u00e3es com servi\u00e7o personalizado profissional desde 2005.","publisher":{"@id":"https:\/\/qqpets.com\/#organization"},"potentialAction":[{"@type":"SearchAction","target":{"@type":"EntryPoint","urlTemplate":"https:\/\/qqpets.com\/?s={search_term_string}"},"query-input":{"@type":"PropertyValueSpecification","valueRequired":true,"valueName":"search_term_string"}}],"inLanguage":"pt-BR"},{"@type":"Organization","@id":"https:\/\/qqpets.com\/#organization","name":"QQPETS","url":"https:\/\/qqpets.com\/","logo":{"@type":"ImageObject","inLanguage":"pt-BR","@id":"https:\/\/qqpets.com\/#\/schema\/logo\/image\/","url":"https:\/\/qqpets.com\/wp-content\/uploads\/2023\/09\/cropped-cropped-qqpets-tiktok.jpg","contentUrl":"https:\/\/qqpets.com\/wp-content\/uploads\/2023\/09\/cropped-cropped-qqpets-tiktok.jpg","width":511,"height":511,"caption":"QQPETS"},"image":{"@id":"https:\/\/qqpets.com\/#\/schema\/logo\/image\/"},"sameAs":["https:\/\/www.facebook.com\/QQpetsdogcollars","https:\/\/www.instagram.com\/qqpetscollar\/","https:\/\/www.pinterest.com\/qqpetsdogcollarsfactory\/"]}]}},"_links":{"self":[{"href":"https:\/\/qqpets.com\/pt\/wp-json\/wp\/v2\/product\/9280","targetHints":{"allow":["GET"]}}],"collection":[{"href":"https:\/\/qqpets.com\/pt\/wp-json\/wp\/v2\/product"}],"about":[{"href":"https:\/\/qqpets.com\/pt\/wp-json\/wp\/v2\/types\/product"}],"wp:featuredmedia":[{"embeddable":true,"href":"https:\/\/qqpets.com\/pt\/wp-json\/wp\/v2\/media\/9281"}],"wp:attachment":[{"href":"https:\/\/qqpets.com\/pt\/wp-json\/wp\/v2\/media?parent=9280"}],"wp:term":[{"taxonomy":"product_brand","embeddable":true,"href":"https:\/\/qqpets.com\/pt\/wp-json\/wp\/v2\/product_brand?post=9280"},{"taxonomy":"product_cat","embeddable":true,"href":"https:\/\/qqpets.com\/pt\/wp-json\/wp\/v2\/product_cat?post=9280"},{"taxonomy":"product_tag","embeddable":true,"href":"https:\/\/qqpets.com\/pt\/wp-json\/wp\/v2\/product_tag?post=9280"}],"curies":[{"name":"wp","href":"https:\/\/api.w.org\/{rel}","templated":true}]}}