{"id":9285,"date":"2024-11-14T11:39:39","date_gmt":"2024-11-14T03:39:39","guid":{"rendered":"https:\/\/qqpets.com\/?post_type=product&#038;p=9285"},"modified":"2024-11-14T11:39:39","modified_gmt":"2024-11-14T03:39:39","slug":"scrunchie","status":"publish","type":"product","link":"https:\/\/qqpets.com\/pt\/produto\/scrunchie\/","title":{"rendered":"Len\u00e7o de cabe\u00e7a Scrunchie"},"content":{"rendered":"<p>Esse el\u00e1stico personaliz\u00e1vel foi criado para proporcionar uma mistura de estilo, conforto e identidade de marca a qualquer linha de acess\u00f3rios para animais de estima\u00e7\u00e3o. Fabricados com tecido dur\u00e1vel e de alta qualidade, nossos el\u00e1sticos garantem um uso duradouro e cores vibrantes que resistem ao uso e \u00e0 lavagem frequentes. Projetado para ser delicado tanto para os animais de estima\u00e7\u00e3o quanto para seus donos, o scrunchie oferece uma op\u00e7\u00e3o vers\u00e1til e elegante que se alinha perfeitamente com a vis\u00e3o de sua marca.<\/p>\n<p>Para clientes B2B, o scrunchie \u00e9 totalmente personaliz\u00e1vel - seja para adicionar seu logotipo, cores espec\u00edficas ou padr\u00f5es exclusivos, \u00e9 f\u00e1cil tornar esse produto seu. \u00c9 perfeito para empresas de cuidados com animais de estima\u00e7\u00e3o, butiques on-line ou qualquer loja de varejo que queira expandir sua cole\u00e7\u00e3o de acess\u00f3rios com um item chique e moderno que agrade tanto aos animais de estima\u00e7\u00e3o quanto aos pais.<\/p>\n<p>Seja para combinar com a roupa do dono do animal de estima\u00e7\u00e3o, como acess\u00f3rio para o cabelo ou como pulseira, esse el\u00e1stico oferece um toque divertido e moderno que certamente atrair\u00e1 a aten\u00e7\u00e3o. Eleve sua marca com esse el\u00e1stico estiloso, proporcionando uma maneira exclusiva de os clientes mostrarem seu talento pessoal e sua fidelidade \u00e0 sua marca.<\/p>","protected":false},"excerpt":{"rendered":"<p>Nosso scrunchie personaliz\u00e1vel \u00e9 um acess\u00f3rio vers\u00e1til e elegante, ideal para combinar com o animal de estima\u00e7\u00e3o e o dono. Feito com tecido premium e dur\u00e1vel, ele \u00e9 perfeito para clientes B2B que desejam exibir sua marca com logotipos ou padr\u00f5es personalizados. Seja como um acess\u00f3rio charmoso para o animal de estima\u00e7\u00e3o ou como um item da moda, esse scrunchie combina conforto e estilo. Ele foi projetado para ser resistente e reter cores vibrantes, mesmo ap\u00f3s o uso repetido. Acrescente esse produto moderno e divertido \u00e0 cole\u00e7\u00e3o da sua marca e ofere\u00e7a aos clientes uma maneira exclusiva de expressar seu estilo pessoal e, ao mesmo tempo, destacar a identidade da sua marca.<\/p>","protected":false},"featured_media":9288,"template":"","meta":[],"product_brand":[],"product_cat":[58],"product_tag":[],"class_list":{"0":"post-9285","1":"product","2":"type-product","3":"status-publish","4":"has-post-thumbnail","6":"product_cat-accessories","8":"first","9":"instock","10":"shipping-taxable","11":"product-type-simple"},"yoast_head":"<!-- This site is optimized with the Yoast SEO plugin v26.6 - https:\/\/yoast.com\/wordpress\/plugins\/seo\/ -->\n<title>Headscarf Scrunchie | QQPETS<\/title>\n<meta name=\"description\" content=\"Customizable scrunchie for pets and owners! High-quality, durable fabric. Perfect for B2B clients wanting branded designs with custom logos or patterns.\" \/>\n<meta name=\"robots\" content=\"index, follow, max-snippet:-1, max-image-preview:large, max-video-preview:-1\" \/>\n<link rel=\"canonical\" href=\"https:\/\/qqpets.com\/pt\/produto\/scrunchie\/\" \/>\n<meta property=\"og:locale\" content=\"pt_BR\" \/>\n<meta property=\"og:type\" content=\"article\" \/>\n<meta property=\"og:title\" content=\"Headscarf Scrunchie | QQPETS\" \/>\n<meta property=\"og:description\" content=\"Customizable scrunchie for pets and owners! High-quality, durable fabric. Perfect for B2B clients wanting branded designs with custom logos or patterns.\" \/>\n<meta property=\"og:url\" content=\"https:\/\/qqpets.com\/pt\/produto\/scrunchie\/\" \/>\n<meta property=\"og:site_name\" content=\"QQPETS\" \/>\n<meta property=\"article:publisher\" content=\"https:\/\/www.facebook.com\/QQpetsdogcollars\" \/>\n<meta property=\"og:image\" content=\"https:\/\/qqpets.com\/wp-content\/uploads\/2024\/11\/Headscarf-Scrunchie1.webp\" \/>\n\t<meta property=\"og:image:width\" content=\"800\" \/>\n\t<meta property=\"og:image:height\" content=\"800\" \/>\n\t<meta property=\"og:image:type\" content=\"image\/webp\" \/>\n<meta name=\"twitter:card\" content=\"summary_large_image\" \/>\n<meta name=\"twitter:label1\" content=\"Est. tempo de leitura\" \/>\n\t<meta name=\"twitter:data1\" content=\"1 minuto\" \/>\n<script type=\"application\/ld+json\" class=\"yoast-schema-graph\">{\"@context\":\"https:\/\/schema.org\",\"@graph\":[{\"@type\":\"WebPage\",\"@id\":\"https:\/\/qqpets.com\/product\/scrunchie\/\",\"url\":\"https:\/\/qqpets.com\/product\/scrunchie\/\",\"name\":\"Headscarf Scrunchie | QQPETS\",\"isPartOf\":{\"@id\":\"https:\/\/qqpets.com\/#website\"},\"primaryImageOfPage\":{\"@id\":\"https:\/\/qqpets.com\/product\/scrunchie\/#primaryimage\"},\"image\":{\"@id\":\"https:\/\/qqpets.com\/product\/scrunchie\/#primaryimage\"},\"thumbnailUrl\":\"https:\/\/qqpets.com\/wp-content\/uploads\/2024\/11\/Headscarf-Scrunchie1.webp\",\"datePublished\":\"2024-11-14T03:39:39+00:00\",\"description\":\"Customizable scrunchie for pets and owners! High-quality, durable fabric. Perfect for B2B clients wanting branded designs with custom logos or patterns.\",\"breadcrumb\":{\"@id\":\"https:\/\/qqpets.com\/product\/scrunchie\/#breadcrumb\"},\"inLanguage\":\"pt-BR\",\"potentialAction\":[{\"@type\":\"ReadAction\",\"target\":[\"https:\/\/qqpets.com\/product\/scrunchie\/\"]}]},{\"@type\":\"ImageObject\",\"inLanguage\":\"pt-BR\",\"@id\":\"https:\/\/qqpets.com\/product\/scrunchie\/#primaryimage\",\"url\":\"https:\/\/qqpets.com\/wp-content\/uploads\/2024\/11\/Headscarf-Scrunchie1.webp\",\"contentUrl\":\"https:\/\/qqpets.com\/wp-content\/uploads\/2024\/11\/Headscarf-Scrunchie1.webp\",\"width\":800,\"height\":800},{\"@type\":\"BreadcrumbList\",\"@id\":\"https:\/\/qqpets.com\/product\/scrunchie\/#breadcrumb\",\"itemListElement\":[{\"@type\":\"ListItem\",\"position\":1,\"name\":\"Home\",\"item\":\"https:\/\/qqpets.com\/\"},{\"@type\":\"ListItem\",\"position\":2,\"name\":\"Products\",\"item\":\"https:\/\/qqpets.com\/pet-products-manufacturer\/\"},{\"@type\":\"ListItem\",\"position\":3,\"name\":\"Headscarf Scrunchie\"}]},{\"@type\":\"WebSite\",\"@id\":\"https:\/\/qqpets.com\/#website\",\"url\":\"https:\/\/qqpets.com\/\",\"name\":\"QQPETS\",\"description\":\"QQPETS is a pet products factory for dog harnesses, dog collars, dog leashes and dog accessories with professional customized service since 2005.\",\"publisher\":{\"@id\":\"https:\/\/qqpets.com\/#organization\"},\"potentialAction\":[{\"@type\":\"SearchAction\",\"target\":{\"@type\":\"EntryPoint\",\"urlTemplate\":\"https:\/\/qqpets.com\/?s={search_term_string}\"},\"query-input\":{\"@type\":\"PropertyValueSpecification\",\"valueRequired\":true,\"valueName\":\"search_term_string\"}}],\"inLanguage\":\"pt-BR\"},{\"@type\":\"Organization\",\"@id\":\"https:\/\/qqpets.com\/#organization\",\"name\":\"QQPETS\",\"url\":\"https:\/\/qqpets.com\/\",\"logo\":{\"@type\":\"ImageObject\",\"inLanguage\":\"pt-BR\",\"@id\":\"https:\/\/qqpets.com\/#\/schema\/logo\/image\/\",\"url\":\"https:\/\/qqpets.com\/wp-content\/uploads\/2023\/09\/cropped-cropped-qqpets-tiktok.jpg\",\"contentUrl\":\"https:\/\/qqpets.com\/wp-content\/uploads\/2023\/09\/cropped-cropped-qqpets-tiktok.jpg\",\"width\":511,\"height\":511,\"caption\":\"QQPETS\"},\"image\":{\"@id\":\"https:\/\/qqpets.com\/#\/schema\/logo\/image\/\"},\"sameAs\":[\"https:\/\/www.facebook.com\/QQpetsdogcollars\",\"https:\/\/www.instagram.com\/qqpetscollar\/\",\"https:\/\/www.pinterest.com\/qqpetsdogcollarsfactory\/\"]}]}<\/script>\n<!-- \/ Yoast SEO plugin. -->","yoast_head_json":{"title":"Len\u00e7o de cabe\u00e7a Scrunchie | QQPETS","description":"El\u00e1stico personaliz\u00e1vel para animais de estima\u00e7\u00e3o e seus donos! Tecido dur\u00e1vel e de alta qualidade. Perfeito para clientes B2B que desejam designs de marca com logotipos ou padr\u00f5es personalizados.","robots":{"index":"index","follow":"follow","max-snippet":"max-snippet:-1","max-image-preview":"max-image-preview:large","max-video-preview":"max-video-preview:-1"},"canonical":"https:\/\/qqpets.com\/pt\/produto\/scrunchie\/","og_locale":"pt_BR","og_type":"article","og_title":"Headscarf Scrunchie | QQPETS","og_description":"Customizable scrunchie for pets and owners! High-quality, durable fabric. Perfect for B2B clients wanting branded designs with custom logos or patterns.","og_url":"https:\/\/qqpets.com\/pt\/produto\/scrunchie\/","og_site_name":"QQPETS","article_publisher":"https:\/\/www.facebook.com\/QQpetsdogcollars","og_image":[{"width":800,"height":800,"url":"https:\/\/qqpets.com\/wp-content\/uploads\/2024\/11\/Headscarf-Scrunchie1.webp","type":"image\/webp"}],"twitter_card":"summary_large_image","twitter_misc":{"Est. tempo de leitura":"1 minuto"},"schema":{"@context":"https:\/\/schema.org","@graph":[{"@type":"WebPage","@id":"https:\/\/qqpets.com\/product\/scrunchie\/","url":"https:\/\/qqpets.com\/product\/scrunchie\/","name":"Len\u00e7o de cabe\u00e7a Scrunchie | QQPETS","isPartOf":{"@id":"https:\/\/qqpets.com\/#website"},"primaryImageOfPage":{"@id":"https:\/\/qqpets.com\/product\/scrunchie\/#primaryimage"},"image":{"@id":"https:\/\/qqpets.com\/product\/scrunchie\/#primaryimage"},"thumbnailUrl":"https:\/\/qqpets.com\/wp-content\/uploads\/2024\/11\/Headscarf-Scrunchie1.webp","datePublished":"2024-11-14T03:39:39+00:00","description":"El\u00e1stico personaliz\u00e1vel para animais de estima\u00e7\u00e3o e seus donos! Tecido dur\u00e1vel e de alta qualidade. Perfeito para clientes B2B que desejam designs de marca com logotipos ou padr\u00f5es personalizados.","breadcrumb":{"@id":"https:\/\/qqpets.com\/product\/scrunchie\/#breadcrumb"},"inLanguage":"pt-BR","potentialAction":[{"@type":"ReadAction","target":["https:\/\/qqpets.com\/product\/scrunchie\/"]}]},{"@type":"ImageObject","inLanguage":"pt-BR","@id":"https:\/\/qqpets.com\/product\/scrunchie\/#primaryimage","url":"https:\/\/qqpets.com\/wp-content\/uploads\/2024\/11\/Headscarf-Scrunchie1.webp","contentUrl":"https:\/\/qqpets.com\/wp-content\/uploads\/2024\/11\/Headscarf-Scrunchie1.webp","width":800,"height":800},{"@type":"BreadcrumbList","@id":"https:\/\/qqpets.com\/product\/scrunchie\/#breadcrumb","itemListElement":[{"@type":"ListItem","position":1,"name":"Home","item":"https:\/\/qqpets.com\/"},{"@type":"ListItem","position":2,"name":"Products","item":"https:\/\/qqpets.com\/pet-products-manufacturer\/"},{"@type":"ListItem","position":3,"name":"Headscarf Scrunchie"}]},{"@type":"WebSite","@id":"https:\/\/qqpets.com\/#website","url":"https:\/\/qqpets.com\/","name":"QQPETS","description":"A QQPETS \u00e9 uma f\u00e1brica de produtos para animais de estima\u00e7\u00e3o que fabrica arreios, coleiras, coleiras para c\u00e3es e acess\u00f3rios para c\u00e3es com servi\u00e7o personalizado profissional desde 2005.","publisher":{"@id":"https:\/\/qqpets.com\/#organization"},"potentialAction":[{"@type":"SearchAction","target":{"@type":"EntryPoint","urlTemplate":"https:\/\/qqpets.com\/?s={search_term_string}"},"query-input":{"@type":"PropertyValueSpecification","valueRequired":true,"valueName":"search_term_string"}}],"inLanguage":"pt-BR"},{"@type":"Organization","@id":"https:\/\/qqpets.com\/#organization","name":"QQPETS","url":"https:\/\/qqpets.com\/","logo":{"@type":"ImageObject","inLanguage":"pt-BR","@id":"https:\/\/qqpets.com\/#\/schema\/logo\/image\/","url":"https:\/\/qqpets.com\/wp-content\/uploads\/2023\/09\/cropped-cropped-qqpets-tiktok.jpg","contentUrl":"https:\/\/qqpets.com\/wp-content\/uploads\/2023\/09\/cropped-cropped-qqpets-tiktok.jpg","width":511,"height":511,"caption":"QQPETS"},"image":{"@id":"https:\/\/qqpets.com\/#\/schema\/logo\/image\/"},"sameAs":["https:\/\/www.facebook.com\/QQpetsdogcollars","https:\/\/www.instagram.com\/qqpetscollar\/","https:\/\/www.pinterest.com\/qqpetsdogcollarsfactory\/"]}]}},"_links":{"self":[{"href":"https:\/\/qqpets.com\/pt\/wp-json\/wp\/v2\/product\/9285","targetHints":{"allow":["GET"]}}],"collection":[{"href":"https:\/\/qqpets.com\/pt\/wp-json\/wp\/v2\/product"}],"about":[{"href":"https:\/\/qqpets.com\/pt\/wp-json\/wp\/v2\/types\/product"}],"wp:featuredmedia":[{"embeddable":true,"href":"https:\/\/qqpets.com\/pt\/wp-json\/wp\/v2\/media\/9288"}],"wp:attachment":[{"href":"https:\/\/qqpets.com\/pt\/wp-json\/wp\/v2\/media?parent=9285"}],"wp:term":[{"taxonomy":"product_brand","embeddable":true,"href":"https:\/\/qqpets.com\/pt\/wp-json\/wp\/v2\/product_brand?post=9285"},{"taxonomy":"product_cat","embeddable":true,"href":"https:\/\/qqpets.com\/pt\/wp-json\/wp\/v2\/product_cat?post=9285"},{"taxonomy":"product_tag","embeddable":true,"href":"https:\/\/qqpets.com\/pt\/wp-json\/wp\/v2\/product_tag?post=9285"}],"curies":[{"name":"wp","href":"https:\/\/api.w.org\/{rel}","templated":true}]}}