{"id":9309,"date":"2024-11-14T13:47:12","date_gmt":"2024-11-14T05:47:12","guid":{"rendered":"https:\/\/qqpets.com\/?post_type=product&#038;p=9309"},"modified":"2024-11-14T13:47:12","modified_gmt":"2024-11-14T05:47:12","slug":"poop-bag","status":"publish","type":"product","link":"https:\/\/qqpets.com\/pt\/produto\/poop-bag\/","title":{"rendered":"Saco de coc\u00f4"},"content":{"rendered":"<p>Essas sacolas de coc\u00f4 personaliz\u00e1veis e de alta qualidade oferecem uma solu\u00e7\u00e3o sustent\u00e1vel e que valoriza a marca para a \u00e1rea de descarte de dejetos de animais de estima\u00e7\u00e3o, muitas vezes negligenciada. Fabricadas com materiais dur\u00e1veis e ecologicamente corretos, essas sacolas oferecem \u00e0s marcas de animais de estima\u00e7\u00e3o uma oportunidade de mostrar seu compromisso com o meio ambiente e, ao mesmo tempo, oferecer um produto pr\u00e1tico e cotidiano no qual os donos de animais confiam. O material resistente resiste a rasgos e \u00e9 f\u00e1cil de separar, tornando a limpeza simples e sem bagun\u00e7a.<\/p>\n<p>Para clientes B2B, essas sacolas s\u00e3o totalmente personaliz\u00e1veis com op\u00e7\u00f5es de logotipo e padr\u00e3o, permitindo que as marcas se destaquem a cada uso. Elas s\u00e3o ideais para varejistas de suprimentos para animais de estima\u00e7\u00e3o, sal\u00f5es de beleza e lojas on-line que desejam expandir sua linha de produtos ecol\u00f3gicos. Al\u00e9m disso, esses sacos de coc\u00f4 personaliz\u00e1veis s\u00e3o uma excelente op\u00e7\u00e3o para brindes promocionais, refor\u00e7ando a fidelidade \u00e0 marca por meio de um produto pr\u00e1tico e de alto uso. Com sua combina\u00e7\u00e3o de qualidade e sustentabilidade, esses sacos para coc\u00f4 ajudam a sua marca a fazer uma declara\u00e7\u00e3o respons\u00e1vel, que atrai os donos de animais com consci\u00eancia ambiental que buscam op\u00e7\u00f5es confi\u00e1veis e elegantes para o descarte de res\u00edduos.<\/p>","protected":false},"excerpt":{"rendered":"<p>Nossas sacolas para coc\u00f4 personaliz\u00e1veis e ecologicamente corretas s\u00e3o ideais para marcas que desejam oferecer aos donos de animais de estima\u00e7\u00e3o uma solu\u00e7\u00e3o confi\u00e1vel para os res\u00edduos. Feitos de materiais dur\u00e1veis e biodegrad\u00e1veis, esses sacos apresentam op\u00e7\u00f5es de personaliza\u00e7\u00e3o de logotipos ou padr\u00f5es, permitindo que os clientes B2B aumentem a visibilidade da marca e, ao mesmo tempo, apoiem a sustentabilidade. Resistentes e f\u00e1ceis de usar, essas sacolas s\u00e3o projetadas para manusear os res\u00edduos com seguran\u00e7a, o que as torna perfeitas para o varejo ou como item promocional da marca. Com essa abordagem pr\u00e1tica e elegante para o descarte de res\u00edduos de animais de estima\u00e7\u00e3o, sua marca pode oferecer aos clientes conveni\u00eancia e responsabilidade ambiental.<\/p>","protected":false},"featured_media":9310,"template":"","meta":[],"product_brand":[],"product_cat":[58],"product_tag":[],"class_list":{"0":"post-9309","1":"product","2":"type-product","3":"status-publish","4":"has-post-thumbnail","6":"product_cat-accessories","8":"first","9":"instock","10":"shipping-taxable","11":"product-type-simple"},"yoast_head":"<!-- This site is optimized with the Yoast SEO plugin v26.6 - https:\/\/yoast.com\/wordpress\/plugins\/seo\/ -->\n<title>Poop Bag | QQPETS<\/title>\n<meta name=\"description\" content=\"Eco-friendly, customizable poop bags designed for brands. Perfect for B2B clients needing custom logos or patterns. Convenient, durable, and sustainable waste solution.\" \/>\n<meta name=\"robots\" content=\"index, follow, max-snippet:-1, max-image-preview:large, max-video-preview:-1\" \/>\n<link rel=\"canonical\" href=\"https:\/\/qqpets.com\/pt\/produto\/poop-bag\/\" \/>\n<meta property=\"og:locale\" content=\"pt_BR\" \/>\n<meta property=\"og:type\" content=\"article\" \/>\n<meta property=\"og:title\" content=\"Poop Bag | QQPETS\" \/>\n<meta property=\"og:description\" content=\"Eco-friendly, customizable poop bags designed for brands. Perfect for B2B clients needing custom logos or patterns. Convenient, durable, and sustainable waste solution.\" \/>\n<meta property=\"og:url\" content=\"https:\/\/qqpets.com\/pt\/produto\/poop-bag\/\" \/>\n<meta property=\"og:site_name\" content=\"QQPETS\" \/>\n<meta property=\"article:publisher\" content=\"https:\/\/www.facebook.com\/QQpetsdogcollars\" \/>\n<meta property=\"og:image\" content=\"https:\/\/qqpets.com\/wp-content\/uploads\/2024\/11\/poop-bag1.webp\" \/>\n\t<meta property=\"og:image:width\" content=\"800\" \/>\n\t<meta property=\"og:image:height\" content=\"800\" \/>\n\t<meta property=\"og:image:type\" content=\"image\/webp\" \/>\n<meta name=\"twitter:card\" content=\"summary_large_image\" \/>\n<meta name=\"twitter:label1\" content=\"Est. tempo de leitura\" \/>\n\t<meta name=\"twitter:data1\" content=\"1 minuto\" \/>\n<script type=\"application\/ld+json\" class=\"yoast-schema-graph\">{\"@context\":\"https:\/\/schema.org\",\"@graph\":[{\"@type\":\"WebPage\",\"@id\":\"https:\/\/qqpets.com\/product\/poop-bag\/\",\"url\":\"https:\/\/qqpets.com\/product\/poop-bag\/\",\"name\":\"Poop Bag | QQPETS\",\"isPartOf\":{\"@id\":\"https:\/\/qqpets.com\/#website\"},\"primaryImageOfPage\":{\"@id\":\"https:\/\/qqpets.com\/product\/poop-bag\/#primaryimage\"},\"image\":{\"@id\":\"https:\/\/qqpets.com\/product\/poop-bag\/#primaryimage\"},\"thumbnailUrl\":\"https:\/\/qqpets.com\/wp-content\/uploads\/2024\/11\/poop-bag1.webp\",\"datePublished\":\"2024-11-14T05:47:12+00:00\",\"description\":\"Eco-friendly, customizable poop bags designed for brands. Perfect for B2B clients needing custom logos or patterns. Convenient, durable, and sustainable waste solution.\",\"breadcrumb\":{\"@id\":\"https:\/\/qqpets.com\/product\/poop-bag\/#breadcrumb\"},\"inLanguage\":\"pt-BR\",\"potentialAction\":[{\"@type\":\"ReadAction\",\"target\":[\"https:\/\/qqpets.com\/product\/poop-bag\/\"]}]},{\"@type\":\"ImageObject\",\"inLanguage\":\"pt-BR\",\"@id\":\"https:\/\/qqpets.com\/product\/poop-bag\/#primaryimage\",\"url\":\"https:\/\/qqpets.com\/wp-content\/uploads\/2024\/11\/poop-bag1.webp\",\"contentUrl\":\"https:\/\/qqpets.com\/wp-content\/uploads\/2024\/11\/poop-bag1.webp\",\"width\":800,\"height\":800},{\"@type\":\"BreadcrumbList\",\"@id\":\"https:\/\/qqpets.com\/product\/poop-bag\/#breadcrumb\",\"itemListElement\":[{\"@type\":\"ListItem\",\"position\":1,\"name\":\"Home\",\"item\":\"https:\/\/qqpets.com\/\"},{\"@type\":\"ListItem\",\"position\":2,\"name\":\"Products\",\"item\":\"https:\/\/qqpets.com\/pet-products-manufacturer\/\"},{\"@type\":\"ListItem\",\"position\":3,\"name\":\"Poop Bag\"}]},{\"@type\":\"WebSite\",\"@id\":\"https:\/\/qqpets.com\/#website\",\"url\":\"https:\/\/qqpets.com\/\",\"name\":\"QQPETS\",\"description\":\"QQPETS is a pet products factory for dog harnesses, dog collars, dog leashes and dog accessories with professional customized service since 2005.\",\"publisher\":{\"@id\":\"https:\/\/qqpets.com\/#organization\"},\"potentialAction\":[{\"@type\":\"SearchAction\",\"target\":{\"@type\":\"EntryPoint\",\"urlTemplate\":\"https:\/\/qqpets.com\/?s={search_term_string}\"},\"query-input\":{\"@type\":\"PropertyValueSpecification\",\"valueRequired\":true,\"valueName\":\"search_term_string\"}}],\"inLanguage\":\"pt-BR\"},{\"@type\":\"Organization\",\"@id\":\"https:\/\/qqpets.com\/#organization\",\"name\":\"QQPETS\",\"url\":\"https:\/\/qqpets.com\/\",\"logo\":{\"@type\":\"ImageObject\",\"inLanguage\":\"pt-BR\",\"@id\":\"https:\/\/qqpets.com\/#\/schema\/logo\/image\/\",\"url\":\"https:\/\/qqpets.com\/wp-content\/uploads\/2023\/09\/cropped-cropped-qqpets-tiktok.jpg\",\"contentUrl\":\"https:\/\/qqpets.com\/wp-content\/uploads\/2023\/09\/cropped-cropped-qqpets-tiktok.jpg\",\"width\":511,\"height\":511,\"caption\":\"QQPETS\"},\"image\":{\"@id\":\"https:\/\/qqpets.com\/#\/schema\/logo\/image\/\"},\"sameAs\":[\"https:\/\/www.facebook.com\/QQpetsdogcollars\",\"https:\/\/www.instagram.com\/qqpetscollar\/\",\"https:\/\/www.pinterest.com\/qqpetsdogcollarsfactory\/\"]}]}<\/script>\n<!-- \/ Yoast SEO plugin. -->","yoast_head_json":{"title":"Bolsa para coc\u00f4 | QQPETS","description":"Sacos de coc\u00f4 ecol\u00f3gicos e personaliz\u00e1veis projetados para marcas. Perfeito para clientes B2B que precisam de logotipos ou padr\u00f5es personalizados. Solu\u00e7\u00e3o de res\u00edduos conveniente, dur\u00e1vel e sustent\u00e1vel.","robots":{"index":"index","follow":"follow","max-snippet":"max-snippet:-1","max-image-preview":"max-image-preview:large","max-video-preview":"max-video-preview:-1"},"canonical":"https:\/\/qqpets.com\/pt\/produto\/poop-bag\/","og_locale":"pt_BR","og_type":"article","og_title":"Poop Bag | QQPETS","og_description":"Eco-friendly, customizable poop bags designed for brands. Perfect for B2B clients needing custom logos or patterns. Convenient, durable, and sustainable waste solution.","og_url":"https:\/\/qqpets.com\/pt\/produto\/poop-bag\/","og_site_name":"QQPETS","article_publisher":"https:\/\/www.facebook.com\/QQpetsdogcollars","og_image":[{"width":800,"height":800,"url":"https:\/\/qqpets.com\/wp-content\/uploads\/2024\/11\/poop-bag1.webp","type":"image\/webp"}],"twitter_card":"summary_large_image","twitter_misc":{"Est. tempo de leitura":"1 minuto"},"schema":{"@context":"https:\/\/schema.org","@graph":[{"@type":"WebPage","@id":"https:\/\/qqpets.com\/product\/poop-bag\/","url":"https:\/\/qqpets.com\/product\/poop-bag\/","name":"Bolsa para coc\u00f4 | QQPETS","isPartOf":{"@id":"https:\/\/qqpets.com\/#website"},"primaryImageOfPage":{"@id":"https:\/\/qqpets.com\/product\/poop-bag\/#primaryimage"},"image":{"@id":"https:\/\/qqpets.com\/product\/poop-bag\/#primaryimage"},"thumbnailUrl":"https:\/\/qqpets.com\/wp-content\/uploads\/2024\/11\/poop-bag1.webp","datePublished":"2024-11-14T05:47:12+00:00","description":"Sacos de coc\u00f4 ecol\u00f3gicos e personaliz\u00e1veis projetados para marcas. Perfeito para clientes B2B que precisam de logotipos ou padr\u00f5es personalizados. Solu\u00e7\u00e3o de res\u00edduos conveniente, dur\u00e1vel e sustent\u00e1vel.","breadcrumb":{"@id":"https:\/\/qqpets.com\/product\/poop-bag\/#breadcrumb"},"inLanguage":"pt-BR","potentialAction":[{"@type":"ReadAction","target":["https:\/\/qqpets.com\/product\/poop-bag\/"]}]},{"@type":"ImageObject","inLanguage":"pt-BR","@id":"https:\/\/qqpets.com\/product\/poop-bag\/#primaryimage","url":"https:\/\/qqpets.com\/wp-content\/uploads\/2024\/11\/poop-bag1.webp","contentUrl":"https:\/\/qqpets.com\/wp-content\/uploads\/2024\/11\/poop-bag1.webp","width":800,"height":800},{"@type":"BreadcrumbList","@id":"https:\/\/qqpets.com\/product\/poop-bag\/#breadcrumb","itemListElement":[{"@type":"ListItem","position":1,"name":"Home","item":"https:\/\/qqpets.com\/"},{"@type":"ListItem","position":2,"name":"Products","item":"https:\/\/qqpets.com\/pet-products-manufacturer\/"},{"@type":"ListItem","position":3,"name":"Poop Bag"}]},{"@type":"WebSite","@id":"https:\/\/qqpets.com\/#website","url":"https:\/\/qqpets.com\/","name":"QQPETS","description":"A QQPETS \u00e9 uma f\u00e1brica de produtos para animais de estima\u00e7\u00e3o que fabrica arreios, coleiras, coleiras para c\u00e3es e acess\u00f3rios para c\u00e3es com servi\u00e7o personalizado profissional desde 2005.","publisher":{"@id":"https:\/\/qqpets.com\/#organization"},"potentialAction":[{"@type":"SearchAction","target":{"@type":"EntryPoint","urlTemplate":"https:\/\/qqpets.com\/?s={search_term_string}"},"query-input":{"@type":"PropertyValueSpecification","valueRequired":true,"valueName":"search_term_string"}}],"inLanguage":"pt-BR"},{"@type":"Organization","@id":"https:\/\/qqpets.com\/#organization","name":"QQPETS","url":"https:\/\/qqpets.com\/","logo":{"@type":"ImageObject","inLanguage":"pt-BR","@id":"https:\/\/qqpets.com\/#\/schema\/logo\/image\/","url":"https:\/\/qqpets.com\/wp-content\/uploads\/2023\/09\/cropped-cropped-qqpets-tiktok.jpg","contentUrl":"https:\/\/qqpets.com\/wp-content\/uploads\/2023\/09\/cropped-cropped-qqpets-tiktok.jpg","width":511,"height":511,"caption":"QQPETS"},"image":{"@id":"https:\/\/qqpets.com\/#\/schema\/logo\/image\/"},"sameAs":["https:\/\/www.facebook.com\/QQpetsdogcollars","https:\/\/www.instagram.com\/qqpetscollar\/","https:\/\/www.pinterest.com\/qqpetsdogcollarsfactory\/"]}]}},"_links":{"self":[{"href":"https:\/\/qqpets.com\/pt\/wp-json\/wp\/v2\/product\/9309","targetHints":{"allow":["GET"]}}],"collection":[{"href":"https:\/\/qqpets.com\/pt\/wp-json\/wp\/v2\/product"}],"about":[{"href":"https:\/\/qqpets.com\/pt\/wp-json\/wp\/v2\/types\/product"}],"wp:featuredmedia":[{"embeddable":true,"href":"https:\/\/qqpets.com\/pt\/wp-json\/wp\/v2\/media\/9310"}],"wp:attachment":[{"href":"https:\/\/qqpets.com\/pt\/wp-json\/wp\/v2\/media?parent=9309"}],"wp:term":[{"taxonomy":"product_brand","embeddable":true,"href":"https:\/\/qqpets.com\/pt\/wp-json\/wp\/v2\/product_brand?post=9309"},{"taxonomy":"product_cat","embeddable":true,"href":"https:\/\/qqpets.com\/pt\/wp-json\/wp\/v2\/product_cat?post=9309"},{"taxonomy":"product_tag","embeddable":true,"href":"https:\/\/qqpets.com\/pt\/wp-json\/wp\/v2\/product_tag?post=9309"}],"curies":[{"name":"wp","href":"https:\/\/api.w.org\/{rel}","templated":true}]}}