{"id":9358,"date":"2024-11-14T16:00:43","date_gmt":"2024-11-14T08:00:43","guid":{"rendered":"https:\/\/qqpets.com\/?post_type=product&#038;p=9358"},"modified":"2024-11-14T16:01:00","modified_gmt":"2024-11-14T08:01:00","slug":"martingale-collar","status":"publish","type":"product","link":"https:\/\/qqpets.com\/pt\/produto\/martingale-collar\/","title":{"rendered":"Coleira Martingale"},"content":{"rendered":"<div class=\"flex max-w-full flex-col flex-grow\">\n<div class=\"min-h-8 text-message flex w-full flex-col items-end gap-2 whitespace-normal break-words [.text-message+&amp;]:mt-5\" dir=\"auto\" data-message-author-role=\"assistant\" data-message-id=\"c6c34488-1300-4535-9861-d71a113f9ae5\" data-message-model-slug=\"gpt-4o\">\n<div class=\"flex w-full flex-col gap-1 empty:hidden first:pt-[3px]\">\n<div class=\"markdown prose w-full break-words dark:prose-invert light\">\n<p>A coleira Martingale \u00e9 uma solu\u00e7\u00e3o popular e eficaz para treinar e passear com c\u00e3es com maior controle, oferecendo aos clientes B2B um produto vers\u00e1til e personaliz\u00e1vel. Projetada para apertar suavemente quando o c\u00e3o puxa, o estilo Martingale proporciona uma maneira humana de evitar que os c\u00e3es escapem da coleira, tornando-a uma alternativa mais segura \u00e0s coleiras de estrangulamento tradicionais. A leve tens\u00e3o da coleira mant\u00e9m os animais de estima\u00e7\u00e3o seguros, ideal para c\u00e3es ativos e curiosos e para sess\u00f5es de treinamento em que \u00e9 necess\u00e1rio um controle extra.<\/p>\n<p>Essa coleira \u00e9 fabricada com materiais premium e dur\u00e1veis que suportam as demandas do uso di\u00e1rio, garantindo longevidade e conforto. Personaliz\u00e1vel com logotipos, padr\u00f5es ou cores, essa coleira Martingale ajuda as marcas a mostrar sua identidade exclusiva, transformando uma ferramenta pr\u00e1tica em uma declara\u00e7\u00e3o de marca.<\/p>\n<p>Para empresas de animais de estima\u00e7\u00e3o que buscam oferecer solu\u00e7\u00f5es de treinamento de qualidade, essa coleira atinge o equil\u00edbrio entre funcionalidade, conforto e reconhecimento da marca. Sua adaptabilidade a diferentes ra\u00e7as de c\u00e3es e op\u00e7\u00f5es personaliz\u00e1veis a tornam uma adi\u00e7\u00e3o vers\u00e1til a qualquer linha de produtos, atraindo clientes que desejam oferecer seguran\u00e7a e estilo em sua cole\u00e7\u00e3o de acess\u00f3rios para animais de estima\u00e7\u00e3o.<\/p>\n<\/div>\n<\/div>\n<\/div>\n<\/div>\n<div class=\"mb-2 flex gap-3 empty:hidden -ml-2\">\n<div class=\"items-center justify-start rounded-xl p-1 flex\">\n<div class=\"flex items-center\">\n<p>&nbsp;<\/p>\n<div class=\"flex\"><\/div>\n<div class=\"flex items-center pb-0\"><span class=\"overflow-hidden text-clip whitespace-nowrap text-sm\">4o<\/span><\/div>\n<\/div>\n<\/div>\n<\/div>","protected":false},"excerpt":{"rendered":"<p>Our Martingale Collar offers gentle control for training, designed to prevent pulling without choking. Built with durable materials, it\u2019s crafted to ensure comfort and security for everyday use. Fully customizable, this collar allows B2B clients to add unique logos or patterns, making it an ideal choice for brands looking to stand out in the pet market. A perfect blend of functionality and style, this Martingale collar caters to businesses prioritizing quality, control, and brand visibility.<\/p>\n<p>&nbsp;<\/p>","protected":false},"featured_media":9360,"template":"","meta":[],"product_brand":[],"product_cat":[26],"product_tag":[],"class_list":{"0":"post-9358","1":"product","2":"type-product","3":"status-publish","4":"has-post-thumbnail","6":"product_cat-dog-collar","8":"first","9":"instock","10":"shipping-taxable","11":"product-type-simple"},"yoast_head":"<!-- This site is optimized with the Yoast SEO plugin v26.6 - https:\/\/yoast.com\/wordpress\/plugins\/seo\/ -->\n<title>Martingale Collar | QQPETS<\/title>\n<meta name=\"description\" content=\"Durable and gentle Martingale collar, perfect for training and control. Customizable with logos or patterns, ideal for B2B brands wanting distinct pet accessories.\" \/>\n<meta name=\"robots\" content=\"index, follow, max-snippet:-1, max-image-preview:large, max-video-preview:-1\" \/>\n<link rel=\"canonical\" href=\"https:\/\/qqpets.com\/pt\/produto\/martingale-collar\/\" \/>\n<meta property=\"og:locale\" content=\"pt_BR\" \/>\n<meta property=\"og:type\" content=\"article\" \/>\n<meta property=\"og:title\" content=\"Martingale Collar | QQPETS\" \/>\n<meta property=\"og:description\" content=\"Durable and gentle Martingale collar, perfect for training and control. Customizable with logos or patterns, ideal for B2B brands wanting distinct pet accessories.\" \/>\n<meta property=\"og:url\" content=\"https:\/\/qqpets.com\/pt\/produto\/martingale-collar\/\" \/>\n<meta property=\"og:site_name\" content=\"QQPETS\" \/>\n<meta property=\"article:publisher\" content=\"https:\/\/www.facebook.com\/QQpetsdogcollars\" \/>\n<meta property=\"article:modified_time\" content=\"2024-11-14T08:01:00+00:00\" \/>\n<meta property=\"og:image\" content=\"https:\/\/qqpets.com\/wp-content\/uploads\/2024\/11\/Martingale-Collar2.webp\" \/>\n\t<meta property=\"og:image:width\" content=\"800\" \/>\n\t<meta property=\"og:image:height\" content=\"800\" \/>\n\t<meta property=\"og:image:type\" content=\"image\/webp\" \/>\n<meta name=\"twitter:card\" content=\"summary_large_image\" \/>\n<meta name=\"twitter:label1\" content=\"Est. tempo de leitura\" \/>\n\t<meta name=\"twitter:data1\" content=\"1 minuto\" \/>\n<script type=\"application\/ld+json\" class=\"yoast-schema-graph\">{\"@context\":\"https:\/\/schema.org\",\"@graph\":[{\"@type\":\"WebPage\",\"@id\":\"https:\/\/qqpets.com\/product\/martingale-collar\/\",\"url\":\"https:\/\/qqpets.com\/product\/martingale-collar\/\",\"name\":\"Martingale Collar | QQPETS\",\"isPartOf\":{\"@id\":\"https:\/\/qqpets.com\/#website\"},\"primaryImageOfPage\":{\"@id\":\"https:\/\/qqpets.com\/product\/martingale-collar\/#primaryimage\"},\"image\":{\"@id\":\"https:\/\/qqpets.com\/product\/martingale-collar\/#primaryimage\"},\"thumbnailUrl\":\"https:\/\/qqpets.com\/wp-content\/uploads\/2024\/11\/Martingale-Collar2.webp\",\"datePublished\":\"2024-11-14T08:00:43+00:00\",\"dateModified\":\"2024-11-14T08:01:00+00:00\",\"description\":\"Durable and gentle Martingale collar, perfect for training and control. Customizable with logos or patterns, ideal for B2B brands wanting distinct pet accessories.\",\"breadcrumb\":{\"@id\":\"https:\/\/qqpets.com\/product\/martingale-collar\/#breadcrumb\"},\"inLanguage\":\"pt-BR\",\"potentialAction\":[{\"@type\":\"ReadAction\",\"target\":[\"https:\/\/qqpets.com\/product\/martingale-collar\/\"]}]},{\"@type\":\"ImageObject\",\"inLanguage\":\"pt-BR\",\"@id\":\"https:\/\/qqpets.com\/product\/martingale-collar\/#primaryimage\",\"url\":\"https:\/\/qqpets.com\/wp-content\/uploads\/2024\/11\/Martingale-Collar2.webp\",\"contentUrl\":\"https:\/\/qqpets.com\/wp-content\/uploads\/2024\/11\/Martingale-Collar2.webp\",\"width\":800,\"height\":800},{\"@type\":\"BreadcrumbList\",\"@id\":\"https:\/\/qqpets.com\/product\/martingale-collar\/#breadcrumb\",\"itemListElement\":[{\"@type\":\"ListItem\",\"position\":1,\"name\":\"Home\",\"item\":\"https:\/\/qqpets.com\/\"},{\"@type\":\"ListItem\",\"position\":2,\"name\":\"Products\",\"item\":\"https:\/\/qqpets.com\/pet-products-manufacturer\/\"},{\"@type\":\"ListItem\",\"position\":3,\"name\":\"Martingale Collar\"}]},{\"@type\":\"WebSite\",\"@id\":\"https:\/\/qqpets.com\/#website\",\"url\":\"https:\/\/qqpets.com\/\",\"name\":\"QQPETS\",\"description\":\"QQPETS is a pet products factory for dog harnesses, dog collars, dog leashes and dog accessories with professional customized service since 2005.\",\"publisher\":{\"@id\":\"https:\/\/qqpets.com\/#organization\"},\"potentialAction\":[{\"@type\":\"SearchAction\",\"target\":{\"@type\":\"EntryPoint\",\"urlTemplate\":\"https:\/\/qqpets.com\/?s={search_term_string}\"},\"query-input\":{\"@type\":\"PropertyValueSpecification\",\"valueRequired\":true,\"valueName\":\"search_term_string\"}}],\"inLanguage\":\"pt-BR\"},{\"@type\":\"Organization\",\"@id\":\"https:\/\/qqpets.com\/#organization\",\"name\":\"QQPETS\",\"url\":\"https:\/\/qqpets.com\/\",\"logo\":{\"@type\":\"ImageObject\",\"inLanguage\":\"pt-BR\",\"@id\":\"https:\/\/qqpets.com\/#\/schema\/logo\/image\/\",\"url\":\"https:\/\/qqpets.com\/wp-content\/uploads\/2023\/09\/cropped-cropped-qqpets-tiktok.jpg\",\"contentUrl\":\"https:\/\/qqpets.com\/wp-content\/uploads\/2023\/09\/cropped-cropped-qqpets-tiktok.jpg\",\"width\":511,\"height\":511,\"caption\":\"QQPETS\"},\"image\":{\"@id\":\"https:\/\/qqpets.com\/#\/schema\/logo\/image\/\"},\"sameAs\":[\"https:\/\/www.facebook.com\/QQpetsdogcollars\",\"https:\/\/www.instagram.com\/qqpetscollar\/\",\"https:\/\/www.pinterest.com\/qqpetsdogcollarsfactory\/\"]}]}<\/script>\n<!-- \/ Yoast SEO plugin. -->","yoast_head_json":{"title":"Martingale Collar | QQPETS","description":"Durable and gentle Martingale collar, perfect for training and control. Customizable with logos or patterns, ideal for B2B brands wanting distinct pet accessories.","robots":{"index":"index","follow":"follow","max-snippet":"max-snippet:-1","max-image-preview":"max-image-preview:large","max-video-preview":"max-video-preview:-1"},"canonical":"https:\/\/qqpets.com\/pt\/produto\/martingale-collar\/","og_locale":"pt_BR","og_type":"article","og_title":"Martingale Collar | QQPETS","og_description":"Durable and gentle Martingale collar, perfect for training and control. Customizable with logos or patterns, ideal for B2B brands wanting distinct pet accessories.","og_url":"https:\/\/qqpets.com\/pt\/produto\/martingale-collar\/","og_site_name":"QQPETS","article_publisher":"https:\/\/www.facebook.com\/QQpetsdogcollars","article_modified_time":"2024-11-14T08:01:00+00:00","og_image":[{"width":800,"height":800,"url":"https:\/\/qqpets.com\/wp-content\/uploads\/2024\/11\/Martingale-Collar2.webp","type":"image\/webp"}],"twitter_card":"summary_large_image","twitter_misc":{"Est. tempo de leitura":"1 minuto"},"schema":{"@context":"https:\/\/schema.org","@graph":[{"@type":"WebPage","@id":"https:\/\/qqpets.com\/product\/martingale-collar\/","url":"https:\/\/qqpets.com\/product\/martingale-collar\/","name":"Martingale Collar | QQPETS","isPartOf":{"@id":"https:\/\/qqpets.com\/#website"},"primaryImageOfPage":{"@id":"https:\/\/qqpets.com\/product\/martingale-collar\/#primaryimage"},"image":{"@id":"https:\/\/qqpets.com\/product\/martingale-collar\/#primaryimage"},"thumbnailUrl":"https:\/\/qqpets.com\/wp-content\/uploads\/2024\/11\/Martingale-Collar2.webp","datePublished":"2024-11-14T08:00:43+00:00","dateModified":"2024-11-14T08:01:00+00:00","description":"Durable and gentle Martingale collar, perfect for training and control. Customizable with logos or patterns, ideal for B2B brands wanting distinct pet accessories.","breadcrumb":{"@id":"https:\/\/qqpets.com\/product\/martingale-collar\/#breadcrumb"},"inLanguage":"pt-BR","potentialAction":[{"@type":"ReadAction","target":["https:\/\/qqpets.com\/product\/martingale-collar\/"]}]},{"@type":"ImageObject","inLanguage":"pt-BR","@id":"https:\/\/qqpets.com\/product\/martingale-collar\/#primaryimage","url":"https:\/\/qqpets.com\/wp-content\/uploads\/2024\/11\/Martingale-Collar2.webp","contentUrl":"https:\/\/qqpets.com\/wp-content\/uploads\/2024\/11\/Martingale-Collar2.webp","width":800,"height":800},{"@type":"BreadcrumbList","@id":"https:\/\/qqpets.com\/product\/martingale-collar\/#breadcrumb","itemListElement":[{"@type":"ListItem","position":1,"name":"Home","item":"https:\/\/qqpets.com\/"},{"@type":"ListItem","position":2,"name":"Products","item":"https:\/\/qqpets.com\/pet-products-manufacturer\/"},{"@type":"ListItem","position":3,"name":"Martingale Collar"}]},{"@type":"WebSite","@id":"https:\/\/qqpets.com\/#website","url":"https:\/\/qqpets.com\/","name":"QQPETS","description":"A QQPETS \u00e9 uma f\u00e1brica de produtos para animais de estima\u00e7\u00e3o que fabrica arreios, coleiras, coleiras para c\u00e3es e acess\u00f3rios para c\u00e3es com servi\u00e7o personalizado profissional desde 2005.","publisher":{"@id":"https:\/\/qqpets.com\/#organization"},"potentialAction":[{"@type":"SearchAction","target":{"@type":"EntryPoint","urlTemplate":"https:\/\/qqpets.com\/?s={search_term_string}"},"query-input":{"@type":"PropertyValueSpecification","valueRequired":true,"valueName":"search_term_string"}}],"inLanguage":"pt-BR"},{"@type":"Organization","@id":"https:\/\/qqpets.com\/#organization","name":"QQPETS","url":"https:\/\/qqpets.com\/","logo":{"@type":"ImageObject","inLanguage":"pt-BR","@id":"https:\/\/qqpets.com\/#\/schema\/logo\/image\/","url":"https:\/\/qqpets.com\/wp-content\/uploads\/2023\/09\/cropped-cropped-qqpets-tiktok.jpg","contentUrl":"https:\/\/qqpets.com\/wp-content\/uploads\/2023\/09\/cropped-cropped-qqpets-tiktok.jpg","width":511,"height":511,"caption":"QQPETS"},"image":{"@id":"https:\/\/qqpets.com\/#\/schema\/logo\/image\/"},"sameAs":["https:\/\/www.facebook.com\/QQpetsdogcollars","https:\/\/www.instagram.com\/qqpetscollar\/","https:\/\/www.pinterest.com\/qqpetsdogcollarsfactory\/"]}]}},"_links":{"self":[{"href":"https:\/\/qqpets.com\/pt\/wp-json\/wp\/v2\/product\/9358","targetHints":{"allow":["GET"]}}],"collection":[{"href":"https:\/\/qqpets.com\/pt\/wp-json\/wp\/v2\/product"}],"about":[{"href":"https:\/\/qqpets.com\/pt\/wp-json\/wp\/v2\/types\/product"}],"wp:featuredmedia":[{"embeddable":true,"href":"https:\/\/qqpets.com\/pt\/wp-json\/wp\/v2\/media\/9360"}],"wp:attachment":[{"href":"https:\/\/qqpets.com\/pt\/wp-json\/wp\/v2\/media?parent=9358"}],"wp:term":[{"taxonomy":"product_brand","embeddable":true,"href":"https:\/\/qqpets.com\/pt\/wp-json\/wp\/v2\/product_brand?post=9358"},{"taxonomy":"product_cat","embeddable":true,"href":"https:\/\/qqpets.com\/pt\/wp-json\/wp\/v2\/product_cat?post=9358"},{"taxonomy":"product_tag","embeddable":true,"href":"https:\/\/qqpets.com\/pt\/wp-json\/wp\/v2\/product_tag?post=9358"}],"curies":[{"name":"wp","href":"https:\/\/api.w.org\/{rel}","templated":true}]}}