{"id":9371,"date":"2024-11-14T16:30:26","date_gmt":"2024-11-14T08:30:26","guid":{"rendered":"https:\/\/qqpets.com\/?post_type=product&#038;p=9371"},"modified":"2024-11-14T16:30:26","modified_gmt":"2024-11-14T08:30:26","slug":"qr-tag-cat-collar","status":"publish","type":"product","link":"https:\/\/qqpets.com\/pt\/produto\/qr-tag-cat-collar\/","title":{"rendered":"Coleira para gatos com etiqueta QR"},"content":{"rendered":"<p>A coleira para gatos QR Tag \u00e9 a melhor combina\u00e7\u00e3o de estilo, seguran\u00e7a e inova\u00e7\u00e3o, projetada para atender \u00e0s demandas dos donos de animais modernos. Com uma etiqueta QR integrada, essa coleira permite o acesso r\u00e1pido e f\u00e1cil \u00e0 identifica\u00e7\u00e3o, \u00e0s informa\u00e7\u00f5es de contato ou aos detalhes m\u00e9dicos do animal de estima\u00e7\u00e3o quando escaneados, oferecendo um n\u00edvel aprimorado de seguran\u00e7a que os donos de gatos valorizam.<\/p>\n<p>Para clientes B2B, a coleira QR Tag Cat \u00e9 uma op\u00e7\u00e3o personaliz\u00e1vel que pode ser adaptada para se alinhar \u00e0 identidade de qualquer marca. De logotipos a padr\u00f5es diferenciados, as empresas podem criar uma coleira que n\u00e3o apenas aumente a seguran\u00e7a do animal de estima\u00e7\u00e3o, mas tamb\u00e9m promova a visibilidade da marca. Fabricada com materiais macios e dur\u00e1veis, essa coleira garante conforto para gatos de todas as ra\u00e7as e tamanhos, mantendo a resist\u00eancia necess\u00e1ria para o uso di\u00e1rio.<\/p>\n<p>Al\u00e9m da funcionalidade, a coleira para gatos com etiqueta QR representa uma valiosa oportunidade de branding, transformando um acess\u00f3rio pr\u00e1tico em um produto visualmente atraente que atende \u00e0s prioridades dos donos de animais de estima\u00e7\u00e3o. \u00c9 a escolha ideal para marcas de animais de estima\u00e7\u00e3o que buscam combinar seguran\u00e7a, conveni\u00eancia e estilo, oferecendo uma coleira confi\u00e1vel e inovadora que ajuda a criar confian\u00e7a e fidelidade entre os clientes.<\/p>","protected":false},"excerpt":{"rendered":"<p>Nossa coleira para gatos com etiqueta QR oferece um toque moderno na seguran\u00e7a e identifica\u00e7\u00e3o do animal de estima\u00e7\u00e3o. Com uma etiqueta QR integrada, essa coleira permite acesso r\u00e1pido aos detalhes do animal quando escaneada, proporcionando tranquilidade aos donos de gatos. Ideal para clientes B2B, a coleira \u00e9 totalmente personaliz\u00e1vel com logotipos ou padr\u00f5es, alinhando-se aos padr\u00f5es est\u00e9ticos e de seguran\u00e7a de qualquer marca. Projetada para proporcionar conforto e fabricada com materiais dur\u00e1veis, ela \u00e9 perfeita para gatos ativos e marcas de animais de estima\u00e7\u00e3o que se preocupam com o estilo, aumentando a seguran\u00e7a e a visibilidade da marca em um \u00fanico acess\u00f3rio elegante.<\/p>\n<p>&nbsp;<\/p>","protected":false},"featured_media":9372,"template":"","meta":[],"product_brand":[],"product_cat":[26],"product_tag":[],"class_list":{"0":"post-9371","1":"product","2":"type-product","3":"status-publish","4":"has-post-thumbnail","6":"product_cat-dog-collar","8":"first","9":"instock","10":"shipping-taxable","11":"product-type-simple"},"yoast_head":"<!-- This site is optimized with the Yoast SEO plugin v26.6 - https:\/\/yoast.com\/wordpress\/plugins\/seo\/ -->\n<title>QR Tag Cat Collar | QQPETS<\/title>\n<meta name=\"description\" content=\"QR Tag Cat Collar combines safety with customization. Easily scannable for pet info and fully customizable with logos or patterns\u2014perfect for B2B branding needs.\" \/>\n<meta name=\"robots\" content=\"index, follow, max-snippet:-1, max-image-preview:large, max-video-preview:-1\" \/>\n<link rel=\"canonical\" href=\"https:\/\/qqpets.com\/pt\/produto\/qr-tag-cat-collar\/\" \/>\n<meta property=\"og:locale\" content=\"pt_BR\" \/>\n<meta property=\"og:type\" content=\"article\" \/>\n<meta property=\"og:title\" content=\"QR Tag Cat Collar | QQPETS\" \/>\n<meta property=\"og:description\" content=\"QR Tag Cat Collar combines safety with customization. Easily scannable for pet info and fully customizable with logos or patterns\u2014perfect for B2B branding needs.\" \/>\n<meta property=\"og:url\" content=\"https:\/\/qqpets.com\/pt\/produto\/qr-tag-cat-collar\/\" \/>\n<meta property=\"og:site_name\" content=\"QQPETS\" \/>\n<meta property=\"article:publisher\" content=\"https:\/\/www.facebook.com\/QQpetsdogcollars\" \/>\n<meta property=\"og:image\" content=\"https:\/\/qqpets.com\/wp-content\/uploads\/2024\/11\/QR-Tag-Cat-Collar1.webp\" \/>\n\t<meta property=\"og:image:width\" content=\"1000\" \/>\n\t<meta property=\"og:image:height\" content=\"1000\" \/>\n\t<meta property=\"og:image:type\" content=\"image\/webp\" \/>\n<meta name=\"twitter:card\" content=\"summary_large_image\" \/>\n<meta name=\"twitter:label1\" content=\"Est. tempo de leitura\" \/>\n\t<meta name=\"twitter:data1\" content=\"1 minuto\" \/>\n<script type=\"application\/ld+json\" class=\"yoast-schema-graph\">{\"@context\":\"https:\/\/schema.org\",\"@graph\":[{\"@type\":\"WebPage\",\"@id\":\"https:\/\/qqpets.com\/product\/qr-tag-cat-collar\/\",\"url\":\"https:\/\/qqpets.com\/product\/qr-tag-cat-collar\/\",\"name\":\"QR Tag Cat Collar | QQPETS\",\"isPartOf\":{\"@id\":\"https:\/\/qqpets.com\/#website\"},\"primaryImageOfPage\":{\"@id\":\"https:\/\/qqpets.com\/product\/qr-tag-cat-collar\/#primaryimage\"},\"image\":{\"@id\":\"https:\/\/qqpets.com\/product\/qr-tag-cat-collar\/#primaryimage\"},\"thumbnailUrl\":\"https:\/\/qqpets.com\/wp-content\/uploads\/2024\/11\/QR-Tag-Cat-Collar1.webp\",\"datePublished\":\"2024-11-14T08:30:26+00:00\",\"description\":\"QR Tag Cat Collar combines safety with customization. Easily scannable for pet info and fully customizable with logos or patterns\u2014perfect for B2B branding needs.\",\"breadcrumb\":{\"@id\":\"https:\/\/qqpets.com\/product\/qr-tag-cat-collar\/#breadcrumb\"},\"inLanguage\":\"pt-BR\",\"potentialAction\":[{\"@type\":\"ReadAction\",\"target\":[\"https:\/\/qqpets.com\/product\/qr-tag-cat-collar\/\"]}]},{\"@type\":\"ImageObject\",\"inLanguage\":\"pt-BR\",\"@id\":\"https:\/\/qqpets.com\/product\/qr-tag-cat-collar\/#primaryimage\",\"url\":\"https:\/\/qqpets.com\/wp-content\/uploads\/2024\/11\/QR-Tag-Cat-Collar1.webp\",\"contentUrl\":\"https:\/\/qqpets.com\/wp-content\/uploads\/2024\/11\/QR-Tag-Cat-Collar1.webp\",\"width\":1000,\"height\":1000},{\"@type\":\"BreadcrumbList\",\"@id\":\"https:\/\/qqpets.com\/product\/qr-tag-cat-collar\/#breadcrumb\",\"itemListElement\":[{\"@type\":\"ListItem\",\"position\":1,\"name\":\"Home\",\"item\":\"https:\/\/qqpets.com\/\"},{\"@type\":\"ListItem\",\"position\":2,\"name\":\"Products\",\"item\":\"https:\/\/qqpets.com\/pet-products-manufacturer\/\"},{\"@type\":\"ListItem\",\"position\":3,\"name\":\"QR Tag Cat Collar\"}]},{\"@type\":\"WebSite\",\"@id\":\"https:\/\/qqpets.com\/#website\",\"url\":\"https:\/\/qqpets.com\/\",\"name\":\"QQPETS\",\"description\":\"QQPETS is a pet products factory for dog harnesses, dog collars, dog leashes and dog accessories with professional customized service since 2005.\",\"publisher\":{\"@id\":\"https:\/\/qqpets.com\/#organization\"},\"potentialAction\":[{\"@type\":\"SearchAction\",\"target\":{\"@type\":\"EntryPoint\",\"urlTemplate\":\"https:\/\/qqpets.com\/?s={search_term_string}\"},\"query-input\":{\"@type\":\"PropertyValueSpecification\",\"valueRequired\":true,\"valueName\":\"search_term_string\"}}],\"inLanguage\":\"pt-BR\"},{\"@type\":\"Organization\",\"@id\":\"https:\/\/qqpets.com\/#organization\",\"name\":\"QQPETS\",\"url\":\"https:\/\/qqpets.com\/\",\"logo\":{\"@type\":\"ImageObject\",\"inLanguage\":\"pt-BR\",\"@id\":\"https:\/\/qqpets.com\/#\/schema\/logo\/image\/\",\"url\":\"https:\/\/qqpets.com\/wp-content\/uploads\/2023\/09\/cropped-cropped-qqpets-tiktok.jpg\",\"contentUrl\":\"https:\/\/qqpets.com\/wp-content\/uploads\/2023\/09\/cropped-cropped-qqpets-tiktok.jpg\",\"width\":511,\"height\":511,\"caption\":\"QQPETS\"},\"image\":{\"@id\":\"https:\/\/qqpets.com\/#\/schema\/logo\/image\/\"},\"sameAs\":[\"https:\/\/www.facebook.com\/QQpetsdogcollars\",\"https:\/\/www.instagram.com\/qqpetscollar\/\",\"https:\/\/www.pinterest.com\/qqpetsdogcollarsfactory\/\"]}]}<\/script>\n<!-- \/ Yoast SEO plugin. -->","yoast_head_json":{"title":"Coleira para gatos com etiqueta QR | QQPETS","description":"A coleira para gatos com etiqueta QR combina seguran\u00e7a e personaliza\u00e7\u00e3o. Facilmente escane\u00e1vel para obter informa\u00e7\u00f5es sobre o animal de estima\u00e7\u00e3o e totalmente personaliz\u00e1vel com logotipos ou padr\u00f5es - perfeita para necessidades de branding B2B.","robots":{"index":"index","follow":"follow","max-snippet":"max-snippet:-1","max-image-preview":"max-image-preview:large","max-video-preview":"max-video-preview:-1"},"canonical":"https:\/\/qqpets.com\/pt\/produto\/qr-tag-cat-collar\/","og_locale":"pt_BR","og_type":"article","og_title":"QR Tag Cat Collar | QQPETS","og_description":"QR Tag Cat Collar combines safety with customization. Easily scannable for pet info and fully customizable with logos or patterns\u2014perfect for B2B branding needs.","og_url":"https:\/\/qqpets.com\/pt\/produto\/qr-tag-cat-collar\/","og_site_name":"QQPETS","article_publisher":"https:\/\/www.facebook.com\/QQpetsdogcollars","og_image":[{"width":1000,"height":1000,"url":"https:\/\/qqpets.com\/wp-content\/uploads\/2024\/11\/QR-Tag-Cat-Collar1.webp","type":"image\/webp"}],"twitter_card":"summary_large_image","twitter_misc":{"Est. tempo de leitura":"1 minuto"},"schema":{"@context":"https:\/\/schema.org","@graph":[{"@type":"WebPage","@id":"https:\/\/qqpets.com\/product\/qr-tag-cat-collar\/","url":"https:\/\/qqpets.com\/product\/qr-tag-cat-collar\/","name":"Coleira para gatos com etiqueta QR | QQPETS","isPartOf":{"@id":"https:\/\/qqpets.com\/#website"},"primaryImageOfPage":{"@id":"https:\/\/qqpets.com\/product\/qr-tag-cat-collar\/#primaryimage"},"image":{"@id":"https:\/\/qqpets.com\/product\/qr-tag-cat-collar\/#primaryimage"},"thumbnailUrl":"https:\/\/qqpets.com\/wp-content\/uploads\/2024\/11\/QR-Tag-Cat-Collar1.webp","datePublished":"2024-11-14T08:30:26+00:00","description":"A coleira para gatos com etiqueta QR combina seguran\u00e7a e personaliza\u00e7\u00e3o. Facilmente escane\u00e1vel para obter informa\u00e7\u00f5es sobre o animal de estima\u00e7\u00e3o e totalmente personaliz\u00e1vel com logotipos ou padr\u00f5es - perfeita para necessidades de branding B2B.","breadcrumb":{"@id":"https:\/\/qqpets.com\/product\/qr-tag-cat-collar\/#breadcrumb"},"inLanguage":"pt-BR","potentialAction":[{"@type":"ReadAction","target":["https:\/\/qqpets.com\/product\/qr-tag-cat-collar\/"]}]},{"@type":"ImageObject","inLanguage":"pt-BR","@id":"https:\/\/qqpets.com\/product\/qr-tag-cat-collar\/#primaryimage","url":"https:\/\/qqpets.com\/wp-content\/uploads\/2024\/11\/QR-Tag-Cat-Collar1.webp","contentUrl":"https:\/\/qqpets.com\/wp-content\/uploads\/2024\/11\/QR-Tag-Cat-Collar1.webp","width":1000,"height":1000},{"@type":"BreadcrumbList","@id":"https:\/\/qqpets.com\/product\/qr-tag-cat-collar\/#breadcrumb","itemListElement":[{"@type":"ListItem","position":1,"name":"Home","item":"https:\/\/qqpets.com\/"},{"@type":"ListItem","position":2,"name":"Products","item":"https:\/\/qqpets.com\/pet-products-manufacturer\/"},{"@type":"ListItem","position":3,"name":"QR Tag Cat Collar"}]},{"@type":"WebSite","@id":"https:\/\/qqpets.com\/#website","url":"https:\/\/qqpets.com\/","name":"QQPETS","description":"A QQPETS \u00e9 uma f\u00e1brica de produtos para animais de estima\u00e7\u00e3o que fabrica arreios, coleiras, coleiras para c\u00e3es e acess\u00f3rios para c\u00e3es com servi\u00e7o personalizado profissional desde 2005.","publisher":{"@id":"https:\/\/qqpets.com\/#organization"},"potentialAction":[{"@type":"SearchAction","target":{"@type":"EntryPoint","urlTemplate":"https:\/\/qqpets.com\/?s={search_term_string}"},"query-input":{"@type":"PropertyValueSpecification","valueRequired":true,"valueName":"search_term_string"}}],"inLanguage":"pt-BR"},{"@type":"Organization","@id":"https:\/\/qqpets.com\/#organization","name":"QQPETS","url":"https:\/\/qqpets.com\/","logo":{"@type":"ImageObject","inLanguage":"pt-BR","@id":"https:\/\/qqpets.com\/#\/schema\/logo\/image\/","url":"https:\/\/qqpets.com\/wp-content\/uploads\/2023\/09\/cropped-cropped-qqpets-tiktok.jpg","contentUrl":"https:\/\/qqpets.com\/wp-content\/uploads\/2023\/09\/cropped-cropped-qqpets-tiktok.jpg","width":511,"height":511,"caption":"QQPETS"},"image":{"@id":"https:\/\/qqpets.com\/#\/schema\/logo\/image\/"},"sameAs":["https:\/\/www.facebook.com\/QQpetsdogcollars","https:\/\/www.instagram.com\/qqpetscollar\/","https:\/\/www.pinterest.com\/qqpetsdogcollarsfactory\/"]}]}},"_links":{"self":[{"href":"https:\/\/qqpets.com\/pt\/wp-json\/wp\/v2\/product\/9371","targetHints":{"allow":["GET"]}}],"collection":[{"href":"https:\/\/qqpets.com\/pt\/wp-json\/wp\/v2\/product"}],"about":[{"href":"https:\/\/qqpets.com\/pt\/wp-json\/wp\/v2\/types\/product"}],"wp:featuredmedia":[{"embeddable":true,"href":"https:\/\/qqpets.com\/pt\/wp-json\/wp\/v2\/media\/9372"}],"wp:attachment":[{"href":"https:\/\/qqpets.com\/pt\/wp-json\/wp\/v2\/media?parent=9371"}],"wp:term":[{"taxonomy":"product_brand","embeddable":true,"href":"https:\/\/qqpets.com\/pt\/wp-json\/wp\/v2\/product_brand?post=9371"},{"taxonomy":"product_cat","embeddable":true,"href":"https:\/\/qqpets.com\/pt\/wp-json\/wp\/v2\/product_cat?post=9371"},{"taxonomy":"product_tag","embeddable":true,"href":"https:\/\/qqpets.com\/pt\/wp-json\/wp\/v2\/product_tag?post=9371"}],"curies":[{"name":"wp","href":"https:\/\/api.w.org\/{rel}","templated":true}]}}