{"id":9384,"date":"2024-11-14T16:47:51","date_gmt":"2024-11-14T08:47:51","guid":{"rendered":"https:\/\/qqpets.com\/?post_type=product&#038;p=9384"},"modified":"2024-12-12T17:34:57","modified_gmt":"2024-12-12T09:34:57","slug":"running-dog-leash","status":"publish","type":"product","link":"https:\/\/qqpets.com\/pt\/produto\/running-dog-leash\/","title":{"rendered":"Coleira de corrida para c\u00e3es"},"content":{"rendered":"<p>Nossa coleira para c\u00e3es de corrida \u00e9 a melhor op\u00e7\u00e3o para os donos de animais que adoram se manter ativos com seus c\u00e3es. Projetada para proporcionar conforto sem o uso das m\u00e3os, essa coleira envolve a cintura com seguran\u00e7a, liberando suas m\u00e3os e garantindo o controle est\u00e1vel do seu animal de estima\u00e7\u00e3o durante corridas, corridas ou caminhadas. Fabricada com materiais dur\u00e1veis e resistentes \u00e0s intemp\u00e9ries, essa guia foi criada para atender \u00e0s demandas do uso regular, independentemente do n\u00edvel de atividade do animal.<\/p>\n<p>O design de absor\u00e7\u00e3o de choque dessa guia reduz a tens\u00e3o tanto do corredor quanto do c\u00e3o, proporcionando uma experi\u00eancia confort\u00e1vel e suave. Uma se\u00e7\u00e3o de el\u00e1stico aumenta ainda mais a flexibilidade, absorvendo pux\u00f5es repentinos para proteger o condutor e o c\u00e3o de movimentos bruscos. A costura refletiva ao longo da guia acrescenta uma camada extra de seguran\u00e7a, melhorando a visibilidade em condi\u00e7\u00f5es de pouca luz para passeios matinais ou noturnos.<\/p>\n<p>Para clientes B2B, a Running Dog Leash oferece op\u00e7\u00f5es ideais de personaliza\u00e7\u00e3o, permitindo que as empresas adicionem logotipos ou padr\u00f5es exclusivos que reflitam a identidade de sua marca. Dispon\u00edvel em uma variedade de cores, ela permite que as empresas ofere\u00e7am um produto diferenciado para donos de animais de estima\u00e7\u00e3o ativos que buscam uma combina\u00e7\u00e3o de estilo, fun\u00e7\u00e3o e durabilidade. Essa coleira \u00e9 a op\u00e7\u00e3o perfeita para marcas que desejam atingir um mercado ativo e preocupado com a sa\u00fade, oferecendo conveni\u00eancia e potencial de marca em um \u00fanico produto vers\u00e1til.<\/p>","protected":false},"excerpt":{"rendered":"<p>A Running Dog Leash foi criada para donos de animais ativos que gostam de correr e caminhar com seus c\u00e3es sem usar as m\u00e3os. Essa guia se prende com seguran\u00e7a \u00e0 cintura, permitindo movimentos suaves e controlados sem a necessidade de segurar uma al\u00e7a. Fabricada com materiais resistentes e de alta qualidade, ela foi projetada para suportar corridas di\u00e1rias e lidar com animais de estima\u00e7\u00e3o ativos com facilidade. Perfeita para clientes B2B, a coleira pode ser personalizada com logotipos e padr\u00f5es para se adequar ao estilo da sua marca, acrescentando um toque pessoal aos seus clientes. Essa coleira que dispensa o uso das m\u00e3os \u00e9 o acess\u00f3rio ideal para qualquer marca que tenha como alvo os donos de c\u00e3es focados no condicionamento f\u00edsico.<\/p>","protected":false},"featured_media":9386,"template":"","meta":[],"product_brand":[],"product_cat":[27],"product_tag":[],"class_list":{"0":"post-9384","1":"product","2":"type-product","3":"status-publish","4":"has-post-thumbnail","6":"product_cat-dog-leash","8":"first","9":"instock","10":"shipping-taxable","11":"product-type-simple"},"yoast_head":"<!-- This site is optimized with the Yoast SEO plugin v26.6 - https:\/\/yoast.com\/wordpress\/plugins\/seo\/ -->\n<title>Running Dog Leash | QQPETS<\/title>\n<meta name=\"description\" content=\"Running Dog Leash designed for active lifestyles, ideal for hands-free running with pets. Durable, customizable for brand logos and patterns, perfect for B2B customers.\" \/>\n<meta name=\"robots\" content=\"index, follow, max-snippet:-1, max-image-preview:large, max-video-preview:-1\" \/>\n<link rel=\"canonical\" href=\"https:\/\/qqpets.com\/pt\/produto\/running-dog-leash\/\" \/>\n<meta property=\"og:locale\" content=\"pt_BR\" \/>\n<meta property=\"og:type\" content=\"article\" \/>\n<meta property=\"og:title\" content=\"Running Dog Leash | QQPETS\" \/>\n<meta property=\"og:description\" content=\"Running Dog Leash designed for active lifestyles, ideal for hands-free running with pets. Durable, customizable for brand logos and patterns, perfect for B2B customers.\" \/>\n<meta property=\"og:url\" content=\"https:\/\/qqpets.com\/pt\/produto\/running-dog-leash\/\" \/>\n<meta property=\"og:site_name\" content=\"QQPETS\" \/>\n<meta property=\"article:publisher\" content=\"https:\/\/www.facebook.com\/QQpetsdogcollars\" \/>\n<meta property=\"article:modified_time\" content=\"2024-12-12T09:34:57+00:00\" \/>\n<meta property=\"og:image\" content=\"https:\/\/qqpets.com\/wp-content\/uploads\/2024\/11\/running-dog-leash2.webp\" \/>\n\t<meta property=\"og:image:width\" content=\"1024\" \/>\n\t<meta property=\"og:image:height\" content=\"1024\" \/>\n\t<meta property=\"og:image:type\" content=\"image\/webp\" \/>\n<meta name=\"twitter:card\" content=\"summary_large_image\" \/>\n<meta name=\"twitter:label1\" content=\"Est. tempo de leitura\" \/>\n\t<meta name=\"twitter:data1\" content=\"2 minutos\" \/>\n<script type=\"application\/ld+json\" class=\"yoast-schema-graph\">{\"@context\":\"https:\/\/schema.org\",\"@graph\":[{\"@type\":\"WebPage\",\"@id\":\"https:\/\/qqpets.com\/product\/running-dog-leash\/\",\"url\":\"https:\/\/qqpets.com\/product\/running-dog-leash\/\",\"name\":\"Running Dog Leash | QQPETS\",\"isPartOf\":{\"@id\":\"https:\/\/qqpets.com\/#website\"},\"primaryImageOfPage\":{\"@id\":\"https:\/\/qqpets.com\/product\/running-dog-leash\/#primaryimage\"},\"image\":{\"@id\":\"https:\/\/qqpets.com\/product\/running-dog-leash\/#primaryimage\"},\"thumbnailUrl\":\"https:\/\/qqpets.com\/wp-content\/uploads\/2024\/11\/running-dog-leash2.webp\",\"datePublished\":\"2024-11-14T08:47:51+00:00\",\"dateModified\":\"2024-12-12T09:34:57+00:00\",\"description\":\"Running Dog Leash designed for active lifestyles, ideal for hands-free running with pets. Durable, customizable for brand logos and patterns, perfect for B2B customers.\",\"breadcrumb\":{\"@id\":\"https:\/\/qqpets.com\/product\/running-dog-leash\/#breadcrumb\"},\"inLanguage\":\"pt-BR\",\"potentialAction\":[{\"@type\":\"ReadAction\",\"target\":[\"https:\/\/qqpets.com\/product\/running-dog-leash\/\"]}]},{\"@type\":\"ImageObject\",\"inLanguage\":\"pt-BR\",\"@id\":\"https:\/\/qqpets.com\/product\/running-dog-leash\/#primaryimage\",\"url\":\"https:\/\/qqpets.com\/wp-content\/uploads\/2024\/11\/running-dog-leash2.webp\",\"contentUrl\":\"https:\/\/qqpets.com\/wp-content\/uploads\/2024\/11\/running-dog-leash2.webp\",\"width\":1024,\"height\":1024},{\"@type\":\"BreadcrumbList\",\"@id\":\"https:\/\/qqpets.com\/product\/running-dog-leash\/#breadcrumb\",\"itemListElement\":[{\"@type\":\"ListItem\",\"position\":1,\"name\":\"Home\",\"item\":\"https:\/\/qqpets.com\/\"},{\"@type\":\"ListItem\",\"position\":2,\"name\":\"Products\",\"item\":\"https:\/\/qqpets.com\/pet-products-manufacturer\/\"},{\"@type\":\"ListItem\",\"position\":3,\"name\":\"Running Dog Leash\"}]},{\"@type\":\"WebSite\",\"@id\":\"https:\/\/qqpets.com\/#website\",\"url\":\"https:\/\/qqpets.com\/\",\"name\":\"QQPETS\",\"description\":\"QQPETS is a pet products factory for dog harnesses, dog collars, dog leashes and dog accessories with professional customized service since 2005.\",\"publisher\":{\"@id\":\"https:\/\/qqpets.com\/#organization\"},\"potentialAction\":[{\"@type\":\"SearchAction\",\"target\":{\"@type\":\"EntryPoint\",\"urlTemplate\":\"https:\/\/qqpets.com\/?s={search_term_string}\"},\"query-input\":{\"@type\":\"PropertyValueSpecification\",\"valueRequired\":true,\"valueName\":\"search_term_string\"}}],\"inLanguage\":\"pt-BR\"},{\"@type\":\"Organization\",\"@id\":\"https:\/\/qqpets.com\/#organization\",\"name\":\"QQPETS\",\"url\":\"https:\/\/qqpets.com\/\",\"logo\":{\"@type\":\"ImageObject\",\"inLanguage\":\"pt-BR\",\"@id\":\"https:\/\/qqpets.com\/#\/schema\/logo\/image\/\",\"url\":\"https:\/\/qqpets.com\/wp-content\/uploads\/2023\/09\/cropped-cropped-qqpets-tiktok.jpg\",\"contentUrl\":\"https:\/\/qqpets.com\/wp-content\/uploads\/2023\/09\/cropped-cropped-qqpets-tiktok.jpg\",\"width\":511,\"height\":511,\"caption\":\"QQPETS\"},\"image\":{\"@id\":\"https:\/\/qqpets.com\/#\/schema\/logo\/image\/\"},\"sameAs\":[\"https:\/\/www.facebook.com\/QQpetsdogcollars\",\"https:\/\/www.instagram.com\/qqpetscollar\/\",\"https:\/\/www.pinterest.com\/qqpetsdogcollarsfactory\/\"]}]}<\/script>\n<!-- \/ Yoast SEO plugin. -->","yoast_head_json":{"title":"Coleira de corrida para c\u00e3es | QQPETS","description":"A guia de corrida para c\u00e3es foi projetada para estilos de vida ativos, ideal para correr com as m\u00e3os livres com animais de estima\u00e7\u00e3o. Dur\u00e1vel, personaliz\u00e1vel para logotipos e padr\u00f5es de marcas, perfeita para clientes B2B.","robots":{"index":"index","follow":"follow","max-snippet":"max-snippet:-1","max-image-preview":"max-image-preview:large","max-video-preview":"max-video-preview:-1"},"canonical":"https:\/\/qqpets.com\/pt\/produto\/running-dog-leash\/","og_locale":"pt_BR","og_type":"article","og_title":"Running Dog Leash | QQPETS","og_description":"Running Dog Leash designed for active lifestyles, ideal for hands-free running with pets. Durable, customizable for brand logos and patterns, perfect for B2B customers.","og_url":"https:\/\/qqpets.com\/pt\/produto\/running-dog-leash\/","og_site_name":"QQPETS","article_publisher":"https:\/\/www.facebook.com\/QQpetsdogcollars","article_modified_time":"2024-12-12T09:34:57+00:00","og_image":[{"width":1024,"height":1024,"url":"https:\/\/qqpets.com\/wp-content\/uploads\/2024\/11\/running-dog-leash2.webp","type":"image\/webp"}],"twitter_card":"summary_large_image","twitter_misc":{"Est. tempo de leitura":"2 minutos"},"schema":{"@context":"https:\/\/schema.org","@graph":[{"@type":"WebPage","@id":"https:\/\/qqpets.com\/product\/running-dog-leash\/","url":"https:\/\/qqpets.com\/product\/running-dog-leash\/","name":"Coleira de corrida para c\u00e3es | QQPETS","isPartOf":{"@id":"https:\/\/qqpets.com\/#website"},"primaryImageOfPage":{"@id":"https:\/\/qqpets.com\/product\/running-dog-leash\/#primaryimage"},"image":{"@id":"https:\/\/qqpets.com\/product\/running-dog-leash\/#primaryimage"},"thumbnailUrl":"https:\/\/qqpets.com\/wp-content\/uploads\/2024\/11\/running-dog-leash2.webp","datePublished":"2024-11-14T08:47:51+00:00","dateModified":"2024-12-12T09:34:57+00:00","description":"A guia de corrida para c\u00e3es foi projetada para estilos de vida ativos, ideal para correr com as m\u00e3os livres com animais de estima\u00e7\u00e3o. Dur\u00e1vel, personaliz\u00e1vel para logotipos e padr\u00f5es de marcas, perfeita para clientes B2B.","breadcrumb":{"@id":"https:\/\/qqpets.com\/product\/running-dog-leash\/#breadcrumb"},"inLanguage":"pt-BR","potentialAction":[{"@type":"ReadAction","target":["https:\/\/qqpets.com\/product\/running-dog-leash\/"]}]},{"@type":"ImageObject","inLanguage":"pt-BR","@id":"https:\/\/qqpets.com\/product\/running-dog-leash\/#primaryimage","url":"https:\/\/qqpets.com\/wp-content\/uploads\/2024\/11\/running-dog-leash2.webp","contentUrl":"https:\/\/qqpets.com\/wp-content\/uploads\/2024\/11\/running-dog-leash2.webp","width":1024,"height":1024},{"@type":"BreadcrumbList","@id":"https:\/\/qqpets.com\/product\/running-dog-leash\/#breadcrumb","itemListElement":[{"@type":"ListItem","position":1,"name":"Home","item":"https:\/\/qqpets.com\/"},{"@type":"ListItem","position":2,"name":"Products","item":"https:\/\/qqpets.com\/pet-products-manufacturer\/"},{"@type":"ListItem","position":3,"name":"Running Dog Leash"}]},{"@type":"WebSite","@id":"https:\/\/qqpets.com\/#website","url":"https:\/\/qqpets.com\/","name":"QQPETS","description":"A QQPETS \u00e9 uma f\u00e1brica de produtos para animais de estima\u00e7\u00e3o que fabrica arreios, coleiras, coleiras para c\u00e3es e acess\u00f3rios para c\u00e3es com servi\u00e7o personalizado profissional desde 2005.","publisher":{"@id":"https:\/\/qqpets.com\/#organization"},"potentialAction":[{"@type":"SearchAction","target":{"@type":"EntryPoint","urlTemplate":"https:\/\/qqpets.com\/?s={search_term_string}"},"query-input":{"@type":"PropertyValueSpecification","valueRequired":true,"valueName":"search_term_string"}}],"inLanguage":"pt-BR"},{"@type":"Organization","@id":"https:\/\/qqpets.com\/#organization","name":"QQPETS","url":"https:\/\/qqpets.com\/","logo":{"@type":"ImageObject","inLanguage":"pt-BR","@id":"https:\/\/qqpets.com\/#\/schema\/logo\/image\/","url":"https:\/\/qqpets.com\/wp-content\/uploads\/2023\/09\/cropped-cropped-qqpets-tiktok.jpg","contentUrl":"https:\/\/qqpets.com\/wp-content\/uploads\/2023\/09\/cropped-cropped-qqpets-tiktok.jpg","width":511,"height":511,"caption":"QQPETS"},"image":{"@id":"https:\/\/qqpets.com\/#\/schema\/logo\/image\/"},"sameAs":["https:\/\/www.facebook.com\/QQpetsdogcollars","https:\/\/www.instagram.com\/qqpetscollar\/","https:\/\/www.pinterest.com\/qqpetsdogcollarsfactory\/"]}]}},"_links":{"self":[{"href":"https:\/\/qqpets.com\/pt\/wp-json\/wp\/v2\/product\/9384","targetHints":{"allow":["GET"]}}],"collection":[{"href":"https:\/\/qqpets.com\/pt\/wp-json\/wp\/v2\/product"}],"about":[{"href":"https:\/\/qqpets.com\/pt\/wp-json\/wp\/v2\/types\/product"}],"wp:featuredmedia":[{"embeddable":true,"href":"https:\/\/qqpets.com\/pt\/wp-json\/wp\/v2\/media\/9386"}],"wp:attachment":[{"href":"https:\/\/qqpets.com\/pt\/wp-json\/wp\/v2\/media?parent=9384"}],"wp:term":[{"taxonomy":"product_brand","embeddable":true,"href":"https:\/\/qqpets.com\/pt\/wp-json\/wp\/v2\/product_brand?post=9384"},{"taxonomy":"product_cat","embeddable":true,"href":"https:\/\/qqpets.com\/pt\/wp-json\/wp\/v2\/product_cat?post=9384"},{"taxonomy":"product_tag","embeddable":true,"href":"https:\/\/qqpets.com\/pt\/wp-json\/wp\/v2\/product_tag?post=9384"}],"curies":[{"name":"wp","href":"https:\/\/api.w.org\/{rel}","templated":true}]}}