{"id":9453,"date":"2024-11-25T17:13:19","date_gmt":"2024-11-25T09:13:19","guid":{"rendered":"https:\/\/qqpets.com\/?post_type=product&#038;p=9453"},"modified":"2024-11-25T17:13:19","modified_gmt":"2024-11-25T09:13:19","slug":"luxe-rope-dog-leash","status":"publish","type":"product","link":"https:\/\/qqpets.com\/pt\/produto\/luxe-rope-dog-leash\/","title":{"rendered":"Coleira de corda Luxe para c\u00e3es"},"content":{"rendered":"<p>A Rope Dog Leash \u00e9 o acess\u00f3rio definitivo para marcas de animais de estima\u00e7\u00e3o que buscam uma combina\u00e7\u00e3o de resist\u00eancia, estilo e personaliza\u00e7\u00e3o. Fabricada com materiais dur\u00e1veis e de alta qualidade, essa coleira foi projetada para suportar os rigores do uso di\u00e1rio, seja para caminhadas casuais ou atividades ao ar livre de alta energia. Sua constru\u00e7\u00e3o em corda garante resist\u00eancia superior, tornando-a adequada para c\u00e3es de todos os tamanhos.<\/p>\n<p>Essa coleira apresenta uma al\u00e7a macia e ergon\u00f4mica para uma pegada segura e confort\u00e1vel, mesmo durante longas caminhadas. Seu design leve e robusto garante facilidade de uso para os donos de animais de estima\u00e7\u00e3o, mantendo a durabilidade necess\u00e1ria para animais de estima\u00e7\u00e3o ativos. A costura refletiva tamb\u00e9m pode ser incorporada, oferecendo mais seguran\u00e7a para caminhadas noturnas.<\/p>\n<p>Para clientes B2B, a Rope Dog Leash oferece op\u00e7\u00f5es completas de personaliza\u00e7\u00e3o. Acrescente o logotipo de sua marca, padr\u00f5es exclusivos ou cores espec\u00edficas para criar um produto de destaque que agrade aos seus clientes. Essa coleira \u00e9 perfeita para pet shops, plataformas de com\u00e9rcio eletr\u00f4nico e iniciativas de marca corporativa, oferecendo uma solu\u00e7\u00e3o pr\u00e1tica e elegante que aumenta a visibilidade da marca.<\/p>\n<p>Ideal para combinar funcionalidade e apelo est\u00e9tico, a Rope Dog Leash \u00e9 um produto vers\u00e1til que elevar\u00e1 qualquer cole\u00e7\u00e3o de acess\u00f3rios para animais de estima\u00e7\u00e3o e atender\u00e1 \u00e0s demandas dos donos de animais modernos.<\/p>","protected":false},"excerpt":{"rendered":"<p>Nossa coleira de corda para c\u00e3es foi criada para ter durabilidade, estilo e conforto, o que a torna a escolha perfeita para animais de estima\u00e7\u00e3o ativos. Fabricada com materiais premium e resistentes ao desgaste, essa coleira garante for\u00e7a e longevidade para caminhadas di\u00e1rias ou aventuras ao ar livre. Projetada para clientes B2B, ela oferece op\u00e7\u00f5es completas de personaliza\u00e7\u00e3o, permitindo que voc\u00ea adicione logotipos ou padr\u00f5es para alinhar com a sua marca. A al\u00e7a macia e ergon\u00f4mica proporciona uma pegada confort\u00e1vel, enquanto o design elegante acrescenta um toque especial \u00e0 sua linha de produtos. Perfeita para pet shops, varejistas on-line ou brindes promocionais, essa coleira \u00e9 a combina\u00e7\u00e3o ideal de funcionalidade e marca.<\/p>","protected":false},"featured_media":9455,"template":"","meta":[],"product_brand":[],"product_cat":[27],"product_tag":[],"class_list":{"0":"post-9453","1":"product","2":"type-product","3":"status-publish","4":"has-post-thumbnail","6":"product_cat-dog-leash","8":"first","9":"instock","10":"shipping-taxable","11":"product-type-simple"},"yoast_head":"<!-- This site is optimized with the Yoast SEO plugin v26.6 - https:\/\/yoast.com\/wordpress\/plugins\/seo\/ -->\n<title>Luxe Rope Dog Leash | QQPETS<\/title>\n<meta name=\"description\" content=\"Durable and customizable rope dog leash for active pets. Perfect for B2B clients seeking branded designs with logos or patterns. Comfortable, stylish, and strong.\" \/>\n<meta name=\"robots\" content=\"index, follow, max-snippet:-1, max-image-preview:large, max-video-preview:-1\" \/>\n<link rel=\"canonical\" href=\"https:\/\/qqpets.com\/pt\/produto\/luxe-rope-dog-leash\/\" \/>\n<meta property=\"og:locale\" content=\"pt_BR\" \/>\n<meta property=\"og:type\" content=\"article\" \/>\n<meta property=\"og:title\" content=\"Luxe Rope Dog Leash | QQPETS\" \/>\n<meta property=\"og:description\" content=\"Durable and customizable rope dog leash for active pets. Perfect for B2B clients seeking branded designs with logos or patterns. Comfortable, stylish, and strong.\" \/>\n<meta property=\"og:url\" content=\"https:\/\/qqpets.com\/pt\/produto\/luxe-rope-dog-leash\/\" \/>\n<meta property=\"og:site_name\" content=\"QQPETS\" \/>\n<meta property=\"article:publisher\" content=\"https:\/\/www.facebook.com\/QQpetsdogcollars\" \/>\n<meta property=\"og:image\" content=\"https:\/\/qqpets.com\/wp-content\/uploads\/2024\/11\/rope-dog-leash-Khaki1.webp\" \/>\n\t<meta property=\"og:image:width\" content=\"1000\" \/>\n\t<meta property=\"og:image:height\" content=\"1000\" \/>\n\t<meta property=\"og:image:type\" content=\"image\/webp\" \/>\n<meta name=\"twitter:card\" content=\"summary_large_image\" \/>\n<meta name=\"twitter:label1\" content=\"Est. tempo de leitura\" \/>\n\t<meta name=\"twitter:data1\" content=\"2 minutos\" \/>\n<script type=\"application\/ld+json\" class=\"yoast-schema-graph\">{\"@context\":\"https:\/\/schema.org\",\"@graph\":[{\"@type\":\"WebPage\",\"@id\":\"https:\/\/qqpets.com\/product\/luxe-rope-dog-leash\/\",\"url\":\"https:\/\/qqpets.com\/product\/luxe-rope-dog-leash\/\",\"name\":\"Luxe Rope Dog Leash | QQPETS\",\"isPartOf\":{\"@id\":\"https:\/\/qqpets.com\/#website\"},\"primaryImageOfPage\":{\"@id\":\"https:\/\/qqpets.com\/product\/luxe-rope-dog-leash\/#primaryimage\"},\"image\":{\"@id\":\"https:\/\/qqpets.com\/product\/luxe-rope-dog-leash\/#primaryimage\"},\"thumbnailUrl\":\"https:\/\/qqpets.com\/wp-content\/uploads\/2024\/11\/rope-dog-leash-Khaki1.webp\",\"datePublished\":\"2024-11-25T09:13:19+00:00\",\"description\":\"Durable and customizable rope dog leash for active pets. Perfect for B2B clients seeking branded designs with logos or patterns. Comfortable, stylish, and strong.\",\"breadcrumb\":{\"@id\":\"https:\/\/qqpets.com\/product\/luxe-rope-dog-leash\/#breadcrumb\"},\"inLanguage\":\"pt-BR\",\"potentialAction\":[{\"@type\":\"ReadAction\",\"target\":[\"https:\/\/qqpets.com\/product\/luxe-rope-dog-leash\/\"]}]},{\"@type\":\"ImageObject\",\"inLanguage\":\"pt-BR\",\"@id\":\"https:\/\/qqpets.com\/product\/luxe-rope-dog-leash\/#primaryimage\",\"url\":\"https:\/\/qqpets.com\/wp-content\/uploads\/2024\/11\/rope-dog-leash-Khaki1.webp\",\"contentUrl\":\"https:\/\/qqpets.com\/wp-content\/uploads\/2024\/11\/rope-dog-leash-Khaki1.webp\",\"width\":1000,\"height\":1000},{\"@type\":\"BreadcrumbList\",\"@id\":\"https:\/\/qqpets.com\/product\/luxe-rope-dog-leash\/#breadcrumb\",\"itemListElement\":[{\"@type\":\"ListItem\",\"position\":1,\"name\":\"Home\",\"item\":\"https:\/\/qqpets.com\/\"},{\"@type\":\"ListItem\",\"position\":2,\"name\":\"Products\",\"item\":\"https:\/\/qqpets.com\/pet-products-manufacturer\/\"},{\"@type\":\"ListItem\",\"position\":3,\"name\":\"Luxe Rope Dog Leash\"}]},{\"@type\":\"WebSite\",\"@id\":\"https:\/\/qqpets.com\/#website\",\"url\":\"https:\/\/qqpets.com\/\",\"name\":\"QQPETS\",\"description\":\"QQPETS is a pet products factory for dog harnesses, dog collars, dog leashes and dog accessories with professional customized service since 2005.\",\"publisher\":{\"@id\":\"https:\/\/qqpets.com\/#organization\"},\"potentialAction\":[{\"@type\":\"SearchAction\",\"target\":{\"@type\":\"EntryPoint\",\"urlTemplate\":\"https:\/\/qqpets.com\/?s={search_term_string}\"},\"query-input\":{\"@type\":\"PropertyValueSpecification\",\"valueRequired\":true,\"valueName\":\"search_term_string\"}}],\"inLanguage\":\"pt-BR\"},{\"@type\":\"Organization\",\"@id\":\"https:\/\/qqpets.com\/#organization\",\"name\":\"QQPETS\",\"url\":\"https:\/\/qqpets.com\/\",\"logo\":{\"@type\":\"ImageObject\",\"inLanguage\":\"pt-BR\",\"@id\":\"https:\/\/qqpets.com\/#\/schema\/logo\/image\/\",\"url\":\"https:\/\/qqpets.com\/wp-content\/uploads\/2023\/09\/cropped-cropped-qqpets-tiktok.jpg\",\"contentUrl\":\"https:\/\/qqpets.com\/wp-content\/uploads\/2023\/09\/cropped-cropped-qqpets-tiktok.jpg\",\"width\":511,\"height\":511,\"caption\":\"QQPETS\"},\"image\":{\"@id\":\"https:\/\/qqpets.com\/#\/schema\/logo\/image\/\"},\"sameAs\":[\"https:\/\/www.facebook.com\/QQpetsdogcollars\",\"https:\/\/www.instagram.com\/qqpetscollar\/\",\"https:\/\/www.pinterest.com\/qqpetsdogcollarsfactory\/\"]}]}<\/script>\n<!-- \/ Yoast SEO plugin. -->","yoast_head_json":{"title":"Coleira de Corda Luxe para C\u00e3es | QQPETS","description":"Coleira de corda dur\u00e1vel e personaliz\u00e1vel para animais de estima\u00e7\u00e3o ativos. Perfeita para clientes B2B que buscam designs de marca com logotipos ou padr\u00f5es. Confort\u00e1vel, elegante e resistente.","robots":{"index":"index","follow":"follow","max-snippet":"max-snippet:-1","max-image-preview":"max-image-preview:large","max-video-preview":"max-video-preview:-1"},"canonical":"https:\/\/qqpets.com\/pt\/produto\/luxe-rope-dog-leash\/","og_locale":"pt_BR","og_type":"article","og_title":"Luxe Rope Dog Leash | QQPETS","og_description":"Durable and customizable rope dog leash for active pets. Perfect for B2B clients seeking branded designs with logos or patterns. Comfortable, stylish, and strong.","og_url":"https:\/\/qqpets.com\/pt\/produto\/luxe-rope-dog-leash\/","og_site_name":"QQPETS","article_publisher":"https:\/\/www.facebook.com\/QQpetsdogcollars","og_image":[{"width":1000,"height":1000,"url":"https:\/\/qqpets.com\/wp-content\/uploads\/2024\/11\/rope-dog-leash-Khaki1.webp","type":"image\/webp"}],"twitter_card":"summary_large_image","twitter_misc":{"Est. tempo de leitura":"2 minutos"},"schema":{"@context":"https:\/\/schema.org","@graph":[{"@type":"WebPage","@id":"https:\/\/qqpets.com\/product\/luxe-rope-dog-leash\/","url":"https:\/\/qqpets.com\/product\/luxe-rope-dog-leash\/","name":"Coleira de Corda Luxe para C\u00e3es | QQPETS","isPartOf":{"@id":"https:\/\/qqpets.com\/#website"},"primaryImageOfPage":{"@id":"https:\/\/qqpets.com\/product\/luxe-rope-dog-leash\/#primaryimage"},"image":{"@id":"https:\/\/qqpets.com\/product\/luxe-rope-dog-leash\/#primaryimage"},"thumbnailUrl":"https:\/\/qqpets.com\/wp-content\/uploads\/2024\/11\/rope-dog-leash-Khaki1.webp","datePublished":"2024-11-25T09:13:19+00:00","description":"Coleira de corda dur\u00e1vel e personaliz\u00e1vel para animais de estima\u00e7\u00e3o ativos. Perfeita para clientes B2B que buscam designs de marca com logotipos ou padr\u00f5es. Confort\u00e1vel, elegante e resistente.","breadcrumb":{"@id":"https:\/\/qqpets.com\/product\/luxe-rope-dog-leash\/#breadcrumb"},"inLanguage":"pt-BR","potentialAction":[{"@type":"ReadAction","target":["https:\/\/qqpets.com\/product\/luxe-rope-dog-leash\/"]}]},{"@type":"ImageObject","inLanguage":"pt-BR","@id":"https:\/\/qqpets.com\/product\/luxe-rope-dog-leash\/#primaryimage","url":"https:\/\/qqpets.com\/wp-content\/uploads\/2024\/11\/rope-dog-leash-Khaki1.webp","contentUrl":"https:\/\/qqpets.com\/wp-content\/uploads\/2024\/11\/rope-dog-leash-Khaki1.webp","width":1000,"height":1000},{"@type":"BreadcrumbList","@id":"https:\/\/qqpets.com\/product\/luxe-rope-dog-leash\/#breadcrumb","itemListElement":[{"@type":"ListItem","position":1,"name":"Home","item":"https:\/\/qqpets.com\/"},{"@type":"ListItem","position":2,"name":"Products","item":"https:\/\/qqpets.com\/pet-products-manufacturer\/"},{"@type":"ListItem","position":3,"name":"Luxe Rope Dog Leash"}]},{"@type":"WebSite","@id":"https:\/\/qqpets.com\/#website","url":"https:\/\/qqpets.com\/","name":"QQPETS","description":"A QQPETS \u00e9 uma f\u00e1brica de produtos para animais de estima\u00e7\u00e3o que fabrica arreios, coleiras, coleiras para c\u00e3es e acess\u00f3rios para c\u00e3es com servi\u00e7o personalizado profissional desde 2005.","publisher":{"@id":"https:\/\/qqpets.com\/#organization"},"potentialAction":[{"@type":"SearchAction","target":{"@type":"EntryPoint","urlTemplate":"https:\/\/qqpets.com\/?s={search_term_string}"},"query-input":{"@type":"PropertyValueSpecification","valueRequired":true,"valueName":"search_term_string"}}],"inLanguage":"pt-BR"},{"@type":"Organization","@id":"https:\/\/qqpets.com\/#organization","name":"QQPETS","url":"https:\/\/qqpets.com\/","logo":{"@type":"ImageObject","inLanguage":"pt-BR","@id":"https:\/\/qqpets.com\/#\/schema\/logo\/image\/","url":"https:\/\/qqpets.com\/wp-content\/uploads\/2023\/09\/cropped-cropped-qqpets-tiktok.jpg","contentUrl":"https:\/\/qqpets.com\/wp-content\/uploads\/2023\/09\/cropped-cropped-qqpets-tiktok.jpg","width":511,"height":511,"caption":"QQPETS"},"image":{"@id":"https:\/\/qqpets.com\/#\/schema\/logo\/image\/"},"sameAs":["https:\/\/www.facebook.com\/QQpetsdogcollars","https:\/\/www.instagram.com\/qqpetscollar\/","https:\/\/www.pinterest.com\/qqpetsdogcollarsfactory\/"]}]}},"_links":{"self":[{"href":"https:\/\/qqpets.com\/pt\/wp-json\/wp\/v2\/product\/9453","targetHints":{"allow":["GET"]}}],"collection":[{"href":"https:\/\/qqpets.com\/pt\/wp-json\/wp\/v2\/product"}],"about":[{"href":"https:\/\/qqpets.com\/pt\/wp-json\/wp\/v2\/types\/product"}],"wp:featuredmedia":[{"embeddable":true,"href":"https:\/\/qqpets.com\/pt\/wp-json\/wp\/v2\/media\/9455"}],"wp:attachment":[{"href":"https:\/\/qqpets.com\/pt\/wp-json\/wp\/v2\/media?parent=9453"}],"wp:term":[{"taxonomy":"product_brand","embeddable":true,"href":"https:\/\/qqpets.com\/pt\/wp-json\/wp\/v2\/product_brand?post=9453"},{"taxonomy":"product_cat","embeddable":true,"href":"https:\/\/qqpets.com\/pt\/wp-json\/wp\/v2\/product_cat?post=9453"},{"taxonomy":"product_tag","embeddable":true,"href":"https:\/\/qqpets.com\/pt\/wp-json\/wp\/v2\/product_tag?post=9453"}],"curies":[{"name":"wp","href":"https:\/\/api.w.org\/{rel}","templated":true}]}}