{"id":9695,"date":"2024-12-13T16:44:56","date_gmt":"2024-12-13T08:44:56","guid":{"rendered":"https:\/\/qqpets.com\/?post_type=product&#038;p=9695"},"modified":"2024-12-13T16:44:56","modified_gmt":"2024-12-13T08:44:56","slug":"dog-blanket","status":"publish","type":"product","link":"https:\/\/qqpets.com\/pt\/produto\/dog-blanket\/","title":{"rendered":"Cobertor para c\u00e3es"},"content":{"rendered":"<p data-immersive-translate-walked=\"bc124103-9cd7-4f5a-8097-278f5efbaabc\" data-immersive-translate-paragraph=\"1\">O cobertor para c\u00e3es foi projetado para proporcionar calor, conforto e estilo aos animais de estima\u00e7\u00e3o e, ao mesmo tempo, oferecer excelentes oportunidades de divulga\u00e7\u00e3o da marca para as empresas. Fabricado com tecido premium de toque macio, esse cobertor \u00e9 suave para a pele dos animais de estima\u00e7\u00e3o e dur\u00e1vel o suficiente para suportar o uso di\u00e1rio. \u00c9 perfeito para v\u00e1rias situa\u00e7\u00f5es, inclusive para relaxar em casa, forrar camas de animais de estima\u00e7\u00e3o ou proporcionar conforto extra durante passeios de carro ou na gaiola.<\/p>\n<p data-immersive-translate-walked=\"bc124103-9cd7-4f5a-8097-278f5efbaabc\" data-immersive-translate-paragraph=\"1\">Para clientes B2B, nosso cobertor para c\u00e3es pode ser totalmente personalizado com logotipos, padr\u00f5es ou esquemas de cores para se alinhar \u00e0 identidade de sua marca. Seja voc\u00ea uma loja de animais, um varejista on-line ou um distribuidor, esse cobertor \u00e9 uma maneira fant\u00e1stica de mostrar a sua marca e, ao mesmo tempo, oferecer um produto funcional e elegante. O design leve e lav\u00e1vel \u00e0 m\u00e1quina garante um cuidado f\u00e1cil para os donos de animais de estima\u00e7\u00e3o, aumentando seu apelo como um acess\u00f3rio pr\u00e1tico e desej\u00e1vel.<\/p>\n<p data-immersive-translate-walked=\"bc124103-9cd7-4f5a-8097-278f5efbaabc\" data-immersive-translate-paragraph=\"1\">Vers\u00e1til, dur\u00e1vel e elegante, o cobertor para c\u00e3es \u00e9 um excelente complemento para qualquer linha de produtos para animais de estima\u00e7\u00e3o. Seu potencial de personaliza\u00e7\u00e3o da marca faz com que seja um item de destaque para empresas que desejam atrair a aten\u00e7\u00e3o e a fidelidade do cliente no competitivo mercado de animais de estima\u00e7\u00e3o. Ofere\u00e7a aos seus clientes um produto t\u00e3o aconchegante quanto funcional e, ao mesmo tempo, solidifique sua marca como uma fonte de acess\u00f3rios de qualidade para animais de estima\u00e7\u00e3o.<\/p>","protected":false},"excerpt":{"rendered":"<p>Nosso cobertor para c\u00e3es \u00e9 o acess\u00f3rio perfeito para manter os animais de estima\u00e7\u00e3o aquecidos e confort\u00e1veis. Fabricado com materiais de alta qualidade, macios e dur\u00e1veis, ele foi projetado para uso di\u00e1rio e f\u00e1cil manuten\u00e7\u00e3o. Ideal para clientes B2B, esse cobertor oferece op\u00e7\u00f5es completas de personaliza\u00e7\u00e3o, permitindo que voc\u00ea adicione logotipos ou padr\u00f5es exclusivos para refletir a sua marca. Perfeito para camas de animais de estima\u00e7\u00e3o, caixas de transporte ou viagens de carro, \u00e9 um complemento vers\u00e1til para qualquer linha de produtos para animais de estima\u00e7\u00e3o. Ofere\u00e7a a seus clientes uma solu\u00e7\u00e3o elegante e aconchegante que aumenta o conforto de seus animais de estima\u00e7\u00e3o e, ao mesmo tempo, aumenta a visibilidade de sua marca no competitivo mercado de animais de estima\u00e7\u00e3o.<\/p>","protected":false},"featured_media":9699,"template":"","meta":[],"product_brand":[],"product_cat":[58],"product_tag":[],"class_list":{"0":"post-9695","1":"product","2":"type-product","3":"status-publish","4":"has-post-thumbnail","6":"product_cat-accessories","8":"first","9":"instock","10":"shipping-taxable","11":"product-type-simple"},"yoast_head":"<!-- This site is optimized with the Yoast SEO plugin v26.6 - https:\/\/yoast.com\/wordpress\/plugins\/seo\/ -->\n<title>Dog Blanket | QQPETS<\/title>\n<meta name=\"description\" content=\"Soft and durable dog blanket, perfect for comfort and warmth. Customizable with logos or patterns for B2B clients, ideal for branding and pet product lines.\" \/>\n<meta name=\"robots\" content=\"index, follow, max-snippet:-1, max-image-preview:large, max-video-preview:-1\" \/>\n<link rel=\"canonical\" href=\"https:\/\/qqpets.com\/pt\/produto\/dog-blanket\/\" \/>\n<meta property=\"og:locale\" content=\"pt_BR\" \/>\n<meta property=\"og:type\" content=\"article\" \/>\n<meta property=\"og:title\" content=\"Dog Blanket | QQPETS\" \/>\n<meta property=\"og:description\" content=\"Soft and durable dog blanket, perfect for comfort and warmth. Customizable with logos or patterns for B2B clients, ideal for branding and pet product lines.\" \/>\n<meta property=\"og:url\" content=\"https:\/\/qqpets.com\/pt\/produto\/dog-blanket\/\" \/>\n<meta property=\"og:site_name\" content=\"QQPETS\" \/>\n<meta property=\"article:publisher\" content=\"https:\/\/www.facebook.com\/QQpetsdogcollars\" \/>\n<meta property=\"og:image\" content=\"https:\/\/qqpets.com\/wp-content\/uploads\/2024\/12\/Dog-Blanket3.webp\" \/>\n\t<meta property=\"og:image:width\" content=\"1080\" \/>\n\t<meta property=\"og:image:height\" content=\"1080\" \/>\n\t<meta property=\"og:image:type\" content=\"image\/webp\" \/>\n<meta name=\"twitter:card\" content=\"summary_large_image\" \/>\n<meta name=\"twitter:label1\" content=\"Est. tempo de leitura\" \/>\n\t<meta name=\"twitter:data1\" content=\"2 minutos\" \/>\n<script type=\"application\/ld+json\" class=\"yoast-schema-graph\">{\"@context\":\"https:\/\/schema.org\",\"@graph\":[{\"@type\":\"WebPage\",\"@id\":\"https:\/\/qqpets.com\/product\/dog-blanket\/\",\"url\":\"https:\/\/qqpets.com\/product\/dog-blanket\/\",\"name\":\"Dog Blanket | QQPETS\",\"isPartOf\":{\"@id\":\"https:\/\/qqpets.com\/#website\"},\"primaryImageOfPage\":{\"@id\":\"https:\/\/qqpets.com\/product\/dog-blanket\/#primaryimage\"},\"image\":{\"@id\":\"https:\/\/qqpets.com\/product\/dog-blanket\/#primaryimage\"},\"thumbnailUrl\":\"https:\/\/qqpets.com\/wp-content\/uploads\/2024\/12\/Dog-Blanket3.webp\",\"datePublished\":\"2024-12-13T08:44:56+00:00\",\"description\":\"Soft and durable dog blanket, perfect for comfort and warmth. Customizable with logos or patterns for B2B clients, ideal for branding and pet product lines.\",\"breadcrumb\":{\"@id\":\"https:\/\/qqpets.com\/product\/dog-blanket\/#breadcrumb\"},\"inLanguage\":\"pt-BR\",\"potentialAction\":[{\"@type\":\"ReadAction\",\"target\":[\"https:\/\/qqpets.com\/product\/dog-blanket\/\"]}]},{\"@type\":\"ImageObject\",\"inLanguage\":\"pt-BR\",\"@id\":\"https:\/\/qqpets.com\/product\/dog-blanket\/#primaryimage\",\"url\":\"https:\/\/qqpets.com\/wp-content\/uploads\/2024\/12\/Dog-Blanket3.webp\",\"contentUrl\":\"https:\/\/qqpets.com\/wp-content\/uploads\/2024\/12\/Dog-Blanket3.webp\",\"width\":1080,\"height\":1080},{\"@type\":\"BreadcrumbList\",\"@id\":\"https:\/\/qqpets.com\/product\/dog-blanket\/#breadcrumb\",\"itemListElement\":[{\"@type\":\"ListItem\",\"position\":1,\"name\":\"Home\",\"item\":\"https:\/\/qqpets.com\/\"},{\"@type\":\"ListItem\",\"position\":2,\"name\":\"Products\",\"item\":\"https:\/\/qqpets.com\/pet-products-manufacturer\/\"},{\"@type\":\"ListItem\",\"position\":3,\"name\":\"Dog Blanket\"}]},{\"@type\":\"WebSite\",\"@id\":\"https:\/\/qqpets.com\/#website\",\"url\":\"https:\/\/qqpets.com\/\",\"name\":\"QQPETS\",\"description\":\"QQPETS is a pet products factory for dog harnesses, dog collars, dog leashes and dog accessories with professional customized service since 2005.\",\"publisher\":{\"@id\":\"https:\/\/qqpets.com\/#organization\"},\"potentialAction\":[{\"@type\":\"SearchAction\",\"target\":{\"@type\":\"EntryPoint\",\"urlTemplate\":\"https:\/\/qqpets.com\/?s={search_term_string}\"},\"query-input\":{\"@type\":\"PropertyValueSpecification\",\"valueRequired\":true,\"valueName\":\"search_term_string\"}}],\"inLanguage\":\"pt-BR\"},{\"@type\":\"Organization\",\"@id\":\"https:\/\/qqpets.com\/#organization\",\"name\":\"QQPETS\",\"url\":\"https:\/\/qqpets.com\/\",\"logo\":{\"@type\":\"ImageObject\",\"inLanguage\":\"pt-BR\",\"@id\":\"https:\/\/qqpets.com\/#\/schema\/logo\/image\/\",\"url\":\"https:\/\/qqpets.com\/wp-content\/uploads\/2023\/09\/cropped-cropped-qqpets-tiktok.jpg\",\"contentUrl\":\"https:\/\/qqpets.com\/wp-content\/uploads\/2023\/09\/cropped-cropped-qqpets-tiktok.jpg\",\"width\":511,\"height\":511,\"caption\":\"QQPETS\"},\"image\":{\"@id\":\"https:\/\/qqpets.com\/#\/schema\/logo\/image\/\"},\"sameAs\":[\"https:\/\/www.facebook.com\/QQpetsdogcollars\",\"https:\/\/www.instagram.com\/qqpetscollar\/\",\"https:\/\/www.pinterest.com\/qqpetsdogcollarsfactory\/\"]}]}<\/script>\n<!-- \/ Yoast SEO plugin. -->","yoast_head_json":{"title":"Cobertor para c\u00e3es | QQPETS","description":"Cobertor para c\u00e3es macio e dur\u00e1vel, perfeito para o conforto e o calor. Personaliz\u00e1vel com logotipos ou padr\u00f5es para clientes B2B, ideal para marcas e linhas de produtos para animais de estima\u00e7\u00e3o.","robots":{"index":"index","follow":"follow","max-snippet":"max-snippet:-1","max-image-preview":"max-image-preview:large","max-video-preview":"max-video-preview:-1"},"canonical":"https:\/\/qqpets.com\/pt\/produto\/dog-blanket\/","og_locale":"pt_BR","og_type":"article","og_title":"Dog Blanket | QQPETS","og_description":"Soft and durable dog blanket, perfect for comfort and warmth. Customizable with logos or patterns for B2B clients, ideal for branding and pet product lines.","og_url":"https:\/\/qqpets.com\/pt\/produto\/dog-blanket\/","og_site_name":"QQPETS","article_publisher":"https:\/\/www.facebook.com\/QQpetsdogcollars","og_image":[{"width":1080,"height":1080,"url":"https:\/\/qqpets.com\/wp-content\/uploads\/2024\/12\/Dog-Blanket3.webp","type":"image\/webp"}],"twitter_card":"summary_large_image","twitter_misc":{"Est. tempo de leitura":"2 minutos"},"schema":{"@context":"https:\/\/schema.org","@graph":[{"@type":"WebPage","@id":"https:\/\/qqpets.com\/product\/dog-blanket\/","url":"https:\/\/qqpets.com\/product\/dog-blanket\/","name":"Cobertor para c\u00e3es | QQPETS","isPartOf":{"@id":"https:\/\/qqpets.com\/#website"},"primaryImageOfPage":{"@id":"https:\/\/qqpets.com\/product\/dog-blanket\/#primaryimage"},"image":{"@id":"https:\/\/qqpets.com\/product\/dog-blanket\/#primaryimage"},"thumbnailUrl":"https:\/\/qqpets.com\/wp-content\/uploads\/2024\/12\/Dog-Blanket3.webp","datePublished":"2024-12-13T08:44:56+00:00","description":"Cobertor para c\u00e3es macio e dur\u00e1vel, perfeito para o conforto e o calor. Personaliz\u00e1vel com logotipos ou padr\u00f5es para clientes B2B, ideal para marcas e linhas de produtos para animais de estima\u00e7\u00e3o.","breadcrumb":{"@id":"https:\/\/qqpets.com\/product\/dog-blanket\/#breadcrumb"},"inLanguage":"pt-BR","potentialAction":[{"@type":"ReadAction","target":["https:\/\/qqpets.com\/product\/dog-blanket\/"]}]},{"@type":"ImageObject","inLanguage":"pt-BR","@id":"https:\/\/qqpets.com\/product\/dog-blanket\/#primaryimage","url":"https:\/\/qqpets.com\/wp-content\/uploads\/2024\/12\/Dog-Blanket3.webp","contentUrl":"https:\/\/qqpets.com\/wp-content\/uploads\/2024\/12\/Dog-Blanket3.webp","width":1080,"height":1080},{"@type":"BreadcrumbList","@id":"https:\/\/qqpets.com\/product\/dog-blanket\/#breadcrumb","itemListElement":[{"@type":"ListItem","position":1,"name":"Home","item":"https:\/\/qqpets.com\/"},{"@type":"ListItem","position":2,"name":"Products","item":"https:\/\/qqpets.com\/pet-products-manufacturer\/"},{"@type":"ListItem","position":3,"name":"Dog Blanket"}]},{"@type":"WebSite","@id":"https:\/\/qqpets.com\/#website","url":"https:\/\/qqpets.com\/","name":"QQPETS","description":"A QQPETS \u00e9 uma f\u00e1brica de produtos para animais de estima\u00e7\u00e3o que fabrica arreios, coleiras, coleiras para c\u00e3es e acess\u00f3rios para c\u00e3es com servi\u00e7o personalizado profissional desde 2005.","publisher":{"@id":"https:\/\/qqpets.com\/#organization"},"potentialAction":[{"@type":"SearchAction","target":{"@type":"EntryPoint","urlTemplate":"https:\/\/qqpets.com\/?s={search_term_string}"},"query-input":{"@type":"PropertyValueSpecification","valueRequired":true,"valueName":"search_term_string"}}],"inLanguage":"pt-BR"},{"@type":"Organization","@id":"https:\/\/qqpets.com\/#organization","name":"QQPETS","url":"https:\/\/qqpets.com\/","logo":{"@type":"ImageObject","inLanguage":"pt-BR","@id":"https:\/\/qqpets.com\/#\/schema\/logo\/image\/","url":"https:\/\/qqpets.com\/wp-content\/uploads\/2023\/09\/cropped-cropped-qqpets-tiktok.jpg","contentUrl":"https:\/\/qqpets.com\/wp-content\/uploads\/2023\/09\/cropped-cropped-qqpets-tiktok.jpg","width":511,"height":511,"caption":"QQPETS"},"image":{"@id":"https:\/\/qqpets.com\/#\/schema\/logo\/image\/"},"sameAs":["https:\/\/www.facebook.com\/QQpetsdogcollars","https:\/\/www.instagram.com\/qqpetscollar\/","https:\/\/www.pinterest.com\/qqpetsdogcollarsfactory\/"]}]}},"_links":{"self":[{"href":"https:\/\/qqpets.com\/pt\/wp-json\/wp\/v2\/product\/9695","targetHints":{"allow":["GET"]}}],"collection":[{"href":"https:\/\/qqpets.com\/pt\/wp-json\/wp\/v2\/product"}],"about":[{"href":"https:\/\/qqpets.com\/pt\/wp-json\/wp\/v2\/types\/product"}],"wp:featuredmedia":[{"embeddable":true,"href":"https:\/\/qqpets.com\/pt\/wp-json\/wp\/v2\/media\/9699"}],"wp:attachment":[{"href":"https:\/\/qqpets.com\/pt\/wp-json\/wp\/v2\/media?parent=9695"}],"wp:term":[{"taxonomy":"product_brand","embeddable":true,"href":"https:\/\/qqpets.com\/pt\/wp-json\/wp\/v2\/product_brand?post=9695"},{"taxonomy":"product_cat","embeddable":true,"href":"https:\/\/qqpets.com\/pt\/wp-json\/wp\/v2\/product_cat?post=9695"},{"taxonomy":"product_tag","embeddable":true,"href":"https:\/\/qqpets.com\/pt\/wp-json\/wp\/v2\/product_tag?post=9695"}],"curies":[{"name":"wp","href":"https:\/\/api.w.org\/{rel}","templated":true}]}}