{"id":144,"date":"2023-10-04T15:13:45","date_gmt":"2023-10-04T07:13:45","guid":{"rendered":"https:\/\/qqpets.com\/?post_type=product&#038;p=144"},"modified":"2024-12-12T17:22:40","modified_gmt":"2024-12-12T09:22:40","slug":"qqpets-retractable-dog-leash-with-light-up-2-0","status":"publish","type":"product","link":"https:\/\/qqpets.com\/ro\/produs\/qqpets-retractable-dog-leash-with-light-up-2-0\/","title":{"rendered":"QQPETS Les\u0103 retractabil\u0103 pentru c\u00e2ini cu Light Up 2.0"},"content":{"rendered":"<p>V\u0103 prezent\u0103m lesa noastr\u0103 inovatoare Retractable Dog Leash With Light, un must-have pentru proprietarii de animale care \u00ee\u0219i plimb\u0103 c\u00e2inii \u00een condi\u021bii de lumin\u0103 sc\u0103zut\u0103. Aceast\u0103 les\u0103 iese \u00een eviden\u021b\u0103 cu luminile sale laterale unice de ambian\u021b\u0103, care ofer\u0103 nu numai func\u021bionalitate, ci \u0219i o not\u0103 de stil. Pute\u021bi alege dintre trei moduri - flash rapid, flash lent \u0219i constant - pentru a v\u0103 potrivi nevoilor de vizibilitate \u0219i gustului personal.<\/p>\n<p>Mecanismul retractabil ofer\u0103 c\u00e2inelui dvs. o libertate ampl\u0103 de explorare, cu o lungime a lesei de p\u00e2n\u0103 la 16 picioare, care poate fi ajustat\u0103 dup\u0103 cum este necesar. M\u00e2nerul ergonomic este proiectat pentru confort \u00een timpul plimb\u0103rilor lungi, asigur\u00e2nd u\u0219urin\u021b\u0103 \u00een utilizare indiferent de durata ie\u0219irii dvs.<\/p>\n<p>Construit\u0103 cu g\u00e2ndul la durabilitate, lesa este echipat\u0103 cu un mecanism robust \u0219i un material puternic al cablului, capabil s\u0103 fac\u0103 fa\u021b\u0103 trac\u021biunii \u0219i entuziasmului aproape oric\u0103rei rase. Sistemul de lumin\u0103 integrat este alimentat de o baterie re\u00eenc\u0103rcabil\u0103, oferind iluminare de lung\u0103 durat\u0103 \u0219i confort, u\u0219or de \u00eenc\u0103rcat prin USB.<\/p>\n<p>Aceast\u0103 les\u0103 nu este doar practic\u0103; este o alegere de stil de via\u021b\u0103 pentru cei care prioritizeaz\u0103 siguran\u021ba \u0219i stilul. Fie c\u0103 ie\u0219i\u021bi la o plimbare de sear\u0103 sau la o alergare matinal\u0103, lesa noastr\u0103 retractabil\u0103 pentru c\u00e2ini cu lumin\u0103 asigur\u0103 vizibilitatea \u0219i siguran\u021ba c\u00e2inelui dumneavoastr\u0103, \u00een timp ce luminile ambientale creeaz\u0103 o atmosfer\u0103 pl\u0103cut\u0103, f\u0103c\u00e2nd din fiecare plimbare o experien\u021b\u0103 pl\u0103cut\u0103.<\/p>\n<p><img fetchpriority=\"high\" decoding=\"async\" class=\"aligncenter wp-image-7656\" src=\"https:\/\/qqpets.com\/wp-content\/uploads\/2023\/10\/Retractable-Dog-Leash-With-Light-2.0-1-300x186.webp\" alt=\"\" width=\"970\" height=\"600\" srcset=\"https:\/\/qqpets.com\/wp-content\/uploads\/2023\/10\/Retractable-Dog-Leash-With-Light-2.0-1-300x186.webp 300w, https:\/\/qqpets.com\/wp-content\/uploads\/2023\/10\/Retractable-Dog-Leash-With-Light-2.0-1-800x495.webp 800w, https:\/\/qqpets.com\/wp-content\/uploads\/2023\/10\/Retractable-Dog-Leash-With-Light-2.0-1-768x475.webp 768w, https:\/\/qqpets.com\/wp-content\/uploads\/2023\/10\/Retractable-Dog-Leash-With-Light-2.0-1.webp 970w\" sizes=\"(max-width: 970px) 100vw, 970px\" \/><\/p>\n<p><img decoding=\"async\" class=\"aligncenter wp-image-7657\" src=\"https:\/\/qqpets.com\/wp-content\/uploads\/2023\/10\/Retractable-Dog-Leash-With-Light-2.0-2-300x186.webp\" alt=\"\" width=\"970\" height=\"600\" srcset=\"https:\/\/qqpets.com\/wp-content\/uploads\/2023\/10\/Retractable-Dog-Leash-With-Light-2.0-2-300x186.webp 300w, https:\/\/qqpets.com\/wp-content\/uploads\/2023\/10\/Retractable-Dog-Leash-With-Light-2.0-2-800x495.webp 800w, https:\/\/qqpets.com\/wp-content\/uploads\/2023\/10\/Retractable-Dog-Leash-With-Light-2.0-2-768x475.webp 768w, https:\/\/qqpets.com\/wp-content\/uploads\/2023\/10\/Retractable-Dog-Leash-With-Light-2.0-2.webp 970w\" sizes=\"(max-width: 970px) 100vw, 970px\" \/><\/p>\n<p><img decoding=\"async\" class=\"aligncenter wp-image-7658\" src=\"https:\/\/qqpets.com\/wp-content\/uploads\/2023\/10\/Retractable-Dog-Leash-With-Light-2.0-3-300x186.webp\" alt=\"\" width=\"970\" height=\"600\" srcset=\"https:\/\/qqpets.com\/wp-content\/uploads\/2023\/10\/Retractable-Dog-Leash-With-Light-2.0-3-300x186.webp 300w, https:\/\/qqpets.com\/wp-content\/uploads\/2023\/10\/Retractable-Dog-Leash-With-Light-2.0-3-800x495.webp 800w, https:\/\/qqpets.com\/wp-content\/uploads\/2023\/10\/Retractable-Dog-Leash-With-Light-2.0-3-768x475.webp 768w, https:\/\/qqpets.com\/wp-content\/uploads\/2023\/10\/Retractable-Dog-Leash-With-Light-2.0-3.webp 970w\" sizes=\"(max-width: 970px) 100vw, 970px\" \/><\/p>\n<p><img loading=\"lazy\" decoding=\"async\" class=\"aligncenter wp-image-7659\" src=\"https:\/\/qqpets.com\/wp-content\/uploads\/2023\/10\/Retractable-Dog-Leash-With-Light-2.0-4-300x186.webp\" alt=\"\" width=\"970\" height=\"600\" srcset=\"https:\/\/qqpets.com\/wp-content\/uploads\/2023\/10\/Retractable-Dog-Leash-With-Light-2.0-4-300x186.webp 300w, https:\/\/qqpets.com\/wp-content\/uploads\/2023\/10\/Retractable-Dog-Leash-With-Light-2.0-4-800x495.webp 800w, https:\/\/qqpets.com\/wp-content\/uploads\/2023\/10\/Retractable-Dog-Leash-With-Light-2.0-4-768x475.webp 768w, https:\/\/qqpets.com\/wp-content\/uploads\/2023\/10\/Retractable-Dog-Leash-With-Light-2.0-4.webp 970w\" sizes=\"(max-width: 970px) 100vw, 970px\" \/><\/p>\n<p><img loading=\"lazy\" decoding=\"async\" class=\"aligncenter wp-image-7660\" src=\"https:\/\/qqpets.com\/wp-content\/uploads\/2023\/10\/Retractable-Dog-Leash-With-Light-2.0-5-300x186.webp\" alt=\"\" width=\"970\" height=\"600\" srcset=\"https:\/\/qqpets.com\/wp-content\/uploads\/2023\/10\/Retractable-Dog-Leash-With-Light-2.0-5-300x186.webp 300w, https:\/\/qqpets.com\/wp-content\/uploads\/2023\/10\/Retractable-Dog-Leash-With-Light-2.0-5-800x495.webp 800w, https:\/\/qqpets.com\/wp-content\/uploads\/2023\/10\/Retractable-Dog-Leash-With-Light-2.0-5-768x475.webp 768w, https:\/\/qqpets.com\/wp-content\/uploads\/2023\/10\/Retractable-Dog-Leash-With-Light-2.0-5.webp 970w\" sizes=\"(max-width: 970px) 100vw, 970px\" \/><\/p>\n<p><img loading=\"lazy\" decoding=\"async\" class=\"aligncenter wp-image-7662\" src=\"https:\/\/qqpets.com\/wp-content\/uploads\/2023\/10\/Retractable-Dog-Leash-With-Light-2.0-7-300x186.webp\" alt=\"\" width=\"970\" height=\"600\" srcset=\"https:\/\/qqpets.com\/wp-content\/uploads\/2023\/10\/Retractable-Dog-Leash-With-Light-2.0-7-300x186.webp 300w, https:\/\/qqpets.com\/wp-content\/uploads\/2023\/10\/Retractable-Dog-Leash-With-Light-2.0-7-800x495.webp 800w, https:\/\/qqpets.com\/wp-content\/uploads\/2023\/10\/Retractable-Dog-Leash-With-Light-2.0-7-768x475.webp 768w, https:\/\/qqpets.com\/wp-content\/uploads\/2023\/10\/Retractable-Dog-Leash-With-Light-2.0-7.webp 970w\" sizes=\"(max-width: 970px) 100vw, 970px\" \/><\/p>","protected":false},"excerpt":{"rendered":"<p>\u00cembun\u0103t\u0103\u021bi\u021bi plimb\u0103rile de sear\u0103 cu lesa noastr\u0103 retractabil\u0103 pentru c\u00e2ini cu lumin\u0103, cu lumini de ambian\u021b\u0103 laterale unice. Aceast\u0103 les\u0103 ofer\u0103 trei culori \u0219i moduri de lumin\u0103 - flash rapid, flash lent \u0219i constant - pentru a asigura vizibilitatea \u0219i siguran\u021ba. Designul s\u0103u retractabil ofer\u0103 libertate c\u00e2inelui dumneavoastr\u0103, men\u021bin\u00e2nd \u00een acela\u0219i timp controlul. Perfect\u0103 pentru utilizarea pe timp de noapte, aceasta combin\u0103 func\u021bionalitatea cu un aspect elegant \u0219i modern, asigur\u00e2nd plimb\u0103rile \u00een siguran\u021b\u0103 \u0219i pl\u0103cute.<\/p>\n<p>1. Rota\u021bie de 360 de grade pentru a preveni \u00eencurcarea fr\u00e2nghiei<br \/>\n2. Lumina LED cu luminozitate ridicat\u0103 din fa\u021b\u0103, mai sigur\u0103 pentru a v\u0103 plimba c\u00e2inele noaptea<br \/>\n3. Lumini RGB reci pe ambele p\u0103r\u021bi, mai atr\u0103g\u0103toare pentru activit\u0103\u021bile sociale<br \/>\n4. O pres\u0103 pentru a opri, \u00eempinge\u021bi \u00eenainte pentru a bloca, mai u\u0219or s\u0103 v\u0103 plimba\u021bi c\u00e2inele<br \/>\n5. Suport\u0103 func\u021bia de \u00eenc\u0103rcare, u\u0219or de transportat<\/p>","protected":false},"featured_media":7560,"template":"","meta":[],"product_brand":[],"product_cat":[27,21],"product_tag":[22],"class_list":{"0":"post-144","1":"product","2":"type-product","3":"status-publish","4":"has-post-thumbnail","6":"product_cat-dog-leash","7":"product_cat-led-product","8":"product_tag-led-leash","10":"first","11":"instock","12":"shipping-taxable","13":"product-type-simple"},"yoast_head":"<!-- This site is optimized with the Yoast SEO plugin v26.6 - https:\/\/yoast.com\/wordpress\/plugins\/seo\/ -->\n<title>QQPETS Retractable Dog Leash With Light Up 2.0 | QQPETS<\/title>\n<meta name=\"description\" content=\"Explore our unique Retractable Dog Leash with ambient side lights. Multiple colors &amp; modes for safety. Shop now!\" \/>\n<meta name=\"robots\" content=\"index, follow, max-snippet:-1, max-image-preview:large, max-video-preview:-1\" \/>\n<link rel=\"canonical\" href=\"https:\/\/qqpets.com\/ro\/produs\/qqpets-retractable-dog-leash-with-light-up-2-0\/\" \/>\n<meta property=\"og:locale\" content=\"ro_RO\" \/>\n<meta property=\"og:type\" content=\"article\" \/>\n<meta property=\"og:title\" content=\"QQPETS Retractable Dog Leash With Light Up 2.0 | QQPETS\" \/>\n<meta property=\"og:description\" content=\"Explore our unique Retractable Dog Leash with ambient side lights. Multiple colors &amp; modes for safety. Shop now!\" \/>\n<meta property=\"og:url\" content=\"https:\/\/qqpets.com\/ro\/produs\/qqpets-retractable-dog-leash-with-light-up-2-0\/\" \/>\n<meta property=\"og:site_name\" content=\"QQPETS\" \/>\n<meta property=\"article:publisher\" content=\"https:\/\/www.facebook.com\/QQpetsdogcollars\" \/>\n<meta property=\"article:modified_time\" content=\"2024-12-12T09:22:40+00:00\" \/>\n<meta property=\"og:image\" content=\"https:\/\/qqpets.com\/wp-content\/uploads\/2023\/10\/1.retractable-dog-leash.webp\" \/>\n\t<meta property=\"og:image:width\" content=\"1600\" \/>\n\t<meta property=\"og:image:height\" content=\"1600\" \/>\n\t<meta property=\"og:image:type\" content=\"image\/webp\" \/>\n<meta name=\"twitter:card\" content=\"summary_large_image\" \/>\n<meta name=\"twitter:label1\" content=\"Timp estimat pentru citire\" \/>\n\t<meta name=\"twitter:data1\" content=\"3 minute\" \/>\n<script type=\"application\/ld+json\" class=\"yoast-schema-graph\">{\"@context\":\"https:\/\/schema.org\",\"@graph\":[{\"@type\":\"WebPage\",\"@id\":\"https:\/\/qqpets.com\/product\/qqpets-retractable-dog-leash-with-light-up-2-0\/\",\"url\":\"https:\/\/qqpets.com\/product\/qqpets-retractable-dog-leash-with-light-up-2-0\/\",\"name\":\"QQPETS Retractable Dog Leash With Light Up 2.0 | QQPETS\",\"isPartOf\":{\"@id\":\"https:\/\/qqpets.com\/#website\"},\"primaryImageOfPage\":{\"@id\":\"https:\/\/qqpets.com\/product\/qqpets-retractable-dog-leash-with-light-up-2-0\/#primaryimage\"},\"image\":{\"@id\":\"https:\/\/qqpets.com\/product\/qqpets-retractable-dog-leash-with-light-up-2-0\/#primaryimage\"},\"thumbnailUrl\":\"https:\/\/qqpets.com\/wp-content\/uploads\/2023\/10\/1.retractable-dog-leash.webp\",\"datePublished\":\"2023-10-04T07:13:45+00:00\",\"dateModified\":\"2024-12-12T09:22:40+00:00\",\"description\":\"Explore our unique Retractable Dog Leash with ambient side lights. Multiple colors & modes for safety. Shop now!\",\"breadcrumb\":{\"@id\":\"https:\/\/qqpets.com\/product\/qqpets-retractable-dog-leash-with-light-up-2-0\/#breadcrumb\"},\"inLanguage\":\"ro-RO\",\"potentialAction\":[{\"@type\":\"ReadAction\",\"target\":[\"https:\/\/qqpets.com\/product\/qqpets-retractable-dog-leash-with-light-up-2-0\/\"]}]},{\"@type\":\"ImageObject\",\"inLanguage\":\"ro-RO\",\"@id\":\"https:\/\/qqpets.com\/product\/qqpets-retractable-dog-leash-with-light-up-2-0\/#primaryimage\",\"url\":\"https:\/\/qqpets.com\/wp-content\/uploads\/2023\/10\/1.retractable-dog-leash.webp\",\"contentUrl\":\"https:\/\/qqpets.com\/wp-content\/uploads\/2023\/10\/1.retractable-dog-leash.webp\",\"width\":1600,\"height\":1600},{\"@type\":\"BreadcrumbList\",\"@id\":\"https:\/\/qqpets.com\/product\/qqpets-retractable-dog-leash-with-light-up-2-0\/#breadcrumb\",\"itemListElement\":[{\"@type\":\"ListItem\",\"position\":1,\"name\":\"Home\",\"item\":\"https:\/\/qqpets.com\/\"},{\"@type\":\"ListItem\",\"position\":2,\"name\":\"Products\",\"item\":\"https:\/\/qqpets.com\/pet-products-manufacturer\/\"},{\"@type\":\"ListItem\",\"position\":3,\"name\":\"QQPETS Retractable Dog Leash With Light Up 2.0\"}]},{\"@type\":\"WebSite\",\"@id\":\"https:\/\/qqpets.com\/#website\",\"url\":\"https:\/\/qqpets.com\/\",\"name\":\"QQPETS\",\"description\":\"QQPETS is a pet products factory for dog harnesses, dog collars, dog leashes and dog accessories with professional customized service since 2005.\",\"publisher\":{\"@id\":\"https:\/\/qqpets.com\/#organization\"},\"potentialAction\":[{\"@type\":\"SearchAction\",\"target\":{\"@type\":\"EntryPoint\",\"urlTemplate\":\"https:\/\/qqpets.com\/?s={search_term_string}\"},\"query-input\":{\"@type\":\"PropertyValueSpecification\",\"valueRequired\":true,\"valueName\":\"search_term_string\"}}],\"inLanguage\":\"ro-RO\"},{\"@type\":\"Organization\",\"@id\":\"https:\/\/qqpets.com\/#organization\",\"name\":\"QQPETS\",\"url\":\"https:\/\/qqpets.com\/\",\"logo\":{\"@type\":\"ImageObject\",\"inLanguage\":\"ro-RO\",\"@id\":\"https:\/\/qqpets.com\/#\/schema\/logo\/image\/\",\"url\":\"https:\/\/qqpets.com\/wp-content\/uploads\/2023\/09\/cropped-cropped-qqpets-tiktok.jpg\",\"contentUrl\":\"https:\/\/qqpets.com\/wp-content\/uploads\/2023\/09\/cropped-cropped-qqpets-tiktok.jpg\",\"width\":511,\"height\":511,\"caption\":\"QQPETS\"},\"image\":{\"@id\":\"https:\/\/qqpets.com\/#\/schema\/logo\/image\/\"},\"sameAs\":[\"https:\/\/www.facebook.com\/QQpetsdogcollars\",\"https:\/\/www.instagram.com\/qqpetscollar\/\",\"https:\/\/www.pinterest.com\/qqpetsdogcollarsfactory\/\"]}]}<\/script>\n<!-- \/ Yoast SEO plugin. -->","yoast_head_json":{"title":"QQPETS Les\u0103 retractabil\u0103 pentru c\u00e2ini cu lumin\u0103 2.0 | QQPETS","description":"Explora\u021bi lesa noastr\u0103 unic\u0103 Retractable Dog cu lumini laterale ambientale. Culori \u0219i moduri multiple pentru siguran\u021b\u0103. Cump\u0103ra\u021bi acum!","robots":{"index":"index","follow":"follow","max-snippet":"max-snippet:-1","max-image-preview":"max-image-preview:large","max-video-preview":"max-video-preview:-1"},"canonical":"https:\/\/qqpets.com\/ro\/produs\/qqpets-retractable-dog-leash-with-light-up-2-0\/","og_locale":"ro_RO","og_type":"article","og_title":"QQPETS Retractable Dog Leash With Light Up 2.0 | QQPETS","og_description":"Explore our unique Retractable Dog Leash with ambient side lights. Multiple colors & modes for safety. Shop now!","og_url":"https:\/\/qqpets.com\/ro\/produs\/qqpets-retractable-dog-leash-with-light-up-2-0\/","og_site_name":"QQPETS","article_publisher":"https:\/\/www.facebook.com\/QQpetsdogcollars","article_modified_time":"2024-12-12T09:22:40+00:00","og_image":[{"width":1600,"height":1600,"url":"https:\/\/qqpets.com\/wp-content\/uploads\/2023\/10\/1.retractable-dog-leash.webp","type":"image\/webp"}],"twitter_card":"summary_large_image","twitter_misc":{"Timp estimat pentru citire":"3 minute"},"schema":{"@context":"https:\/\/schema.org","@graph":[{"@type":"WebPage","@id":"https:\/\/qqpets.com\/product\/qqpets-retractable-dog-leash-with-light-up-2-0\/","url":"https:\/\/qqpets.com\/product\/qqpets-retractable-dog-leash-with-light-up-2-0\/","name":"QQPETS Les\u0103 retractabil\u0103 pentru c\u00e2ini cu lumin\u0103 2.0 | QQPETS","isPartOf":{"@id":"https:\/\/qqpets.com\/#website"},"primaryImageOfPage":{"@id":"https:\/\/qqpets.com\/product\/qqpets-retractable-dog-leash-with-light-up-2-0\/#primaryimage"},"image":{"@id":"https:\/\/qqpets.com\/product\/qqpets-retractable-dog-leash-with-light-up-2-0\/#primaryimage"},"thumbnailUrl":"https:\/\/qqpets.com\/wp-content\/uploads\/2023\/10\/1.retractable-dog-leash.webp","datePublished":"2023-10-04T07:13:45+00:00","dateModified":"2024-12-12T09:22:40+00:00","description":"Explora\u021bi lesa noastr\u0103 unic\u0103 Retractable Dog cu lumini laterale ambientale. Culori \u0219i moduri multiple pentru siguran\u021b\u0103. Cump\u0103ra\u021bi acum!","breadcrumb":{"@id":"https:\/\/qqpets.com\/product\/qqpets-retractable-dog-leash-with-light-up-2-0\/#breadcrumb"},"inLanguage":"ro-RO","potentialAction":[{"@type":"ReadAction","target":["https:\/\/qqpets.com\/product\/qqpets-retractable-dog-leash-with-light-up-2-0\/"]}]},{"@type":"ImageObject","inLanguage":"ro-RO","@id":"https:\/\/qqpets.com\/product\/qqpets-retractable-dog-leash-with-light-up-2-0\/#primaryimage","url":"https:\/\/qqpets.com\/wp-content\/uploads\/2023\/10\/1.retractable-dog-leash.webp","contentUrl":"https:\/\/qqpets.com\/wp-content\/uploads\/2023\/10\/1.retractable-dog-leash.webp","width":1600,"height":1600},{"@type":"BreadcrumbList","@id":"https:\/\/qqpets.com\/product\/qqpets-retractable-dog-leash-with-light-up-2-0\/#breadcrumb","itemListElement":[{"@type":"ListItem","position":1,"name":"Home","item":"https:\/\/qqpets.com\/"},{"@type":"ListItem","position":2,"name":"Products","item":"https:\/\/qqpets.com\/pet-products-manufacturer\/"},{"@type":"ListItem","position":3,"name":"QQPETS Retractable Dog Leash With Light Up 2.0"}]},{"@type":"WebSite","@id":"https:\/\/qqpets.com\/#website","url":"https:\/\/qqpets.com\/","name":"QQPETS","description":"QQPETS este o fabric\u0103 de produse pentru animale de companie pentru hamuri pentru c\u00e2ini, gulere pentru c\u00e2ini, lese pentru c\u00e2ini \u0219i accesorii pentru c\u00e2ini cu servicii profesionale personalizate din 2005.","publisher":{"@id":"https:\/\/qqpets.com\/#organization"},"potentialAction":[{"@type":"SearchAction","target":{"@type":"EntryPoint","urlTemplate":"https:\/\/qqpets.com\/?s={search_term_string}"},"query-input":{"@type":"PropertyValueSpecification","valueRequired":true,"valueName":"search_term_string"}}],"inLanguage":"ro-RO"},{"@type":"Organization","@id":"https:\/\/qqpets.com\/#organization","name":"QQPETS","url":"https:\/\/qqpets.com\/","logo":{"@type":"ImageObject","inLanguage":"ro-RO","@id":"https:\/\/qqpets.com\/#\/schema\/logo\/image\/","url":"https:\/\/qqpets.com\/wp-content\/uploads\/2023\/09\/cropped-cropped-qqpets-tiktok.jpg","contentUrl":"https:\/\/qqpets.com\/wp-content\/uploads\/2023\/09\/cropped-cropped-qqpets-tiktok.jpg","width":511,"height":511,"caption":"QQPETS"},"image":{"@id":"https:\/\/qqpets.com\/#\/schema\/logo\/image\/"},"sameAs":["https:\/\/www.facebook.com\/QQpetsdogcollars","https:\/\/www.instagram.com\/qqpetscollar\/","https:\/\/www.pinterest.com\/qqpetsdogcollarsfactory\/"]}]}},"_links":{"self":[{"href":"https:\/\/qqpets.com\/ro\/wp-json\/wp\/v2\/product\/144","targetHints":{"allow":["GET"]}}],"collection":[{"href":"https:\/\/qqpets.com\/ro\/wp-json\/wp\/v2\/product"}],"about":[{"href":"https:\/\/qqpets.com\/ro\/wp-json\/wp\/v2\/types\/product"}],"wp:featuredmedia":[{"embeddable":true,"href":"https:\/\/qqpets.com\/ro\/wp-json\/wp\/v2\/media\/7560"}],"wp:attachment":[{"href":"https:\/\/qqpets.com\/ro\/wp-json\/wp\/v2\/media?parent=144"}],"wp:term":[{"taxonomy":"product_brand","embeddable":true,"href":"https:\/\/qqpets.com\/ro\/wp-json\/wp\/v2\/product_brand?post=144"},{"taxonomy":"product_cat","embeddable":true,"href":"https:\/\/qqpets.com\/ro\/wp-json\/wp\/v2\/product_cat?post=144"},{"taxonomy":"product_tag","embeddable":true,"href":"https:\/\/qqpets.com\/ro\/wp-json\/wp\/v2\/product_tag?post=144"}],"curies":[{"name":"wp","href":"https:\/\/api.w.org\/{rel}","templated":true}]}}