{"id":146,"date":"2023-10-04T15:27:45","date_gmt":"2023-10-04T07:27:45","guid":{"rendered":"https:\/\/qqpets.com\/?post_type=product&#038;p=146"},"modified":"2024-09-02T15:03:14","modified_gmt":"2024-09-02T07:03:14","slug":"training-walking-no-pull-service-dog-harness","status":"publish","type":"product","link":"https:\/\/qqpets.com\/ro\/produs\/training-walking-no-pull-service-dog-harness\/","title":{"rendered":"Formarea de mers pe jos nu trage Service Dog Harness"},"content":{"rendered":"<p>V\u0103 prezent\u0103m harna\u0219amentul nostru premium pentru c\u00e2ini de serviciu, proiectat pentru a satisface nevoile c\u00e2inilor de serviciu care ofer\u0103 sprijin esen\u021bial. Acest ham este creat pentru a asigura confort maxim \u0219i func\u021bionalitate \u00een timpul orelor lungi de lucru.<\/p>\n<p>Harna\u0219amentul nostru este echipat cu patch-uri cu vizibilitate ridicat\u0103 care identific\u0103 \u00een mod clar c\u00e2inele dvs. ca fiind un animal de serviciu, ceea ce este esen\u021bial \u00een mediul public. Aceste patch-uri sunt realizate din material reflectorizant care spore\u0219te siguran\u021ba \u00een timpul ie\u0219irilor pe timp de noapte sau \u00een condi\u021bii de luminozitate sc\u0103zut\u0103.<\/p>\n<p>Ajustabilitatea este esen\u021bial\u0103 pentru orice accesoriu pentru c\u00e2ini de lucru, iar hamul nostru ofer\u0103 curele u\u0219or de reglat care asigur\u0103 o potrivire str\u00e2ns\u0103 \u0219i sigur\u0103 pentru orice ras\u0103 de c\u00e2ine. Designul ergonomic previne iritarea \u0219i \u00eencordarea, oferind o experien\u021b\u0103 confortabil\u0103 pentru c\u00e2inele dvs. pe tot parcursul zilei.<\/p>\n<p>\u00cen plus, hamul are un m\u00e2ner robust care permite un control mai bun \u00een spa\u021bii aglomerate sau \u00een timpul urgen\u021belor. Acest m\u00e2ner este, de asemenea, util pentru asisten\u021ba la mobilitate, ajut\u00e2nd manipulatorii cu probleme fizice s\u0103 navigheze mai u\u0219or \u00een mediul lor.<\/p>\n<p>Fabricat din materiale durabile, hamul nostru pentru c\u00e2inele de serviciu este construit pentru a dura \u0219i a rezista la uzur\u0103, f\u0103c\u00e2ndu-l potrivit pentru utilizarea zilnic\u0103 \u00een orice condi\u021bii meteorologice. Este u\u0219or de cur\u0103\u021bat \u0219i \u00eentre\u021binut, asigur\u00e2ndu-v\u0103 c\u0103 r\u0103m\u00e2ne \u00een stare excelent\u0103, gata pentru urm\u0103toarea zi de lucru a c\u00e2inelui dumneavoastr\u0103.<\/p>\n<p>Perfect pentru c\u00e2inii de serviciu \u00een diferite roluri, inclusiv alert\u0103 medical\u0103, asisten\u021b\u0103 pentru mobilitate \u0219i multe altele, hamul nostru pentru c\u00e2ini de serviciu combin\u0103 caracterul practic cu vizibilitatea profesional\u0103, f\u0103c\u00e2ndu-l un instrument indispensabil pentru animalul dvs. de serviciu.<\/p>\n<h5><strong>Ce culoare de ham ar trebui s\u0103 poarte un c\u00e2ine de serviciu?<\/strong><\/h5>\n<p>C\u00e2inii de serviciu poart\u0103 de obicei hamuri sau veste albastre sau ro\u0219ii, deoarece aceste culori sunt recunoscute pe scar\u0103 larg\u0103 \u0219i indic\u0103 adesea faptul c\u0103 c\u00e2inele lucreaz\u0103.<\/p>\n<h5><strong>Orice c\u00e2ine poate purta o vest\u0103 de c\u00e2ine de serviciu?<\/strong><\/h5>\n<p>Din punct de vedere legal, numai c\u00e2inii care sunt antrena\u021bi s\u0103 \u00eendeplineasc\u0103 sarcini specifice pentru persoanele cu handicap trebuie s\u0103 poarte o vest\u0103 de c\u00e2ine de serviciu. Prezentarea eronat\u0103 a unui animal de companie ca fiind un c\u00e2ine de serviciu nu este etic\u0103 \u0219i poate fi ilegal\u0103 \u00een anumite zone.<\/p>\n<h5><strong>De ce poart\u0103 c\u00e2inii de serviciu hamuri?<\/strong><\/h5>\n<p>C\u00e2inii de serviciu poart\u0103 hamuri pentru a cre\u0219te vizibilitatea, pentru a semnala statutul lor de serviciu \u0219i pentru a facilita un control \u0219i o comunicare mai bune \u00eentre c\u00e2ine \u0219i conductor, \u00een special \u00een zonele publice.<\/p>\n<h5><strong>Cum se face o vest\u0103 pentru c\u00e2inii de asisten\u021b\u0103?<\/strong><\/h5>\n<p>Confec\u021bionarea unei veste pentru un c\u00e2ine de asisten\u021b\u0103 implic\u0103, de obicei, alegerea unui material durabil \u0219i confortabil, m\u0103surarea c\u00e2inelui pentru o potrivire corect\u0103 \u0219i includerea unor etichete clare, cum ar fi \"C\u00e2ine de serviciu\" sau patch-uri legate de sarcini specifice. De obicei, sunt necesare cuno\u0219tin\u021be de cusut \u0219i materiale precum Velcro pentru ata\u0219area petelor.<\/p>\n<h5><strong>Ce \u00eenseamn\u0103 o vest\u0103 roz pentru c\u00e2inii de serviciu?<\/strong><\/h5>\n<p>O vest\u0103 roz pentru c\u00e2inele de serviciu nu are o semnifica\u021bie specific\u0103 de reglementare, dar este adesea folosit\u0103 pentru personalizare sau pentru a face c\u00e2inele de serviciu mai abordabil \u00een medii publice.<\/p>\n<h5><strong>Ce \u00eenseamn\u0103 un ham ro\u0219u pe un c\u00e2ine?<\/strong><\/h5>\n<p>Un ham ro\u0219u indic\u0103 adesea faptul c\u0103 c\u00e2inele este un c\u00e2ine de serviciu. De asemenea, poate sugera c\u0103 c\u00e2inele nu trebuie deranjat sau c\u0103 lucreaz\u0103 la sarcini specifice.<\/p>\n<h5><strong>Ce \u00eenseamn\u0103 o vest\u0103 galben\u0103 pe un c\u00e2ine?<\/strong><\/h5>\n<p>O vest\u0103 galben\u0103 indic\u0103 de obicei faptul c\u0103 c\u00e2inele are nevoie de spa\u021biu \u0219i nu trebuie s\u0103 fie abordat f\u0103r\u0103 permisiunea conductorului. Aceasta poate semnala faptul c\u0103 c\u00e2inele este \u00een curs de dresaj sau c\u0103 este nervos\/anxios.<\/p>\n<h5><strong>Ce \u00eenseamn\u0103 o vest\u0103 albastr\u0103 pe un c\u00e2ine?<\/strong><\/h5>\n<p>O vest\u0103 albastr\u0103 identific\u0103 de obicei c\u00e2inele ca fiind un c\u00e2ine de serviciu, indic\u00e2nd faptul c\u0103 acesta este antrenat pentru a ajuta persoanele cu handicap \u0219i nu trebuie deranjat.<\/p>","protected":false},"excerpt":{"rendered":"<p class=\"a-spacing-mini\">Da\u021bi putere c\u00e2inelui dvs. de serviciu cu hamul nostru specializat, proiectat pentru durabilitate \u0219i confort. Are etichete foarte vizibile, curele reglabile pentru o potrivire perfect\u0103 \u0219i m\u00e2nere robuste pentru un control mai bun. Acest ham este fabricat din materiale rezistente pentru a rezista la utilizarea zilnic\u0103, oferind \u00een acela\u0219i timp suport optim \u0219i identificare pentru c\u00e2inele dvs. de serviciu. Esen\u021bial pentru a ajuta la mobilitate \u0219i pentru a asigura sensibilizarea publicului.<\/p>","protected":false},"featured_media":7319,"template":"","meta":[],"product_brand":[],"product_cat":[23],"product_tag":[24],"class_list":{"0":"post-146","1":"product","2":"type-product","3":"status-publish","4":"has-post-thumbnail","6":"product_cat-dog-harness","7":"product_tag-tactical-harness","9":"first","10":"instock","11":"shipping-taxable","12":"product-type-simple"},"yoast_head":"<!-- This site is optimized with the Yoast SEO plugin v26.6 - https:\/\/yoast.com\/wordpress\/plugins\/seo\/ -->\n<title>Training Walking No Pull Service Dog Harness | QQPETS<\/title>\n<meta name=\"description\" content=\"Equip your service dog with our high-quality harness. Built for comfort and visibility. Essential for duty.\" \/>\n<meta name=\"robots\" content=\"index, follow, max-snippet:-1, max-image-preview:large, max-video-preview:-1\" \/>\n<link rel=\"canonical\" href=\"https:\/\/qqpets.com\/ro\/produs\/training-walking-no-pull-service-dog-harness\/\" \/>\n<meta property=\"og:locale\" content=\"ro_RO\" \/>\n<meta property=\"og:type\" content=\"article\" \/>\n<meta property=\"og:title\" content=\"Training Walking No Pull Service Dog Harness | QQPETS\" \/>\n<meta property=\"og:description\" content=\"Equip your service dog with our high-quality harness. Built for comfort and visibility. Essential for duty.\" \/>\n<meta property=\"og:url\" content=\"https:\/\/qqpets.com\/ro\/produs\/training-walking-no-pull-service-dog-harness\/\" \/>\n<meta property=\"og:site_name\" content=\"QQPETS\" \/>\n<meta property=\"article:publisher\" content=\"https:\/\/www.facebook.com\/QQpetsdogcollars\" \/>\n<meta property=\"article:modified_time\" content=\"2024-09-02T07:03:14+00:00\" \/>\n<meta property=\"og:image\" content=\"https:\/\/qqpets.com\/wp-content\/uploads\/2023\/09\/service-dog-harness.jpg\" \/>\n\t<meta property=\"og:image:width\" content=\"1200\" \/>\n\t<meta property=\"og:image:height\" content=\"1200\" \/>\n\t<meta property=\"og:image:type\" content=\"image\/jpeg\" \/>\n<meta name=\"twitter:card\" content=\"summary_large_image\" \/>\n<meta name=\"twitter:label1\" content=\"Timp estimat pentru citire\" \/>\n\t<meta name=\"twitter:data1\" content=\"3 minute\" \/>\n<script type=\"application\/ld+json\" class=\"yoast-schema-graph\">{\"@context\":\"https:\/\/schema.org\",\"@graph\":[{\"@type\":\"WebPage\",\"@id\":\"https:\/\/qqpets.com\/product\/training-walking-no-pull-service-dog-harness\/\",\"url\":\"https:\/\/qqpets.com\/product\/training-walking-no-pull-service-dog-harness\/\",\"name\":\"Training Walking No Pull Service Dog Harness | QQPETS\",\"isPartOf\":{\"@id\":\"https:\/\/qqpets.com\/#website\"},\"primaryImageOfPage\":{\"@id\":\"https:\/\/qqpets.com\/product\/training-walking-no-pull-service-dog-harness\/#primaryimage\"},\"image\":{\"@id\":\"https:\/\/qqpets.com\/product\/training-walking-no-pull-service-dog-harness\/#primaryimage\"},\"thumbnailUrl\":\"https:\/\/qqpets.com\/wp-content\/uploads\/2023\/09\/service-dog-harness.jpg\",\"datePublished\":\"2023-10-04T07:27:45+00:00\",\"dateModified\":\"2024-09-02T07:03:14+00:00\",\"description\":\"Equip your service dog with our high-quality harness. Built for comfort and visibility. Essential for duty.\",\"breadcrumb\":{\"@id\":\"https:\/\/qqpets.com\/product\/training-walking-no-pull-service-dog-harness\/#breadcrumb\"},\"inLanguage\":\"ro-RO\",\"potentialAction\":[{\"@type\":\"ReadAction\",\"target\":[\"https:\/\/qqpets.com\/product\/training-walking-no-pull-service-dog-harness\/\"]}]},{\"@type\":\"ImageObject\",\"inLanguage\":\"ro-RO\",\"@id\":\"https:\/\/qqpets.com\/product\/training-walking-no-pull-service-dog-harness\/#primaryimage\",\"url\":\"https:\/\/qqpets.com\/wp-content\/uploads\/2023\/09\/service-dog-harness.jpg\",\"contentUrl\":\"https:\/\/qqpets.com\/wp-content\/uploads\/2023\/09\/service-dog-harness.jpg\",\"width\":1200,\"height\":1200,\"caption\":\"service dog harness\"},{\"@type\":\"BreadcrumbList\",\"@id\":\"https:\/\/qqpets.com\/product\/training-walking-no-pull-service-dog-harness\/#breadcrumb\",\"itemListElement\":[{\"@type\":\"ListItem\",\"position\":1,\"name\":\"Home\",\"item\":\"https:\/\/qqpets.com\/\"},{\"@type\":\"ListItem\",\"position\":2,\"name\":\"Products\",\"item\":\"https:\/\/qqpets.com\/pet-products-manufacturer\/\"},{\"@type\":\"ListItem\",\"position\":3,\"name\":\"Training Walking No Pull Service Dog Harness\"}]},{\"@type\":\"WebSite\",\"@id\":\"https:\/\/qqpets.com\/#website\",\"url\":\"https:\/\/qqpets.com\/\",\"name\":\"QQPETS\",\"description\":\"QQPETS is a pet products factory for dog harnesses, dog collars, dog leashes and dog accessories with professional customized service since 2005.\",\"publisher\":{\"@id\":\"https:\/\/qqpets.com\/#organization\"},\"potentialAction\":[{\"@type\":\"SearchAction\",\"target\":{\"@type\":\"EntryPoint\",\"urlTemplate\":\"https:\/\/qqpets.com\/?s={search_term_string}\"},\"query-input\":{\"@type\":\"PropertyValueSpecification\",\"valueRequired\":true,\"valueName\":\"search_term_string\"}}],\"inLanguage\":\"ro-RO\"},{\"@type\":\"Organization\",\"@id\":\"https:\/\/qqpets.com\/#organization\",\"name\":\"QQPETS\",\"url\":\"https:\/\/qqpets.com\/\",\"logo\":{\"@type\":\"ImageObject\",\"inLanguage\":\"ro-RO\",\"@id\":\"https:\/\/qqpets.com\/#\/schema\/logo\/image\/\",\"url\":\"https:\/\/qqpets.com\/wp-content\/uploads\/2023\/09\/cropped-cropped-qqpets-tiktok.jpg\",\"contentUrl\":\"https:\/\/qqpets.com\/wp-content\/uploads\/2023\/09\/cropped-cropped-qqpets-tiktok.jpg\",\"width\":511,\"height\":511,\"caption\":\"QQPETS\"},\"image\":{\"@id\":\"https:\/\/qqpets.com\/#\/schema\/logo\/image\/\"},\"sameAs\":[\"https:\/\/www.facebook.com\/QQpetsdogcollars\",\"https:\/\/www.instagram.com\/qqpetscollar\/\",\"https:\/\/www.pinterest.com\/qqpetsdogcollarsfactory\/\"]}]}<\/script>\n<!-- \/ Yoast SEO plugin. -->","yoast_head_json":{"title":"Formare de mers pe jos Nu trage Service Dog Harness | QQPETS","description":"Echipa\u021bi-v\u0103 c\u00e2inele de serviciu cu hamul nostru de \u00eenalt\u0103 calitate. Construit pentru confort \u0219i vizibilitate. Esen\u021bial pentru serviciu.","robots":{"index":"index","follow":"follow","max-snippet":"max-snippet:-1","max-image-preview":"max-image-preview:large","max-video-preview":"max-video-preview:-1"},"canonical":"https:\/\/qqpets.com\/ro\/produs\/training-walking-no-pull-service-dog-harness\/","og_locale":"ro_RO","og_type":"article","og_title":"Training Walking No Pull Service Dog Harness | QQPETS","og_description":"Equip your service dog with our high-quality harness. Built for comfort and visibility. Essential for duty.","og_url":"https:\/\/qqpets.com\/ro\/produs\/training-walking-no-pull-service-dog-harness\/","og_site_name":"QQPETS","article_publisher":"https:\/\/www.facebook.com\/QQpetsdogcollars","article_modified_time":"2024-09-02T07:03:14+00:00","og_image":[{"width":1200,"height":1200,"url":"https:\/\/qqpets.com\/wp-content\/uploads\/2023\/09\/service-dog-harness.jpg","type":"image\/jpeg"}],"twitter_card":"summary_large_image","twitter_misc":{"Timp estimat pentru citire":"3 minute"},"schema":{"@context":"https:\/\/schema.org","@graph":[{"@type":"WebPage","@id":"https:\/\/qqpets.com\/product\/training-walking-no-pull-service-dog-harness\/","url":"https:\/\/qqpets.com\/product\/training-walking-no-pull-service-dog-harness\/","name":"Formare de mers pe jos Nu trage Service Dog Harness | QQPETS","isPartOf":{"@id":"https:\/\/qqpets.com\/#website"},"primaryImageOfPage":{"@id":"https:\/\/qqpets.com\/product\/training-walking-no-pull-service-dog-harness\/#primaryimage"},"image":{"@id":"https:\/\/qqpets.com\/product\/training-walking-no-pull-service-dog-harness\/#primaryimage"},"thumbnailUrl":"https:\/\/qqpets.com\/wp-content\/uploads\/2023\/09\/service-dog-harness.jpg","datePublished":"2023-10-04T07:27:45+00:00","dateModified":"2024-09-02T07:03:14+00:00","description":"Echipa\u021bi-v\u0103 c\u00e2inele de serviciu cu hamul nostru de \u00eenalt\u0103 calitate. Construit pentru confort \u0219i vizibilitate. Esen\u021bial pentru serviciu.","breadcrumb":{"@id":"https:\/\/qqpets.com\/product\/training-walking-no-pull-service-dog-harness\/#breadcrumb"},"inLanguage":"ro-RO","potentialAction":[{"@type":"ReadAction","target":["https:\/\/qqpets.com\/product\/training-walking-no-pull-service-dog-harness\/"]}]},{"@type":"ImageObject","inLanguage":"ro-RO","@id":"https:\/\/qqpets.com\/product\/training-walking-no-pull-service-dog-harness\/#primaryimage","url":"https:\/\/qqpets.com\/wp-content\/uploads\/2023\/09\/service-dog-harness.jpg","contentUrl":"https:\/\/qqpets.com\/wp-content\/uploads\/2023\/09\/service-dog-harness.jpg","width":1200,"height":1200,"caption":"service dog harness"},{"@type":"BreadcrumbList","@id":"https:\/\/qqpets.com\/product\/training-walking-no-pull-service-dog-harness\/#breadcrumb","itemListElement":[{"@type":"ListItem","position":1,"name":"Home","item":"https:\/\/qqpets.com\/"},{"@type":"ListItem","position":2,"name":"Products","item":"https:\/\/qqpets.com\/pet-products-manufacturer\/"},{"@type":"ListItem","position":3,"name":"Training Walking No Pull Service Dog Harness"}]},{"@type":"WebSite","@id":"https:\/\/qqpets.com\/#website","url":"https:\/\/qqpets.com\/","name":"QQPETS","description":"QQPETS este o fabric\u0103 de produse pentru animale de companie pentru hamuri pentru c\u00e2ini, gulere pentru c\u00e2ini, lese pentru c\u00e2ini \u0219i accesorii pentru c\u00e2ini cu servicii profesionale personalizate din 2005.","publisher":{"@id":"https:\/\/qqpets.com\/#organization"},"potentialAction":[{"@type":"SearchAction","target":{"@type":"EntryPoint","urlTemplate":"https:\/\/qqpets.com\/?s={search_term_string}"},"query-input":{"@type":"PropertyValueSpecification","valueRequired":true,"valueName":"search_term_string"}}],"inLanguage":"ro-RO"},{"@type":"Organization","@id":"https:\/\/qqpets.com\/#organization","name":"QQPETS","url":"https:\/\/qqpets.com\/","logo":{"@type":"ImageObject","inLanguage":"ro-RO","@id":"https:\/\/qqpets.com\/#\/schema\/logo\/image\/","url":"https:\/\/qqpets.com\/wp-content\/uploads\/2023\/09\/cropped-cropped-qqpets-tiktok.jpg","contentUrl":"https:\/\/qqpets.com\/wp-content\/uploads\/2023\/09\/cropped-cropped-qqpets-tiktok.jpg","width":511,"height":511,"caption":"QQPETS"},"image":{"@id":"https:\/\/qqpets.com\/#\/schema\/logo\/image\/"},"sameAs":["https:\/\/www.facebook.com\/QQpetsdogcollars","https:\/\/www.instagram.com\/qqpetscollar\/","https:\/\/www.pinterest.com\/qqpetsdogcollarsfactory\/"]}]}},"_links":{"self":[{"href":"https:\/\/qqpets.com\/ro\/wp-json\/wp\/v2\/product\/146","targetHints":{"allow":["GET"]}}],"collection":[{"href":"https:\/\/qqpets.com\/ro\/wp-json\/wp\/v2\/product"}],"about":[{"href":"https:\/\/qqpets.com\/ro\/wp-json\/wp\/v2\/types\/product"}],"wp:featuredmedia":[{"embeddable":true,"href":"https:\/\/qqpets.com\/ro\/wp-json\/wp\/v2\/media\/7319"}],"wp:attachment":[{"href":"https:\/\/qqpets.com\/ro\/wp-json\/wp\/v2\/media?parent=146"}],"wp:term":[{"taxonomy":"product_brand","embeddable":true,"href":"https:\/\/qqpets.com\/ro\/wp-json\/wp\/v2\/product_brand?post=146"},{"taxonomy":"product_cat","embeddable":true,"href":"https:\/\/qqpets.com\/ro\/wp-json\/wp\/v2\/product_cat?post=146"},{"taxonomy":"product_tag","embeddable":true,"href":"https:\/\/qqpets.com\/ro\/wp-json\/wp\/v2\/product_tag?post=146"}],"curies":[{"name":"wp","href":"https:\/\/api.w.org\/{rel}","templated":true}]}}