{"id":4645,"date":"2024-08-30T16:59:56","date_gmt":"2024-08-30T08:59:56","guid":{"rendered":"https:\/\/qqpets.com\/?post_type=product&#038;p=4645"},"modified":"2024-08-31T17:08:46","modified_gmt":"2024-08-31T09:08:46","slug":"reflective-adjustable-step-in-dog-harness","status":"publish","type":"product","link":"https:\/\/qqpets.com\/ro\/produs\/reflective-adjustable-step-in-dog-harness\/","title":{"rendered":"Reflectorizant pas reglabil \u00een Dog Harness"},"content":{"rendered":"<p>Introduce\u021bi un nou nivel de siguran\u021b\u0103 \u0219i confort \u00een plimb\u0103rile zilnice ale animalului dvs. de companie cu hamul nostru reflectorizant reglabil Step In Dog. Acest ham este conceput special pentru u\u0219urin\u021b\u0103 \u00een utilizare \u0219i vizibilitate sporit\u0103 pe timp de noapte. Dispun\u00e2nd de benzi reflectorizante vibrante, se asigur\u0103 c\u0103 c\u00e2inele dvs. r\u0103m\u00e2ne vizibil pentru \u0219oferi \u0219i pietoni \u00een condi\u021bii de lumin\u0103 sc\u0103zut\u0103, cresc\u00e2nd semnificativ siguran\u021ba \u00een timpul plimb\u0103rilor de sear\u0103 sau diminea\u021ba devreme.<\/p>\n<p>Designul step-in simplific\u0103 procesul de montare a hamului, f\u0103c\u00e2ndu-l ideal pentru animalele de companie (\u0219i st\u0103p\u00e2nii!) care prefer\u0103 o experien\u021b\u0103 f\u0103r\u0103 complica\u021bii. Pur \u0219i simplu a\u0219eza\u021bi hamul plat, pune\u021bi c\u00e2inele s\u0103 intre, pune\u021bi centura \u0219i sunte\u021bi gata de plecare. Curelele sunt complet reglabile, oferind o potrivire str\u00e2ns\u0103 \u0219i confortabil\u0103 care se potrive\u0219te c\u00e2inilor de diferite forme \u0219i dimensiuni.<\/p>\n<p>Construit din materiale durabile, de \u00eenalt\u0103 calitate, acest ham este construit s\u0103 dureze \u0219i s\u0103 reziste rigorilor utiliz\u0103rii zilnice, men\u021bin\u00e2ndu-v\u0103 c\u00e2inele confortabil. Designul u\u0219or asigur\u0103 c\u0103 animalul dvs. de companie se poate mi\u0219ca liber, f\u0103r\u0103 a se sim\u021bi \u00eempov\u0103rat.<\/p>\n<p>Harna\u0219amentul nostru reflectorizant ajustabil Step In pentru c\u00e2ini nu este doar practic, ci \u0219i elegant. Este disponibil \u00een mai multe culori pentru a se potrivi stilului animalului dvs. de companie, ceea ce \u00eel face o alegere la mod\u0103 pentru plimb\u0103rile dvs. zilnice. Fie c\u0103 naviga\u021bi pe str\u0103zile aglomerate ale ora\u0219ului sau v\u0103 bucura\u021bi de o plimbare lini\u0219tit\u0103 prin parc, acest ham asigur\u0103 c\u0103 animalul dvs. de companie este \u00een siguran\u021b\u0103 \u0219i confortabil.<\/p>\n<p>Echipa\u021bi-v\u0103 animalul de companie cu hamul nostru pentru a spori vizibilitatea \u0219i a asigura confortul la fiecare plimbare, oferindu-v\u0103 lini\u0219te sufleteasc\u0103, iar animalului dumneavoastr\u0103 libertatea de a explora \u00een siguran\u021b\u0103.<\/p>\n<div class=\"flex max-w-full flex-col flex-grow\">\n<div class=\"min-h-[20px] text-message flex w-full flex-col items-end gap-2 break-words [.text-message+&amp;]:mt-5 overflow-x-auto whitespace-normal\" dir=\"auto\" data-message-author-role=\"assistant\" data-message-id=\"e46110a1-b220-42e7-a97e-37831f310d5a\">\n<div class=\"flex w-full flex-col gap-1 empty:hidden first:pt-[3px]\">\n<div class=\"markdown prose w-full break-words dark:prose-invert light\">\n<h6><strong>Sunt hamurile step-in bune pentru c\u00e2ini?<\/strong><\/h6>\n<p>Da, hamurile step-in sunt bune pentru c\u00e2ini, deoarece sunt u\u0219or de pus, distribuie presiunea uniform pe piept \u0219i umeri \u0219i sunt potrivite pentru c\u00e2inii c\u0103rora nu le place s\u0103 aib\u0103 hamurile trase pe cap.<\/p>\n<h6><strong>Sunt hamurile c\u0103ptu\u0219ite mai bune pentru c\u00e2ini?<\/strong><\/h6>\n<p>Da, hamurile c\u0103ptu\u0219ite sunt mai bune pentru c\u00e2ini, deoarece ofer\u0103 confort suplimentar, reduc riscul de frecare \u0219i irita\u021bie \u0219i sunt benefice \u00een special pentru c\u00e2inii cu piele sensibil\u0103 sau cu blana sub\u021bire.<\/p>\n<h6><strong>Cum folosi\u021bi un ham de c\u00e2ine step-in?<\/strong><\/h6>\n<p>A\u0219eza\u021bi hamul pe sol, pune\u021bi c\u00e2inele s\u0103 p\u0103\u0219easc\u0103 \u00een deschiderile picioarelor, trage\u021bi hamul \u00een jurul corpului c\u00e2inelui \u0219i apoi fixa\u021bi catarama pe spatele c\u00e2inelui.<\/p>\n<h6><strong>Ce este un ham reglabil?<\/strong><\/h6>\n<p>Un ham reglabil este proiectat cu mai multe puncte \u00een care pute\u021bi ajusta curelele pentru a asigura o potrivire confortabil\u0103 \u0219i confortabil\u0103 pentru c\u00e2inele dvs., \u021bin\u00e2nd cont de schimb\u0103rile de dimensiune sau greutate.<\/p>\n<h6><strong>De ce s\u0103 folosi\u021bi un ham step-in?<\/strong><\/h6>\n<p>Folosi\u021bi un ham step-in pentru u\u0219urin\u021b\u0103 \u00een utilizare, \u00een special pentru c\u00e2inii calmi sau pentru cei care nu se simt confortabil cu hamurile care trec peste cap. De asemenea, acestea sunt excelente pentru a oferi un suport confortabil, f\u0103r\u0103 a pune presiune pe g\u00e2t.<\/p>\n<\/div>\n<\/div>\n<\/div>\n<\/div>\n<div class=\"mt-1 flex gap-3 empty:hidden -ml-2\">\n<div class=\"items-center justify-start rounded-xl p-1 flex\">\n<div class=\"flex items-center\">\n<p>&nbsp;<\/p>\n<div class=\"flex\"><\/div>\n<div class=\"flex items-center pb-0\">\n<div class=\"[&amp;_svg]:h-full [&amp;_svg]:w-full icon-md h-4 w-4\"><\/div>\n<p><span class=\"overflow-hidden text-clip whitespace-nowrap text-sm\">4<\/span><\/p>\n<\/div>\n<\/div>\n<\/div>\n<\/div>","protected":false},"excerpt":{"rendered":"<p>P\u0103\u0219i\u021bi \u00een siguran\u021b\u0103 cu hamul nostru reflectorizant ajustabil pentru c\u00e2ini Step In. Conceput pentru o montare u\u0219oar\u0103 \u0219i o vizibilitate sporit\u0103, acest ham are benzi reflectorizante luminoase care v\u0103 fac c\u00e2inele vizibil noaptea. Designul reglabil asigur\u0103 o potrivire perfect\u0103 pentru orice ras\u0103, promov\u00e2nd confortul \u0219i siguran\u021ba. U\u0219oar\u0103 \u0219i durabil\u0103, este ideal\u0103 pentru plimb\u0103rile de zi cu zi \u0219i v\u0103 asigur\u0103 c\u0103 animalul dvs. de companie este v\u0103zut \u00een condi\u021bii de luminozitate sc\u0103zut\u0103.<\/p>","protected":false},"featured_media":7691,"template":"","meta":[],"product_brand":[],"product_cat":[23],"product_tag":[],"class_list":{"0":"post-4645","1":"product","2":"type-product","3":"status-publish","4":"has-post-thumbnail","6":"product_cat-dog-harness","7":"pa_brand-qqpets","9":"first","10":"instock","11":"shipping-taxable","12":"product-type-simple"},"yoast_head":"<!-- This site is optimized with the Yoast SEO plugin v26.6 - https:\/\/yoast.com\/wordpress\/plugins\/seo\/ -->\n<title>Reflective Adjustable Step in Dog Harness | QQPETS<\/title>\n<meta name=\"description\" content=\"Keep your dog safe with our Reflective Adjustable Step In Harness. Perfect for night walks. Secure and stylish!\" \/>\n<meta name=\"robots\" content=\"index, follow, max-snippet:-1, max-image-preview:large, max-video-preview:-1\" \/>\n<link rel=\"canonical\" href=\"https:\/\/qqpets.com\/ro\/produs\/reflective-adjustable-step-in-dog-harness\/\" \/>\n<meta property=\"og:locale\" content=\"ro_RO\" \/>\n<meta property=\"og:type\" content=\"article\" \/>\n<meta property=\"og:title\" content=\"Reflective Adjustable Step in Dog Harness | QQPETS\" \/>\n<meta property=\"og:description\" content=\"Keep your dog safe with our Reflective Adjustable Step In Harness. Perfect for night walks. Secure and stylish!\" \/>\n<meta property=\"og:url\" content=\"https:\/\/qqpets.com\/ro\/produs\/reflective-adjustable-step-in-dog-harness\/\" \/>\n<meta property=\"og:site_name\" content=\"QQPETS\" \/>\n<meta property=\"article:publisher\" content=\"https:\/\/www.facebook.com\/QQpetsdogcollars\" \/>\n<meta property=\"article:modified_time\" content=\"2024-08-31T09:08:46+00:00\" \/>\n<meta property=\"og:image\" content=\"https:\/\/qqpets.com\/wp-content\/uploads\/2023\/09\/qqpets-tiktok.jpg\" \/>\n\t<meta property=\"og:image:width\" content=\"800\" \/>\n\t<meta property=\"og:image:height\" content=\"800\" \/>\n\t<meta property=\"og:image:type\" content=\"image\/jpeg\" \/>\n<meta name=\"twitter:card\" content=\"summary_large_image\" \/>\n<meta name=\"twitter:label1\" content=\"Timp estimat pentru citire\" \/>\n\t<meta name=\"twitter:data1\" content=\"3 minute\" \/>\n<script type=\"application\/ld+json\" class=\"yoast-schema-graph\">{\"@context\":\"https:\/\/schema.org\",\"@graph\":[{\"@type\":\"WebPage\",\"@id\":\"https:\/\/qqpets.com\/product\/reflective-adjustable-step-in-dog-harness\/\",\"url\":\"https:\/\/qqpets.com\/product\/reflective-adjustable-step-in-dog-harness\/\",\"name\":\"Reflective Adjustable Step in Dog Harness | QQPETS\",\"isPartOf\":{\"@id\":\"https:\/\/qqpets.com\/#website\"},\"primaryImageOfPage\":{\"@id\":\"https:\/\/qqpets.com\/product\/reflective-adjustable-step-in-dog-harness\/#primaryimage\"},\"image\":{\"@id\":\"https:\/\/qqpets.com\/product\/reflective-adjustable-step-in-dog-harness\/#primaryimage\"},\"thumbnailUrl\":\"https:\/\/qqpets.com\/wp-content\/uploads\/2024\/08\/3.avif\",\"datePublished\":\"2024-08-30T08:59:56+00:00\",\"dateModified\":\"2024-08-31T09:08:46+00:00\",\"description\":\"Keep your dog safe with our Reflective Adjustable Step In Harness. Perfect for night walks. Secure and stylish!\",\"breadcrumb\":{\"@id\":\"https:\/\/qqpets.com\/product\/reflective-adjustable-step-in-dog-harness\/#breadcrumb\"},\"inLanguage\":\"ro-RO\",\"potentialAction\":[{\"@type\":\"ReadAction\",\"target\":[\"https:\/\/qqpets.com\/product\/reflective-adjustable-step-in-dog-harness\/\"]}]},{\"@type\":\"ImageObject\",\"inLanguage\":\"ro-RO\",\"@id\":\"https:\/\/qqpets.com\/product\/reflective-adjustable-step-in-dog-harness\/#primaryimage\",\"url\":\"https:\/\/qqpets.com\/wp-content\/uploads\/2024\/08\/3.avif\",\"contentUrl\":\"https:\/\/qqpets.com\/wp-content\/uploads\/2024\/08\/3.avif\",\"width\":800,\"height\":800},{\"@type\":\"BreadcrumbList\",\"@id\":\"https:\/\/qqpets.com\/product\/reflective-adjustable-step-in-dog-harness\/#breadcrumb\",\"itemListElement\":[{\"@type\":\"ListItem\",\"position\":1,\"name\":\"Home\",\"item\":\"https:\/\/qqpets.com\/\"},{\"@type\":\"ListItem\",\"position\":2,\"name\":\"Products\",\"item\":\"https:\/\/qqpets.com\/pet-products-manufacturer\/\"},{\"@type\":\"ListItem\",\"position\":3,\"name\":\"Reflective Adjustable Step in Dog Harness\"}]},{\"@type\":\"WebSite\",\"@id\":\"https:\/\/qqpets.com\/#website\",\"url\":\"https:\/\/qqpets.com\/\",\"name\":\"QQPETS\",\"description\":\"QQPETS is a pet products factory for dog harnesses, dog collars, dog leashes and dog accessories with professional customized service since 2005.\",\"publisher\":{\"@id\":\"https:\/\/qqpets.com\/#organization\"},\"potentialAction\":[{\"@type\":\"SearchAction\",\"target\":{\"@type\":\"EntryPoint\",\"urlTemplate\":\"https:\/\/qqpets.com\/?s={search_term_string}\"},\"query-input\":{\"@type\":\"PropertyValueSpecification\",\"valueRequired\":true,\"valueName\":\"search_term_string\"}}],\"inLanguage\":\"ro-RO\"},{\"@type\":\"Organization\",\"@id\":\"https:\/\/qqpets.com\/#organization\",\"name\":\"QQPETS\",\"url\":\"https:\/\/qqpets.com\/\",\"logo\":{\"@type\":\"ImageObject\",\"inLanguage\":\"ro-RO\",\"@id\":\"https:\/\/qqpets.com\/#\/schema\/logo\/image\/\",\"url\":\"https:\/\/qqpets.com\/wp-content\/uploads\/2023\/09\/cropped-cropped-qqpets-tiktok.jpg\",\"contentUrl\":\"https:\/\/qqpets.com\/wp-content\/uploads\/2023\/09\/cropped-cropped-qqpets-tiktok.jpg\",\"width\":511,\"height\":511,\"caption\":\"QQPETS\"},\"image\":{\"@id\":\"https:\/\/qqpets.com\/#\/schema\/logo\/image\/\"},\"sameAs\":[\"https:\/\/www.facebook.com\/QQpetsdogcollars\",\"https:\/\/www.instagram.com\/qqpetscollar\/\",\"https:\/\/www.pinterest.com\/qqpetsdogcollarsfactory\/\"]}]}<\/script>\n<!-- \/ Yoast SEO plugin. -->","yoast_head_json":{"title":"Reflectorizant pas reglabil \u00een ham c\u00e2ine | QQPETS","description":"P\u0103stra\u021bi-v\u0103 c\u00e2inele \u00een siguran\u021b\u0103 cu hamul nostru reflectorizant ajustabil Step In. Perfect pentru plimb\u0103rile nocturne. Sigur \u0219i elegant!","robots":{"index":"index","follow":"follow","max-snippet":"max-snippet:-1","max-image-preview":"max-image-preview:large","max-video-preview":"max-video-preview:-1"},"canonical":"https:\/\/qqpets.com\/ro\/produs\/reflective-adjustable-step-in-dog-harness\/","og_locale":"ro_RO","og_type":"article","og_title":"Reflective Adjustable Step in Dog Harness | QQPETS","og_description":"Keep your dog safe with our Reflective Adjustable Step In Harness. Perfect for night walks. Secure and stylish!","og_url":"https:\/\/qqpets.com\/ro\/produs\/reflective-adjustable-step-in-dog-harness\/","og_site_name":"QQPETS","article_publisher":"https:\/\/www.facebook.com\/QQpetsdogcollars","article_modified_time":"2024-08-31T09:08:46+00:00","og_image":[{"width":800,"height":800,"url":"https:\/\/qqpets.com\/wp-content\/uploads\/2023\/09\/qqpets-tiktok.jpg","type":"image\/jpeg"}],"twitter_card":"summary_large_image","twitter_misc":{"Timp estimat pentru citire":"3 minute"},"schema":{"@context":"https:\/\/schema.org","@graph":[{"@type":"WebPage","@id":"https:\/\/qqpets.com\/product\/reflective-adjustable-step-in-dog-harness\/","url":"https:\/\/qqpets.com\/product\/reflective-adjustable-step-in-dog-harness\/","name":"Reflectorizant pas reglabil \u00een ham c\u00e2ine | QQPETS","isPartOf":{"@id":"https:\/\/qqpets.com\/#website"},"primaryImageOfPage":{"@id":"https:\/\/qqpets.com\/product\/reflective-adjustable-step-in-dog-harness\/#primaryimage"},"image":{"@id":"https:\/\/qqpets.com\/product\/reflective-adjustable-step-in-dog-harness\/#primaryimage"},"thumbnailUrl":"https:\/\/qqpets.com\/wp-content\/uploads\/2024\/08\/3.avif","datePublished":"2024-08-30T08:59:56+00:00","dateModified":"2024-08-31T09:08:46+00:00","description":"P\u0103stra\u021bi-v\u0103 c\u00e2inele \u00een siguran\u021b\u0103 cu hamul nostru reflectorizant ajustabil Step In. Perfect pentru plimb\u0103rile nocturne. Sigur \u0219i elegant!","breadcrumb":{"@id":"https:\/\/qqpets.com\/product\/reflective-adjustable-step-in-dog-harness\/#breadcrumb"},"inLanguage":"ro-RO","potentialAction":[{"@type":"ReadAction","target":["https:\/\/qqpets.com\/product\/reflective-adjustable-step-in-dog-harness\/"]}]},{"@type":"ImageObject","inLanguage":"ro-RO","@id":"https:\/\/qqpets.com\/product\/reflective-adjustable-step-in-dog-harness\/#primaryimage","url":"https:\/\/qqpets.com\/wp-content\/uploads\/2024\/08\/3.avif","contentUrl":"https:\/\/qqpets.com\/wp-content\/uploads\/2024\/08\/3.avif","width":800,"height":800},{"@type":"BreadcrumbList","@id":"https:\/\/qqpets.com\/product\/reflective-adjustable-step-in-dog-harness\/#breadcrumb","itemListElement":[{"@type":"ListItem","position":1,"name":"Home","item":"https:\/\/qqpets.com\/"},{"@type":"ListItem","position":2,"name":"Products","item":"https:\/\/qqpets.com\/pet-products-manufacturer\/"},{"@type":"ListItem","position":3,"name":"Reflective Adjustable Step in Dog Harness"}]},{"@type":"WebSite","@id":"https:\/\/qqpets.com\/#website","url":"https:\/\/qqpets.com\/","name":"QQPETS","description":"QQPETS este o fabric\u0103 de produse pentru animale de companie pentru hamuri pentru c\u00e2ini, gulere pentru c\u00e2ini, lese pentru c\u00e2ini \u0219i accesorii pentru c\u00e2ini cu servicii profesionale personalizate din 2005.","publisher":{"@id":"https:\/\/qqpets.com\/#organization"},"potentialAction":[{"@type":"SearchAction","target":{"@type":"EntryPoint","urlTemplate":"https:\/\/qqpets.com\/?s={search_term_string}"},"query-input":{"@type":"PropertyValueSpecification","valueRequired":true,"valueName":"search_term_string"}}],"inLanguage":"ro-RO"},{"@type":"Organization","@id":"https:\/\/qqpets.com\/#organization","name":"QQPETS","url":"https:\/\/qqpets.com\/","logo":{"@type":"ImageObject","inLanguage":"ro-RO","@id":"https:\/\/qqpets.com\/#\/schema\/logo\/image\/","url":"https:\/\/qqpets.com\/wp-content\/uploads\/2023\/09\/cropped-cropped-qqpets-tiktok.jpg","contentUrl":"https:\/\/qqpets.com\/wp-content\/uploads\/2023\/09\/cropped-cropped-qqpets-tiktok.jpg","width":511,"height":511,"caption":"QQPETS"},"image":{"@id":"https:\/\/qqpets.com\/#\/schema\/logo\/image\/"},"sameAs":["https:\/\/www.facebook.com\/QQpetsdogcollars","https:\/\/www.instagram.com\/qqpetscollar\/","https:\/\/www.pinterest.com\/qqpetsdogcollarsfactory\/"]}]}},"_links":{"self":[{"href":"https:\/\/qqpets.com\/ro\/wp-json\/wp\/v2\/product\/4645","targetHints":{"allow":["GET"]}}],"collection":[{"href":"https:\/\/qqpets.com\/ro\/wp-json\/wp\/v2\/product"}],"about":[{"href":"https:\/\/qqpets.com\/ro\/wp-json\/wp\/v2\/types\/product"}],"wp:featuredmedia":[{"embeddable":true,"href":"https:\/\/qqpets.com\/ro\/wp-json\/wp\/v2\/media\/7691"}],"wp:attachment":[{"href":"https:\/\/qqpets.com\/ro\/wp-json\/wp\/v2\/media?parent=4645"}],"wp:term":[{"taxonomy":"product_brand","embeddable":true,"href":"https:\/\/qqpets.com\/ro\/wp-json\/wp\/v2\/product_brand?post=4645"},{"taxonomy":"product_cat","embeddable":true,"href":"https:\/\/qqpets.com\/ro\/wp-json\/wp\/v2\/product_cat?post=4645"},{"taxonomy":"product_tag","embeddable":true,"href":"https:\/\/qqpets.com\/ro\/wp-json\/wp\/v2\/product_tag?post=4645"}],"curies":[{"name":"wp","href":"https:\/\/api.w.org\/{rel}","templated":true}]}}