{"id":4950,"date":"2024-03-14T10:00:15","date_gmt":"2024-03-14T02:00:15","guid":{"rendered":"https:\/\/qqpets.com\/?post_type=product&#038;p=4950"},"modified":"2024-11-11T15:15:16","modified_gmt":"2024-11-11T07:15:16","slug":"hands-free-no-pull-dog-leash","status":"publish","type":"product","link":"https:\/\/qqpets.com\/ro\/produs\/hands-free-no-pull-dog-leash\/","title":{"rendered":"M\u00e2ini libere f\u0103r\u0103 les\u0103 pentru c\u00e2ini"},"content":{"rendered":"<p>\u00cembun\u0103t\u0103\u021bi\u021bi siguran\u021ba animalului dvs. de companie \u0219i confortul dvs. cu lesa noastr\u0103 inovatoare Hands Free Dog Leash for Walking and Running, cu o centur\u0103 de siguran\u021b\u0103 integrat\u0103 pentru scaunul ma\u0219inii \u0219i un Bungee care absoarbe \u0219ocurile. Aceast\u0103 les\u0103 multifunc\u021bional\u0103 v\u0103 permite s\u0103 men\u021bine\u021bi un stil de via\u021b\u0103 activ, asigur\u00e2nd \u00een acela\u0219i timp securitatea \u0219i confortul animalului dvs. de companie \u00een timpul oric\u0103rei activit\u0103\u021bi - fie c\u0103 alerga\u021bi \u00een parc sau conduce\u021bi spre urm\u0103toarea aventur\u0103.<\/p>\n<p>Caracteristica cheie a acestei lese este elasticitatea sa, datorit\u0103 bungee-ului de absorb\u021bie a \u0219ocurilor care previne smuciturile \u0219i tragerea, reduc\u00e2nd tensiunea at\u00e2t asupra animalului dvs. de companie, c\u00e2t \u0219i asupra dvs. Trece f\u0103r\u0103 probleme de la un accesoriu pentru plimbare \u0219i alergare la o centur\u0103 de siguran\u021b\u0103 pentru ma\u0219in\u0103, ancor\u00e2ndu-v\u0103 animalul de companie \u00een siguran\u021b\u0103 \u00een timpul plimb\u0103rilor \u0219i reduc\u00e2nd distragerile pentru un condus mai sigur.<\/p>\n<p>Conceput\u0103 din considerente practice, lesa noastr\u0103 are o centur\u0103 de talie f\u0103r\u0103 m\u00e2ini care se ajusteaz\u0103 pentru a se potrivi unei game largi de dimensiuni, permi\u021b\u00e2ndu-v\u0103 s\u0103 alerga\u021bi, s\u0103 v\u0103 plimba\u021bi sau s\u0103 v\u0103 mi\u0219ca\u021bi liber f\u0103r\u0103 a fi nevoit s\u0103 v\u0103 \u021bine\u021bi de les\u0103. Cus\u0103turile reflectorizante de pe les\u0103 asigur\u0103 o vizibilitate ridicat\u0103 \u00een condi\u021bii de lumin\u0103 slab\u0103, sporind siguran\u021ba \u00een timpul plimb\u0103rilor de diminea\u021b\u0103 devreme sau seara.<\/p>\n<p>Construit\u0103 din materiale robuste, rezistente la intemperii, lesa rezist\u0103 at\u00e2t rigorilor utiliz\u0103rii \u00een aer liber, c\u00e2t \u0219i deplas\u0103rilor zilnice. Compatibilitatea sa universal\u0103 cu majoritatea sistemelor de centuri de siguran\u021b\u0103 ale vehiculelor face ca instalarea s\u0103 fie rapid\u0103 \u0219i f\u0103r\u0103 complica\u021bii, asigur\u00e2ndu-v\u0103 c\u0103 sunte\u021bi gata de plecare \u00een cel mai scurt timp.<\/p>\n<p>Fie c\u0103 sunte\u021bi un alerg\u0103tor avid, un navetist zilnic sau o persoan\u0103 care iube\u0219te drume\u021biile lungi cu c\u00e2inele dvs., lesa noastr\u0103 pentru c\u00e2ini cu m\u00e2ini libere, cu centur\u0103 de siguran\u021b\u0103 pentru ma\u0219in\u0103 \u0219i elastic de absorb\u021bie a \u0219ocurilor este alegerea perfect\u0103 pentru proprietarii de animale de companie preocupa\u021bi de siguran\u021b\u0103 care refuz\u0103 s\u0103 compromit\u0103 func\u021bionalitatea \u0219i stilul.<\/p>\n<h6><strong>Sunt lesele bungee bune pentru c\u00e2ini?<\/strong><\/h6>\n<p>Lesele Bungee pot fi bune pentru c\u00e2ini, deoarece reduc \u0219ocul provocat de mi\u0219c\u0103rile bru\u0219te \u0219i de trac\u021biune, f\u0103c\u00e2nd plimb\u0103rile mai confortabile at\u00e2t pentru c\u00e2ine, c\u00e2t \u0219i pentru st\u0103p\u00e2n. Cu toate acestea, acestea ar putea s\u0103 nu fie potrivite pentru c\u00e2inii foarte puternici sau reactivi, deoarece elasticitatea ar putea \u00eencuraja tragerea.<\/p>\n<h6><strong>Cum se folose\u0219te o les\u0103 bungee pentru c\u00e2ini?<\/strong><\/h6>\n<p>Ata\u0219a\u021bi clema lesei bungee la hamul sau zgarda c\u00e2inelui dvs. \u021aine\u021bi m\u00e2nerul ferm, permi\u021b\u00e2nd por\u021biunii bungee s\u0103 absoarb\u0103 \u0219ocurile \u0219i tragerile \u00een timpul plimb\u0103rii. Este deosebit de util\u0103 pentru jogging sau drume\u021bii, unde s-ar putea s\u0103 v\u0103 confrunta\u021bi cu trac\u021biuni bru\u0219te.<\/p>\n<h6><strong>Ce lungime de les\u0103 pentru alergat cu c\u00e2inele?<\/strong><\/h6>\n<p>O les\u0103 cu o lungime de 4 p\u00e2n\u0103 la 6 picioare este de obicei recomandat\u0103 pentru alergare, deoarece ofer\u0103 suficient spa\u021biu pentru o lungime confortabil\u0103 a pasului, dar este suficient de scurt\u0103 pentru a men\u021bine controlul asupra c\u00e2inelui dumneavoastr\u0103.<\/p>\n<h6><strong>Lesele bungee nu mai trag?<\/strong><\/h6>\n<p>Nu, lesele bungee nu opresc tragerea. Ele pot reduce impactul tragerii datorit\u0103 naturii lor elastice, dar nu descurajeaz\u0103 comportamentul \u00een sine.<\/p>\n<h6><strong>Ce les\u0103 este cea mai bun\u0103 pentru un c\u00e2ine care trage?<\/strong><\/h6>\n<p>Pentru un c\u00e2ine care trage, cel mai bun lucru este un ham f\u0103r\u0103 trac\u021biune, asociat cu o les\u0103 puternic\u0103, neelastic\u0103. Harna\u0219amentul va descuraja tragerea prin redirec\u021bionarea c\u00e2inelui \u00eenapoi spre dumneavoastr\u0103, \u00een timp ce lesa stabil\u0103 ofer\u0103 control f\u0103r\u0103 a \u00eencuraja tragerea prin \u00eentindere.<\/p>","protected":false},"excerpt":{"rendered":"<p>Transforma\u021bi-v\u0103 ie\u0219irile cu lesa noastr\u0103 Hands Free Dog Leash, echipat\u0103 cu o centur\u0103 de siguran\u021b\u0103 pentru scaunul ma\u0219inii \u0219i bungee care absoarbe \u0219ocurile. Ideal\u0103 pentru plimbare, alergare sau condus, asigur\u0103 siguran\u021ba animalului dvs. de companie, oferind \u00een acela\u0219i timp libertate de mi\u0219care. Lesa reglabil\u0103 \u0219i reflectorizant\u0103 spore\u0219te vizibilitatea \u0219i flexibilitatea, fiind perfect\u0103 pentru utilizare pe timp de zi sau de noapte. Fabricat\u0103 din materiale durabile, de \u00eenalt\u0103 calitate, este conceput\u0103 pentru proprietarul activ de animale de companie care caut\u0103 comoditate f\u0103r\u0103 a compromite siguran\u021ba. U\u0219or de utilizat \u0219i universal compatibil\u0103 cu majoritatea vehiculelor, aceast\u0103 les\u0103 face ca fiecare c\u0103l\u0103torie cu animalul dvs. de companie s\u0103 fie u\u0219oar\u0103.<\/p>","protected":false},"featured_media":4951,"template":"","meta":[],"product_brand":[],"product_cat":[27],"product_tag":[],"class_list":{"0":"post-4950","1":"product","2":"type-product","3":"status-publish","4":"has-post-thumbnail","6":"product_cat-dog-leash","7":"pa_brand-qqpets","9":"first","10":"instock","11":"shipping-taxable","12":"product-type-simple"},"yoast_head":"<!-- This site is optimized with the Yoast SEO plugin v26.6 - https:\/\/yoast.com\/wordpress\/plugins\/seo\/ -->\n<title>Hands Free No Pull Dog Leash | QQPETS<\/title>\n<meta name=\"description\" content=\"Shop our Hands Free Dog Leash with Car Seat Belt for safe, shock-absorbing walks and runs. Perfect for active pet owners!\" \/>\n<meta name=\"robots\" content=\"index, follow, max-snippet:-1, max-image-preview:large, max-video-preview:-1\" \/>\n<link rel=\"canonical\" href=\"https:\/\/qqpets.com\/ro\/produs\/hands-free-no-pull-dog-leash\/\" \/>\n<meta property=\"og:locale\" content=\"ro_RO\" \/>\n<meta property=\"og:type\" content=\"article\" \/>\n<meta property=\"og:title\" content=\"Hands Free No Pull Dog Leash | QQPETS\" \/>\n<meta property=\"og:description\" content=\"Shop our Hands Free Dog Leash with Car Seat Belt for safe, shock-absorbing walks and runs. Perfect for active pet owners!\" \/>\n<meta property=\"og:url\" content=\"https:\/\/qqpets.com\/ro\/produs\/hands-free-no-pull-dog-leash\/\" \/>\n<meta property=\"og:site_name\" content=\"QQPETS\" \/>\n<meta property=\"article:publisher\" content=\"https:\/\/www.facebook.com\/QQpetsdogcollars\" \/>\n<meta property=\"article:modified_time\" content=\"2024-11-11T07:15:16+00:00\" \/>\n<meta property=\"og:image\" content=\"https:\/\/qqpets.com\/wp-content\/uploads\/2024\/03\/1.webp\" \/>\n\t<meta property=\"og:image:width\" content=\"1000\" \/>\n\t<meta property=\"og:image:height\" content=\"1000\" \/>\n\t<meta property=\"og:image:type\" content=\"image\/webp\" \/>\n<meta name=\"twitter:card\" content=\"summary_large_image\" \/>\n<meta name=\"twitter:label1\" content=\"Timp estimat pentru citire\" \/>\n\t<meta name=\"twitter:data1\" content=\"3 minute\" \/>\n<script type=\"application\/ld+json\" class=\"yoast-schema-graph\">{\"@context\":\"https:\/\/schema.org\",\"@graph\":[{\"@type\":\"WebPage\",\"@id\":\"https:\/\/qqpets.com\/product\/hands-free-no-pull-dog-leash\/\",\"url\":\"https:\/\/qqpets.com\/product\/hands-free-no-pull-dog-leash\/\",\"name\":\"Hands Free No Pull Dog Leash | QQPETS\",\"isPartOf\":{\"@id\":\"https:\/\/qqpets.com\/#website\"},\"primaryImageOfPage\":{\"@id\":\"https:\/\/qqpets.com\/product\/hands-free-no-pull-dog-leash\/#primaryimage\"},\"image\":{\"@id\":\"https:\/\/qqpets.com\/product\/hands-free-no-pull-dog-leash\/#primaryimage\"},\"thumbnailUrl\":\"https:\/\/qqpets.com\/wp-content\/uploads\/2024\/03\/1.webp\",\"datePublished\":\"2024-03-14T02:00:15+00:00\",\"dateModified\":\"2024-11-11T07:15:16+00:00\",\"description\":\"Shop our Hands Free Dog Leash with Car Seat Belt for safe, shock-absorbing walks and runs. Perfect for active pet owners!\",\"breadcrumb\":{\"@id\":\"https:\/\/qqpets.com\/product\/hands-free-no-pull-dog-leash\/#breadcrumb\"},\"inLanguage\":\"ro-RO\",\"potentialAction\":[{\"@type\":\"ReadAction\",\"target\":[\"https:\/\/qqpets.com\/product\/hands-free-no-pull-dog-leash\/\"]}]},{\"@type\":\"ImageObject\",\"inLanguage\":\"ro-RO\",\"@id\":\"https:\/\/qqpets.com\/product\/hands-free-no-pull-dog-leash\/#primaryimage\",\"url\":\"https:\/\/qqpets.com\/wp-content\/uploads\/2024\/03\/1.webp\",\"contentUrl\":\"https:\/\/qqpets.com\/wp-content\/uploads\/2024\/03\/1.webp\",\"width\":1000,\"height\":1000,\"caption\":\"car sear belt bungee dog leash\"},{\"@type\":\"BreadcrumbList\",\"@id\":\"https:\/\/qqpets.com\/product\/hands-free-no-pull-dog-leash\/#breadcrumb\",\"itemListElement\":[{\"@type\":\"ListItem\",\"position\":1,\"name\":\"Home\",\"item\":\"https:\/\/qqpets.com\/\"},{\"@type\":\"ListItem\",\"position\":2,\"name\":\"Products\",\"item\":\"https:\/\/qqpets.com\/pet-products-manufacturer\/\"},{\"@type\":\"ListItem\",\"position\":3,\"name\":\"Hands Free No Pull Dog Leash\"}]},{\"@type\":\"WebSite\",\"@id\":\"https:\/\/qqpets.com\/#website\",\"url\":\"https:\/\/qqpets.com\/\",\"name\":\"QQPETS\",\"description\":\"QQPETS is a pet products factory for dog harnesses, dog collars, dog leashes and dog accessories with professional customized service since 2005.\",\"publisher\":{\"@id\":\"https:\/\/qqpets.com\/#organization\"},\"potentialAction\":[{\"@type\":\"SearchAction\",\"target\":{\"@type\":\"EntryPoint\",\"urlTemplate\":\"https:\/\/qqpets.com\/?s={search_term_string}\"},\"query-input\":{\"@type\":\"PropertyValueSpecification\",\"valueRequired\":true,\"valueName\":\"search_term_string\"}}],\"inLanguage\":\"ro-RO\"},{\"@type\":\"Organization\",\"@id\":\"https:\/\/qqpets.com\/#organization\",\"name\":\"QQPETS\",\"url\":\"https:\/\/qqpets.com\/\",\"logo\":{\"@type\":\"ImageObject\",\"inLanguage\":\"ro-RO\",\"@id\":\"https:\/\/qqpets.com\/#\/schema\/logo\/image\/\",\"url\":\"https:\/\/qqpets.com\/wp-content\/uploads\/2023\/09\/cropped-cropped-qqpets-tiktok.jpg\",\"contentUrl\":\"https:\/\/qqpets.com\/wp-content\/uploads\/2023\/09\/cropped-cropped-qqpets-tiktok.jpg\",\"width\":511,\"height\":511,\"caption\":\"QQPETS\"},\"image\":{\"@id\":\"https:\/\/qqpets.com\/#\/schema\/logo\/image\/\"},\"sameAs\":[\"https:\/\/www.facebook.com\/QQpetsdogcollars\",\"https:\/\/www.instagram.com\/qqpetscollar\/\",\"https:\/\/www.pinterest.com\/qqpetsdogcollarsfactory\/\"]}]}<\/script>\n<!-- \/ Yoast SEO plugin. -->","yoast_head_json":{"title":"M\u00e2ini libere Nu trage les\u0103 pentru c\u00e2ini | QQPETS","description":"Cump\u0103ra\u021bi lesa noastr\u0103 Hands Free Dog Leash cu centur\u0103 pentru scaunul ma\u0219inii pentru plimb\u0103ri \u0219i alerg\u0103ri sigure, care absorb \u0219ocurile. Perfect\u0103 pentru proprietarii activi de animale!","robots":{"index":"index","follow":"follow","max-snippet":"max-snippet:-1","max-image-preview":"max-image-preview:large","max-video-preview":"max-video-preview:-1"},"canonical":"https:\/\/qqpets.com\/ro\/produs\/hands-free-no-pull-dog-leash\/","og_locale":"ro_RO","og_type":"article","og_title":"Hands Free No Pull Dog Leash | QQPETS","og_description":"Shop our Hands Free Dog Leash with Car Seat Belt for safe, shock-absorbing walks and runs. Perfect for active pet owners!","og_url":"https:\/\/qqpets.com\/ro\/produs\/hands-free-no-pull-dog-leash\/","og_site_name":"QQPETS","article_publisher":"https:\/\/www.facebook.com\/QQpetsdogcollars","article_modified_time":"2024-11-11T07:15:16+00:00","og_image":[{"width":1000,"height":1000,"url":"https:\/\/qqpets.com\/wp-content\/uploads\/2024\/03\/1.webp","type":"image\/webp"}],"twitter_card":"summary_large_image","twitter_misc":{"Timp estimat pentru citire":"3 minute"},"schema":{"@context":"https:\/\/schema.org","@graph":[{"@type":"WebPage","@id":"https:\/\/qqpets.com\/product\/hands-free-no-pull-dog-leash\/","url":"https:\/\/qqpets.com\/product\/hands-free-no-pull-dog-leash\/","name":"M\u00e2ini libere Nu trage les\u0103 pentru c\u00e2ini | QQPETS","isPartOf":{"@id":"https:\/\/qqpets.com\/#website"},"primaryImageOfPage":{"@id":"https:\/\/qqpets.com\/product\/hands-free-no-pull-dog-leash\/#primaryimage"},"image":{"@id":"https:\/\/qqpets.com\/product\/hands-free-no-pull-dog-leash\/#primaryimage"},"thumbnailUrl":"https:\/\/qqpets.com\/wp-content\/uploads\/2024\/03\/1.webp","datePublished":"2024-03-14T02:00:15+00:00","dateModified":"2024-11-11T07:15:16+00:00","description":"Cump\u0103ra\u021bi lesa noastr\u0103 Hands Free Dog Leash cu centur\u0103 pentru scaunul ma\u0219inii pentru plimb\u0103ri \u0219i alerg\u0103ri sigure, care absorb \u0219ocurile. Perfect\u0103 pentru proprietarii activi de animale!","breadcrumb":{"@id":"https:\/\/qqpets.com\/product\/hands-free-no-pull-dog-leash\/#breadcrumb"},"inLanguage":"ro-RO","potentialAction":[{"@type":"ReadAction","target":["https:\/\/qqpets.com\/product\/hands-free-no-pull-dog-leash\/"]}]},{"@type":"ImageObject","inLanguage":"ro-RO","@id":"https:\/\/qqpets.com\/product\/hands-free-no-pull-dog-leash\/#primaryimage","url":"https:\/\/qqpets.com\/wp-content\/uploads\/2024\/03\/1.webp","contentUrl":"https:\/\/qqpets.com\/wp-content\/uploads\/2024\/03\/1.webp","width":1000,"height":1000,"caption":"car sear belt bungee dog leash"},{"@type":"BreadcrumbList","@id":"https:\/\/qqpets.com\/product\/hands-free-no-pull-dog-leash\/#breadcrumb","itemListElement":[{"@type":"ListItem","position":1,"name":"Home","item":"https:\/\/qqpets.com\/"},{"@type":"ListItem","position":2,"name":"Products","item":"https:\/\/qqpets.com\/pet-products-manufacturer\/"},{"@type":"ListItem","position":3,"name":"Hands Free No Pull Dog Leash"}]},{"@type":"WebSite","@id":"https:\/\/qqpets.com\/#website","url":"https:\/\/qqpets.com\/","name":"QQPETS","description":"QQPETS este o fabric\u0103 de produse pentru animale de companie pentru hamuri pentru c\u00e2ini, gulere pentru c\u00e2ini, lese pentru c\u00e2ini \u0219i accesorii pentru c\u00e2ini cu servicii profesionale personalizate din 2005.","publisher":{"@id":"https:\/\/qqpets.com\/#organization"},"potentialAction":[{"@type":"SearchAction","target":{"@type":"EntryPoint","urlTemplate":"https:\/\/qqpets.com\/?s={search_term_string}"},"query-input":{"@type":"PropertyValueSpecification","valueRequired":true,"valueName":"search_term_string"}}],"inLanguage":"ro-RO"},{"@type":"Organization","@id":"https:\/\/qqpets.com\/#organization","name":"QQPETS","url":"https:\/\/qqpets.com\/","logo":{"@type":"ImageObject","inLanguage":"ro-RO","@id":"https:\/\/qqpets.com\/#\/schema\/logo\/image\/","url":"https:\/\/qqpets.com\/wp-content\/uploads\/2023\/09\/cropped-cropped-qqpets-tiktok.jpg","contentUrl":"https:\/\/qqpets.com\/wp-content\/uploads\/2023\/09\/cropped-cropped-qqpets-tiktok.jpg","width":511,"height":511,"caption":"QQPETS"},"image":{"@id":"https:\/\/qqpets.com\/#\/schema\/logo\/image\/"},"sameAs":["https:\/\/www.facebook.com\/QQpetsdogcollars","https:\/\/www.instagram.com\/qqpetscollar\/","https:\/\/www.pinterest.com\/qqpetsdogcollarsfactory\/"]}]}},"_links":{"self":[{"href":"https:\/\/qqpets.com\/ro\/wp-json\/wp\/v2\/product\/4950","targetHints":{"allow":["GET"]}}],"collection":[{"href":"https:\/\/qqpets.com\/ro\/wp-json\/wp\/v2\/product"}],"about":[{"href":"https:\/\/qqpets.com\/ro\/wp-json\/wp\/v2\/types\/product"}],"wp:featuredmedia":[{"embeddable":true,"href":"https:\/\/qqpets.com\/ro\/wp-json\/wp\/v2\/media\/4951"}],"wp:attachment":[{"href":"https:\/\/qqpets.com\/ro\/wp-json\/wp\/v2\/media?parent=4950"}],"wp:term":[{"taxonomy":"product_brand","embeddable":true,"href":"https:\/\/qqpets.com\/ro\/wp-json\/wp\/v2\/product_brand?post=4950"},{"taxonomy":"product_cat","embeddable":true,"href":"https:\/\/qqpets.com\/ro\/wp-json\/wp\/v2\/product_cat?post=4950"},{"taxonomy":"product_tag","embeddable":true,"href":"https:\/\/qqpets.com\/ro\/wp-json\/wp\/v2\/product_tag?post=4950"}],"curies":[{"name":"wp","href":"https:\/\/api.w.org\/{rel}","templated":true}]}}