{"id":7618,"date":"2024-08-30T17:15:21","date_gmt":"2024-08-30T09:15:21","guid":{"rendered":"https:\/\/qqpets.com\/?post_type=product&#038;p=7618"},"modified":"2024-08-30T17:26:32","modified_gmt":"2024-08-30T09:26:32","slug":"led-dog-harness","status":"publish","type":"product","link":"https:\/\/qqpets.com\/ro\/produs\/led-dog-harness\/","title":{"rendered":"LED Dog Harness"},"content":{"rendered":"<p>Cre\u0219te\u021bi siguran\u021ba plimb\u0103rilor dvs. de sear\u0103 cu zgarda noastr\u0103 LED pentru c\u00e2ini, special conceput\u0103 pentru a spori vizibilitatea animalului dvs. de companie \u00een condi\u021bii de lumin\u0103 sc\u0103zut\u0103. Aceast\u0103 zgard\u0103 este prev\u0103zut\u0103 cu LED-uri de \u00eenalt\u0103 intensitate care fac c\u00e2inele dvs. vizibil de la o distan\u021b\u0103 considerabil\u0103, ad\u0103ug\u00e2nd un nivel esen\u021bial de siguran\u021b\u0103 la ie\u0219irile dvs. nocturne.<\/p>\n<p>Confec\u021bionat\u0103 cu materiale durabile de \u00eenalt\u0103 calitate, zgarda este perfect\u0103 pentru condi\u021bii uscate \u0219i utilizare regulat\u0103. Are un design reglabil pentru a asigura o potrivire str\u00e2ns\u0103 \u0219i confortabil\u0103 pentru c\u00e2inii de orice dimensiune. Bateria re\u00eenc\u0103rcabil\u0103 asigur\u0103 mai multe ore de iluminare \u0219i este u\u0219or de \u00eenc\u0103rcat prin USB, oferind confort \u0219i fiabilitate.<\/p>\n<p>Pute\u021bi selecta din mai multe moduri de iluminare, inclusiv intermiten\u021b\u0103 constant\u0103, intermiten\u021b\u0103 lent\u0103 \u0219i intermiten\u021b\u0103 rapid\u0103, permi\u021b\u00e2ndu-v\u0103 s\u0103 personaliza\u021bi vizibilitatea \u00een func\u021bie de nevoile specifice ale mediului.<\/p>\n<p>Colierul nostru LED pentru c\u00e2ini este o alegere excelent\u0103 pentru cei care doresc s\u0103 \u00ee\u0219i \u021bin\u0103 animalele de companie \u00een siguran\u021b\u0103 \u00een timpul orelor \u00eentunecate, f\u0103r\u0103 a compromite stilul. Este deosebit de potrivit\u0103 pentru zonele \u00een care umiditatea \u0219i apa nu sunt o preocupare, asigur\u00e2ndu-se c\u0103 animalul dvs. de companie r\u0103m\u00e2ne \u00een centrul aten\u021biei \u0219i \u00een siguran\u021b\u0103 \u00een c\u0103l\u0103toriile dvs. de sear\u0103.<\/p>\n<h3><strong>Colierele LED sunt sigure pentru c\u00e2ini?<\/strong><\/h3>\n<p>Da, zg\u0103rzile LED sunt sigure pentru c\u00e2ini. Acestea sunt concepute pentru a spori vizibilitatea \u0219i siguran\u021ba \u00een timpul plimb\u0103rilor nocturne, f\u0103r\u0103 a provoca disconfort sau v\u0103t\u0103mare c\u00e2inelui.<\/p>\n<h3><strong>Cum func\u021bioneaz\u0103 o zgard\u0103 LED pentru c\u00e2ini?<\/strong><\/h3>\n<p>O zgard\u0103 LED pentru c\u00e2ini func\u021bioneaz\u0103 prin \u00eencorporarea unor diode emi\u021b\u0103toare de lumin\u0103 (LED) \u00een \u021bes\u0103tura zgardei sau ca o band\u0103 ata\u0219at\u0103, alimentat\u0103 de baterii mici, f\u0103c\u00e2nd zgarda s\u0103 lumineze \u00een \u00eentuneric.<\/p>\n<h3><strong>Luminile LED ajut\u0103 c\u00e2inii?<\/strong><\/h3>\n<p>Luminile LED ajut\u0103 la cre\u0219terea vizibilit\u0103\u021bii unui c\u00e2ine pentru \u0219oferi, bicicli\u0219ti \u0219i alte persoane \u00een condi\u021bii de luminozitate sc\u0103zut\u0103, sporind siguran\u021ba, dar nu ofer\u0103 beneficii directe precum \u00eembun\u0103t\u0103\u021birea vederii unui c\u00e2ine.<\/p>\n<h3><strong>Cum s\u0103 \u00eenc\u0103rca\u021bi o zgard\u0103 LED pentru c\u00e2ini?<\/strong><\/h3>\n<p>Majoritatea colierelor LED pentru c\u00e2ini se \u00eencarc\u0103 prin intermediul unui cablu USB. Pur \u0219i simplu conecta\u021bi cablul la portul de \u00eenc\u0103rcare al zgardei \u0219i conecta\u021bi cel\u0103lalt cap\u0103t la un \u00eenc\u0103rc\u0103tor USB sau la un computer.<\/p>\n<h3><strong>Colierele pentru c\u00e2ini atrag fulgerele?<\/strong><\/h3>\n<p>Nu, zgarda pentru c\u00e2ini nu atrage fulgerele. Riscul ca un fulger s\u0103 vizeze o zgard\u0103 de c\u00e2ine este extrem de sc\u0103zut \u0219i nu reprezint\u0103 o preocupare semnificativ\u0103.<\/p>\n<h3><strong>Ce gulere recomand\u0103 veterinarii?<\/strong><\/h3>\n<p>Medicii veterinari recomand\u0103 de obicei gulere sigure, confortabile \u0219i potrivite pentru m\u0103rimea \u0219i rasa c\u00e2inelui. Colierele cu bretele sau colierele plate reglabile sunt adesea recomandate pentru utilizarea zilnic\u0103.<\/p>\n<h3><strong>Ce culoare de LED este cea mai bun\u0103 pentru c\u00e2ini?<\/strong><\/h3>\n<p>Culorile luminoase, cum ar fi albul sau albastrul, sunt cele mai bune pentru vizibilitatea colierelor LED pentru c\u00e2ini, deoarece sunt mai vizibile noaptea \u00een compara\u021bie cu culorile mai calde, care s-ar putea amesteca \u00een poluarea luminoas\u0103 urban\u0103.<\/p>","protected":false},"excerpt":{"rendered":"<p>Cre\u0219te\u021bi vizibilitatea c\u00e2inelui dvs. \u00een timpul plimb\u0103rilor de sear\u0103 cu gulerul nostru LED pentru c\u00e2ini. Dispun\u00e2nd de LED-uri luminoase, eficiente din punct de vedere energetic, aceast\u0103 zgard\u0103 asigur\u0103 vizibilitatea animalului dvs. de companie \u00een condi\u021bii de lumin\u0103 sc\u0103zut\u0103. Zgarda este reglabil\u0103 pentru o potrivire perfect\u0103 \u0219i este fabricat\u0103 din materiale durabile pentru utilizarea zilnic\u0103. Include o baterie re\u00eenc\u0103rcabil\u0103 de lung\u0103 durat\u0103 \u0219i ofer\u0103 mai multe moduri de iluminare pentru a spori vizibilitatea. Ideal\u0103 pentru plimb\u0103rile nocturne \u00een serile uscate.<\/p>","protected":false},"featured_media":7220,"template":"","meta":[],"product_brand":[],"product_cat":[26],"product_tag":[],"class_list":{"0":"post-7618","1":"product","2":"type-product","3":"status-publish","4":"has-post-thumbnail","6":"product_cat-dog-collar","8":"first","9":"instock","10":"shipping-taxable","11":"product-type-simple"},"yoast_head":"<!-- This site is optimized with the Yoast SEO plugin v26.6 - https:\/\/yoast.com\/wordpress\/plugins\/seo\/ -->\n<title>LED Dog Harness | QQPETS<\/title>\n<meta name=\"description\" content=\"Light up your pet&#039;s night with our LED Dog Collar. Bright, stylish, and perfect for evening visibility. Shop now!\" \/>\n<meta name=\"robots\" content=\"index, follow, max-snippet:-1, max-image-preview:large, max-video-preview:-1\" \/>\n<link rel=\"canonical\" href=\"https:\/\/qqpets.com\/ro\/produs\/led-dog-harness\/\" \/>\n<meta property=\"og:locale\" content=\"ro_RO\" \/>\n<meta property=\"og:type\" content=\"article\" \/>\n<meta property=\"og:title\" content=\"LED Dog Harness | QQPETS\" \/>\n<meta property=\"og:description\" content=\"Light up your pet&#039;s night with our LED Dog Collar. Bright, stylish, and perfect for evening visibility. Shop now!\" \/>\n<meta property=\"og:url\" content=\"https:\/\/qqpets.com\/ro\/produs\/led-dog-harness\/\" \/>\n<meta property=\"og:site_name\" content=\"QQPETS\" \/>\n<meta property=\"article:publisher\" content=\"https:\/\/www.facebook.com\/QQpetsdogcollars\" \/>\n<meta property=\"article:modified_time\" content=\"2024-08-30T09:26:32+00:00\" \/>\n<meta property=\"og:image\" content=\"https:\/\/qqpets.com\/wp-content\/uploads\/2023\/09\/led-dog-collar.webp\" \/>\n\t<meta property=\"og:image:width\" content=\"800\" \/>\n\t<meta property=\"og:image:height\" content=\"800\" \/>\n\t<meta property=\"og:image:type\" content=\"image\/webp\" \/>\n<meta name=\"twitter:card\" content=\"summary_large_image\" \/>\n<meta name=\"twitter:label1\" content=\"Timp estimat pentru citire\" \/>\n\t<meta name=\"twitter:data1\" content=\"3 minute\" \/>\n<script type=\"application\/ld+json\" class=\"yoast-schema-graph\">{\"@context\":\"https:\/\/schema.org\",\"@graph\":[{\"@type\":\"WebPage\",\"@id\":\"https:\/\/qqpets.com\/product\/led-dog-harness\/\",\"url\":\"https:\/\/qqpets.com\/product\/led-dog-harness\/\",\"name\":\"LED Dog Harness | QQPETS\",\"isPartOf\":{\"@id\":\"https:\/\/qqpets.com\/#website\"},\"primaryImageOfPage\":{\"@id\":\"https:\/\/qqpets.com\/product\/led-dog-harness\/#primaryimage\"},\"image\":{\"@id\":\"https:\/\/qqpets.com\/product\/led-dog-harness\/#primaryimage\"},\"thumbnailUrl\":\"https:\/\/qqpets.com\/wp-content\/uploads\/2023\/09\/led-dog-collar.webp\",\"datePublished\":\"2024-08-30T09:15:21+00:00\",\"dateModified\":\"2024-08-30T09:26:32+00:00\",\"description\":\"Light up your pet's night with our LED Dog Collar. Bright, stylish, and perfect for evening visibility. Shop now!\",\"breadcrumb\":{\"@id\":\"https:\/\/qqpets.com\/product\/led-dog-harness\/#breadcrumb\"},\"inLanguage\":\"ro-RO\",\"potentialAction\":[{\"@type\":\"ReadAction\",\"target\":[\"https:\/\/qqpets.com\/product\/led-dog-harness\/\"]}]},{\"@type\":\"ImageObject\",\"inLanguage\":\"ro-RO\",\"@id\":\"https:\/\/qqpets.com\/product\/led-dog-harness\/#primaryimage\",\"url\":\"https:\/\/qqpets.com\/wp-content\/uploads\/2023\/09\/led-dog-collar.webp\",\"contentUrl\":\"https:\/\/qqpets.com\/wp-content\/uploads\/2023\/09\/led-dog-collar.webp\",\"width\":800,\"height\":800,\"caption\":\"led dog collar\"},{\"@type\":\"BreadcrumbList\",\"@id\":\"https:\/\/qqpets.com\/product\/led-dog-harness\/#breadcrumb\",\"itemListElement\":[{\"@type\":\"ListItem\",\"position\":1,\"name\":\"Home\",\"item\":\"https:\/\/qqpets.com\/\"},{\"@type\":\"ListItem\",\"position\":2,\"name\":\"Products\",\"item\":\"https:\/\/qqpets.com\/pet-products-manufacturer\/\"},{\"@type\":\"ListItem\",\"position\":3,\"name\":\"LED Dog Harness\"}]},{\"@type\":\"WebSite\",\"@id\":\"https:\/\/qqpets.com\/#website\",\"url\":\"https:\/\/qqpets.com\/\",\"name\":\"QQPETS\",\"description\":\"QQPETS is a pet products factory for dog harnesses, dog collars, dog leashes and dog accessories with professional customized service since 2005.\",\"publisher\":{\"@id\":\"https:\/\/qqpets.com\/#organization\"},\"potentialAction\":[{\"@type\":\"SearchAction\",\"target\":{\"@type\":\"EntryPoint\",\"urlTemplate\":\"https:\/\/qqpets.com\/?s={search_term_string}\"},\"query-input\":{\"@type\":\"PropertyValueSpecification\",\"valueRequired\":true,\"valueName\":\"search_term_string\"}}],\"inLanguage\":\"ro-RO\"},{\"@type\":\"Organization\",\"@id\":\"https:\/\/qqpets.com\/#organization\",\"name\":\"QQPETS\",\"url\":\"https:\/\/qqpets.com\/\",\"logo\":{\"@type\":\"ImageObject\",\"inLanguage\":\"ro-RO\",\"@id\":\"https:\/\/qqpets.com\/#\/schema\/logo\/image\/\",\"url\":\"https:\/\/qqpets.com\/wp-content\/uploads\/2023\/09\/cropped-cropped-qqpets-tiktok.jpg\",\"contentUrl\":\"https:\/\/qqpets.com\/wp-content\/uploads\/2023\/09\/cropped-cropped-qqpets-tiktok.jpg\",\"width\":511,\"height\":511,\"caption\":\"QQPETS\"},\"image\":{\"@id\":\"https:\/\/qqpets.com\/#\/schema\/logo\/image\/\"},\"sameAs\":[\"https:\/\/www.facebook.com\/QQpetsdogcollars\",\"https:\/\/www.instagram.com\/qqpetscollar\/\",\"https:\/\/www.pinterest.com\/qqpetsdogcollarsfactory\/\"]}]}<\/script>\n<!-- \/ Yoast SEO plugin. -->","yoast_head_json":{"title":"LED Dog Harness | QQPETS","description":"Lumina\u021bi noaptea animalului dvs. de companie cu gulerul nostru LED pentru c\u00e2ini. Luminoas\u0103, elegant\u0103 \u0219i perfect\u0103 pentru vizibilitate seara. Cump\u0103ra\u021bi acum!","robots":{"index":"index","follow":"follow","max-snippet":"max-snippet:-1","max-image-preview":"max-image-preview:large","max-video-preview":"max-video-preview:-1"},"canonical":"https:\/\/qqpets.com\/ro\/produs\/led-dog-harness\/","og_locale":"ro_RO","og_type":"article","og_title":"LED Dog Harness | QQPETS","og_description":"Light up your pet's night with our LED Dog Collar. Bright, stylish, and perfect for evening visibility. Shop now!","og_url":"https:\/\/qqpets.com\/ro\/produs\/led-dog-harness\/","og_site_name":"QQPETS","article_publisher":"https:\/\/www.facebook.com\/QQpetsdogcollars","article_modified_time":"2024-08-30T09:26:32+00:00","og_image":[{"width":800,"height":800,"url":"https:\/\/qqpets.com\/wp-content\/uploads\/2023\/09\/led-dog-collar.webp","type":"image\/webp"}],"twitter_card":"summary_large_image","twitter_misc":{"Timp estimat pentru citire":"3 minute"},"schema":{"@context":"https:\/\/schema.org","@graph":[{"@type":"WebPage","@id":"https:\/\/qqpets.com\/product\/led-dog-harness\/","url":"https:\/\/qqpets.com\/product\/led-dog-harness\/","name":"LED Dog Harness | QQPETS","isPartOf":{"@id":"https:\/\/qqpets.com\/#website"},"primaryImageOfPage":{"@id":"https:\/\/qqpets.com\/product\/led-dog-harness\/#primaryimage"},"image":{"@id":"https:\/\/qqpets.com\/product\/led-dog-harness\/#primaryimage"},"thumbnailUrl":"https:\/\/qqpets.com\/wp-content\/uploads\/2023\/09\/led-dog-collar.webp","datePublished":"2024-08-30T09:15:21+00:00","dateModified":"2024-08-30T09:26:32+00:00","description":"Lumina\u021bi noaptea animalului dvs. de companie cu gulerul nostru LED pentru c\u00e2ini. Luminoas\u0103, elegant\u0103 \u0219i perfect\u0103 pentru vizibilitate seara. Cump\u0103ra\u021bi acum!","breadcrumb":{"@id":"https:\/\/qqpets.com\/product\/led-dog-harness\/#breadcrumb"},"inLanguage":"ro-RO","potentialAction":[{"@type":"ReadAction","target":["https:\/\/qqpets.com\/product\/led-dog-harness\/"]}]},{"@type":"ImageObject","inLanguage":"ro-RO","@id":"https:\/\/qqpets.com\/product\/led-dog-harness\/#primaryimage","url":"https:\/\/qqpets.com\/wp-content\/uploads\/2023\/09\/led-dog-collar.webp","contentUrl":"https:\/\/qqpets.com\/wp-content\/uploads\/2023\/09\/led-dog-collar.webp","width":800,"height":800,"caption":"led dog collar"},{"@type":"BreadcrumbList","@id":"https:\/\/qqpets.com\/product\/led-dog-harness\/#breadcrumb","itemListElement":[{"@type":"ListItem","position":1,"name":"Home","item":"https:\/\/qqpets.com\/"},{"@type":"ListItem","position":2,"name":"Products","item":"https:\/\/qqpets.com\/pet-products-manufacturer\/"},{"@type":"ListItem","position":3,"name":"LED Dog Harness"}]},{"@type":"WebSite","@id":"https:\/\/qqpets.com\/#website","url":"https:\/\/qqpets.com\/","name":"QQPETS","description":"QQPETS este o fabric\u0103 de produse pentru animale de companie pentru hamuri pentru c\u00e2ini, gulere pentru c\u00e2ini, lese pentru c\u00e2ini \u0219i accesorii pentru c\u00e2ini cu servicii profesionale personalizate din 2005.","publisher":{"@id":"https:\/\/qqpets.com\/#organization"},"potentialAction":[{"@type":"SearchAction","target":{"@type":"EntryPoint","urlTemplate":"https:\/\/qqpets.com\/?s={search_term_string}"},"query-input":{"@type":"PropertyValueSpecification","valueRequired":true,"valueName":"search_term_string"}}],"inLanguage":"ro-RO"},{"@type":"Organization","@id":"https:\/\/qqpets.com\/#organization","name":"QQPETS","url":"https:\/\/qqpets.com\/","logo":{"@type":"ImageObject","inLanguage":"ro-RO","@id":"https:\/\/qqpets.com\/#\/schema\/logo\/image\/","url":"https:\/\/qqpets.com\/wp-content\/uploads\/2023\/09\/cropped-cropped-qqpets-tiktok.jpg","contentUrl":"https:\/\/qqpets.com\/wp-content\/uploads\/2023\/09\/cropped-cropped-qqpets-tiktok.jpg","width":511,"height":511,"caption":"QQPETS"},"image":{"@id":"https:\/\/qqpets.com\/#\/schema\/logo\/image\/"},"sameAs":["https:\/\/www.facebook.com\/QQpetsdogcollars","https:\/\/www.instagram.com\/qqpetscollar\/","https:\/\/www.pinterest.com\/qqpetsdogcollarsfactory\/"]}]}},"_links":{"self":[{"href":"https:\/\/qqpets.com\/ro\/wp-json\/wp\/v2\/product\/7618","targetHints":{"allow":["GET"]}}],"collection":[{"href":"https:\/\/qqpets.com\/ro\/wp-json\/wp\/v2\/product"}],"about":[{"href":"https:\/\/qqpets.com\/ro\/wp-json\/wp\/v2\/types\/product"}],"wp:featuredmedia":[{"embeddable":true,"href":"https:\/\/qqpets.com\/ro\/wp-json\/wp\/v2\/media\/7220"}],"wp:attachment":[{"href":"https:\/\/qqpets.com\/ro\/wp-json\/wp\/v2\/media?parent=7618"}],"wp:term":[{"taxonomy":"product_brand","embeddable":true,"href":"https:\/\/qqpets.com\/ro\/wp-json\/wp\/v2\/product_brand?post=7618"},{"taxonomy":"product_cat","embeddable":true,"href":"https:\/\/qqpets.com\/ro\/wp-json\/wp\/v2\/product_cat?post=7618"},{"taxonomy":"product_tag","embeddable":true,"href":"https:\/\/qqpets.com\/ro\/wp-json\/wp\/v2\/product_tag?post=7618"}],"curies":[{"name":"wp","href":"https:\/\/api.w.org\/{rel}","templated":true}]}}