{"id":7631,"date":"2024-08-30T17:38:13","date_gmt":"2024-08-30T09:38:13","guid":{"rendered":"https:\/\/qqpets.com\/?post_type=product&#038;p=7631"},"modified":"2024-08-30T17:38:13","modified_gmt":"2024-08-30T09:38:13","slug":"retractable-dog-leash-with-light-1-0-qqpets","status":"publish","type":"product","link":"https:\/\/qqpets.com\/ro\/produs\/retractable-dog-leash-with-light-1-0-qqpets\/","title":{"rendered":"Les\u0103 retractabil\u0103 pentru c\u00e2ini cu lumin\u0103 1.0 - QQPETS"},"content":{"rendered":"<p>V\u0103 prezent\u0103m cel mai bun accesoriu de plimbare pentru proprietarii de animale c\u0103rora le plac plimb\u0103rile de sear\u0103 sau diminea\u021ba devreme: lesa noastr\u0103 retractabil\u0103 pentru c\u00e2ini cu lumin\u0103. Aceast\u0103 les\u0103 inovatoare este conceput\u0103 pentru a oferi vizibilitate sporit\u0103 \u0219i siguran\u021b\u0103 pentru dvs. \u0219i animalul dvs. de companie \u00een condi\u021bii de lumin\u0103 sc\u0103zut\u0103. Lumina LED \u00eencorporat\u0103 v\u0103 lumineaz\u0103 calea, asigur\u00e2ndu-v\u0103 c\u0103 dvs. \u0219i c\u00e2inele dvs. sunte\u021bi vizibili pentru automobili\u0219ti \u0219i al\u021bi pietoni.<\/p>\n<p>Realizat\u0103 din materiale de \u00eenalt\u0103 calitate, lesa se m\u00e2ndre\u0219te cu un mecanism puternic \u0219i durabil care poate face fa\u021b\u0103 trac\u021biunii majorit\u0103\u021bii c\u00e2inilor. Cablul retractabil se extinde p\u00e2n\u0103 la 16 picioare, permi\u021b\u00e2nd c\u00e2inelui dvs. o libertate ampl\u0103 de a explora \u00een timp ce dvs. p\u0103stra\u021bi controlul deplin. M\u00e2nerul este proiectat ergonomic pentru a se potrivi confortabil \u00een m\u00e2n\u0103, reduc\u00e2nd \u00eencordarea \u00eencheieturii m\u00e2inii \u0219i f\u0103c\u00e2nd-o u\u0219or de \u021binut \u00een timpul plimb\u0103rilor lungi.<\/p>\n<p>Lumina LED este o caracteristic\u0103 remarcabil\u0103, oferind suficient\u0103 luminozitate pentru a v\u0103 lumina zona imediat\u0103. Este perfect\u0103 pentru cei care prefer\u0103 plimb\u0103ri mai sigure \u00een timpul amurgului sau zorilor. Lesa are, de asemenea, un buton de oprire rapid\u0103 care v\u0103 permite s\u0103 gestiona\u021bi cu u\u0219urin\u021b\u0103 lungimea lesei, asigur\u00e2ndu-v\u0103 c\u0103 c\u00e2inele r\u0103m\u00e2ne aproape atunci c\u00e2nd este necesar.<\/p>\n<p>Aceast\u0103 les\u0103 nu este doar un instrument practic, ci \u0219i unul elegant, \u00eembun\u0103t\u0103\u021bind experien\u021ba plimb\u0103rii cu func\u021bionalitatea \u0219i u\u0219urin\u021ba sa de utilizare. Fie c\u0103 naviga\u021bi pe str\u0103zile aglomerate ale ora\u0219ului sau pe potecile lini\u0219tite ale parcului, lesa noastr\u0103 retractabil\u0103 pentru c\u00e2ini cu lumin\u0103 asigur\u0103 c\u0103 aventurile dvs. nocturne cu animalul dvs. de companie sunt at\u00e2t sigure, c\u00e2t \u0219i pl\u0103cute.<\/p>","protected":false},"excerpt":{"rendered":"<p>Spori\u021bi siguran\u021ba pe timp de noapte cu lesa noastr\u0103 retractabil\u0103 pentru c\u00e2ini cu lumin\u0103. Aceast\u0103 les\u0103 ofer\u0103 o lumin\u0103 LED integrat\u0103 pentru vizibilitate clar\u0103, asigur\u00e2nd plimb\u0103ri \u00een siguran\u021b\u0103 \u00een condi\u021bii de luminozitate sc\u0103zut\u0103. Designul retractabil ofer\u0103 c\u00e2inelui dvs. libertatea de a explora, \u00een timp ce dvs. men\u021bine\u021bi controlul. Fabricat\u0103 din materiale durabile, are un m\u00e2ner ergonomic pentru confort \u0219i u\u0219urin\u021b\u0103 de utilizare. Ideal\u0103 pentru plimb\u0103rile de sear\u0103 sau diminea\u021ba devreme, aceast\u0103 les\u0103 combin\u0103 confortul cu siguran\u021ba.<\/p>","protected":false},"featured_media":7325,"template":"","meta":[],"product_brand":[],"product_cat":[27,21],"product_tag":[],"class_list":{"0":"post-7631","1":"product","2":"type-product","3":"status-publish","4":"has-post-thumbnail","6":"product_cat-dog-leash","7":"product_cat-led-product","8":"pa_brand-qqpets","10":"first","11":"instock","12":"shipping-taxable","13":"product-type-simple"},"yoast_head":"<!-- This site is optimized with the Yoast SEO plugin v26.6 - https:\/\/yoast.com\/wordpress\/plugins\/seo\/ -->\n<title>Retractable Dog Leash With Light 1.0 - QQPETS | QQPETS<\/title>\n<meta name=\"description\" content=\"Explore our Retractable Dog Leash With Light for safe night walks. Durable, convenient, and bright. Buy now!\" \/>\n<meta name=\"robots\" content=\"index, follow, max-snippet:-1, max-image-preview:large, max-video-preview:-1\" \/>\n<link rel=\"canonical\" href=\"https:\/\/qqpets.com\/ro\/produs\/retractable-dog-leash-with-light-1-0-qqpets\/\" \/>\n<meta property=\"og:locale\" content=\"ro_RO\" \/>\n<meta property=\"og:type\" content=\"article\" \/>\n<meta property=\"og:title\" content=\"Retractable Dog Leash With Light 1.0 - QQPETS | QQPETS\" \/>\n<meta property=\"og:description\" content=\"Explore our Retractable Dog Leash With Light for safe night walks. Durable, convenient, and bright. Buy now!\" \/>\n<meta property=\"og:url\" content=\"https:\/\/qqpets.com\/ro\/produs\/retractable-dog-leash-with-light-1-0-qqpets\/\" \/>\n<meta property=\"og:site_name\" content=\"QQPETS\" \/>\n<meta property=\"article:publisher\" content=\"https:\/\/www.facebook.com\/QQpetsdogcollars\" \/>\n<meta property=\"og:image\" content=\"https:\/\/qqpets.com\/wp-content\/uploads\/2023\/09\/retractable-dog-leahs-with-led.webp\" \/>\n\t<meta property=\"og:image:width\" content=\"1500\" \/>\n\t<meta property=\"og:image:height\" content=\"1500\" \/>\n\t<meta property=\"og:image:type\" content=\"image\/webp\" \/>\n<meta name=\"twitter:card\" content=\"summary_large_image\" \/>\n<meta name=\"twitter:label1\" content=\"Timp estimat pentru citire\" \/>\n\t<meta name=\"twitter:data1\" content=\"2 minute\" \/>\n<script type=\"application\/ld+json\" class=\"yoast-schema-graph\">{\"@context\":\"https:\/\/schema.org\",\"@graph\":[{\"@type\":\"WebPage\",\"@id\":\"https:\/\/qqpets.com\/product\/retractable-dog-leash-with-light-1-0-qqpets\/\",\"url\":\"https:\/\/qqpets.com\/product\/retractable-dog-leash-with-light-1-0-qqpets\/\",\"name\":\"Retractable Dog Leash With Light 1.0 - QQPETS | QQPETS\",\"isPartOf\":{\"@id\":\"https:\/\/qqpets.com\/#website\"},\"primaryImageOfPage\":{\"@id\":\"https:\/\/qqpets.com\/product\/retractable-dog-leash-with-light-1-0-qqpets\/#primaryimage\"},\"image\":{\"@id\":\"https:\/\/qqpets.com\/product\/retractable-dog-leash-with-light-1-0-qqpets\/#primaryimage\"},\"thumbnailUrl\":\"https:\/\/qqpets.com\/wp-content\/uploads\/2023\/09\/retractable-dog-leahs-with-led.webp\",\"datePublished\":\"2024-08-30T09:38:13+00:00\",\"description\":\"Explore our Retractable Dog Leash With Light for safe night walks. Durable, convenient, and bright. Buy now!\",\"breadcrumb\":{\"@id\":\"https:\/\/qqpets.com\/product\/retractable-dog-leash-with-light-1-0-qqpets\/#breadcrumb\"},\"inLanguage\":\"ro-RO\",\"potentialAction\":[{\"@type\":\"ReadAction\",\"target\":[\"https:\/\/qqpets.com\/product\/retractable-dog-leash-with-light-1-0-qqpets\/\"]}]},{\"@type\":\"ImageObject\",\"inLanguage\":\"ro-RO\",\"@id\":\"https:\/\/qqpets.com\/product\/retractable-dog-leash-with-light-1-0-qqpets\/#primaryimage\",\"url\":\"https:\/\/qqpets.com\/wp-content\/uploads\/2023\/09\/retractable-dog-leahs-with-led.webp\",\"contentUrl\":\"https:\/\/qqpets.com\/wp-content\/uploads\/2023\/09\/retractable-dog-leahs-with-led.webp\",\"width\":1500,\"height\":1500,\"caption\":\"retractable dog leahs with led\"},{\"@type\":\"BreadcrumbList\",\"@id\":\"https:\/\/qqpets.com\/product\/retractable-dog-leash-with-light-1-0-qqpets\/#breadcrumb\",\"itemListElement\":[{\"@type\":\"ListItem\",\"position\":1,\"name\":\"Home\",\"item\":\"https:\/\/qqpets.com\/\"},{\"@type\":\"ListItem\",\"position\":2,\"name\":\"Products\",\"item\":\"https:\/\/qqpets.com\/pet-products-manufacturer\/\"},{\"@type\":\"ListItem\",\"position\":3,\"name\":\"Retractable Dog Leash With Light 1.0 &#8211; QQPETS\"}]},{\"@type\":\"WebSite\",\"@id\":\"https:\/\/qqpets.com\/#website\",\"url\":\"https:\/\/qqpets.com\/\",\"name\":\"QQPETS\",\"description\":\"QQPETS is a pet products factory for dog harnesses, dog collars, dog leashes and dog accessories with professional customized service since 2005.\",\"publisher\":{\"@id\":\"https:\/\/qqpets.com\/#organization\"},\"potentialAction\":[{\"@type\":\"SearchAction\",\"target\":{\"@type\":\"EntryPoint\",\"urlTemplate\":\"https:\/\/qqpets.com\/?s={search_term_string}\"},\"query-input\":{\"@type\":\"PropertyValueSpecification\",\"valueRequired\":true,\"valueName\":\"search_term_string\"}}],\"inLanguage\":\"ro-RO\"},{\"@type\":\"Organization\",\"@id\":\"https:\/\/qqpets.com\/#organization\",\"name\":\"QQPETS\",\"url\":\"https:\/\/qqpets.com\/\",\"logo\":{\"@type\":\"ImageObject\",\"inLanguage\":\"ro-RO\",\"@id\":\"https:\/\/qqpets.com\/#\/schema\/logo\/image\/\",\"url\":\"https:\/\/qqpets.com\/wp-content\/uploads\/2023\/09\/cropped-cropped-qqpets-tiktok.jpg\",\"contentUrl\":\"https:\/\/qqpets.com\/wp-content\/uploads\/2023\/09\/cropped-cropped-qqpets-tiktok.jpg\",\"width\":511,\"height\":511,\"caption\":\"QQPETS\"},\"image\":{\"@id\":\"https:\/\/qqpets.com\/#\/schema\/logo\/image\/\"},\"sameAs\":[\"https:\/\/www.facebook.com\/QQpetsdogcollars\",\"https:\/\/www.instagram.com\/qqpetscollar\/\",\"https:\/\/www.pinterest.com\/qqpetsdogcollarsfactory\/\"]}]}<\/script>\n<!-- \/ Yoast SEO plugin. -->","yoast_head_json":{"title":"Les\u0103 retractabil\u0103 pentru c\u00e2ini cu lumin\u0103 1.0 - QQPETS | QQPETS","description":"Explora\u021bi lesa noastr\u0103 retractabil\u0103 pentru c\u00e2ini cu lumin\u0103 pentru plimb\u0103ri nocturne \u00een siguran\u021b\u0103. Durabil\u0103, convenabil\u0103 \u0219i luminoas\u0103. Cump\u0103ra\u021bi acum!","robots":{"index":"index","follow":"follow","max-snippet":"max-snippet:-1","max-image-preview":"max-image-preview:large","max-video-preview":"max-video-preview:-1"},"canonical":"https:\/\/qqpets.com\/ro\/produs\/retractable-dog-leash-with-light-1-0-qqpets\/","og_locale":"ro_RO","og_type":"article","og_title":"Retractable Dog Leash With Light 1.0 - QQPETS | QQPETS","og_description":"Explore our Retractable Dog Leash With Light for safe night walks. Durable, convenient, and bright. Buy now!","og_url":"https:\/\/qqpets.com\/ro\/produs\/retractable-dog-leash-with-light-1-0-qqpets\/","og_site_name":"QQPETS","article_publisher":"https:\/\/www.facebook.com\/QQpetsdogcollars","og_image":[{"width":1500,"height":1500,"url":"https:\/\/qqpets.com\/wp-content\/uploads\/2023\/09\/retractable-dog-leahs-with-led.webp","type":"image\/webp"}],"twitter_card":"summary_large_image","twitter_misc":{"Timp estimat pentru citire":"2 minute"},"schema":{"@context":"https:\/\/schema.org","@graph":[{"@type":"WebPage","@id":"https:\/\/qqpets.com\/product\/retractable-dog-leash-with-light-1-0-qqpets\/","url":"https:\/\/qqpets.com\/product\/retractable-dog-leash-with-light-1-0-qqpets\/","name":"Les\u0103 retractabil\u0103 pentru c\u00e2ini cu lumin\u0103 1.0 - QQPETS | QQPETS","isPartOf":{"@id":"https:\/\/qqpets.com\/#website"},"primaryImageOfPage":{"@id":"https:\/\/qqpets.com\/product\/retractable-dog-leash-with-light-1-0-qqpets\/#primaryimage"},"image":{"@id":"https:\/\/qqpets.com\/product\/retractable-dog-leash-with-light-1-0-qqpets\/#primaryimage"},"thumbnailUrl":"https:\/\/qqpets.com\/wp-content\/uploads\/2023\/09\/retractable-dog-leahs-with-led.webp","datePublished":"2024-08-30T09:38:13+00:00","description":"Explora\u021bi lesa noastr\u0103 retractabil\u0103 pentru c\u00e2ini cu lumin\u0103 pentru plimb\u0103ri nocturne \u00een siguran\u021b\u0103. Durabil\u0103, convenabil\u0103 \u0219i luminoas\u0103. Cump\u0103ra\u021bi acum!","breadcrumb":{"@id":"https:\/\/qqpets.com\/product\/retractable-dog-leash-with-light-1-0-qqpets\/#breadcrumb"},"inLanguage":"ro-RO","potentialAction":[{"@type":"ReadAction","target":["https:\/\/qqpets.com\/product\/retractable-dog-leash-with-light-1-0-qqpets\/"]}]},{"@type":"ImageObject","inLanguage":"ro-RO","@id":"https:\/\/qqpets.com\/product\/retractable-dog-leash-with-light-1-0-qqpets\/#primaryimage","url":"https:\/\/qqpets.com\/wp-content\/uploads\/2023\/09\/retractable-dog-leahs-with-led.webp","contentUrl":"https:\/\/qqpets.com\/wp-content\/uploads\/2023\/09\/retractable-dog-leahs-with-led.webp","width":1500,"height":1500,"caption":"retractable dog leahs with led"},{"@type":"BreadcrumbList","@id":"https:\/\/qqpets.com\/product\/retractable-dog-leash-with-light-1-0-qqpets\/#breadcrumb","itemListElement":[{"@type":"ListItem","position":1,"name":"Home","item":"https:\/\/qqpets.com\/"},{"@type":"ListItem","position":2,"name":"Products","item":"https:\/\/qqpets.com\/pet-products-manufacturer\/"},{"@type":"ListItem","position":3,"name":"Retractable Dog Leash With Light 1.0 &#8211; QQPETS"}]},{"@type":"WebSite","@id":"https:\/\/qqpets.com\/#website","url":"https:\/\/qqpets.com\/","name":"QQPETS","description":"QQPETS este o fabric\u0103 de produse pentru animale de companie pentru hamuri pentru c\u00e2ini, gulere pentru c\u00e2ini, lese pentru c\u00e2ini \u0219i accesorii pentru c\u00e2ini cu servicii profesionale personalizate din 2005.","publisher":{"@id":"https:\/\/qqpets.com\/#organization"},"potentialAction":[{"@type":"SearchAction","target":{"@type":"EntryPoint","urlTemplate":"https:\/\/qqpets.com\/?s={search_term_string}"},"query-input":{"@type":"PropertyValueSpecification","valueRequired":true,"valueName":"search_term_string"}}],"inLanguage":"ro-RO"},{"@type":"Organization","@id":"https:\/\/qqpets.com\/#organization","name":"QQPETS","url":"https:\/\/qqpets.com\/","logo":{"@type":"ImageObject","inLanguage":"ro-RO","@id":"https:\/\/qqpets.com\/#\/schema\/logo\/image\/","url":"https:\/\/qqpets.com\/wp-content\/uploads\/2023\/09\/cropped-cropped-qqpets-tiktok.jpg","contentUrl":"https:\/\/qqpets.com\/wp-content\/uploads\/2023\/09\/cropped-cropped-qqpets-tiktok.jpg","width":511,"height":511,"caption":"QQPETS"},"image":{"@id":"https:\/\/qqpets.com\/#\/schema\/logo\/image\/"},"sameAs":["https:\/\/www.facebook.com\/QQpetsdogcollars","https:\/\/www.instagram.com\/qqpetscollar\/","https:\/\/www.pinterest.com\/qqpetsdogcollarsfactory\/"]}]}},"_links":{"self":[{"href":"https:\/\/qqpets.com\/ro\/wp-json\/wp\/v2\/product\/7631","targetHints":{"allow":["GET"]}}],"collection":[{"href":"https:\/\/qqpets.com\/ro\/wp-json\/wp\/v2\/product"}],"about":[{"href":"https:\/\/qqpets.com\/ro\/wp-json\/wp\/v2\/types\/product"}],"wp:featuredmedia":[{"embeddable":true,"href":"https:\/\/qqpets.com\/ro\/wp-json\/wp\/v2\/media\/7325"}],"wp:attachment":[{"href":"https:\/\/qqpets.com\/ro\/wp-json\/wp\/v2\/media?parent=7631"}],"wp:term":[{"taxonomy":"product_brand","embeddable":true,"href":"https:\/\/qqpets.com\/ro\/wp-json\/wp\/v2\/product_brand?post=7631"},{"taxonomy":"product_cat","embeddable":true,"href":"https:\/\/qqpets.com\/ro\/wp-json\/wp\/v2\/product_cat?post=7631"},{"taxonomy":"product_tag","embeddable":true,"href":"https:\/\/qqpets.com\/ro\/wp-json\/wp\/v2\/product_tag?post=7631"}],"curies":[{"name":"wp","href":"https:\/\/api.w.org\/{rel}","templated":true}]}}