{"id":7639,"date":"2024-08-30T17:55:25","date_gmt":"2024-08-30T09:55:25","guid":{"rendered":"https:\/\/qqpets.com\/?post_type=product&#038;p=7639"},"modified":"2024-11-11T15:18:38","modified_gmt":"2024-11-11T07:18:38","slug":"no-pull-led-dog-harness","status":"publish","type":"product","link":"https:\/\/qqpets.com\/ro\/produs\/no-pull-led-dog-harness\/","title":{"rendered":"Nu trage LED Dog Harness"},"content":{"rendered":"<p>V\u0103 prezent\u0103m harna\u0219amentul nostru inovator No Pull Light Up Dog, conceput special pentru siguran\u021ba \u0219i confortul c\u00e2inelui dumneavoastr\u0103 \u00een timpul excursiilor nocturne. Acest ham integreaz\u0103 lumini LED puternice \u0219i curele reflectorizante cu vizibilitate ridicat\u0103, asigur\u00e2ndu-se c\u0103 animalul dvs. de companie r\u0103m\u00e2ne vizibil \u00een condi\u021bii de luminozitate sc\u0103zut\u0103, sporind siguran\u021ba \u00een timpul plimb\u0103rilor sau \u00een zonele aglomerate.<\/p>\n<p>Fabricat pentru a preveni tragerea, hamul are un design f\u0103r\u0103 tragere care descurajeaz\u0103 u\u0219or c\u00e2inele s\u0103 trag\u0103 prin distribuirea presiunii pe piept mai degrab\u0103 dec\u00e2t pe g\u00e2t. Acest lucru nu numai c\u0103 ajut\u0103 la gestionarea mi\u0219c\u0103rilor animalului dvs. de companie, dar asigur\u0103 \u0219i confortul acestuia \u00een timpul plimb\u0103rilor, reduc\u00e2nd stresul at\u00e2t pentru animal, c\u00e2t \u0219i pentru st\u0103p\u00e2n.<\/p>\n<p>Curelele reglabile permit o potrivire personalizat\u0103, adaptat\u0103 la m\u0103rimea \u0219i forma c\u00e2inelui, asigur\u00e2ndu-se c\u0103 hamul r\u0103m\u00e2ne str\u00e2ns \u0219i la locul lui, f\u0103r\u0103 a restric\u021biona mi\u0219carea. Designul ergonomic ajut\u0103 \u00een continuare la distribuirea uniform\u0103 a presiunii pentru a preveni orice r\u0103nire, f\u0103c\u00e2ndu-l potrivit pentru utilizarea zilnic\u0103.<\/p>\n<p>Harna\u0219amentul nostru pentru c\u00e2ini No Pull Light Up este fabricat din materiale durabile, construite pentru a rezista la nenum\u0103rate plimb\u0103ri \u0219i aventuri. Este u\u0219or de utilizat, cu un mecanism simplu de aprindere \u0219i stingere a luminilor, \u0219i este alimentat de o baterie mic\u0103, u\u0219or de \u00eenlocuit.<\/p>\n<p>Ideal pentru st\u0103p\u00e2nii de animale care iau \u00een serios siguran\u021ba, acest ham combin\u0103 func\u021bionalitatea practic\u0103 cu caracteristici avansate de siguran\u021b\u0103, asigur\u00e2nd c\u0103 plimb\u0103rile dvs. pe timp de noapte sunt at\u00e2t pl\u0103cute, c\u00e2t \u0219i sigure. Echipa\u021bi-v\u0103 c\u00e2inele cu hamul nostru No Pull Light Up Dog \u0219i bucura\u021bi-v\u0103 de lini\u0219tea sufleteasc\u0103 \u0219tiind c\u0103 sunt \u00een siguran\u021b\u0103 \u0219i vizibili, indiferent de ora din zi sau din noapte.<\/p>\n<p><strong>Colierele LED sunt sigure pentru c\u00e2ini?<\/strong><\/p>\n<p>Da, zg\u0103rzile LED sunt sigure pentru c\u00e2ini. Acestea sunt concepute pentru a spori vizibilitatea \u0219i siguran\u021ba \u00een timpul plimb\u0103rilor nocturne, f\u0103r\u0103 a provoca disconfort sau v\u0103t\u0103mare c\u00e2inelui.<\/p>\n<p><strong>Cum func\u021bioneaz\u0103 o zgard\u0103 LED pentru c\u00e2ini?<\/strong><\/p>\n<p>O zgard\u0103 LED pentru c\u00e2ini func\u021bioneaz\u0103 prin \u00eencorporarea unor diode emi\u021b\u0103toare de lumin\u0103 (LED) \u00een \u021bes\u0103tura zgardei sau ca o band\u0103 ata\u0219at\u0103, alimentat\u0103 de baterii mici, f\u0103c\u00e2nd zgarda s\u0103 lumineze \u00een \u00eentuneric.<\/p>\n<p><strong>Luminile LED ajut\u0103 c\u00e2inii?<\/strong><\/p>\n<p>Luminile LED ajut\u0103 la cre\u0219terea vizibilit\u0103\u021bii unui c\u00e2ine pentru \u0219oferi, bicicli\u0219ti \u0219i alte persoane \u00een condi\u021bii de luminozitate sc\u0103zut\u0103, sporind siguran\u021ba, dar nu ofer\u0103 beneficii directe precum \u00eembun\u0103t\u0103\u021birea vederii unui c\u00e2ine.<\/p>\n<p><strong>Cum s\u0103 sp\u0103la\u021bi o zgard\u0103 LED pentru c\u00e2ini?<\/strong><\/p>\n<p>Pentru a sp\u0103la o zgard\u0103 LED pentru c\u00e2ini, \u00eendep\u0103rta\u021bi orice component\u0103 electronic\u0103, dac\u0103 este posibil, \u0219i sp\u0103la\u021bi u\u0219or zgarda cu m\u00e2na folosind un s\u0103pun bl\u00e2nd. Evita\u021bi scufundarea \u00een ap\u0103 a componentelor electrice care nu sunt rezistente la ap\u0103.<\/p>\n<p><strong>Cum s\u0103 \u00eenc\u0103rca\u021bi o zgard\u0103 LED pentru c\u00e2ini?<\/strong><\/p>\n<p>Majoritatea colierelor LED pentru c\u00e2ini se \u00eencarc\u0103 prin intermediul unui cablu USB. Pur \u0219i simplu conecta\u021bi cablul la portul de \u00eenc\u0103rcare al zgardei \u0219i conecta\u021bi cel\u0103lalt cap\u0103t la un \u00eenc\u0103rc\u0103tor USB sau la un computer.<\/p>\n<p><strong>Colierele pentru c\u00e2ini atrag fulgerele?<\/strong><\/p>\n<p>Nu, zgarda pentru c\u00e2ini nu atrage fulgerele. Riscul ca un fulger s\u0103 vizeze o zgard\u0103 de c\u00e2ine este extrem de sc\u0103zut \u0219i nu reprezint\u0103 o preocupare semnificativ\u0103.<\/p>\n<p><strong>Ce gulere recomand\u0103 veterinarii?<\/strong><\/p>\n<p>Medicii veterinari recomand\u0103 de obicei gulere sigure, confortabile \u0219i potrivite pentru m\u0103rimea \u0219i rasa c\u00e2inelui. Colierele cu bretele sau colierele plate reglabile sunt adesea recomandate pentru utilizarea zilnic\u0103.<\/p>\n<p><strong>Ce culoare de LED este cea mai bun\u0103 pentru c\u00e2ini?<\/strong><\/p>\n<p>Culorile luminoase, cum ar fi albul sau albastrul, sunt cele mai bune pentru vizibilitatea colierelor LED pentru c\u00e2ini, deoarece sunt mai vizibile noaptea \u00een compara\u021bie cu culorile mai calde, care s-ar putea amesteca \u00een poluarea luminoas\u0103 urban\u0103.<\/p>","protected":false},"excerpt":{"rendered":"<p>Maximiza\u021bi siguran\u021ba c\u00e2inelui dvs. cu hamul nostru pentru c\u00e2ini No Pull Light Up, echipat cu curele reflectorizante \u0219i lumini \u00eencorporate pentru o vizibilitate sporit\u0103. Acest ham ofer\u0103 un design no-pull pentru a controla comportamentele de trac\u021biune, asigur\u00e2nd plimb\u0103ri confortabile \u0219i f\u0103r\u0103 stres. Reglabil pentru o potrivire perfect\u0103, este ideal pentru siguran\u021ba pe timp de noapte, men\u021bin\u00e2ndu-v\u0103 animalul vizibil \u0219i \u00een siguran\u021b\u0103. Construc\u021bia ergonomic\u0103 distribuie uniform presiunea, protej\u00e2nd g\u00e2tul \u0219i spatele c\u00e2inelui \u00een timpul plimb\u0103rilor.<\/p>","protected":false},"featured_media":7642,"template":"","meta":[],"product_brand":[],"product_cat":[23,21],"product_tag":[],"class_list":{"0":"post-7639","1":"product","2":"type-product","3":"status-publish","4":"has-post-thumbnail","6":"product_cat-dog-harness","7":"product_cat-led-product","8":"pa_brand-qqpets","10":"first","11":"instock","12":"shipping-taxable","13":"product-type-simple"},"yoast_head":"<!-- This site is optimized with the Yoast SEO plugin v26.6 - https:\/\/yoast.com\/wordpress\/plugins\/seo\/ -->\n<title>No Pull LED Dog Harness | QQPETS<\/title>\n<meta name=\"description\" content=\"Ensure safety with our No Pull Light Up Dog Harness. Reflective, comfortable, and secure. Perfect for night walks!\" \/>\n<meta name=\"robots\" content=\"index, follow, max-snippet:-1, max-image-preview:large, max-video-preview:-1\" \/>\n<link rel=\"canonical\" href=\"https:\/\/qqpets.com\/ro\/produs\/no-pull-led-dog-harness\/\" \/>\n<meta property=\"og:locale\" content=\"ro_RO\" \/>\n<meta property=\"og:type\" content=\"article\" \/>\n<meta property=\"og:title\" content=\"No Pull LED Dog Harness | QQPETS\" \/>\n<meta property=\"og:description\" content=\"Ensure safety with our No Pull Light Up Dog Harness. Reflective, comfortable, and secure. Perfect for night walks!\" \/>\n<meta property=\"og:url\" content=\"https:\/\/qqpets.com\/ro\/produs\/no-pull-led-dog-harness\/\" \/>\n<meta property=\"og:site_name\" content=\"QQPETS\" \/>\n<meta property=\"article:publisher\" content=\"https:\/\/www.facebook.com\/QQpetsdogcollars\" \/>\n<meta property=\"article:modified_time\" content=\"2024-11-11T07:18:38+00:00\" \/>\n<meta property=\"og:image\" content=\"https:\/\/qqpets.com\/wp-content\/uploads\/2024\/08\/No-Pull-Light-Up-Dog-Harness-With-Reflective-Straps.webp\" \/>\n\t<meta property=\"og:image:width\" content=\"1600\" \/>\n\t<meta property=\"og:image:height\" content=\"1600\" \/>\n\t<meta property=\"og:image:type\" content=\"image\/webp\" \/>\n<meta name=\"twitter:card\" content=\"summary_large_image\" \/>\n<meta name=\"twitter:label1\" content=\"Timp estimat pentru citire\" \/>\n\t<meta name=\"twitter:data1\" content=\"3 minute\" \/>\n<script type=\"application\/ld+json\" class=\"yoast-schema-graph\">{\"@context\":\"https:\/\/schema.org\",\"@graph\":[{\"@type\":\"WebPage\",\"@id\":\"https:\/\/qqpets.com\/product\/no-pull-led-dog-harness\/\",\"url\":\"https:\/\/qqpets.com\/product\/no-pull-led-dog-harness\/\",\"name\":\"No Pull LED Dog Harness | QQPETS\",\"isPartOf\":{\"@id\":\"https:\/\/qqpets.com\/#website\"},\"primaryImageOfPage\":{\"@id\":\"https:\/\/qqpets.com\/product\/no-pull-led-dog-harness\/#primaryimage\"},\"image\":{\"@id\":\"https:\/\/qqpets.com\/product\/no-pull-led-dog-harness\/#primaryimage\"},\"thumbnailUrl\":\"https:\/\/qqpets.com\/wp-content\/uploads\/2024\/08\/No-Pull-Light-Up-Dog-Harness-With-Reflective-Straps.webp\",\"datePublished\":\"2024-08-30T09:55:25+00:00\",\"dateModified\":\"2024-11-11T07:18:38+00:00\",\"description\":\"Ensure safety with our No Pull Light Up Dog Harness. Reflective, comfortable, and secure. Perfect for night walks!\",\"breadcrumb\":{\"@id\":\"https:\/\/qqpets.com\/product\/no-pull-led-dog-harness\/#breadcrumb\"},\"inLanguage\":\"ro-RO\",\"potentialAction\":[{\"@type\":\"ReadAction\",\"target\":[\"https:\/\/qqpets.com\/product\/no-pull-led-dog-harness\/\"]}]},{\"@type\":\"ImageObject\",\"inLanguage\":\"ro-RO\",\"@id\":\"https:\/\/qqpets.com\/product\/no-pull-led-dog-harness\/#primaryimage\",\"url\":\"https:\/\/qqpets.com\/wp-content\/uploads\/2024\/08\/No-Pull-Light-Up-Dog-Harness-With-Reflective-Straps.webp\",\"contentUrl\":\"https:\/\/qqpets.com\/wp-content\/uploads\/2024\/08\/No-Pull-Light-Up-Dog-Harness-With-Reflective-Straps.webp\",\"width\":1600,\"height\":1600},{\"@type\":\"BreadcrumbList\",\"@id\":\"https:\/\/qqpets.com\/product\/no-pull-led-dog-harness\/#breadcrumb\",\"itemListElement\":[{\"@type\":\"ListItem\",\"position\":1,\"name\":\"Home\",\"item\":\"https:\/\/qqpets.com\/\"},{\"@type\":\"ListItem\",\"position\":2,\"name\":\"Products\",\"item\":\"https:\/\/qqpets.com\/pet-products-manufacturer\/\"},{\"@type\":\"ListItem\",\"position\":3,\"name\":\"No Pull LED Dog Harness\"}]},{\"@type\":\"WebSite\",\"@id\":\"https:\/\/qqpets.com\/#website\",\"url\":\"https:\/\/qqpets.com\/\",\"name\":\"QQPETS\",\"description\":\"QQPETS is a pet products factory for dog harnesses, dog collars, dog leashes and dog accessories with professional customized service since 2005.\",\"publisher\":{\"@id\":\"https:\/\/qqpets.com\/#organization\"},\"potentialAction\":[{\"@type\":\"SearchAction\",\"target\":{\"@type\":\"EntryPoint\",\"urlTemplate\":\"https:\/\/qqpets.com\/?s={search_term_string}\"},\"query-input\":{\"@type\":\"PropertyValueSpecification\",\"valueRequired\":true,\"valueName\":\"search_term_string\"}}],\"inLanguage\":\"ro-RO\"},{\"@type\":\"Organization\",\"@id\":\"https:\/\/qqpets.com\/#organization\",\"name\":\"QQPETS\",\"url\":\"https:\/\/qqpets.com\/\",\"logo\":{\"@type\":\"ImageObject\",\"inLanguage\":\"ro-RO\",\"@id\":\"https:\/\/qqpets.com\/#\/schema\/logo\/image\/\",\"url\":\"https:\/\/qqpets.com\/wp-content\/uploads\/2023\/09\/cropped-cropped-qqpets-tiktok.jpg\",\"contentUrl\":\"https:\/\/qqpets.com\/wp-content\/uploads\/2023\/09\/cropped-cropped-qqpets-tiktok.jpg\",\"width\":511,\"height\":511,\"caption\":\"QQPETS\"},\"image\":{\"@id\":\"https:\/\/qqpets.com\/#\/schema\/logo\/image\/\"},\"sameAs\":[\"https:\/\/www.facebook.com\/QQpetsdogcollars\",\"https:\/\/www.instagram.com\/qqpetscollar\/\",\"https:\/\/www.pinterest.com\/qqpetsdogcollarsfactory\/\"]}]}<\/script>\n<!-- \/ Yoast SEO plugin. -->","yoast_head_json":{"title":"Nu trage LED Dog Harness | QQPETS","description":"Asigura\u021bi-v\u0103 siguran\u021ba cu hamul nostru pentru c\u00e2ini No Pull Light Up. Reflectorizant, confortabil \u0219i sigur. Perfect pentru plimb\u0103rile nocturne!","robots":{"index":"index","follow":"follow","max-snippet":"max-snippet:-1","max-image-preview":"max-image-preview:large","max-video-preview":"max-video-preview:-1"},"canonical":"https:\/\/qqpets.com\/ro\/produs\/no-pull-led-dog-harness\/","og_locale":"ro_RO","og_type":"article","og_title":"No Pull LED Dog Harness | QQPETS","og_description":"Ensure safety with our No Pull Light Up Dog Harness. Reflective, comfortable, and secure. Perfect for night walks!","og_url":"https:\/\/qqpets.com\/ro\/produs\/no-pull-led-dog-harness\/","og_site_name":"QQPETS","article_publisher":"https:\/\/www.facebook.com\/QQpetsdogcollars","article_modified_time":"2024-11-11T07:18:38+00:00","og_image":[{"width":1600,"height":1600,"url":"https:\/\/qqpets.com\/wp-content\/uploads\/2024\/08\/No-Pull-Light-Up-Dog-Harness-With-Reflective-Straps.webp","type":"image\/webp"}],"twitter_card":"summary_large_image","twitter_misc":{"Timp estimat pentru citire":"3 minute"},"schema":{"@context":"https:\/\/schema.org","@graph":[{"@type":"WebPage","@id":"https:\/\/qqpets.com\/product\/no-pull-led-dog-harness\/","url":"https:\/\/qqpets.com\/product\/no-pull-led-dog-harness\/","name":"Nu trage LED Dog Harness | QQPETS","isPartOf":{"@id":"https:\/\/qqpets.com\/#website"},"primaryImageOfPage":{"@id":"https:\/\/qqpets.com\/product\/no-pull-led-dog-harness\/#primaryimage"},"image":{"@id":"https:\/\/qqpets.com\/product\/no-pull-led-dog-harness\/#primaryimage"},"thumbnailUrl":"https:\/\/qqpets.com\/wp-content\/uploads\/2024\/08\/No-Pull-Light-Up-Dog-Harness-With-Reflective-Straps.webp","datePublished":"2024-08-30T09:55:25+00:00","dateModified":"2024-11-11T07:18:38+00:00","description":"Asigura\u021bi-v\u0103 siguran\u021ba cu hamul nostru pentru c\u00e2ini No Pull Light Up. Reflectorizant, confortabil \u0219i sigur. Perfect pentru plimb\u0103rile nocturne!","breadcrumb":{"@id":"https:\/\/qqpets.com\/product\/no-pull-led-dog-harness\/#breadcrumb"},"inLanguage":"ro-RO","potentialAction":[{"@type":"ReadAction","target":["https:\/\/qqpets.com\/product\/no-pull-led-dog-harness\/"]}]},{"@type":"ImageObject","inLanguage":"ro-RO","@id":"https:\/\/qqpets.com\/product\/no-pull-led-dog-harness\/#primaryimage","url":"https:\/\/qqpets.com\/wp-content\/uploads\/2024\/08\/No-Pull-Light-Up-Dog-Harness-With-Reflective-Straps.webp","contentUrl":"https:\/\/qqpets.com\/wp-content\/uploads\/2024\/08\/No-Pull-Light-Up-Dog-Harness-With-Reflective-Straps.webp","width":1600,"height":1600},{"@type":"BreadcrumbList","@id":"https:\/\/qqpets.com\/product\/no-pull-led-dog-harness\/#breadcrumb","itemListElement":[{"@type":"ListItem","position":1,"name":"Home","item":"https:\/\/qqpets.com\/"},{"@type":"ListItem","position":2,"name":"Products","item":"https:\/\/qqpets.com\/pet-products-manufacturer\/"},{"@type":"ListItem","position":3,"name":"No Pull LED Dog Harness"}]},{"@type":"WebSite","@id":"https:\/\/qqpets.com\/#website","url":"https:\/\/qqpets.com\/","name":"QQPETS","description":"QQPETS este o fabric\u0103 de produse pentru animale de companie pentru hamuri pentru c\u00e2ini, gulere pentru c\u00e2ini, lese pentru c\u00e2ini \u0219i accesorii pentru c\u00e2ini cu servicii profesionale personalizate din 2005.","publisher":{"@id":"https:\/\/qqpets.com\/#organization"},"potentialAction":[{"@type":"SearchAction","target":{"@type":"EntryPoint","urlTemplate":"https:\/\/qqpets.com\/?s={search_term_string}"},"query-input":{"@type":"PropertyValueSpecification","valueRequired":true,"valueName":"search_term_string"}}],"inLanguage":"ro-RO"},{"@type":"Organization","@id":"https:\/\/qqpets.com\/#organization","name":"QQPETS","url":"https:\/\/qqpets.com\/","logo":{"@type":"ImageObject","inLanguage":"ro-RO","@id":"https:\/\/qqpets.com\/#\/schema\/logo\/image\/","url":"https:\/\/qqpets.com\/wp-content\/uploads\/2023\/09\/cropped-cropped-qqpets-tiktok.jpg","contentUrl":"https:\/\/qqpets.com\/wp-content\/uploads\/2023\/09\/cropped-cropped-qqpets-tiktok.jpg","width":511,"height":511,"caption":"QQPETS"},"image":{"@id":"https:\/\/qqpets.com\/#\/schema\/logo\/image\/"},"sameAs":["https:\/\/www.facebook.com\/QQpetsdogcollars","https:\/\/www.instagram.com\/qqpetscollar\/","https:\/\/www.pinterest.com\/qqpetsdogcollarsfactory\/"]}]}},"_links":{"self":[{"href":"https:\/\/qqpets.com\/ro\/wp-json\/wp\/v2\/product\/7639","targetHints":{"allow":["GET"]}}],"collection":[{"href":"https:\/\/qqpets.com\/ro\/wp-json\/wp\/v2\/product"}],"about":[{"href":"https:\/\/qqpets.com\/ro\/wp-json\/wp\/v2\/types\/product"}],"wp:featuredmedia":[{"embeddable":true,"href":"https:\/\/qqpets.com\/ro\/wp-json\/wp\/v2\/media\/7642"}],"wp:attachment":[{"href":"https:\/\/qqpets.com\/ro\/wp-json\/wp\/v2\/media?parent=7639"}],"wp:term":[{"taxonomy":"product_brand","embeddable":true,"href":"https:\/\/qqpets.com\/ro\/wp-json\/wp\/v2\/product_brand?post=7639"},{"taxonomy":"product_cat","embeddable":true,"href":"https:\/\/qqpets.com\/ro\/wp-json\/wp\/v2\/product_cat?post=7639"},{"taxonomy":"product_tag","embeddable":true,"href":"https:\/\/qqpets.com\/ro\/wp-json\/wp\/v2\/product_tag?post=7639"}],"curies":[{"name":"wp","href":"https:\/\/api.w.org\/{rel}","templated":true}]}}