{"id":7663,"date":"2024-08-31T14:26:13","date_gmt":"2024-08-31T06:26:13","guid":{"rendered":"https:\/\/qqpets.com\/?post_type=product&#038;p=7663"},"modified":"2024-08-31T14:26:13","modified_gmt":"2024-08-31T06:26:13","slug":"basic-step-in-dog-harness","status":"publish","type":"product","link":"https:\/\/qqpets.com\/ro\/produs\/basic-step-in-dog-harness\/","title":{"rendered":"Pas de baz\u0103 \u00een hamul c\u00e2inelui"},"content":{"rendered":"<p>Introduce\u021bi simplitatea \u0219i confortul \u00een plimb\u0103rile dvs. zilnice cu hamul nostru Basic Step In pentru c\u00e2ini. Acest ham este conceput pentru proprietarii de animale care caut\u0103 o solu\u021bie simpl\u0103, f\u0103r\u0103 complica\u021bii, pentru aventurile \u00een aer liber ale c\u00e2inelui lor. Designul step-in permite animalului dvs. de companie s\u0103 intre cu u\u0219urin\u021b\u0103 \u00een ham pentru o potrivire rapid\u0103 \u0219i sigur\u0103, elimin\u00e2nd dificult\u0103\u021bile asociate cu modelele peste cap.<\/p>\n<p>Harna\u0219amentul este construit din materiale durabile \u0219i u\u0219oare, care asigur\u0103 o potrivire confortabil\u0103 f\u0103r\u0103 a \u00eempov\u0103ra animalul dvs. de companie. Curelele reglabile din jurul taliei \u0219i umerilor pot fi adaptate pentru a satisface dimensiunea \u0219i forma unic\u0103 a c\u00e2inelui dvs., asigur\u00e2nd o potrivire str\u00e2ns\u0103 care previne alunecarea \u0219i iritarea.<\/p>\n<p>Ideal pentru utilizarea zilnic\u0103, hamul pentru c\u00e2ini Basic Step In are un inel D puternic, amplasat central, care sus\u021bine distribuirea uniform\u0103 a presiunii \u0219i controlului atunci c\u00e2nd este ata\u0219at la les\u0103. Acest design ajut\u0103 la descurajarea tragerii prin redirec\u021bionarea aten\u021biei c\u00e2inelui c\u0103tre dvs., f\u0103c\u00e2nd mai u\u0219oar\u0103 gestionarea \u0219i ghidarea acestuia \u00een timpul plimb\u0103rilor.<\/p>\n<p>Harna\u0219amentul nostru nu este doar practic, ci \u0219i elegant, fiind disponibil \u00een diverse culori pentru a se potrivi personalit\u0103\u021bii animalului dvs. de companie. Fie c\u0103 merge\u021bi \u00een parc, la veterinar sau pur \u0219i simplu \u00een jurul blocului, acest ham combin\u0103 func\u021bionalitatea cu u\u0219urin\u021ba, fiind alegerea perfect\u0103 at\u00e2t pentru proprietarii experimenta\u021bi, c\u00e2t \u0219i pentru cei care de\u021bin animale de companie pentru prima dat\u0103.<\/p>\n<p>Echipa\u021bi-v\u0103 c\u00e2inele cu hamul nostru Basic Step In Dog \u0219i bucura\u021bi-v\u0103 de o experien\u021b\u0103 de plimbare mai relaxat\u0103 \u0219i mai pl\u0103cut\u0103, \u0219tiind c\u0103 animalul dvs. de companie este confortabil, sigur \u0219i securizat \u00een orice moment.<\/p>\n<p><strong>Ce este un ham de c\u00e2ine step-in?<\/strong><\/p>\n<p>Un ham step-in este un tip de ham care este a\u0219ezat pe sol, permi\u021b\u00e2nd c\u00e2inelui s\u0103 intre pur \u0219i simplu \u00een el cu picioarele din fa\u021b\u0103. Harna\u0219amentul se fixeaz\u0103 apoi la spate sau lateral.<\/p>\n<p><strong>Cum s\u0103 pui un ham de c\u00e2ine pas cu pas?<\/strong><\/p>\n<ul>\n<li style=\"list-style-type: none;\">\n<ul>\n<li>A\u0219eza\u021bi hamul pe sol \u0219i pune\u021bi c\u00e2inele s\u0103 p\u0103\u0219easc\u0103 \u00een el.<\/li>\n<li>Trage\u021bi hamul \u00een sus \u00een jurul p\u0103r\u021bilor laterale ale corpului c\u00e2inelui dvs.<\/li>\n<li>Prinde\u021bi catarama pe spate.<\/li>\n<li>Regla\u021bi curelele pentru a asigura o potrivire str\u00e2ns\u0103, care s\u0103 v\u0103 permit\u0103 totu\u0219i s\u0103 strecura\u021bi dou\u0103 degete sub orice curea.<\/li>\n<\/ul>\n<\/li>\n<\/ul>\n<p><strong>Este hamul step-in cel mai sigur pentru c\u00e2ini?<\/strong><\/p>\n<p>Hamurile step-in pot fi foarte sigure, \u00een special pentru rasele mici sau c\u00e2inii cu g\u00e2t sensibil, deoarece distribuie presiunea mai uniform \u00een jurul pieptului \u0219i umerilor. Cu toate acestea, cel mai sigur ham depinde de m\u0103rimea, rasa \u0219i comportamentul fiec\u0103rui c\u00e2ine.<\/p>\n<p><strong>Care este diferen\u021ba dintre hamul de intrare \u0219i hamul de sus?<\/strong><\/p>\n<p>Un ham de intrare este pozi\u021bionat pe sol pentru ca c\u00e2inele s\u0103 intre \u00een el, \u00een timp ce un ham deasupra capului este trecut peste capul c\u00e2inelui \u0219i apoi fixat \u00een jurul pieptului. Harna\u0219amentele de tip \"step-in\" sunt adesea mai u\u0219oare pentru c\u00e2inii care se agit\u0103 sau pentru cei c\u0103rora nu le place ca lucrurile s\u0103 le treac\u0103 peste cap.<\/p>\n<p><strong>Este bine ca un c\u00e2ine s\u0103 poarte un ham tot timpul?<\/strong><\/p>\n<p>Nu este recomandat ca un c\u00e2ine s\u0103 poarte un ham tot timpul. Purtarea constant\u0103 poate duce la iritarea pielii, \u00eempletirea bl\u0103nii \u0219i disconfort. Cel mai bine este s\u0103 scoate\u021bi hamul atunci c\u00e2nd c\u00e2inele dvs. este \u00een interior sau nu este \u00een les\u0103, pentru a v\u0103 asigura c\u0103 este confortabil \u0219i \u00een siguran\u021b\u0103.<\/p>","protected":false},"excerpt":{"rendered":"<p>Descoperi\u021bi u\u0219urin\u021ba hamului nostru pentru c\u00e2ini Basic Step In, conceput pentru o montare rapid\u0103 \u0219i plimb\u0103ri f\u0103r\u0103 probleme. Perfect pentru to\u021bi c\u00e2inii, acest ham are un design simplu de introducere, care face echiparea rapid\u0103 \u0219i u\u0219oar\u0103. Curelele sale reglabile asigur\u0103 o potrivire str\u00e2ns\u0103 \u0219i confortabil\u0103, \u00een timp ce materialul u\u0219or v\u0103 men\u021bine animalul de companie \u00een largul s\u0103u \u00een timpul plimb\u0103rilor. Ideal pentru utilizarea zilnic\u0103, acesta ofer\u0103 at\u00e2t siguran\u021b\u0103, c\u00e2t \u0219i confort, \u00eembun\u0103t\u0103\u021bind experien\u021ba de plimbare f\u0103r\u0103 complexitatea hamurilor tradi\u021bionale.<\/p>","protected":false},"featured_media":7670,"template":"","meta":[],"product_brand":[],"product_cat":[23],"product_tag":[],"class_list":{"0":"post-7663","1":"product","2":"type-product","3":"status-publish","4":"has-post-thumbnail","6":"product_cat-dog-harness","7":"pa_brand-qqpets","9":"first","10":"instock","11":"shipping-taxable","12":"product-type-simple"},"yoast_head":"<!-- This site is optimized with the Yoast SEO plugin v26.6 - https:\/\/yoast.com\/wordpress\/plugins\/seo\/ -->\n<title>Basic Step In Dog Harness | QQPETS<\/title>\n<meta name=\"description\" content=\"Secure and simplify your walks with our Basic Step In Dog Harness. Easy to use, comfortable fit. Shop now!\" \/>\n<meta name=\"robots\" content=\"index, follow, max-snippet:-1, max-image-preview:large, max-video-preview:-1\" \/>\n<link rel=\"canonical\" href=\"https:\/\/qqpets.com\/ro\/produs\/basic-step-in-dog-harness\/\" \/>\n<meta property=\"og:locale\" content=\"ro_RO\" \/>\n<meta property=\"og:type\" content=\"article\" \/>\n<meta property=\"og:title\" content=\"Basic Step In Dog Harness | QQPETS\" \/>\n<meta property=\"og:description\" content=\"Secure and simplify your walks with our Basic Step In Dog Harness. Easy to use, comfortable fit. Shop now!\" \/>\n<meta property=\"og:url\" content=\"https:\/\/qqpets.com\/ro\/produs\/basic-step-in-dog-harness\/\" \/>\n<meta property=\"og:site_name\" content=\"QQPETS\" \/>\n<meta property=\"article:publisher\" content=\"https:\/\/www.facebook.com\/QQpetsdogcollars\" \/>\n<meta property=\"og:image\" content=\"https:\/\/qqpets.com\/wp-content\/uploads\/2024\/08\/Basic-Step-In-Dog-Harness.webp\" \/>\n\t<meta property=\"og:image:width\" content=\"1600\" \/>\n\t<meta property=\"og:image:height\" content=\"1600\" \/>\n\t<meta property=\"og:image:type\" content=\"image\/webp\" \/>\n<meta name=\"twitter:card\" content=\"summary_large_image\" \/>\n<meta name=\"twitter:label1\" content=\"Timp estimat pentru citire\" \/>\n\t<meta name=\"twitter:data1\" content=\"3 minute\" \/>\n<script type=\"application\/ld+json\" class=\"yoast-schema-graph\">{\"@context\":\"https:\/\/schema.org\",\"@graph\":[{\"@type\":\"WebPage\",\"@id\":\"https:\/\/qqpets.com\/product\/basic-step-in-dog-harness\/\",\"url\":\"https:\/\/qqpets.com\/product\/basic-step-in-dog-harness\/\",\"name\":\"Basic Step In Dog Harness | QQPETS\",\"isPartOf\":{\"@id\":\"https:\/\/qqpets.com\/#website\"},\"primaryImageOfPage\":{\"@id\":\"https:\/\/qqpets.com\/product\/basic-step-in-dog-harness\/#primaryimage\"},\"image\":{\"@id\":\"https:\/\/qqpets.com\/product\/basic-step-in-dog-harness\/#primaryimage\"},\"thumbnailUrl\":\"https:\/\/qqpets.com\/wp-content\/uploads\/2024\/08\/Basic-Step-In-Dog-Harness.webp\",\"datePublished\":\"2024-08-31T06:26:13+00:00\",\"description\":\"Secure and simplify your walks with our Basic Step In Dog Harness. Easy to use, comfortable fit. Shop now!\",\"breadcrumb\":{\"@id\":\"https:\/\/qqpets.com\/product\/basic-step-in-dog-harness\/#breadcrumb\"},\"inLanguage\":\"ro-RO\",\"potentialAction\":[{\"@type\":\"ReadAction\",\"target\":[\"https:\/\/qqpets.com\/product\/basic-step-in-dog-harness\/\"]}]},{\"@type\":\"ImageObject\",\"inLanguage\":\"ro-RO\",\"@id\":\"https:\/\/qqpets.com\/product\/basic-step-in-dog-harness\/#primaryimage\",\"url\":\"https:\/\/qqpets.com\/wp-content\/uploads\/2024\/08\/Basic-Step-In-Dog-Harness.webp\",\"contentUrl\":\"https:\/\/qqpets.com\/wp-content\/uploads\/2024\/08\/Basic-Step-In-Dog-Harness.webp\",\"width\":1600,\"height\":1600},{\"@type\":\"BreadcrumbList\",\"@id\":\"https:\/\/qqpets.com\/product\/basic-step-in-dog-harness\/#breadcrumb\",\"itemListElement\":[{\"@type\":\"ListItem\",\"position\":1,\"name\":\"Home\",\"item\":\"https:\/\/qqpets.com\/\"},{\"@type\":\"ListItem\",\"position\":2,\"name\":\"Products\",\"item\":\"https:\/\/qqpets.com\/pet-products-manufacturer\/\"},{\"@type\":\"ListItem\",\"position\":3,\"name\":\"Basic Step In Dog Harness\"}]},{\"@type\":\"WebSite\",\"@id\":\"https:\/\/qqpets.com\/#website\",\"url\":\"https:\/\/qqpets.com\/\",\"name\":\"QQPETS\",\"description\":\"QQPETS is a pet products factory for dog harnesses, dog collars, dog leashes and dog accessories with professional customized service since 2005.\",\"publisher\":{\"@id\":\"https:\/\/qqpets.com\/#organization\"},\"potentialAction\":[{\"@type\":\"SearchAction\",\"target\":{\"@type\":\"EntryPoint\",\"urlTemplate\":\"https:\/\/qqpets.com\/?s={search_term_string}\"},\"query-input\":{\"@type\":\"PropertyValueSpecification\",\"valueRequired\":true,\"valueName\":\"search_term_string\"}}],\"inLanguage\":\"ro-RO\"},{\"@type\":\"Organization\",\"@id\":\"https:\/\/qqpets.com\/#organization\",\"name\":\"QQPETS\",\"url\":\"https:\/\/qqpets.com\/\",\"logo\":{\"@type\":\"ImageObject\",\"inLanguage\":\"ro-RO\",\"@id\":\"https:\/\/qqpets.com\/#\/schema\/logo\/image\/\",\"url\":\"https:\/\/qqpets.com\/wp-content\/uploads\/2023\/09\/cropped-cropped-qqpets-tiktok.jpg\",\"contentUrl\":\"https:\/\/qqpets.com\/wp-content\/uploads\/2023\/09\/cropped-cropped-qqpets-tiktok.jpg\",\"width\":511,\"height\":511,\"caption\":\"QQPETS\"},\"image\":{\"@id\":\"https:\/\/qqpets.com\/#\/schema\/logo\/image\/\"},\"sameAs\":[\"https:\/\/www.facebook.com\/QQpetsdogcollars\",\"https:\/\/www.instagram.com\/qqpetscollar\/\",\"https:\/\/www.pinterest.com\/qqpetsdogcollarsfactory\/\"]}]}<\/script>\n<!-- \/ Yoast SEO plugin. -->","yoast_head_json":{"title":"Pas de baz\u0103 \u00een ham c\u00e2ine | QQPETS","description":"Asigura\u021bi-v\u0103 \u0219i simplifica\u021bi-v\u0103 plimb\u0103rile cu hamul nostru Basic Step In Dog. U\u0219or de utilizat, potrivire confortabil\u0103. Cump\u0103ra\u021bi acum!","robots":{"index":"index","follow":"follow","max-snippet":"max-snippet:-1","max-image-preview":"max-image-preview:large","max-video-preview":"max-video-preview:-1"},"canonical":"https:\/\/qqpets.com\/ro\/produs\/basic-step-in-dog-harness\/","og_locale":"ro_RO","og_type":"article","og_title":"Basic Step In Dog Harness | QQPETS","og_description":"Secure and simplify your walks with our Basic Step In Dog Harness. Easy to use, comfortable fit. Shop now!","og_url":"https:\/\/qqpets.com\/ro\/produs\/basic-step-in-dog-harness\/","og_site_name":"QQPETS","article_publisher":"https:\/\/www.facebook.com\/QQpetsdogcollars","og_image":[{"width":1600,"height":1600,"url":"https:\/\/qqpets.com\/wp-content\/uploads\/2024\/08\/Basic-Step-In-Dog-Harness.webp","type":"image\/webp"}],"twitter_card":"summary_large_image","twitter_misc":{"Timp estimat pentru citire":"3 minute"},"schema":{"@context":"https:\/\/schema.org","@graph":[{"@type":"WebPage","@id":"https:\/\/qqpets.com\/product\/basic-step-in-dog-harness\/","url":"https:\/\/qqpets.com\/product\/basic-step-in-dog-harness\/","name":"Pas de baz\u0103 \u00een ham c\u00e2ine | QQPETS","isPartOf":{"@id":"https:\/\/qqpets.com\/#website"},"primaryImageOfPage":{"@id":"https:\/\/qqpets.com\/product\/basic-step-in-dog-harness\/#primaryimage"},"image":{"@id":"https:\/\/qqpets.com\/product\/basic-step-in-dog-harness\/#primaryimage"},"thumbnailUrl":"https:\/\/qqpets.com\/wp-content\/uploads\/2024\/08\/Basic-Step-In-Dog-Harness.webp","datePublished":"2024-08-31T06:26:13+00:00","description":"Asigura\u021bi-v\u0103 \u0219i simplifica\u021bi-v\u0103 plimb\u0103rile cu hamul nostru Basic Step In Dog. U\u0219or de utilizat, potrivire confortabil\u0103. Cump\u0103ra\u021bi acum!","breadcrumb":{"@id":"https:\/\/qqpets.com\/product\/basic-step-in-dog-harness\/#breadcrumb"},"inLanguage":"ro-RO","potentialAction":[{"@type":"ReadAction","target":["https:\/\/qqpets.com\/product\/basic-step-in-dog-harness\/"]}]},{"@type":"ImageObject","inLanguage":"ro-RO","@id":"https:\/\/qqpets.com\/product\/basic-step-in-dog-harness\/#primaryimage","url":"https:\/\/qqpets.com\/wp-content\/uploads\/2024\/08\/Basic-Step-In-Dog-Harness.webp","contentUrl":"https:\/\/qqpets.com\/wp-content\/uploads\/2024\/08\/Basic-Step-In-Dog-Harness.webp","width":1600,"height":1600},{"@type":"BreadcrumbList","@id":"https:\/\/qqpets.com\/product\/basic-step-in-dog-harness\/#breadcrumb","itemListElement":[{"@type":"ListItem","position":1,"name":"Home","item":"https:\/\/qqpets.com\/"},{"@type":"ListItem","position":2,"name":"Products","item":"https:\/\/qqpets.com\/pet-products-manufacturer\/"},{"@type":"ListItem","position":3,"name":"Basic Step In Dog Harness"}]},{"@type":"WebSite","@id":"https:\/\/qqpets.com\/#website","url":"https:\/\/qqpets.com\/","name":"QQPETS","description":"QQPETS este o fabric\u0103 de produse pentru animale de companie pentru hamuri pentru c\u00e2ini, gulere pentru c\u00e2ini, lese pentru c\u00e2ini \u0219i accesorii pentru c\u00e2ini cu servicii profesionale personalizate din 2005.","publisher":{"@id":"https:\/\/qqpets.com\/#organization"},"potentialAction":[{"@type":"SearchAction","target":{"@type":"EntryPoint","urlTemplate":"https:\/\/qqpets.com\/?s={search_term_string}"},"query-input":{"@type":"PropertyValueSpecification","valueRequired":true,"valueName":"search_term_string"}}],"inLanguage":"ro-RO"},{"@type":"Organization","@id":"https:\/\/qqpets.com\/#organization","name":"QQPETS","url":"https:\/\/qqpets.com\/","logo":{"@type":"ImageObject","inLanguage":"ro-RO","@id":"https:\/\/qqpets.com\/#\/schema\/logo\/image\/","url":"https:\/\/qqpets.com\/wp-content\/uploads\/2023\/09\/cropped-cropped-qqpets-tiktok.jpg","contentUrl":"https:\/\/qqpets.com\/wp-content\/uploads\/2023\/09\/cropped-cropped-qqpets-tiktok.jpg","width":511,"height":511,"caption":"QQPETS"},"image":{"@id":"https:\/\/qqpets.com\/#\/schema\/logo\/image\/"},"sameAs":["https:\/\/www.facebook.com\/QQpetsdogcollars","https:\/\/www.instagram.com\/qqpetscollar\/","https:\/\/www.pinterest.com\/qqpetsdogcollarsfactory\/"]}]}},"_links":{"self":[{"href":"https:\/\/qqpets.com\/ro\/wp-json\/wp\/v2\/product\/7663","targetHints":{"allow":["GET"]}}],"collection":[{"href":"https:\/\/qqpets.com\/ro\/wp-json\/wp\/v2\/product"}],"about":[{"href":"https:\/\/qqpets.com\/ro\/wp-json\/wp\/v2\/types\/product"}],"wp:featuredmedia":[{"embeddable":true,"href":"https:\/\/qqpets.com\/ro\/wp-json\/wp\/v2\/media\/7670"}],"wp:attachment":[{"href":"https:\/\/qqpets.com\/ro\/wp-json\/wp\/v2\/media?parent=7663"}],"wp:term":[{"taxonomy":"product_brand","embeddable":true,"href":"https:\/\/qqpets.com\/ro\/wp-json\/wp\/v2\/product_brand?post=7663"},{"taxonomy":"product_cat","embeddable":true,"href":"https:\/\/qqpets.com\/ro\/wp-json\/wp\/v2\/product_cat?post=7663"},{"taxonomy":"product_tag","embeddable":true,"href":"https:\/\/qqpets.com\/ro\/wp-json\/wp\/v2\/product_tag?post=7663"}],"curies":[{"name":"wp","href":"https:\/\/api.w.org\/{rel}","templated":true}]}}