{"id":7672,"date":"2024-08-31T15:01:03","date_gmt":"2024-08-31T07:01:03","guid":{"rendered":"https:\/\/qqpets.com\/?post_type=product&#038;p=7672"},"modified":"2024-12-12T17:21:28","modified_gmt":"2024-12-12T09:21:28","slug":"adjustable-print-basic-dog-collar","status":"publish","type":"product","link":"https:\/\/qqpets.com\/ro\/produs\/adjustable-print-basic-dog-collar\/","title":{"rendered":"Guler de c\u00e2ine de baz\u0103 cu imprimare reglabil\u0103"},"content":{"rendered":"<p>V\u0103 prezent\u0103m gulerul nostru Basic Dog, accesoriul esen\u021bial pentru orice proprietar de animal de companie. Aceast\u0103 zgard\u0103 combin\u0103 func\u021bionalitatea cu un design clasic, fiind o alegere ideal\u0103 pentru utilizarea zilnic\u0103. Fabricat\u0103 din materiale premium, aceast\u0103 zgard\u0103 ofer\u0103 durabilitate \u0219i confort, asigur\u00e2ndu-se c\u0103 rezist\u0103 cerin\u021belor zilnice ale animalelor de companie active.<\/p>\n<p>Designul reglabil permite o potrivire precis\u0103, acomod\u00e2nd c\u00e2ini de toate dimensiunile \u0219i rasele. Catarama robust\u0103 asigur\u0103 o \u00eenchidere sigur\u0103, f\u0103c\u00e2nd-o u\u0219or de pus \u0219i de scos, \u00een timp ce inelul D foarte rezistent asigur\u0103 c\u0103 pute\u021bi ata\u0219a cu \u00eencredere o les\u0103 pentru plimbare.<\/p>\n<p>Gulerul nostru Basic pentru c\u00e2ini nu este doar practic; este \u0219i elegant. Disponibil\u0103 \u00eentr-o varietate de culori, o pute\u021bi alege pe cea care se potrive\u0219te cel mai bine cu personalitatea c\u00e2inelui dvs. sau \u00eei completeaz\u0103 blana. Materialul zgardei este u\u0219or de cur\u0103\u021bat, p\u0103str\u00e2ndu-\u0219i aspectul \u0219i senza\u021bia indiferent de aventurile \u00een care v\u0103 angaja\u021bi tu \u0219i animalul t\u0103u de companie.<\/p>\n<p>Indiferent dac\u0103 v\u0103 antrena\u021bi, v\u0103 plimba\u021bi sau doar v\u0103 echipa\u021bi animalul de companie cu lucrurile esen\u021biale de zi cu zi, zgarda noastr\u0103 Basic Dog Collar este la \u00een\u0103l\u021bimea sarcinii. Aceasta ofer\u0103 o combina\u021bie de siguran\u021b\u0103, confort \u0219i stil de neegalat, fiind alegerea perfect\u0103 pentru prietenul dvs. bl\u0103nos.<\/p>\n<h4><strong>Care este cea mai comun\u0103 zgard\u0103 pentru c\u00e2ini?<\/strong><\/h4>\n<p>Zgarda plat\u0103 este cel mai comun tip de zgard\u0103 pentru c\u00e2ini. Este simpl\u0103, reglabil\u0103 \u0219i potrivit\u0103 pentru ata\u0219area pl\u0103cu\u021belor de identificare \u0219i a unei lese.<\/p>\n<h4><strong>Ce fel de zgard\u0103 este cea mai bun\u0103 pentru un c\u00e2ine?<\/strong><\/h4>\n<p>Cel mai bun tip de zgard\u0103 pentru un c\u00e2ine depinde de nevoile specifice ale c\u00e2inelui \u0219i ale st\u0103p\u00e2nului. \u00cen general, se recomand\u0103 o zgard\u0103 c\u0103ptu\u0219it\u0103, reglabil\u0103, din nailon sau piele, pentru confort \u0219i durabilitate.<\/p>\n<h4><strong>Colierele de strangulare sunt ilegale?<\/strong><\/h4>\n<p>Colierele de strangulare nu sunt ilegale \u00een majoritatea locurilor, dar utilizarea lor este extrem de controversat\u0103 \u0219i din ce \u00een ce mai mult descurajat\u0103 sau reglementat\u0103 \u00een multe \u021b\u0103ri din cauza preocup\u0103rilor legate de bun\u0103stare.<\/p>\n<h4><strong>Ce ar trebui s\u0103 fie pe o zgard\u0103 de c\u00e2ine?<\/strong><\/h4>\n<p>Zgarda unui c\u00e2ine trebuie s\u0103 aib\u0103 o pl\u0103cu\u021b\u0103 de identificare care include numele c\u00e2inelui, numele proprietarului \u0219i informa\u021bii de contact. Unii proprietari includ \u0219i etichete de vaccinare sau o etichet\u0103 cu microcip.<\/p>\n<h4><strong>Este mai bine s\u0103 plimbi un c\u00e2ine cu ham sau cu zgard\u0103?<\/strong><\/h4>\n<p>\u00cen general, este mai bine s\u0103 plimba\u021bi un c\u00e2ine cu un ham, mai ales dac\u0103 c\u00e2inele trage. Un ham distribuie presiunea mai uniform pe corp \u0219i reduce presiunea asupra g\u00e2tului \u0219i g\u00e2tului.<\/p>\n<h4><strong>C\u00e2inii ar trebui s\u0103 doarm\u0103 cu zgarda pus\u0103?<\/strong><\/h4>\n<p>\u00cen general, este mai sigur pentru c\u00e2ini s\u0103 nu doarm\u0103 cu zgarda la g\u00e2t pentru a preveni riscul de sufocare sau de prindere \u00een ceva \u00een timp ce se deplaseaz\u0103 \u00een timpul somnului.<\/p>","protected":false},"excerpt":{"rendered":"<p>\u00cembun\u0103t\u0103\u021bi\u021bi rutina zilnic\u0103 a animalului dvs. de companie cu gulerul nostru Basic Dog Collar, proiectat pentru durabilitate \u0219i confort. Aceast\u0103 zgard\u0103 are un design simplu, reglabil, pentru a asigura o potrivire perfect\u0103 pentru orice ras\u0103. Fabricat\u0103 din materiale de \u00eenalt\u0103 calitate, este construit\u0103 pentru a dura \u0219i u\u0219or de cur\u0103\u021bat. Ideal\u0103 pentru purtarea de zi cu zi, include o cataram\u0103 robust\u0103 pentru eliberare rapid\u0103 \u0219i un inel D pentru ata\u0219area sigur\u0103 a lesei. Disponibil\u0103 \u00een diverse culori, este combina\u021bia perfect\u0103 de func\u021bionalitate \u0219i stil pentru c\u00e2inele dvs.<\/p>","protected":false},"featured_media":9678,"template":"","meta":[],"product_brand":[],"product_cat":[26],"product_tag":[],"class_list":{"0":"post-7672","1":"product","2":"type-product","3":"status-publish","4":"has-post-thumbnail","6":"product_cat-dog-collar","7":"pa_brand-qqpets","9":"first","10":"instock","11":"shipping-taxable","12":"product-type-simple"},"yoast_head":"<!-- This site is optimized with the Yoast SEO plugin v26.6 - https:\/\/yoast.com\/wordpress\/plugins\/seo\/ -->\n<title>Adjustable Print Basic Dog Collar | QQPETS<\/title>\n<meta name=\"description\" content=\"Discover our durable Basic Dog Collar for everyday use. Comfortable, adjustable, and stylish. Shop now!\" \/>\n<meta name=\"robots\" content=\"index, follow, max-snippet:-1, max-image-preview:large, max-video-preview:-1\" \/>\n<link rel=\"canonical\" href=\"https:\/\/qqpets.com\/ro\/produs\/adjustable-print-basic-dog-collar\/\" \/>\n<meta property=\"og:locale\" content=\"ro_RO\" \/>\n<meta property=\"og:type\" content=\"article\" \/>\n<meta property=\"og:title\" content=\"Adjustable Print Basic Dog Collar | QQPETS\" \/>\n<meta property=\"og:description\" content=\"Discover our durable Basic Dog Collar for everyday use. Comfortable, adjustable, and stylish. Shop now!\" \/>\n<meta property=\"og:url\" content=\"https:\/\/qqpets.com\/ro\/produs\/adjustable-print-basic-dog-collar\/\" \/>\n<meta property=\"og:site_name\" content=\"QQPETS\" \/>\n<meta property=\"article:publisher\" content=\"https:\/\/www.facebook.com\/QQpetsdogcollars\" \/>\n<meta property=\"article:modified_time\" content=\"2024-12-12T09:21:28+00:00\" \/>\n<meta property=\"og:image\" content=\"https:\/\/qqpets.com\/wp-content\/uploads\/2024\/08\/soft-dog-collar.webp\" \/>\n\t<meta property=\"og:image:width\" content=\"800\" \/>\n\t<meta property=\"og:image:height\" content=\"800\" \/>\n\t<meta property=\"og:image:type\" content=\"image\/webp\" \/>\n<meta name=\"twitter:card\" content=\"summary_large_image\" \/>\n<meta name=\"twitter:label1\" content=\"Timp estimat pentru citire\" \/>\n\t<meta name=\"twitter:data1\" content=\"2 minute\" \/>\n<script type=\"application\/ld+json\" class=\"yoast-schema-graph\">{\"@context\":\"https:\/\/schema.org\",\"@graph\":[{\"@type\":\"WebPage\",\"@id\":\"https:\/\/qqpets.com\/product\/adjustable-print-basic-dog-collar\/\",\"url\":\"https:\/\/qqpets.com\/product\/adjustable-print-basic-dog-collar\/\",\"name\":\"Adjustable Print Basic Dog Collar | QQPETS\",\"isPartOf\":{\"@id\":\"https:\/\/qqpets.com\/#website\"},\"primaryImageOfPage\":{\"@id\":\"https:\/\/qqpets.com\/product\/adjustable-print-basic-dog-collar\/#primaryimage\"},\"image\":{\"@id\":\"https:\/\/qqpets.com\/product\/adjustable-print-basic-dog-collar\/#primaryimage\"},\"thumbnailUrl\":\"https:\/\/qqpets.com\/wp-content\/uploads\/2024\/08\/soft-dog-collar.webp\",\"datePublished\":\"2024-08-31T07:01:03+00:00\",\"dateModified\":\"2024-12-12T09:21:28+00:00\",\"description\":\"Discover our durable Basic Dog Collar for everyday use. Comfortable, adjustable, and stylish. Shop now!\",\"breadcrumb\":{\"@id\":\"https:\/\/qqpets.com\/product\/adjustable-print-basic-dog-collar\/#breadcrumb\"},\"inLanguage\":\"ro-RO\",\"potentialAction\":[{\"@type\":\"ReadAction\",\"target\":[\"https:\/\/qqpets.com\/product\/adjustable-print-basic-dog-collar\/\"]}]},{\"@type\":\"ImageObject\",\"inLanguage\":\"ro-RO\",\"@id\":\"https:\/\/qqpets.com\/product\/adjustable-print-basic-dog-collar\/#primaryimage\",\"url\":\"https:\/\/qqpets.com\/wp-content\/uploads\/2024\/08\/soft-dog-collar.webp\",\"contentUrl\":\"https:\/\/qqpets.com\/wp-content\/uploads\/2024\/08\/soft-dog-collar.webp\",\"width\":800,\"height\":800,\"caption\":\"soft dog collar\"},{\"@type\":\"BreadcrumbList\",\"@id\":\"https:\/\/qqpets.com\/product\/adjustable-print-basic-dog-collar\/#breadcrumb\",\"itemListElement\":[{\"@type\":\"ListItem\",\"position\":1,\"name\":\"Home\",\"item\":\"https:\/\/qqpets.com\/\"},{\"@type\":\"ListItem\",\"position\":2,\"name\":\"Products\",\"item\":\"https:\/\/qqpets.com\/pet-products-manufacturer\/\"},{\"@type\":\"ListItem\",\"position\":3,\"name\":\"Adjustable Print Basic Dog Collar\"}]},{\"@type\":\"WebSite\",\"@id\":\"https:\/\/qqpets.com\/#website\",\"url\":\"https:\/\/qqpets.com\/\",\"name\":\"QQPETS\",\"description\":\"QQPETS is a pet products factory for dog harnesses, dog collars, dog leashes and dog accessories with professional customized service since 2005.\",\"publisher\":{\"@id\":\"https:\/\/qqpets.com\/#organization\"},\"potentialAction\":[{\"@type\":\"SearchAction\",\"target\":{\"@type\":\"EntryPoint\",\"urlTemplate\":\"https:\/\/qqpets.com\/?s={search_term_string}\"},\"query-input\":{\"@type\":\"PropertyValueSpecification\",\"valueRequired\":true,\"valueName\":\"search_term_string\"}}],\"inLanguage\":\"ro-RO\"},{\"@type\":\"Organization\",\"@id\":\"https:\/\/qqpets.com\/#organization\",\"name\":\"QQPETS\",\"url\":\"https:\/\/qqpets.com\/\",\"logo\":{\"@type\":\"ImageObject\",\"inLanguage\":\"ro-RO\",\"@id\":\"https:\/\/qqpets.com\/#\/schema\/logo\/image\/\",\"url\":\"https:\/\/qqpets.com\/wp-content\/uploads\/2023\/09\/cropped-cropped-qqpets-tiktok.jpg\",\"contentUrl\":\"https:\/\/qqpets.com\/wp-content\/uploads\/2023\/09\/cropped-cropped-qqpets-tiktok.jpg\",\"width\":511,\"height\":511,\"caption\":\"QQPETS\"},\"image\":{\"@id\":\"https:\/\/qqpets.com\/#\/schema\/logo\/image\/\"},\"sameAs\":[\"https:\/\/www.facebook.com\/QQpetsdogcollars\",\"https:\/\/www.instagram.com\/qqpetscollar\/\",\"https:\/\/www.pinterest.com\/qqpetsdogcollarsfactory\/\"]}]}<\/script>\n<!-- \/ Yoast SEO plugin. -->","yoast_head_json":{"title":"Guler de c\u00e2ine de baz\u0103 cu imprimare reglabil\u0103 | QQPETS","description":"Descoperi\u021bi zgarda noastr\u0103 durabil\u0103 Basic Dog Collar pentru utilizare zilnic\u0103. Confortabil\u0103, reglabil\u0103 \u0219i elegant\u0103. Cump\u0103ra\u021bi acum!","robots":{"index":"index","follow":"follow","max-snippet":"max-snippet:-1","max-image-preview":"max-image-preview:large","max-video-preview":"max-video-preview:-1"},"canonical":"https:\/\/qqpets.com\/ro\/produs\/adjustable-print-basic-dog-collar\/","og_locale":"ro_RO","og_type":"article","og_title":"Adjustable Print Basic Dog Collar | QQPETS","og_description":"Discover our durable Basic Dog Collar for everyday use. Comfortable, adjustable, and stylish. Shop now!","og_url":"https:\/\/qqpets.com\/ro\/produs\/adjustable-print-basic-dog-collar\/","og_site_name":"QQPETS","article_publisher":"https:\/\/www.facebook.com\/QQpetsdogcollars","article_modified_time":"2024-12-12T09:21:28+00:00","og_image":[{"width":800,"height":800,"url":"https:\/\/qqpets.com\/wp-content\/uploads\/2024\/08\/soft-dog-collar.webp","type":"image\/webp"}],"twitter_card":"summary_large_image","twitter_misc":{"Timp estimat pentru citire":"2 minute"},"schema":{"@context":"https:\/\/schema.org","@graph":[{"@type":"WebPage","@id":"https:\/\/qqpets.com\/product\/adjustable-print-basic-dog-collar\/","url":"https:\/\/qqpets.com\/product\/adjustable-print-basic-dog-collar\/","name":"Guler de c\u00e2ine de baz\u0103 cu imprimare reglabil\u0103 | QQPETS","isPartOf":{"@id":"https:\/\/qqpets.com\/#website"},"primaryImageOfPage":{"@id":"https:\/\/qqpets.com\/product\/adjustable-print-basic-dog-collar\/#primaryimage"},"image":{"@id":"https:\/\/qqpets.com\/product\/adjustable-print-basic-dog-collar\/#primaryimage"},"thumbnailUrl":"https:\/\/qqpets.com\/wp-content\/uploads\/2024\/08\/soft-dog-collar.webp","datePublished":"2024-08-31T07:01:03+00:00","dateModified":"2024-12-12T09:21:28+00:00","description":"Descoperi\u021bi zgarda noastr\u0103 durabil\u0103 Basic Dog Collar pentru utilizare zilnic\u0103. Confortabil\u0103, reglabil\u0103 \u0219i elegant\u0103. Cump\u0103ra\u021bi acum!","breadcrumb":{"@id":"https:\/\/qqpets.com\/product\/adjustable-print-basic-dog-collar\/#breadcrumb"},"inLanguage":"ro-RO","potentialAction":[{"@type":"ReadAction","target":["https:\/\/qqpets.com\/product\/adjustable-print-basic-dog-collar\/"]}]},{"@type":"ImageObject","inLanguage":"ro-RO","@id":"https:\/\/qqpets.com\/product\/adjustable-print-basic-dog-collar\/#primaryimage","url":"https:\/\/qqpets.com\/wp-content\/uploads\/2024\/08\/soft-dog-collar.webp","contentUrl":"https:\/\/qqpets.com\/wp-content\/uploads\/2024\/08\/soft-dog-collar.webp","width":800,"height":800,"caption":"soft dog collar"},{"@type":"BreadcrumbList","@id":"https:\/\/qqpets.com\/product\/adjustable-print-basic-dog-collar\/#breadcrumb","itemListElement":[{"@type":"ListItem","position":1,"name":"Home","item":"https:\/\/qqpets.com\/"},{"@type":"ListItem","position":2,"name":"Products","item":"https:\/\/qqpets.com\/pet-products-manufacturer\/"},{"@type":"ListItem","position":3,"name":"Adjustable Print Basic Dog Collar"}]},{"@type":"WebSite","@id":"https:\/\/qqpets.com\/#website","url":"https:\/\/qqpets.com\/","name":"QQPETS","description":"QQPETS este o fabric\u0103 de produse pentru animale de companie pentru hamuri pentru c\u00e2ini, gulere pentru c\u00e2ini, lese pentru c\u00e2ini \u0219i accesorii pentru c\u00e2ini cu servicii profesionale personalizate din 2005.","publisher":{"@id":"https:\/\/qqpets.com\/#organization"},"potentialAction":[{"@type":"SearchAction","target":{"@type":"EntryPoint","urlTemplate":"https:\/\/qqpets.com\/?s={search_term_string}"},"query-input":{"@type":"PropertyValueSpecification","valueRequired":true,"valueName":"search_term_string"}}],"inLanguage":"ro-RO"},{"@type":"Organization","@id":"https:\/\/qqpets.com\/#organization","name":"QQPETS","url":"https:\/\/qqpets.com\/","logo":{"@type":"ImageObject","inLanguage":"ro-RO","@id":"https:\/\/qqpets.com\/#\/schema\/logo\/image\/","url":"https:\/\/qqpets.com\/wp-content\/uploads\/2023\/09\/cropped-cropped-qqpets-tiktok.jpg","contentUrl":"https:\/\/qqpets.com\/wp-content\/uploads\/2023\/09\/cropped-cropped-qqpets-tiktok.jpg","width":511,"height":511,"caption":"QQPETS"},"image":{"@id":"https:\/\/qqpets.com\/#\/schema\/logo\/image\/"},"sameAs":["https:\/\/www.facebook.com\/QQpetsdogcollars","https:\/\/www.instagram.com\/qqpetscollar\/","https:\/\/www.pinterest.com\/qqpetsdogcollarsfactory\/"]}]}},"_links":{"self":[{"href":"https:\/\/qqpets.com\/ro\/wp-json\/wp\/v2\/product\/7672","targetHints":{"allow":["GET"]}}],"collection":[{"href":"https:\/\/qqpets.com\/ro\/wp-json\/wp\/v2\/product"}],"about":[{"href":"https:\/\/qqpets.com\/ro\/wp-json\/wp\/v2\/types\/product"}],"wp:featuredmedia":[{"embeddable":true,"href":"https:\/\/qqpets.com\/ro\/wp-json\/wp\/v2\/media\/9678"}],"wp:attachment":[{"href":"https:\/\/qqpets.com\/ro\/wp-json\/wp\/v2\/media?parent=7672"}],"wp:term":[{"taxonomy":"product_brand","embeddable":true,"href":"https:\/\/qqpets.com\/ro\/wp-json\/wp\/v2\/product_brand?post=7672"},{"taxonomy":"product_cat","embeddable":true,"href":"https:\/\/qqpets.com\/ro\/wp-json\/wp\/v2\/product_cat?post=7672"},{"taxonomy":"product_tag","embeddable":true,"href":"https:\/\/qqpets.com\/ro\/wp-json\/wp\/v2\/product_tag?post=7672"}],"curies":[{"name":"wp","href":"https:\/\/api.w.org\/{rel}","templated":true}]}}