{"id":7682,"date":"2024-08-31T16:29:37","date_gmt":"2024-08-31T08:29:37","guid":{"rendered":"https:\/\/qqpets.com\/?post_type=product&#038;p=7682"},"modified":"2024-11-13T14:00:30","modified_gmt":"2024-11-13T06:00:30","slug":"adjustable-dog-harness-and-leash-set","status":"publish","type":"product","link":"https:\/\/qqpets.com\/ro\/produs\/adjustable-dog-harness-and-leash-set\/","title":{"rendered":"Neopren c\u0103ptu\u0219eal\u0103 ajustabil c\u00e2ine ham \u0219i les\u0103 Set"},"content":{"rendered":"<p>V\u0103 prezent\u0103m combina\u021bia perfect\u0103 de stil, confort \u0219i durabilitate - setul nostru de ham \u0219i les\u0103 reglabil\u0103 pentru c\u00e2ini din neopren. Acest set este special conceput pentru proprietarii de animale care apreciaz\u0103 at\u00e2t estetica, c\u00e2t \u0219i func\u021bionalitatea. Harna\u0219amentul este fabricat din neopren de \u00eenalt\u0103 calitate, cunoscut pentru propriet\u0103\u021bile sale rezistente la intemperii \u0219i de absorb\u021bie a \u0219ocurilor, oferind o pern\u0103 moale care \u00eembr\u0103\u021bi\u0219eaz\u0103 confortabil corpul c\u00e2inelui dvs.<\/p>\n<p>Curelele reglabile v\u0103 permit s\u0103 personaliza\u021bi ajustarea la forma unic\u0103 a c\u00e2inelui dumneavoastr\u0103, asigur\u00e2ndu-v\u0103 c\u0103 r\u0103m\u00e2n \u00een siguran\u021b\u0103 f\u0103r\u0103 niciun disconfort. Materialul din neopren nu este doar durabil, ci \u0219i u\u0219or de cur\u0103\u021bat, ceea ce face ca \u00eentre\u021binerea s\u0103 fie floare la ureche.<\/p>\n<p>Lesa noastr\u0103 asortat\u0103 completeaz\u0103 frumos hamul, cre\u00e2nd un aspect unitar care va face c\u00e2inele dvs. de invidiat \u00een parc. Lesa are o bucl\u0103 de m\u00e2n\u0103 confortabil\u0103 \u0219i o clem\u0103 robust\u0103 pentru ata\u0219area u\u0219oar\u0103 la ham. \u00cempreun\u0103, setul ofer\u0103 o solu\u021bie fiabil\u0103 \u0219i elegant\u0103 pentru toate aventurile dvs. \u00een aer liber.<\/p>\n<p>Ideal pentru utilizarea de zi cu zi, fie pentru o plimbare \u00een parc, o excursie \u00een ora\u0219 sau o alergare pe plaj\u0103, setul nostru de ham \u0219i les\u0103 reglabile din neopren pentru c\u00e2ine asigur\u0103 c\u0103 animalul dvs. de companie este echipat \u00een confort \u0219i stil de top. Investi\u021bi \u00een acest set pentru o experien\u021b\u0103 de plimbare pl\u0103cut\u0103, f\u0103r\u0103 probleme, oferindu-i c\u00e2inelui dvs. libertatea de a explora, \u00een timp ce \u00eel \u021bine\u021bi \u00een siguran\u021b\u0103 sub control.<\/p>\n<h6><strong>Este neoprenul un material bun pentru un ham de c\u00e2ine?<\/strong><\/h6>\n<p>Da, neoprenul este un material bun pentru un ham de c\u00e2ine, deoarece este moale, capitonat \u0219i rezistent la ap\u0103, f\u0103c\u00e2ndu-l confortabil pentru c\u00e2ine s\u0103 poarte \u00een diferite condi\u021bii meteorologice.<\/p>\n<h6><strong>Care este cel mai rezistent material pentru o les\u0103 de c\u00e2ine?<\/strong><\/h6>\n<p>Nailonul \u0219i pielea sunt cele mai puternice materiale pentru o les\u0103 de c\u00e2ine, oferind durabilitate \u0219i rezisten\u021b\u0103 fiabil\u0103 pentru manipularea c\u00e2inilor de toate dimensiunile.<\/p>\n<h6><strong>Ce hamuri recomand\u0103 veterinarii?<\/strong><\/h6>\n<p>Medicii veterinari recomand\u0103 \u00een general hamuri c\u0103ptu\u0219ite, reglabile, care distribuie uniform presiunea \u0219i nu restric\u021bioneaz\u0103 respira\u021bia sau mi\u0219carea, \u00een special pentru c\u00e2inii predispu\u0219i la probleme respiratorii sau colaps traheal.<\/p>\n<h6><strong>Ce fel de ham este cel mai bun pentru un c\u00e2ine care trage?<\/strong><\/h6>\n<p>Un ham f\u0103r\u0103 trac\u021biune cu o les\u0103 ata\u0219at\u0103 frontal este cel mai bun pentru un c\u00e2ine care trage, deoarece ofer\u0103 control prin redirec\u021bionarea c\u00e2inelui \u00eenapoi spre st\u0103p\u00e2n atunci c\u00e2nd \u00eencearc\u0103 s\u0103 trag\u0103.<\/p>\n<h6><strong>C\u00e2inele meu ar trebui s\u0103 poarte un ham tot timpul?<\/strong><\/h6>\n<p>Nu, nu este recomandat ca un c\u00e2ine s\u0103 poarte un ham tot timpul, deoarece poate provoca irita\u021bii sau disconfort cutanat. Ar trebui s\u0103 fie scos atunci c\u00e2nd nu este folosit, \u00een special \u00een interior.<\/p>\n<h6><strong>Care este cel mai confortabil ham pentru c\u00e2ini?<\/strong><\/h6>\n<p>Harna\u0219amentul Ruffwear Front Range este considerat unul dintre cele mai confortabile harna\u0219amente pentru c\u00e2ini. Are c\u0103ptu\u0219eal\u0103 ampl\u0103, curele reglabile \u0219i un design ergonomic care asigur\u0103 confort \u0219i u\u0219urin\u021b\u0103 de mi\u0219care pentru c\u00e2ine.<\/p>\n<h6><strong>Ce este un ham reglabil?<\/strong><\/h6>\n<p>Un ham reglabil este un tip de ham pentru c\u00e2ini proiectat cu mai multe puncte de reglare care v\u0103 permit s\u0103 personaliza\u021bi ajustarea la m\u0103rimea \u0219i forma c\u00e2inelui dvs. Acest lucru asigur\u0103 o potrivire str\u00e2ns\u0103, men\u021bin\u00e2nd \u00een acela\u0219i timp confortul, care este crucial pentru prevenirea evad\u0103rii \u0219i distribuirea uniform\u0103 a presiunii.<\/p>\n<h6><strong>Care este diferen\u021ba dintre un ham pentru c\u00e2ini \u0219i un ham f\u0103r\u0103 tragere?<\/strong><\/h6>\n<p>Un ham standard pentru c\u00e2ini are de obicei o les\u0103 ata\u0219at\u0103 pe spate \u0219i este folosit pentru a fixa c\u00e2inele mai confortabil dec\u00e2t o zgard\u0103. Un ham f\u0103r\u0103 trac\u021biune are, de obicei, un ata\u0219ament pentru les\u0103 \u00een fa\u021b\u0103 sau dou\u0103 ata\u0219amente (\u00een fa\u021b\u0103 \u0219i \u00een spate) \u0219i este special conceput pentru a descuraja trac\u021biunea prin redirec\u021bionarea mi\u0219c\u0103rii c\u00e2inelui c\u0103tre dvs. atunci c\u00e2nd \u00eencearc\u0103 s\u0103 trag\u0103 \u00een fa\u021b\u0103.<\/p>\n<h6><strong>Harna\u0219amentele pentru c\u00e2ini \u00eempiedic\u0103 c\u00e2inii s\u0103 trag\u0103?<\/strong><\/h6>\n<p>Hamurile obi\u0219nuite pentru c\u00e2ini nu \u00eempiedic\u0103 neap\u0103rat c\u00e2inii s\u0103 trag\u0103, deoarece le pot permite s\u0103 \u00ee\u0219i foloseasc\u0103 \u00eentreaga for\u021b\u0103 pentru a trage \u00een fa\u021b\u0103, mai ales dac\u0103 lesa este ata\u0219at\u0103 la spate. Harna\u0219amentele \"No-pull\", cu prinderi frontale, sunt mai eficiente pentru reducerea trac\u021biunii, deoarece redirec\u021bioneaz\u0103 for\u021ba de trac\u021biune \u0219i o fac mai pu\u021bin recompensatoare pentru c\u00e2ine.<\/p>\n<h6><strong>Care sunt dezavantajele unui ham f\u0103r\u0103 trac\u021biune?<\/strong><\/h6>\n<ul>\n<li style=\"list-style-type: none;\">\n<ul>\n<li><strong>Disconfort sau irita\u021bii<\/strong>: Potrivirea necorespunz\u0103toare, \u00een special \u00een zona pieptului din fa\u021b\u0103, poate duce la disconfort sau irita\u021bii.<\/li>\n<li><strong>Complexitate \u00een utilizare<\/strong>: Unele hamuri f\u0103r\u0103 trac\u021biune pot fi mai complexe de pus corect, \u00een special cele cu mai multe puncte de reglare \u0219i curele.<\/li>\n<li><strong>Rezisten\u021b\u0103 comportamental\u0103 poten\u021bial\u0103<\/strong>: Unii c\u00e2ini ar putea rezista sau reac\u021biona negativ la senza\u021bia de a fi dirija\u021bi sau la presiunea aplicat\u0103 atunci c\u00e2nd trag. Acest lucru poate fi atenuat prin dresaj adecvat \u0219i aclimatizare treptat\u0103 la ham.<\/li>\n<li><strong>Dependen\u021ba<\/strong>: Bazarea exclusiv\u0103 pe un ham f\u0103r\u0103 trac\u021biune f\u0103r\u0103 un antrenament adecvat poate duce la dependen\u021ba de echipament pentru a controla trac\u021biunea, mai degrab\u0103 dec\u00e2t la \u00eenv\u0103\u021barea c\u00e2inelui s\u0103 nu trag\u0103 prin antrenament \u0219i \u00eent\u0103rire.<\/li>\n<\/ul>\n<\/li>\n<\/ul>","protected":false},"excerpt":{"rendered":"<p>\u00cembun\u0103t\u0103\u021bi\u021bi echipamentul c\u00e2inelui dvs. cu setul nostru de ham \u0219i les\u0103 reglabile pentru c\u00e2ine din neopren. Conceput pentru confort \u0219i stil, acest set are c\u0103ptu\u0219eal\u0103 moale din neopren pentru confort maxim \u0219i curele reglabile pentru o potrivire perfect\u0103. Lesa asortat\u0103 ofer\u0103 un aspect coerent, iar hardware-ul durabil asigur\u0103 o utilizare de lung\u0103 durat\u0103. Ideal pentru plimb\u0103rile zilnice, acest set combin\u0103 func\u021bionalitatea cu un design elegant, asigur\u00e2nd plimbarea animalului dvs. de companie \u00een confort \u0219i stil.<\/p>","protected":false},"featured_media":7683,"template":"","meta":[],"product_brand":[],"product_cat":[23],"product_tag":[],"class_list":{"0":"post-7682","1":"product","2":"type-product","3":"status-publish","4":"has-post-thumbnail","6":"product_cat-dog-harness","7":"pa_brand-qqpets","9":"first","10":"instock","11":"shipping-taxable","12":"product-type-simple"},"yoast_head":"<!-- This site is optimized with the Yoast SEO plugin v26.6 - https:\/\/yoast.com\/wordpress\/plugins\/seo\/ -->\n<title>Neoprene Padding Adjustable Dog Harness And Leash Set | QQPETS<\/title>\n<meta name=\"description\" content=\"Comfort meets style with our Neoprene Adjustable Dog Harness. Perfect fit for any dog. Durable &amp; stylish. Shop now!\" \/>\n<meta name=\"robots\" content=\"index, follow, max-snippet:-1, max-image-preview:large, max-video-preview:-1\" \/>\n<link rel=\"canonical\" href=\"https:\/\/qqpets.com\/ro\/produs\/adjustable-dog-harness-and-leash-set\/\" \/>\n<meta property=\"og:locale\" content=\"ro_RO\" \/>\n<meta property=\"og:type\" content=\"article\" \/>\n<meta property=\"og:title\" content=\"Neoprene Padding Adjustable Dog Harness And Leash Set | QQPETS\" \/>\n<meta property=\"og:description\" content=\"Comfort meets style with our Neoprene Adjustable Dog Harness. Perfect fit for any dog. Durable &amp; stylish. Shop now!\" \/>\n<meta property=\"og:url\" content=\"https:\/\/qqpets.com\/ro\/produs\/adjustable-dog-harness-and-leash-set\/\" \/>\n<meta property=\"og:site_name\" content=\"QQPETS\" \/>\n<meta property=\"article:publisher\" content=\"https:\/\/www.facebook.com\/QQpetsdogcollars\" \/>\n<meta property=\"article:modified_time\" content=\"2024-11-13T06:00:30+00:00\" \/>\n<meta property=\"og:image\" content=\"https:\/\/qqpets.com\/wp-content\/uploads\/2024\/08\/padding-dog-harness.webp\" \/>\n\t<meta property=\"og:image:width\" content=\"1600\" \/>\n\t<meta property=\"og:image:height\" content=\"1600\" \/>\n\t<meta property=\"og:image:type\" content=\"image\/webp\" \/>\n<meta name=\"twitter:card\" content=\"summary_large_image\" \/>\n<meta name=\"twitter:label1\" content=\"Timp estimat pentru citire\" \/>\n\t<meta name=\"twitter:data1\" content=\"4 minute\" \/>\n<script type=\"application\/ld+json\" class=\"yoast-schema-graph\">{\"@context\":\"https:\/\/schema.org\",\"@graph\":[{\"@type\":\"WebPage\",\"@id\":\"https:\/\/qqpets.com\/product\/adjustable-dog-harness-and-leash-set\/\",\"url\":\"https:\/\/qqpets.com\/product\/adjustable-dog-harness-and-leash-set\/\",\"name\":\"Neoprene Padding Adjustable Dog Harness And Leash Set | QQPETS\",\"isPartOf\":{\"@id\":\"https:\/\/qqpets.com\/#website\"},\"primaryImageOfPage\":{\"@id\":\"https:\/\/qqpets.com\/product\/adjustable-dog-harness-and-leash-set\/#primaryimage\"},\"image\":{\"@id\":\"https:\/\/qqpets.com\/product\/adjustable-dog-harness-and-leash-set\/#primaryimage\"},\"thumbnailUrl\":\"https:\/\/qqpets.com\/wp-content\/uploads\/2024\/08\/padding-dog-harness.webp\",\"datePublished\":\"2024-08-31T08:29:37+00:00\",\"dateModified\":\"2024-11-13T06:00:30+00:00\",\"description\":\"Comfort meets style with our Neoprene Adjustable Dog Harness. Perfect fit for any dog. Durable & stylish. Shop now!\",\"breadcrumb\":{\"@id\":\"https:\/\/qqpets.com\/product\/adjustable-dog-harness-and-leash-set\/#breadcrumb\"},\"inLanguage\":\"ro-RO\",\"potentialAction\":[{\"@type\":\"ReadAction\",\"target\":[\"https:\/\/qqpets.com\/product\/adjustable-dog-harness-and-leash-set\/\"]}]},{\"@type\":\"ImageObject\",\"inLanguage\":\"ro-RO\",\"@id\":\"https:\/\/qqpets.com\/product\/adjustable-dog-harness-and-leash-set\/#primaryimage\",\"url\":\"https:\/\/qqpets.com\/wp-content\/uploads\/2024\/08\/padding-dog-harness.webp\",\"contentUrl\":\"https:\/\/qqpets.com\/wp-content\/uploads\/2024\/08\/padding-dog-harness.webp\",\"width\":1600,\"height\":1600},{\"@type\":\"BreadcrumbList\",\"@id\":\"https:\/\/qqpets.com\/product\/adjustable-dog-harness-and-leash-set\/#breadcrumb\",\"itemListElement\":[{\"@type\":\"ListItem\",\"position\":1,\"name\":\"Home\",\"item\":\"https:\/\/qqpets.com\/\"},{\"@type\":\"ListItem\",\"position\":2,\"name\":\"Products\",\"item\":\"https:\/\/qqpets.com\/pet-products-manufacturer\/\"},{\"@type\":\"ListItem\",\"position\":3,\"name\":\"Neoprene Padding Adjustable Dog Harness And Leash Set\"}]},{\"@type\":\"WebSite\",\"@id\":\"https:\/\/qqpets.com\/#website\",\"url\":\"https:\/\/qqpets.com\/\",\"name\":\"QQPETS\",\"description\":\"QQPETS is a pet products factory for dog harnesses, dog collars, dog leashes and dog accessories with professional customized service since 2005.\",\"publisher\":{\"@id\":\"https:\/\/qqpets.com\/#organization\"},\"potentialAction\":[{\"@type\":\"SearchAction\",\"target\":{\"@type\":\"EntryPoint\",\"urlTemplate\":\"https:\/\/qqpets.com\/?s={search_term_string}\"},\"query-input\":{\"@type\":\"PropertyValueSpecification\",\"valueRequired\":true,\"valueName\":\"search_term_string\"}}],\"inLanguage\":\"ro-RO\"},{\"@type\":\"Organization\",\"@id\":\"https:\/\/qqpets.com\/#organization\",\"name\":\"QQPETS\",\"url\":\"https:\/\/qqpets.com\/\",\"logo\":{\"@type\":\"ImageObject\",\"inLanguage\":\"ro-RO\",\"@id\":\"https:\/\/qqpets.com\/#\/schema\/logo\/image\/\",\"url\":\"https:\/\/qqpets.com\/wp-content\/uploads\/2023\/09\/cropped-cropped-qqpets-tiktok.jpg\",\"contentUrl\":\"https:\/\/qqpets.com\/wp-content\/uploads\/2023\/09\/cropped-cropped-qqpets-tiktok.jpg\",\"width\":511,\"height\":511,\"caption\":\"QQPETS\"},\"image\":{\"@id\":\"https:\/\/qqpets.com\/#\/schema\/logo\/image\/\"},\"sameAs\":[\"https:\/\/www.facebook.com\/QQpetsdogcollars\",\"https:\/\/www.instagram.com\/qqpetscollar\/\",\"https:\/\/www.pinterest.com\/qqpetsdogcollarsfactory\/\"]}]}<\/script>\n<!-- \/ Yoast SEO plugin. -->","yoast_head_json":{"title":"Neopren c\u0103ptu\u0219eal\u0103 ajustabil c\u00e2ine harna\u0219ament \u0219i les\u0103 Set | QQPETS","description":"Confortul \u00eent\u00e2lne\u0219te stilul cu hamul nostru reglabil pentru c\u00e2ini din neopren. Potrivire perfect\u0103 pentru orice c\u00e2ine. Durabil \u0219i elegant. Cump\u0103ra\u021bi acum!","robots":{"index":"index","follow":"follow","max-snippet":"max-snippet:-1","max-image-preview":"max-image-preview:large","max-video-preview":"max-video-preview:-1"},"canonical":"https:\/\/qqpets.com\/ro\/produs\/adjustable-dog-harness-and-leash-set\/","og_locale":"ro_RO","og_type":"article","og_title":"Neoprene Padding Adjustable Dog Harness And Leash Set | QQPETS","og_description":"Comfort meets style with our Neoprene Adjustable Dog Harness. Perfect fit for any dog. Durable & stylish. Shop now!","og_url":"https:\/\/qqpets.com\/ro\/produs\/adjustable-dog-harness-and-leash-set\/","og_site_name":"QQPETS","article_publisher":"https:\/\/www.facebook.com\/QQpetsdogcollars","article_modified_time":"2024-11-13T06:00:30+00:00","og_image":[{"width":1600,"height":1600,"url":"https:\/\/qqpets.com\/wp-content\/uploads\/2024\/08\/padding-dog-harness.webp","type":"image\/webp"}],"twitter_card":"summary_large_image","twitter_misc":{"Timp estimat pentru citire":"4 minute"},"schema":{"@context":"https:\/\/schema.org","@graph":[{"@type":"WebPage","@id":"https:\/\/qqpets.com\/product\/adjustable-dog-harness-and-leash-set\/","url":"https:\/\/qqpets.com\/product\/adjustable-dog-harness-and-leash-set\/","name":"Neopren c\u0103ptu\u0219eal\u0103 ajustabil c\u00e2ine harna\u0219ament \u0219i les\u0103 Set | QQPETS","isPartOf":{"@id":"https:\/\/qqpets.com\/#website"},"primaryImageOfPage":{"@id":"https:\/\/qqpets.com\/product\/adjustable-dog-harness-and-leash-set\/#primaryimage"},"image":{"@id":"https:\/\/qqpets.com\/product\/adjustable-dog-harness-and-leash-set\/#primaryimage"},"thumbnailUrl":"https:\/\/qqpets.com\/wp-content\/uploads\/2024\/08\/padding-dog-harness.webp","datePublished":"2024-08-31T08:29:37+00:00","dateModified":"2024-11-13T06:00:30+00:00","description":"Confortul \u00eent\u00e2lne\u0219te stilul cu hamul nostru reglabil pentru c\u00e2ini din neopren. Potrivire perfect\u0103 pentru orice c\u00e2ine. Durabil \u0219i elegant. Cump\u0103ra\u021bi acum!","breadcrumb":{"@id":"https:\/\/qqpets.com\/product\/adjustable-dog-harness-and-leash-set\/#breadcrumb"},"inLanguage":"ro-RO","potentialAction":[{"@type":"ReadAction","target":["https:\/\/qqpets.com\/product\/adjustable-dog-harness-and-leash-set\/"]}]},{"@type":"ImageObject","inLanguage":"ro-RO","@id":"https:\/\/qqpets.com\/product\/adjustable-dog-harness-and-leash-set\/#primaryimage","url":"https:\/\/qqpets.com\/wp-content\/uploads\/2024\/08\/padding-dog-harness.webp","contentUrl":"https:\/\/qqpets.com\/wp-content\/uploads\/2024\/08\/padding-dog-harness.webp","width":1600,"height":1600},{"@type":"BreadcrumbList","@id":"https:\/\/qqpets.com\/product\/adjustable-dog-harness-and-leash-set\/#breadcrumb","itemListElement":[{"@type":"ListItem","position":1,"name":"Home","item":"https:\/\/qqpets.com\/"},{"@type":"ListItem","position":2,"name":"Products","item":"https:\/\/qqpets.com\/pet-products-manufacturer\/"},{"@type":"ListItem","position":3,"name":"Neoprene Padding Adjustable Dog Harness And Leash Set"}]},{"@type":"WebSite","@id":"https:\/\/qqpets.com\/#website","url":"https:\/\/qqpets.com\/","name":"QQPETS","description":"QQPETS este o fabric\u0103 de produse pentru animale de companie pentru hamuri pentru c\u00e2ini, gulere pentru c\u00e2ini, lese pentru c\u00e2ini \u0219i accesorii pentru c\u00e2ini cu servicii profesionale personalizate din 2005.","publisher":{"@id":"https:\/\/qqpets.com\/#organization"},"potentialAction":[{"@type":"SearchAction","target":{"@type":"EntryPoint","urlTemplate":"https:\/\/qqpets.com\/?s={search_term_string}"},"query-input":{"@type":"PropertyValueSpecification","valueRequired":true,"valueName":"search_term_string"}}],"inLanguage":"ro-RO"},{"@type":"Organization","@id":"https:\/\/qqpets.com\/#organization","name":"QQPETS","url":"https:\/\/qqpets.com\/","logo":{"@type":"ImageObject","inLanguage":"ro-RO","@id":"https:\/\/qqpets.com\/#\/schema\/logo\/image\/","url":"https:\/\/qqpets.com\/wp-content\/uploads\/2023\/09\/cropped-cropped-qqpets-tiktok.jpg","contentUrl":"https:\/\/qqpets.com\/wp-content\/uploads\/2023\/09\/cropped-cropped-qqpets-tiktok.jpg","width":511,"height":511,"caption":"QQPETS"},"image":{"@id":"https:\/\/qqpets.com\/#\/schema\/logo\/image\/"},"sameAs":["https:\/\/www.facebook.com\/QQpetsdogcollars","https:\/\/www.instagram.com\/qqpetscollar\/","https:\/\/www.pinterest.com\/qqpetsdogcollarsfactory\/"]}]}},"_links":{"self":[{"href":"https:\/\/qqpets.com\/ro\/wp-json\/wp\/v2\/product\/7682","targetHints":{"allow":["GET"]}}],"collection":[{"href":"https:\/\/qqpets.com\/ro\/wp-json\/wp\/v2\/product"}],"about":[{"href":"https:\/\/qqpets.com\/ro\/wp-json\/wp\/v2\/types\/product"}],"wp:featuredmedia":[{"embeddable":true,"href":"https:\/\/qqpets.com\/ro\/wp-json\/wp\/v2\/media\/7683"}],"wp:attachment":[{"href":"https:\/\/qqpets.com\/ro\/wp-json\/wp\/v2\/media?parent=7682"}],"wp:term":[{"taxonomy":"product_brand","embeddable":true,"href":"https:\/\/qqpets.com\/ro\/wp-json\/wp\/v2\/product_brand?post=7682"},{"taxonomy":"product_cat","embeddable":true,"href":"https:\/\/qqpets.com\/ro\/wp-json\/wp\/v2\/product_cat?post=7682"},{"taxonomy":"product_tag","embeddable":true,"href":"https:\/\/qqpets.com\/ro\/wp-json\/wp\/v2\/product_tag?post=7682"}],"curies":[{"name":"wp","href":"https:\/\/api.w.org\/{rel}","templated":true}]}}