{"id":7695,"date":"2024-08-31T17:24:16","date_gmt":"2024-08-31T09:24:16","guid":{"rendered":"https:\/\/qqpets.com\/?post_type=product&#038;p=7695"},"modified":"2024-08-31T17:25:22","modified_gmt":"2024-08-31T09:25:22","slug":"mesh-step-in-dog-harness","status":"publish","type":"product","link":"https:\/\/qqpets.com\/ro\/produs\/mesh-step-in-dog-harness\/","title":{"rendered":"Mesh pas \u00een ham c\u00e2ine"},"content":{"rendered":"<p>Prezenta\u021bi-i c\u00e2inelui dvs. confortul \u0219i comoditatea cu hamul nostru pentru c\u00e2ini Mesh Step In, adaptat pentru o potrivire f\u0103r\u0103 efort \u0219i o respirabilitate excep\u021bional\u0103. Acest ham este conceput pentru a v\u0103 face ie\u0219irile zilnice mai u\u0219oare \u0219i mai pl\u0103cute at\u00e2t pentru dvs. c\u00e2t \u0219i pentru animalul dvs. de companie. Designul step-in elimin\u0103 necesitatea de a trage hamul peste capul c\u00e2inelui, f\u0103c\u00e2nd echiparea rapid\u0103 \u0219i f\u0103r\u0103 stres.<\/p>\n<p>Fabricat din material moale \u0219i u\u0219or din plas\u0103, hamul asigur\u0103 c\u0103 c\u00e2inele dvs. r\u0103m\u00e2ne r\u0103coros \u0219i confortabil, chiar \u0219i \u00een timpul vremii mai calde. Plasa respirabil\u0103 permite circula\u021bia adecvat\u0103 a aerului, prevenind supra\u00eenc\u0103lzirea \u0219i asigur\u00e2nd c\u0103 animalul dvs. de companie se simte proasp\u0103t pe tot parcursul plimb\u0103rii.<\/p>\n<p>Ajustabilitatea este esen\u021bial\u0103 cu hamul nostru, av\u00e2nd curele u\u0219or de manevrat care v\u0103 permit s\u0103 crea\u021bi o potrivire personalizat\u0103 care este at\u00e2t sigur\u0103 c\u00e2t \u0219i confortabil\u0103 pentru c\u00e2inele dvs. Aceast\u0103 potrivire previne frecarea sau iritarea hamului, oferind \u00een acela\u0219i timp suport \u0219i control ample \u00een timpul plimb\u0103rilor.<\/p>\n<p>Harna\u0219amentul nostru pentru c\u00e2ini Mesh Step In nu este doar func\u021bional, ci \u0219i elegant. Disponibil \u00eentr-o varietate de culori \u0219i dimensiuni, este perfect pentru animalele de companie de toate formele \u0219i rasele. Fie c\u0103 v\u0103 \u00eendrepta\u021bi spre o plimbare rapid\u0103 \u00een jurul blocului sau spre o aventur\u0103 mai lung\u0103 \u00een parc, acest ham combin\u0103 durabilitatea, stilul \u0219i confortul \u00eentr-un accesoriu indispensabil pentru animalul dvs. de companie.<\/p>\n<p>Echipa\u021bi-v\u0103 c\u00e2inele cu hamul nostru Mesh Step In pentru a v\u0103 asigura c\u0103 se bucur\u0103 de fiecare ie\u0219ire cu confort \u0219i u\u0219urin\u021b\u0103, \u00een timp ce dumneavoastr\u0103 v\u0103 bucura\u021bi de simplitatea \u0219i eficien\u021ba unui ham bine conceput.<\/p>\n<div class=\"flex max-w-full flex-col flex-grow\">\n<div class=\"min-h-[20px] text-message flex w-full flex-col items-end gap-2 break-words [.text-message+&amp;]:mt-5 overflow-x-auto whitespace-normal\" dir=\"auto\" data-message-author-role=\"assistant\" data-message-id=\"ef04834b-61b9-4d06-98fe-1d0d44d63bf5\">\n<div class=\"flex w-full flex-col gap-1 empty:hidden first:pt-[3px]\">\n<div class=\"markdown prose w-full break-words dark:prose-invert light\">\n<h6><strong>Sunt hamurile din plas\u0103 bune pentru c\u00e2ini?<\/strong><\/h6>\n<p>Da, hamurile din plas\u0103 sunt bune pentru c\u00e2ini, deoarece ofer\u0103 respirabilitate \u0219i confort, \u00een special \u00een climatele mai calde, fiind \u00een acela\u0219i timp u\u0219oare.<\/p>\n<h6><strong>Sunt hamurile step-in bune pentru c\u00e2ini?<\/strong><\/h6>\n<p>Da, hamurile step-in sunt benefice pentru c\u00e2ini, deoarece sunt u\u0219or de pus \u0219i distribuie presiunea uniform pe piept \u0219i umeri, f\u0103c\u00e2ndu-le confortabile pentru majoritatea c\u00e2inilor.<\/p>\n<h6><strong>C\u00e2inii pot sc\u0103pa de hamul step-in?<\/strong><\/h6>\n<p>C\u00e2inii pot sc\u0103pa din hamurile step-in dac\u0103 acestea nu sunt ajustate corespunz\u0103tor. Este important s\u0103 v\u0103 asigura\u021bi c\u0103 hamul este str\u00e2ns \u0219i ajustat corect pentru a preveni evadarea.<\/p>\n<h6><strong>Cum folosi\u021bi un ham de c\u00e2ine step-in?<\/strong><\/h6>\n<p>A\u0219eza\u021bi hamul pe sol, ghida\u021bi picioarele din fa\u021b\u0103 ale c\u00e2inelui dvs. \u00een deschideri, apoi trage\u021bi hamul \u00een sus \u0219i \u00een jurul trunchiului \u0219i fixa\u021bi catarama la spate.<\/p>\n<h6><strong>Ce este plasa pentru c\u00e2ini?<\/strong><\/h6>\n<p>Plasa pentru c\u00e2ini se refer\u0103 la un tip de \u021bes\u0103tur\u0103 utilizat\u0103 \u00een produsele pentru animale de companie, \u00een special \u00een hamuri \u0219i transportoare. Este un material respirabil, u\u0219or, care permite fluxul de aer, ceea ce \u00eel face confortabil pentru c\u00e2ine.<\/p>\n<h6><strong>Ce tip de ham este cel mai bun pentru un c\u00e2ine?<\/strong><\/h6>\n<p>Cel mai bun tip de ham pentru un c\u00e2ine depinde \u00een general de m\u0103rimea, rasa \u0219i comportamentul c\u00e2inelui. Pentru majoritatea c\u00e2inilor, \u00een special pentru cei care trag, un ham f\u0103r\u0103 trac\u021biune cu o les\u0103 ata\u0219at\u0103 \u00een fa\u021b\u0103 este ideal, deoarece ofer\u0103 un control mai bun \u00een timpul plimb\u0103rilor \u0219i reduce tensiunea pe g\u00e2tul \u0219i spatele c\u00e2inelui.<\/p>\n<\/div>\n<\/div>\n<\/div>\n<\/div>","protected":false},"excerpt":{"rendered":"<p>Experimenta\u021bi confortul suprem cu hamul nostru pentru c\u00e2ini Mesh Step In, conceput pentru o purtare u\u0219oar\u0103 \u0219i confort respirabil. Acest ham u\u0219or are un design step-in pentru o montare f\u0103r\u0103 probleme \u0219i o \u021bes\u0103tur\u0103 din plas\u0103 care v\u0103 men\u021bine c\u00e2inele r\u0103coros chiar \u0219i \u00een zilele c\u0103lduroase. Curelele reglabile asigur\u0103 o potrivire perfect\u0103, \u00een timp ce construc\u021bia durabil\u0103 ofer\u0103 fiabilitate \u00een timpul plimb\u0103rilor. Ideal pentru c\u00e2inii activi \u0219i st\u0103p\u00e2nii care apreciaz\u0103 confortul \u0219i comoditatea.<\/p>","protected":false},"featured_media":7697,"template":"","meta":[],"product_brand":[],"product_cat":[23],"product_tag":[],"class_list":{"0":"post-7695","1":"product","2":"type-product","3":"status-publish","4":"has-post-thumbnail","6":"product_cat-dog-harness","7":"pa_brand-qqpets","9":"first","10":"instock","11":"shipping-taxable","12":"product-type-simple"},"yoast_head":"<!-- This site is optimized with the Yoast SEO plugin v26.6 - https:\/\/yoast.com\/wordpress\/plugins\/seo\/ -->\n<title>Mesh Step in Dog Harness | QQPETS<\/title>\n<meta name=\"description\" content=\"Explore our Mesh Step In Dog Harness for breathable comfort. Perfect fit, easy to use. Shop now for quality!\" \/>\n<meta name=\"robots\" content=\"index, follow, max-snippet:-1, max-image-preview:large, max-video-preview:-1\" \/>\n<link rel=\"canonical\" href=\"https:\/\/qqpets.com\/ro\/produs\/mesh-step-in-dog-harness\/\" \/>\n<meta property=\"og:locale\" content=\"ro_RO\" \/>\n<meta property=\"og:type\" content=\"article\" \/>\n<meta property=\"og:title\" content=\"Mesh Step in Dog Harness | QQPETS\" \/>\n<meta property=\"og:description\" content=\"Explore our Mesh Step In Dog Harness for breathable comfort. Perfect fit, easy to use. Shop now for quality!\" \/>\n<meta property=\"og:url\" content=\"https:\/\/qqpets.com\/ro\/produs\/mesh-step-in-dog-harness\/\" \/>\n<meta property=\"og:site_name\" content=\"QQPETS\" \/>\n<meta property=\"article:publisher\" content=\"https:\/\/www.facebook.com\/QQpetsdogcollars\" \/>\n<meta property=\"article:modified_time\" content=\"2024-08-31T09:25:22+00:00\" \/>\n<meta property=\"og:image\" content=\"https:\/\/qqpets.com\/wp-content\/uploads\/2024\/08\/step-in-dog-harness1.webp\" \/>\n\t<meta property=\"og:image:width\" content=\"1600\" \/>\n\t<meta property=\"og:image:height\" content=\"1600\" \/>\n\t<meta property=\"og:image:type\" content=\"image\/webp\" \/>\n<meta name=\"twitter:card\" content=\"summary_large_image\" \/>\n<meta name=\"twitter:label1\" content=\"Timp estimat pentru citire\" \/>\n\t<meta name=\"twitter:data1\" content=\"3 minute\" \/>\n<script type=\"application\/ld+json\" class=\"yoast-schema-graph\">{\"@context\":\"https:\/\/schema.org\",\"@graph\":[{\"@type\":\"WebPage\",\"@id\":\"https:\/\/qqpets.com\/product\/mesh-step-in-dog-harness\/\",\"url\":\"https:\/\/qqpets.com\/product\/mesh-step-in-dog-harness\/\",\"name\":\"Mesh Step in Dog Harness | QQPETS\",\"isPartOf\":{\"@id\":\"https:\/\/qqpets.com\/#website\"},\"primaryImageOfPage\":{\"@id\":\"https:\/\/qqpets.com\/product\/mesh-step-in-dog-harness\/#primaryimage\"},\"image\":{\"@id\":\"https:\/\/qqpets.com\/product\/mesh-step-in-dog-harness\/#primaryimage\"},\"thumbnailUrl\":\"https:\/\/qqpets.com\/wp-content\/uploads\/2024\/08\/step-in-dog-harness1.webp\",\"datePublished\":\"2024-08-31T09:24:16+00:00\",\"dateModified\":\"2024-08-31T09:25:22+00:00\",\"description\":\"Explore our Mesh Step In Dog Harness for breathable comfort. Perfect fit, easy to use. Shop now for quality!\",\"breadcrumb\":{\"@id\":\"https:\/\/qqpets.com\/product\/mesh-step-in-dog-harness\/#breadcrumb\"},\"inLanguage\":\"ro-RO\",\"potentialAction\":[{\"@type\":\"ReadAction\",\"target\":[\"https:\/\/qqpets.com\/product\/mesh-step-in-dog-harness\/\"]}]},{\"@type\":\"ImageObject\",\"inLanguage\":\"ro-RO\",\"@id\":\"https:\/\/qqpets.com\/product\/mesh-step-in-dog-harness\/#primaryimage\",\"url\":\"https:\/\/qqpets.com\/wp-content\/uploads\/2024\/08\/step-in-dog-harness1.webp\",\"contentUrl\":\"https:\/\/qqpets.com\/wp-content\/uploads\/2024\/08\/step-in-dog-harness1.webp\",\"width\":1600,\"height\":1600},{\"@type\":\"BreadcrumbList\",\"@id\":\"https:\/\/qqpets.com\/product\/mesh-step-in-dog-harness\/#breadcrumb\",\"itemListElement\":[{\"@type\":\"ListItem\",\"position\":1,\"name\":\"Home\",\"item\":\"https:\/\/qqpets.com\/\"},{\"@type\":\"ListItem\",\"position\":2,\"name\":\"Products\",\"item\":\"https:\/\/qqpets.com\/pet-products-manufacturer\/\"},{\"@type\":\"ListItem\",\"position\":3,\"name\":\"Mesh Step in Dog Harness\"}]},{\"@type\":\"WebSite\",\"@id\":\"https:\/\/qqpets.com\/#website\",\"url\":\"https:\/\/qqpets.com\/\",\"name\":\"QQPETS\",\"description\":\"QQPETS is a pet products factory for dog harnesses, dog collars, dog leashes and dog accessories with professional customized service since 2005.\",\"publisher\":{\"@id\":\"https:\/\/qqpets.com\/#organization\"},\"potentialAction\":[{\"@type\":\"SearchAction\",\"target\":{\"@type\":\"EntryPoint\",\"urlTemplate\":\"https:\/\/qqpets.com\/?s={search_term_string}\"},\"query-input\":{\"@type\":\"PropertyValueSpecification\",\"valueRequired\":true,\"valueName\":\"search_term_string\"}}],\"inLanguage\":\"ro-RO\"},{\"@type\":\"Organization\",\"@id\":\"https:\/\/qqpets.com\/#organization\",\"name\":\"QQPETS\",\"url\":\"https:\/\/qqpets.com\/\",\"logo\":{\"@type\":\"ImageObject\",\"inLanguage\":\"ro-RO\",\"@id\":\"https:\/\/qqpets.com\/#\/schema\/logo\/image\/\",\"url\":\"https:\/\/qqpets.com\/wp-content\/uploads\/2023\/09\/cropped-cropped-qqpets-tiktok.jpg\",\"contentUrl\":\"https:\/\/qqpets.com\/wp-content\/uploads\/2023\/09\/cropped-cropped-qqpets-tiktok.jpg\",\"width\":511,\"height\":511,\"caption\":\"QQPETS\"},\"image\":{\"@id\":\"https:\/\/qqpets.com\/#\/schema\/logo\/image\/\"},\"sameAs\":[\"https:\/\/www.facebook.com\/QQpetsdogcollars\",\"https:\/\/www.instagram.com\/qqpetscollar\/\",\"https:\/\/www.pinterest.com\/qqpetsdogcollarsfactory\/\"]}]}<\/script>\n<!-- \/ Yoast SEO plugin. -->","yoast_head_json":{"title":"Mesh Step \u00een Dog Harness | QQPETS","description":"Explora\u021bi hamul nostru de c\u00e2ine Mesh Step In pentru confort respirabil. Potrivire perfect\u0103, u\u0219or de utilizat. Cump\u0103ra\u021bi acum pentru calitate!","robots":{"index":"index","follow":"follow","max-snippet":"max-snippet:-1","max-image-preview":"max-image-preview:large","max-video-preview":"max-video-preview:-1"},"canonical":"https:\/\/qqpets.com\/ro\/produs\/mesh-step-in-dog-harness\/","og_locale":"ro_RO","og_type":"article","og_title":"Mesh Step in Dog Harness | QQPETS","og_description":"Explore our Mesh Step In Dog Harness for breathable comfort. Perfect fit, easy to use. Shop now for quality!","og_url":"https:\/\/qqpets.com\/ro\/produs\/mesh-step-in-dog-harness\/","og_site_name":"QQPETS","article_publisher":"https:\/\/www.facebook.com\/QQpetsdogcollars","article_modified_time":"2024-08-31T09:25:22+00:00","og_image":[{"width":1600,"height":1600,"url":"https:\/\/qqpets.com\/wp-content\/uploads\/2024\/08\/step-in-dog-harness1.webp","type":"image\/webp"}],"twitter_card":"summary_large_image","twitter_misc":{"Timp estimat pentru citire":"3 minute"},"schema":{"@context":"https:\/\/schema.org","@graph":[{"@type":"WebPage","@id":"https:\/\/qqpets.com\/product\/mesh-step-in-dog-harness\/","url":"https:\/\/qqpets.com\/product\/mesh-step-in-dog-harness\/","name":"Mesh Step \u00een Dog Harness | QQPETS","isPartOf":{"@id":"https:\/\/qqpets.com\/#website"},"primaryImageOfPage":{"@id":"https:\/\/qqpets.com\/product\/mesh-step-in-dog-harness\/#primaryimage"},"image":{"@id":"https:\/\/qqpets.com\/product\/mesh-step-in-dog-harness\/#primaryimage"},"thumbnailUrl":"https:\/\/qqpets.com\/wp-content\/uploads\/2024\/08\/step-in-dog-harness1.webp","datePublished":"2024-08-31T09:24:16+00:00","dateModified":"2024-08-31T09:25:22+00:00","description":"Explora\u021bi hamul nostru de c\u00e2ine Mesh Step In pentru confort respirabil. Potrivire perfect\u0103, u\u0219or de utilizat. Cump\u0103ra\u021bi acum pentru calitate!","breadcrumb":{"@id":"https:\/\/qqpets.com\/product\/mesh-step-in-dog-harness\/#breadcrumb"},"inLanguage":"ro-RO","potentialAction":[{"@type":"ReadAction","target":["https:\/\/qqpets.com\/product\/mesh-step-in-dog-harness\/"]}]},{"@type":"ImageObject","inLanguage":"ro-RO","@id":"https:\/\/qqpets.com\/product\/mesh-step-in-dog-harness\/#primaryimage","url":"https:\/\/qqpets.com\/wp-content\/uploads\/2024\/08\/step-in-dog-harness1.webp","contentUrl":"https:\/\/qqpets.com\/wp-content\/uploads\/2024\/08\/step-in-dog-harness1.webp","width":1600,"height":1600},{"@type":"BreadcrumbList","@id":"https:\/\/qqpets.com\/product\/mesh-step-in-dog-harness\/#breadcrumb","itemListElement":[{"@type":"ListItem","position":1,"name":"Home","item":"https:\/\/qqpets.com\/"},{"@type":"ListItem","position":2,"name":"Products","item":"https:\/\/qqpets.com\/pet-products-manufacturer\/"},{"@type":"ListItem","position":3,"name":"Mesh Step in Dog Harness"}]},{"@type":"WebSite","@id":"https:\/\/qqpets.com\/#website","url":"https:\/\/qqpets.com\/","name":"QQPETS","description":"QQPETS este o fabric\u0103 de produse pentru animale de companie pentru hamuri pentru c\u00e2ini, gulere pentru c\u00e2ini, lese pentru c\u00e2ini \u0219i accesorii pentru c\u00e2ini cu servicii profesionale personalizate din 2005.","publisher":{"@id":"https:\/\/qqpets.com\/#organization"},"potentialAction":[{"@type":"SearchAction","target":{"@type":"EntryPoint","urlTemplate":"https:\/\/qqpets.com\/?s={search_term_string}"},"query-input":{"@type":"PropertyValueSpecification","valueRequired":true,"valueName":"search_term_string"}}],"inLanguage":"ro-RO"},{"@type":"Organization","@id":"https:\/\/qqpets.com\/#organization","name":"QQPETS","url":"https:\/\/qqpets.com\/","logo":{"@type":"ImageObject","inLanguage":"ro-RO","@id":"https:\/\/qqpets.com\/#\/schema\/logo\/image\/","url":"https:\/\/qqpets.com\/wp-content\/uploads\/2023\/09\/cropped-cropped-qqpets-tiktok.jpg","contentUrl":"https:\/\/qqpets.com\/wp-content\/uploads\/2023\/09\/cropped-cropped-qqpets-tiktok.jpg","width":511,"height":511,"caption":"QQPETS"},"image":{"@id":"https:\/\/qqpets.com\/#\/schema\/logo\/image\/"},"sameAs":["https:\/\/www.facebook.com\/QQpetsdogcollars","https:\/\/www.instagram.com\/qqpetscollar\/","https:\/\/www.pinterest.com\/qqpetsdogcollarsfactory\/"]}]}},"_links":{"self":[{"href":"https:\/\/qqpets.com\/ro\/wp-json\/wp\/v2\/product\/7695","targetHints":{"allow":["GET"]}}],"collection":[{"href":"https:\/\/qqpets.com\/ro\/wp-json\/wp\/v2\/product"}],"about":[{"href":"https:\/\/qqpets.com\/ro\/wp-json\/wp\/v2\/types\/product"}],"wp:featuredmedia":[{"embeddable":true,"href":"https:\/\/qqpets.com\/ro\/wp-json\/wp\/v2\/media\/7697"}],"wp:attachment":[{"href":"https:\/\/qqpets.com\/ro\/wp-json\/wp\/v2\/media?parent=7695"}],"wp:term":[{"taxonomy":"product_brand","embeddable":true,"href":"https:\/\/qqpets.com\/ro\/wp-json\/wp\/v2\/product_brand?post=7695"},{"taxonomy":"product_cat","embeddable":true,"href":"https:\/\/qqpets.com\/ro\/wp-json\/wp\/v2\/product_cat?post=7695"},{"taxonomy":"product_tag","embeddable":true,"href":"https:\/\/qqpets.com\/ro\/wp-json\/wp\/v2\/product_tag?post=7695"}],"curies":[{"name":"wp","href":"https:\/\/api.w.org\/{rel}","templated":true}]}}