{"id":7740,"date":"2024-09-02T15:02:10","date_gmt":"2024-09-02T07:02:10","guid":{"rendered":"https:\/\/qqpets.com\/?post_type=product&#038;p=7740"},"modified":"2024-11-13T14:56:51","modified_gmt":"2024-11-13T06:56:51","slug":"tactical-dog-collar","status":"publish","type":"product","link":"https:\/\/qqpets.com\/ro\/produs\/tactical-dog-collar\/","title":{"rendered":"Tactic Dog Collar Heavy Duty Metal Buckle cu m\u00e2ner pentru c\u00e2ine de formare"},"content":{"rendered":"<p>Introduce\u021bi durabilitatea \u0219i func\u021bionalitatea de grad militar \u00een accesoriile c\u00e2inelui dvs. cu zgarda noastr\u0103 tactic\u0103 pentru c\u00e2ini. Aceast\u0103 zgard\u0103 este special conceput\u0103 pentru c\u00e2inii de serviciu, combin\u00e2nd construc\u021bia robust\u0103 cu designul practic pentru a rezista celor mai dure medii.<\/p>\n<p>Fabricat\u0103 din \u021bes\u0103tur\u0103 de nailon de \u00eenalt\u0103 rezisten\u021b\u0103, zgarda are o cataram\u0103 metalic\u0103 rezistent\u0103 \u0219i un inel D care ofer\u0103 puncte fiabile de fixare a lesei. Acest lucru asigur\u0103 faptul c\u0103 zgarda r\u0103m\u00e2ne bine fixat\u0103, indiferent de nivelul de activitate.<\/p>\n<p>Zgarda este proiectat\u0103 cu o curea lat\u0103 pentru a distribui uniform presiunea, ceea ce ajut\u0103 la prevenirea sufoc\u0103rii \u0219i a disconfortului \u00een timpul activit\u0103\u021bilor viguroase. Potrivirea reglabil\u0103 v\u0103 permite s\u0103 personaliza\u021bi str\u00e2nsoarea pentru a se potrivi cu dimensiunea g\u00e2tului c\u00e2inelui dvs. \u0219i s\u0103 le asigura\u021bi confortul \u00een timpul orelor lungi de purtare.<\/p>\n<p>Pentru manipulatorii care solicit\u0103 mai mult de la echipamentul lor, aceast\u0103 zgard\u0103 include caracteristici suplimentare, cum ar fi un panou cu c\u00e2rlig \u0219i bucl\u0103 pentru ata\u0219area patch-urilor de identificare sau a altor echipamente tactice. Fie c\u0103 v\u0103 antrena\u021bi, patrula\u021bi sau pur \u0219i simplu v\u0103 bucura\u021bi de o aventur\u0103 \u00een aer liber, aceast\u0103 zgard\u0103 este construit\u0103 pentru a oferi control superior \u0219i longevitate.<\/p>\n<p>Ideal\u0103 pentru c\u00e2inii de paz\u0103 personali, zgarda noastr\u0103 tactic\u0103 pentru c\u00e2ini combin\u0103 rezisten\u021ba, confortul \u0219i fiabilitatea. Este un instrument esen\u021bial pentru orice dresor de c\u00e2ini cu cel mai exigent echipament, care trebuie s\u0103 se asigure c\u0103 c\u00e2inii lor func\u021bioneaz\u0103 la cel mai bun nivel.<\/p>\n<h4><strong>Sunt hamurile tactice bune pentru c\u00e2ini?<\/strong><\/h4>\n<p>Harna\u0219amentele tactice pot fi benefice pentru anumite scopuri. Acestea sunt durabile, ofer\u0103 un control bun \u0219i pot transporta echipamente, ceea ce le face potrivite pentru c\u00e2inii de serviciu sau de serviciu implica\u021bi \u00een activit\u0103\u021bi precum c\u0103utarea \u0219i salvarea, munca de poli\u021bie sau sarcinile militare.<\/p>\n<h4><strong>De ce ar avea nevoie un c\u00e2ine de o vest\u0103 tactic\u0103?<\/strong><\/h4>\n<p>Un c\u00e2ine poate avea nevoie de o vest\u0103 tactic\u0103 dac\u0103 este implicat \u00een activit\u0103\u021bi de aplicare a legii, opera\u021biuni militare sau activit\u0103\u021bi de c\u0103utare \u0219i salvare. Vesta poate \u021bine echipamentul, \u00eembun\u0103t\u0103\u021be\u0219te vizibilitatea, ofer\u0103 protec\u021bie corporal\u0103 \u0219i include m\u00e2nere pentru controlul conductorului.<\/p>\n<h4><strong>Colierele tactice pentru c\u00e2ini sunt sigure?<\/strong><\/h4>\n<p>Colierele tactice pentru c\u00e2ini sunt \u00een general sigure atunci c\u00e2nd sunt utilizate corespunz\u0103tor. Acestea sunt concepute pentru a fi durabile \u0219i pentru a oferi un control suplimentar. Cu toate acestea, ca orice zgard\u0103, acestea trebuie s\u0103 se potriveasc\u0103 corect pentru a se asigura c\u0103 nu provoac\u0103 disconfort sau r\u0103niri.<\/p>\n<h4><strong>Pentru ce este folosit\u0103 o zgard\u0103 tactic\u0103 pentru c\u00e2ini?<\/strong><\/h4>\n<p>O zgard\u0103 tactic\u0103 pentru c\u00e2ini este utilizat\u0103 pentru un control sporit \u0219i durabilitate \u00een timpul activit\u0103\u021bilor riguroase. Acestea au adesea materiale rezistente \u0219i pot include m\u00e2nere sau puncte de fixare pentru lese \u0219i echipament, utile \u00een scenarii de antrenament \u0219i de lucru.<\/p>\n<h4><strong>De ce dresorii de c\u00e2ini nu folosesc hamuri?<\/strong><\/h4>\n<p>Unii dresori de c\u00e2ini prefer\u0103 s\u0103 nu foloseasc\u0103 hamuri deoarece acestea pot \u00eencuraja tragerea, permi\u021b\u00e2nd c\u00e2inilor s\u0103 \u00ee\u0219i foloseasc\u0103 mai eficient for\u021ba corpului. Dresorii care urm\u0103resc s\u0103 \u00eenve\u021be manierele \u00een les\u0103 ar putea opta pentru coliere care ofer\u0103 un control mai bun asupra capului \u0219i direc\u021biei corpului c\u00e2inelui.<\/p>\n<h4><strong>Medicii veterinari recomand\u0103 hamurile?<\/strong><\/h4>\n<p>Mul\u021bi medici veterinari recomand\u0103 hamurile, \u00een special pentru c\u00e2inii cu probleme respiratorii, leziuni ale g\u00e2tului sau probleme ale traheei, deoarece hamurile distribuie presiunea mai uniform \u00een jurul corpului, reduc\u00e2nd tensiunea asupra g\u00e2tului.<\/p>","protected":false},"excerpt":{"rendered":"<p>\u00cent\u0103ri\u021bi echipamentul c\u00e2inelui dvs. cu zgarda noastr\u0103 tactic\u0103 pentru c\u00e2ini, conceput\u0103 pentru durabilitate \u0219i performan\u021b\u0103. Dispun\u00e2nd de materiale rezistente, o cataram\u0103 robust\u0103 \u0219i un inel D pentru ata\u0219area sigur\u0103 a lesei, aceast\u0103 zgard\u0103 este ideal\u0103 pentru antrenament \u0219i serviciu activ. Designul reglabil asigur\u0103 o potrivire confortabil\u0103 \u0219i sigur\u0103, \u00een timp ce cus\u0103turile \u00eent\u0103rite ofer\u0103 un plus de rezisten\u021b\u0103. Perfect\u0103 pentru c\u00e2inii de serviciu \u0219i pentru cei implica\u021bi \u00een activit\u0103\u021bi \u00een aer liber.<\/p>","protected":false},"featured_media":7234,"template":"","meta":[],"product_brand":[],"product_cat":[26],"product_tag":[],"class_list":{"0":"post-7740","1":"product","2":"type-product","3":"status-publish","4":"has-post-thumbnail","6":"product_cat-dog-collar","7":"pa_brand-qqpets","9":"first","10":"instock","11":"shipping-taxable","12":"product-type-simple"},"yoast_head":"<!-- This site is optimized with the Yoast SEO plugin v26.6 - https:\/\/yoast.com\/wordpress\/plugins\/seo\/ -->\n<title>Tactical Dog Collar Heavy Duty Metal Buckle with Handle for Dog Training | QQPETS<\/title>\n<meta name=\"description\" content=\"Durable Tactical Dog Collar for enhanced control and reliability. Built for training and field use. Shop now!\" \/>\n<meta name=\"robots\" content=\"index, follow, max-snippet:-1, max-image-preview:large, max-video-preview:-1\" \/>\n<link rel=\"canonical\" href=\"https:\/\/qqpets.com\/ro\/produs\/tactical-dog-collar\/\" \/>\n<meta property=\"og:locale\" content=\"ro_RO\" \/>\n<meta property=\"og:type\" content=\"article\" \/>\n<meta property=\"og:title\" content=\"Tactical Dog Collar Heavy Duty Metal Buckle with Handle for Dog Training | QQPETS\" \/>\n<meta property=\"og:description\" content=\"Durable Tactical Dog Collar for enhanced control and reliability. Built for training and field use. Shop now!\" \/>\n<meta property=\"og:url\" content=\"https:\/\/qqpets.com\/ro\/produs\/tactical-dog-collar\/\" \/>\n<meta property=\"og:site_name\" content=\"QQPETS\" \/>\n<meta property=\"article:publisher\" content=\"https:\/\/www.facebook.com\/QQpetsdogcollars\" \/>\n<meta property=\"article:modified_time\" content=\"2024-11-13T06:56:51+00:00\" \/>\n<meta property=\"og:image\" content=\"https:\/\/qqpets.com\/wp-content\/uploads\/2023\/09\/large-dog-collar.webp\" \/>\n\t<meta property=\"og:image:width\" content=\"1000\" \/>\n\t<meta property=\"og:image:height\" content=\"929\" \/>\n\t<meta property=\"og:image:type\" content=\"image\/webp\" \/>\n<meta name=\"twitter:card\" content=\"summary_large_image\" \/>\n<meta name=\"twitter:label1\" content=\"Timp estimat pentru citire\" \/>\n\t<meta name=\"twitter:data1\" content=\"3 minute\" \/>\n<script type=\"application\/ld+json\" class=\"yoast-schema-graph\">{\"@context\":\"https:\/\/schema.org\",\"@graph\":[{\"@type\":\"WebPage\",\"@id\":\"https:\/\/qqpets.com\/product\/tactical-dog-collar\/\",\"url\":\"https:\/\/qqpets.com\/product\/tactical-dog-collar\/\",\"name\":\"Tactical Dog Collar Heavy Duty Metal Buckle with Handle for Dog Training | QQPETS\",\"isPartOf\":{\"@id\":\"https:\/\/qqpets.com\/#website\"},\"primaryImageOfPage\":{\"@id\":\"https:\/\/qqpets.com\/product\/tactical-dog-collar\/#primaryimage\"},\"image\":{\"@id\":\"https:\/\/qqpets.com\/product\/tactical-dog-collar\/#primaryimage\"},\"thumbnailUrl\":\"https:\/\/qqpets.com\/wp-content\/uploads\/2023\/09\/large-dog-collar.webp\",\"datePublished\":\"2024-09-02T07:02:10+00:00\",\"dateModified\":\"2024-11-13T06:56:51+00:00\",\"description\":\"Durable Tactical Dog Collar for enhanced control and reliability. Built for training and field use. Shop now!\",\"breadcrumb\":{\"@id\":\"https:\/\/qqpets.com\/product\/tactical-dog-collar\/#breadcrumb\"},\"inLanguage\":\"ro-RO\",\"potentialAction\":[{\"@type\":\"ReadAction\",\"target\":[\"https:\/\/qqpets.com\/product\/tactical-dog-collar\/\"]}]},{\"@type\":\"ImageObject\",\"inLanguage\":\"ro-RO\",\"@id\":\"https:\/\/qqpets.com\/product\/tactical-dog-collar\/#primaryimage\",\"url\":\"https:\/\/qqpets.com\/wp-content\/uploads\/2023\/09\/large-dog-collar.webp\",\"contentUrl\":\"https:\/\/qqpets.com\/wp-content\/uploads\/2023\/09\/large-dog-collar.webp\",\"width\":1000,\"height\":929,\"caption\":\"tactical dog collar\"},{\"@type\":\"BreadcrumbList\",\"@id\":\"https:\/\/qqpets.com\/product\/tactical-dog-collar\/#breadcrumb\",\"itemListElement\":[{\"@type\":\"ListItem\",\"position\":1,\"name\":\"Home\",\"item\":\"https:\/\/qqpets.com\/\"},{\"@type\":\"ListItem\",\"position\":2,\"name\":\"Products\",\"item\":\"https:\/\/qqpets.com\/pet-products-manufacturer\/\"},{\"@type\":\"ListItem\",\"position\":3,\"name\":\"Tactical Dog Collar Heavy Duty Metal Buckle with Handle for Dog Training\"}]},{\"@type\":\"WebSite\",\"@id\":\"https:\/\/qqpets.com\/#website\",\"url\":\"https:\/\/qqpets.com\/\",\"name\":\"QQPETS\",\"description\":\"QQPETS is a pet products factory for dog harnesses, dog collars, dog leashes and dog accessories with professional customized service since 2005.\",\"publisher\":{\"@id\":\"https:\/\/qqpets.com\/#organization\"},\"potentialAction\":[{\"@type\":\"SearchAction\",\"target\":{\"@type\":\"EntryPoint\",\"urlTemplate\":\"https:\/\/qqpets.com\/?s={search_term_string}\"},\"query-input\":{\"@type\":\"PropertyValueSpecification\",\"valueRequired\":true,\"valueName\":\"search_term_string\"}}],\"inLanguage\":\"ro-RO\"},{\"@type\":\"Organization\",\"@id\":\"https:\/\/qqpets.com\/#organization\",\"name\":\"QQPETS\",\"url\":\"https:\/\/qqpets.com\/\",\"logo\":{\"@type\":\"ImageObject\",\"inLanguage\":\"ro-RO\",\"@id\":\"https:\/\/qqpets.com\/#\/schema\/logo\/image\/\",\"url\":\"https:\/\/qqpets.com\/wp-content\/uploads\/2023\/09\/cropped-cropped-qqpets-tiktok.jpg\",\"contentUrl\":\"https:\/\/qqpets.com\/wp-content\/uploads\/2023\/09\/cropped-cropped-qqpets-tiktok.jpg\",\"width\":511,\"height\":511,\"caption\":\"QQPETS\"},\"image\":{\"@id\":\"https:\/\/qqpets.com\/#\/schema\/logo\/image\/\"},\"sameAs\":[\"https:\/\/www.facebook.com\/QQpetsdogcollars\",\"https:\/\/www.instagram.com\/qqpetscollar\/\",\"https:\/\/www.pinterest.com\/qqpetsdogcollarsfactory\/\"]}]}<\/script>\n<!-- \/ Yoast SEO plugin. -->","yoast_head_json":{"title":"Tactic Dog Collar Heavy Duty Metal Buckle cu m\u00e2ner pentru dresaj c\u00e2ine | QQPETS","description":"Zgard\u0103 de c\u00e2ine tactic\u0103 durabil\u0103 pentru control sporit \u0219i fiabilitate. Construit\u0103 pentru antrenament \u0219i utilizare pe teren. Cump\u0103ra\u021bi acum!","robots":{"index":"index","follow":"follow","max-snippet":"max-snippet:-1","max-image-preview":"max-image-preview:large","max-video-preview":"max-video-preview:-1"},"canonical":"https:\/\/qqpets.com\/ro\/produs\/tactical-dog-collar\/","og_locale":"ro_RO","og_type":"article","og_title":"Tactical Dog Collar Heavy Duty Metal Buckle with Handle for Dog Training | QQPETS","og_description":"Durable Tactical Dog Collar for enhanced control and reliability. Built for training and field use. Shop now!","og_url":"https:\/\/qqpets.com\/ro\/produs\/tactical-dog-collar\/","og_site_name":"QQPETS","article_publisher":"https:\/\/www.facebook.com\/QQpetsdogcollars","article_modified_time":"2024-11-13T06:56:51+00:00","og_image":[{"width":1000,"height":929,"url":"https:\/\/qqpets.com\/wp-content\/uploads\/2023\/09\/large-dog-collar.webp","type":"image\/webp"}],"twitter_card":"summary_large_image","twitter_misc":{"Timp estimat pentru citire":"3 minute"},"schema":{"@context":"https:\/\/schema.org","@graph":[{"@type":"WebPage","@id":"https:\/\/qqpets.com\/product\/tactical-dog-collar\/","url":"https:\/\/qqpets.com\/product\/tactical-dog-collar\/","name":"Tactic Dog Collar Heavy Duty Metal Buckle cu m\u00e2ner pentru dresaj c\u00e2ine | QQPETS","isPartOf":{"@id":"https:\/\/qqpets.com\/#website"},"primaryImageOfPage":{"@id":"https:\/\/qqpets.com\/product\/tactical-dog-collar\/#primaryimage"},"image":{"@id":"https:\/\/qqpets.com\/product\/tactical-dog-collar\/#primaryimage"},"thumbnailUrl":"https:\/\/qqpets.com\/wp-content\/uploads\/2023\/09\/large-dog-collar.webp","datePublished":"2024-09-02T07:02:10+00:00","dateModified":"2024-11-13T06:56:51+00:00","description":"Zgard\u0103 de c\u00e2ine tactic\u0103 durabil\u0103 pentru control sporit \u0219i fiabilitate. Construit\u0103 pentru antrenament \u0219i utilizare pe teren. Cump\u0103ra\u021bi acum!","breadcrumb":{"@id":"https:\/\/qqpets.com\/product\/tactical-dog-collar\/#breadcrumb"},"inLanguage":"ro-RO","potentialAction":[{"@type":"ReadAction","target":["https:\/\/qqpets.com\/product\/tactical-dog-collar\/"]}]},{"@type":"ImageObject","inLanguage":"ro-RO","@id":"https:\/\/qqpets.com\/product\/tactical-dog-collar\/#primaryimage","url":"https:\/\/qqpets.com\/wp-content\/uploads\/2023\/09\/large-dog-collar.webp","contentUrl":"https:\/\/qqpets.com\/wp-content\/uploads\/2023\/09\/large-dog-collar.webp","width":1000,"height":929,"caption":"tactical dog collar"},{"@type":"BreadcrumbList","@id":"https:\/\/qqpets.com\/product\/tactical-dog-collar\/#breadcrumb","itemListElement":[{"@type":"ListItem","position":1,"name":"Home","item":"https:\/\/qqpets.com\/"},{"@type":"ListItem","position":2,"name":"Products","item":"https:\/\/qqpets.com\/pet-products-manufacturer\/"},{"@type":"ListItem","position":3,"name":"Tactical Dog Collar Heavy Duty Metal Buckle with Handle for Dog Training"}]},{"@type":"WebSite","@id":"https:\/\/qqpets.com\/#website","url":"https:\/\/qqpets.com\/","name":"QQPETS","description":"QQPETS este o fabric\u0103 de produse pentru animale de companie pentru hamuri pentru c\u00e2ini, gulere pentru c\u00e2ini, lese pentru c\u00e2ini \u0219i accesorii pentru c\u00e2ini cu servicii profesionale personalizate din 2005.","publisher":{"@id":"https:\/\/qqpets.com\/#organization"},"potentialAction":[{"@type":"SearchAction","target":{"@type":"EntryPoint","urlTemplate":"https:\/\/qqpets.com\/?s={search_term_string}"},"query-input":{"@type":"PropertyValueSpecification","valueRequired":true,"valueName":"search_term_string"}}],"inLanguage":"ro-RO"},{"@type":"Organization","@id":"https:\/\/qqpets.com\/#organization","name":"QQPETS","url":"https:\/\/qqpets.com\/","logo":{"@type":"ImageObject","inLanguage":"ro-RO","@id":"https:\/\/qqpets.com\/#\/schema\/logo\/image\/","url":"https:\/\/qqpets.com\/wp-content\/uploads\/2023\/09\/cropped-cropped-qqpets-tiktok.jpg","contentUrl":"https:\/\/qqpets.com\/wp-content\/uploads\/2023\/09\/cropped-cropped-qqpets-tiktok.jpg","width":511,"height":511,"caption":"QQPETS"},"image":{"@id":"https:\/\/qqpets.com\/#\/schema\/logo\/image\/"},"sameAs":["https:\/\/www.facebook.com\/QQpetsdogcollars","https:\/\/www.instagram.com\/qqpetscollar\/","https:\/\/www.pinterest.com\/qqpetsdogcollarsfactory\/"]}]}},"_links":{"self":[{"href":"https:\/\/qqpets.com\/ro\/wp-json\/wp\/v2\/product\/7740","targetHints":{"allow":["GET"]}}],"collection":[{"href":"https:\/\/qqpets.com\/ro\/wp-json\/wp\/v2\/product"}],"about":[{"href":"https:\/\/qqpets.com\/ro\/wp-json\/wp\/v2\/types\/product"}],"wp:featuredmedia":[{"embeddable":true,"href":"https:\/\/qqpets.com\/ro\/wp-json\/wp\/v2\/media\/7234"}],"wp:attachment":[{"href":"https:\/\/qqpets.com\/ro\/wp-json\/wp\/v2\/media?parent=7740"}],"wp:term":[{"taxonomy":"product_brand","embeddable":true,"href":"https:\/\/qqpets.com\/ro\/wp-json\/wp\/v2\/product_brand?post=7740"},{"taxonomy":"product_cat","embeddable":true,"href":"https:\/\/qqpets.com\/ro\/wp-json\/wp\/v2\/product_cat?post=7740"},{"taxonomy":"product_tag","embeddable":true,"href":"https:\/\/qqpets.com\/ro\/wp-json\/wp\/v2\/product_tag?post=7740"}],"curies":[{"name":"wp","href":"https:\/\/api.w.org\/{rel}","templated":true}]}}