{"id":7748,"date":"2024-09-02T15:40:07","date_gmt":"2024-09-02T07:40:07","guid":{"rendered":"https:\/\/qqpets.com\/?post_type=product&#038;p=7748"},"modified":"2024-09-03T16:47:29","modified_gmt":"2024-09-03T08:47:29","slug":"reflective-dog-collar","status":"publish","type":"product","link":"https:\/\/qqpets.com\/ro\/produs\/reflective-dog-collar\/","title":{"rendered":"Guler reflectorizant pentru c\u00e2ini"},"content":{"rendered":"<p>V\u0103 prezent\u0103m gulerul nostru reflectorizant pentru c\u00e2ini, un accesoriu de siguran\u021b\u0103 esen\u021bial pentru orice animal de companie activ \u00een timpul serii sau diminea\u021ba devreme. Aceast\u0103 zgard\u0103 este conceput\u0103 pentru a maximiza vizibilitatea c\u00e2inelui dvs. \u00een condi\u021bii de luminozitate sc\u0103zut\u0103, datorit\u0103 materialului reflectorizant de \u00eenalt\u0103 calitate care capteaz\u0103 lumina de la felinare \u0219i faruri, asigur\u00e2ndu-se c\u0103 sunt v\u0103zu\u021bi de la distan\u021b\u0103.<\/p>\n<p>Construit\u0103 din materiale durabile, de \u00eenalt\u0103 rezisten\u021b\u0103, zgarda rezist\u0103 rigorilor utiliz\u0103rii zilnice, men\u021bin\u00e2nd \u00een acela\u0219i timp confortul. Designul reglabil permite o potrivire personalizat\u0103, asigur\u00e2nd c\u0103 zgarda este str\u00e2ns\u0103, dar confortabil\u0103 pentru c\u00e2inele dumneavoastr\u0103, prevenind alunecarea \u0219i irita\u021biile.<\/p>\n<p>\u00cen plus fa\u021b\u0103 de caracteristicile sale reflectorizante, aceast\u0103 zgard\u0103 este echipat\u0103 cu o cataram\u0103 rezistent\u0103 pentru o fixare sigur\u0103 \u0219i un inel D robust pentru ata\u0219area fiabil\u0103 a lesei. Fie c\u0103 ie\u0219i\u021bi la o plimbare ocazional\u0103 de sear\u0103 sau la o alergare matinal\u0103, aceast\u0103 zgard\u0103 asigur\u0103 c\u0103 animalul dvs. de companie este \u00eentotdeauna vizibil \u0219i \u00een siguran\u021b\u0103.<\/p>\n<p>Gulerul nostru reflectorizant pentru c\u00e2ini nu este doar func\u021bional; este \u0219i elegant. Disponibil\u0103 \u00eentr-o varietate de culori, v\u0103 permite s\u0103 alege\u021bi potrivirea perfect\u0103 pentru personalitatea \u0219i stilul animalului dvs. de companie, ceea ce o face un accesoriu excelent pentru garderoba lor. Este o alegere ideal\u0103 pentru oricine dore\u0219te s\u0103 sporeasc\u0103 siguran\u021ba c\u00e2inelui s\u0103u \u00een timpul activit\u0103\u021bilor zilnice, oferind un amestec de securitate, stil \u0219i lini\u0219te sufleteasc\u0103.<\/p>\n<h5><strong>Colierele reflectorizante sunt bune pentru c\u00e2ini?<\/strong><\/h5>\n<p>Da, colierele reflectorizante sunt bune pentru c\u00e2ini, deoarece sporesc vizibilitatea \u00een condi\u021bii de lumin\u0103 slab\u0103, cum ar fi \u00een timpul plimb\u0103rilor de sear\u0103 sau pe timp de cea\u021b\u0103, \u00eembun\u0103t\u0103\u021bind siguran\u021ba prin faptul c\u0103 fac c\u00e2inele mai vizibil pentru \u0219oferi \u0219i alte persoane.<\/p>\n<h5><strong>Pute\u021bi face o zgard\u0103 de c\u00e2ine reflectorizant\u0103?<\/strong><\/h5>\n<p>Da, pute\u021bi face o zgard\u0103 de c\u00e2ine reflectorizant\u0103 prin ad\u0103ugarea de band\u0103 reflectorizant\u0103 sau prin cump\u0103rarea de lumini cu clem\u0103 sau brelocuri reflectorizante care se ata\u0219eaz\u0103 la zgard\u0103.<\/p>\n<h5><strong>Colierele luminoase pentru c\u00e2ini sunt sigure?<\/strong><\/h5>\n<p>Da, colierele luminoase pentru c\u00e2ini sunt \u00een general sigure. Acestea ajut\u0103 la men\u021binerea vizibilit\u0103\u021bii c\u00e2inelui dvs. \u00een condi\u021bii de \u00eentuneric. Cu toate acestea, asigura\u021bi-v\u0103 c\u0103 zgarda este montat\u0103 corect, c\u0103 componentele luminoase sunt bine fixate \u0219i c\u0103 carcasa bateriei este rezistent\u0103 la ap\u0103 \u0219i la manipulare pentru a \u00eempiedica accesul c\u00e2inelui la baterii.<\/p>\n<h5><strong>Merit\u0103 colierele de urm\u0103rire a c\u00e2inilor?<\/strong><\/h5>\n<p>Colierele de urm\u0103rire a c\u00e2inilor pot merita, \u00een special pentru proprietarii de animale care locuiesc \u00een zone rurale sau ai c\u0103ror c\u00e2ini au tendin\u021ba de a hoin\u0103ri sau de a fugi. Aceste coliere utilizeaz\u0103 GPS sau alt\u0103 tehnologie pentru a v\u0103 localiza c\u00e2inele dac\u0103 se pierde.<\/p>\n<h5><strong>Este bine ca c\u00e2inii s\u0103 poarte coliere tot timpul?<\/strong><\/h5>\n<p>\u00cen general, este sigur pentru c\u00e2ini s\u0103 poarte zgarda tot timpul, at\u00e2ta timp c\u00e2t zgarda este bine ajustat\u0103, confortabil\u0103 \u0219i fabricat\u0103 din materiale neiritante. Cu toate acestea, este important s\u0103 verifica\u021bi din c\u00e2nd \u00een c\u00e2nd dac\u0103 zgarda prezint\u0103 semne de uzur\u0103 sau irita\u021bie \u0219i s\u0103 o scoate\u021bi \u00een medii sigure, \u00eenchise, dac\u0103 exist\u0103 riscul de ag\u0103\u021bare.<\/p>\n<h5><strong>Care este cea mai bun\u0103 zgard\u0103 pentru un c\u00e2ine?<\/strong><\/h5>\n<p>Cea mai bun\u0103 zgard\u0103 pentru un c\u00e2ine depinde de nevoile \u0219i activit\u0103\u021bile specifice ale c\u00e2inelui. Pentru uz general, o zgard\u0103 plat\u0103, reglabil\u0103 din nailon sau piele este adesea recomandat\u0103 pentru durabilitate, confort \u0219i u\u0219urin\u021b\u0103 \u00een utilizare. Aceasta trebuie s\u0103 aib\u0103 o cataram\u0103 sigur\u0103 \u0219i un inel pentru ata\u0219area pl\u0103cu\u021belor de identificare \u0219i a lesei.<\/p>","protected":false},"excerpt":{"rendered":"<p>Spori\u021bi siguran\u021ba c\u00e2inelui dvs. pe timp de noapte cu zgarda noastr\u0103 reflectorizant\u0103 pentru c\u00e2ini. Conceput\u0103 pentru vizibilitate ridicat\u0103, aceast\u0103 zgard\u0103 este prev\u0103zut\u0103 cu material reflectorizant str\u0103lucitor care asigur\u0103 vizibilitatea animalului dvs. de companie \u00een condi\u021bii de lumin\u0103 sc\u0103zut\u0103. Reglabil\u0103 pentru o potrivire perfect\u0103, este fabricat\u0103 din materiale durabile pentru o utilizare de durat\u0103. Ideal\u0103 pentru plimb\u0103rile de sear\u0103, aceasta combin\u0103 siguran\u021ba cu confortul, asigur\u00e2nd lini\u0219tea pentru fiecare ie\u0219ire.<\/p>","protected":false},"featured_media":7673,"template":"","meta":[],"product_brand":[],"product_cat":[26],"product_tag":[],"class_list":{"0":"post-7748","1":"product","2":"type-product","3":"status-publish","4":"has-post-thumbnail","6":"product_cat-dog-collar","7":"pa_brand-qqpets","9":"first","10":"instock","11":"shipping-taxable","12":"product-type-simple"},"yoast_head":"<!-- This site is optimized with the Yoast SEO plugin v26.6 - https:\/\/yoast.com\/wordpress\/plugins\/seo\/ -->\n<title>Reflective Dog Collar | QQPETS<\/title>\n<meta name=\"description\" content=\"Boost nighttime safety with our Reflective Dog Collar. High visibility for evening walks. Secure and stylish!\" \/>\n<meta name=\"robots\" content=\"index, follow, max-snippet:-1, max-image-preview:large, max-video-preview:-1\" \/>\n<link rel=\"canonical\" href=\"https:\/\/qqpets.com\/ro\/produs\/reflective-dog-collar\/\" \/>\n<meta property=\"og:locale\" content=\"ro_RO\" \/>\n<meta property=\"og:type\" content=\"article\" \/>\n<meta property=\"og:title\" content=\"Reflective Dog Collar | QQPETS\" \/>\n<meta property=\"og:description\" content=\"Boost nighttime safety with our Reflective Dog Collar. High visibility for evening walks. Secure and stylish!\" \/>\n<meta property=\"og:url\" content=\"https:\/\/qqpets.com\/ro\/produs\/reflective-dog-collar\/\" \/>\n<meta property=\"og:site_name\" content=\"QQPETS\" \/>\n<meta property=\"article:publisher\" content=\"https:\/\/www.facebook.com\/QQpetsdogcollars\" \/>\n<meta property=\"article:modified_time\" content=\"2024-09-03T08:47:29+00:00\" \/>\n<meta property=\"og:image\" content=\"https:\/\/qqpets.com\/wp-content\/uploads\/2024\/08\/Adjustable-Print-Basic-Dog-Collar-1.webp\" \/>\n\t<meta property=\"og:image:width\" content=\"1600\" \/>\n\t<meta property=\"og:image:height\" content=\"1600\" \/>\n\t<meta property=\"og:image:type\" content=\"image\/webp\" \/>\n<meta name=\"twitter:card\" content=\"summary_large_image\" \/>\n<meta name=\"twitter:label1\" content=\"Timp estimat pentru citire\" \/>\n\t<meta name=\"twitter:data1\" content=\"3 minute\" \/>\n<script type=\"application\/ld+json\" class=\"yoast-schema-graph\">{\"@context\":\"https:\/\/schema.org\",\"@graph\":[{\"@type\":\"WebPage\",\"@id\":\"https:\/\/qqpets.com\/product\/reflective-dog-collar\/\",\"url\":\"https:\/\/qqpets.com\/product\/reflective-dog-collar\/\",\"name\":\"Reflective Dog Collar | QQPETS\",\"isPartOf\":{\"@id\":\"https:\/\/qqpets.com\/#website\"},\"primaryImageOfPage\":{\"@id\":\"https:\/\/qqpets.com\/product\/reflective-dog-collar\/#primaryimage\"},\"image\":{\"@id\":\"https:\/\/qqpets.com\/product\/reflective-dog-collar\/#primaryimage\"},\"thumbnailUrl\":\"https:\/\/qqpets.com\/wp-content\/uploads\/2024\/08\/Adjustable-Print-Basic-Dog-Collar-1.webp\",\"datePublished\":\"2024-09-02T07:40:07+00:00\",\"dateModified\":\"2024-09-03T08:47:29+00:00\",\"description\":\"Boost nighttime safety with our Reflective Dog Collar. High visibility for evening walks. Secure and stylish!\",\"breadcrumb\":{\"@id\":\"https:\/\/qqpets.com\/product\/reflective-dog-collar\/#breadcrumb\"},\"inLanguage\":\"ro-RO\",\"potentialAction\":[{\"@type\":\"ReadAction\",\"target\":[\"https:\/\/qqpets.com\/product\/reflective-dog-collar\/\"]}]},{\"@type\":\"ImageObject\",\"inLanguage\":\"ro-RO\",\"@id\":\"https:\/\/qqpets.com\/product\/reflective-dog-collar\/#primaryimage\",\"url\":\"https:\/\/qqpets.com\/wp-content\/uploads\/2024\/08\/Adjustable-Print-Basic-Dog-Collar-1.webp\",\"contentUrl\":\"https:\/\/qqpets.com\/wp-content\/uploads\/2024\/08\/Adjustable-Print-Basic-Dog-Collar-1.webp\",\"width\":1600,\"height\":1600},{\"@type\":\"BreadcrumbList\",\"@id\":\"https:\/\/qqpets.com\/product\/reflective-dog-collar\/#breadcrumb\",\"itemListElement\":[{\"@type\":\"ListItem\",\"position\":1,\"name\":\"Home\",\"item\":\"https:\/\/qqpets.com\/\"},{\"@type\":\"ListItem\",\"position\":2,\"name\":\"Products\",\"item\":\"https:\/\/qqpets.com\/pet-products-manufacturer\/\"},{\"@type\":\"ListItem\",\"position\":3,\"name\":\"Reflective Dog Collar\"}]},{\"@type\":\"WebSite\",\"@id\":\"https:\/\/qqpets.com\/#website\",\"url\":\"https:\/\/qqpets.com\/\",\"name\":\"QQPETS\",\"description\":\"QQPETS is a pet products factory for dog harnesses, dog collars, dog leashes and dog accessories with professional customized service since 2005.\",\"publisher\":{\"@id\":\"https:\/\/qqpets.com\/#organization\"},\"potentialAction\":[{\"@type\":\"SearchAction\",\"target\":{\"@type\":\"EntryPoint\",\"urlTemplate\":\"https:\/\/qqpets.com\/?s={search_term_string}\"},\"query-input\":{\"@type\":\"PropertyValueSpecification\",\"valueRequired\":true,\"valueName\":\"search_term_string\"}}],\"inLanguage\":\"ro-RO\"},{\"@type\":\"Organization\",\"@id\":\"https:\/\/qqpets.com\/#organization\",\"name\":\"QQPETS\",\"url\":\"https:\/\/qqpets.com\/\",\"logo\":{\"@type\":\"ImageObject\",\"inLanguage\":\"ro-RO\",\"@id\":\"https:\/\/qqpets.com\/#\/schema\/logo\/image\/\",\"url\":\"https:\/\/qqpets.com\/wp-content\/uploads\/2023\/09\/cropped-cropped-qqpets-tiktok.jpg\",\"contentUrl\":\"https:\/\/qqpets.com\/wp-content\/uploads\/2023\/09\/cropped-cropped-qqpets-tiktok.jpg\",\"width\":511,\"height\":511,\"caption\":\"QQPETS\"},\"image\":{\"@id\":\"https:\/\/qqpets.com\/#\/schema\/logo\/image\/\"},\"sameAs\":[\"https:\/\/www.facebook.com\/QQpetsdogcollars\",\"https:\/\/www.instagram.com\/qqpetscollar\/\",\"https:\/\/www.pinterest.com\/qqpetsdogcollarsfactory\/\"]}]}<\/script>\n<!-- \/ Yoast SEO plugin. -->","yoast_head_json":{"title":"Guler reflectorizant pentru c\u00e2ini | QQPETS","description":"Cre\u0219te\u021bi siguran\u021ba pe timp de noapte cu zgarda noastr\u0103 reflectorizant\u0103 pentru c\u00e2ini. Vizibilitate ridicat\u0103 pentru plimb\u0103rile nocturne. Sigur \u0219i elegant!","robots":{"index":"index","follow":"follow","max-snippet":"max-snippet:-1","max-image-preview":"max-image-preview:large","max-video-preview":"max-video-preview:-1"},"canonical":"https:\/\/qqpets.com\/ro\/produs\/reflective-dog-collar\/","og_locale":"ro_RO","og_type":"article","og_title":"Reflective Dog Collar | QQPETS","og_description":"Boost nighttime safety with our Reflective Dog Collar. High visibility for evening walks. Secure and stylish!","og_url":"https:\/\/qqpets.com\/ro\/produs\/reflective-dog-collar\/","og_site_name":"QQPETS","article_publisher":"https:\/\/www.facebook.com\/QQpetsdogcollars","article_modified_time":"2024-09-03T08:47:29+00:00","og_image":[{"width":1600,"height":1600,"url":"https:\/\/qqpets.com\/wp-content\/uploads\/2024\/08\/Adjustable-Print-Basic-Dog-Collar-1.webp","type":"image\/webp"}],"twitter_card":"summary_large_image","twitter_misc":{"Timp estimat pentru citire":"3 minute"},"schema":{"@context":"https:\/\/schema.org","@graph":[{"@type":"WebPage","@id":"https:\/\/qqpets.com\/product\/reflective-dog-collar\/","url":"https:\/\/qqpets.com\/product\/reflective-dog-collar\/","name":"Guler reflectorizant pentru c\u00e2ini | QQPETS","isPartOf":{"@id":"https:\/\/qqpets.com\/#website"},"primaryImageOfPage":{"@id":"https:\/\/qqpets.com\/product\/reflective-dog-collar\/#primaryimage"},"image":{"@id":"https:\/\/qqpets.com\/product\/reflective-dog-collar\/#primaryimage"},"thumbnailUrl":"https:\/\/qqpets.com\/wp-content\/uploads\/2024\/08\/Adjustable-Print-Basic-Dog-Collar-1.webp","datePublished":"2024-09-02T07:40:07+00:00","dateModified":"2024-09-03T08:47:29+00:00","description":"Cre\u0219te\u021bi siguran\u021ba pe timp de noapte cu zgarda noastr\u0103 reflectorizant\u0103 pentru c\u00e2ini. Vizibilitate ridicat\u0103 pentru plimb\u0103rile nocturne. Sigur \u0219i elegant!","breadcrumb":{"@id":"https:\/\/qqpets.com\/product\/reflective-dog-collar\/#breadcrumb"},"inLanguage":"ro-RO","potentialAction":[{"@type":"ReadAction","target":["https:\/\/qqpets.com\/product\/reflective-dog-collar\/"]}]},{"@type":"ImageObject","inLanguage":"ro-RO","@id":"https:\/\/qqpets.com\/product\/reflective-dog-collar\/#primaryimage","url":"https:\/\/qqpets.com\/wp-content\/uploads\/2024\/08\/Adjustable-Print-Basic-Dog-Collar-1.webp","contentUrl":"https:\/\/qqpets.com\/wp-content\/uploads\/2024\/08\/Adjustable-Print-Basic-Dog-Collar-1.webp","width":1600,"height":1600},{"@type":"BreadcrumbList","@id":"https:\/\/qqpets.com\/product\/reflective-dog-collar\/#breadcrumb","itemListElement":[{"@type":"ListItem","position":1,"name":"Home","item":"https:\/\/qqpets.com\/"},{"@type":"ListItem","position":2,"name":"Products","item":"https:\/\/qqpets.com\/pet-products-manufacturer\/"},{"@type":"ListItem","position":3,"name":"Reflective Dog Collar"}]},{"@type":"WebSite","@id":"https:\/\/qqpets.com\/#website","url":"https:\/\/qqpets.com\/","name":"QQPETS","description":"QQPETS este o fabric\u0103 de produse pentru animale de companie pentru hamuri pentru c\u00e2ini, gulere pentru c\u00e2ini, lese pentru c\u00e2ini \u0219i accesorii pentru c\u00e2ini cu servicii profesionale personalizate din 2005.","publisher":{"@id":"https:\/\/qqpets.com\/#organization"},"potentialAction":[{"@type":"SearchAction","target":{"@type":"EntryPoint","urlTemplate":"https:\/\/qqpets.com\/?s={search_term_string}"},"query-input":{"@type":"PropertyValueSpecification","valueRequired":true,"valueName":"search_term_string"}}],"inLanguage":"ro-RO"},{"@type":"Organization","@id":"https:\/\/qqpets.com\/#organization","name":"QQPETS","url":"https:\/\/qqpets.com\/","logo":{"@type":"ImageObject","inLanguage":"ro-RO","@id":"https:\/\/qqpets.com\/#\/schema\/logo\/image\/","url":"https:\/\/qqpets.com\/wp-content\/uploads\/2023\/09\/cropped-cropped-qqpets-tiktok.jpg","contentUrl":"https:\/\/qqpets.com\/wp-content\/uploads\/2023\/09\/cropped-cropped-qqpets-tiktok.jpg","width":511,"height":511,"caption":"QQPETS"},"image":{"@id":"https:\/\/qqpets.com\/#\/schema\/logo\/image\/"},"sameAs":["https:\/\/www.facebook.com\/QQpetsdogcollars","https:\/\/www.instagram.com\/qqpetscollar\/","https:\/\/www.pinterest.com\/qqpetsdogcollarsfactory\/"]}]}},"_links":{"self":[{"href":"https:\/\/qqpets.com\/ro\/wp-json\/wp\/v2\/product\/7748","targetHints":{"allow":["GET"]}}],"collection":[{"href":"https:\/\/qqpets.com\/ro\/wp-json\/wp\/v2\/product"}],"about":[{"href":"https:\/\/qqpets.com\/ro\/wp-json\/wp\/v2\/types\/product"}],"wp:featuredmedia":[{"embeddable":true,"href":"https:\/\/qqpets.com\/ro\/wp-json\/wp\/v2\/media\/7673"}],"wp:attachment":[{"href":"https:\/\/qqpets.com\/ro\/wp-json\/wp\/v2\/media?parent=7748"}],"wp:term":[{"taxonomy":"product_brand","embeddable":true,"href":"https:\/\/qqpets.com\/ro\/wp-json\/wp\/v2\/product_brand?post=7748"},{"taxonomy":"product_cat","embeddable":true,"href":"https:\/\/qqpets.com\/ro\/wp-json\/wp\/v2\/product_cat?post=7748"},{"taxonomy":"product_tag","embeddable":true,"href":"https:\/\/qqpets.com\/ro\/wp-json\/wp\/v2\/product_tag?post=7748"}],"curies":[{"name":"wp","href":"https:\/\/api.w.org\/{rel}","templated":true}]}}