{"id":7762,"date":"2024-09-02T16:36:21","date_gmt":"2024-09-02T08:36:21","guid":{"rendered":"https:\/\/qqpets.com\/?post_type=product&#038;p=7762"},"modified":"2024-09-02T16:36:21","modified_gmt":"2024-09-02T08:36:21","slug":"nylon-dog-collar","status":"publish","type":"product","link":"https:\/\/qqpets.com\/ro\/produs\/nylon-dog-collar\/","title":{"rendered":"Nylon Dog Collar"},"content":{"rendered":"<p>Introduce\u021bi un amestec de confort, stil \u0219i durabilitate \u00een rutina zilnic\u0103 a animalului dvs. de companie cu gulerul nostru de nylon pentru c\u00e2ini. Aceast\u0103 zgard\u0103 de \u00eenalt\u0103 calitate este fabricat\u0103 din material nailon premium, cunoscut pentru rezisten\u021ba \u0219i longevitatea sa. Designul u\u0219or asigur\u0103 c\u0103 animalul dvs. de companie o poart\u0103 confortabil pe tot parcursul zilei, fie acas\u0103, la plimbare sau \u00een timpul jocului.<\/p>\n<p>Caracteristica reglabil\u0103 a zgarda permite o potrivire precis\u0103, pentru c\u00e2ini de toate dimensiunile \u0219i rasele. Catarama u\u0219or de utilizat face ca montarea \u0219i scoaterea zgarda s\u0103 fie floare la ureche, asigur\u00e2nd o experien\u021b\u0103 f\u0103r\u0103 complica\u021bii at\u00e2t pentru animal, c\u00e2t \u0219i pentru st\u0103p\u00e2n.<\/p>\n<p>Dispun\u00e2nd de un inel D robust, zgarda noastr\u0103 ofer\u0103 un punct sigur de fixare pentru lese, fiind ideal\u0103 pentru plimb\u0103rile zilnice \u0219i sesiunile de antrenament. Rezisten\u021ba nailonului asigur\u0103 c\u0103 rezist\u0103 la presiune, oferindu-v\u0103 lini\u0219tea sufleteasc\u0103 \u0219tiind c\u0103 animalul dvs. de companie este \u00een siguran\u021b\u0103.<\/p>\n<p>Disponibil\u0103 \u00eentr-o varietate de culori vibrante, zgarda noastr\u0103 de nylon pentru c\u00e2ini v\u0103 permite s\u0103 personaliza\u021bi aspectul animalului dvs. de companie. Fie c\u0103 prefera\u021bi nuan\u021bele clasice sau str\u0103lucitoare, pute\u021bi g\u0103si culoarea perfect\u0103 pentru a reflecta personalitatea \u0219i stilul c\u00e2inelui dvs.<\/p>\n<p>Perfect\u0103 pentru st\u0103p\u00e2nii de animale de companie care caut\u0103 o zgard\u0103 fiabil\u0103, f\u0103r\u0103 complica\u021bii, gulerul nostru de nylon pentru c\u00e2ini ofer\u0103 o solu\u021bie practic\u0103 care nu face compromisuri \u00een ceea ce prive\u0219te calitatea sau estetica. Echipa\u021bi-v\u0103 animalul de companie cu acest accesoriu esen\u021bial pentru aventurile lor zilnice \u0219i bucura\u021bi-v\u0103 de combina\u021bia perfect\u0103 de func\u021bionalitate \u0219i mod\u0103.<\/p>\n<h5><strong>Sunt colierele din nailon bune pentru c\u00e2ini?<\/strong><\/h5>\n<p>Da, gulerele din nailon sunt bune pentru c\u00e2ini deoarece sunt durabile, u\u0219oare \u0219i disponibile \u00eentr-o varietate de culori \u0219i stiluri. De asemenea, sunt u\u0219or de cur\u0103\u021bat \u0219i \u00eentre\u021binut, ceea ce le face o alegere popular\u0103 pentru utilizarea zilnic\u0103.<\/p>\n<h5><strong>Ce material este cel mai bun pentru gulerele pentru c\u00e2ini?<\/strong><\/h5>\n<p>Cel mai bun material pentru gulerele de c\u00e2ine depinde de nevoile \u0219i activit\u0103\u021bile c\u00e2inelui dumneavoastr\u0103. Nylon-ul este excelent pentru durabilitate \u0219i u\u0219urin\u021b\u0103 de \u00eentre\u021binere, \u00een timp ce pielea este preferat\u0103 pentru rezisten\u021ba \u0219i aspectul s\u0103u estetic. Pentru pielea sensibil\u0103, materiale precum bumbacul sau c\u00e2nepa ar putea fi mai potrivite datorit\u0103 propriet\u0103\u021bilor lor naturale \u0219i hipoalergenice.<\/p>\n<h5><strong>Este \u021bes\u0103tura din nailon sigur\u0103 pentru c\u00e2ini?<\/strong><\/h5>\n<p>Da, materialul din nailon este sigur pentru c\u00e2ini. Este un material puternic, durabil, care rezist\u0103 la uzur\u0103 \u0219i rupere. Cu toate acestea, asigura\u021bi-v\u0103 c\u0103 zgarda este montat\u0103 corespunz\u0103tor pentru a evita iritarea sau frecarea, mai ales dac\u0103 c\u00e2inele dvs. are pielea sensibil\u0103.<\/p>\n<h5><strong>Ce fel de zgard\u0103 este cea mai bun\u0103 pentru un c\u00e2ine?<\/strong><\/h5>\n<p>Cel mai bun tip de zgard\u0103 pentru un c\u00e2ine este cel care se potrive\u0219te bine, este fabricat din material confortabil \u0219i se potrive\u0219te dimensiunii, rasei \u0219i stilului de via\u021b\u0103 al c\u00e2inelui dumneavoastr\u0103. Colierele plate sunt \u00een general potrivite pentru majoritatea c\u00e2inilor \u0219i activit\u0103\u021bilor.<\/p>\n<h5><strong>Ce fel de zgard\u0103 recomand\u0103 veterinarii?<\/strong><\/h5>\n<p>De obicei, veterinarii recomand\u0103 gulerele plate din materiale durabile, precum nailon sau piele, echipate cu o cataram\u0103 cu eliberare rapid\u0103 pentru siguran\u021b\u0103. De asemenea, recomand\u0103 gulerele care sunt suficient de late pentru a distribui uniform presiunea \u0219i nu prea str\u00e2nse pentru a evita sufocarea sau disconfortul.<\/p>\n<h5><strong>Care este cel mai rezistent material pentru o les\u0103 de c\u00e2ine?<\/strong><\/h5>\n<p>Cele mai puternice materiale pentru o les\u0103 de c\u00e2ine sunt nailonul \u0219i pielea. Lesele din nailon sunt cunoscute pentru soliditatea \u0219i rezisten\u021ba lor la intemperii \u0219i uzur\u0103, \u00een timp ce lesele din piele sunt preferate pentru durabilitatea lor \u0219i senza\u021bia natural\u0103, \u00een special pentru cei care trag puternic.<\/p>","protected":false},"excerpt":{"rendered":"<p>Alege\u021bi durabilitatea \u0219i stilul cu gulerul nostru de nylon pentru c\u00e2ini. Conceput\u0103 pentru uzura zilnic\u0103, are o construc\u021bie robust\u0103 din nailon cu o cataram\u0103 reglabil\u0103 pentru o potrivire perfect\u0103. Aceast\u0103 zgard\u0103 este at\u00e2t u\u0219oar\u0103, c\u00e2t \u0219i puternic\u0103, asigur\u00e2nd confort \u0219i fiabilitate. Ideal\u0103 pentru toate rasele, include un inel D foarte rezistent pentru ata\u0219area sigur\u0103 a lesei. Disponibil\u0103 \u00een diverse culori pentru a se potrivi cu personalitatea animalului dvs. de companie.<\/p>","protected":false},"featured_media":7235,"template":"","meta":[],"product_brand":[],"product_cat":[26],"product_tag":[],"class_list":{"0":"post-7762","1":"product","2":"type-product","3":"status-publish","4":"has-post-thumbnail","6":"product_cat-dog-collar","7":"pa_brand-qqpets","9":"first","10":"instock","11":"shipping-taxable","12":"product-type-simple"},"yoast_head":"<!-- This site is optimized with the Yoast SEO plugin v26.6 - https:\/\/yoast.com\/wordpress\/plugins\/seo\/ -->\n<title>Nylon Dog Collar | QQPETS<\/title>\n<meta name=\"description\" content=\"Durable Nylon Dog Collar for everyday use. Comfortable, adjustable, and stylish. Perfect for all breeds!\" \/>\n<meta name=\"robots\" content=\"index, follow, max-snippet:-1, max-image-preview:large, max-video-preview:-1\" \/>\n<link rel=\"canonical\" href=\"https:\/\/qqpets.com\/ro\/produs\/nylon-dog-collar\/\" \/>\n<meta property=\"og:locale\" content=\"ro_RO\" \/>\n<meta property=\"og:type\" content=\"article\" \/>\n<meta property=\"og:title\" content=\"Nylon Dog Collar | QQPETS\" \/>\n<meta property=\"og:description\" content=\"Durable Nylon Dog Collar for everyday use. Comfortable, adjustable, and stylish. Perfect for all breeds!\" \/>\n<meta property=\"og:url\" content=\"https:\/\/qqpets.com\/ro\/produs\/nylon-dog-collar\/\" \/>\n<meta property=\"og:site_name\" content=\"QQPETS\" \/>\n<meta property=\"article:publisher\" content=\"https:\/\/www.facebook.com\/QQpetsdogcollars\" \/>\n<meta property=\"og:image\" content=\"https:\/\/qqpets.com\/wp-content\/uploads\/2023\/09\/black-nylon-dog-collar.webp\" \/>\n\t<meta property=\"og:image:width\" content=\"1280\" \/>\n\t<meta property=\"og:image:height\" content=\"1280\" \/>\n\t<meta property=\"og:image:type\" content=\"image\/webp\" \/>\n<meta name=\"twitter:card\" content=\"summary_large_image\" \/>\n<meta name=\"twitter:label1\" content=\"Timp estimat pentru citire\" \/>\n\t<meta name=\"twitter:data1\" content=\"3 minute\" \/>\n<script type=\"application\/ld+json\" class=\"yoast-schema-graph\">{\"@context\":\"https:\/\/schema.org\",\"@graph\":[{\"@type\":\"WebPage\",\"@id\":\"https:\/\/qqpets.com\/product\/nylon-dog-collar\/\",\"url\":\"https:\/\/qqpets.com\/product\/nylon-dog-collar\/\",\"name\":\"Nylon Dog Collar | QQPETS\",\"isPartOf\":{\"@id\":\"https:\/\/qqpets.com\/#website\"},\"primaryImageOfPage\":{\"@id\":\"https:\/\/qqpets.com\/product\/nylon-dog-collar\/#primaryimage\"},\"image\":{\"@id\":\"https:\/\/qqpets.com\/product\/nylon-dog-collar\/#primaryimage\"},\"thumbnailUrl\":\"https:\/\/qqpets.com\/wp-content\/uploads\/2023\/09\/black-nylon-dog-collar.webp\",\"datePublished\":\"2024-09-02T08:36:21+00:00\",\"description\":\"Durable Nylon Dog Collar for everyday use. Comfortable, adjustable, and stylish. Perfect for all breeds!\",\"breadcrumb\":{\"@id\":\"https:\/\/qqpets.com\/product\/nylon-dog-collar\/#breadcrumb\"},\"inLanguage\":\"ro-RO\",\"potentialAction\":[{\"@type\":\"ReadAction\",\"target\":[\"https:\/\/qqpets.com\/product\/nylon-dog-collar\/\"]}]},{\"@type\":\"ImageObject\",\"inLanguage\":\"ro-RO\",\"@id\":\"https:\/\/qqpets.com\/product\/nylon-dog-collar\/#primaryimage\",\"url\":\"https:\/\/qqpets.com\/wp-content\/uploads\/2023\/09\/black-nylon-dog-collar.webp\",\"contentUrl\":\"https:\/\/qqpets.com\/wp-content\/uploads\/2023\/09\/black-nylon-dog-collar.webp\",\"width\":1280,\"height\":1280,\"caption\":\"black-nylon-dog-collar\"},{\"@type\":\"BreadcrumbList\",\"@id\":\"https:\/\/qqpets.com\/product\/nylon-dog-collar\/#breadcrumb\",\"itemListElement\":[{\"@type\":\"ListItem\",\"position\":1,\"name\":\"Home\",\"item\":\"https:\/\/qqpets.com\/\"},{\"@type\":\"ListItem\",\"position\":2,\"name\":\"Products\",\"item\":\"https:\/\/qqpets.com\/pet-products-manufacturer\/\"},{\"@type\":\"ListItem\",\"position\":3,\"name\":\"Nylon Dog Collar\"}]},{\"@type\":\"WebSite\",\"@id\":\"https:\/\/qqpets.com\/#website\",\"url\":\"https:\/\/qqpets.com\/\",\"name\":\"QQPETS\",\"description\":\"QQPETS is a pet products factory for dog harnesses, dog collars, dog leashes and dog accessories with professional customized service since 2005.\",\"publisher\":{\"@id\":\"https:\/\/qqpets.com\/#organization\"},\"potentialAction\":[{\"@type\":\"SearchAction\",\"target\":{\"@type\":\"EntryPoint\",\"urlTemplate\":\"https:\/\/qqpets.com\/?s={search_term_string}\"},\"query-input\":{\"@type\":\"PropertyValueSpecification\",\"valueRequired\":true,\"valueName\":\"search_term_string\"}}],\"inLanguage\":\"ro-RO\"},{\"@type\":\"Organization\",\"@id\":\"https:\/\/qqpets.com\/#organization\",\"name\":\"QQPETS\",\"url\":\"https:\/\/qqpets.com\/\",\"logo\":{\"@type\":\"ImageObject\",\"inLanguage\":\"ro-RO\",\"@id\":\"https:\/\/qqpets.com\/#\/schema\/logo\/image\/\",\"url\":\"https:\/\/qqpets.com\/wp-content\/uploads\/2023\/09\/cropped-cropped-qqpets-tiktok.jpg\",\"contentUrl\":\"https:\/\/qqpets.com\/wp-content\/uploads\/2023\/09\/cropped-cropped-qqpets-tiktok.jpg\",\"width\":511,\"height\":511,\"caption\":\"QQPETS\"},\"image\":{\"@id\":\"https:\/\/qqpets.com\/#\/schema\/logo\/image\/\"},\"sameAs\":[\"https:\/\/www.facebook.com\/QQpetsdogcollars\",\"https:\/\/www.instagram.com\/qqpetscollar\/\",\"https:\/\/www.pinterest.com\/qqpetsdogcollarsfactory\/\"]}]}<\/script>\n<!-- \/ Yoast SEO plugin. -->","yoast_head_json":{"title":"Nylon Dog Collar | QQPETS","description":"Colier de c\u00e2ine din nylon durabil pentru utilizare zilnic\u0103. Confortabil\u0103, reglabil\u0103 \u0219i elegant\u0103. Perfect\u0103 pentru toate rasele!","robots":{"index":"index","follow":"follow","max-snippet":"max-snippet:-1","max-image-preview":"max-image-preview:large","max-video-preview":"max-video-preview:-1"},"canonical":"https:\/\/qqpets.com\/ro\/produs\/nylon-dog-collar\/","og_locale":"ro_RO","og_type":"article","og_title":"Nylon Dog Collar | QQPETS","og_description":"Durable Nylon Dog Collar for everyday use. Comfortable, adjustable, and stylish. Perfect for all breeds!","og_url":"https:\/\/qqpets.com\/ro\/produs\/nylon-dog-collar\/","og_site_name":"QQPETS","article_publisher":"https:\/\/www.facebook.com\/QQpetsdogcollars","og_image":[{"width":1280,"height":1280,"url":"https:\/\/qqpets.com\/wp-content\/uploads\/2023\/09\/black-nylon-dog-collar.webp","type":"image\/webp"}],"twitter_card":"summary_large_image","twitter_misc":{"Timp estimat pentru citire":"3 minute"},"schema":{"@context":"https:\/\/schema.org","@graph":[{"@type":"WebPage","@id":"https:\/\/qqpets.com\/product\/nylon-dog-collar\/","url":"https:\/\/qqpets.com\/product\/nylon-dog-collar\/","name":"Nylon Dog Collar | QQPETS","isPartOf":{"@id":"https:\/\/qqpets.com\/#website"},"primaryImageOfPage":{"@id":"https:\/\/qqpets.com\/product\/nylon-dog-collar\/#primaryimage"},"image":{"@id":"https:\/\/qqpets.com\/product\/nylon-dog-collar\/#primaryimage"},"thumbnailUrl":"https:\/\/qqpets.com\/wp-content\/uploads\/2023\/09\/black-nylon-dog-collar.webp","datePublished":"2024-09-02T08:36:21+00:00","description":"Colier de c\u00e2ine din nylon durabil pentru utilizare zilnic\u0103. Confortabil\u0103, reglabil\u0103 \u0219i elegant\u0103. Perfect\u0103 pentru toate rasele!","breadcrumb":{"@id":"https:\/\/qqpets.com\/product\/nylon-dog-collar\/#breadcrumb"},"inLanguage":"ro-RO","potentialAction":[{"@type":"ReadAction","target":["https:\/\/qqpets.com\/product\/nylon-dog-collar\/"]}]},{"@type":"ImageObject","inLanguage":"ro-RO","@id":"https:\/\/qqpets.com\/product\/nylon-dog-collar\/#primaryimage","url":"https:\/\/qqpets.com\/wp-content\/uploads\/2023\/09\/black-nylon-dog-collar.webp","contentUrl":"https:\/\/qqpets.com\/wp-content\/uploads\/2023\/09\/black-nylon-dog-collar.webp","width":1280,"height":1280,"caption":"black-nylon-dog-collar"},{"@type":"BreadcrumbList","@id":"https:\/\/qqpets.com\/product\/nylon-dog-collar\/#breadcrumb","itemListElement":[{"@type":"ListItem","position":1,"name":"Home","item":"https:\/\/qqpets.com\/"},{"@type":"ListItem","position":2,"name":"Products","item":"https:\/\/qqpets.com\/pet-products-manufacturer\/"},{"@type":"ListItem","position":3,"name":"Nylon Dog Collar"}]},{"@type":"WebSite","@id":"https:\/\/qqpets.com\/#website","url":"https:\/\/qqpets.com\/","name":"QQPETS","description":"QQPETS este o fabric\u0103 de produse pentru animale de companie pentru hamuri pentru c\u00e2ini, gulere pentru c\u00e2ini, lese pentru c\u00e2ini \u0219i accesorii pentru c\u00e2ini cu servicii profesionale personalizate din 2005.","publisher":{"@id":"https:\/\/qqpets.com\/#organization"},"potentialAction":[{"@type":"SearchAction","target":{"@type":"EntryPoint","urlTemplate":"https:\/\/qqpets.com\/?s={search_term_string}"},"query-input":{"@type":"PropertyValueSpecification","valueRequired":true,"valueName":"search_term_string"}}],"inLanguage":"ro-RO"},{"@type":"Organization","@id":"https:\/\/qqpets.com\/#organization","name":"QQPETS","url":"https:\/\/qqpets.com\/","logo":{"@type":"ImageObject","inLanguage":"ro-RO","@id":"https:\/\/qqpets.com\/#\/schema\/logo\/image\/","url":"https:\/\/qqpets.com\/wp-content\/uploads\/2023\/09\/cropped-cropped-qqpets-tiktok.jpg","contentUrl":"https:\/\/qqpets.com\/wp-content\/uploads\/2023\/09\/cropped-cropped-qqpets-tiktok.jpg","width":511,"height":511,"caption":"QQPETS"},"image":{"@id":"https:\/\/qqpets.com\/#\/schema\/logo\/image\/"},"sameAs":["https:\/\/www.facebook.com\/QQpetsdogcollars","https:\/\/www.instagram.com\/qqpetscollar\/","https:\/\/www.pinterest.com\/qqpetsdogcollarsfactory\/"]}]}},"_links":{"self":[{"href":"https:\/\/qqpets.com\/ro\/wp-json\/wp\/v2\/product\/7762","targetHints":{"allow":["GET"]}}],"collection":[{"href":"https:\/\/qqpets.com\/ro\/wp-json\/wp\/v2\/product"}],"about":[{"href":"https:\/\/qqpets.com\/ro\/wp-json\/wp\/v2\/types\/product"}],"wp:featuredmedia":[{"embeddable":true,"href":"https:\/\/qqpets.com\/ro\/wp-json\/wp\/v2\/media\/7235"}],"wp:attachment":[{"href":"https:\/\/qqpets.com\/ro\/wp-json\/wp\/v2\/media?parent=7762"}],"wp:term":[{"taxonomy":"product_brand","embeddable":true,"href":"https:\/\/qqpets.com\/ro\/wp-json\/wp\/v2\/product_brand?post=7762"},{"taxonomy":"product_cat","embeddable":true,"href":"https:\/\/qqpets.com\/ro\/wp-json\/wp\/v2\/product_cat?post=7762"},{"taxonomy":"product_tag","embeddable":true,"href":"https:\/\/qqpets.com\/ro\/wp-json\/wp\/v2\/product_tag?post=7762"}],"curies":[{"name":"wp","href":"https:\/\/api.w.org\/{rel}","templated":true}]}}