{"id":7768,"date":"2024-09-02T17:28:21","date_gmt":"2024-09-02T09:28:21","guid":{"rendered":"https:\/\/qqpets.com\/?post_type=product&#038;p=7768"},"modified":"2024-11-13T14:14:56","modified_gmt":"2024-11-13T06:14:56","slug":"dog-collar-and-dog-leash-set-with-padded-handle","status":"publish","type":"product","link":"https:\/\/qqpets.com\/ro\/produs\/dog-collar-and-dog-leash-set-with-padded-handle\/","title":{"rendered":"Set de guler \u0219i les\u0103 pentru c\u00e2ine reflectorizant"},"content":{"rendered":"<p>V\u0103 prezent\u0103m setul nostru complet de zgard\u0103 \u0219i les\u0103 reflectorizant\u0103 pentru c\u00e2ini cu m\u00e2ner c\u0103ptu\u0219it, conceput pentru a oferi un amestec de siguran\u021b\u0103, confort \u0219i durabilitate. Acest set esen\u021bial asigur\u0103 vizibilitatea \u0219i siguran\u021ba c\u00e2inelui dvs. \u00een timpul plimb\u0103rilor pe timp de noapte sau diminea\u021ba devreme, datorit\u0103 cus\u0103turilor reflectorizante care lumineaz\u0103 \u00een lumin\u0103 slab\u0103, \u00eembun\u0103t\u0103\u021bind at\u00e2t vizibilitatea dvs. c\u00e2t \u0219i a animalului dvs. de companie pentru ceilal\u021bi.<\/p>\n<p>Zgarda este u\u0219or reglabil\u0103, asigur\u00e2nd o potrivire confortabil\u0103 care poate acomoda c\u00e2ini de diferite dimensiuni \u0219i rase. Este fabricat\u0103 din materiale de \u00eenalt\u0103 calitate care sunt construite pentru a rezista rigorilor utiliz\u0103rii zilnice, men\u021bin\u00e2nd \u00een acela\u0219i timp confortul animalului dvs. de companie.<\/p>\n<p>Lesa asortat\u0103 are un m\u00e2ner confortabil c\u0103ptu\u0219it, conceput pentru a preveni oboseala m\u00e2inii \u0219i pentru a oferi o prindere moale \u00een timpul plimb\u0103rilor lungi sau dac\u0103 c\u00e2inele dumneavoastr\u0103 are tendin\u021ba de a trage. Aceast\u0103 caracteristic\u0103 este apreciat\u0103 \u00een special de proprietarii de animale de companie care apreciaz\u0103 confortul \u00eempreun\u0103 cu controlul.<\/p>\n<p>At\u00e2t zgarda, c\u00e2t \u0219i lesa sunt echipate cu hardware rezistent care asigur\u0103 durabilitate \u0219i fiabilitate. Fermoarele \u0219i c\u00e2rligele puternice men\u021bin o conexiune sigur\u0103, oferindu-v\u0103 \u00eencredere \u00een siguran\u021ba animalului dvs. de companie, indiferent de mediul pe care \u00eel explora\u021bi.<\/p>\n<p>Perfect pentru c\u00e2inii activi \u0219i st\u0103p\u00e2nii care se bucur\u0103 de ie\u0219iri diminea\u021ba devreme sau noaptea t\u00e2rziu, acest set nu numai c\u0103 spore\u0219te siguran\u021ba cu capacit\u0103\u021bile sale reflectorizante, dar promoveaz\u0103 \u0219i o experien\u021b\u0103 de plimbare confortabil\u0103 \u0219i pl\u0103cut\u0103. Trece\u021bi ast\u0103zi la setul nostru de zgard\u0103 \u0219i les\u0103 reflectorizant\u0103 pentru c\u00e2ini cu m\u00e2ner c\u0103ptu\u0219it pentru a experimenta cele mai noi elemente esen\u021biale pentru plimbarea animalelor de companie.<\/p>\n<h5><strong>Ce tip de les\u0103 este cel mai bun pentru c\u00e2ini?<\/strong><\/h5>\n<p>Cel mai bun tip de les\u0103 depinde de m\u0103rimea c\u00e2inelui, de comportamentul acestuia \u0219i de mediul \u00een care v\u0103 plimba\u021bi. Pentru majoritatea situa\u021biilor, o les\u0103 standard din nailon sau piele cu o lungime de aproximativ 2,5 metri ofer\u0103 un control bun \u0219i durabilitate. Pentru dresaj sau nevoi specifice de control, o les\u0103 retractabil\u0103 poate oferi mai mult\u0103 flexibilitate.<\/p>\n<h5><strong>Ce este o les\u0103 de c\u00e2ine vs les\u0103?<\/strong><\/h5>\n<p>Termenii \"les\u0103 pentru c\u00e2ini\" \u0219i \"les\u0103 pentru c\u00e2ini\" sunt adesea utiliza\u021bi \u00een mod interschimbabil pentru a se referi la acela\u0219i element, care este un cordon sau o curea utilizat\u0103 pentru a controla un c\u00e2ine prin ata\u0219area la zgarda sau hamul acestuia. Unele contexte pot face o u\u0219oar\u0103 diferen\u021biere, \u00een cazul \u00een care \"les\u0103\" se poate referi la lesele mai scurte utilizate \u00een principal pentru un control mai direct sau pentru dresaj.<\/p>\n<h5><strong>Este bine s\u0103 v\u0103 \u021bine\u021bi c\u00e2inele \u00een les\u0103?<\/strong><\/h5>\n<p>Da, legarea c\u00e2inelui \u00een les\u0103 este, \u00een general, bun\u0103 \u0219i adesea necesar\u0103 pentru siguran\u021b\u0103, control \u0219i respectarea legilor locale privind lesa. Aceasta previne alergarea c\u00e2inilor \u00een situa\u021bii nesigure, cum ar fi traficul sau interac\u021biunile necontrolate cu alte animale \u0219i oameni.<\/p>\n<h5><strong>Este bine s\u0103 trage\u021bi c\u00e2inele \u00een les\u0103?<\/strong><\/h5>\n<p>Nu este recomandat s\u0103 trage\u021bi un c\u00e2ine \u00een les\u0103, deoarece acest lucru poate duce la r\u0103nire, poate crea stres \u0219i poate \u00eenr\u0103ut\u0103\u021bi comportamentul de tragere. \u00cen schimb, folosi\u021bi tehnici bl\u00e2nde de ghidare \u0219i dresaj pentru a \u00eencuraja un comportament bun \u00een les\u0103.<\/p>\n<h5><strong>Care este trucul #1 pentru a v\u0103 opri c\u00e2inele s\u0103 trag\u0103 de les\u0103?<\/strong><\/h5>\n<p>Un truc eficient pentru a v\u0103 opri c\u00e2inele s\u0103 trag\u0103 este tehnica \"stop-and-go\". Dac\u0103 c\u00e2inele dvs. \u00eencepe s\u0103 trag\u0103, opri\u021bi-v\u0103 pur \u0219i simplu din mers. Continua\u021bi doar atunci c\u00e2nd lesa este din nou sl\u0103bit\u0103. Acest lucru \u00eel \u00eenva\u021b\u0103 pe c\u00e2inele dvs. c\u0103 dac\u0103 trage nu \u00eel va face s\u0103 \u00eenainteze \u0219i c\u0103 mersul frumos al\u0103turi de dvs. este cea mai bun\u0103 modalitate de a ajunge acolo unde dore\u0219te s\u0103 mearg\u0103.<\/p>\n<h5><strong>Sunt c\u00e2inii mai ferici\u021bi f\u0103r\u0103 les\u0103?<\/strong><\/h5>\n<p>Mul\u021bi c\u00e2ini sunt mai ferici\u021bi f\u0103r\u0103 les\u0103, deoarece le ofer\u0103 mai mult\u0103 libertate s\u0103 exploreze \u0219i s\u0103 se joace \u00een ritmul lor propriu, ceea ce poate fi excelent pentru s\u0103n\u0103tatea lor mental\u0103 \u0219i fizic\u0103. Totu\u0219i, acest lucru depinde de temperamentul c\u00e2inelui, de nivelul de dresaj \u0219i de siguran\u021ba mediului. Activitatea \u00een afara lesei ar trebui s\u0103 se desf\u0103\u0219oare \u00eentotdeauna \u00een zone sigure, \u00eenchise, acolo unde legisla\u021bia local\u0103 permite acest lucru.<\/p>","protected":false},"excerpt":{"rendered":"<p>Asigura\u021bi siguran\u021ba animalului dvs. de companie cu setul nostru reflectorizant de zgard\u0103 \u0219i les\u0103 pentru c\u00e2ine, prev\u0103zut cu un m\u00e2ner c\u0103ptu\u0219it pentru confort. Acest set spore\u0219te vizibilitatea \u00een timpul plimb\u0103rilor \u00een condi\u021bii de lumin\u0103 sc\u0103zut\u0103 cu cus\u0103turile sale reflectorizante. Zgarda \u0219i lesa sunt fabricate din materiale durabile, reglabile pentru o potrivire perfect\u0103 \u0219i concepute pentru utilizare zilnic\u0103. Ideal pentru plimb\u0103rile de sear\u0103, m\u00e2nerul moale c\u0103ptu\u0219it ofer\u0103 o prindere confortabil\u0103, reduc\u00e2nd \u00eencordarea m\u00e2inii.<\/p>","protected":false},"featured_media":7774,"template":"","meta":[],"product_brand":[],"product_cat":[26,27],"product_tag":[],"class_list":{"0":"post-7768","1":"product","2":"type-product","3":"status-publish","4":"has-post-thumbnail","6":"product_cat-dog-collar","7":"product_cat-dog-leash","8":"pa_brand-qqpets","10":"first","11":"instock","12":"shipping-taxable","13":"product-type-simple"},"yoast_head":"<!-- This site is optimized with the Yoast SEO plugin v26.6 - https:\/\/yoast.com\/wordpress\/plugins\/seo\/ -->\n<title>Training Reflective Dog Collar And Dog Leash Set | QQPETS<\/title>\n<meta name=\"description\" content=\"Get the Reflective Dog Collar and Leash Set with a padded handle for comfortable, safe walks. Shop for visibility!\" \/>\n<meta name=\"robots\" content=\"index, follow, max-snippet:-1, max-image-preview:large, max-video-preview:-1\" \/>\n<link rel=\"canonical\" href=\"https:\/\/qqpets.com\/ro\/produs\/dog-collar-and-dog-leash-set-with-padded-handle\/\" \/>\n<meta property=\"og:locale\" content=\"ro_RO\" \/>\n<meta property=\"og:type\" content=\"article\" \/>\n<meta property=\"og:title\" content=\"Training Reflective Dog Collar And Dog Leash Set | QQPETS\" \/>\n<meta property=\"og:description\" content=\"Get the Reflective Dog Collar and Leash Set with a padded handle for comfortable, safe walks. Shop for visibility!\" \/>\n<meta property=\"og:url\" content=\"https:\/\/qqpets.com\/ro\/produs\/dog-collar-and-dog-leash-set-with-padded-handle\/\" \/>\n<meta property=\"og:site_name\" content=\"QQPETS\" \/>\n<meta property=\"article:publisher\" content=\"https:\/\/www.facebook.com\/QQpetsdogcollars\" \/>\n<meta property=\"article:modified_time\" content=\"2024-11-13T06:14:56+00:00\" \/>\n<meta property=\"og:image\" content=\"https:\/\/qqpets.com\/wp-content\/uploads\/2024\/09\/2_7_11zon_1_11zon.webp\" \/>\n\t<meta property=\"og:image:width\" content=\"1600\" \/>\n\t<meta property=\"og:image:height\" content=\"1600\" \/>\n\t<meta property=\"og:image:type\" content=\"image\/webp\" \/>\n<meta name=\"twitter:card\" content=\"summary_large_image\" \/>\n<meta name=\"twitter:label1\" content=\"Timp estimat pentru citire\" \/>\n\t<meta name=\"twitter:data1\" content=\"3 minute\" \/>\n<script type=\"application\/ld+json\" class=\"yoast-schema-graph\">{\"@context\":\"https:\/\/schema.org\",\"@graph\":[{\"@type\":\"WebPage\",\"@id\":\"https:\/\/qqpets.com\/product\/dog-collar-and-dog-leash-set-with-padded-handle\/\",\"url\":\"https:\/\/qqpets.com\/product\/dog-collar-and-dog-leash-set-with-padded-handle\/\",\"name\":\"Training Reflective Dog Collar And Dog Leash Set | QQPETS\",\"isPartOf\":{\"@id\":\"https:\/\/qqpets.com\/#website\"},\"primaryImageOfPage\":{\"@id\":\"https:\/\/qqpets.com\/product\/dog-collar-and-dog-leash-set-with-padded-handle\/#primaryimage\"},\"image\":{\"@id\":\"https:\/\/qqpets.com\/product\/dog-collar-and-dog-leash-set-with-padded-handle\/#primaryimage\"},\"thumbnailUrl\":\"https:\/\/qqpets.com\/wp-content\/uploads\/2024\/09\/2_7_11zon_1_11zon.webp\",\"datePublished\":\"2024-09-02T09:28:21+00:00\",\"dateModified\":\"2024-11-13T06:14:56+00:00\",\"description\":\"Get the Reflective Dog Collar and Leash Set with a padded handle for comfortable, safe walks. Shop for visibility!\",\"breadcrumb\":{\"@id\":\"https:\/\/qqpets.com\/product\/dog-collar-and-dog-leash-set-with-padded-handle\/#breadcrumb\"},\"inLanguage\":\"ro-RO\",\"potentialAction\":[{\"@type\":\"ReadAction\",\"target\":[\"https:\/\/qqpets.com\/product\/dog-collar-and-dog-leash-set-with-padded-handle\/\"]}]},{\"@type\":\"ImageObject\",\"inLanguage\":\"ro-RO\",\"@id\":\"https:\/\/qqpets.com\/product\/dog-collar-and-dog-leash-set-with-padded-handle\/#primaryimage\",\"url\":\"https:\/\/qqpets.com\/wp-content\/uploads\/2024\/09\/2_7_11zon_1_11zon.webp\",\"contentUrl\":\"https:\/\/qqpets.com\/wp-content\/uploads\/2024\/09\/2_7_11zon_1_11zon.webp\",\"width\":1600,\"height\":1600,\"caption\":\"Reflective Dog Collar and Dog Leash set\"},{\"@type\":\"BreadcrumbList\",\"@id\":\"https:\/\/qqpets.com\/product\/dog-collar-and-dog-leash-set-with-padded-handle\/#breadcrumb\",\"itemListElement\":[{\"@type\":\"ListItem\",\"position\":1,\"name\":\"Home\",\"item\":\"https:\/\/qqpets.com\/\"},{\"@type\":\"ListItem\",\"position\":2,\"name\":\"Products\",\"item\":\"https:\/\/qqpets.com\/pet-products-manufacturer\/\"},{\"@type\":\"ListItem\",\"position\":3,\"name\":\"Training Reflective Dog Collar And Dog Leash Set\"}]},{\"@type\":\"WebSite\",\"@id\":\"https:\/\/qqpets.com\/#website\",\"url\":\"https:\/\/qqpets.com\/\",\"name\":\"QQPETS\",\"description\":\"QQPETS is a pet products factory for dog harnesses, dog collars, dog leashes and dog accessories with professional customized service since 2005.\",\"publisher\":{\"@id\":\"https:\/\/qqpets.com\/#organization\"},\"potentialAction\":[{\"@type\":\"SearchAction\",\"target\":{\"@type\":\"EntryPoint\",\"urlTemplate\":\"https:\/\/qqpets.com\/?s={search_term_string}\"},\"query-input\":{\"@type\":\"PropertyValueSpecification\",\"valueRequired\":true,\"valueName\":\"search_term_string\"}}],\"inLanguage\":\"ro-RO\"},{\"@type\":\"Organization\",\"@id\":\"https:\/\/qqpets.com\/#organization\",\"name\":\"QQPETS\",\"url\":\"https:\/\/qqpets.com\/\",\"logo\":{\"@type\":\"ImageObject\",\"inLanguage\":\"ro-RO\",\"@id\":\"https:\/\/qqpets.com\/#\/schema\/logo\/image\/\",\"url\":\"https:\/\/qqpets.com\/wp-content\/uploads\/2023\/09\/cropped-cropped-qqpets-tiktok.jpg\",\"contentUrl\":\"https:\/\/qqpets.com\/wp-content\/uploads\/2023\/09\/cropped-cropped-qqpets-tiktok.jpg\",\"width\":511,\"height\":511,\"caption\":\"QQPETS\"},\"image\":{\"@id\":\"https:\/\/qqpets.com\/#\/schema\/logo\/image\/\"},\"sameAs\":[\"https:\/\/www.facebook.com\/QQpetsdogcollars\",\"https:\/\/www.instagram.com\/qqpetscollar\/\",\"https:\/\/www.pinterest.com\/qqpetsdogcollarsfactory\/\"]}]}<\/script>\n<!-- \/ Yoast SEO plugin. -->","yoast_head_json":{"title":"Guler reflectorizant pentru c\u00e2ini \u0219i set de les\u0103 pentru c\u00e2ini | QQPETS","description":"Ob\u021bine\u021bi setul de zgard\u0103 \u0219i les\u0103 reflectorizante pentru c\u00e2ini cu m\u00e2ner c\u0103ptu\u0219it pentru plimb\u0103ri confortabile \u0219i sigure. Cump\u0103r\u0103 pentru vizibilitate!","robots":{"index":"index","follow":"follow","max-snippet":"max-snippet:-1","max-image-preview":"max-image-preview:large","max-video-preview":"max-video-preview:-1"},"canonical":"https:\/\/qqpets.com\/ro\/produs\/dog-collar-and-dog-leash-set-with-padded-handle\/","og_locale":"ro_RO","og_type":"article","og_title":"Training Reflective Dog Collar And Dog Leash Set | QQPETS","og_description":"Get the Reflective Dog Collar and Leash Set with a padded handle for comfortable, safe walks. Shop for visibility!","og_url":"https:\/\/qqpets.com\/ro\/produs\/dog-collar-and-dog-leash-set-with-padded-handle\/","og_site_name":"QQPETS","article_publisher":"https:\/\/www.facebook.com\/QQpetsdogcollars","article_modified_time":"2024-11-13T06:14:56+00:00","og_image":[{"width":1600,"height":1600,"url":"https:\/\/qqpets.com\/wp-content\/uploads\/2024\/09\/2_7_11zon_1_11zon.webp","type":"image\/webp"}],"twitter_card":"summary_large_image","twitter_misc":{"Timp estimat pentru citire":"3 minute"},"schema":{"@context":"https:\/\/schema.org","@graph":[{"@type":"WebPage","@id":"https:\/\/qqpets.com\/product\/dog-collar-and-dog-leash-set-with-padded-handle\/","url":"https:\/\/qqpets.com\/product\/dog-collar-and-dog-leash-set-with-padded-handle\/","name":"Guler reflectorizant pentru c\u00e2ini \u0219i set de les\u0103 pentru c\u00e2ini | QQPETS","isPartOf":{"@id":"https:\/\/qqpets.com\/#website"},"primaryImageOfPage":{"@id":"https:\/\/qqpets.com\/product\/dog-collar-and-dog-leash-set-with-padded-handle\/#primaryimage"},"image":{"@id":"https:\/\/qqpets.com\/product\/dog-collar-and-dog-leash-set-with-padded-handle\/#primaryimage"},"thumbnailUrl":"https:\/\/qqpets.com\/wp-content\/uploads\/2024\/09\/2_7_11zon_1_11zon.webp","datePublished":"2024-09-02T09:28:21+00:00","dateModified":"2024-11-13T06:14:56+00:00","description":"Ob\u021bine\u021bi setul de zgard\u0103 \u0219i les\u0103 reflectorizante pentru c\u00e2ini cu m\u00e2ner c\u0103ptu\u0219it pentru plimb\u0103ri confortabile \u0219i sigure. Cump\u0103r\u0103 pentru vizibilitate!","breadcrumb":{"@id":"https:\/\/qqpets.com\/product\/dog-collar-and-dog-leash-set-with-padded-handle\/#breadcrumb"},"inLanguage":"ro-RO","potentialAction":[{"@type":"ReadAction","target":["https:\/\/qqpets.com\/product\/dog-collar-and-dog-leash-set-with-padded-handle\/"]}]},{"@type":"ImageObject","inLanguage":"ro-RO","@id":"https:\/\/qqpets.com\/product\/dog-collar-and-dog-leash-set-with-padded-handle\/#primaryimage","url":"https:\/\/qqpets.com\/wp-content\/uploads\/2024\/09\/2_7_11zon_1_11zon.webp","contentUrl":"https:\/\/qqpets.com\/wp-content\/uploads\/2024\/09\/2_7_11zon_1_11zon.webp","width":1600,"height":1600,"caption":"Reflective Dog Collar and Dog Leash set"},{"@type":"BreadcrumbList","@id":"https:\/\/qqpets.com\/product\/dog-collar-and-dog-leash-set-with-padded-handle\/#breadcrumb","itemListElement":[{"@type":"ListItem","position":1,"name":"Home","item":"https:\/\/qqpets.com\/"},{"@type":"ListItem","position":2,"name":"Products","item":"https:\/\/qqpets.com\/pet-products-manufacturer\/"},{"@type":"ListItem","position":3,"name":"Training Reflective Dog Collar And Dog Leash Set"}]},{"@type":"WebSite","@id":"https:\/\/qqpets.com\/#website","url":"https:\/\/qqpets.com\/","name":"QQPETS","description":"QQPETS este o fabric\u0103 de produse pentru animale de companie pentru hamuri pentru c\u00e2ini, gulere pentru c\u00e2ini, lese pentru c\u00e2ini \u0219i accesorii pentru c\u00e2ini cu servicii profesionale personalizate din 2005.","publisher":{"@id":"https:\/\/qqpets.com\/#organization"},"potentialAction":[{"@type":"SearchAction","target":{"@type":"EntryPoint","urlTemplate":"https:\/\/qqpets.com\/?s={search_term_string}"},"query-input":{"@type":"PropertyValueSpecification","valueRequired":true,"valueName":"search_term_string"}}],"inLanguage":"ro-RO"},{"@type":"Organization","@id":"https:\/\/qqpets.com\/#organization","name":"QQPETS","url":"https:\/\/qqpets.com\/","logo":{"@type":"ImageObject","inLanguage":"ro-RO","@id":"https:\/\/qqpets.com\/#\/schema\/logo\/image\/","url":"https:\/\/qqpets.com\/wp-content\/uploads\/2023\/09\/cropped-cropped-qqpets-tiktok.jpg","contentUrl":"https:\/\/qqpets.com\/wp-content\/uploads\/2023\/09\/cropped-cropped-qqpets-tiktok.jpg","width":511,"height":511,"caption":"QQPETS"},"image":{"@id":"https:\/\/qqpets.com\/#\/schema\/logo\/image\/"},"sameAs":["https:\/\/www.facebook.com\/QQpetsdogcollars","https:\/\/www.instagram.com\/qqpetscollar\/","https:\/\/www.pinterest.com\/qqpetsdogcollarsfactory\/"]}]}},"_links":{"self":[{"href":"https:\/\/qqpets.com\/ro\/wp-json\/wp\/v2\/product\/7768","targetHints":{"allow":["GET"]}}],"collection":[{"href":"https:\/\/qqpets.com\/ro\/wp-json\/wp\/v2\/product"}],"about":[{"href":"https:\/\/qqpets.com\/ro\/wp-json\/wp\/v2\/types\/product"}],"wp:featuredmedia":[{"embeddable":true,"href":"https:\/\/qqpets.com\/ro\/wp-json\/wp\/v2\/media\/7774"}],"wp:attachment":[{"href":"https:\/\/qqpets.com\/ro\/wp-json\/wp\/v2\/media?parent=7768"}],"wp:term":[{"taxonomy":"product_brand","embeddable":true,"href":"https:\/\/qqpets.com\/ro\/wp-json\/wp\/v2\/product_brand?post=7768"},{"taxonomy":"product_cat","embeddable":true,"href":"https:\/\/qqpets.com\/ro\/wp-json\/wp\/v2\/product_cat?post=7768"},{"taxonomy":"product_tag","embeddable":true,"href":"https:\/\/qqpets.com\/ro\/wp-json\/wp\/v2\/product_tag?post=7768"}],"curies":[{"name":"wp","href":"https:\/\/api.w.org\/{rel}","templated":true}]}}