{"id":7780,"date":"2024-09-02T17:55:49","date_gmt":"2024-09-02T09:55:49","guid":{"rendered":"https:\/\/qqpets.com\/?post_type=product&#038;p=7780"},"modified":"2024-09-24T17:44:04","modified_gmt":"2024-09-24T09:44:04","slug":"gentle-leader-no-pull-dog-head-collar","status":"publish","type":"product","link":"https:\/\/qqpets.com\/ro\/produs\/gentle-leader-no-pull-dog-head-collar\/","title":{"rendered":"Gentle Leader No Pull Dog Head Collar"},"content":{"rendered":"<p>Introduce\u021bi o revolu\u021bie \u00een dresajul \u0219i plimbarea c\u00e2inelui dvs. cu Gentle Leader No Pull Dog Head Collar. Acest instrument inovator este conceput special pentru a oferi un control imediat \u0219i bl\u00e2nd, f\u0103r\u0103 utilizarea for\u021bei. Prin direc\u021bionarea capului c\u00e2inelui, acesta \u00eei ghideaz\u0103 \u00een mod natural corpul, \u00eempiedic\u00e2nd tragerea \u0219i oferindu-v\u0103 un control complet \u00een timpul plimb\u0103rilor, sesiunilor de dresaj sau atunci c\u00e2nd ave\u021bi de-a face cu un comportament agresiv.<\/p>\n<p>Spre deosebire de zg\u0103rzile tradi\u021bionale, Gentle Leader Head Collar aplic\u0103 presiune la ceaf\u0103 mai degrab\u0103 dec\u00e2t la g\u00e2t, ceea ce este mai uman \u0219i mai nedureros pentru c\u00e2inele dvs. Bucla pentru nas este c\u0103ptu\u0219it\u0103 pentru a asigura un confort maxim, prevenind orice irita\u021bie sau disconfort.<\/p>\n<p>Aceast\u0103 zgard\u0103 este deosebit de eficient\u0103 pentru c\u00e2inii care trag agresiv sau sunt u\u0219or distra\u0219i. V\u0103 permite s\u0103 \u00eei conduce\u021bi \u00een direc\u021bia dorit\u0103 \u0219i s\u0103 le concentra\u021bi aten\u021bia asupra dumneavoastr\u0103 cu un efort minim. Este recomandat\u0103 pe scar\u0103 larg\u0103 de c\u0103tre veterinari \u0219i dresori ca o metod\u0103 sigur\u0103 \u0219i eficient\u0103 de a controla c\u00e2inii f\u0103r\u0103 a provoca stres sau anxietate.<\/p>\n<p>Gentle Leader este u\u0219or de montat \u0219i poate fi ajustat pentru a se potrivi tuturor dimensiunilor \u0219i raselor. Designul asigur\u0103 faptul c\u0103 acesta r\u0103m\u00e2ne pe pozi\u021bie f\u0103r\u0103 s\u0103 alunece sau s\u0103 se str\u00e2ng\u0103 inutil, ceea ce este esen\u021bial pentru men\u021binerea unei comunic\u0103ri \u0219i a unui control eficiente.<\/p>\n<p>Fie c\u0103 ave\u021bi de-a face cu un c\u0103\u021bel care \u00eenva\u021b\u0103 s\u0103 mearg\u0103 \u00een les\u0103 sau cu un c\u00e2ine adult cu probleme de comportament, gulerul nostru Gentle Leader No Pull Dog Head Collar este un instrument nepre\u021buit pentru promovarea unei experien\u021be pozitive de plimbare. \u00cencurajeaz\u0103 mersul politicos \u0219i ajut\u0103 la dep\u0103\u0219irea problemelor comportamentale legate de les\u0103, f\u0103c\u00e2nd plimb\u0103rile dvs. pl\u0103cute \u0219i f\u0103r\u0103 stres.<\/p>\n<div class=\"flex-shrink-0 flex flex-col relative items-end\">\n<div>\n<div class=\"pt-0\">\n<div class=\"gizmo-bot-avatar flex h-8 w-8 items-center justify-center overflow-hidden rounded-full\">\n<div class=\"relative p-1 rounded-sm flex items-center justify-center bg-token-main-surface-primary text-token-text-primary h-8 w-8\"><\/div>\n<\/div>\n<\/div>\n<\/div>\n<\/div>\n<div class=\"group\/conversation-turn relative flex w-full min-w-0 flex-col agent-turn\">\n<div class=\"flex-col gap-1 md:gap-3\">\n<div class=\"flex max-w-full flex-col flex-grow\">\n<div class=\"min-h-[20px] text-message flex w-full flex-col items-end gap-2 break-words [.text-message+&amp;]:mt-5 overflow-x-auto whitespace-normal\" dir=\"auto\" data-message-author-role=\"assistant\" data-message-id=\"c98a0c2a-7b64-4805-8feb-b84270904e09\">\n<div class=\"flex w-full flex-col gap-1 empty:hidden first:pt-[3px]\">\n<div class=\"markdown prose w-full break-words dark:prose-invert light\">\n<h5><strong>Conduc\u0103torii bl\u00e2nzi sunt buni pentru c\u00e2inii care trag?<\/strong><\/h5>\n<p>Da, sistemul Gentle Leaders este eficient pentru c\u00e2inii care trag. Acestea func\u021bioneaz\u0103 prin redirec\u021bionarea capului c\u00e2inelui c\u0103tre dvs. atunci c\u00e2nd \u00eencearc\u0103 s\u0103 trag\u0103, f\u0103c\u00e2ndu-i dificil s\u0103 \u00ee\u0219i foloseasc\u0103 toat\u0103 for\u021ba corpului pentru a trage \u00eenainte. Acest lucru ofer\u0103 un control mai bun \u0219i ajut\u0103 la dresarea c\u00e2inelui s\u0103 nu mai trag\u0103.<\/p>\n<h5><strong>Cum \u00eemi pot convinge c\u00e2inele s\u0103 nu mai trag\u0103 de conduc\u0103torul delicat?<\/strong><\/h5>\n<p>Pentru a v\u0103 ajuta c\u00e2inele s\u0103 nu mai trag\u0103 \u00een timp ce folosi\u021bi un Gentle Leader, \u00eendruma\u021bi-i constant capul u\u0219or \u00eenapoi spre dvs. ori de c\u00e2te ori \u00eencepe s\u0103 trag\u0103. \u00cemperechea\u021bi aceast\u0103 redirec\u021bionare cu \u00eent\u0103riri pozitive, cum ar fi dulciuri sau laude atunci c\u00e2nd merge frumos f\u0103r\u0103 s\u0103 trag\u0103. De asemenea, este important s\u0103 v\u0103 asigura\u021bi c\u0103 dispozitivul Gentle Leader este montat corect \u0219i confortabil pe c\u00e2inele dumneavoastr\u0103.<\/p>\n<h5><strong>Este un lider bl\u00e2nd mai bun dec\u00e2t un halti?<\/strong><\/h5>\n<p>At\u00e2t Gentle Leader, c\u00e2t \u0219i Halti ofer\u0103 beneficii similare prin controlul capului c\u00e2inelui pentru a reduce tragerea. Alegerea \u00eentre ele poate depinde de care se potrive\u0219te mai confortabil pe capul c\u00e2inelui dvs. \u0219i de reac\u021bia specific\u0103 a acestuia la fiecare. Unii c\u00e2ini ar putea reac\u021biona mai bine la un Gentle Leader, \u00een timp ce al\u021bii ar putea g\u0103si un Halti mai confortabil.<\/p>\n<h5><strong>C\u00e2t timp pute\u021bi l\u0103sa un lider bl\u00e2nd pe un c\u00e2ine?<\/strong><\/h5>\n<p>Gentle Leader trebuie purtat doar \u00een timpul activit\u0103\u021bilor supravegheate, cum ar fi plimbarea sau dresajul, \u0219i nu trebuie l\u0103sat \u00een func\u021biune pentru perioade lungi de timp. Nu este conceput pentru a fi purtat toat\u0103 ziua, deoarece poate provoca disconfort sau irita\u021bii dac\u0103 este purtat prea mult timp, \u00een special atunci c\u00e2nd c\u00e2inele nu este activ.<\/p>\n<\/div>\n<\/div>\n<\/div>\n<\/div>\n<\/div>\n<\/div>","protected":false},"excerpt":{"rendered":"<p>Transforma\u021bi-v\u0103 plimb\u0103rile cu Gentle Leader No Pull Dog Head Collar. Aceast\u0103 zgard\u0103 pentru cap aplic\u0103 o presiune bl\u00e2nd\u0103 pentru a calma comportamentul hiperactiv \u0219i a reduce tragerea \u00een les\u0103. Este proiectat\u0103 pentru confort cu bucla sa de nas c\u0103ptu\u0219it\u0103, asigur\u00e2nd at\u00e2t eficien\u021ba, c\u00e2t \u0219i umanitatea. Ideal\u0103 pentru dresaj f\u0103r\u0103 a provoca stres c\u00e2inelui, aceast\u0103 zgard\u0103 ajut\u0103 la ghidarea natural\u0103 a animalului dvs. de companie cu mi\u0219c\u0103ri ale capului, facilit\u00e2nd o mai bun\u0103 comunicare \u0219i corectarea comportamentului.<\/p>","protected":false},"featured_media":8230,"template":"","meta":[],"product_brand":[],"product_cat":[26],"product_tag":[],"class_list":{"0":"post-7780","1":"product","2":"type-product","3":"status-publish","4":"has-post-thumbnail","6":"product_cat-dog-collar","7":"pa_brand-qqpets","9":"first","10":"instock","11":"shipping-taxable","12":"product-type-simple"},"yoast_head":"<!-- This site is optimized with the Yoast SEO plugin v26.6 - https:\/\/yoast.com\/wordpress\/plugins\/seo\/ -->\n<title>Gentle Leader No Pull Dog Head Collar | QQPETS<\/title>\n<meta name=\"description\" content=\"Master gentle control with our No Pull Dog Head Collar. Train with ease and comfort. Effective and humane!\" \/>\n<meta name=\"robots\" content=\"index, follow, max-snippet:-1, max-image-preview:large, max-video-preview:-1\" \/>\n<link rel=\"canonical\" href=\"https:\/\/qqpets.com\/ro\/produs\/gentle-leader-no-pull-dog-head-collar\/\" \/>\n<meta property=\"og:locale\" content=\"ro_RO\" \/>\n<meta property=\"og:type\" content=\"article\" \/>\n<meta property=\"og:title\" content=\"Gentle Leader No Pull Dog Head Collar | QQPETS\" \/>\n<meta property=\"og:description\" content=\"Master gentle control with our No Pull Dog Head Collar. Train with ease and comfort. Effective and humane!\" \/>\n<meta property=\"og:url\" content=\"https:\/\/qqpets.com\/ro\/produs\/gentle-leader-no-pull-dog-head-collar\/\" \/>\n<meta property=\"og:site_name\" content=\"QQPETS\" \/>\n<meta property=\"article:publisher\" content=\"https:\/\/www.facebook.com\/QQpetsdogcollars\" \/>\n<meta property=\"article:modified_time\" content=\"2024-09-24T09:44:04+00:00\" \/>\n<meta property=\"og:image\" content=\"https:\/\/qqpets.com\/wp-content\/uploads\/2024\/09\/Dog-Head-Collar.webp\" \/>\n\t<meta property=\"og:image:width\" content=\"700\" \/>\n\t<meta property=\"og:image:height\" content=\"700\" \/>\n\t<meta property=\"og:image:type\" content=\"image\/webp\" \/>\n<meta name=\"twitter:card\" content=\"summary_large_image\" \/>\n<meta name=\"twitter:label1\" content=\"Timp estimat pentru citire\" \/>\n\t<meta name=\"twitter:data1\" content=\"3 minute\" \/>\n<script type=\"application\/ld+json\" class=\"yoast-schema-graph\">{\"@context\":\"https:\/\/schema.org\",\"@graph\":[{\"@type\":\"WebPage\",\"@id\":\"https:\/\/qqpets.com\/product\/gentle-leader-no-pull-dog-head-collar\/\",\"url\":\"https:\/\/qqpets.com\/product\/gentle-leader-no-pull-dog-head-collar\/\",\"name\":\"Gentle Leader No Pull Dog Head Collar | QQPETS\",\"isPartOf\":{\"@id\":\"https:\/\/qqpets.com\/#website\"},\"primaryImageOfPage\":{\"@id\":\"https:\/\/qqpets.com\/product\/gentle-leader-no-pull-dog-head-collar\/#primaryimage\"},\"image\":{\"@id\":\"https:\/\/qqpets.com\/product\/gentle-leader-no-pull-dog-head-collar\/#primaryimage\"},\"thumbnailUrl\":\"https:\/\/qqpets.com\/wp-content\/uploads\/2024\/09\/Dog-Head-Collar.webp\",\"datePublished\":\"2024-09-02T09:55:49+00:00\",\"dateModified\":\"2024-09-24T09:44:04+00:00\",\"description\":\"Master gentle control with our No Pull Dog Head Collar. Train with ease and comfort. Effective and humane!\",\"breadcrumb\":{\"@id\":\"https:\/\/qqpets.com\/product\/gentle-leader-no-pull-dog-head-collar\/#breadcrumb\"},\"inLanguage\":\"ro-RO\",\"potentialAction\":[{\"@type\":\"ReadAction\",\"target\":[\"https:\/\/qqpets.com\/product\/gentle-leader-no-pull-dog-head-collar\/\"]}]},{\"@type\":\"ImageObject\",\"inLanguage\":\"ro-RO\",\"@id\":\"https:\/\/qqpets.com\/product\/gentle-leader-no-pull-dog-head-collar\/#primaryimage\",\"url\":\"https:\/\/qqpets.com\/wp-content\/uploads\/2024\/09\/Dog-Head-Collar.webp\",\"contentUrl\":\"https:\/\/qqpets.com\/wp-content\/uploads\/2024\/09\/Dog-Head-Collar.webp\",\"width\":700,\"height\":700,\"caption\":\"Dog-Head-Collar\"},{\"@type\":\"BreadcrumbList\",\"@id\":\"https:\/\/qqpets.com\/product\/gentle-leader-no-pull-dog-head-collar\/#breadcrumb\",\"itemListElement\":[{\"@type\":\"ListItem\",\"position\":1,\"name\":\"Home\",\"item\":\"https:\/\/qqpets.com\/\"},{\"@type\":\"ListItem\",\"position\":2,\"name\":\"Products\",\"item\":\"https:\/\/qqpets.com\/pet-products-manufacturer\/\"},{\"@type\":\"ListItem\",\"position\":3,\"name\":\"Gentle Leader No Pull Dog Head Collar\"}]},{\"@type\":\"WebSite\",\"@id\":\"https:\/\/qqpets.com\/#website\",\"url\":\"https:\/\/qqpets.com\/\",\"name\":\"QQPETS\",\"description\":\"QQPETS is a pet products factory for dog harnesses, dog collars, dog leashes and dog accessories with professional customized service since 2005.\",\"publisher\":{\"@id\":\"https:\/\/qqpets.com\/#organization\"},\"potentialAction\":[{\"@type\":\"SearchAction\",\"target\":{\"@type\":\"EntryPoint\",\"urlTemplate\":\"https:\/\/qqpets.com\/?s={search_term_string}\"},\"query-input\":{\"@type\":\"PropertyValueSpecification\",\"valueRequired\":true,\"valueName\":\"search_term_string\"}}],\"inLanguage\":\"ro-RO\"},{\"@type\":\"Organization\",\"@id\":\"https:\/\/qqpets.com\/#organization\",\"name\":\"QQPETS\",\"url\":\"https:\/\/qqpets.com\/\",\"logo\":{\"@type\":\"ImageObject\",\"inLanguage\":\"ro-RO\",\"@id\":\"https:\/\/qqpets.com\/#\/schema\/logo\/image\/\",\"url\":\"https:\/\/qqpets.com\/wp-content\/uploads\/2023\/09\/cropped-cropped-qqpets-tiktok.jpg\",\"contentUrl\":\"https:\/\/qqpets.com\/wp-content\/uploads\/2023\/09\/cropped-cropped-qqpets-tiktok.jpg\",\"width\":511,\"height\":511,\"caption\":\"QQPETS\"},\"image\":{\"@id\":\"https:\/\/qqpets.com\/#\/schema\/logo\/image\/\"},\"sameAs\":[\"https:\/\/www.facebook.com\/QQpetsdogcollars\",\"https:\/\/www.instagram.com\/qqpetscollar\/\",\"https:\/\/www.pinterest.com\/qqpetsdogcollarsfactory\/\"]}]}<\/script>\n<!-- \/ Yoast SEO plugin. -->","yoast_head_json":{"title":"Gentle Leader No Pull Dog Head Collar | QQPETS","description":"St\u0103p\u00e2ne\u0219te controlul delicat cu zgarda noastr\u0103 de cap pentru c\u00e2ini No Pull. Dreseaz\u0103 cu u\u0219urin\u021b\u0103 \u0219i confort. Eficient \u0219i uman!","robots":{"index":"index","follow":"follow","max-snippet":"max-snippet:-1","max-image-preview":"max-image-preview:large","max-video-preview":"max-video-preview:-1"},"canonical":"https:\/\/qqpets.com\/ro\/produs\/gentle-leader-no-pull-dog-head-collar\/","og_locale":"ro_RO","og_type":"article","og_title":"Gentle Leader No Pull Dog Head Collar | QQPETS","og_description":"Master gentle control with our No Pull Dog Head Collar. Train with ease and comfort. Effective and humane!","og_url":"https:\/\/qqpets.com\/ro\/produs\/gentle-leader-no-pull-dog-head-collar\/","og_site_name":"QQPETS","article_publisher":"https:\/\/www.facebook.com\/QQpetsdogcollars","article_modified_time":"2024-09-24T09:44:04+00:00","og_image":[{"width":700,"height":700,"url":"https:\/\/qqpets.com\/wp-content\/uploads\/2024\/09\/Dog-Head-Collar.webp","type":"image\/webp"}],"twitter_card":"summary_large_image","twitter_misc":{"Timp estimat pentru citire":"3 minute"},"schema":{"@context":"https:\/\/schema.org","@graph":[{"@type":"WebPage","@id":"https:\/\/qqpets.com\/product\/gentle-leader-no-pull-dog-head-collar\/","url":"https:\/\/qqpets.com\/product\/gentle-leader-no-pull-dog-head-collar\/","name":"Gentle Leader No Pull Dog Head Collar | QQPETS","isPartOf":{"@id":"https:\/\/qqpets.com\/#website"},"primaryImageOfPage":{"@id":"https:\/\/qqpets.com\/product\/gentle-leader-no-pull-dog-head-collar\/#primaryimage"},"image":{"@id":"https:\/\/qqpets.com\/product\/gentle-leader-no-pull-dog-head-collar\/#primaryimage"},"thumbnailUrl":"https:\/\/qqpets.com\/wp-content\/uploads\/2024\/09\/Dog-Head-Collar.webp","datePublished":"2024-09-02T09:55:49+00:00","dateModified":"2024-09-24T09:44:04+00:00","description":"St\u0103p\u00e2ne\u0219te controlul delicat cu zgarda noastr\u0103 de cap pentru c\u00e2ini No Pull. Dreseaz\u0103 cu u\u0219urin\u021b\u0103 \u0219i confort. Eficient \u0219i uman!","breadcrumb":{"@id":"https:\/\/qqpets.com\/product\/gentle-leader-no-pull-dog-head-collar\/#breadcrumb"},"inLanguage":"ro-RO","potentialAction":[{"@type":"ReadAction","target":["https:\/\/qqpets.com\/product\/gentle-leader-no-pull-dog-head-collar\/"]}]},{"@type":"ImageObject","inLanguage":"ro-RO","@id":"https:\/\/qqpets.com\/product\/gentle-leader-no-pull-dog-head-collar\/#primaryimage","url":"https:\/\/qqpets.com\/wp-content\/uploads\/2024\/09\/Dog-Head-Collar.webp","contentUrl":"https:\/\/qqpets.com\/wp-content\/uploads\/2024\/09\/Dog-Head-Collar.webp","width":700,"height":700,"caption":"Dog-Head-Collar"},{"@type":"BreadcrumbList","@id":"https:\/\/qqpets.com\/product\/gentle-leader-no-pull-dog-head-collar\/#breadcrumb","itemListElement":[{"@type":"ListItem","position":1,"name":"Home","item":"https:\/\/qqpets.com\/"},{"@type":"ListItem","position":2,"name":"Products","item":"https:\/\/qqpets.com\/pet-products-manufacturer\/"},{"@type":"ListItem","position":3,"name":"Gentle Leader No Pull Dog Head Collar"}]},{"@type":"WebSite","@id":"https:\/\/qqpets.com\/#website","url":"https:\/\/qqpets.com\/","name":"QQPETS","description":"QQPETS este o fabric\u0103 de produse pentru animale de companie pentru hamuri pentru c\u00e2ini, gulere pentru c\u00e2ini, lese pentru c\u00e2ini \u0219i accesorii pentru c\u00e2ini cu servicii profesionale personalizate din 2005.","publisher":{"@id":"https:\/\/qqpets.com\/#organization"},"potentialAction":[{"@type":"SearchAction","target":{"@type":"EntryPoint","urlTemplate":"https:\/\/qqpets.com\/?s={search_term_string}"},"query-input":{"@type":"PropertyValueSpecification","valueRequired":true,"valueName":"search_term_string"}}],"inLanguage":"ro-RO"},{"@type":"Organization","@id":"https:\/\/qqpets.com\/#organization","name":"QQPETS","url":"https:\/\/qqpets.com\/","logo":{"@type":"ImageObject","inLanguage":"ro-RO","@id":"https:\/\/qqpets.com\/#\/schema\/logo\/image\/","url":"https:\/\/qqpets.com\/wp-content\/uploads\/2023\/09\/cropped-cropped-qqpets-tiktok.jpg","contentUrl":"https:\/\/qqpets.com\/wp-content\/uploads\/2023\/09\/cropped-cropped-qqpets-tiktok.jpg","width":511,"height":511,"caption":"QQPETS"},"image":{"@id":"https:\/\/qqpets.com\/#\/schema\/logo\/image\/"},"sameAs":["https:\/\/www.facebook.com\/QQpetsdogcollars","https:\/\/www.instagram.com\/qqpetscollar\/","https:\/\/www.pinterest.com\/qqpetsdogcollarsfactory\/"]}]}},"_links":{"self":[{"href":"https:\/\/qqpets.com\/ro\/wp-json\/wp\/v2\/product\/7780","targetHints":{"allow":["GET"]}}],"collection":[{"href":"https:\/\/qqpets.com\/ro\/wp-json\/wp\/v2\/product"}],"about":[{"href":"https:\/\/qqpets.com\/ro\/wp-json\/wp\/v2\/types\/product"}],"wp:featuredmedia":[{"embeddable":true,"href":"https:\/\/qqpets.com\/ro\/wp-json\/wp\/v2\/media\/8230"}],"wp:attachment":[{"href":"https:\/\/qqpets.com\/ro\/wp-json\/wp\/v2\/media?parent=7780"}],"wp:term":[{"taxonomy":"product_brand","embeddable":true,"href":"https:\/\/qqpets.com\/ro\/wp-json\/wp\/v2\/product_brand?post=7780"},{"taxonomy":"product_cat","embeddable":true,"href":"https:\/\/qqpets.com\/ro\/wp-json\/wp\/v2\/product_cat?post=7780"},{"taxonomy":"product_tag","embeddable":true,"href":"https:\/\/qqpets.com\/ro\/wp-json\/wp\/v2\/product_tag?post=7780"}],"curies":[{"name":"wp","href":"https:\/\/api.w.org\/{rel}","templated":true}]}}