{"id":7790,"date":"2024-09-03T17:20:44","date_gmt":"2024-09-03T09:20:44","guid":{"rendered":"https:\/\/qqpets.com\/?post_type=product&#038;p=7790"},"modified":"2024-09-03T17:20:44","modified_gmt":"2024-09-03T09:20:44","slug":"reflective-rope-dog-leash","status":"publish","type":"product","link":"https:\/\/qqpets.com\/ro\/produs\/reflective-rope-dog-leash\/","title":{"rendered":"Les\u0103 pentru c\u00e2ini cu fr\u00e2nghie reflectorizant\u0103"},"content":{"rendered":"<p>Introduce\u021bi un nou nivel de stil \u0219i rezisten\u021b\u0103 \u00een plimb\u0103rile dvs. zilnice cu lesa noastr\u0103 premium Rope Dog Leash. Aceast\u0103 les\u0103 este meticulos lucrat\u0103 din fr\u00e2nghie \u00eempletit\u0103 de \u00eenalt\u0103 calitate, conceput\u0103 pentru a rezista la cele mai dure trac\u021biuni \u0219i trageri chiar \u0219i din partea celor mai entuzia\u0219ti c\u00e2ini. Construc\u021bia robust\u0103 asigur\u0103 durabilitate \u00eendelungat\u0103, ceea ce o face o alegere perfect\u0103 pentru toate rasele, dimensiunile \u0219i v\u00e2rstele.<\/p>\n<p>M\u00e2nerul proiectat ergonomic este c\u0103ptu\u0219it pentru confort, reduc\u00e2nd oboseala m\u00e2inilor \u0219i oferind o experien\u021b\u0103 pl\u0103cut\u0103 de plimbare, chiar \u0219i \u00een timpul ie\u0219irilor prelungite. Aceast\u0103 caracteristic\u0103 este deosebit de benefic\u0103 pentru proprietarii de animale cu rase mari sau pentru cei care se bucur\u0103 de aventuri active care necesit\u0103 o prindere sigur\u0103.<\/p>\n<p>Lesa noastr\u0103 de c\u00e2ine din fr\u00e2nghie este echipat\u0103 cu o \u00eencuietoare rezistent\u0103 care asigur\u0103 o conexiune sigur\u0103 la zgarda sau hamul c\u00e2inelui dumneavoastr\u0103, oferind lini\u0219tea c\u0103 companionul dumneavoastr\u0103 este legat \u00een siguran\u021b\u0103 \u00een orice moment. Designul elegant, \u00eempletit, nu numai c\u0103 adaug\u0103 o not\u0103 de elegan\u021b\u0103, dar asigur\u0103, de asemenea, c\u0103 lesa este u\u0219or de cur\u0103\u021bat \u0219i de \u00eentre\u021binut, rezist\u00e2nd la toate condi\u021biile meteorologice, f\u0103r\u0103 a se rupe sau decolora.<\/p>\n<p>Disponibil\u0103 \u00eentr-o varietate de culori, lesa noastr\u0103 pentru c\u00e2ini Rope v\u0103 permite s\u0103 v\u0103 exprima\u021bi stilul personal al dvs. \u0219i al animalului dvs. de companie, asigur\u00e2ndu-v\u0103 \u00een acela\u0219i timp c\u0103 siguran\u021ba \u0219i func\u021bionalitatea nu sunt niciodat\u0103 compromise. Fie c\u0103 naviga\u021bi pe str\u0103zile aglomerate ale ora\u0219ului sau explora\u021bi trasee accidentate, aceast\u0103 les\u0103 este partenerul perfect pentru toate aventurile dvs. \u00een aer liber, combin\u00e2nd rezisten\u021ba de neegalat cu un aspect la mod\u0103.<\/p>\n<p>Alege\u021bi lesa noastr\u0103 cu fr\u00e2nghie pentru c\u00e2ini pentru o solu\u021bie fiabil\u0103, elegant\u0103 \u0219i practic\u0103 la nevoile de plimbare ale animalului dvs. de companie, f\u0103c\u00e2nd fiecare ie\u0219ire pl\u0103cut\u0103 \u0219i sigur\u0103.<\/p>\n<h5><strong>Sunt lesele de fr\u00e2nghie mai bune pentru c\u00e2ini?<\/strong><\/h5>\n<p>Lesele din fr\u00e2nghie pot fi mai bune pentru c\u00e2ini, \u00een special pentru cei care trag, datorit\u0103 durabilit\u0103\u021bii \u0219i rezisten\u021bei lor. De asemenea, acestea ofer\u0103 o aderen\u021b\u0103 bun\u0103 pentru st\u0103p\u00e2ni, ceea ce este util \u00een timpul dresajului sau \u00een situa\u021bii \u00een care controlul este crucial.<\/p>\n<h5><strong>Ce fr\u00e2nghie este bun\u0103 pentru lesa c\u00e2inelui?<\/strong><\/h5>\n<p>Fr\u00e2nghia de nailon pentru alpinism este adesea folosit\u0103 pentru lesele c\u00e2inilor deoarece este puternic\u0103, durabil\u0103 \u0219i are o prindere confortabil\u0103. Este, de asemenea, rezistent\u0103 la intemperii \u0219i poate suporta for\u021ba de trac\u021biune a c\u00e2inilor.<\/p>\n<h5><strong>Sunt colierele pentru c\u00e2ini din fr\u00e2nghie sigure?<\/strong><\/h5>\n<p>Zgarda pentru c\u00e2ini cu fr\u00e2nghie poate fi sigur\u0103 dac\u0103 are dimensiunea potrivit\u0103 \u0219i este fabricat\u0103 dintr-un material moale \u0219i durabil. Cu toate acestea, ele nu ar trebui s\u0103 fie folosite ca zgard\u0103 principal\u0103 pentru ata\u0219area pl\u0103cu\u021belor de identificare sau pentru c\u00e2inii care trag semnificativ, deoarece fr\u00e2nghia poate uza blana \u0219i poate provoca irita\u021bii \u00een timp.<\/p>\n<h5><strong>Care este cuv\u00e2ntul pentru o funie de c\u00e2ine?<\/strong><\/h5>\n<p>Termenul utilizat \u00een mod obi\u0219nuit pentru o fr\u00e2nghie de c\u00e2ine este \"les\u0103\" sau uneori \"les\u0103\", referindu-se \u00een mod specific la fr\u00e2nghia utilizat\u0103 pentru a conduce sau controla un c\u00e2ine \u00een timpul plimb\u0103rilor sau al dresajului.<\/p>","protected":false},"excerpt":{"rendered":"<p>Experimenta\u021bi combina\u021bia perfect\u0103 de durabilitate \u0219i stil cu lesa noastr\u0103 Rope Dog. Fabricat\u0103 din fr\u00e2nghie \u00eempletit\u0103 de \u00eenalt\u0103 calitate, aceast\u0103 les\u0103 ofer\u0103 o rezisten\u021b\u0103 superioar\u0103 pentru toate dimensiunile c\u00e2inilor. M\u00e2nerul cu prindere confortabil\u0103 asigur\u0103 u\u0219urin\u021ba de utilizare \u00een timpul plimb\u0103rilor lungi, \u00een timp ce \u00eenchiz\u0103toarea rezistent\u0103 asigur\u0103 o fixare sigur\u0103 la zgarda c\u00e2inelui dvs. Ideal\u0103 pentru utilizarea zilnic\u0103, aceasta combin\u0103 func\u021bionalitatea cu un design elegant \u0219i modern, asigur\u00e2nd at\u00e2t siguran\u021ba, c\u00e2t \u0219i stilul \u00een aventurile tale.<\/p>","protected":false},"featured_media":7791,"template":"","meta":[],"product_brand":[],"product_cat":[27],"product_tag":[],"class_list":{"0":"post-7790","1":"product","2":"type-product","3":"status-publish","4":"has-post-thumbnail","6":"product_cat-dog-leash","7":"pa_brand-qqpets","9":"first","10":"instock","11":"shipping-taxable","12":"product-type-simple"},"yoast_head":"<!-- This site is optimized with the Yoast SEO plugin v26.6 - https:\/\/yoast.com\/wordpress\/plugins\/seo\/ -->\n<title>Reflective Rope Dog Leash | QQPETS<\/title>\n<meta name=\"description\" content=\"Discover the durability of our Rope Dog Leash. Strong, stylish, and secure. Ideal for daily walks. Shop now!\" \/>\n<meta name=\"robots\" content=\"index, follow, max-snippet:-1, max-image-preview:large, max-video-preview:-1\" \/>\n<link rel=\"canonical\" href=\"https:\/\/qqpets.com\/ro\/produs\/reflective-rope-dog-leash\/\" \/>\n<meta property=\"og:locale\" content=\"ro_RO\" \/>\n<meta property=\"og:type\" content=\"article\" \/>\n<meta property=\"og:title\" content=\"Reflective Rope Dog Leash | QQPETS\" \/>\n<meta property=\"og:description\" content=\"Discover the durability of our Rope Dog Leash. Strong, stylish, and secure. Ideal for daily walks. Shop now!\" \/>\n<meta property=\"og:url\" content=\"https:\/\/qqpets.com\/ro\/produs\/reflective-rope-dog-leash\/\" \/>\n<meta property=\"og:site_name\" content=\"QQPETS\" \/>\n<meta property=\"article:publisher\" content=\"https:\/\/www.facebook.com\/QQpetsdogcollars\" \/>\n<meta property=\"og:image\" content=\"https:\/\/qqpets.com\/wp-content\/uploads\/2024\/09\/rope-dog-leash1.webp\" \/>\n\t<meta property=\"og:image:width\" content=\"892\" \/>\n\t<meta property=\"og:image:height\" content=\"968\" \/>\n\t<meta property=\"og:image:type\" content=\"image\/webp\" \/>\n<meta name=\"twitter:card\" content=\"summary_large_image\" \/>\n<meta name=\"twitter:label1\" content=\"Timp estimat pentru citire\" \/>\n\t<meta name=\"twitter:data1\" content=\"3 minute\" \/>\n<script type=\"application\/ld+json\" class=\"yoast-schema-graph\">{\"@context\":\"https:\/\/schema.org\",\"@graph\":[{\"@type\":\"WebPage\",\"@id\":\"https:\/\/qqpets.com\/product\/reflective-rope-dog-leash\/\",\"url\":\"https:\/\/qqpets.com\/product\/reflective-rope-dog-leash\/\",\"name\":\"Reflective Rope Dog Leash | QQPETS\",\"isPartOf\":{\"@id\":\"https:\/\/qqpets.com\/#website\"},\"primaryImageOfPage\":{\"@id\":\"https:\/\/qqpets.com\/product\/reflective-rope-dog-leash\/#primaryimage\"},\"image\":{\"@id\":\"https:\/\/qqpets.com\/product\/reflective-rope-dog-leash\/#primaryimage\"},\"thumbnailUrl\":\"https:\/\/qqpets.com\/wp-content\/uploads\/2024\/09\/rope-dog-leash1.webp\",\"datePublished\":\"2024-09-03T09:20:44+00:00\",\"description\":\"Discover the durability of our Rope Dog Leash. Strong, stylish, and secure. Ideal for daily walks. Shop now!\",\"breadcrumb\":{\"@id\":\"https:\/\/qqpets.com\/product\/reflective-rope-dog-leash\/#breadcrumb\"},\"inLanguage\":\"ro-RO\",\"potentialAction\":[{\"@type\":\"ReadAction\",\"target\":[\"https:\/\/qqpets.com\/product\/reflective-rope-dog-leash\/\"]}]},{\"@type\":\"ImageObject\",\"inLanguage\":\"ro-RO\",\"@id\":\"https:\/\/qqpets.com\/product\/reflective-rope-dog-leash\/#primaryimage\",\"url\":\"https:\/\/qqpets.com\/wp-content\/uploads\/2024\/09\/rope-dog-leash1.webp\",\"contentUrl\":\"https:\/\/qqpets.com\/wp-content\/uploads\/2024\/09\/rope-dog-leash1.webp\",\"width\":892,\"height\":968},{\"@type\":\"BreadcrumbList\",\"@id\":\"https:\/\/qqpets.com\/product\/reflective-rope-dog-leash\/#breadcrumb\",\"itemListElement\":[{\"@type\":\"ListItem\",\"position\":1,\"name\":\"Home\",\"item\":\"https:\/\/qqpets.com\/\"},{\"@type\":\"ListItem\",\"position\":2,\"name\":\"Products\",\"item\":\"https:\/\/qqpets.com\/pet-products-manufacturer\/\"},{\"@type\":\"ListItem\",\"position\":3,\"name\":\"Reflective Rope Dog Leash\"}]},{\"@type\":\"WebSite\",\"@id\":\"https:\/\/qqpets.com\/#website\",\"url\":\"https:\/\/qqpets.com\/\",\"name\":\"QQPETS\",\"description\":\"QQPETS is a pet products factory for dog harnesses, dog collars, dog leashes and dog accessories with professional customized service since 2005.\",\"publisher\":{\"@id\":\"https:\/\/qqpets.com\/#organization\"},\"potentialAction\":[{\"@type\":\"SearchAction\",\"target\":{\"@type\":\"EntryPoint\",\"urlTemplate\":\"https:\/\/qqpets.com\/?s={search_term_string}\"},\"query-input\":{\"@type\":\"PropertyValueSpecification\",\"valueRequired\":true,\"valueName\":\"search_term_string\"}}],\"inLanguage\":\"ro-RO\"},{\"@type\":\"Organization\",\"@id\":\"https:\/\/qqpets.com\/#organization\",\"name\":\"QQPETS\",\"url\":\"https:\/\/qqpets.com\/\",\"logo\":{\"@type\":\"ImageObject\",\"inLanguage\":\"ro-RO\",\"@id\":\"https:\/\/qqpets.com\/#\/schema\/logo\/image\/\",\"url\":\"https:\/\/qqpets.com\/wp-content\/uploads\/2023\/09\/cropped-cropped-qqpets-tiktok.jpg\",\"contentUrl\":\"https:\/\/qqpets.com\/wp-content\/uploads\/2023\/09\/cropped-cropped-qqpets-tiktok.jpg\",\"width\":511,\"height\":511,\"caption\":\"QQPETS\"},\"image\":{\"@id\":\"https:\/\/qqpets.com\/#\/schema\/logo\/image\/\"},\"sameAs\":[\"https:\/\/www.facebook.com\/QQpetsdogcollars\",\"https:\/\/www.instagram.com\/qqpetscollar\/\",\"https:\/\/www.pinterest.com\/qqpetsdogcollarsfactory\/\"]}]}<\/script>\n<!-- \/ Yoast SEO plugin. -->","yoast_head_json":{"title":"Les\u0103 reflectorizant\u0103 pentru c\u00e2ini | QQPETS","description":"Descoperi\u021bi durabilitatea lesei noastre pentru c\u00e2ini Rope. Puternic\u0103, elegant\u0103 \u0219i sigur\u0103. Ideal\u0103 pentru plimb\u0103rile zilnice. Cump\u0103ra\u021bi acum!","robots":{"index":"index","follow":"follow","max-snippet":"max-snippet:-1","max-image-preview":"max-image-preview:large","max-video-preview":"max-video-preview:-1"},"canonical":"https:\/\/qqpets.com\/ro\/produs\/reflective-rope-dog-leash\/","og_locale":"ro_RO","og_type":"article","og_title":"Reflective Rope Dog Leash | QQPETS","og_description":"Discover the durability of our Rope Dog Leash. Strong, stylish, and secure. Ideal for daily walks. Shop now!","og_url":"https:\/\/qqpets.com\/ro\/produs\/reflective-rope-dog-leash\/","og_site_name":"QQPETS","article_publisher":"https:\/\/www.facebook.com\/QQpetsdogcollars","og_image":[{"width":892,"height":968,"url":"https:\/\/qqpets.com\/wp-content\/uploads\/2024\/09\/rope-dog-leash1.webp","type":"image\/webp"}],"twitter_card":"summary_large_image","twitter_misc":{"Timp estimat pentru citire":"3 minute"},"schema":{"@context":"https:\/\/schema.org","@graph":[{"@type":"WebPage","@id":"https:\/\/qqpets.com\/product\/reflective-rope-dog-leash\/","url":"https:\/\/qqpets.com\/product\/reflective-rope-dog-leash\/","name":"Les\u0103 reflectorizant\u0103 pentru c\u00e2ini | QQPETS","isPartOf":{"@id":"https:\/\/qqpets.com\/#website"},"primaryImageOfPage":{"@id":"https:\/\/qqpets.com\/product\/reflective-rope-dog-leash\/#primaryimage"},"image":{"@id":"https:\/\/qqpets.com\/product\/reflective-rope-dog-leash\/#primaryimage"},"thumbnailUrl":"https:\/\/qqpets.com\/wp-content\/uploads\/2024\/09\/rope-dog-leash1.webp","datePublished":"2024-09-03T09:20:44+00:00","description":"Descoperi\u021bi durabilitatea lesei noastre pentru c\u00e2ini Rope. Puternic\u0103, elegant\u0103 \u0219i sigur\u0103. Ideal\u0103 pentru plimb\u0103rile zilnice. Cump\u0103ra\u021bi acum!","breadcrumb":{"@id":"https:\/\/qqpets.com\/product\/reflective-rope-dog-leash\/#breadcrumb"},"inLanguage":"ro-RO","potentialAction":[{"@type":"ReadAction","target":["https:\/\/qqpets.com\/product\/reflective-rope-dog-leash\/"]}]},{"@type":"ImageObject","inLanguage":"ro-RO","@id":"https:\/\/qqpets.com\/product\/reflective-rope-dog-leash\/#primaryimage","url":"https:\/\/qqpets.com\/wp-content\/uploads\/2024\/09\/rope-dog-leash1.webp","contentUrl":"https:\/\/qqpets.com\/wp-content\/uploads\/2024\/09\/rope-dog-leash1.webp","width":892,"height":968},{"@type":"BreadcrumbList","@id":"https:\/\/qqpets.com\/product\/reflective-rope-dog-leash\/#breadcrumb","itemListElement":[{"@type":"ListItem","position":1,"name":"Home","item":"https:\/\/qqpets.com\/"},{"@type":"ListItem","position":2,"name":"Products","item":"https:\/\/qqpets.com\/pet-products-manufacturer\/"},{"@type":"ListItem","position":3,"name":"Reflective Rope Dog Leash"}]},{"@type":"WebSite","@id":"https:\/\/qqpets.com\/#website","url":"https:\/\/qqpets.com\/","name":"QQPETS","description":"QQPETS este o fabric\u0103 de produse pentru animale de companie pentru hamuri pentru c\u00e2ini, gulere pentru c\u00e2ini, lese pentru c\u00e2ini \u0219i accesorii pentru c\u00e2ini cu servicii profesionale personalizate din 2005.","publisher":{"@id":"https:\/\/qqpets.com\/#organization"},"potentialAction":[{"@type":"SearchAction","target":{"@type":"EntryPoint","urlTemplate":"https:\/\/qqpets.com\/?s={search_term_string}"},"query-input":{"@type":"PropertyValueSpecification","valueRequired":true,"valueName":"search_term_string"}}],"inLanguage":"ro-RO"},{"@type":"Organization","@id":"https:\/\/qqpets.com\/#organization","name":"QQPETS","url":"https:\/\/qqpets.com\/","logo":{"@type":"ImageObject","inLanguage":"ro-RO","@id":"https:\/\/qqpets.com\/#\/schema\/logo\/image\/","url":"https:\/\/qqpets.com\/wp-content\/uploads\/2023\/09\/cropped-cropped-qqpets-tiktok.jpg","contentUrl":"https:\/\/qqpets.com\/wp-content\/uploads\/2023\/09\/cropped-cropped-qqpets-tiktok.jpg","width":511,"height":511,"caption":"QQPETS"},"image":{"@id":"https:\/\/qqpets.com\/#\/schema\/logo\/image\/"},"sameAs":["https:\/\/www.facebook.com\/QQpetsdogcollars","https:\/\/www.instagram.com\/qqpetscollar\/","https:\/\/www.pinterest.com\/qqpetsdogcollarsfactory\/"]}]}},"_links":{"self":[{"href":"https:\/\/qqpets.com\/ro\/wp-json\/wp\/v2\/product\/7790","targetHints":{"allow":["GET"]}}],"collection":[{"href":"https:\/\/qqpets.com\/ro\/wp-json\/wp\/v2\/product"}],"about":[{"href":"https:\/\/qqpets.com\/ro\/wp-json\/wp\/v2\/types\/product"}],"wp:featuredmedia":[{"embeddable":true,"href":"https:\/\/qqpets.com\/ro\/wp-json\/wp\/v2\/media\/7791"}],"wp:attachment":[{"href":"https:\/\/qqpets.com\/ro\/wp-json\/wp\/v2\/media?parent=7790"}],"wp:term":[{"taxonomy":"product_brand","embeddable":true,"href":"https:\/\/qqpets.com\/ro\/wp-json\/wp\/v2\/product_brand?post=7790"},{"taxonomy":"product_cat","embeddable":true,"href":"https:\/\/qqpets.com\/ro\/wp-json\/wp\/v2\/product_cat?post=7790"},{"taxonomy":"product_tag","embeddable":true,"href":"https:\/\/qqpets.com\/ro\/wp-json\/wp\/v2\/product_tag?post=7790"}],"curies":[{"name":"wp","href":"https:\/\/api.w.org\/{rel}","templated":true}]}}