{"id":7797,"date":"2024-09-03T16:36:52","date_gmt":"2024-09-03T08:36:52","guid":{"rendered":"https:\/\/qqpets.com\/?post_type=product&#038;p=7797"},"modified":"2024-09-03T16:36:52","modified_gmt":"2024-09-03T08:36:52","slug":"martingale-dog-collar","status":"publish","type":"product","link":"https:\/\/qqpets.com\/ro\/produs\/martingale-dog-collar\/","title":{"rendered":"Colier pentru c\u00e2ini Martingale"},"content":{"rendered":"<p>V\u0103 prezent\u0103m zgarda noastr\u0103 Martingale pentru c\u00e2ini, un instrument esen\u021bial pentru un dresaj eficient \u0219i sigur. Aceast\u0103 zgard\u0103 este special conceput\u0103 pentru a oferi mai mult control asupra c\u00e2inilor care au tendin\u021ba de a trage, f\u0103r\u0103 asprimea colierelor tradi\u021bionale de sugrumare. Are un design cu dou\u0103 bucle care permite zgarda s\u0103 se str\u00e2ng\u0103 propor\u021bional ca r\u0103spuns la tragere, asigur\u00e2nd o corec\u021bie bl\u00e2nd\u0103.<\/p>\n<p>Gulerul nostru Martingale este fabricat din materiale premium pentru a asigura durabilitatea \u0219i a rezista utiliz\u0103rii zilnice. Structura unic\u0103 include o \u00eenchidere limitat\u0103, ceea ce \u00eenseamn\u0103 c\u0103 zgarda se str\u00e2nge p\u00e2n\u0103 la un punct, dar nu se sufoc\u0103, ceea ce o face sigur\u0103 \u0219i eficient\u0103 \u00een scopuri de dresaj. Aceast\u0103 caracteristic\u0103 este deosebit de benefic\u0103 pentru rasele predispuse s\u0103 alunece din gulerele obi\u0219nuite, deoarece asigur\u0103 o fixare sigur\u0103, asigur\u00e2nd \u00een acela\u0219i timp confortul c\u00e2inelui dumneavoastr\u0103.<\/p>\n<p>Ajustabilitatea este o component\u0103 cheie a zgarda noastr\u0103, permi\u021b\u00e2nd o potrivire str\u00e2ns\u0103 care poate fi adaptat\u0103 la dimensiunea specific\u0103 a g\u00e2tului c\u00e2inelui dumneavoastr\u0103. Aceast\u0103 adaptabilitate o face potrivit\u0103 pentru aproape orice ras\u0103, asigur\u00e2nd c\u0103 zgarda ofer\u0103 corec\u021bia potrivit\u0103 f\u0103r\u0103 disconfort.<\/p>\n<p>Ideal\u0103 pentru a fi utilizat\u0103 \u00een sesiuni de dresaj, plimb\u0103ri regulate \u0219i medii aglomerate \u00een care ave\u021bi nevoie de un control suplimentar, zgarda Martingale pentru c\u00e2ini v\u0103 ajut\u0103 s\u0103 v\u0103 ghida\u021bi c\u00e2inele prin aplicarea unei presiuni uniforme \u00een jurul g\u00e2tului, mai degrab\u0103 dec\u00e2t prin concentrarea acesteia \u00eentr-o singur\u0103 zon\u0103. Aceast\u0103 metod\u0103 este recunoscut\u0103 de dresori pentru eficien\u021ba sa \u0219i abordarea uman\u0103 de a preda bunele maniere \u00een les\u0103.<\/p>\n<p>Echipa\u021bi-v\u0103 c\u00e2inele cu zgarda noastr\u0103 Martingale pentru a-i asigura plimb\u0103ri \u0219i experien\u021be de dresaj mai sigure \u0219i mai pl\u0103cute. Este o alegere fiabil\u0103, uman\u0103 \u0219i elegant\u0103 pentru proprietarii de animale dedica\u021bi oferirii celei mai bune \u00eengrijiri \u0219i antrenamente pentru animalele lor de companie.<\/p>\n<h5><strong>Colierele martingale sunt bune pentru c\u00e2ini?<\/strong><\/h5>\n<p>Da, gulerele martingale sunt bune pentru c\u00e2ini, \u00een special pentru cei care au tendin\u021ba de a aluneca din gulerele obi\u0219nuite. Acestea ofer\u0103 o alternativ\u0103 mai sigur\u0103 prin str\u00e2ngerea u\u0219oar\u0103 sub tensiune, asigur\u00e2nd o fixare sigur\u0103 f\u0103r\u0103 riscurile asociate colierelor de sugrumare.<\/p>\n<h5><strong>Ce face o martingal\u0103 pentru un c\u00e2ine?<\/strong><\/h5>\n<p>O zgard\u0103 martingal\u0103 este conceput\u0103 pentru a str\u00e2nge u\u0219or atunci c\u00e2nd un c\u00e2ine trage de les\u0103, oferind control \u0219i \u00eempiedic\u00e2nd c\u00e2inele s\u0103 scape din zgard\u0103. Se str\u00e2nge suficient pentru a fi eficient\u0103, dar nu at\u00e2t de mult \u00eenc\u00e2t s\u0103 sufoce sau s\u0103 r\u0103neasc\u0103 c\u00e2inele, ceea ce o face ideal\u0103 pentru dresaj \u0219i plimbare.<\/p>\n<h5><strong>Colierele martingale opresc trac\u021biunea?<\/strong><\/h5>\n<p>Colierele Martingale nu \u00eempiedic\u0103 \u00een mod inerent un c\u00e2ine s\u0103 trag\u0103. Ele sunt menite s\u0103 ofere un control mai sigur pentru c\u00e2inii care ar putea \u00eencerca s\u0103 dea \u00eenapoi din zgard\u0103. Cu toate acestea, ele pot fi utilizate \u00een mod eficient ca parte a unei strategii de dresaj pentru a \u00eenv\u0103\u021ba mai bune maniere \u00een les\u0103, oferind un feedback bl\u00e2nd atunci c\u00e2nd un c\u00e2ine trage.<\/p>\n<h5><strong>Poate un c\u00e2ine s\u0103 poarte o martingal\u0103 tot timpul?<\/strong><\/h5>\n<p>Nu este recomandat ca un c\u00e2ine s\u0103 poarte o zgard\u0103 martingal\u0103 tot timpul. Zgarda este proiectat\u0103 s\u0103 se str\u00e2ng\u0103 sub tensiune, ceea ce nu este ideal pentru purtarea continu\u0103, mai ales nesupravegheat\u0103. Aceasta trebuie utilizat\u0103 \u00een principal \u00een timpul plimb\u0103rilor sau sesiunilor de dresaj \u0219i \u00eendep\u0103rtat\u0103 dup\u0103 aceea pentru a preveni orice risc de str\u00e2ngere accidental\u0103 sau r\u0103nire.<\/p>","protected":false},"excerpt":{"rendered":"<p>Optimiza\u021bi antrenamentul cu zgarda noastr\u0103 Martingale pentru c\u00e2ini, conceput\u0103 pentru o corec\u021bie bl\u00e2nd\u0103, f\u0103r\u0103 sufocare. Aceast\u0103 zgard\u0103 se str\u00e2nge sub tensiune, dar are o \u00eenchidere limitat\u0103 pentru a se asigura c\u0103 este sigur\u0103 \u0219i uman\u0103. Fabricat\u0103 din materiale de \u00eenalt\u0103 calitate, ofer\u0103 durabilitate \u0219i confort, ceea ce o face ideal\u0103 pentru plimb\u0103rile zilnice \u0219i sesiunile de antrenament. Designul u\u0219or de reglat asigur\u0103 o potrivire perfect\u0103 pentru toate rasele, \u00eembun\u0103t\u0103\u021bind controlul \u00een timp ce protejeaz\u0103 g\u00e2tul c\u00e2inelui.<\/p>","protected":false},"featured_media":7323,"template":"","meta":[],"product_brand":[],"product_cat":[26],"product_tag":[],"class_list":{"0":"post-7797","1":"product","2":"type-product","3":"status-publish","4":"has-post-thumbnail","6":"product_cat-dog-collar","7":"pa_brand-qqpets","9":"first","10":"instock","11":"shipping-taxable","12":"product-type-simple"},"yoast_head":"<!-- This site is optimized with the Yoast SEO plugin v26.6 - https:\/\/yoast.com\/wordpress\/plugins\/seo\/ -->\n<title>Martingale Dog Collar | QQPETS<\/title>\n<meta name=\"description\" content=\"Ensure safety with our Martingale Dog Collar. Perfect for training with gentle control. Durable and reliable!\" \/>\n<meta name=\"robots\" content=\"index, follow, max-snippet:-1, max-image-preview:large, max-video-preview:-1\" \/>\n<link rel=\"canonical\" href=\"https:\/\/qqpets.com\/ro\/produs\/martingale-dog-collar\/\" \/>\n<meta property=\"og:locale\" content=\"ro_RO\" \/>\n<meta property=\"og:type\" content=\"article\" \/>\n<meta property=\"og:title\" content=\"Martingale Dog Collar | QQPETS\" \/>\n<meta property=\"og:description\" content=\"Ensure safety with our Martingale Dog Collar. Perfect for training with gentle control. Durable and reliable!\" \/>\n<meta property=\"og:url\" content=\"https:\/\/qqpets.com\/ro\/produs\/martingale-dog-collar\/\" \/>\n<meta property=\"og:site_name\" content=\"QQPETS\" \/>\n<meta property=\"article:publisher\" content=\"https:\/\/www.facebook.com\/QQpetsdogcollars\" \/>\n<meta property=\"og:image\" content=\"https:\/\/qqpets.com\/wp-content\/uploads\/2023\/09\/martingale-dog-collar.webp\" \/>\n\t<meta property=\"og:image:width\" content=\"1000\" \/>\n\t<meta property=\"og:image:height\" content=\"1000\" \/>\n\t<meta property=\"og:image:type\" content=\"image\/webp\" \/>\n<meta name=\"twitter:card\" content=\"summary_large_image\" \/>\n<meta name=\"twitter:label1\" content=\"Timp estimat pentru citire\" \/>\n\t<meta name=\"twitter:data1\" content=\"3 minute\" \/>\n<script type=\"application\/ld+json\" class=\"yoast-schema-graph\">{\"@context\":\"https:\/\/schema.org\",\"@graph\":[{\"@type\":\"WebPage\",\"@id\":\"https:\/\/qqpets.com\/product\/martingale-dog-collar\/\",\"url\":\"https:\/\/qqpets.com\/product\/martingale-dog-collar\/\",\"name\":\"Martingale Dog Collar | QQPETS\",\"isPartOf\":{\"@id\":\"https:\/\/qqpets.com\/#website\"},\"primaryImageOfPage\":{\"@id\":\"https:\/\/qqpets.com\/product\/martingale-dog-collar\/#primaryimage\"},\"image\":{\"@id\":\"https:\/\/qqpets.com\/product\/martingale-dog-collar\/#primaryimage\"},\"thumbnailUrl\":\"https:\/\/qqpets.com\/wp-content\/uploads\/2023\/09\/martingale-dog-collar.webp\",\"datePublished\":\"2024-09-03T08:36:52+00:00\",\"description\":\"Ensure safety with our Martingale Dog Collar. Perfect for training with gentle control. Durable and reliable!\",\"breadcrumb\":{\"@id\":\"https:\/\/qqpets.com\/product\/martingale-dog-collar\/#breadcrumb\"},\"inLanguage\":\"ro-RO\",\"potentialAction\":[{\"@type\":\"ReadAction\",\"target\":[\"https:\/\/qqpets.com\/product\/martingale-dog-collar\/\"]}]},{\"@type\":\"ImageObject\",\"inLanguage\":\"ro-RO\",\"@id\":\"https:\/\/qqpets.com\/product\/martingale-dog-collar\/#primaryimage\",\"url\":\"https:\/\/qqpets.com\/wp-content\/uploads\/2023\/09\/martingale-dog-collar.webp\",\"contentUrl\":\"https:\/\/qqpets.com\/wp-content\/uploads\/2023\/09\/martingale-dog-collar.webp\",\"width\":1000,\"height\":1000,\"caption\":\"martingale dog collar\"},{\"@type\":\"BreadcrumbList\",\"@id\":\"https:\/\/qqpets.com\/product\/martingale-dog-collar\/#breadcrumb\",\"itemListElement\":[{\"@type\":\"ListItem\",\"position\":1,\"name\":\"Home\",\"item\":\"https:\/\/qqpets.com\/\"},{\"@type\":\"ListItem\",\"position\":2,\"name\":\"Products\",\"item\":\"https:\/\/qqpets.com\/pet-products-manufacturer\/\"},{\"@type\":\"ListItem\",\"position\":3,\"name\":\"Martingale Dog Collar\"}]},{\"@type\":\"WebSite\",\"@id\":\"https:\/\/qqpets.com\/#website\",\"url\":\"https:\/\/qqpets.com\/\",\"name\":\"QQPETS\",\"description\":\"QQPETS is a pet products factory for dog harnesses, dog collars, dog leashes and dog accessories with professional customized service since 2005.\",\"publisher\":{\"@id\":\"https:\/\/qqpets.com\/#organization\"},\"potentialAction\":[{\"@type\":\"SearchAction\",\"target\":{\"@type\":\"EntryPoint\",\"urlTemplate\":\"https:\/\/qqpets.com\/?s={search_term_string}\"},\"query-input\":{\"@type\":\"PropertyValueSpecification\",\"valueRequired\":true,\"valueName\":\"search_term_string\"}}],\"inLanguage\":\"ro-RO\"},{\"@type\":\"Organization\",\"@id\":\"https:\/\/qqpets.com\/#organization\",\"name\":\"QQPETS\",\"url\":\"https:\/\/qqpets.com\/\",\"logo\":{\"@type\":\"ImageObject\",\"inLanguage\":\"ro-RO\",\"@id\":\"https:\/\/qqpets.com\/#\/schema\/logo\/image\/\",\"url\":\"https:\/\/qqpets.com\/wp-content\/uploads\/2023\/09\/cropped-cropped-qqpets-tiktok.jpg\",\"contentUrl\":\"https:\/\/qqpets.com\/wp-content\/uploads\/2023\/09\/cropped-cropped-qqpets-tiktok.jpg\",\"width\":511,\"height\":511,\"caption\":\"QQPETS\"},\"image\":{\"@id\":\"https:\/\/qqpets.com\/#\/schema\/logo\/image\/\"},\"sameAs\":[\"https:\/\/www.facebook.com\/QQpetsdogcollars\",\"https:\/\/www.instagram.com\/qqpetscollar\/\",\"https:\/\/www.pinterest.com\/qqpetsdogcollarsfactory\/\"]}]}<\/script>\n<!-- \/ Yoast SEO plugin. -->","yoast_head_json":{"title":"Colier pentru c\u00e2ini Martingale | QQPETS","description":"Asigura\u021bi-v\u0103 siguran\u021ba cu zgarda noastr\u0103 Martingale pentru c\u00e2ini. Perfect\u0103 pentru dresaj cu control bl\u00e2nd. Durabil\u0103 \u0219i fiabil\u0103!","robots":{"index":"index","follow":"follow","max-snippet":"max-snippet:-1","max-image-preview":"max-image-preview:large","max-video-preview":"max-video-preview:-1"},"canonical":"https:\/\/qqpets.com\/ro\/produs\/martingale-dog-collar\/","og_locale":"ro_RO","og_type":"article","og_title":"Martingale Dog Collar | QQPETS","og_description":"Ensure safety with our Martingale Dog Collar. Perfect for training with gentle control. Durable and reliable!","og_url":"https:\/\/qqpets.com\/ro\/produs\/martingale-dog-collar\/","og_site_name":"QQPETS","article_publisher":"https:\/\/www.facebook.com\/QQpetsdogcollars","og_image":[{"width":1000,"height":1000,"url":"https:\/\/qqpets.com\/wp-content\/uploads\/2023\/09\/martingale-dog-collar.webp","type":"image\/webp"}],"twitter_card":"summary_large_image","twitter_misc":{"Timp estimat pentru citire":"3 minute"},"schema":{"@context":"https:\/\/schema.org","@graph":[{"@type":"WebPage","@id":"https:\/\/qqpets.com\/product\/martingale-dog-collar\/","url":"https:\/\/qqpets.com\/product\/martingale-dog-collar\/","name":"Colier pentru c\u00e2ini Martingale | QQPETS","isPartOf":{"@id":"https:\/\/qqpets.com\/#website"},"primaryImageOfPage":{"@id":"https:\/\/qqpets.com\/product\/martingale-dog-collar\/#primaryimage"},"image":{"@id":"https:\/\/qqpets.com\/product\/martingale-dog-collar\/#primaryimage"},"thumbnailUrl":"https:\/\/qqpets.com\/wp-content\/uploads\/2023\/09\/martingale-dog-collar.webp","datePublished":"2024-09-03T08:36:52+00:00","description":"Asigura\u021bi-v\u0103 siguran\u021ba cu zgarda noastr\u0103 Martingale pentru c\u00e2ini. Perfect\u0103 pentru dresaj cu control bl\u00e2nd. Durabil\u0103 \u0219i fiabil\u0103!","breadcrumb":{"@id":"https:\/\/qqpets.com\/product\/martingale-dog-collar\/#breadcrumb"},"inLanguage":"ro-RO","potentialAction":[{"@type":"ReadAction","target":["https:\/\/qqpets.com\/product\/martingale-dog-collar\/"]}]},{"@type":"ImageObject","inLanguage":"ro-RO","@id":"https:\/\/qqpets.com\/product\/martingale-dog-collar\/#primaryimage","url":"https:\/\/qqpets.com\/wp-content\/uploads\/2023\/09\/martingale-dog-collar.webp","contentUrl":"https:\/\/qqpets.com\/wp-content\/uploads\/2023\/09\/martingale-dog-collar.webp","width":1000,"height":1000,"caption":"martingale dog collar"},{"@type":"BreadcrumbList","@id":"https:\/\/qqpets.com\/product\/martingale-dog-collar\/#breadcrumb","itemListElement":[{"@type":"ListItem","position":1,"name":"Home","item":"https:\/\/qqpets.com\/"},{"@type":"ListItem","position":2,"name":"Products","item":"https:\/\/qqpets.com\/pet-products-manufacturer\/"},{"@type":"ListItem","position":3,"name":"Martingale Dog Collar"}]},{"@type":"WebSite","@id":"https:\/\/qqpets.com\/#website","url":"https:\/\/qqpets.com\/","name":"QQPETS","description":"QQPETS este o fabric\u0103 de produse pentru animale de companie pentru hamuri pentru c\u00e2ini, gulere pentru c\u00e2ini, lese pentru c\u00e2ini \u0219i accesorii pentru c\u00e2ini cu servicii profesionale personalizate din 2005.","publisher":{"@id":"https:\/\/qqpets.com\/#organization"},"potentialAction":[{"@type":"SearchAction","target":{"@type":"EntryPoint","urlTemplate":"https:\/\/qqpets.com\/?s={search_term_string}"},"query-input":{"@type":"PropertyValueSpecification","valueRequired":true,"valueName":"search_term_string"}}],"inLanguage":"ro-RO"},{"@type":"Organization","@id":"https:\/\/qqpets.com\/#organization","name":"QQPETS","url":"https:\/\/qqpets.com\/","logo":{"@type":"ImageObject","inLanguage":"ro-RO","@id":"https:\/\/qqpets.com\/#\/schema\/logo\/image\/","url":"https:\/\/qqpets.com\/wp-content\/uploads\/2023\/09\/cropped-cropped-qqpets-tiktok.jpg","contentUrl":"https:\/\/qqpets.com\/wp-content\/uploads\/2023\/09\/cropped-cropped-qqpets-tiktok.jpg","width":511,"height":511,"caption":"QQPETS"},"image":{"@id":"https:\/\/qqpets.com\/#\/schema\/logo\/image\/"},"sameAs":["https:\/\/www.facebook.com\/QQpetsdogcollars","https:\/\/www.instagram.com\/qqpetscollar\/","https:\/\/www.pinterest.com\/qqpetsdogcollarsfactory\/"]}]}},"_links":{"self":[{"href":"https:\/\/qqpets.com\/ro\/wp-json\/wp\/v2\/product\/7797","targetHints":{"allow":["GET"]}}],"collection":[{"href":"https:\/\/qqpets.com\/ro\/wp-json\/wp\/v2\/product"}],"about":[{"href":"https:\/\/qqpets.com\/ro\/wp-json\/wp\/v2\/types\/product"}],"wp:featuredmedia":[{"embeddable":true,"href":"https:\/\/qqpets.com\/ro\/wp-json\/wp\/v2\/media\/7323"}],"wp:attachment":[{"href":"https:\/\/qqpets.com\/ro\/wp-json\/wp\/v2\/media?parent=7797"}],"wp:term":[{"taxonomy":"product_brand","embeddable":true,"href":"https:\/\/qqpets.com\/ro\/wp-json\/wp\/v2\/product_brand?post=7797"},{"taxonomy":"product_cat","embeddable":true,"href":"https:\/\/qqpets.com\/ro\/wp-json\/wp\/v2\/product_cat?post=7797"},{"taxonomy":"product_tag","embeddable":true,"href":"https:\/\/qqpets.com\/ro\/wp-json\/wp\/v2\/product_tag?post=7797"}],"curies":[{"name":"wp","href":"https:\/\/api.w.org\/{rel}","templated":true}]}}