{"id":7803,"date":"2024-09-03T16:46:00","date_gmt":"2024-09-03T08:46:00","guid":{"rendered":"https:\/\/qqpets.com\/?post_type=product&#038;p=7803"},"modified":"2024-09-24T17:32:49","modified_gmt":"2024-09-24T09:32:49","slug":"no-pull-training-slip-dog-leash","status":"publish","type":"product","link":"https:\/\/qqpets.com\/ro\/produs\/no-pull-training-slip-dog-leash\/","title":{"rendered":"Nu trage de formare Slip Dog Leash"},"content":{"rendered":"<p>Introduce\u021bi precizie \u0219i u\u0219urin\u021b\u0103 \u00een regimul dvs. de dresaj cu lesa noastr\u0103 Slip Dog, un instrument versatil conceput pentru a ajuta la impunerea unui comportament bun \u0219i la \u00eembun\u0103t\u0103\u021birea abilit\u0103\u021bilor \u00een les\u0103. Aceast\u0103 les\u0103 func\u021bioneaz\u0103 at\u00e2t ca o zgard\u0103, c\u00e2t \u0219i ca o les\u0103, oferind o solu\u021bie convenabil\u0103 pentru ie\u0219iri rapide \u0219i sesiuni de antrenament eficiente.<\/p>\n<p>Construit\u0103 din materiale robuste, de \u00eenalt\u0103 calitate, lesa noastr\u0103 Slip pentru c\u00e2ini este construit\u0103 s\u0103 dureze \u0219i s\u0103 reziste rigorilor utiliz\u0103rii zilnice. Designul glisant unic \u00eei permite s\u0103 se str\u00e2ng\u0103 ca r\u0103spuns la tragere, ceea ce ajut\u0103 la corectarea comportamentului nedorit \u00een mod natural \u0219i delicat. Odat\u0103 ce c\u00e2inele dvs. nu mai trage, lesa se sl\u0103be\u0219te imediat, oferind confort \u0219i u\u0219urare, consolid\u00e2nd comportamentul pozitiv f\u0103r\u0103 duritate.<\/p>\n<p>Simplitatea lesei de alunecare o face ideal\u0103 pentru ie\u0219irile rapide afar\u0103, fie c\u0103 este vorba de pauze de toalet\u0103 sau de plimb\u0103ri scurte, elimin\u00e2nd necesitatea unei zgard\u0103 \u0219i a unei lese separate. Aceast\u0103 caracteristic\u0103 este deosebit de benefic\u0103 \u00een mediile de antrenament \u00een care controlul \u0219i corec\u021bia rapid\u0103 sunt primordiale.<\/p>\n<p>Lesa noastr\u0103 Slip Dog nu este doar practic\u0103, ci \u0219i elegant\u0103, fiind disponibil\u0103 \u00eentr-o varietate de culori pentru a se potrivi stilului dvs. \u0219i al c\u00e2inelui dvs. Este incredibil de u\u0219or de utilizat - pur \u0219i simplu glisa\u021bi-o peste capul c\u00e2inelui dvs. \u0219i sunte\u021bi gata de plecare. Lesa are, de asemenea, un m\u00e2ner cu bucl\u0103 la cap\u0103t, oferind o prindere confortabil\u0103 care previne arderea fr\u00e2nghiei \u0219i oboseala \u00een timpul plimb\u0103rilor lungi sau sesiunilor de antrenament active.<\/p>\n<p>Perfect\u0103 pentru dresori, ad\u0103posturi \u0219i proprietari de animale de companie care caut\u0103 o modalitate eficient\u0103 \u0219i uman\u0103 de a \u00eenv\u0103\u021ba manierele \u00een les\u0103, lesa noastr\u0103 Slip Dog Leash ofer\u0103 o abordare direct\u0103 \u0219i eficient\u0103 a controlului \u0219i dresajului canin. Echipa\u021bi-v\u0103 cu acest instrument esen\u021bial pentru a asigura o plimbare sau o experien\u021b\u0103 de antrenament mai sigur\u0103, mai pl\u0103cut\u0103 \u0219i mai controlat\u0103.<\/p>\n<h5><strong>Sunt lesele glisante bune pentru c\u00e2ini?<\/strong><\/h5>\n<p>Lesele alunecoase pot fi bune pentru c\u00e2ini atunci c\u00e2nd sunt folosite corect, \u00een special \u00een scopuri de dresaj sau pentru plimb\u0103ri rapide. Cu toate acestea, ele trebuie utilizate cu grij\u0103 pentru a preveni disconfortul sau sufocarea, \u00een special \u00een cazul c\u00e2inilor predispu\u0219i la tragere sau al celor care nu sunt \u00eenc\u0103 dresa\u021bi \u00een les\u0103.<\/p>\n<h5><strong>Este \u00een regul\u0103 s\u0103 plimba\u021bi un c\u00e2ine \u00een les\u0103?<\/strong><\/h5>\n<p>Plimbarea unui c\u00e2ine \u00een les\u0103 este acceptabil\u0103, \u00een special dac\u0103 c\u00e2inele este antrenat s\u0103 mearg\u0103 f\u0103r\u0103 s\u0103 trag\u0103. Lesa permite un control rapid \u0219i este u\u0219or de pus \u0219i de scos. Cu toate acestea, pentru c\u00e2inii care trag sau au probleme respiratorii, un ham poate fi o op\u021biune mai sigur\u0103 \u0219i mai confortabil\u0103.<\/p>\n<h5><strong>Firele de alunecare nu mai trag?<\/strong><\/h5>\n<p>Leg\u0103turile de alunecare nu opresc \u00een mod inerent tragerea. De fapt, acestea pot \u00eencuraja tragerea la unii c\u00e2ini, deoarece senza\u021bia de str\u00e2ngere poate declan\u0219a reflexul de opozi\u021bie al c\u00e2inelui, determin\u00e2ndu-l s\u0103 trag\u0103 mai tare. Pentru a \u00eenv\u0103\u021ba un c\u00e2ine s\u0103 nu trag\u0103 atunci c\u00e2nd se folose\u0219te o les\u0103 cu alunecare, este necesar un antrenament adecvat.<\/p>\n<h5><strong>Este o les\u0103 mai bun\u0103 dec\u00e2t un ham?<\/strong><\/h5>\n<p>Dac\u0103 o les\u0103 este mai bun\u0103 dec\u00e2t un ham depinde de fiecare c\u00e2ine \u00een parte \u0219i de situa\u021bie. Pentru c\u00e2inii care trag, sunt \u00een dresaj sau au anumite probleme de s\u0103n\u0103tate, cum ar fi colapsul traheal, hamul este de obicei mai bun, deoarece distribuie presiunea de la g\u00e2t la corp. O les\u0103 de alunecare ofer\u0103 un control mai imediat \u0219i este adesea preferat\u0103 pentru c\u00e2inii bine dresa\u021bi sau pentru scenarii specifice de dresaj \u00een care conductorul are nevoie de corec\u021bii rapide \u0219i bl\u00e2nde.<\/p>","protected":false},"excerpt":{"rendered":"<p>\u00cembun\u0103t\u0103\u021bi\u021bi-v\u0103 sesiunile de antrenament cu lesa noastr\u0103 Slip Dog, conceput\u0103 pentru un control u\u0219or \u0219i corec\u021bii rapide. Acest sistem all-in-one de les\u0103 \u0219i zgard\u0103 se str\u00e2nge atunci c\u00e2nd c\u00e2inele trage, oferind o corec\u021bie bl\u00e2nd\u0103, \u0219i se sl\u0103be\u0219te atunci c\u00e2nd se conformeaz\u0103. Fabricat din materiale durabile de \u00eenalt\u0103 calitate, este perfect pentru utilizarea \u00een mi\u0219care \u0219i eficient pentru predarea unor maniere mai bune \u00een les\u0103. U\u0219or \u0219i simplu de utilizat, este un instrument esen\u021bial at\u00e2t pentru noii proprietari de animale, c\u00e2t \u0219i pentru dresorii experimenta\u021bi<\/p>","protected":false},"featured_media":8229,"template":"","meta":[],"product_brand":[],"product_cat":[27],"product_tag":[],"class_list":{"0":"post-7803","1":"product","2":"type-product","3":"status-publish","4":"has-post-thumbnail","6":"product_cat-dog-leash","7":"pa_brand-qqpets","9":"first","10":"instock","11":"shipping-taxable","12":"product-type-simple"},"yoast_head":"<!-- This site is optimized with the Yoast SEO plugin v26.6 - https:\/\/yoast.com\/wordpress\/plugins\/seo\/ -->\n<title>No Pull Training Slip Dog Leash | QQPETS<\/title>\n<meta name=\"description\" content=\"Master control with our Slip Dog Leash. Ideal for training and quick walks. Durable, easy to use. Shop now!\" \/>\n<meta name=\"robots\" content=\"index, follow, max-snippet:-1, max-image-preview:large, max-video-preview:-1\" \/>\n<link rel=\"canonical\" href=\"https:\/\/qqpets.com\/ro\/produs\/no-pull-training-slip-dog-leash\/\" \/>\n<meta property=\"og:locale\" content=\"ro_RO\" \/>\n<meta property=\"og:type\" content=\"article\" \/>\n<meta property=\"og:title\" content=\"No Pull Training Slip Dog Leash | QQPETS\" \/>\n<meta property=\"og:description\" content=\"Master control with our Slip Dog Leash. Ideal for training and quick walks. Durable, easy to use. Shop now!\" \/>\n<meta property=\"og:url\" content=\"https:\/\/qqpets.com\/ro\/produs\/no-pull-training-slip-dog-leash\/\" \/>\n<meta property=\"og:site_name\" content=\"QQPETS\" \/>\n<meta property=\"article:publisher\" content=\"https:\/\/www.facebook.com\/QQpetsdogcollars\" \/>\n<meta property=\"article:modified_time\" content=\"2024-09-24T09:32:49+00:00\" \/>\n<meta property=\"og:image\" content=\"https:\/\/qqpets.com\/wp-content\/uploads\/2024\/09\/slip-dog-leash8.webp\" \/>\n\t<meta property=\"og:image:width\" content=\"1000\" \/>\n\t<meta property=\"og:image:height\" content=\"1000\" \/>\n\t<meta property=\"og:image:type\" content=\"image\/webp\" \/>\n<meta name=\"twitter:card\" content=\"summary_large_image\" \/>\n<meta name=\"twitter:label1\" content=\"Timp estimat pentru citire\" \/>\n\t<meta name=\"twitter:data1\" content=\"3 minute\" \/>\n<script type=\"application\/ld+json\" class=\"yoast-schema-graph\">{\"@context\":\"https:\/\/schema.org\",\"@graph\":[{\"@type\":\"WebPage\",\"@id\":\"https:\/\/qqpets.com\/product\/no-pull-training-slip-dog-leash\/\",\"url\":\"https:\/\/qqpets.com\/product\/no-pull-training-slip-dog-leash\/\",\"name\":\"No Pull Training Slip Dog Leash | QQPETS\",\"isPartOf\":{\"@id\":\"https:\/\/qqpets.com\/#website\"},\"primaryImageOfPage\":{\"@id\":\"https:\/\/qqpets.com\/product\/no-pull-training-slip-dog-leash\/#primaryimage\"},\"image\":{\"@id\":\"https:\/\/qqpets.com\/product\/no-pull-training-slip-dog-leash\/#primaryimage\"},\"thumbnailUrl\":\"https:\/\/qqpets.com\/wp-content\/uploads\/2024\/09\/slip-dog-leash8.webp\",\"datePublished\":\"2024-09-03T08:46:00+00:00\",\"dateModified\":\"2024-09-24T09:32:49+00:00\",\"description\":\"Master control with our Slip Dog Leash. Ideal for training and quick walks. Durable, easy to use. Shop now!\",\"breadcrumb\":{\"@id\":\"https:\/\/qqpets.com\/product\/no-pull-training-slip-dog-leash\/#breadcrumb\"},\"inLanguage\":\"ro-RO\",\"potentialAction\":[{\"@type\":\"ReadAction\",\"target\":[\"https:\/\/qqpets.com\/product\/no-pull-training-slip-dog-leash\/\"]}]},{\"@type\":\"ImageObject\",\"inLanguage\":\"ro-RO\",\"@id\":\"https:\/\/qqpets.com\/product\/no-pull-training-slip-dog-leash\/#primaryimage\",\"url\":\"https:\/\/qqpets.com\/wp-content\/uploads\/2024\/09\/slip-dog-leash8.webp\",\"contentUrl\":\"https:\/\/qqpets.com\/wp-content\/uploads\/2024\/09\/slip-dog-leash8.webp\",\"width\":1000,\"height\":1000},{\"@type\":\"BreadcrumbList\",\"@id\":\"https:\/\/qqpets.com\/product\/no-pull-training-slip-dog-leash\/#breadcrumb\",\"itemListElement\":[{\"@type\":\"ListItem\",\"position\":1,\"name\":\"Home\",\"item\":\"https:\/\/qqpets.com\/\"},{\"@type\":\"ListItem\",\"position\":2,\"name\":\"Products\",\"item\":\"https:\/\/qqpets.com\/pet-products-manufacturer\/\"},{\"@type\":\"ListItem\",\"position\":3,\"name\":\"No Pull Training Slip Dog Leash\"}]},{\"@type\":\"WebSite\",\"@id\":\"https:\/\/qqpets.com\/#website\",\"url\":\"https:\/\/qqpets.com\/\",\"name\":\"QQPETS\",\"description\":\"QQPETS is a pet products factory for dog harnesses, dog collars, dog leashes and dog accessories with professional customized service since 2005.\",\"publisher\":{\"@id\":\"https:\/\/qqpets.com\/#organization\"},\"potentialAction\":[{\"@type\":\"SearchAction\",\"target\":{\"@type\":\"EntryPoint\",\"urlTemplate\":\"https:\/\/qqpets.com\/?s={search_term_string}\"},\"query-input\":{\"@type\":\"PropertyValueSpecification\",\"valueRequired\":true,\"valueName\":\"search_term_string\"}}],\"inLanguage\":\"ro-RO\"},{\"@type\":\"Organization\",\"@id\":\"https:\/\/qqpets.com\/#organization\",\"name\":\"QQPETS\",\"url\":\"https:\/\/qqpets.com\/\",\"logo\":{\"@type\":\"ImageObject\",\"inLanguage\":\"ro-RO\",\"@id\":\"https:\/\/qqpets.com\/#\/schema\/logo\/image\/\",\"url\":\"https:\/\/qqpets.com\/wp-content\/uploads\/2023\/09\/cropped-cropped-qqpets-tiktok.jpg\",\"contentUrl\":\"https:\/\/qqpets.com\/wp-content\/uploads\/2023\/09\/cropped-cropped-qqpets-tiktok.jpg\",\"width\":511,\"height\":511,\"caption\":\"QQPETS\"},\"image\":{\"@id\":\"https:\/\/qqpets.com\/#\/schema\/logo\/image\/\"},\"sameAs\":[\"https:\/\/www.facebook.com\/QQpetsdogcollars\",\"https:\/\/www.instagram.com\/qqpetscollar\/\",\"https:\/\/www.pinterest.com\/qqpetsdogcollarsfactory\/\"]}]}<\/script>\n<!-- \/ Yoast SEO plugin. -->","yoast_head_json":{"title":"Nu trage de formare Slip les\u0103 c\u00e2ine | QQPETS","description":"St\u0103p\u00e2ne\u0219te controlul cu lesa noastr\u0103 Slip Dog. Ideal\u0103 pentru dresaj \u0219i plimb\u0103ri rapide. Durabil\u0103, u\u0219or de utilizat. Cump\u0103ra\u021bi acum!","robots":{"index":"index","follow":"follow","max-snippet":"max-snippet:-1","max-image-preview":"max-image-preview:large","max-video-preview":"max-video-preview:-1"},"canonical":"https:\/\/qqpets.com\/ro\/produs\/no-pull-training-slip-dog-leash\/","og_locale":"ro_RO","og_type":"article","og_title":"No Pull Training Slip Dog Leash | QQPETS","og_description":"Master control with our Slip Dog Leash. Ideal for training and quick walks. Durable, easy to use. Shop now!","og_url":"https:\/\/qqpets.com\/ro\/produs\/no-pull-training-slip-dog-leash\/","og_site_name":"QQPETS","article_publisher":"https:\/\/www.facebook.com\/QQpetsdogcollars","article_modified_time":"2024-09-24T09:32:49+00:00","og_image":[{"width":1000,"height":1000,"url":"https:\/\/qqpets.com\/wp-content\/uploads\/2024\/09\/slip-dog-leash8.webp","type":"image\/webp"}],"twitter_card":"summary_large_image","twitter_misc":{"Timp estimat pentru citire":"3 minute"},"schema":{"@context":"https:\/\/schema.org","@graph":[{"@type":"WebPage","@id":"https:\/\/qqpets.com\/product\/no-pull-training-slip-dog-leash\/","url":"https:\/\/qqpets.com\/product\/no-pull-training-slip-dog-leash\/","name":"Nu trage de formare Slip les\u0103 c\u00e2ine | QQPETS","isPartOf":{"@id":"https:\/\/qqpets.com\/#website"},"primaryImageOfPage":{"@id":"https:\/\/qqpets.com\/product\/no-pull-training-slip-dog-leash\/#primaryimage"},"image":{"@id":"https:\/\/qqpets.com\/product\/no-pull-training-slip-dog-leash\/#primaryimage"},"thumbnailUrl":"https:\/\/qqpets.com\/wp-content\/uploads\/2024\/09\/slip-dog-leash8.webp","datePublished":"2024-09-03T08:46:00+00:00","dateModified":"2024-09-24T09:32:49+00:00","description":"St\u0103p\u00e2ne\u0219te controlul cu lesa noastr\u0103 Slip Dog. Ideal\u0103 pentru dresaj \u0219i plimb\u0103ri rapide. Durabil\u0103, u\u0219or de utilizat. Cump\u0103ra\u021bi acum!","breadcrumb":{"@id":"https:\/\/qqpets.com\/product\/no-pull-training-slip-dog-leash\/#breadcrumb"},"inLanguage":"ro-RO","potentialAction":[{"@type":"ReadAction","target":["https:\/\/qqpets.com\/product\/no-pull-training-slip-dog-leash\/"]}]},{"@type":"ImageObject","inLanguage":"ro-RO","@id":"https:\/\/qqpets.com\/product\/no-pull-training-slip-dog-leash\/#primaryimage","url":"https:\/\/qqpets.com\/wp-content\/uploads\/2024\/09\/slip-dog-leash8.webp","contentUrl":"https:\/\/qqpets.com\/wp-content\/uploads\/2024\/09\/slip-dog-leash8.webp","width":1000,"height":1000},{"@type":"BreadcrumbList","@id":"https:\/\/qqpets.com\/product\/no-pull-training-slip-dog-leash\/#breadcrumb","itemListElement":[{"@type":"ListItem","position":1,"name":"Home","item":"https:\/\/qqpets.com\/"},{"@type":"ListItem","position":2,"name":"Products","item":"https:\/\/qqpets.com\/pet-products-manufacturer\/"},{"@type":"ListItem","position":3,"name":"No Pull Training Slip Dog Leash"}]},{"@type":"WebSite","@id":"https:\/\/qqpets.com\/#website","url":"https:\/\/qqpets.com\/","name":"QQPETS","description":"QQPETS este o fabric\u0103 de produse pentru animale de companie pentru hamuri pentru c\u00e2ini, gulere pentru c\u00e2ini, lese pentru c\u00e2ini \u0219i accesorii pentru c\u00e2ini cu servicii profesionale personalizate din 2005.","publisher":{"@id":"https:\/\/qqpets.com\/#organization"},"potentialAction":[{"@type":"SearchAction","target":{"@type":"EntryPoint","urlTemplate":"https:\/\/qqpets.com\/?s={search_term_string}"},"query-input":{"@type":"PropertyValueSpecification","valueRequired":true,"valueName":"search_term_string"}}],"inLanguage":"ro-RO"},{"@type":"Organization","@id":"https:\/\/qqpets.com\/#organization","name":"QQPETS","url":"https:\/\/qqpets.com\/","logo":{"@type":"ImageObject","inLanguage":"ro-RO","@id":"https:\/\/qqpets.com\/#\/schema\/logo\/image\/","url":"https:\/\/qqpets.com\/wp-content\/uploads\/2023\/09\/cropped-cropped-qqpets-tiktok.jpg","contentUrl":"https:\/\/qqpets.com\/wp-content\/uploads\/2023\/09\/cropped-cropped-qqpets-tiktok.jpg","width":511,"height":511,"caption":"QQPETS"},"image":{"@id":"https:\/\/qqpets.com\/#\/schema\/logo\/image\/"},"sameAs":["https:\/\/www.facebook.com\/QQpetsdogcollars","https:\/\/www.instagram.com\/qqpetscollar\/","https:\/\/www.pinterest.com\/qqpetsdogcollarsfactory\/"]}]}},"_links":{"self":[{"href":"https:\/\/qqpets.com\/ro\/wp-json\/wp\/v2\/product\/7803","targetHints":{"allow":["GET"]}}],"collection":[{"href":"https:\/\/qqpets.com\/ro\/wp-json\/wp\/v2\/product"}],"about":[{"href":"https:\/\/qqpets.com\/ro\/wp-json\/wp\/v2\/types\/product"}],"wp:featuredmedia":[{"embeddable":true,"href":"https:\/\/qqpets.com\/ro\/wp-json\/wp\/v2\/media\/8229"}],"wp:attachment":[{"href":"https:\/\/qqpets.com\/ro\/wp-json\/wp\/v2\/media?parent=7803"}],"wp:term":[{"taxonomy":"product_brand","embeddable":true,"href":"https:\/\/qqpets.com\/ro\/wp-json\/wp\/v2\/product_brand?post=7803"},{"taxonomy":"product_cat","embeddable":true,"href":"https:\/\/qqpets.com\/ro\/wp-json\/wp\/v2\/product_cat?post=7803"},{"taxonomy":"product_tag","embeddable":true,"href":"https:\/\/qqpets.com\/ro\/wp-json\/wp\/v2\/product_tag?post=7803"}],"curies":[{"name":"wp","href":"https:\/\/api.w.org\/{rel}","templated":true}]}}