{"id":7895,"date":"2024-09-07T15:13:22","date_gmt":"2024-09-07T07:13:22","guid":{"rendered":"https:\/\/qqpets.com\/?post_type=product&#038;p=7895"},"modified":"2024-11-14T16:43:27","modified_gmt":"2024-11-14T08:43:27","slug":"led-no-pull-leash","status":"publish","type":"product","link":"https:\/\/qqpets.com\/ro\/produs\/led-no-pull-leash\/","title":{"rendered":"Lumina sus m\u00e2ini libere scaun auto catarama Bungee Dog Leash"},"content":{"rendered":"<p>V\u0103 prezent\u0103m lesa inovatoare Light Up Hands Free Car Seat Buckle Bungee Dog Leash, solu\u021bia perfect\u0103 pentru proprietarii de animale de companie care sunt mereu \u00een mi\u0219care. Aceast\u0103 les\u0103 multifunc\u021bional\u0103 este conceput\u0103 pentru a v\u0103 men\u021bine animalul de companie \u00een siguran\u021b\u0103, at\u00e2t la plimbare, c\u00e2t \u0219i \u00een ma\u0219in\u0103.<\/p>\n<p><strong>Caracteristici principale:<\/strong><\/p>\n<ul>\n<li><strong>Iluminare cu LED-uri:<\/strong> Echipat\u0103 cu lumini LED luminoase, aceast\u0103 les\u0103 spore\u0219te vizibilitatea c\u00e2inelui dvs. \u00een timpul ie\u0219irilor de sear\u0103 sau diminea\u021ba devreme, asigur\u00e2nd siguran\u021ba \u00een condi\u021bii de lumin\u0103 sc\u0103zut\u0103.<\/li>\n<li><strong>Bungee Design:<\/strong> Cablul elastic \u00eencorporat ajut\u0103 la absorb\u021bia \u0219ocului \u00een timpul mi\u0219c\u0103rilor bru\u0219te, f\u0103c\u00e2nd plimb\u0103rile mai confortabile at\u00e2t pentru dvs. c\u00e2t \u0219i pentru animalul dvs. de companie prin reducerea tensiunii de trac\u021biune.<\/li>\n<li><strong>M\u00e2ini libere Cataram\u0103 scaun auto:<\/strong> Ata\u0219a\u021bi cu u\u0219urin\u021b\u0103 lesa la sistemul de catarame al scaunului ma\u0219inii dvs. pentru c\u0103l\u0103torii sigure. Aceast\u0103 caracteristic\u0103 asigur\u0103 c\u0103 animalul dvs. de companie r\u0103m\u00e2ne legat \u00een siguran\u021b\u0103 \u00een timp ce conduce\u021bi, reduc\u00e2nd distragerile \u0219i sporind siguran\u021ba.<\/li>\n<li><strong>Materiale durabile:<\/strong> Construit\u0103 din materiale de \u00eenalt\u0103 calitate, aceast\u0103 les\u0103 este construit\u0103 pentru a rezista rigorilor plimb\u0103rilor zilnice \u0219i c\u0103l\u0103toriilor.<\/li>\n<\/ul>\n<p>Fie c\u0103 pleca\u021bi \u00eentr-o excursie sau doar la o alergare, lesa noastr\u0103 pentru c\u00e2ini Light Up Hands Free Car Seat Buckle Bungee v\u0103 permite s\u0103 men\u021bine\u021bi controlul \u0219i siguran\u021ba f\u0103r\u0103 a compromite confortul animalului dvs. de companie. Lungimea lesei este perfect\u0103 pentru a oferi c\u00e2inelui dvs. suficient\u0103 libertate pentru a explora, fiind \u00een acela\u0219i timp sub control.<\/p>\n<p>Ideal\u0103 pentru aventurierii nocturni \u0219i pasiona\u021bii de c\u0103l\u0103torii, aceast\u0103 les\u0103 combin\u0103 siguran\u021ba, confortul \u0219i comoditatea, asigur\u00e2nd c\u0103 fiecare c\u0103l\u0103torie cu animalul dvs. de companie este pl\u0103cut\u0103 \u0219i lipsit\u0103 de stres. Trece\u021bi la lesa noastr\u0103 avansat\u0103 \u0219i transforma\u021bi modul \u00een care c\u0103l\u0103tori\u021bi \u0219i v\u0103 plimba\u021bi cu animalul dvs. de companie.<\/p>\n<h5 data-immersive-translate-walked=\"e4de329b-2f8f-4525-aa5e-eeca8caeb592\" data-immersive-translate-paragraph=\"1\"><strong data-immersive-translate-walked=\"e4de329b-2f8f-4525-aa5e-eeca8caeb592\">Sunt lesele bungee bune pentru c\u00e2ini?<\/strong><\/h5>\n<p data-immersive-translate-walked=\"e4de329b-2f8f-4525-aa5e-eeca8caeb592\" data-immersive-translate-paragraph=\"1\">Lesele Bungee pot fi bune pentru c\u00e2ini, deoarece ajut\u0103 la absorb\u021bia \u0219ocurilor cauzate de mi\u0219c\u0103rile bru\u0219te, oferind o plimbare mai confortabil\u0103 at\u00e2t pentru c\u00e2ine, c\u00e2t \u0219i pentru st\u0103p\u00e2n. Cu toate acestea, s-ar putea s\u0103 nu fie ideale pentru cei care trag foarte tare, deoarece elasticitatea poate \u00eencuraja tragerea.<\/p>\n<h5 data-immersive-translate-walked=\"e4de329b-2f8f-4525-aa5e-eeca8caeb592\" data-immersive-translate-paragraph=\"1\"><strong data-immersive-translate-walked=\"e4de329b-2f8f-4525-aa5e-eeca8caeb592\">Lesele f\u0103r\u0103 m\u00e2ini sunt bune pentru c\u00e2inii care trag?<\/strong><\/h5>\n<p data-immersive-translate-walked=\"e4de329b-2f8f-4525-aa5e-eeca8caeb592\" data-immersive-translate-paragraph=\"1\">Lesele f\u0103r\u0103 m\u00e2ini nu sunt, \u00een general, recomandate pentru c\u00e2inii care trag, deoarece acestea ofer\u0103 un control mai pu\u021bin imediat asupra c\u00e2inelui, ceea ce poate face dificil\u0103 gestionarea unui c\u00e2ine care are tendin\u021ba de a trage puternic.<\/p>\n<h5 data-immersive-translate-walked=\"e4de329b-2f8f-4525-aa5e-eeca8caeb592\" data-immersive-translate-paragraph=\"1\"><strong data-immersive-translate-walked=\"e4de329b-2f8f-4525-aa5e-eeca8caeb592\">Ce este o les\u0103 hands-free?<\/strong><\/h5>\n<p data-immersive-translate-walked=\"e4de329b-2f8f-4525-aa5e-eeca8caeb592\" data-immersive-translate-paragraph=\"1\">O les\u0103 hands-free este un tip de les\u0103 pentru c\u00e2ini care se ata\u0219eaz\u0103 de obicei la talia st\u0103p\u00e2nului sau peste corp, permi\u021b\u00e2nd mersul sau alergarea cu m\u00e2inile libere. Este conceput\u0103 pentru a \u021bine c\u00e2inele aproape, l\u0103s\u00e2nd \u00een acela\u0219i timp m\u00e2inile st\u0103p\u00e2nului libere.<\/p>\n<h5><strong>Sunt sigure lesele f\u0103r\u0103 m\u00e2ini pentru c\u00e2ini?<\/strong><\/h5>\n<p>Lesa f\u0103r\u0103 m\u00e2ini pentru c\u00e2ini poate fi sigur\u0103 dac\u0103 este folosit\u0103 corect \u0219i \u00een circumstan\u021bele potrivite. Acestea sunt excelente pentru activit\u0103\u021bi precum alergatul sau drume\u021biile \u00een care ave\u021bi nevoie de m\u00e2ini libere, dar este posibil s\u0103 nu ofere la fel de mult control ca o les\u0103 tradi\u021bional\u0103, \u00een special pentru c\u00e2inii care sunt predispu\u0219i s\u0103 trag\u0103 sau s\u0103 se av\u00e2nte brusc. Siguran\u021ba depinde, de asemenea, de existen\u021ba unui mecanism de ata\u0219are sigur la nivelul taliei \u0219i a unei func\u021bii fiabile de eliberare rapid\u0103.<\/p>\n<h5><strong>Ce les\u0103 \u00eempiedic\u0103 c\u00e2inii s\u0103 trag\u0103?<\/strong><\/h5>\n<p>O les\u0103 \u00een sine nu poate opri complet un c\u00e2ine s\u0103 trag\u0103, dar anumite tipuri de lese \u0219i hamuri pot ajuta la gestionarea \u0219i reducerea tragerii. Cel mai eficient este, de obicei, un ham f\u0103r\u0103 trac\u021biune care are un punct de prindere frontal pentru les\u0103. Atunci c\u00e2nd c\u00e2inele trage, hamul redirec\u021bioneaz\u0103 c\u00e2inele c\u0103tre m\u00e2nuitor, f\u0103c\u00e2nd tragerea mai pu\u021bin recompensatoare \u0219i mai u\u0219or de controlat. Acest tip de configura\u021bie poate descuraja \u00een mod semnificativ comportamentele de tragere atunci c\u00e2nd este combinat cu un antrenament consecvent.<\/p>\n<h5><strong>Sunt lesele bungee bune pentru c\u00e2ini?<\/strong><\/h5>\n<p>Lesele Bungee pot fi benefice at\u00e2t pentru c\u00e2ini, c\u00e2t \u0219i pentru st\u0103p\u00e2nii acestora, deoarece ajut\u0103 la absorb\u021bia \u0219ocului mi\u0219c\u0103rilor bru\u0219te sau al trac\u021biunilor, reduc\u00e2nd tensiunea at\u00e2t asupra corpului c\u00e2inelui, c\u00e2t \u0219i al st\u0103p\u00e2nului. Acestea sunt deosebit de utile \u00een timpul activit\u0103\u021bilor precum joggingul, unde mi\u0219c\u0103rile imprevizibile ale unui c\u00e2ine ar putea, \u00een caz contrar, s\u0103 smulg\u0103 lesa.<\/p>\n<h5><strong>Cablurile bungee nu mai trag?<\/strong><\/h5>\n<p>Leg\u0103turile Bungee nu \u00eempiedic\u0103 \u00een mod inerent c\u00e2inii s\u0103 trag\u0103. De\u0219i pot face ca tragerea s\u0103 fie mai pu\u021bin dureroas\u0103 prin absorb\u021bia unei p\u0103r\u021bi din for\u021b\u0103, ele pot \u00eencuraja uneori tragerea la unii c\u00e2ini, oferind o rezisten\u021b\u0103 \u00eempotriva c\u0103reia tragerea se simte satisf\u0103c\u0103toare.<\/p>\n<h5><strong>Care este cea mai bun\u0103 les\u0103 pentru a antrena un c\u00e2ine s\u0103 nu trag\u0103?<\/strong><\/h5>\n<p>Cel mai bun tip de les\u0103 pentru a antrena un c\u00e2ine s\u0103 nu trag\u0103 este, de obicei, o les\u0103 standard non-stretch utilizat\u0103 \u00eempreun\u0103 cu un ham no-pull care are un punct de ata\u0219are frontal. Aceast\u0103 configura\u021bie ajut\u0103 la redirec\u021bionarea c\u00e2inelui c\u0103tre dvs. atunci c\u00e2nd \u00eencearc\u0103 s\u0103 trag\u0103, f\u0103c\u00e2nd mai u\u0219oar\u0103 gestionarea \u0219i corectarea comportamentului.<\/p>\n<p>&nbsp;<\/p>","protected":false},"excerpt":{"rendered":"<p>Experimenta\u021bi confortul suprem cu lesa noastr\u0103 Light Up Hands Free Car Seat Buckle Bungee Dog Leash. Conceput\u0103 pentru siguran\u021b\u0103 \u0219i versatilitate, aceast\u0103 les\u0103 are o lumin\u0103 LED str\u0103lucitoare pentru vizibilitate pe timp de noapte, un cordon bungee pentru absorb\u021bia \u0219ocurilor \u0219i o cataram\u0103 hands-free pentru scaunul ma\u0219inii pentru o c\u0103l\u0103torie sigur\u0103. Perfect\u0103 pentru proprietarii activi de animale de companie, aceasta ofer\u0103 libertate de mi\u0219care, asigur\u00e2nd \u00een acela\u0219i timp siguran\u021ba animalului dvs. de companie \u00een timpul plimb\u0103rilor \u0219i plimb\u0103rilor.<\/p>","protected":false},"featured_media":7900,"template":"","meta":[],"product_brand":[],"product_cat":[27,21],"product_tag":[],"class_list":{"0":"post-7895","1":"product","2":"type-product","3":"status-publish","4":"has-post-thumbnail","6":"product_cat-dog-leash","7":"product_cat-led-product","8":"pa_brand-qqpets","10":"first","11":"instock","12":"shipping-taxable","13":"product-type-simple"},"yoast_head":"<!-- This site is optimized with the Yoast SEO plugin v26.6 - https:\/\/yoast.com\/wordpress\/plugins\/seo\/ -->\n<title>Light Up Hands Free Car Seat Buckle Bungee Dog Leash | QQPETS<\/title>\n<meta name=\"description\" content=\"Enhance safety with our Light Up Hands Free Dog Leash. Buckle up for car rides and enjoy bungee flexibility!\" \/>\n<meta name=\"robots\" content=\"index, follow, max-snippet:-1, max-image-preview:large, max-video-preview:-1\" \/>\n<link rel=\"canonical\" href=\"https:\/\/qqpets.com\/ro\/produs\/led-no-pull-leash\/\" \/>\n<meta property=\"og:locale\" content=\"ro_RO\" \/>\n<meta property=\"og:type\" content=\"article\" \/>\n<meta property=\"og:title\" content=\"Light Up Hands Free Car Seat Buckle Bungee Dog Leash | QQPETS\" \/>\n<meta property=\"og:description\" content=\"Enhance safety with our Light Up Hands Free Dog Leash. Buckle up for car rides and enjoy bungee flexibility!\" \/>\n<meta property=\"og:url\" content=\"https:\/\/qqpets.com\/ro\/produs\/led-no-pull-leash\/\" \/>\n<meta property=\"og:site_name\" content=\"QQPETS\" \/>\n<meta property=\"article:publisher\" content=\"https:\/\/www.facebook.com\/QQpetsdogcollars\" \/>\n<meta property=\"article:modified_time\" content=\"2024-11-14T08:43:27+00:00\" \/>\n<meta property=\"og:image\" content=\"https:\/\/qqpets.com\/wp-content\/uploads\/2024\/09\/3.webp\" \/>\n\t<meta property=\"og:image:width\" content=\"800\" \/>\n\t<meta property=\"og:image:height\" content=\"800\" \/>\n\t<meta property=\"og:image:type\" content=\"image\/webp\" \/>\n<meta name=\"twitter:card\" content=\"summary_large_image\" \/>\n<meta name=\"twitter:label1\" content=\"Timp estimat pentru citire\" \/>\n\t<meta name=\"twitter:data1\" content=\"4 minute\" \/>\n<script type=\"application\/ld+json\" class=\"yoast-schema-graph\">{\"@context\":\"https:\/\/schema.org\",\"@graph\":[{\"@type\":\"WebPage\",\"@id\":\"https:\/\/qqpets.com\/product\/led-no-pull-leash\/\",\"url\":\"https:\/\/qqpets.com\/product\/led-no-pull-leash\/\",\"name\":\"Light Up Hands Free Car Seat Buckle Bungee Dog Leash | QQPETS\",\"isPartOf\":{\"@id\":\"https:\/\/qqpets.com\/#website\"},\"primaryImageOfPage\":{\"@id\":\"https:\/\/qqpets.com\/product\/led-no-pull-leash\/#primaryimage\"},\"image\":{\"@id\":\"https:\/\/qqpets.com\/product\/led-no-pull-leash\/#primaryimage\"},\"thumbnailUrl\":\"https:\/\/qqpets.com\/wp-content\/uploads\/2024\/09\/3.webp\",\"datePublished\":\"2024-09-07T07:13:22+00:00\",\"dateModified\":\"2024-11-14T08:43:27+00:00\",\"description\":\"Enhance safety with our Light Up Hands Free Dog Leash. Buckle up for car rides and enjoy bungee flexibility!\",\"breadcrumb\":{\"@id\":\"https:\/\/qqpets.com\/product\/led-no-pull-leash\/#breadcrumb\"},\"inLanguage\":\"ro-RO\",\"potentialAction\":[{\"@type\":\"ReadAction\",\"target\":[\"https:\/\/qqpets.com\/product\/led-no-pull-leash\/\"]}]},{\"@type\":\"ImageObject\",\"inLanguage\":\"ro-RO\",\"@id\":\"https:\/\/qqpets.com\/product\/led-no-pull-leash\/#primaryimage\",\"url\":\"https:\/\/qqpets.com\/wp-content\/uploads\/2024\/09\/3.webp\",\"contentUrl\":\"https:\/\/qqpets.com\/wp-content\/uploads\/2024\/09\/3.webp\",\"width\":800,\"height\":800},{\"@type\":\"BreadcrumbList\",\"@id\":\"https:\/\/qqpets.com\/product\/led-no-pull-leash\/#breadcrumb\",\"itemListElement\":[{\"@type\":\"ListItem\",\"position\":1,\"name\":\"Home\",\"item\":\"https:\/\/qqpets.com\/\"},{\"@type\":\"ListItem\",\"position\":2,\"name\":\"Products\",\"item\":\"https:\/\/qqpets.com\/pet-products-manufacturer\/\"},{\"@type\":\"ListItem\",\"position\":3,\"name\":\"Light Up Hands Free Car Seat Buckle Bungee Dog Leash\"}]},{\"@type\":\"WebSite\",\"@id\":\"https:\/\/qqpets.com\/#website\",\"url\":\"https:\/\/qqpets.com\/\",\"name\":\"QQPETS\",\"description\":\"QQPETS is a pet products factory for dog harnesses, dog collars, dog leashes and dog accessories with professional customized service since 2005.\",\"publisher\":{\"@id\":\"https:\/\/qqpets.com\/#organization\"},\"potentialAction\":[{\"@type\":\"SearchAction\",\"target\":{\"@type\":\"EntryPoint\",\"urlTemplate\":\"https:\/\/qqpets.com\/?s={search_term_string}\"},\"query-input\":{\"@type\":\"PropertyValueSpecification\",\"valueRequired\":true,\"valueName\":\"search_term_string\"}}],\"inLanguage\":\"ro-RO\"},{\"@type\":\"Organization\",\"@id\":\"https:\/\/qqpets.com\/#organization\",\"name\":\"QQPETS\",\"url\":\"https:\/\/qqpets.com\/\",\"logo\":{\"@type\":\"ImageObject\",\"inLanguage\":\"ro-RO\",\"@id\":\"https:\/\/qqpets.com\/#\/schema\/logo\/image\/\",\"url\":\"https:\/\/qqpets.com\/wp-content\/uploads\/2023\/09\/cropped-cropped-qqpets-tiktok.jpg\",\"contentUrl\":\"https:\/\/qqpets.com\/wp-content\/uploads\/2023\/09\/cropped-cropped-qqpets-tiktok.jpg\",\"width\":511,\"height\":511,\"caption\":\"QQPETS\"},\"image\":{\"@id\":\"https:\/\/qqpets.com\/#\/schema\/logo\/image\/\"},\"sameAs\":[\"https:\/\/www.facebook.com\/QQpetsdogcollars\",\"https:\/\/www.instagram.com\/qqpetscollar\/\",\"https:\/\/www.pinterest.com\/qqpetsdogcollarsfactory\/\"]}]}<\/script>\n<!-- \/ Yoast SEO plugin. -->","yoast_head_json":{"title":"Lumina p\u00e2n\u0103 m\u00e2ini libere scaun auto catarama Bungee Dog Leash | QQPETS","description":"Spori\u021bi siguran\u021ba cu lesa noastr\u0103 pentru c\u00e2ini Light Up Hands Free. Pune\u021bi-v\u0103 centura de siguran\u021b\u0103 pentru plimb\u0103rile cu ma\u0219ina \u0219i bucura\u021bi-v\u0103 de flexibilitatea bungee!","robots":{"index":"index","follow":"follow","max-snippet":"max-snippet:-1","max-image-preview":"max-image-preview:large","max-video-preview":"max-video-preview:-1"},"canonical":"https:\/\/qqpets.com\/ro\/produs\/led-no-pull-leash\/","og_locale":"ro_RO","og_type":"article","og_title":"Light Up Hands Free Car Seat Buckle Bungee Dog Leash | QQPETS","og_description":"Enhance safety with our Light Up Hands Free Dog Leash. Buckle up for car rides and enjoy bungee flexibility!","og_url":"https:\/\/qqpets.com\/ro\/produs\/led-no-pull-leash\/","og_site_name":"QQPETS","article_publisher":"https:\/\/www.facebook.com\/QQpetsdogcollars","article_modified_time":"2024-11-14T08:43:27+00:00","og_image":[{"width":800,"height":800,"url":"https:\/\/qqpets.com\/wp-content\/uploads\/2024\/09\/3.webp","type":"image\/webp"}],"twitter_card":"summary_large_image","twitter_misc":{"Timp estimat pentru citire":"4 minute"},"schema":{"@context":"https:\/\/schema.org","@graph":[{"@type":"WebPage","@id":"https:\/\/qqpets.com\/product\/led-no-pull-leash\/","url":"https:\/\/qqpets.com\/product\/led-no-pull-leash\/","name":"Lumina p\u00e2n\u0103 m\u00e2ini libere scaun auto catarama Bungee Dog Leash | QQPETS","isPartOf":{"@id":"https:\/\/qqpets.com\/#website"},"primaryImageOfPage":{"@id":"https:\/\/qqpets.com\/product\/led-no-pull-leash\/#primaryimage"},"image":{"@id":"https:\/\/qqpets.com\/product\/led-no-pull-leash\/#primaryimage"},"thumbnailUrl":"https:\/\/qqpets.com\/wp-content\/uploads\/2024\/09\/3.webp","datePublished":"2024-09-07T07:13:22+00:00","dateModified":"2024-11-14T08:43:27+00:00","description":"Spori\u021bi siguran\u021ba cu lesa noastr\u0103 pentru c\u00e2ini Light Up Hands Free. Pune\u021bi-v\u0103 centura de siguran\u021b\u0103 pentru plimb\u0103rile cu ma\u0219ina \u0219i bucura\u021bi-v\u0103 de flexibilitatea bungee!","breadcrumb":{"@id":"https:\/\/qqpets.com\/product\/led-no-pull-leash\/#breadcrumb"},"inLanguage":"ro-RO","potentialAction":[{"@type":"ReadAction","target":["https:\/\/qqpets.com\/product\/led-no-pull-leash\/"]}]},{"@type":"ImageObject","inLanguage":"ro-RO","@id":"https:\/\/qqpets.com\/product\/led-no-pull-leash\/#primaryimage","url":"https:\/\/qqpets.com\/wp-content\/uploads\/2024\/09\/3.webp","contentUrl":"https:\/\/qqpets.com\/wp-content\/uploads\/2024\/09\/3.webp","width":800,"height":800},{"@type":"BreadcrumbList","@id":"https:\/\/qqpets.com\/product\/led-no-pull-leash\/#breadcrumb","itemListElement":[{"@type":"ListItem","position":1,"name":"Home","item":"https:\/\/qqpets.com\/"},{"@type":"ListItem","position":2,"name":"Products","item":"https:\/\/qqpets.com\/pet-products-manufacturer\/"},{"@type":"ListItem","position":3,"name":"Light Up Hands Free Car Seat Buckle Bungee Dog Leash"}]},{"@type":"WebSite","@id":"https:\/\/qqpets.com\/#website","url":"https:\/\/qqpets.com\/","name":"QQPETS","description":"QQPETS este o fabric\u0103 de produse pentru animale de companie pentru hamuri pentru c\u00e2ini, gulere pentru c\u00e2ini, lese pentru c\u00e2ini \u0219i accesorii pentru c\u00e2ini cu servicii profesionale personalizate din 2005.","publisher":{"@id":"https:\/\/qqpets.com\/#organization"},"potentialAction":[{"@type":"SearchAction","target":{"@type":"EntryPoint","urlTemplate":"https:\/\/qqpets.com\/?s={search_term_string}"},"query-input":{"@type":"PropertyValueSpecification","valueRequired":true,"valueName":"search_term_string"}}],"inLanguage":"ro-RO"},{"@type":"Organization","@id":"https:\/\/qqpets.com\/#organization","name":"QQPETS","url":"https:\/\/qqpets.com\/","logo":{"@type":"ImageObject","inLanguage":"ro-RO","@id":"https:\/\/qqpets.com\/#\/schema\/logo\/image\/","url":"https:\/\/qqpets.com\/wp-content\/uploads\/2023\/09\/cropped-cropped-qqpets-tiktok.jpg","contentUrl":"https:\/\/qqpets.com\/wp-content\/uploads\/2023\/09\/cropped-cropped-qqpets-tiktok.jpg","width":511,"height":511,"caption":"QQPETS"},"image":{"@id":"https:\/\/qqpets.com\/#\/schema\/logo\/image\/"},"sameAs":["https:\/\/www.facebook.com\/QQpetsdogcollars","https:\/\/www.instagram.com\/qqpetscollar\/","https:\/\/www.pinterest.com\/qqpetsdogcollarsfactory\/"]}]}},"_links":{"self":[{"href":"https:\/\/qqpets.com\/ro\/wp-json\/wp\/v2\/product\/7895","targetHints":{"allow":["GET"]}}],"collection":[{"href":"https:\/\/qqpets.com\/ro\/wp-json\/wp\/v2\/product"}],"about":[{"href":"https:\/\/qqpets.com\/ro\/wp-json\/wp\/v2\/types\/product"}],"wp:featuredmedia":[{"embeddable":true,"href":"https:\/\/qqpets.com\/ro\/wp-json\/wp\/v2\/media\/7900"}],"wp:attachment":[{"href":"https:\/\/qqpets.com\/ro\/wp-json\/wp\/v2\/media?parent=7895"}],"wp:term":[{"taxonomy":"product_brand","embeddable":true,"href":"https:\/\/qqpets.com\/ro\/wp-json\/wp\/v2\/product_brand?post=7895"},{"taxonomy":"product_cat","embeddable":true,"href":"https:\/\/qqpets.com\/ro\/wp-json\/wp\/v2\/product_cat?post=7895"},{"taxonomy":"product_tag","embeddable":true,"href":"https:\/\/qqpets.com\/ro\/wp-json\/wp\/v2\/product_tag?post=7895"}],"curies":[{"name":"wp","href":"https:\/\/api.w.org\/{rel}","templated":true}]}}