{"id":7910,"date":"2024-09-07T15:54:26","date_gmt":"2024-09-07T07:54:26","guid":{"rendered":"https:\/\/qqpets.com\/?post_type=product&#038;p=7910"},"modified":"2024-11-13T11:58:39","modified_gmt":"2024-11-13T03:58:39","slug":"smart-qr-code-pet-collar-id-tag","status":"publish","type":"product","link":"https:\/\/qqpets.com\/ro\/produs\/smart-qr-code-pet-collar-id-tag\/","title":{"rendered":"Smart QR Code Pet Collar ID Tag"},"content":{"rendered":"<p>V\u0103 prezent\u0103m revolu\u021bionara noastr\u0103 etichet\u0103 de identificare personalizat\u0103 Smart QR Code pentru animale de companie, conceput\u0103 pentru a oferi o solu\u021bie modern\u0103 pentru siguran\u021ba \u0219i identificarea animalelor de companie. Cu aceast\u0103 etichet\u0103, animalul dvs. de companie transport\u0103 informa\u021bii esen\u021biale oriunde ar merge, u\u0219or accesibile cu o simpl\u0103 scanare rapid\u0103.<\/p>\n<p><strong>Caracteristici principale:<\/strong><\/p>\n<ul>\n<li><strong>Tehnologie Smart QR Code:<\/strong> Fiecare etichet\u0103 vine cu un cod QR unic care, atunci c\u00e2nd este scanat, face leg\u0103tura cu un profil personalizabil. Acest profil poate include datele dvs. de contact, fi\u0219ele medicale ale animalului, nevoile dietetice \u0219i multe altele, asigur\u00e2ndu-se c\u0103 oricine v\u0103 g\u0103se\u0219te animalul poate accesa toate informa\u021biile necesare pentru a-l ajuta.<\/li>\n<li><strong>Op\u021biuni de personalizare:<\/strong> Personaliza\u021bi eticheta cu numele animalului dvs. de companie, num\u0103rul dvs. de telefon \u0219i alege\u021bi dintr-o varietate de modele pentru a se potrivi cu personalitatea animalului dvs. de companie.<\/li>\n<li><strong>Durabilitate ridicat\u0103:<\/strong> Fabricat\u0103 din materiale rezistente, eticheta este proiectat\u0103 s\u0103 reziste tuturor condi\u021biilor meteorologice \u0219i jocurilor active, asigur\u00e2ndu-se c\u0103 r\u0103m\u00e2ne lizibil\u0103 \u0219i intact\u0103.<\/li>\n<li><strong>U\u0219or de actualizat:<\/strong> Pute\u021bi actualiza profilul online legat de codul QR oric\u00e2nd \u0219i oriunde, facilit\u00e2nd men\u021binerea la zi a informa\u021biilor despre animalul dvs. de companie f\u0103r\u0103 a fi nevoie s\u0103 \u00eenlocui\u021bi pl\u0103cu\u021ba.<\/li>\n<\/ul>\n<p>Aceast\u0103 pl\u0103cu\u021b\u0103 de identificare este ideal\u0103 pentru orice proprietar de animal de companie care dore\u0219te s\u0103 combine siguran\u021ba cu confortul. Fie c\u0103 animalul dvs. de companie este un artist al evad\u0103rii sau pur \u0219i simplu dori\u021bi o lini\u0219te sufleteasc\u0103 suplimentar\u0103 atunci c\u00e2nd sunte\u021bi \u00een ora\u0219, aceast\u0103 pl\u0103cu\u021b\u0103 ofer\u0103 o modalitate fiabil\u0103 de a v\u0103 p\u0103stra companionul iubit \u00een siguran\u021b\u0103.<\/p>\n<p>Prin alegerea etichetei noastre personalizate Smart QR Code Smart QR Code Pet Collar ID Tag, nu primi\u021bi doar o etichet\u0103; primi\u021bi garan\u021bia c\u0103 animalul dvs. de companie poate fi u\u0219or identificat \u0219i returnat \u00een siguran\u021b\u0103 acas\u0103 \u00een cazul \u00een care se pierde. Este o investi\u021bie mic\u0103 care poate face o mare diferen\u021b\u0103 \u00een siguran\u021ba animalului dvs. de companie.<\/p>\n<h5><strong>Sunt legale pl\u0103cu\u021bele pentru c\u00e2ini cu cod QR?<\/strong><\/h5>\n<p>Da, pl\u0103cu\u021bele pentru c\u00e2ini cu cod QR sunt legale. Acestea reprezint\u0103 o alternativ\u0103 inovatoare la pl\u0103cu\u021bele tradi\u021bionale gravate \u0219i pot stoca informa\u021bii mai detaliate despre un animal de companie, ceea ce poate fi util \u00een cazul \u00een care c\u00e2inele se pierde.<\/p>\n<h5><strong>Func\u021bioneaz\u0103 pl\u0103cu\u021bele de identificare QR?<\/strong><\/h5>\n<p>Da, etichetele QR pentru c\u00e2ini func\u021bioneaz\u0103 eficient. Atunci c\u00e2nd cineva g\u0103se\u0219te un c\u00e2ine cu o etichet\u0103 cu cod QR, poate scana codul cu ajutorul unui smartphone, care \u00eel va direc\u021biona de obicei c\u0103tre o pagin\u0103 web cu informa\u021bii despre c\u00e2ine, inclusiv detalii de contact pentru proprietar.<\/p>\n<h5>Ce informa\u021bii sunt obligatorii din punct de vedere legal pe o pl\u0103cu\u021b\u0103 de identificare a c\u00e2inelui?<\/h5>\n<p>Informa\u021biile cerute de lege pe o pl\u0103cu\u021b\u0103 de identificare a c\u00e2inelui pot varia \u00een func\u021bie de reglement\u0103rile locale ale locului \u00een care locui\u021bi. Cu toate acestea, \u00een multe locuri, urm\u0103toarele detalii sunt \u00een general obligatorii:<\/p>\n<ol>\n<li><strong>Numele proprietarului<\/strong>: Numele complet al proprietarului c\u00e2inelui pentru a asigura o identificare \u0219i o responsabilitate corespunz\u0103toare.<\/li>\n<li><strong>Informa\u021bii de contact<\/strong>: Cel pu\u021bin un num\u0103r de telefon la care proprietarul poate fi contactat. Unele zone pot solicita numere suplimentare sau chiar o adres\u0103.<\/li>\n<\/ol>\n<p>De asemenea, este recomandabil s\u0103 include\u021bi orice informa\u021bii medicale pertinente dac\u0103 c\u00e2inele dumneavoastr\u0103 are probleme de s\u0103n\u0103tate specifice care necesit\u0103 aten\u021bie imediat\u0103 \u00een cazul \u00een care se r\u0103t\u0103ce\u0219te. De\u0219i nu este \u00eentotdeauna obligatoriu din punct de vedere legal, acest lucru poate fi esen\u021bial pentru siguran\u021ba animalului dvs. de companie. Verifica\u021bi \u00eentotdeauna reglement\u0103rile locale pentru a v\u0103 asigura conformitatea cu cerin\u021bele locale specifice pentru identificarea animalelor de companie.<\/p>","protected":false},"excerpt":{"rendered":"<p>\u00cembun\u0103t\u0103\u021bi\u021bi siguran\u021ba animalului dvs. de companie cu eticheta de identificare personalizat\u0103 Smart QR Code Pet Collar ID Tag. Aceast\u0103 etichet\u0103 inovatoare are un cod QR care face leg\u0103tura cu un profil personal cu informa\u021bii esen\u021biale de contact \u0219i de s\u0103n\u0103tate. U\u0219or de actualizat \u0219i accesibil, acesta asigur\u0103 c\u0103 animalul dvs. de companie poate g\u0103si \u00eentotdeauna drumul \u00eenapoi la dvs. Personalizabil\u0103 cu modele la alegere, nu este doar practic\u0103, ci \u0219i elegant\u0103.<\/p>","protected":false},"featured_media":7912,"template":"","meta":[],"product_brand":[],"product_cat":[26],"product_tag":[],"class_list":{"0":"post-7910","1":"product","2":"type-product","3":"status-publish","4":"has-post-thumbnail","6":"product_cat-dog-collar","7":"pa_brand-qqpets","9":"first","10":"instock","11":"shipping-taxable","12":"product-type-simple"},"yoast_head":"<!-- This site is optimized with the Yoast SEO plugin v26.6 - https:\/\/yoast.com\/wordpress\/plugins\/seo\/ -->\n<title>Smart QR Code Pet Collar ID Tag | QQPETS<\/title>\n<meta name=\"description\" content=\"Secure your pet with our Smart QR Code ID Tag. Custom, trackable, and stylish. Perfect for peace of mind!\" \/>\n<meta name=\"robots\" content=\"index, follow, max-snippet:-1, max-image-preview:large, max-video-preview:-1\" \/>\n<link rel=\"canonical\" href=\"https:\/\/qqpets.com\/ro\/produs\/smart-qr-code-pet-collar-id-tag\/\" \/>\n<meta property=\"og:locale\" content=\"ro_RO\" \/>\n<meta property=\"og:type\" content=\"article\" \/>\n<meta property=\"og:title\" content=\"Smart QR Code Pet Collar ID Tag | QQPETS\" \/>\n<meta property=\"og:description\" content=\"Secure your pet with our Smart QR Code ID Tag. Custom, trackable, and stylish. Perfect for peace of mind!\" \/>\n<meta property=\"og:url\" content=\"https:\/\/qqpets.com\/ro\/produs\/smart-qr-code-pet-collar-id-tag\/\" \/>\n<meta property=\"og:site_name\" content=\"QQPETS\" \/>\n<meta property=\"article:publisher\" content=\"https:\/\/www.facebook.com\/QQpetsdogcollars\" \/>\n<meta property=\"article:modified_time\" content=\"2024-11-13T03:58:39+00:00\" \/>\n<meta property=\"og:image\" content=\"https:\/\/qqpets.com\/wp-content\/uploads\/2024\/09\/QR-CODE-PET-COLLAR2.webp\" \/>\n\t<meta property=\"og:image:width\" content=\"1000\" \/>\n\t<meta property=\"og:image:height\" content=\"1000\" \/>\n\t<meta property=\"og:image:type\" content=\"image\/webp\" \/>\n<meta name=\"twitter:card\" content=\"summary_large_image\" \/>\n<meta name=\"twitter:label1\" content=\"Timp estimat pentru citire\" \/>\n\t<meta name=\"twitter:data1\" content=\"3 minute\" \/>\n<script type=\"application\/ld+json\" class=\"yoast-schema-graph\">{\"@context\":\"https:\/\/schema.org\",\"@graph\":[{\"@type\":\"WebPage\",\"@id\":\"https:\/\/qqpets.com\/product\/smart-qr-code-pet-collar-id-tag\/\",\"url\":\"https:\/\/qqpets.com\/product\/smart-qr-code-pet-collar-id-tag\/\",\"name\":\"Smart QR Code Pet Collar ID Tag | QQPETS\",\"isPartOf\":{\"@id\":\"https:\/\/qqpets.com\/#website\"},\"primaryImageOfPage\":{\"@id\":\"https:\/\/qqpets.com\/product\/smart-qr-code-pet-collar-id-tag\/#primaryimage\"},\"image\":{\"@id\":\"https:\/\/qqpets.com\/product\/smart-qr-code-pet-collar-id-tag\/#primaryimage\"},\"thumbnailUrl\":\"https:\/\/qqpets.com\/wp-content\/uploads\/2024\/09\/QR-CODE-PET-COLLAR2.webp\",\"datePublished\":\"2024-09-07T07:54:26+00:00\",\"dateModified\":\"2024-11-13T03:58:39+00:00\",\"description\":\"Secure your pet with our Smart QR Code ID Tag. Custom, trackable, and stylish. Perfect for peace of mind!\",\"breadcrumb\":{\"@id\":\"https:\/\/qqpets.com\/product\/smart-qr-code-pet-collar-id-tag\/#breadcrumb\"},\"inLanguage\":\"ro-RO\",\"potentialAction\":[{\"@type\":\"ReadAction\",\"target\":[\"https:\/\/qqpets.com\/product\/smart-qr-code-pet-collar-id-tag\/\"]}]},{\"@type\":\"ImageObject\",\"inLanguage\":\"ro-RO\",\"@id\":\"https:\/\/qqpets.com\/product\/smart-qr-code-pet-collar-id-tag\/#primaryimage\",\"url\":\"https:\/\/qqpets.com\/wp-content\/uploads\/2024\/09\/QR-CODE-PET-COLLAR2.webp\",\"contentUrl\":\"https:\/\/qqpets.com\/wp-content\/uploads\/2024\/09\/QR-CODE-PET-COLLAR2.webp\",\"width\":1000,\"height\":1000},{\"@type\":\"BreadcrumbList\",\"@id\":\"https:\/\/qqpets.com\/product\/smart-qr-code-pet-collar-id-tag\/#breadcrumb\",\"itemListElement\":[{\"@type\":\"ListItem\",\"position\":1,\"name\":\"Home\",\"item\":\"https:\/\/qqpets.com\/\"},{\"@type\":\"ListItem\",\"position\":2,\"name\":\"Products\",\"item\":\"https:\/\/qqpets.com\/pet-products-manufacturer\/\"},{\"@type\":\"ListItem\",\"position\":3,\"name\":\"Smart QR Code Pet Collar ID Tag\"}]},{\"@type\":\"WebSite\",\"@id\":\"https:\/\/qqpets.com\/#website\",\"url\":\"https:\/\/qqpets.com\/\",\"name\":\"QQPETS\",\"description\":\"QQPETS is a pet products factory for dog harnesses, dog collars, dog leashes and dog accessories with professional customized service since 2005.\",\"publisher\":{\"@id\":\"https:\/\/qqpets.com\/#organization\"},\"potentialAction\":[{\"@type\":\"SearchAction\",\"target\":{\"@type\":\"EntryPoint\",\"urlTemplate\":\"https:\/\/qqpets.com\/?s={search_term_string}\"},\"query-input\":{\"@type\":\"PropertyValueSpecification\",\"valueRequired\":true,\"valueName\":\"search_term_string\"}}],\"inLanguage\":\"ro-RO\"},{\"@type\":\"Organization\",\"@id\":\"https:\/\/qqpets.com\/#organization\",\"name\":\"QQPETS\",\"url\":\"https:\/\/qqpets.com\/\",\"logo\":{\"@type\":\"ImageObject\",\"inLanguage\":\"ro-RO\",\"@id\":\"https:\/\/qqpets.com\/#\/schema\/logo\/image\/\",\"url\":\"https:\/\/qqpets.com\/wp-content\/uploads\/2023\/09\/cropped-cropped-qqpets-tiktok.jpg\",\"contentUrl\":\"https:\/\/qqpets.com\/wp-content\/uploads\/2023\/09\/cropped-cropped-qqpets-tiktok.jpg\",\"width\":511,\"height\":511,\"caption\":\"QQPETS\"},\"image\":{\"@id\":\"https:\/\/qqpets.com\/#\/schema\/logo\/image\/\"},\"sameAs\":[\"https:\/\/www.facebook.com\/QQpetsdogcollars\",\"https:\/\/www.instagram.com\/qqpetscollar\/\",\"https:\/\/www.pinterest.com\/qqpetsdogcollarsfactory\/\"]}]}<\/script>\n<!-- \/ Yoast SEO plugin. -->","yoast_head_json":{"title":"Smart QR Code Pet Collar ID Tag | QQPETS","description":"Asigura\u021bi-v\u0103 animalul de companie cu ecusonul nostru de identificare inteligent cu cod QR. Personalizat, localizabil \u0219i elegant. Perfect pentru lini\u0219tea sufleteasc\u0103!","robots":{"index":"index","follow":"follow","max-snippet":"max-snippet:-1","max-image-preview":"max-image-preview:large","max-video-preview":"max-video-preview:-1"},"canonical":"https:\/\/qqpets.com\/ro\/produs\/smart-qr-code-pet-collar-id-tag\/","og_locale":"ro_RO","og_type":"article","og_title":"Smart QR Code Pet Collar ID Tag | QQPETS","og_description":"Secure your pet with our Smart QR Code ID Tag. Custom, trackable, and stylish. Perfect for peace of mind!","og_url":"https:\/\/qqpets.com\/ro\/produs\/smart-qr-code-pet-collar-id-tag\/","og_site_name":"QQPETS","article_publisher":"https:\/\/www.facebook.com\/QQpetsdogcollars","article_modified_time":"2024-11-13T03:58:39+00:00","og_image":[{"width":1000,"height":1000,"url":"https:\/\/qqpets.com\/wp-content\/uploads\/2024\/09\/QR-CODE-PET-COLLAR2.webp","type":"image\/webp"}],"twitter_card":"summary_large_image","twitter_misc":{"Timp estimat pentru citire":"3 minute"},"schema":{"@context":"https:\/\/schema.org","@graph":[{"@type":"WebPage","@id":"https:\/\/qqpets.com\/product\/smart-qr-code-pet-collar-id-tag\/","url":"https:\/\/qqpets.com\/product\/smart-qr-code-pet-collar-id-tag\/","name":"Smart QR Code Pet Collar ID Tag | QQPETS","isPartOf":{"@id":"https:\/\/qqpets.com\/#website"},"primaryImageOfPage":{"@id":"https:\/\/qqpets.com\/product\/smart-qr-code-pet-collar-id-tag\/#primaryimage"},"image":{"@id":"https:\/\/qqpets.com\/product\/smart-qr-code-pet-collar-id-tag\/#primaryimage"},"thumbnailUrl":"https:\/\/qqpets.com\/wp-content\/uploads\/2024\/09\/QR-CODE-PET-COLLAR2.webp","datePublished":"2024-09-07T07:54:26+00:00","dateModified":"2024-11-13T03:58:39+00:00","description":"Asigura\u021bi-v\u0103 animalul de companie cu ecusonul nostru de identificare inteligent cu cod QR. Personalizat, localizabil \u0219i elegant. Perfect pentru lini\u0219tea sufleteasc\u0103!","breadcrumb":{"@id":"https:\/\/qqpets.com\/product\/smart-qr-code-pet-collar-id-tag\/#breadcrumb"},"inLanguage":"ro-RO","potentialAction":[{"@type":"ReadAction","target":["https:\/\/qqpets.com\/product\/smart-qr-code-pet-collar-id-tag\/"]}]},{"@type":"ImageObject","inLanguage":"ro-RO","@id":"https:\/\/qqpets.com\/product\/smart-qr-code-pet-collar-id-tag\/#primaryimage","url":"https:\/\/qqpets.com\/wp-content\/uploads\/2024\/09\/QR-CODE-PET-COLLAR2.webp","contentUrl":"https:\/\/qqpets.com\/wp-content\/uploads\/2024\/09\/QR-CODE-PET-COLLAR2.webp","width":1000,"height":1000},{"@type":"BreadcrumbList","@id":"https:\/\/qqpets.com\/product\/smart-qr-code-pet-collar-id-tag\/#breadcrumb","itemListElement":[{"@type":"ListItem","position":1,"name":"Home","item":"https:\/\/qqpets.com\/"},{"@type":"ListItem","position":2,"name":"Products","item":"https:\/\/qqpets.com\/pet-products-manufacturer\/"},{"@type":"ListItem","position":3,"name":"Smart QR Code Pet Collar ID Tag"}]},{"@type":"WebSite","@id":"https:\/\/qqpets.com\/#website","url":"https:\/\/qqpets.com\/","name":"QQPETS","description":"QQPETS este o fabric\u0103 de produse pentru animale de companie pentru hamuri pentru c\u00e2ini, gulere pentru c\u00e2ini, lese pentru c\u00e2ini \u0219i accesorii pentru c\u00e2ini cu servicii profesionale personalizate din 2005.","publisher":{"@id":"https:\/\/qqpets.com\/#organization"},"potentialAction":[{"@type":"SearchAction","target":{"@type":"EntryPoint","urlTemplate":"https:\/\/qqpets.com\/?s={search_term_string}"},"query-input":{"@type":"PropertyValueSpecification","valueRequired":true,"valueName":"search_term_string"}}],"inLanguage":"ro-RO"},{"@type":"Organization","@id":"https:\/\/qqpets.com\/#organization","name":"QQPETS","url":"https:\/\/qqpets.com\/","logo":{"@type":"ImageObject","inLanguage":"ro-RO","@id":"https:\/\/qqpets.com\/#\/schema\/logo\/image\/","url":"https:\/\/qqpets.com\/wp-content\/uploads\/2023\/09\/cropped-cropped-qqpets-tiktok.jpg","contentUrl":"https:\/\/qqpets.com\/wp-content\/uploads\/2023\/09\/cropped-cropped-qqpets-tiktok.jpg","width":511,"height":511,"caption":"QQPETS"},"image":{"@id":"https:\/\/qqpets.com\/#\/schema\/logo\/image\/"},"sameAs":["https:\/\/www.facebook.com\/QQpetsdogcollars","https:\/\/www.instagram.com\/qqpetscollar\/","https:\/\/www.pinterest.com\/qqpetsdogcollarsfactory\/"]}]}},"_links":{"self":[{"href":"https:\/\/qqpets.com\/ro\/wp-json\/wp\/v2\/product\/7910","targetHints":{"allow":["GET"]}}],"collection":[{"href":"https:\/\/qqpets.com\/ro\/wp-json\/wp\/v2\/product"}],"about":[{"href":"https:\/\/qqpets.com\/ro\/wp-json\/wp\/v2\/types\/product"}],"wp:featuredmedia":[{"embeddable":true,"href":"https:\/\/qqpets.com\/ro\/wp-json\/wp\/v2\/media\/7912"}],"wp:attachment":[{"href":"https:\/\/qqpets.com\/ro\/wp-json\/wp\/v2\/media?parent=7910"}],"wp:term":[{"taxonomy":"product_brand","embeddable":true,"href":"https:\/\/qqpets.com\/ro\/wp-json\/wp\/v2\/product_brand?post=7910"},{"taxonomy":"product_cat","embeddable":true,"href":"https:\/\/qqpets.com\/ro\/wp-json\/wp\/v2\/product_cat?post=7910"},{"taxonomy":"product_tag","embeddable":true,"href":"https:\/\/qqpets.com\/ro\/wp-json\/wp\/v2\/product_tag?post=7910"}],"curies":[{"name":"wp","href":"https:\/\/api.w.org\/{rel}","templated":true}]}}