{"id":8041,"date":"2024-09-20T11:32:59","date_gmt":"2024-09-20T03:32:59","guid":{"rendered":"https:\/\/qqpets.com\/?post_type=product&#038;p=8041"},"modified":"2024-09-24T17:22:01","modified_gmt":"2024-09-24T09:22:01","slug":"reversible-dog-harness","status":"publish","type":"product","link":"https:\/\/qqpets.com\/ro\/produs\/reversible-dog-harness\/","title":{"rendered":"Reversibil Dog Harness"},"content":{"rendered":"<p>V\u0103 prezent\u0103m versatilul nostru ham reversibil pentru c\u00e2ini, accesoriul perfect pentru c\u00e2inii c\u0103rora le place s\u0103 \u00ee\u0219i p\u0103streze garderoba la fel de dinamic\u0103 ca \u0219i plimb\u0103rile lor. Acest ham inovator v\u0103 permite s\u0103 comuta\u021bi \u00eentre dou\u0103 modele la mod\u0103 cu o simpl\u0103 \u00eentoarcere, oferind un aspect proasp\u0103t pentru fiecare ie\u0219ire.<\/p>\n<p><strong>Caracteristici principale:<\/strong><\/p>\n<ul>\n<li><strong>Design dublu:<\/strong> Fiecare ham vine cu dou\u0103 modele unice, atr\u0103g\u0103toare. Fie c\u0103 v\u0103 place un imprimeu \u00eendr\u0103zne\u021b sau un clasic subtil, pute\u021bi inversa cu u\u0219urin\u021b\u0103 hamul pentru un nou look.<\/li>\n<li><strong>Concentrat pe confort:<\/strong> Fabricat din materiale moi, respirabile, care nu vor irita pielea animalului dvs. de companie, asigur\u00e2nd confortul pe parcursul plimb\u0103rilor lungi.<\/li>\n<li><strong>Reglabil Se potrive\u0219te:<\/strong> Curelele complet reglabile permit o potrivire personalizat\u0103 pentru a se potrivi cre\u0219terii sau schimb\u0103rilor \u00een dimensiunea c\u00e2inelui dvs. Potrivirea perfect\u0103 asigur\u0103 securitatea \u0219i confortul c\u00e2inelui dumneavoastr\u0103, reduc\u00e2nd riscul de evadare.<\/li>\n<li><strong>U\u0219or de utilizat:<\/strong> Caracteristici precum catarame cu eliberare rapid\u0103 simplific\u0103 punerea \u0219i scoaterea hamului, f\u0103c\u00e2nd preg\u0103tirea pentru plimbare rapid\u0103 \u0219i f\u0103r\u0103 probleme.<\/li>\n<li><strong>Construc\u021bie durabil\u0103:<\/strong> Fabricat din materiale de \u00eenalt\u0103 calitate, hamul este proiectat s\u0103 reziste rigorilor utiliz\u0103rii active, asigur\u00e2nd o purtare de lung\u0103 durat\u0103 f\u0103r\u0103 a sacrifica stilul.<\/li>\n<\/ul>\n<p>Fie c\u0103 v\u0103 \u00eendrepta\u021bi spre un parc pentru c\u00e2ini, o plimbare \u00een ora\u0219 sau o \u00eent\u00e2lnire unde animalul dvs. de companie trebuie s\u0103 arate cel mai bine, hamul nostru reversibil pentru c\u00e2ini face fa\u021b\u0103 cerin\u021belor de utilizare zilnic\u0103, men\u021bin\u00e2nd \u00een acela\u0219i timp aspectul elegant al c\u00e2inelui dvs. Este o alegere ideal\u0103 pentru proprietarii de animale de companie care apreciaz\u0103 func\u021bionalitatea, stilul \u0219i versatilitatea accesoriilor lor pentru c\u00e2ini.<\/p>\n<p>Alege\u021bi hamul nostru reversibil pentru c\u00e2ini pentru a da plimb\u0103rilor dvs. o not\u0103 de stil \u0219i varietate, f\u0103c\u00e2nd fiecare ie\u0219ire cu animalul dvs. de companie unic\u0103 \u0219i pl\u0103cut\u0103. Este mai mult dec\u00e2t un simplu ham; este o declara\u021bie de mod\u0103 care r\u0103spunde nevoilor practice.<\/p>\n<h5><strong>Ce este un ham reversibil?<\/strong><\/h5>\n<p>Un ham reversibil este un tip de ham pentru c\u00e2ini care poate fi purtat pe ambele p\u0103r\u021bi. De obicei, are dou\u0103 modele sau culori diferite, c\u00e2te una pe fiecare parte, permi\u021b\u00e2nd proprietarului s\u0103 treac\u0103 de la una la alta f\u0103r\u0103 a avea nevoie de dou\u0103 hamuri separate.<\/p>\n<h5><strong>Din ce ham nu poate da \u00eenapoi un c\u00e2ine?<\/strong><\/h5>\n<p>Harna\u0219amentele cu o potrivire sigur\u0103 \u0219i mai multe puncte de reglare, cum ar fi cele cu o bucl\u0103 martingal\u0103 la piept, sunt concepute pentru a \u00eempiedica c\u00e2inii s\u0103 dea \u00eenapoi. Acestea sunt de obicei foarte str\u00e2nse \u0219i se ajusteaz\u0103 pentru a se str\u00e2nge u\u0219or atunci c\u00e2nd un c\u00e2ine trage, \u00eempiedic\u00e2nd evadarea.<\/p>\n<h5><strong>Pot c\u00e2inii s\u0103 trag\u0103 mai tare cu un ham?<\/strong><\/h5>\n<p>Da, este posibil ca unii c\u00e2ini s\u0103 trag\u0103 mai tare cu un ham cu prindere pe spate, deoarece acesta le permite s\u0103 \u00ee\u0219i foloseasc\u0103 \u00eentreaga greutate a corpului pentru a trage \u00een fa\u021b\u0103, f\u0103r\u0103 a sim\u021bi disconfort la nivelul g\u00e2tului. Harna\u0219amentele cu prindere frontal\u0103 sau f\u0103r\u0103 trac\u021biune sunt concepute pentru a atenua acest lucru prin redirec\u021bionarea for\u021bei de trac\u021biune \u00een lateral sau c\u0103tre st\u0103p\u00e2n, f\u0103c\u00e2nd mai dificil\u0103 trac\u021biunea c\u00e2inelui.<\/p>\n<h5><strong>Poate un c\u00e2ine s\u0103 poarte un ham de c\u00e2ine tot timpul?<\/strong><\/h5>\n<p>Nu este recomandat ca un c\u00e2ine s\u0103 poarte un ham tot timpul. Purtarea continu\u0103 poate duce la iritarea pielii, \u00eempletirea bl\u0103nii sau disconfort, \u00een special sub bra\u021be. Cel mai bine este s\u0103 scoate\u021bi hamul atunci c\u00e2nd nu este folosit, cum ar fi \u00een interior sau c\u00e2nd c\u00e2inele se odihne\u0219te.<\/p>","protected":false},"excerpt":{"rendered":"<p>Re\u00eemprosp\u0103ta\u021bi plimb\u0103rile cu hamul nostru reversibil pentru c\u00e2ini, care ofer\u0103 dou\u0103 modele elegante \u00eentr-un singur design convenabil. Perfect pentru animalele de companie \u0219i st\u0103p\u00e2nii pasiona\u021bi de mod\u0103, acest ham este creat pentru confort \u0219i durabilitate. Dispune de curele reglabile pentru o potrivire perfect\u0103 \u0219i catarame cu eliberare rapid\u0103 pentru a fi pus \u0219i scos cu u\u0219urin\u021b\u0103. U\u0219oar\u0103, dar robust\u0103, ofer\u0103 control optim \u0219i confort \u00een timpul plimb\u0103rilor. Ideal pentru orice ocazie, trece\u021bi de la un look la altul f\u0103r\u0103 efort cu hamul nostru reversibil.<\/p>","protected":false},"featured_media":8227,"template":"","meta":[],"product_brand":[],"product_cat":[23],"product_tag":[],"class_list":{"0":"post-8041","1":"product","2":"type-product","3":"status-publish","4":"has-post-thumbnail","6":"product_cat-dog-harness","7":"pa_brand-qqpets","9":"first","10":"instock","11":"shipping-taxable","12":"product-type-simple"},"yoast_head":"<!-- This site is optimized with the Yoast SEO plugin v26.6 - https:\/\/yoast.com\/wordpress\/plugins\/seo\/ -->\n<title>Reversible Dog Harness | QQPETS<\/title>\n<meta name=\"description\" content=\"Switch up your style with our Reversible Dog Harness. Two looks in one for every adventure. Shop now for versatility!\" \/>\n<meta name=\"robots\" content=\"index, follow, max-snippet:-1, max-image-preview:large, max-video-preview:-1\" \/>\n<link rel=\"canonical\" href=\"https:\/\/qqpets.com\/ro\/produs\/reversible-dog-harness\/\" \/>\n<meta property=\"og:locale\" content=\"ro_RO\" \/>\n<meta property=\"og:type\" content=\"article\" \/>\n<meta property=\"og:title\" content=\"Reversible Dog Harness | QQPETS\" \/>\n<meta property=\"og:description\" content=\"Switch up your style with our Reversible Dog Harness. Two looks in one for every adventure. Shop now for versatility!\" \/>\n<meta property=\"og:url\" content=\"https:\/\/qqpets.com\/ro\/produs\/reversible-dog-harness\/\" \/>\n<meta property=\"og:site_name\" content=\"QQPETS\" \/>\n<meta property=\"article:publisher\" content=\"https:\/\/www.facebook.com\/QQpetsdogcollars\" \/>\n<meta property=\"article:modified_time\" content=\"2024-09-24T09:22:01+00:00\" \/>\n<meta property=\"og:image\" content=\"https:\/\/qqpets.com\/wp-content\/uploads\/2024\/09\/Reversible-dog-Harness1-2.webp\" \/>\n\t<meta property=\"og:image:width\" content=\"1000\" \/>\n\t<meta property=\"og:image:height\" content=\"1000\" \/>\n\t<meta property=\"og:image:type\" content=\"image\/webp\" \/>\n<meta name=\"twitter:card\" content=\"summary_large_image\" \/>\n<meta name=\"twitter:label1\" content=\"Timp estimat pentru citire\" \/>\n\t<meta name=\"twitter:data1\" content=\"3 minute\" \/>\n<script type=\"application\/ld+json\" class=\"yoast-schema-graph\">{\"@context\":\"https:\/\/schema.org\",\"@graph\":[{\"@type\":\"WebPage\",\"@id\":\"https:\/\/qqpets.com\/product\/reversible-dog-harness\/\",\"url\":\"https:\/\/qqpets.com\/product\/reversible-dog-harness\/\",\"name\":\"Reversible Dog Harness | QQPETS\",\"isPartOf\":{\"@id\":\"https:\/\/qqpets.com\/#website\"},\"primaryImageOfPage\":{\"@id\":\"https:\/\/qqpets.com\/product\/reversible-dog-harness\/#primaryimage\"},\"image\":{\"@id\":\"https:\/\/qqpets.com\/product\/reversible-dog-harness\/#primaryimage\"},\"thumbnailUrl\":\"https:\/\/qqpets.com\/wp-content\/uploads\/2024\/09\/Reversible-dog-Harness1-2.webp\",\"datePublished\":\"2024-09-20T03:32:59+00:00\",\"dateModified\":\"2024-09-24T09:22:01+00:00\",\"description\":\"Switch up your style with our Reversible Dog Harness. Two looks in one for every adventure. Shop now for versatility!\",\"breadcrumb\":{\"@id\":\"https:\/\/qqpets.com\/product\/reversible-dog-harness\/#breadcrumb\"},\"inLanguage\":\"ro-RO\",\"potentialAction\":[{\"@type\":\"ReadAction\",\"target\":[\"https:\/\/qqpets.com\/product\/reversible-dog-harness\/\"]}]},{\"@type\":\"ImageObject\",\"inLanguage\":\"ro-RO\",\"@id\":\"https:\/\/qqpets.com\/product\/reversible-dog-harness\/#primaryimage\",\"url\":\"https:\/\/qqpets.com\/wp-content\/uploads\/2024\/09\/Reversible-dog-Harness1-2.webp\",\"contentUrl\":\"https:\/\/qqpets.com\/wp-content\/uploads\/2024\/09\/Reversible-dog-Harness1-2.webp\",\"width\":1000,\"height\":1000,\"caption\":\"Reversible-dog-Harness1 (2)\"},{\"@type\":\"BreadcrumbList\",\"@id\":\"https:\/\/qqpets.com\/product\/reversible-dog-harness\/#breadcrumb\",\"itemListElement\":[{\"@type\":\"ListItem\",\"position\":1,\"name\":\"Home\",\"item\":\"https:\/\/qqpets.com\/\"},{\"@type\":\"ListItem\",\"position\":2,\"name\":\"Products\",\"item\":\"https:\/\/qqpets.com\/pet-products-manufacturer\/\"},{\"@type\":\"ListItem\",\"position\":3,\"name\":\"Reversible Dog Harness\"}]},{\"@type\":\"WebSite\",\"@id\":\"https:\/\/qqpets.com\/#website\",\"url\":\"https:\/\/qqpets.com\/\",\"name\":\"QQPETS\",\"description\":\"QQPETS is a pet products factory for dog harnesses, dog collars, dog leashes and dog accessories with professional customized service since 2005.\",\"publisher\":{\"@id\":\"https:\/\/qqpets.com\/#organization\"},\"potentialAction\":[{\"@type\":\"SearchAction\",\"target\":{\"@type\":\"EntryPoint\",\"urlTemplate\":\"https:\/\/qqpets.com\/?s={search_term_string}\"},\"query-input\":{\"@type\":\"PropertyValueSpecification\",\"valueRequired\":true,\"valueName\":\"search_term_string\"}}],\"inLanguage\":\"ro-RO\"},{\"@type\":\"Organization\",\"@id\":\"https:\/\/qqpets.com\/#organization\",\"name\":\"QQPETS\",\"url\":\"https:\/\/qqpets.com\/\",\"logo\":{\"@type\":\"ImageObject\",\"inLanguage\":\"ro-RO\",\"@id\":\"https:\/\/qqpets.com\/#\/schema\/logo\/image\/\",\"url\":\"https:\/\/qqpets.com\/wp-content\/uploads\/2023\/09\/cropped-cropped-qqpets-tiktok.jpg\",\"contentUrl\":\"https:\/\/qqpets.com\/wp-content\/uploads\/2023\/09\/cropped-cropped-qqpets-tiktok.jpg\",\"width\":511,\"height\":511,\"caption\":\"QQPETS\"},\"image\":{\"@id\":\"https:\/\/qqpets.com\/#\/schema\/logo\/image\/\"},\"sameAs\":[\"https:\/\/www.facebook.com\/QQpetsdogcollars\",\"https:\/\/www.instagram.com\/qqpetscollar\/\",\"https:\/\/www.pinterest.com\/qqpetsdogcollarsfactory\/\"]}]}<\/script>\n<!-- \/ Yoast SEO plugin. -->","yoast_head_json":{"title":"Reversibil Dog Harness | QQPETS","description":"Schimb\u0103-\u021bi stilul cu hamul nostru reversibil pentru c\u00e2ini. Dou\u0103 look-uri \u00een unul pentru fiecare aventur\u0103. Cump\u0103r\u0103 acum pentru versatilitate!","robots":{"index":"index","follow":"follow","max-snippet":"max-snippet:-1","max-image-preview":"max-image-preview:large","max-video-preview":"max-video-preview:-1"},"canonical":"https:\/\/qqpets.com\/ro\/produs\/reversible-dog-harness\/","og_locale":"ro_RO","og_type":"article","og_title":"Reversible Dog Harness | QQPETS","og_description":"Switch up your style with our Reversible Dog Harness. Two looks in one for every adventure. Shop now for versatility!","og_url":"https:\/\/qqpets.com\/ro\/produs\/reversible-dog-harness\/","og_site_name":"QQPETS","article_publisher":"https:\/\/www.facebook.com\/QQpetsdogcollars","article_modified_time":"2024-09-24T09:22:01+00:00","og_image":[{"width":1000,"height":1000,"url":"https:\/\/qqpets.com\/wp-content\/uploads\/2024\/09\/Reversible-dog-Harness1-2.webp","type":"image\/webp"}],"twitter_card":"summary_large_image","twitter_misc":{"Timp estimat pentru citire":"3 minute"},"schema":{"@context":"https:\/\/schema.org","@graph":[{"@type":"WebPage","@id":"https:\/\/qqpets.com\/product\/reversible-dog-harness\/","url":"https:\/\/qqpets.com\/product\/reversible-dog-harness\/","name":"Reversibil Dog Harness | QQPETS","isPartOf":{"@id":"https:\/\/qqpets.com\/#website"},"primaryImageOfPage":{"@id":"https:\/\/qqpets.com\/product\/reversible-dog-harness\/#primaryimage"},"image":{"@id":"https:\/\/qqpets.com\/product\/reversible-dog-harness\/#primaryimage"},"thumbnailUrl":"https:\/\/qqpets.com\/wp-content\/uploads\/2024\/09\/Reversible-dog-Harness1-2.webp","datePublished":"2024-09-20T03:32:59+00:00","dateModified":"2024-09-24T09:22:01+00:00","description":"Schimb\u0103-\u021bi stilul cu hamul nostru reversibil pentru c\u00e2ini. Dou\u0103 look-uri \u00een unul pentru fiecare aventur\u0103. Cump\u0103r\u0103 acum pentru versatilitate!","breadcrumb":{"@id":"https:\/\/qqpets.com\/product\/reversible-dog-harness\/#breadcrumb"},"inLanguage":"ro-RO","potentialAction":[{"@type":"ReadAction","target":["https:\/\/qqpets.com\/product\/reversible-dog-harness\/"]}]},{"@type":"ImageObject","inLanguage":"ro-RO","@id":"https:\/\/qqpets.com\/product\/reversible-dog-harness\/#primaryimage","url":"https:\/\/qqpets.com\/wp-content\/uploads\/2024\/09\/Reversible-dog-Harness1-2.webp","contentUrl":"https:\/\/qqpets.com\/wp-content\/uploads\/2024\/09\/Reversible-dog-Harness1-2.webp","width":1000,"height":1000,"caption":"Reversible-dog-Harness1 (2)"},{"@type":"BreadcrumbList","@id":"https:\/\/qqpets.com\/product\/reversible-dog-harness\/#breadcrumb","itemListElement":[{"@type":"ListItem","position":1,"name":"Home","item":"https:\/\/qqpets.com\/"},{"@type":"ListItem","position":2,"name":"Products","item":"https:\/\/qqpets.com\/pet-products-manufacturer\/"},{"@type":"ListItem","position":3,"name":"Reversible Dog Harness"}]},{"@type":"WebSite","@id":"https:\/\/qqpets.com\/#website","url":"https:\/\/qqpets.com\/","name":"QQPETS","description":"QQPETS este o fabric\u0103 de produse pentru animale de companie pentru hamuri pentru c\u00e2ini, gulere pentru c\u00e2ini, lese pentru c\u00e2ini \u0219i accesorii pentru c\u00e2ini cu servicii profesionale personalizate din 2005.","publisher":{"@id":"https:\/\/qqpets.com\/#organization"},"potentialAction":[{"@type":"SearchAction","target":{"@type":"EntryPoint","urlTemplate":"https:\/\/qqpets.com\/?s={search_term_string}"},"query-input":{"@type":"PropertyValueSpecification","valueRequired":true,"valueName":"search_term_string"}}],"inLanguage":"ro-RO"},{"@type":"Organization","@id":"https:\/\/qqpets.com\/#organization","name":"QQPETS","url":"https:\/\/qqpets.com\/","logo":{"@type":"ImageObject","inLanguage":"ro-RO","@id":"https:\/\/qqpets.com\/#\/schema\/logo\/image\/","url":"https:\/\/qqpets.com\/wp-content\/uploads\/2023\/09\/cropped-cropped-qqpets-tiktok.jpg","contentUrl":"https:\/\/qqpets.com\/wp-content\/uploads\/2023\/09\/cropped-cropped-qqpets-tiktok.jpg","width":511,"height":511,"caption":"QQPETS"},"image":{"@id":"https:\/\/qqpets.com\/#\/schema\/logo\/image\/"},"sameAs":["https:\/\/www.facebook.com\/QQpetsdogcollars","https:\/\/www.instagram.com\/qqpetscollar\/","https:\/\/www.pinterest.com\/qqpetsdogcollarsfactory\/"]}]}},"_links":{"self":[{"href":"https:\/\/qqpets.com\/ro\/wp-json\/wp\/v2\/product\/8041","targetHints":{"allow":["GET"]}}],"collection":[{"href":"https:\/\/qqpets.com\/ro\/wp-json\/wp\/v2\/product"}],"about":[{"href":"https:\/\/qqpets.com\/ro\/wp-json\/wp\/v2\/types\/product"}],"wp:featuredmedia":[{"embeddable":true,"href":"https:\/\/qqpets.com\/ro\/wp-json\/wp\/v2\/media\/8227"}],"wp:attachment":[{"href":"https:\/\/qqpets.com\/ro\/wp-json\/wp\/v2\/media?parent=8041"}],"wp:term":[{"taxonomy":"product_brand","embeddable":true,"href":"https:\/\/qqpets.com\/ro\/wp-json\/wp\/v2\/product_brand?post=8041"},{"taxonomy":"product_cat","embeddable":true,"href":"https:\/\/qqpets.com\/ro\/wp-json\/wp\/v2\/product_cat?post=8041"},{"taxonomy":"product_tag","embeddable":true,"href":"https:\/\/qqpets.com\/ro\/wp-json\/wp\/v2\/product_tag?post=8041"}],"curies":[{"name":"wp","href":"https:\/\/api.w.org\/{rel}","templated":true}]}}