{"id":8076,"date":"2024-09-20T16:26:25","date_gmt":"2024-09-20T08:26:25","guid":{"rendered":"https:\/\/qqpets.com\/?post_type=product&#038;p=8076"},"modified":"2024-09-20T16:26:25","modified_gmt":"2024-09-20T08:26:25","slug":"waterproof-dog-harness-leash-collar-set","status":"publish","type":"product","link":"https:\/\/qqpets.com\/ro\/produs\/waterproof-dog-harness-leash-collar-set\/","title":{"rendered":"C\u00e2ine impermeabil Harness Leash Collar Set"},"content":{"rendered":"<p>V\u0103 prezent\u0103m setul nostru all-in-one Waterproof Dog Harness Leash Collar Set, solu\u021bia suprem\u0103 pentru proprietarii de animale care nu las\u0103 vremea s\u0103 le dicteze aventurile \u00een aer liber. Acest set complet asigur\u0103 c\u0103 c\u00e2inele dvs. este echipat pentru orice condi\u021bii, indiferent dac\u0103 plou\u0103 sau str\u0103luce\u0219te.<\/p>\n<p><strong>Caracteristici principale:<\/strong><\/p>\n<ul>\n<li><strong>Materiale impermeabile:<\/strong> Fiecare component\u0103 este fabricat\u0103 din materiale impermeabile care previn absorb\u021bia umezelii, men\u021bin\u00e2ndu-v\u0103 c\u00e2inele uscat \u0219i confortabil \u00een timpul plimb\u0103rilor ploioase sau \u00een medii noroioase.<\/li>\n<li><strong>Reglabil Se potrive\u0219te:<\/strong> Hamul \u0219i zgarda dispun de curele complet reglabile pentru a asigura o potrivire confortabil\u0103 \u0219i sigur\u0103 pentru c\u00e2inii de toate dimensiunile. Aceast\u0103 adaptabilitate previne alunecarea \u0219i disconfortul, sporind siguran\u021ba \u0219i pl\u0103cerea plimb\u0103rilor dumneavoastr\u0103.<\/li>\n<li><strong>Design durabil:<\/strong> Construit pentru a dura, setul nostru utilizeaz\u0103 materiale de \u00eenalt\u0103 calitate care rezist\u0103 la uzur\u0103. Feroneria robust\u0103 asigur\u0103 c\u0103 lesa, zgarda \u0219i hamul vor rezista cerin\u021belor riguroase ale animalelor de companie active.<\/li>\n<li><strong>Confort \u0219i control:<\/strong> Harna\u0219amentul distribuie uniform presiunea pe pieptul \u0219i spatele c\u00e2inelui, reduc\u00e2nd tensiunea pe g\u00e2t \u0219i oferindu-v\u0103 un control mai bun \u00een timpul plimb\u0103rilor.<\/li>\n<li><strong>\u00centre\u021binere u\u0219oar\u0103:<\/strong> Conceput din punct de vedere practic, \u00eentregul set este u\u0219or de cur\u0103\u021bat \u0219i de uscat rapid, ceea ce face ca \u00eentre\u021binerea s\u0103 fie floare la ureche dup\u0103 acele ie\u0219iri \u00een noroi sau ude.<\/li>\n<\/ul>\n<p>Perfect pentru cei care se bucur\u0103 de plimb\u0103ri zilnice, indiferent de vreme, setul nostru impermeabil de hamuri pentru c\u00e2ini, les\u0103 \u0219i guler este conceput pentru a v\u0103 men\u021bine c\u00e2inele confortabil, sigur \u0219i elegant. Fie c\u0103 explora\u021bi str\u0103zile ora\u0219ului \u00een zilele cu ploaie toren\u021bial\u0103 sau v\u0103 aventura\u021bi pe poteci umede, acest set va men\u021bine animalul dvs. de companie preg\u0103tit \u0219i protejat, asigur\u00e2ndu-se c\u0103 vremea nu va pune niciodat\u0103 piedici timpului petrecut \u00eempreun\u0103.<\/p>\n<p>Alege\u021bi setul nostru impermeabil de hamuri pentru c\u00e2ini, les\u0103 \u0219i guler pentru un amestec de func\u021bionalitate, stil \u0219i durabilitate, asigur\u00e2ndu-v\u0103 c\u0103 animalul dvs. de companie se bucur\u0103 de fiecare excursie \u00een aer liber confortabil \u0219i \u00een stil.<\/p>","protected":false},"excerpt":{"rendered":"<p>Preg\u0103ti\u021bi-v\u0103 pentru orice vreme cu setul nostru de hamuri impermeabile pentru c\u00e2ini cu les\u0103 \u0219i guler. Conceput pentru a rezista intemperiilor, acest set include un ham, o les\u0103 \u0219i o zgard\u0103 impermeabile, asigur\u00e2ndu-se c\u0103 animalul dvs. de companie r\u0103m\u00e2ne confortabil \u0219i uscat, chiar \u0219i \u00een condi\u021bii umede. Reglabil pentru o potrivire perfect\u0103 \u0219i fabricat din materiale durabile, ofer\u0103 control sporit \u0219i siguran\u021b\u0103 pentru plimb\u0103rile zilnice. Ideal pentru zile ploioase sau trasee noroioase, v\u0103 men\u021bine animalul de companie preg\u0103tit pentru aventurile \u00een aer liber, men\u021bin\u00e2nd \u00een acela\u0219i timp o \u00eengrijire u\u0219oar\u0103 \u0219i o durabilitate ridicat\u0103<\/p>","protected":false},"featured_media":8077,"template":"","meta":[],"product_brand":[],"product_cat":[23],"product_tag":[],"class_list":{"0":"post-8076","1":"product","2":"type-product","3":"status-publish","4":"has-post-thumbnail","6":"product_cat-dog-harness","7":"pa_brand-qqpets","9":"first","10":"instock","11":"shipping-taxable","12":"product-type-simple"},"yoast_head":"<!-- This site is optimized with the Yoast SEO plugin v26.6 - https:\/\/yoast.com\/wordpress\/plugins\/seo\/ -->\n<title>Waterproof Dog Harness Leash Collar Set | QQPETS<\/title>\n<meta name=\"description\" content=\"Explore our Waterproof Dog Harness Leash Collar Set for all-weather adventures. Durable, stylish, and practical!\" \/>\n<meta name=\"robots\" content=\"index, follow, max-snippet:-1, max-image-preview:large, max-video-preview:-1\" \/>\n<link rel=\"canonical\" href=\"https:\/\/qqpets.com\/ro\/produs\/waterproof-dog-harness-leash-collar-set\/\" \/>\n<meta property=\"og:locale\" content=\"ro_RO\" \/>\n<meta property=\"og:type\" content=\"article\" \/>\n<meta property=\"og:title\" content=\"Waterproof Dog Harness Leash Collar Set | QQPETS\" \/>\n<meta property=\"og:description\" content=\"Explore our Waterproof Dog Harness Leash Collar Set for all-weather adventures. Durable, stylish, and practical!\" \/>\n<meta property=\"og:url\" content=\"https:\/\/qqpets.com\/ro\/produs\/waterproof-dog-harness-leash-collar-set\/\" \/>\n<meta property=\"og:site_name\" content=\"QQPETS\" \/>\n<meta property=\"article:publisher\" content=\"https:\/\/www.facebook.com\/QQpetsdogcollars\" \/>\n<meta property=\"og:image\" content=\"https:\/\/qqpets.com\/wp-content\/uploads\/2024\/09\/waterprood-dog-harness-collar-leash-set1.webp\" \/>\n\t<meta property=\"og:image:width\" content=\"1000\" \/>\n\t<meta property=\"og:image:height\" content=\"1000\" \/>\n\t<meta property=\"og:image:type\" content=\"image\/webp\" \/>\n<meta name=\"twitter:card\" content=\"summary_large_image\" \/>\n<meta name=\"twitter:label1\" content=\"Timp estimat pentru citire\" \/>\n\t<meta name=\"twitter:data1\" content=\"2 minute\" \/>\n<script type=\"application\/ld+json\" class=\"yoast-schema-graph\">{\"@context\":\"https:\/\/schema.org\",\"@graph\":[{\"@type\":\"WebPage\",\"@id\":\"https:\/\/qqpets.com\/product\/waterproof-dog-harness-leash-collar-set\/\",\"url\":\"https:\/\/qqpets.com\/product\/waterproof-dog-harness-leash-collar-set\/\",\"name\":\"Waterproof Dog Harness Leash Collar Set | QQPETS\",\"isPartOf\":{\"@id\":\"https:\/\/qqpets.com\/#website\"},\"primaryImageOfPage\":{\"@id\":\"https:\/\/qqpets.com\/product\/waterproof-dog-harness-leash-collar-set\/#primaryimage\"},\"image\":{\"@id\":\"https:\/\/qqpets.com\/product\/waterproof-dog-harness-leash-collar-set\/#primaryimage\"},\"thumbnailUrl\":\"https:\/\/qqpets.com\/wp-content\/uploads\/2024\/09\/waterprood-dog-harness-collar-leash-set1.webp\",\"datePublished\":\"2024-09-20T08:26:25+00:00\",\"description\":\"Explore our Waterproof Dog Harness Leash Collar Set for all-weather adventures. Durable, stylish, and practical!\",\"breadcrumb\":{\"@id\":\"https:\/\/qqpets.com\/product\/waterproof-dog-harness-leash-collar-set\/#breadcrumb\"},\"inLanguage\":\"ro-RO\",\"potentialAction\":[{\"@type\":\"ReadAction\",\"target\":[\"https:\/\/qqpets.com\/product\/waterproof-dog-harness-leash-collar-set\/\"]}]},{\"@type\":\"ImageObject\",\"inLanguage\":\"ro-RO\",\"@id\":\"https:\/\/qqpets.com\/product\/waterproof-dog-harness-leash-collar-set\/#primaryimage\",\"url\":\"https:\/\/qqpets.com\/wp-content\/uploads\/2024\/09\/waterprood-dog-harness-collar-leash-set1.webp\",\"contentUrl\":\"https:\/\/qqpets.com\/wp-content\/uploads\/2024\/09\/waterprood-dog-harness-collar-leash-set1.webp\",\"width\":1000,\"height\":1000},{\"@type\":\"BreadcrumbList\",\"@id\":\"https:\/\/qqpets.com\/product\/waterproof-dog-harness-leash-collar-set\/#breadcrumb\",\"itemListElement\":[{\"@type\":\"ListItem\",\"position\":1,\"name\":\"Home\",\"item\":\"https:\/\/qqpets.com\/\"},{\"@type\":\"ListItem\",\"position\":2,\"name\":\"Products\",\"item\":\"https:\/\/qqpets.com\/pet-products-manufacturer\/\"},{\"@type\":\"ListItem\",\"position\":3,\"name\":\"Waterproof Dog Harness Leash Collar Set\"}]},{\"@type\":\"WebSite\",\"@id\":\"https:\/\/qqpets.com\/#website\",\"url\":\"https:\/\/qqpets.com\/\",\"name\":\"QQPETS\",\"description\":\"QQPETS is a pet products factory for dog harnesses, dog collars, dog leashes and dog accessories with professional customized service since 2005.\",\"publisher\":{\"@id\":\"https:\/\/qqpets.com\/#organization\"},\"potentialAction\":[{\"@type\":\"SearchAction\",\"target\":{\"@type\":\"EntryPoint\",\"urlTemplate\":\"https:\/\/qqpets.com\/?s={search_term_string}\"},\"query-input\":{\"@type\":\"PropertyValueSpecification\",\"valueRequired\":true,\"valueName\":\"search_term_string\"}}],\"inLanguage\":\"ro-RO\"},{\"@type\":\"Organization\",\"@id\":\"https:\/\/qqpets.com\/#organization\",\"name\":\"QQPETS\",\"url\":\"https:\/\/qqpets.com\/\",\"logo\":{\"@type\":\"ImageObject\",\"inLanguage\":\"ro-RO\",\"@id\":\"https:\/\/qqpets.com\/#\/schema\/logo\/image\/\",\"url\":\"https:\/\/qqpets.com\/wp-content\/uploads\/2023\/09\/cropped-cropped-qqpets-tiktok.jpg\",\"contentUrl\":\"https:\/\/qqpets.com\/wp-content\/uploads\/2023\/09\/cropped-cropped-qqpets-tiktok.jpg\",\"width\":511,\"height\":511,\"caption\":\"QQPETS\"},\"image\":{\"@id\":\"https:\/\/qqpets.com\/#\/schema\/logo\/image\/\"},\"sameAs\":[\"https:\/\/www.facebook.com\/QQpetsdogcollars\",\"https:\/\/www.instagram.com\/qqpetscollar\/\",\"https:\/\/www.pinterest.com\/qqpetsdogcollarsfactory\/\"]}]}<\/script>\n<!-- \/ Yoast SEO plugin. -->","yoast_head_json":{"title":"C\u00e2ine impermeabil Harness Leash Collar Set | QQPETS","description":"Explora\u021bi setul nostru impermeabil de hamuri pentru c\u00e2ini, les\u0103 \u0219i guler pentru aventuri pe orice vreme. Durabil, elegant \u0219i practic!","robots":{"index":"index","follow":"follow","max-snippet":"max-snippet:-1","max-image-preview":"max-image-preview:large","max-video-preview":"max-video-preview:-1"},"canonical":"https:\/\/qqpets.com\/ro\/produs\/waterproof-dog-harness-leash-collar-set\/","og_locale":"ro_RO","og_type":"article","og_title":"Waterproof Dog Harness Leash Collar Set | QQPETS","og_description":"Explore our Waterproof Dog Harness Leash Collar Set for all-weather adventures. Durable, stylish, and practical!","og_url":"https:\/\/qqpets.com\/ro\/produs\/waterproof-dog-harness-leash-collar-set\/","og_site_name":"QQPETS","article_publisher":"https:\/\/www.facebook.com\/QQpetsdogcollars","og_image":[{"width":1000,"height":1000,"url":"https:\/\/qqpets.com\/wp-content\/uploads\/2024\/09\/waterprood-dog-harness-collar-leash-set1.webp","type":"image\/webp"}],"twitter_card":"summary_large_image","twitter_misc":{"Timp estimat pentru citire":"2 minute"},"schema":{"@context":"https:\/\/schema.org","@graph":[{"@type":"WebPage","@id":"https:\/\/qqpets.com\/product\/waterproof-dog-harness-leash-collar-set\/","url":"https:\/\/qqpets.com\/product\/waterproof-dog-harness-leash-collar-set\/","name":"C\u00e2ine impermeabil Harness Leash Collar Set | QQPETS","isPartOf":{"@id":"https:\/\/qqpets.com\/#website"},"primaryImageOfPage":{"@id":"https:\/\/qqpets.com\/product\/waterproof-dog-harness-leash-collar-set\/#primaryimage"},"image":{"@id":"https:\/\/qqpets.com\/product\/waterproof-dog-harness-leash-collar-set\/#primaryimage"},"thumbnailUrl":"https:\/\/qqpets.com\/wp-content\/uploads\/2024\/09\/waterprood-dog-harness-collar-leash-set1.webp","datePublished":"2024-09-20T08:26:25+00:00","description":"Explora\u021bi setul nostru impermeabil de hamuri pentru c\u00e2ini, les\u0103 \u0219i guler pentru aventuri pe orice vreme. Durabil, elegant \u0219i practic!","breadcrumb":{"@id":"https:\/\/qqpets.com\/product\/waterproof-dog-harness-leash-collar-set\/#breadcrumb"},"inLanguage":"ro-RO","potentialAction":[{"@type":"ReadAction","target":["https:\/\/qqpets.com\/product\/waterproof-dog-harness-leash-collar-set\/"]}]},{"@type":"ImageObject","inLanguage":"ro-RO","@id":"https:\/\/qqpets.com\/product\/waterproof-dog-harness-leash-collar-set\/#primaryimage","url":"https:\/\/qqpets.com\/wp-content\/uploads\/2024\/09\/waterprood-dog-harness-collar-leash-set1.webp","contentUrl":"https:\/\/qqpets.com\/wp-content\/uploads\/2024\/09\/waterprood-dog-harness-collar-leash-set1.webp","width":1000,"height":1000},{"@type":"BreadcrumbList","@id":"https:\/\/qqpets.com\/product\/waterproof-dog-harness-leash-collar-set\/#breadcrumb","itemListElement":[{"@type":"ListItem","position":1,"name":"Home","item":"https:\/\/qqpets.com\/"},{"@type":"ListItem","position":2,"name":"Products","item":"https:\/\/qqpets.com\/pet-products-manufacturer\/"},{"@type":"ListItem","position":3,"name":"Waterproof Dog Harness Leash Collar Set"}]},{"@type":"WebSite","@id":"https:\/\/qqpets.com\/#website","url":"https:\/\/qqpets.com\/","name":"QQPETS","description":"QQPETS este o fabric\u0103 de produse pentru animale de companie pentru hamuri pentru c\u00e2ini, gulere pentru c\u00e2ini, lese pentru c\u00e2ini \u0219i accesorii pentru c\u00e2ini cu servicii profesionale personalizate din 2005.","publisher":{"@id":"https:\/\/qqpets.com\/#organization"},"potentialAction":[{"@type":"SearchAction","target":{"@type":"EntryPoint","urlTemplate":"https:\/\/qqpets.com\/?s={search_term_string}"},"query-input":{"@type":"PropertyValueSpecification","valueRequired":true,"valueName":"search_term_string"}}],"inLanguage":"ro-RO"},{"@type":"Organization","@id":"https:\/\/qqpets.com\/#organization","name":"QQPETS","url":"https:\/\/qqpets.com\/","logo":{"@type":"ImageObject","inLanguage":"ro-RO","@id":"https:\/\/qqpets.com\/#\/schema\/logo\/image\/","url":"https:\/\/qqpets.com\/wp-content\/uploads\/2023\/09\/cropped-cropped-qqpets-tiktok.jpg","contentUrl":"https:\/\/qqpets.com\/wp-content\/uploads\/2023\/09\/cropped-cropped-qqpets-tiktok.jpg","width":511,"height":511,"caption":"QQPETS"},"image":{"@id":"https:\/\/qqpets.com\/#\/schema\/logo\/image\/"},"sameAs":["https:\/\/www.facebook.com\/QQpetsdogcollars","https:\/\/www.instagram.com\/qqpetscollar\/","https:\/\/www.pinterest.com\/qqpetsdogcollarsfactory\/"]}]}},"_links":{"self":[{"href":"https:\/\/qqpets.com\/ro\/wp-json\/wp\/v2\/product\/8076","targetHints":{"allow":["GET"]}}],"collection":[{"href":"https:\/\/qqpets.com\/ro\/wp-json\/wp\/v2\/product"}],"about":[{"href":"https:\/\/qqpets.com\/ro\/wp-json\/wp\/v2\/types\/product"}],"wp:featuredmedia":[{"embeddable":true,"href":"https:\/\/qqpets.com\/ro\/wp-json\/wp\/v2\/media\/8077"}],"wp:attachment":[{"href":"https:\/\/qqpets.com\/ro\/wp-json\/wp\/v2\/media?parent=8076"}],"wp:term":[{"taxonomy":"product_brand","embeddable":true,"href":"https:\/\/qqpets.com\/ro\/wp-json\/wp\/v2\/product_brand?post=8076"},{"taxonomy":"product_cat","embeddable":true,"href":"https:\/\/qqpets.com\/ro\/wp-json\/wp\/v2\/product_cat?post=8076"},{"taxonomy":"product_tag","embeddable":true,"href":"https:\/\/qqpets.com\/ro\/wp-json\/wp\/v2\/product_tag?post=8076"}],"curies":[{"name":"wp","href":"https:\/\/api.w.org\/{rel}","templated":true}]}}