{"id":8086,"date":"2024-09-20T17:52:18","date_gmt":"2024-09-20T09:52:18","guid":{"rendered":"https:\/\/qqpets.com\/?post_type=product&#038;p=8086"},"modified":"2024-11-13T14:04:02","modified_gmt":"2024-11-13T06:04:02","slug":"reflective-dog-harness-with-handle","status":"publish","type":"product","link":"https:\/\/qqpets.com\/ro\/produs\/reflective-dog-harness-with-handle\/","title":{"rendered":"Nu trage reflectorizant Dog Harness cu m\u00e2ner"},"content":{"rendered":"<p>Introduce\u021bi un nou nivel de antrenament \u0219i confort \u00een rutina c\u00e2inelui dvs. cu hamul nostru reflectorizant pentru c\u00e2ini No Pull Training cu m\u00e2ner. Acest ham premium este special conceput pentru a descuraja tragerea, f\u0103c\u00e2nd plimb\u0103rile \u0219i sesiunile de antrenament mai pl\u0103cute \u0219i mai pu\u021bin stresante at\u00e2t pentru dvs. c\u00e2t \u0219i pentru animalul dvs. de companie.<\/p>\n<p><strong>Caracteristici principale:<\/strong><\/p>\n<ul>\n<li><strong>Benzi reflectorizante:<\/strong> Pentru mai mult\u0103 siguran\u021b\u0103 \u00een timpul plimb\u0103rilor nocturne, hamul are benzi reflectorizante care asigur\u0103 vizibilitatea c\u00e2inelui de la distan\u021b\u0103 \u00een condi\u021bii de lumin\u0103 sc\u0103zut\u0103.<\/li>\n<li><strong>M\u00e2ner robust:<\/strong> M\u00e2nerul \u00eencorporat ofer\u0103 un control suplimentar \u00een timpul sesiunilor de dresaj sau atunci c\u00e2nd trebuie s\u0103 v\u0103 ghida\u021bi c\u00e2inele \u00eendeaproape, oferind o re\u021binere imediat\u0103 \u0219i delicat\u0103.<\/li>\n<li><strong>Nu Trage\u021bi Design:<\/strong> Prin distribuirea uniform\u0103 a presiunii pe pieptul c\u00e2inelui, mai degrab\u0103 dec\u00e2t pe g\u00e2t, acest ham previne sufocarea \u0219i reduce instinctul de a trage, favoriz\u00e2nd o experien\u021b\u0103 de plimbare mai pl\u0103cut\u0103.<\/li>\n<li><strong>Materiale durabile:<\/strong> Fabricat din \u021bes\u0103turi de \u00eenalt\u0103 calitate care rezist\u0103 uzurii zilnice, hamul este at\u00e2t durabil, c\u00e2t \u0219i confortabil, cu c\u0103ptu\u0219eal\u0103 moale pentru a proteja pielea c\u00e2inelui dvs.<\/li>\n<li><strong>Reglabil Se potrive\u0219te:<\/strong> Curelele complet reglabile v\u0103 permit s\u0103 personaliza\u021bi ajustarea la dimensiunea unic\u0103 a c\u00e2inelui dvs., asigur\u00e2nd confort \u0219i siguran\u021b\u0103 \u00een timpul oric\u0103rei activit\u0103\u021bi.<\/li>\n<li><strong>Utilizare versatil\u0103:<\/strong> Ideal pentru plimb\u0103rile de zi cu zi, sesiunile de antrenament riguroase \u0219i orice altceva \u00eentre acestea, acest ham satisface nevoile diverse ale animalelor de companie active \u0219i ale st\u0103p\u00e2nilor acestora.<\/li>\n<\/ul>\n<p>Harna\u0219amentul nostru reflectorizant pentru c\u00e2ini No Pull Training cu m\u00e2ner este mai mult dec\u00e2t un instrument pentru gestionarea animalului dvs. de companie; este o investi\u021bie \u00een \u00eembun\u0103t\u0103\u021birea calit\u0103\u021bii aventurilor dvs. \u00een aer liber. Asigur\u0103 siguran\u021b\u0103, confort \u0219i control, ceea ce \u00eel face un must-have pentru proprietarii de animale con\u0219tiincio\u0219i, dedica\u021bi oferirii celei mai bune \u00eengrijiri \u0219i antrenamente pentru c\u00e2inii lor. Echipa\u021bi-v\u0103 prietenul bl\u0103nos cu hamul nostru \u0219i transforma\u021bi-v\u0103 sesiunile de antrenament \u0219i plimb\u0103rile \u00een activit\u0103\u021bi pl\u0103cute, complet lipsite de stres.<\/p>","protected":false},"excerpt":{"rendered":"<p>St\u0103p\u00e2ne\u0219te antrenamentul \u0219i plimb\u0103rile cu hamul nostru reflectorizant pentru c\u00e2ini No Pull, prev\u0103zut cu un m\u00e2ner robust pentru un control sporit. Acest ham este conceput pentru a distribui uniform presiunea pe piept, prevenind sufocarea \u0219i reduc\u00e2nd trac\u021biunea. Confec\u021bionat din materiale durabile cu benzi reflectorizante pentru siguran\u021b\u0103 pe timp de noapte, acesta ofer\u0103 at\u00e2t rezisten\u021b\u0103, c\u00e2t \u0219i vizibilitate. Curelele reglabile asigur\u0103 o potrivire perfect\u0103, f\u0103c\u00e2ndu-l potrivit pentru toate rasele. Ideal\u0103 pentru plimb\u0103rile zilnice \u0219i sesiunile de antrenament, aceasta promoveaz\u0103 o mai bun\u0103 m\u00e2nuire \u0219i ie\u0219iri mai sigure \u0219i mai pl\u0103cute.<\/p>","protected":false},"featured_media":8087,"template":"","meta":[],"product_brand":[],"product_cat":[23],"product_tag":[],"class_list":{"0":"post-8086","1":"product","2":"type-product","3":"status-publish","4":"has-post-thumbnail","6":"product_cat-dog-harness","7":"pa_brand-qqpets","9":"first","10":"instock","11":"shipping-taxable","12":"product-type-simple"},"yoast_head":"<!-- This site is optimized with the Yoast SEO plugin v26.6 - https:\/\/yoast.com\/wordpress\/plugins\/seo\/ -->\n<title>No Pull Reflective Dog Harness With Handle | QQPETS<\/title>\n<meta name=\"description\" content=\"Train with ease using our No Pull Reflective Dog Harness. Enhanced control and comfort for your pet. Shop now!\" \/>\n<meta name=\"robots\" content=\"index, follow, max-snippet:-1, max-image-preview:large, max-video-preview:-1\" \/>\n<link rel=\"canonical\" href=\"https:\/\/qqpets.com\/ro\/produs\/reflective-dog-harness-with-handle\/\" \/>\n<meta property=\"og:locale\" content=\"ro_RO\" \/>\n<meta property=\"og:type\" content=\"article\" \/>\n<meta property=\"og:title\" content=\"No Pull Reflective Dog Harness With Handle | QQPETS\" \/>\n<meta property=\"og:description\" content=\"Train with ease using our No Pull Reflective Dog Harness. Enhanced control and comfort for your pet. Shop now!\" \/>\n<meta property=\"og:url\" content=\"https:\/\/qqpets.com\/ro\/produs\/reflective-dog-harness-with-handle\/\" \/>\n<meta property=\"og:site_name\" content=\"QQPETS\" \/>\n<meta property=\"article:publisher\" content=\"https:\/\/www.facebook.com\/QQpetsdogcollars\" \/>\n<meta property=\"article:modified_time\" content=\"2024-11-13T06:04:02+00:00\" \/>\n<meta property=\"og:image\" content=\"https:\/\/qqpets.com\/wp-content\/uploads\/2024\/09\/No-Pull-Traning-Reflective-Dog-Harness-With-Handle1.webp\" \/>\n\t<meta property=\"og:image:width\" content=\"1600\" \/>\n\t<meta property=\"og:image:height\" content=\"1600\" \/>\n\t<meta property=\"og:image:type\" content=\"image\/webp\" \/>\n<meta name=\"twitter:card\" content=\"summary_large_image\" \/>\n<meta name=\"twitter:label1\" content=\"Timp estimat pentru citire\" \/>\n\t<meta name=\"twitter:data1\" content=\"2 minute\" \/>\n<script type=\"application\/ld+json\" class=\"yoast-schema-graph\">{\"@context\":\"https:\/\/schema.org\",\"@graph\":[{\"@type\":\"WebPage\",\"@id\":\"https:\/\/qqpets.com\/product\/reflective-dog-harness-with-handle\/\",\"url\":\"https:\/\/qqpets.com\/product\/reflective-dog-harness-with-handle\/\",\"name\":\"No Pull Reflective Dog Harness With Handle | QQPETS\",\"isPartOf\":{\"@id\":\"https:\/\/qqpets.com\/#website\"},\"primaryImageOfPage\":{\"@id\":\"https:\/\/qqpets.com\/product\/reflective-dog-harness-with-handle\/#primaryimage\"},\"image\":{\"@id\":\"https:\/\/qqpets.com\/product\/reflective-dog-harness-with-handle\/#primaryimage\"},\"thumbnailUrl\":\"https:\/\/qqpets.com\/wp-content\/uploads\/2024\/09\/No-Pull-Traning-Reflective-Dog-Harness-With-Handle1.webp\",\"datePublished\":\"2024-09-20T09:52:18+00:00\",\"dateModified\":\"2024-11-13T06:04:02+00:00\",\"description\":\"Train with ease using our No Pull Reflective Dog Harness. Enhanced control and comfort for your pet. Shop now!\",\"breadcrumb\":{\"@id\":\"https:\/\/qqpets.com\/product\/reflective-dog-harness-with-handle\/#breadcrumb\"},\"inLanguage\":\"ro-RO\",\"potentialAction\":[{\"@type\":\"ReadAction\",\"target\":[\"https:\/\/qqpets.com\/product\/reflective-dog-harness-with-handle\/\"]}]},{\"@type\":\"ImageObject\",\"inLanguage\":\"ro-RO\",\"@id\":\"https:\/\/qqpets.com\/product\/reflective-dog-harness-with-handle\/#primaryimage\",\"url\":\"https:\/\/qqpets.com\/wp-content\/uploads\/2024\/09\/No-Pull-Traning-Reflective-Dog-Harness-With-Handle1.webp\",\"contentUrl\":\"https:\/\/qqpets.com\/wp-content\/uploads\/2024\/09\/No-Pull-Traning-Reflective-Dog-Harness-With-Handle1.webp\",\"width\":1600,\"height\":1600},{\"@type\":\"BreadcrumbList\",\"@id\":\"https:\/\/qqpets.com\/product\/reflective-dog-harness-with-handle\/#breadcrumb\",\"itemListElement\":[{\"@type\":\"ListItem\",\"position\":1,\"name\":\"Home\",\"item\":\"https:\/\/qqpets.com\/\"},{\"@type\":\"ListItem\",\"position\":2,\"name\":\"Products\",\"item\":\"https:\/\/qqpets.com\/pet-products-manufacturer\/\"},{\"@type\":\"ListItem\",\"position\":3,\"name\":\"No Pull Reflective Dog Harness With Handle\"}]},{\"@type\":\"WebSite\",\"@id\":\"https:\/\/qqpets.com\/#website\",\"url\":\"https:\/\/qqpets.com\/\",\"name\":\"QQPETS\",\"description\":\"QQPETS is a pet products factory for dog harnesses, dog collars, dog leashes and dog accessories with professional customized service since 2005.\",\"publisher\":{\"@id\":\"https:\/\/qqpets.com\/#organization\"},\"potentialAction\":[{\"@type\":\"SearchAction\",\"target\":{\"@type\":\"EntryPoint\",\"urlTemplate\":\"https:\/\/qqpets.com\/?s={search_term_string}\"},\"query-input\":{\"@type\":\"PropertyValueSpecification\",\"valueRequired\":true,\"valueName\":\"search_term_string\"}}],\"inLanguage\":\"ro-RO\"},{\"@type\":\"Organization\",\"@id\":\"https:\/\/qqpets.com\/#organization\",\"name\":\"QQPETS\",\"url\":\"https:\/\/qqpets.com\/\",\"logo\":{\"@type\":\"ImageObject\",\"inLanguage\":\"ro-RO\",\"@id\":\"https:\/\/qqpets.com\/#\/schema\/logo\/image\/\",\"url\":\"https:\/\/qqpets.com\/wp-content\/uploads\/2023\/09\/cropped-cropped-qqpets-tiktok.jpg\",\"contentUrl\":\"https:\/\/qqpets.com\/wp-content\/uploads\/2023\/09\/cropped-cropped-qqpets-tiktok.jpg\",\"width\":511,\"height\":511,\"caption\":\"QQPETS\"},\"image\":{\"@id\":\"https:\/\/qqpets.com\/#\/schema\/logo\/image\/\"},\"sameAs\":[\"https:\/\/www.facebook.com\/QQpetsdogcollars\",\"https:\/\/www.instagram.com\/qqpetscollar\/\",\"https:\/\/www.pinterest.com\/qqpetsdogcollarsfactory\/\"]}]}<\/script>\n<!-- \/ Yoast SEO plugin. -->","yoast_head_json":{"title":"Nu trage reflectorizant Dog Harness cu m\u00e2ner | QQPETS","description":"Antrena\u021bi cu u\u0219urin\u021b\u0103 folosind hamul nostru reflectorizant pentru c\u00e2ini No Pull. Control \u00eembun\u0103t\u0103\u021bit \u0219i confort pentru animalul dvs. de companie. Cump\u0103ra\u021bi acum!","robots":{"index":"index","follow":"follow","max-snippet":"max-snippet:-1","max-image-preview":"max-image-preview:large","max-video-preview":"max-video-preview:-1"},"canonical":"https:\/\/qqpets.com\/ro\/produs\/reflective-dog-harness-with-handle\/","og_locale":"ro_RO","og_type":"article","og_title":"No Pull Reflective Dog Harness With Handle | QQPETS","og_description":"Train with ease using our No Pull Reflective Dog Harness. Enhanced control and comfort for your pet. Shop now!","og_url":"https:\/\/qqpets.com\/ro\/produs\/reflective-dog-harness-with-handle\/","og_site_name":"QQPETS","article_publisher":"https:\/\/www.facebook.com\/QQpetsdogcollars","article_modified_time":"2024-11-13T06:04:02+00:00","og_image":[{"width":1600,"height":1600,"url":"https:\/\/qqpets.com\/wp-content\/uploads\/2024\/09\/No-Pull-Traning-Reflective-Dog-Harness-With-Handle1.webp","type":"image\/webp"}],"twitter_card":"summary_large_image","twitter_misc":{"Timp estimat pentru citire":"2 minute"},"schema":{"@context":"https:\/\/schema.org","@graph":[{"@type":"WebPage","@id":"https:\/\/qqpets.com\/product\/reflective-dog-harness-with-handle\/","url":"https:\/\/qqpets.com\/product\/reflective-dog-harness-with-handle\/","name":"Nu trage reflectorizant Dog Harness cu m\u00e2ner | QQPETS","isPartOf":{"@id":"https:\/\/qqpets.com\/#website"},"primaryImageOfPage":{"@id":"https:\/\/qqpets.com\/product\/reflective-dog-harness-with-handle\/#primaryimage"},"image":{"@id":"https:\/\/qqpets.com\/product\/reflective-dog-harness-with-handle\/#primaryimage"},"thumbnailUrl":"https:\/\/qqpets.com\/wp-content\/uploads\/2024\/09\/No-Pull-Traning-Reflective-Dog-Harness-With-Handle1.webp","datePublished":"2024-09-20T09:52:18+00:00","dateModified":"2024-11-13T06:04:02+00:00","description":"Antrena\u021bi cu u\u0219urin\u021b\u0103 folosind hamul nostru reflectorizant pentru c\u00e2ini No Pull. Control \u00eembun\u0103t\u0103\u021bit \u0219i confort pentru animalul dvs. de companie. Cump\u0103ra\u021bi acum!","breadcrumb":{"@id":"https:\/\/qqpets.com\/product\/reflective-dog-harness-with-handle\/#breadcrumb"},"inLanguage":"ro-RO","potentialAction":[{"@type":"ReadAction","target":["https:\/\/qqpets.com\/product\/reflective-dog-harness-with-handle\/"]}]},{"@type":"ImageObject","inLanguage":"ro-RO","@id":"https:\/\/qqpets.com\/product\/reflective-dog-harness-with-handle\/#primaryimage","url":"https:\/\/qqpets.com\/wp-content\/uploads\/2024\/09\/No-Pull-Traning-Reflective-Dog-Harness-With-Handle1.webp","contentUrl":"https:\/\/qqpets.com\/wp-content\/uploads\/2024\/09\/No-Pull-Traning-Reflective-Dog-Harness-With-Handle1.webp","width":1600,"height":1600},{"@type":"BreadcrumbList","@id":"https:\/\/qqpets.com\/product\/reflective-dog-harness-with-handle\/#breadcrumb","itemListElement":[{"@type":"ListItem","position":1,"name":"Home","item":"https:\/\/qqpets.com\/"},{"@type":"ListItem","position":2,"name":"Products","item":"https:\/\/qqpets.com\/pet-products-manufacturer\/"},{"@type":"ListItem","position":3,"name":"No Pull Reflective Dog Harness With Handle"}]},{"@type":"WebSite","@id":"https:\/\/qqpets.com\/#website","url":"https:\/\/qqpets.com\/","name":"QQPETS","description":"QQPETS este o fabric\u0103 de produse pentru animale de companie pentru hamuri pentru c\u00e2ini, gulere pentru c\u00e2ini, lese pentru c\u00e2ini \u0219i accesorii pentru c\u00e2ini cu servicii profesionale personalizate din 2005.","publisher":{"@id":"https:\/\/qqpets.com\/#organization"},"potentialAction":[{"@type":"SearchAction","target":{"@type":"EntryPoint","urlTemplate":"https:\/\/qqpets.com\/?s={search_term_string}"},"query-input":{"@type":"PropertyValueSpecification","valueRequired":true,"valueName":"search_term_string"}}],"inLanguage":"ro-RO"},{"@type":"Organization","@id":"https:\/\/qqpets.com\/#organization","name":"QQPETS","url":"https:\/\/qqpets.com\/","logo":{"@type":"ImageObject","inLanguage":"ro-RO","@id":"https:\/\/qqpets.com\/#\/schema\/logo\/image\/","url":"https:\/\/qqpets.com\/wp-content\/uploads\/2023\/09\/cropped-cropped-qqpets-tiktok.jpg","contentUrl":"https:\/\/qqpets.com\/wp-content\/uploads\/2023\/09\/cropped-cropped-qqpets-tiktok.jpg","width":511,"height":511,"caption":"QQPETS"},"image":{"@id":"https:\/\/qqpets.com\/#\/schema\/logo\/image\/"},"sameAs":["https:\/\/www.facebook.com\/QQpetsdogcollars","https:\/\/www.instagram.com\/qqpetscollar\/","https:\/\/www.pinterest.com\/qqpetsdogcollarsfactory\/"]}]}},"_links":{"self":[{"href":"https:\/\/qqpets.com\/ro\/wp-json\/wp\/v2\/product\/8086","targetHints":{"allow":["GET"]}}],"collection":[{"href":"https:\/\/qqpets.com\/ro\/wp-json\/wp\/v2\/product"}],"about":[{"href":"https:\/\/qqpets.com\/ro\/wp-json\/wp\/v2\/types\/product"}],"wp:featuredmedia":[{"embeddable":true,"href":"https:\/\/qqpets.com\/ro\/wp-json\/wp\/v2\/media\/8087"}],"wp:attachment":[{"href":"https:\/\/qqpets.com\/ro\/wp-json\/wp\/v2\/media?parent=8086"}],"wp:term":[{"taxonomy":"product_brand","embeddable":true,"href":"https:\/\/qqpets.com\/ro\/wp-json\/wp\/v2\/product_brand?post=8086"},{"taxonomy":"product_cat","embeddable":true,"href":"https:\/\/qqpets.com\/ro\/wp-json\/wp\/v2\/product_cat?post=8086"},{"taxonomy":"product_tag","embeddable":true,"href":"https:\/\/qqpets.com\/ro\/wp-json\/wp\/v2\/product_tag?post=8086"}],"curies":[{"name":"wp","href":"https:\/\/api.w.org\/{rel}","templated":true}]}}