{"id":8191,"date":"2024-09-24T15:42:45","date_gmt":"2024-09-24T07:42:45","guid":{"rendered":"https:\/\/qqpets.com\/?post_type=product&#038;p=8191"},"modified":"2024-09-24T15:42:45","modified_gmt":"2024-09-24T07:42:45","slug":"qr-code-training-dog-harness","status":"publish","type":"product","link":"https:\/\/qqpets.com\/ro\/produs\/qr-code-training-dog-harness\/","title":{"rendered":"Codul QR de formare a c\u00e2inelui Harness"},"content":{"rendered":"<p>Introduce\u021bi tehnologia de ultim\u0103 or\u0103 \u0219i func\u021bionalitatea robust\u0103 \u00een rutina zilnic\u0103 a animalului dvs. de companie cu harna\u0219amentul nostru QR Code pentru c\u00e2ini. Acest ham combin\u0103 durabilitatea de grad militar cu caracteristici avansate de siguran\u021b\u0103, asigur\u00e2ndu-se c\u0103 animalul dvs. de companie este echipat pentru orice aventur\u0103.<\/p>\n<h5><strong>Caracteristici principale:<\/strong><\/h5>\n<ul>\n<li><strong>Cod QR integrat:<\/strong> Pozi\u021bionat proeminent pe ham, codul QR stocheaz\u0103 informa\u021bii vitale care pot fi accesate instantaneu prin scanare cu un smartphone, perfect pentru identificarea rapid\u0103 \u0219i detalii de urgen\u021b\u0103.<\/li>\n<li><strong>Materiale durabile:<\/strong> Fabricat din \u021bes\u0103turi rezistente, de \u00eenalt\u0103 calitate, cu un model de camuflaj, acest ham este conceput at\u00e2t pentru stil, c\u00e2t \u0219i pentru rezisten\u021b\u0103. Cus\u0103turile rezistente asigur\u0103 c\u0103 poate rezista activit\u0103\u021bilor viguroase.<\/li>\n<li><strong>Confort \u0219i potrivire:<\/strong> C\u0103ptu\u0219eala moale de-a lungul pieptului \u0219i a spatelui ofer\u0103 confort maxim c\u00e2inelui dvs., reduc\u00e2nd irita\u021biile poten\u021biale de la purtarea prelungit\u0103. Curelele reglabile permit o potrivire personalizat\u0103 pentru a se potrivi c\u00e2inilor de diferite dimensiuni.<\/li>\n<li><strong>Accente reflectorizante:<\/strong> Pentru a spori siguran\u021ba \u00een timpul ie\u0219irilor pe timp de noapte sau diminea\u021ba devreme, pe tot hamul sunt \u021besute fire \u0219i elemente reflectorizante, oferind o vizibilitate sporit\u0103.<\/li>\n<li><strong>M\u00e2ner de formare:<\/strong> Un m\u00e2ner robust pe spate v\u0103 ofer\u0103 un control suplimentar \u00een timpul sesiunilor de antrenament sau atunci c\u00e2nd trebuie s\u0103 v\u0103 \u021bine\u021bi c\u00e2inele aproape, ad\u0103ug\u00e2nd un strat suplimentar de siguran\u021b\u0103.<\/li>\n<\/ul>\n<p>Ideal pentru c\u00e2inii activi \u0219i st\u0103p\u00e2nii care apreciaz\u0103 siguran\u021ba \u0219i confortul, hamul nostru pentru c\u00e2ini cu cod QR este un must-have pentru \u00eembun\u0103t\u0103\u021birea experien\u021belor dvs. \u00een aer liber. Nu este doar un ham; este un instrument de siguran\u021b\u0103 esen\u021bial care v\u0103 men\u021bine animalul de companie identificat \u0219i \u00een siguran\u021b\u0103, oriunde a\u021bi merge.<\/p>","protected":false},"excerpt":{"rendered":"<p>Maximiza\u021bi controlul \u0219i siguran\u021ba cu hamul nostru pentru c\u00e2ini QR Code, cu un design durabil \u0219i elegant, cu cod QR integrat pentru identificarea u\u0219oar\u0103 a animalului de companie. Perfect pentru dresaj \u0219i plimb\u0103rile zilnice, acest ham este reglabil \u0219i fabricat din material respirabil \u0219i c\u0103ptu\u0219it pentru confort. Cus\u0103turile sale reflectorizante sporesc vizibilitatea, asigur\u00e2nd siguran\u021ba \u00een condi\u021bii de luminozitate sc\u0103zut\u0103.<\/p>","protected":false},"featured_media":8202,"template":"","meta":[],"product_brand":[],"product_cat":[23],"product_tag":[],"class_list":{"0":"post-8191","1":"product","2":"type-product","3":"status-publish","4":"has-post-thumbnail","6":"product_cat-dog-harness","7":"pa_brand-qqpets","9":"first","10":"instock","11":"shipping-taxable","12":"product-type-simple"},"yoast_head":"<!-- This site is optimized with the Yoast SEO plugin v26.6 - https:\/\/yoast.com\/wordpress\/plugins\/seo\/ -->\n<title>QR Code Training Dog Harness | QQPETS<\/title>\n<meta name=\"description\" content=\"Ensure safety with our QR Code Training Dog Harness. Perfect for training and instant ID. Secure and smart!\" \/>\n<meta name=\"robots\" content=\"index, follow, max-snippet:-1, max-image-preview:large, max-video-preview:-1\" \/>\n<link rel=\"canonical\" href=\"https:\/\/qqpets.com\/ro\/produs\/qr-code-training-dog-harness\/\" \/>\n<meta property=\"og:locale\" content=\"ro_RO\" \/>\n<meta property=\"og:type\" content=\"article\" \/>\n<meta property=\"og:title\" content=\"QR Code Training Dog Harness | QQPETS\" \/>\n<meta property=\"og:description\" content=\"Ensure safety with our QR Code Training Dog Harness. Perfect for training and instant ID. Secure and smart!\" \/>\n<meta property=\"og:url\" content=\"https:\/\/qqpets.com\/ro\/produs\/qr-code-training-dog-harness\/\" \/>\n<meta property=\"og:site_name\" content=\"QQPETS\" \/>\n<meta property=\"article:publisher\" content=\"https:\/\/www.facebook.com\/QQpetsdogcollars\" \/>\n<meta property=\"og:image\" content=\"https:\/\/qqpets.com\/wp-content\/uploads\/2024\/09\/QR-Code-Training-Dog-Harness3.webp\" \/>\n\t<meta property=\"og:image:width\" content=\"1000\" \/>\n\t<meta property=\"og:image:height\" content=\"1000\" \/>\n\t<meta property=\"og:image:type\" content=\"image\/webp\" \/>\n<meta name=\"twitter:card\" content=\"summary_large_image\" \/>\n<meta name=\"twitter:label1\" content=\"Timp estimat pentru citire\" \/>\n\t<meta name=\"twitter:data1\" content=\"2 minute\" \/>\n<script type=\"application\/ld+json\" class=\"yoast-schema-graph\">{\"@context\":\"https:\/\/schema.org\",\"@graph\":[{\"@type\":\"WebPage\",\"@id\":\"https:\/\/qqpets.com\/product\/qr-code-training-dog-harness\/\",\"url\":\"https:\/\/qqpets.com\/product\/qr-code-training-dog-harness\/\",\"name\":\"QR Code Training Dog Harness | QQPETS\",\"isPartOf\":{\"@id\":\"https:\/\/qqpets.com\/#website\"},\"primaryImageOfPage\":{\"@id\":\"https:\/\/qqpets.com\/product\/qr-code-training-dog-harness\/#primaryimage\"},\"image\":{\"@id\":\"https:\/\/qqpets.com\/product\/qr-code-training-dog-harness\/#primaryimage\"},\"thumbnailUrl\":\"https:\/\/qqpets.com\/wp-content\/uploads\/2024\/09\/QR-Code-Training-Dog-Harness3.webp\",\"datePublished\":\"2024-09-24T07:42:45+00:00\",\"description\":\"Ensure safety with our QR Code Training Dog Harness. Perfect for training and instant ID. Secure and smart!\",\"breadcrumb\":{\"@id\":\"https:\/\/qqpets.com\/product\/qr-code-training-dog-harness\/#breadcrumb\"},\"inLanguage\":\"ro-RO\",\"potentialAction\":[{\"@type\":\"ReadAction\",\"target\":[\"https:\/\/qqpets.com\/product\/qr-code-training-dog-harness\/\"]}]},{\"@type\":\"ImageObject\",\"inLanguage\":\"ro-RO\",\"@id\":\"https:\/\/qqpets.com\/product\/qr-code-training-dog-harness\/#primaryimage\",\"url\":\"https:\/\/qqpets.com\/wp-content\/uploads\/2024\/09\/QR-Code-Training-Dog-Harness3.webp\",\"contentUrl\":\"https:\/\/qqpets.com\/wp-content\/uploads\/2024\/09\/QR-Code-Training-Dog-Harness3.webp\",\"width\":1000,\"height\":1000},{\"@type\":\"BreadcrumbList\",\"@id\":\"https:\/\/qqpets.com\/product\/qr-code-training-dog-harness\/#breadcrumb\",\"itemListElement\":[{\"@type\":\"ListItem\",\"position\":1,\"name\":\"Home\",\"item\":\"https:\/\/qqpets.com\/\"},{\"@type\":\"ListItem\",\"position\":2,\"name\":\"Products\",\"item\":\"https:\/\/qqpets.com\/pet-products-manufacturer\/\"},{\"@type\":\"ListItem\",\"position\":3,\"name\":\"QR Code Training Dog Harness\"}]},{\"@type\":\"WebSite\",\"@id\":\"https:\/\/qqpets.com\/#website\",\"url\":\"https:\/\/qqpets.com\/\",\"name\":\"QQPETS\",\"description\":\"QQPETS is a pet products factory for dog harnesses, dog collars, dog leashes and dog accessories with professional customized service since 2005.\",\"publisher\":{\"@id\":\"https:\/\/qqpets.com\/#organization\"},\"potentialAction\":[{\"@type\":\"SearchAction\",\"target\":{\"@type\":\"EntryPoint\",\"urlTemplate\":\"https:\/\/qqpets.com\/?s={search_term_string}\"},\"query-input\":{\"@type\":\"PropertyValueSpecification\",\"valueRequired\":true,\"valueName\":\"search_term_string\"}}],\"inLanguage\":\"ro-RO\"},{\"@type\":\"Organization\",\"@id\":\"https:\/\/qqpets.com\/#organization\",\"name\":\"QQPETS\",\"url\":\"https:\/\/qqpets.com\/\",\"logo\":{\"@type\":\"ImageObject\",\"inLanguage\":\"ro-RO\",\"@id\":\"https:\/\/qqpets.com\/#\/schema\/logo\/image\/\",\"url\":\"https:\/\/qqpets.com\/wp-content\/uploads\/2023\/09\/cropped-cropped-qqpets-tiktok.jpg\",\"contentUrl\":\"https:\/\/qqpets.com\/wp-content\/uploads\/2023\/09\/cropped-cropped-qqpets-tiktok.jpg\",\"width\":511,\"height\":511,\"caption\":\"QQPETS\"},\"image\":{\"@id\":\"https:\/\/qqpets.com\/#\/schema\/logo\/image\/\"},\"sameAs\":[\"https:\/\/www.facebook.com\/QQpetsdogcollars\",\"https:\/\/www.instagram.com\/qqpetscollar\/\",\"https:\/\/www.pinterest.com\/qqpetsdogcollarsfactory\/\"]}]}<\/script>\n<!-- \/ Yoast SEO plugin. -->","yoast_head_json":{"title":"Cod QR de dresaj pentru c\u00e2ini | QQPETS","description":"Asigura\u021bi-v\u0103 siguran\u021ba cu harna\u0219amentul nostru pentru c\u00e2ini de dresaj cu cod QR. Perfect pentru dresaj \u0219i identificare instantanee. Sigur \u0219i inteligent!","robots":{"index":"index","follow":"follow","max-snippet":"max-snippet:-1","max-image-preview":"max-image-preview:large","max-video-preview":"max-video-preview:-1"},"canonical":"https:\/\/qqpets.com\/ro\/produs\/qr-code-training-dog-harness\/","og_locale":"ro_RO","og_type":"article","og_title":"QR Code Training Dog Harness | QQPETS","og_description":"Ensure safety with our QR Code Training Dog Harness. Perfect for training and instant ID. Secure and smart!","og_url":"https:\/\/qqpets.com\/ro\/produs\/qr-code-training-dog-harness\/","og_site_name":"QQPETS","article_publisher":"https:\/\/www.facebook.com\/QQpetsdogcollars","og_image":[{"width":1000,"height":1000,"url":"https:\/\/qqpets.com\/wp-content\/uploads\/2024\/09\/QR-Code-Training-Dog-Harness3.webp","type":"image\/webp"}],"twitter_card":"summary_large_image","twitter_misc":{"Timp estimat pentru citire":"2 minute"},"schema":{"@context":"https:\/\/schema.org","@graph":[{"@type":"WebPage","@id":"https:\/\/qqpets.com\/product\/qr-code-training-dog-harness\/","url":"https:\/\/qqpets.com\/product\/qr-code-training-dog-harness\/","name":"Cod QR de dresaj pentru c\u00e2ini | QQPETS","isPartOf":{"@id":"https:\/\/qqpets.com\/#website"},"primaryImageOfPage":{"@id":"https:\/\/qqpets.com\/product\/qr-code-training-dog-harness\/#primaryimage"},"image":{"@id":"https:\/\/qqpets.com\/product\/qr-code-training-dog-harness\/#primaryimage"},"thumbnailUrl":"https:\/\/qqpets.com\/wp-content\/uploads\/2024\/09\/QR-Code-Training-Dog-Harness3.webp","datePublished":"2024-09-24T07:42:45+00:00","description":"Asigura\u021bi-v\u0103 siguran\u021ba cu harna\u0219amentul nostru pentru c\u00e2ini de dresaj cu cod QR. Perfect pentru dresaj \u0219i identificare instantanee. Sigur \u0219i inteligent!","breadcrumb":{"@id":"https:\/\/qqpets.com\/product\/qr-code-training-dog-harness\/#breadcrumb"},"inLanguage":"ro-RO","potentialAction":[{"@type":"ReadAction","target":["https:\/\/qqpets.com\/product\/qr-code-training-dog-harness\/"]}]},{"@type":"ImageObject","inLanguage":"ro-RO","@id":"https:\/\/qqpets.com\/product\/qr-code-training-dog-harness\/#primaryimage","url":"https:\/\/qqpets.com\/wp-content\/uploads\/2024\/09\/QR-Code-Training-Dog-Harness3.webp","contentUrl":"https:\/\/qqpets.com\/wp-content\/uploads\/2024\/09\/QR-Code-Training-Dog-Harness3.webp","width":1000,"height":1000},{"@type":"BreadcrumbList","@id":"https:\/\/qqpets.com\/product\/qr-code-training-dog-harness\/#breadcrumb","itemListElement":[{"@type":"ListItem","position":1,"name":"Home","item":"https:\/\/qqpets.com\/"},{"@type":"ListItem","position":2,"name":"Products","item":"https:\/\/qqpets.com\/pet-products-manufacturer\/"},{"@type":"ListItem","position":3,"name":"QR Code Training Dog Harness"}]},{"@type":"WebSite","@id":"https:\/\/qqpets.com\/#website","url":"https:\/\/qqpets.com\/","name":"QQPETS","description":"QQPETS este o fabric\u0103 de produse pentru animale de companie pentru hamuri pentru c\u00e2ini, gulere pentru c\u00e2ini, lese pentru c\u00e2ini \u0219i accesorii pentru c\u00e2ini cu servicii profesionale personalizate din 2005.","publisher":{"@id":"https:\/\/qqpets.com\/#organization"},"potentialAction":[{"@type":"SearchAction","target":{"@type":"EntryPoint","urlTemplate":"https:\/\/qqpets.com\/?s={search_term_string}"},"query-input":{"@type":"PropertyValueSpecification","valueRequired":true,"valueName":"search_term_string"}}],"inLanguage":"ro-RO"},{"@type":"Organization","@id":"https:\/\/qqpets.com\/#organization","name":"QQPETS","url":"https:\/\/qqpets.com\/","logo":{"@type":"ImageObject","inLanguage":"ro-RO","@id":"https:\/\/qqpets.com\/#\/schema\/logo\/image\/","url":"https:\/\/qqpets.com\/wp-content\/uploads\/2023\/09\/cropped-cropped-qqpets-tiktok.jpg","contentUrl":"https:\/\/qqpets.com\/wp-content\/uploads\/2023\/09\/cropped-cropped-qqpets-tiktok.jpg","width":511,"height":511,"caption":"QQPETS"},"image":{"@id":"https:\/\/qqpets.com\/#\/schema\/logo\/image\/"},"sameAs":["https:\/\/www.facebook.com\/QQpetsdogcollars","https:\/\/www.instagram.com\/qqpetscollar\/","https:\/\/www.pinterest.com\/qqpetsdogcollarsfactory\/"]}]}},"_links":{"self":[{"href":"https:\/\/qqpets.com\/ro\/wp-json\/wp\/v2\/product\/8191","targetHints":{"allow":["GET"]}}],"collection":[{"href":"https:\/\/qqpets.com\/ro\/wp-json\/wp\/v2\/product"}],"about":[{"href":"https:\/\/qqpets.com\/ro\/wp-json\/wp\/v2\/types\/product"}],"wp:featuredmedia":[{"embeddable":true,"href":"https:\/\/qqpets.com\/ro\/wp-json\/wp\/v2\/media\/8202"}],"wp:attachment":[{"href":"https:\/\/qqpets.com\/ro\/wp-json\/wp\/v2\/media?parent=8191"}],"wp:term":[{"taxonomy":"product_brand","embeddable":true,"href":"https:\/\/qqpets.com\/ro\/wp-json\/wp\/v2\/product_brand?post=8191"},{"taxonomy":"product_cat","embeddable":true,"href":"https:\/\/qqpets.com\/ro\/wp-json\/wp\/v2\/product_cat?post=8191"},{"taxonomy":"product_tag","embeddable":true,"href":"https:\/\/qqpets.com\/ro\/wp-json\/wp\/v2\/product_tag?post=8191"}],"curies":[{"name":"wp","href":"https:\/\/api.w.org\/{rel}","templated":true}]}}