{"id":8219,"date":"2024-09-24T15:55:57","date_gmt":"2024-09-24T07:55:57","guid":{"rendered":"https:\/\/qqpets.com\/?post_type=product&#038;p=8219"},"modified":"2024-09-24T15:58:32","modified_gmt":"2024-09-24T07:58:32","slug":"qr-code-adjustable-dog-harness","status":"publish","type":"product","link":"https:\/\/qqpets.com\/ro\/produs\/qr-code-adjustable-dog-harness\/","title":{"rendered":"QR Code ajustabil Dog Harness"},"content":{"rendered":"<p>V\u0103 prezent\u0103m harna\u0219amentul nostru QR Code Adjustable Dog, proiectat pentru siguran\u021b\u0103, confort \u0219i stil. Acest ham este un must-have pentru proprietarii de animale de companie care doresc s\u0103 \u00ee\u0219i p\u0103streze animalele de companie \u00een siguran\u021b\u0103 \u0219i u\u0219or de identificat.<\/p>\n<p><strong>Caracteristici principale:<\/strong><\/p>\n<ul>\n<li><strong>QR Code Tag integrat:<\/strong> Vine cu un cod QR scanabil care face leg\u0103tura cu un profil online detaliat, informa\u021biile vitale ale animalului dvs. de companie fiind la o scanare distan\u021b\u0103. Aceast\u0103 caracteristic\u0103 este esen\u021bial\u0103 pentru identificarea \u0219i recuperarea rapid\u0103 \u00een cazul \u00een care animalul dvs. de companie se pierde vreodat\u0103.<\/li>\n<li><strong>Reglabil Se potrive\u0219te:<\/strong> Adapta\u021bi hamul la dimensiunea c\u00e2inelui dvs. cu curele reglabile, asigur\u00e2nd o potrivire perfect\u0103 care \u00eel men\u021bine \u00een siguran\u021b\u0103 \u0219i confortabil \u00een timpul tuturor activit\u0103\u021bilor.<\/li>\n<li><strong>Confort respirabil:<\/strong> Fabricat dintr-o plas\u0103 u\u0219oar\u0103, respirabil\u0103, care men\u021bine animalul de companie rece \u0219i confortabil, chiar \u0219i \u00een zilele mai calde.<\/li>\n<li><strong>Design elegant:<\/strong> Harna\u0219amentul are un model floral roz str\u0103lucitor, care atrage aten\u021bia \u0219i este la mod\u0103, f\u0103c\u00e2nd ca animalul dvs. de companie s\u0103 ias\u0103 \u00een eviden\u021b\u0103, asigur\u00e2ndu-se \u00een acela\u0219i timp c\u0103 r\u0103m\u00e2ne vizibil pentru dvs. \u0219i pentru ceilal\u021bi \u00een timpul ie\u0219irilor.<\/li>\n<li><strong>Material durabil:<\/strong> Fabricat pentru a rezista rigorilor utiliz\u0103rii zilnice, hamul este at\u00e2t durabil, c\u00e2t \u0219i u\u0219or de \u00eentre\u021binut, potrivit pentru sp\u0103larea regulat\u0103 f\u0103r\u0103 a-\u0219i pierde farmecul.<\/li>\n<\/ul>\n<p>Harna\u0219amentul nostru reglabil pentru c\u00e2ini cu cod QR combin\u0103 func\u021bionalitatea cu moda, oferind o modalitate sigur\u0103 de a v\u0103 men\u021bine animalul de companie identificat f\u0103r\u0103 a sacrifica stilul sau confortul. Este perfect pentru plimb\u0103rile zilnice, excursiile \u00een parc sau orice aventur\u0103 \u00een aer liber, asigur\u00e2ndu-se c\u0103 animalul dvs. de companie r\u0103m\u00e2ne \u00een siguran\u021b\u0103 \u0219i arat\u0103 bine \u00een acela\u0219i timp. Echipa\u021bi-v\u0103 prietenul bl\u0103nos cu acest ham \u0219i bucura\u021bi-v\u0103 de aventuri f\u0103r\u0103 griji, \u0219tiind c\u0103 sunt \u00eentotdeauna doar la o scanare distan\u021b\u0103 de cas\u0103.<\/p>","protected":false},"excerpt":{"rendered":"<p>Asigura\u021bi siguran\u021ba animalului dvs. de companie cu hamul nostru reglabil pentru c\u00e2ini cu cod QR. Acest ham are un cod QR scanabil pentru acces rapid la informa\u021biile animalului dvs. de companie, asigur\u00e2ndu-se c\u0103 acesta este \u00eentotdeauna identificabil. Fabricat cu plas\u0103 respirabil\u0103 \u0219i curele reglabile pentru o potrivire confortabil\u0103, este ideal pentru plimb\u0103rile zilnice. Designul floral roz vibrant adaug\u0103 o not\u0103 de stil.<\/p>","protected":false},"featured_media":8210,"template":"","meta":[],"product_brand":[],"product_cat":[23],"product_tag":[],"class_list":{"0":"post-8219","1":"product","2":"type-product","3":"status-publish","4":"has-post-thumbnail","6":"product_cat-dog-harness","7":"pa_brand-qqpets","9":"first","10":"instock","11":"shipping-taxable","12":"product-type-simple"},"yoast_head":"<!-- This site is optimized with the Yoast SEO plugin v26.6 - https:\/\/yoast.com\/wordpress\/plugins\/seo\/ -->\n<title>QR Code Adjustable Dog Harness | QQPETS<\/title>\n<meta name=\"description\" content=\"Secure and stylish QR Code Adjustable Dog Harness. Easy identification with a smart QR tag. Perfect fit!\" \/>\n<meta name=\"robots\" content=\"index, follow, max-snippet:-1, max-image-preview:large, max-video-preview:-1\" \/>\n<link rel=\"canonical\" href=\"https:\/\/qqpets.com\/ro\/produs\/qr-code-adjustable-dog-harness\/\" \/>\n<meta property=\"og:locale\" content=\"ro_RO\" \/>\n<meta property=\"og:type\" content=\"article\" \/>\n<meta property=\"og:title\" content=\"QR Code Adjustable Dog Harness | QQPETS\" \/>\n<meta property=\"og:description\" content=\"Secure and stylish QR Code Adjustable Dog Harness. Easy identification with a smart QR tag. Perfect fit!\" \/>\n<meta property=\"og:url\" content=\"https:\/\/qqpets.com\/ro\/produs\/qr-code-adjustable-dog-harness\/\" \/>\n<meta property=\"og:site_name\" content=\"QQPETS\" \/>\n<meta property=\"article:publisher\" content=\"https:\/\/www.facebook.com\/QQpetsdogcollars\" \/>\n<meta property=\"article:modified_time\" content=\"2024-09-24T07:58:32+00:00\" \/>\n<meta property=\"og:image\" content=\"https:\/\/qqpets.com\/wp-content\/uploads\/2024\/09\/QR-Code-Adjustable-Dog-Harness2.webp\" \/>\n\t<meta property=\"og:image:width\" content=\"1000\" \/>\n\t<meta property=\"og:image:height\" content=\"1000\" \/>\n\t<meta property=\"og:image:type\" content=\"image\/webp\" \/>\n<meta name=\"twitter:card\" content=\"summary_large_image\" \/>\n<meta name=\"twitter:label1\" content=\"Timp estimat pentru citire\" \/>\n\t<meta name=\"twitter:data1\" content=\"2 minute\" \/>\n<script type=\"application\/ld+json\" class=\"yoast-schema-graph\">{\"@context\":\"https:\/\/schema.org\",\"@graph\":[{\"@type\":\"WebPage\",\"@id\":\"https:\/\/qqpets.com\/product\/qr-code-adjustable-dog-harness\/\",\"url\":\"https:\/\/qqpets.com\/product\/qr-code-adjustable-dog-harness\/\",\"name\":\"QR Code Adjustable Dog Harness | QQPETS\",\"isPartOf\":{\"@id\":\"https:\/\/qqpets.com\/#website\"},\"primaryImageOfPage\":{\"@id\":\"https:\/\/qqpets.com\/product\/qr-code-adjustable-dog-harness\/#primaryimage\"},\"image\":{\"@id\":\"https:\/\/qqpets.com\/product\/qr-code-adjustable-dog-harness\/#primaryimage\"},\"thumbnailUrl\":\"https:\/\/qqpets.com\/wp-content\/uploads\/2024\/09\/QR-Code-Adjustable-Dog-Harness2.webp\",\"datePublished\":\"2024-09-24T07:55:57+00:00\",\"dateModified\":\"2024-09-24T07:58:32+00:00\",\"description\":\"Secure and stylish QR Code Adjustable Dog Harness. Easy identification with a smart QR tag. Perfect fit!\",\"breadcrumb\":{\"@id\":\"https:\/\/qqpets.com\/product\/qr-code-adjustable-dog-harness\/#breadcrumb\"},\"inLanguage\":\"ro-RO\",\"potentialAction\":[{\"@type\":\"ReadAction\",\"target\":[\"https:\/\/qqpets.com\/product\/qr-code-adjustable-dog-harness\/\"]}]},{\"@type\":\"ImageObject\",\"inLanguage\":\"ro-RO\",\"@id\":\"https:\/\/qqpets.com\/product\/qr-code-adjustable-dog-harness\/#primaryimage\",\"url\":\"https:\/\/qqpets.com\/wp-content\/uploads\/2024\/09\/QR-Code-Adjustable-Dog-Harness2.webp\",\"contentUrl\":\"https:\/\/qqpets.com\/wp-content\/uploads\/2024\/09\/QR-Code-Adjustable-Dog-Harness2.webp\",\"width\":1000,\"height\":1000},{\"@type\":\"BreadcrumbList\",\"@id\":\"https:\/\/qqpets.com\/product\/qr-code-adjustable-dog-harness\/#breadcrumb\",\"itemListElement\":[{\"@type\":\"ListItem\",\"position\":1,\"name\":\"Home\",\"item\":\"https:\/\/qqpets.com\/\"},{\"@type\":\"ListItem\",\"position\":2,\"name\":\"Products\",\"item\":\"https:\/\/qqpets.com\/pet-products-manufacturer\/\"},{\"@type\":\"ListItem\",\"position\":3,\"name\":\"QR Code Adjustable Dog Harness\"}]},{\"@type\":\"WebSite\",\"@id\":\"https:\/\/qqpets.com\/#website\",\"url\":\"https:\/\/qqpets.com\/\",\"name\":\"QQPETS\",\"description\":\"QQPETS is a pet products factory for dog harnesses, dog collars, dog leashes and dog accessories with professional customized service since 2005.\",\"publisher\":{\"@id\":\"https:\/\/qqpets.com\/#organization\"},\"potentialAction\":[{\"@type\":\"SearchAction\",\"target\":{\"@type\":\"EntryPoint\",\"urlTemplate\":\"https:\/\/qqpets.com\/?s={search_term_string}\"},\"query-input\":{\"@type\":\"PropertyValueSpecification\",\"valueRequired\":true,\"valueName\":\"search_term_string\"}}],\"inLanguage\":\"ro-RO\"},{\"@type\":\"Organization\",\"@id\":\"https:\/\/qqpets.com\/#organization\",\"name\":\"QQPETS\",\"url\":\"https:\/\/qqpets.com\/\",\"logo\":{\"@type\":\"ImageObject\",\"inLanguage\":\"ro-RO\",\"@id\":\"https:\/\/qqpets.com\/#\/schema\/logo\/image\/\",\"url\":\"https:\/\/qqpets.com\/wp-content\/uploads\/2023\/09\/cropped-cropped-qqpets-tiktok.jpg\",\"contentUrl\":\"https:\/\/qqpets.com\/wp-content\/uploads\/2023\/09\/cropped-cropped-qqpets-tiktok.jpg\",\"width\":511,\"height\":511,\"caption\":\"QQPETS\"},\"image\":{\"@id\":\"https:\/\/qqpets.com\/#\/schema\/logo\/image\/\"},\"sameAs\":[\"https:\/\/www.facebook.com\/QQpetsdogcollars\",\"https:\/\/www.instagram.com\/qqpetscollar\/\",\"https:\/\/www.pinterest.com\/qqpetsdogcollarsfactory\/\"]}]}<\/script>\n<!-- \/ Yoast SEO plugin. -->","yoast_head_json":{"title":"QR Code Harness c\u00e2ine reglabil | QQPETS","description":"Harna\u0219ament de c\u00e2ine reglabil cu cod QR sigur \u0219i elegant. Identificare u\u0219oar\u0103 cu o etichet\u0103 QR inteligent\u0103. Potrivire perfect\u0103!","robots":{"index":"index","follow":"follow","max-snippet":"max-snippet:-1","max-image-preview":"max-image-preview:large","max-video-preview":"max-video-preview:-1"},"canonical":"https:\/\/qqpets.com\/ro\/produs\/qr-code-adjustable-dog-harness\/","og_locale":"ro_RO","og_type":"article","og_title":"QR Code Adjustable Dog Harness | QQPETS","og_description":"Secure and stylish QR Code Adjustable Dog Harness. Easy identification with a smart QR tag. Perfect fit!","og_url":"https:\/\/qqpets.com\/ro\/produs\/qr-code-adjustable-dog-harness\/","og_site_name":"QQPETS","article_publisher":"https:\/\/www.facebook.com\/QQpetsdogcollars","article_modified_time":"2024-09-24T07:58:32+00:00","og_image":[{"width":1000,"height":1000,"url":"https:\/\/qqpets.com\/wp-content\/uploads\/2024\/09\/QR-Code-Adjustable-Dog-Harness2.webp","type":"image\/webp"}],"twitter_card":"summary_large_image","twitter_misc":{"Timp estimat pentru citire":"2 minute"},"schema":{"@context":"https:\/\/schema.org","@graph":[{"@type":"WebPage","@id":"https:\/\/qqpets.com\/product\/qr-code-adjustable-dog-harness\/","url":"https:\/\/qqpets.com\/product\/qr-code-adjustable-dog-harness\/","name":"QR Code Harness c\u00e2ine reglabil | QQPETS","isPartOf":{"@id":"https:\/\/qqpets.com\/#website"},"primaryImageOfPage":{"@id":"https:\/\/qqpets.com\/product\/qr-code-adjustable-dog-harness\/#primaryimage"},"image":{"@id":"https:\/\/qqpets.com\/product\/qr-code-adjustable-dog-harness\/#primaryimage"},"thumbnailUrl":"https:\/\/qqpets.com\/wp-content\/uploads\/2024\/09\/QR-Code-Adjustable-Dog-Harness2.webp","datePublished":"2024-09-24T07:55:57+00:00","dateModified":"2024-09-24T07:58:32+00:00","description":"Harna\u0219ament de c\u00e2ine reglabil cu cod QR sigur \u0219i elegant. Identificare u\u0219oar\u0103 cu o etichet\u0103 QR inteligent\u0103. Potrivire perfect\u0103!","breadcrumb":{"@id":"https:\/\/qqpets.com\/product\/qr-code-adjustable-dog-harness\/#breadcrumb"},"inLanguage":"ro-RO","potentialAction":[{"@type":"ReadAction","target":["https:\/\/qqpets.com\/product\/qr-code-adjustable-dog-harness\/"]}]},{"@type":"ImageObject","inLanguage":"ro-RO","@id":"https:\/\/qqpets.com\/product\/qr-code-adjustable-dog-harness\/#primaryimage","url":"https:\/\/qqpets.com\/wp-content\/uploads\/2024\/09\/QR-Code-Adjustable-Dog-Harness2.webp","contentUrl":"https:\/\/qqpets.com\/wp-content\/uploads\/2024\/09\/QR-Code-Adjustable-Dog-Harness2.webp","width":1000,"height":1000},{"@type":"BreadcrumbList","@id":"https:\/\/qqpets.com\/product\/qr-code-adjustable-dog-harness\/#breadcrumb","itemListElement":[{"@type":"ListItem","position":1,"name":"Home","item":"https:\/\/qqpets.com\/"},{"@type":"ListItem","position":2,"name":"Products","item":"https:\/\/qqpets.com\/pet-products-manufacturer\/"},{"@type":"ListItem","position":3,"name":"QR Code Adjustable Dog Harness"}]},{"@type":"WebSite","@id":"https:\/\/qqpets.com\/#website","url":"https:\/\/qqpets.com\/","name":"QQPETS","description":"QQPETS este o fabric\u0103 de produse pentru animale de companie pentru hamuri pentru c\u00e2ini, gulere pentru c\u00e2ini, lese pentru c\u00e2ini \u0219i accesorii pentru c\u00e2ini cu servicii profesionale personalizate din 2005.","publisher":{"@id":"https:\/\/qqpets.com\/#organization"},"potentialAction":[{"@type":"SearchAction","target":{"@type":"EntryPoint","urlTemplate":"https:\/\/qqpets.com\/?s={search_term_string}"},"query-input":{"@type":"PropertyValueSpecification","valueRequired":true,"valueName":"search_term_string"}}],"inLanguage":"ro-RO"},{"@type":"Organization","@id":"https:\/\/qqpets.com\/#organization","name":"QQPETS","url":"https:\/\/qqpets.com\/","logo":{"@type":"ImageObject","inLanguage":"ro-RO","@id":"https:\/\/qqpets.com\/#\/schema\/logo\/image\/","url":"https:\/\/qqpets.com\/wp-content\/uploads\/2023\/09\/cropped-cropped-qqpets-tiktok.jpg","contentUrl":"https:\/\/qqpets.com\/wp-content\/uploads\/2023\/09\/cropped-cropped-qqpets-tiktok.jpg","width":511,"height":511,"caption":"QQPETS"},"image":{"@id":"https:\/\/qqpets.com\/#\/schema\/logo\/image\/"},"sameAs":["https:\/\/www.facebook.com\/QQpetsdogcollars","https:\/\/www.instagram.com\/qqpetscollar\/","https:\/\/www.pinterest.com\/qqpetsdogcollarsfactory\/"]}]}},"_links":{"self":[{"href":"https:\/\/qqpets.com\/ro\/wp-json\/wp\/v2\/product\/8219","targetHints":{"allow":["GET"]}}],"collection":[{"href":"https:\/\/qqpets.com\/ro\/wp-json\/wp\/v2\/product"}],"about":[{"href":"https:\/\/qqpets.com\/ro\/wp-json\/wp\/v2\/types\/product"}],"wp:featuredmedia":[{"embeddable":true,"href":"https:\/\/qqpets.com\/ro\/wp-json\/wp\/v2\/media\/8210"}],"wp:attachment":[{"href":"https:\/\/qqpets.com\/ro\/wp-json\/wp\/v2\/media?parent=8219"}],"wp:term":[{"taxonomy":"product_brand","embeddable":true,"href":"https:\/\/qqpets.com\/ro\/wp-json\/wp\/v2\/product_brand?post=8219"},{"taxonomy":"product_cat","embeddable":true,"href":"https:\/\/qqpets.com\/ro\/wp-json\/wp\/v2\/product_cat?post=8219"},{"taxonomy":"product_tag","embeddable":true,"href":"https:\/\/qqpets.com\/ro\/wp-json\/wp\/v2\/product_tag?post=8219"}],"curies":[{"name":"wp","href":"https:\/\/api.w.org\/{rel}","templated":true}]}}