{"id":8416,"date":"2024-09-30T11:31:44","date_gmt":"2024-09-30T03:31:44","guid":{"rendered":"https:\/\/qqpets.com\/?post_type=product&#038;p=8416"},"modified":"2024-09-30T11:31:44","modified_gmt":"2024-09-30T03:31:44","slug":"dog-leash-car-seat-belt","status":"publish","type":"product","link":"https:\/\/qqpets.com\/ro\/produs\/dog-leash-car-seat-belt\/","title":{"rendered":"Leg\u0103tur\u0103 pentru c\u00e2ine Centur\u0103 de siguran\u021b\u0103 pentru ma\u0219in\u0103"},"content":{"rendered":"<p>V\u0103 prezent\u0103m centura de siguran\u021b\u0103 auto Dog Leash - solu\u021bia dvs. suprem\u0103 pentru siguran\u021ba animalelor de companie \u00een timpul condusului. Aceast\u0103 centur\u0103 de siguran\u021b\u0103 auto special conceput\u0103 pentru c\u00e2ini asigur\u0103 c\u0103 prietenul dvs. bl\u0103nos este bine legat \u00een timpul deplas\u0103rilor, reduc\u00e2nd riscul de r\u0103nire \u00een timpul opririlor bru\u0219te sau accidentelor.<\/p>\n<p><strong>Caracteristici principale:<\/strong><\/p>\n<ul>\n<li><strong>Potrivire universal\u0103:<\/strong> Compatibil\u0103 cu majoritatea sistemelor de centuri de siguran\u021b\u0103 ale autovehiculelor, aceast\u0103 centur\u0103 de siguran\u021b\u0103 auto are o clem\u0103 universal\u0103 pentru centura de siguran\u021b\u0103 care se potrive\u0219te \u00een siguran\u021b\u0103 \u00een \u00eenchiz\u0103toriile centurii de siguran\u021b\u0103.<\/li>\n<li><strong>Lungime reglabil\u0103:<\/strong> Regla\u021bi cu u\u0219urin\u021b\u0103 lungimea centurii de siguran\u021b\u0103 pentru a oferi suficient\u0103 libertate pentru ca animalul dvs. de companie s\u0103 stea, s\u0103 se \u00eentind\u0103 sau s\u0103 stea confortabil \u00een scaunul auto.<\/li>\n<li><strong>Material de \u00eenalt\u0103 calitate:<\/strong> Fabricat\u0103 din \u021bes\u0103tur\u0103 de nailon durabil\u0103, aceast\u0103 les\u0103 este construit\u0103 pentru a face fa\u021b\u0103 stresului \u0219i tensiunii de utilizare cu animale de companie active. De asemenea, este rezistent\u0103 la intemperii, ceea ce o face potrivit\u0103 pentru toate condi\u021biile.<\/li>\n<li><strong>Ata\u0219are sigur\u0103:<\/strong> Echipat cu o cataram\u0103 metalic\u0103 robust\u0103 \u0219i o clem\u0103, acesta asigur\u0103 c\u0103 lesa r\u0103m\u00e2ne bine ata\u0219at\u0103 la hamul sau zgarda animalului dvs. de companie, oferind un control puternic \u0219i fiabil \u00een vehicul.<\/li>\n<li><strong>U\u0219or de utilizat \u0219i versatil:<\/strong> Rapid de deta\u0219at \u0219i ata\u0219at, se dubleaz\u0103 ca o les\u0103 obi\u0219nuit\u0103 de plimbare, ceea ce o face perfect\u0103 pentru c\u0103l\u0103torii.<\/li>\n<\/ul>\n<p>Centura de siguran\u021b\u0103 auto Dog Leash este conceput\u0103 nu numai pentru siguran\u021b\u0103, ci \u0219i pentru confortul animalului dvs. de companie. Fie c\u0103 merge\u021bi la o scurt\u0103 plimbare \u00een parc sau la o c\u0103l\u0103torie lung\u0103, aceast\u0103 centur\u0103 de siguran\u021b\u0103 face c\u0103l\u0103toria cu animalul dvs. de companie u\u0219oar\u0103, sigur\u0103 \u0219i convenabil\u0103. Echipa\u021bi-v\u0103 ma\u0219ina cu acest accesoriu esen\u021bial de c\u0103l\u0103torie pentru animalele de companie \u0219i bucura\u021bi-v\u0103 de c\u0103l\u0103torii lini\u0219tite \u0219i sigure cu cel mai bun prieten al dvs.<\/p>\n<h5><strong>Chiar func\u021bioneaz\u0103 centurile de siguran\u021b\u0103 pentru c\u00e2ini?<\/strong><\/h5>\n<p>Da, centurile de siguran\u021b\u0103 pentru c\u00e2ini pot reduce \u00een mod eficient riscul de r\u0103nire a c\u00e2inelui dvs. \u00een timpul unui accident de ma\u0219in\u0103 sau al unor opriri bru\u0219te, men\u021bin\u00e2ndu-l imobilizat \u0219i limit\u00e2ndu-i mi\u0219carea \u00een vehicul.<\/p>\n<h5><strong>C\u00e2inii ar trebui s\u0103 poarte centuri de siguran\u021b\u0103?<\/strong><\/h5>\n<p>De\u0219i nu este obligatoriu peste tot, este foarte recomandat ca c\u00e2inii s\u0103 poarte centuri de siguran\u021b\u0103 atunci c\u00e2nd c\u0103l\u0103toresc \u00een ma\u0219in\u0103, pentru siguran\u021ba lor \u0219i a pasagerilor. Unele regiuni au legi care impun ca animalele de companie s\u0103 fie \u021binute \u00een fr\u00e2u \u00een timp ce se afl\u0103 \u00eentr-un vehicul.<\/p>\n<h5><strong>Care este cea mai bun\u0103 centur\u0103 de siguran\u021b\u0103 auto pentru c\u00e2ini?<\/strong><\/h5>\n<p>Cea mai bun\u0103 centur\u0103 de siguran\u021b\u0103 auto pentru c\u00e2ini este cea care a fost testat\u0103 la impact \u0219i certificat\u0103 de o organiza\u021bie de renume. C\u0103uta\u021bi centuri de siguran\u021b\u0103 reglabile, durabile, care se pot ata\u0219a la hamul c\u00e2inelui (nu la zgard\u0103) \u0219i se pot fixa \u00een siguran\u021b\u0103 la sistemul de centuri de siguran\u021b\u0103 al vehiculului.<\/p>\n<h5><strong>Cum se utilizeaz\u0103 o centur\u0103 de siguran\u021b\u0103 auto pentru un c\u00e2ine?<\/strong><\/h5>\n<p>Ata\u0219a\u021bi clema centurii de siguran\u021b\u0103 la hamul c\u00e2inelui dvs. (niciodat\u0103 la zgard\u0103 din cauza riscului de r\u0103nire a g\u00e2tului). Apoi, fixa\u021bi centura de siguran\u021b\u0103 \u00een sistemul de centuri de siguran\u021b\u0103 al ma\u0219inii. Asigura\u021bi-v\u0103 c\u0103 centura este suficient de str\u00e2ns\u0103 pentru a preveni mi\u0219carea excesiv\u0103, dar permite totu\u0219i c\u00e2inelui s\u0103 stea sau s\u0103 se \u00eentind\u0103 confortabil. Regla\u021bi dup\u0103 cum este necesar pentru potrivire \u0219i confort.<\/p>","protected":false},"excerpt":{"rendered":"<p>C\u0103l\u0103tori\u021bi \u00een siguran\u021b\u0103 cu animalul dvs. de companie folosind centura noastr\u0103 de siguran\u021b\u0103 auto Dog Leash. Proiectat\u0103 pentru durabilitate \u0219i siguran\u021b\u0103, aceast\u0103 centur\u0103 de siguran\u021b\u0103 se ata\u0219eaz\u0103 \u00een siguran\u021b\u0103 la clema centurii de siguran\u021b\u0103 a vehiculului. Are o lungime reglabil\u0103 pentru a se potrivi diferitelor dimensiuni de c\u00e2ini \u0219i vehicule, asigur\u00e2ndu-se c\u0103 animalul dvs. de companie r\u0103m\u00e2ne \u00een siguran\u021b\u0103 \u00een loc. Clipul puternic \u0219i sistemul de catarame \u00eempiedic\u0103 animalul dvs. de companie s\u0103 sar\u0103 afar\u0103, f\u0103c\u00e2nd fiecare c\u0103l\u0103torie f\u0103r\u0103 griji. Ideal pentru toate rasele \u0219i dimensiunile de c\u00e2ini.<\/p>","protected":false},"featured_media":8417,"template":"","meta":[],"product_brand":[],"product_cat":[27],"product_tag":[],"class_list":{"0":"post-8416","1":"product","2":"type-product","3":"status-publish","4":"has-post-thumbnail","6":"product_cat-dog-leash","7":"pa_brand-qqpets","9":"first","10":"instock","11":"shipping-taxable","12":"product-type-simple"},"yoast_head":"<!-- This site is optimized with the Yoast SEO plugin v26.6 - https:\/\/yoast.com\/wordpress\/plugins\/seo\/ -->\n<title>Dog Leash Car Seat Belt | QQPETS<\/title>\n<meta name=\"description\" content=\"Ensure your pet\u2019s safety on the road with our durable Dog Leash Car Seat Belt. Adjustable and secure!\" \/>\n<meta name=\"robots\" content=\"index, follow, max-snippet:-1, max-image-preview:large, max-video-preview:-1\" \/>\n<link rel=\"canonical\" href=\"https:\/\/qqpets.com\/ro\/produs\/dog-leash-car-seat-belt\/\" \/>\n<meta property=\"og:locale\" content=\"ro_RO\" \/>\n<meta property=\"og:type\" content=\"article\" \/>\n<meta property=\"og:title\" content=\"Dog Leash Car Seat Belt | QQPETS\" \/>\n<meta property=\"og:description\" content=\"Ensure your pet\u2019s safety on the road with our durable Dog Leash Car Seat Belt. Adjustable and secure!\" \/>\n<meta property=\"og:url\" content=\"https:\/\/qqpets.com\/ro\/produs\/dog-leash-car-seat-belt\/\" \/>\n<meta property=\"og:site_name\" content=\"QQPETS\" \/>\n<meta property=\"article:publisher\" content=\"https:\/\/www.facebook.com\/QQpetsdogcollars\" \/>\n<meta property=\"og:image\" content=\"https:\/\/qqpets.com\/wp-content\/uploads\/2024\/09\/Car-Seat-Belt.webp\" \/>\n\t<meta property=\"og:image:width\" content=\"1486\" \/>\n\t<meta property=\"og:image:height\" content=\"1500\" \/>\n\t<meta property=\"og:image:type\" content=\"image\/webp\" \/>\n<meta name=\"twitter:card\" content=\"summary_large_image\" \/>\n<meta name=\"twitter:label1\" content=\"Timp estimat pentru citire\" \/>\n\t<meta name=\"twitter:data1\" content=\"3 minute\" \/>\n<script type=\"application\/ld+json\" class=\"yoast-schema-graph\">{\"@context\":\"https:\/\/schema.org\",\"@graph\":[{\"@type\":\"WebPage\",\"@id\":\"https:\/\/qqpets.com\/product\/dog-leash-car-seat-belt\/\",\"url\":\"https:\/\/qqpets.com\/product\/dog-leash-car-seat-belt\/\",\"name\":\"Dog Leash Car Seat Belt | QQPETS\",\"isPartOf\":{\"@id\":\"https:\/\/qqpets.com\/#website\"},\"primaryImageOfPage\":{\"@id\":\"https:\/\/qqpets.com\/product\/dog-leash-car-seat-belt\/#primaryimage\"},\"image\":{\"@id\":\"https:\/\/qqpets.com\/product\/dog-leash-car-seat-belt\/#primaryimage\"},\"thumbnailUrl\":\"https:\/\/qqpets.com\/wp-content\/uploads\/2024\/09\/Car-Seat-Belt.webp\",\"datePublished\":\"2024-09-30T03:31:44+00:00\",\"description\":\"Ensure your pet\u2019s safety on the road with our durable Dog Leash Car Seat Belt. Adjustable and secure!\",\"breadcrumb\":{\"@id\":\"https:\/\/qqpets.com\/product\/dog-leash-car-seat-belt\/#breadcrumb\"},\"inLanguage\":\"ro-RO\",\"potentialAction\":[{\"@type\":\"ReadAction\",\"target\":[\"https:\/\/qqpets.com\/product\/dog-leash-car-seat-belt\/\"]}]},{\"@type\":\"ImageObject\",\"inLanguage\":\"ro-RO\",\"@id\":\"https:\/\/qqpets.com\/product\/dog-leash-car-seat-belt\/#primaryimage\",\"url\":\"https:\/\/qqpets.com\/wp-content\/uploads\/2024\/09\/Car-Seat-Belt.webp\",\"contentUrl\":\"https:\/\/qqpets.com\/wp-content\/uploads\/2024\/09\/Car-Seat-Belt.webp\",\"width\":1486,\"height\":1500},{\"@type\":\"BreadcrumbList\",\"@id\":\"https:\/\/qqpets.com\/product\/dog-leash-car-seat-belt\/#breadcrumb\",\"itemListElement\":[{\"@type\":\"ListItem\",\"position\":1,\"name\":\"Home\",\"item\":\"https:\/\/qqpets.com\/\"},{\"@type\":\"ListItem\",\"position\":2,\"name\":\"Products\",\"item\":\"https:\/\/qqpets.com\/pet-products-manufacturer\/\"},{\"@type\":\"ListItem\",\"position\":3,\"name\":\"Dog Leash Car Seat Belt\"}]},{\"@type\":\"WebSite\",\"@id\":\"https:\/\/qqpets.com\/#website\",\"url\":\"https:\/\/qqpets.com\/\",\"name\":\"QQPETS\",\"description\":\"QQPETS is a pet products factory for dog harnesses, dog collars, dog leashes and dog accessories with professional customized service since 2005.\",\"publisher\":{\"@id\":\"https:\/\/qqpets.com\/#organization\"},\"potentialAction\":[{\"@type\":\"SearchAction\",\"target\":{\"@type\":\"EntryPoint\",\"urlTemplate\":\"https:\/\/qqpets.com\/?s={search_term_string}\"},\"query-input\":{\"@type\":\"PropertyValueSpecification\",\"valueRequired\":true,\"valueName\":\"search_term_string\"}}],\"inLanguage\":\"ro-RO\"},{\"@type\":\"Organization\",\"@id\":\"https:\/\/qqpets.com\/#organization\",\"name\":\"QQPETS\",\"url\":\"https:\/\/qqpets.com\/\",\"logo\":{\"@type\":\"ImageObject\",\"inLanguage\":\"ro-RO\",\"@id\":\"https:\/\/qqpets.com\/#\/schema\/logo\/image\/\",\"url\":\"https:\/\/qqpets.com\/wp-content\/uploads\/2023\/09\/cropped-cropped-qqpets-tiktok.jpg\",\"contentUrl\":\"https:\/\/qqpets.com\/wp-content\/uploads\/2023\/09\/cropped-cropped-qqpets-tiktok.jpg\",\"width\":511,\"height\":511,\"caption\":\"QQPETS\"},\"image\":{\"@id\":\"https:\/\/qqpets.com\/#\/schema\/logo\/image\/\"},\"sameAs\":[\"https:\/\/www.facebook.com\/QQpetsdogcollars\",\"https:\/\/www.instagram.com\/qqpetscollar\/\",\"https:\/\/www.pinterest.com\/qqpetsdogcollarsfactory\/\"]}]}<\/script>\n<!-- \/ Yoast SEO plugin. -->","yoast_head_json":{"title":"Leash c\u00e2ine centura scaunului auto | QQPETS","description":"Asigura\u021bi siguran\u021ba animalului dvs. de companie pe \u0219osea cu cureaua noastr\u0103 durabil\u0103 pentru scaunul auto Dog Leash. Reglabil\u0103 \u0219i sigur\u0103!","robots":{"index":"index","follow":"follow","max-snippet":"max-snippet:-1","max-image-preview":"max-image-preview:large","max-video-preview":"max-video-preview:-1"},"canonical":"https:\/\/qqpets.com\/ro\/produs\/dog-leash-car-seat-belt\/","og_locale":"ro_RO","og_type":"article","og_title":"Dog Leash Car Seat Belt | QQPETS","og_description":"Ensure your pet\u2019s safety on the road with our durable Dog Leash Car Seat Belt. Adjustable and secure!","og_url":"https:\/\/qqpets.com\/ro\/produs\/dog-leash-car-seat-belt\/","og_site_name":"QQPETS","article_publisher":"https:\/\/www.facebook.com\/QQpetsdogcollars","og_image":[{"width":1486,"height":1500,"url":"https:\/\/qqpets.com\/wp-content\/uploads\/2024\/09\/Car-Seat-Belt.webp","type":"image\/webp"}],"twitter_card":"summary_large_image","twitter_misc":{"Timp estimat pentru citire":"3 minute"},"schema":{"@context":"https:\/\/schema.org","@graph":[{"@type":"WebPage","@id":"https:\/\/qqpets.com\/product\/dog-leash-car-seat-belt\/","url":"https:\/\/qqpets.com\/product\/dog-leash-car-seat-belt\/","name":"Leash c\u00e2ine centura scaunului auto | QQPETS","isPartOf":{"@id":"https:\/\/qqpets.com\/#website"},"primaryImageOfPage":{"@id":"https:\/\/qqpets.com\/product\/dog-leash-car-seat-belt\/#primaryimage"},"image":{"@id":"https:\/\/qqpets.com\/product\/dog-leash-car-seat-belt\/#primaryimage"},"thumbnailUrl":"https:\/\/qqpets.com\/wp-content\/uploads\/2024\/09\/Car-Seat-Belt.webp","datePublished":"2024-09-30T03:31:44+00:00","description":"Asigura\u021bi siguran\u021ba animalului dvs. de companie pe \u0219osea cu cureaua noastr\u0103 durabil\u0103 pentru scaunul auto Dog Leash. Reglabil\u0103 \u0219i sigur\u0103!","breadcrumb":{"@id":"https:\/\/qqpets.com\/product\/dog-leash-car-seat-belt\/#breadcrumb"},"inLanguage":"ro-RO","potentialAction":[{"@type":"ReadAction","target":["https:\/\/qqpets.com\/product\/dog-leash-car-seat-belt\/"]}]},{"@type":"ImageObject","inLanguage":"ro-RO","@id":"https:\/\/qqpets.com\/product\/dog-leash-car-seat-belt\/#primaryimage","url":"https:\/\/qqpets.com\/wp-content\/uploads\/2024\/09\/Car-Seat-Belt.webp","contentUrl":"https:\/\/qqpets.com\/wp-content\/uploads\/2024\/09\/Car-Seat-Belt.webp","width":1486,"height":1500},{"@type":"BreadcrumbList","@id":"https:\/\/qqpets.com\/product\/dog-leash-car-seat-belt\/#breadcrumb","itemListElement":[{"@type":"ListItem","position":1,"name":"Home","item":"https:\/\/qqpets.com\/"},{"@type":"ListItem","position":2,"name":"Products","item":"https:\/\/qqpets.com\/pet-products-manufacturer\/"},{"@type":"ListItem","position":3,"name":"Dog Leash Car Seat Belt"}]},{"@type":"WebSite","@id":"https:\/\/qqpets.com\/#website","url":"https:\/\/qqpets.com\/","name":"QQPETS","description":"QQPETS este o fabric\u0103 de produse pentru animale de companie pentru hamuri pentru c\u00e2ini, gulere pentru c\u00e2ini, lese pentru c\u00e2ini \u0219i accesorii pentru c\u00e2ini cu servicii profesionale personalizate din 2005.","publisher":{"@id":"https:\/\/qqpets.com\/#organization"},"potentialAction":[{"@type":"SearchAction","target":{"@type":"EntryPoint","urlTemplate":"https:\/\/qqpets.com\/?s={search_term_string}"},"query-input":{"@type":"PropertyValueSpecification","valueRequired":true,"valueName":"search_term_string"}}],"inLanguage":"ro-RO"},{"@type":"Organization","@id":"https:\/\/qqpets.com\/#organization","name":"QQPETS","url":"https:\/\/qqpets.com\/","logo":{"@type":"ImageObject","inLanguage":"ro-RO","@id":"https:\/\/qqpets.com\/#\/schema\/logo\/image\/","url":"https:\/\/qqpets.com\/wp-content\/uploads\/2023\/09\/cropped-cropped-qqpets-tiktok.jpg","contentUrl":"https:\/\/qqpets.com\/wp-content\/uploads\/2023\/09\/cropped-cropped-qqpets-tiktok.jpg","width":511,"height":511,"caption":"QQPETS"},"image":{"@id":"https:\/\/qqpets.com\/#\/schema\/logo\/image\/"},"sameAs":["https:\/\/www.facebook.com\/QQpetsdogcollars","https:\/\/www.instagram.com\/qqpetscollar\/","https:\/\/www.pinterest.com\/qqpetsdogcollarsfactory\/"]}]}},"_links":{"self":[{"href":"https:\/\/qqpets.com\/ro\/wp-json\/wp\/v2\/product\/8416","targetHints":{"allow":["GET"]}}],"collection":[{"href":"https:\/\/qqpets.com\/ro\/wp-json\/wp\/v2\/product"}],"about":[{"href":"https:\/\/qqpets.com\/ro\/wp-json\/wp\/v2\/types\/product"}],"wp:featuredmedia":[{"embeddable":true,"href":"https:\/\/qqpets.com\/ro\/wp-json\/wp\/v2\/media\/8417"}],"wp:attachment":[{"href":"https:\/\/qqpets.com\/ro\/wp-json\/wp\/v2\/media?parent=8416"}],"wp:term":[{"taxonomy":"product_brand","embeddable":true,"href":"https:\/\/qqpets.com\/ro\/wp-json\/wp\/v2\/product_brand?post=8416"},{"taxonomy":"product_cat","embeddable":true,"href":"https:\/\/qqpets.com\/ro\/wp-json\/wp\/v2\/product_cat?post=8416"},{"taxonomy":"product_tag","embeddable":true,"href":"https:\/\/qqpets.com\/ro\/wp-json\/wp\/v2\/product_tag?post=8416"}],"curies":[{"name":"wp","href":"https:\/\/api.w.org\/{rel}","templated":true}]}}