{"id":8425,"date":"2024-09-30T12:01:12","date_gmt":"2024-09-30T04:01:12","guid":{"rendered":"https:\/\/qqpets.com\/?post_type=product&#038;p=8425"},"modified":"2024-09-30T12:01:12","modified_gmt":"2024-09-30T04:01:12","slug":"nylon-double-two-dog-leash-coupler","status":"publish","type":"product","link":"https:\/\/qqpets.com\/ro\/produs\/nylon-double-two-dog-leash-coupler\/","title":{"rendered":"Nylon dublu dou\u0103 c\u00e2ine cuplaj les\u0103"},"content":{"rendered":"<p>Descoperi\u021bi confortul de a plimba doi c\u00e2ini simultan cu ajutorul cuplorului de les\u0103 dubl\u0103 pentru doi c\u00e2ini din nailon. Conceput special pentru proprietarii de animale de companie cu mai mul\u021bi c\u00e2ini, acest cuplaj permite plimb\u0103ri u\u0219oare \u0219i controlate, f\u0103r\u0103 grija de a jongla cu dou\u0103 lese separate.<\/p>\n<p><strong>Caracteristici principale:<\/strong><\/p>\n<ul>\n<li><strong>Nylon de \u00eenalt\u0103 calitate:<\/strong> Fabricat\u0103 din nailon de calitate superioar\u0103, aceast\u0103 les\u0103 este at\u00e2t durabil\u0103, c\u00e2t \u0219i u\u0219oar\u0103, conceput\u0103 pentru a rezista rigorilor manipul\u0103rii a doi c\u00e2ini \u00een acela\u0219i timp.<\/li>\n<li><strong>Lungime reglabil\u0103:<\/strong> Fiecare parte a lesei poate fi reglat\u0103 independent, permi\u021b\u00e2ndu-v\u0103 s\u0103 personaliza\u021bi distan\u021ba dintre animalele dvs. de companie \u00een func\u021bie de m\u0103rimea \u0219i obiceiurile lor de plimbare.<\/li>\n<li><strong>Cleme pivotante puternice:<\/strong> Echipat cu cleme pivotante robuste, acest cuplaj se ata\u0219eaz\u0103 \u00een siguran\u021b\u0103 la colierele sau hamurile c\u00e2inilor dvs., asigur\u00e2ndu-se c\u0103 ace\u0219tia r\u0103m\u00e2n conecta\u021bi \u00een siguran\u021b\u0103.<\/li>\n<li><strong>Design f\u0103r\u0103 \u00eencurc\u0103turi:<\/strong> Designul pivotant unic previne \u00eencurcarea leselor, chiar \u0219i atunci c\u00e2nd c\u00e2inii dvs. se \u00eencruci\u0219eaz\u0103 pe poteci, permi\u021b\u00e2nd o experien\u021b\u0103 de plimbare f\u0103r\u0103 stres.<\/li>\n<li><strong>Manevrabilitate confortabil\u0103:<\/strong> Dispune de o textur\u0103 neted\u0103 care este u\u0219or de purtat pe m\u00e2ini, chiar \u0219i \u00een timpul plimb\u0103rilor mai lungi, asigur\u00e2nd un confort maxim.<\/li>\n<\/ul>\n<p>Fie c\u0103 v\u0103 plimba\u021bi prin parc sau naviga\u021bi pe trotuare aglomerate, lesa pentru c\u00e2ini Coupler Nylon Double Two v\u0103 simplific\u0103 plimb\u0103rile \u021bin\u00e2nd animalele de companie \u00een siguran\u021b\u0103 \u0219i confortabil al\u0103turi de dvs. Ideal\u0103 pentru toate rasele \u0219i dimensiunile de c\u00e2ini, este un instrument indispensabil pentru proprietarii de animale care doresc s\u0103 se bucure de activit\u0103\u021bile \u00een aer liber \u00eempreun\u0103 cu membrii bl\u0103no\u0219i ai familiei.<\/p>\n<p><strong>Sunt bune lesele duble pentru c\u00e2ini?<\/strong><\/p>\n<p>Lesele duble pentru c\u00e2ini pot fi bune pentru plimbarea simultan\u0103 a doi c\u00e2ini, permi\u021b\u00e2nd un mai bun control \u0219i confort dec\u00e2t utilizarea a dou\u0103 lese separate. Cu toate acestea, ele func\u021bioneaz\u0103 cel mai bine dac\u0103 c\u00e2inii sunt asem\u0103n\u0103tori ca m\u0103rime \u0219i temperament.<\/p>\n<p><strong>De ce folosesc oamenii dou\u0103 lese pentru c\u00e2ini?<\/strong><\/p>\n<p>Oamenii folosesc dou\u0103 lese pe c\u00e2ini pentru a men\u021bine un control mai bun asupra fiec\u0103rui c\u00e2ine \u00een parte, \u00een special atunci c\u00e2nd c\u00e2inii au stiluri diferite de plimbare sau dac\u0103 unul este mai reactiv dec\u00e2t cel\u0103lalt. Aceast\u0103 configura\u021bie ajut\u0103 la gestionarea mai eficient\u0103 a comportamentului fiec\u0103rui c\u00e2ine \u00een timpul plimb\u0103rilor.<\/p>\n<p><strong>Pute\u021bi lega doi c\u00e2ini \u00eempreun\u0103?<\/strong><\/p>\n<p>Da, pute\u021bi lega doi c\u00e2ini \u00eempreun\u0103 folosind o les\u0103 dubl\u0103 pentru c\u00e2ini, care se ramific\u0103 dintr-un singur m\u00e2ner \u00een dou\u0103 lese, permi\u021b\u00e2ndu-v\u0103 s\u0103 plimba\u021bi doi c\u00e2ini cu o singur\u0103 m\u00e2n\u0103. Este important ca c\u00e2inii s\u0103 fie compatibili din punct de vedere al m\u0103rimii \u0219i al comportamentului de mers pentru a preveni \u00eencurcarea \u0219i tragerea.<\/p>\n<p><strong>Cum s\u0103 folosi\u021bi o les\u0103 dubl\u0103 pentru c\u00e2ini?<\/strong><\/p>\n<p>Ata\u0219a\u021bi fiecare clem\u0103 pentru les\u0103 la hamul sau zgarda fiec\u0103rui c\u00e2ine. \u021aine\u021bi m\u00e2nerul unic \u0219i permite\u021bi lesei s\u0103 se distribuie uniform \u00eentre cei doi c\u00e2ini. \u00cencepe\u021bi cu plimb\u0103ri scurte pentru a obi\u0219nui c\u00e2inii s\u0103 mearg\u0103 \u00eempreun\u0103, asigur\u00e2ndu-v\u0103 \u00een acela\u0219i timp c\u0103 au suficient spa\u021biu pentru a merge confortabil f\u0103r\u0103 s\u0103 interfereze unul cu cel\u0103lalt.<\/p>","protected":false},"excerpt":{"rendered":"<p>Perfect pentru familiile cu mai multe animale de companie, acest cuplaj de les\u0103 dubl\u0103 pentru c\u00e2ini din nailon v\u0103 permite s\u0103 plimba\u021bi eficient doi c\u00e2ini deodat\u0103. Fabricat din nailon de \u00eenalt\u0103 rezisten\u021b\u0103, acesta ofer\u0103 durabilitate \u0219i flexibilitate, asigur\u00e2nd o plimbare confortabil\u0103. Curelele reglabile v\u0103 permit s\u0103 personaliza\u021bi lungimea pentru fiecare c\u00e2ine, prevenind \u00eencurcarea \u0219i asigur\u00e2nd confortul individual. Clemele sale pivotante rezistente asigur\u0103 o fixare sigur\u0103 la zgarda sau hamurile c\u00e2inilor dvs. f\u0103c\u00e2nd plimb\u0103rile dvs. f\u0103r\u0103 probleme.<\/p>","protected":false},"featured_media":8426,"template":"","meta":[],"product_brand":[],"product_cat":[27],"product_tag":[],"class_list":{"0":"post-8425","1":"product","2":"type-product","3":"status-publish","4":"has-post-thumbnail","6":"product_cat-dog-leash","7":"pa_brand-qqpets","9":"first","10":"instock","11":"shipping-taxable","12":"product-type-simple"},"yoast_head":"<!-- This site is optimized with the Yoast SEO plugin v26.6 - https:\/\/yoast.com\/wordpress\/plugins\/seo\/ -->\n<title>Nylon Double Two Dog Leash Coupler | QQPETS<\/title>\n<meta name=\"description\" content=\"Walk two dogs simultaneously with ease using our durable Nylon Double Dog Leash Coupler. Ideal for multiple pet owners!\" \/>\n<meta name=\"robots\" content=\"index, follow, max-snippet:-1, max-image-preview:large, max-video-preview:-1\" \/>\n<link rel=\"canonical\" href=\"https:\/\/qqpets.com\/ro\/produs\/nylon-double-two-dog-leash-coupler\/\" \/>\n<meta property=\"og:locale\" content=\"ro_RO\" \/>\n<meta property=\"og:type\" content=\"article\" \/>\n<meta property=\"og:title\" content=\"Nylon Double Two Dog Leash Coupler | QQPETS\" \/>\n<meta property=\"og:description\" content=\"Walk two dogs simultaneously with ease using our durable Nylon Double Dog Leash Coupler. Ideal for multiple pet owners!\" \/>\n<meta property=\"og:url\" content=\"https:\/\/qqpets.com\/ro\/produs\/nylon-double-two-dog-leash-coupler\/\" \/>\n<meta property=\"og:site_name\" content=\"QQPETS\" \/>\n<meta property=\"article:publisher\" content=\"https:\/\/www.facebook.com\/QQpetsdogcollars\" \/>\n<meta property=\"og:image\" content=\"https:\/\/qqpets.com\/wp-content\/uploads\/2024\/09\/two-dog-leash1.webp\" \/>\n\t<meta property=\"og:image:width\" content=\"500\" \/>\n\t<meta property=\"og:image:height\" content=\"500\" \/>\n\t<meta property=\"og:image:type\" content=\"image\/webp\" \/>\n<meta name=\"twitter:card\" content=\"summary_large_image\" \/>\n<meta name=\"twitter:label1\" content=\"Timp estimat pentru citire\" \/>\n\t<meta name=\"twitter:data1\" content=\"3 minute\" \/>\n<script type=\"application\/ld+json\" class=\"yoast-schema-graph\">{\"@context\":\"https:\/\/schema.org\",\"@graph\":[{\"@type\":\"WebPage\",\"@id\":\"https:\/\/qqpets.com\/product\/nylon-double-two-dog-leash-coupler\/\",\"url\":\"https:\/\/qqpets.com\/product\/nylon-double-two-dog-leash-coupler\/\",\"name\":\"Nylon Double Two Dog Leash Coupler | QQPETS\",\"isPartOf\":{\"@id\":\"https:\/\/qqpets.com\/#website\"},\"primaryImageOfPage\":{\"@id\":\"https:\/\/qqpets.com\/product\/nylon-double-two-dog-leash-coupler\/#primaryimage\"},\"image\":{\"@id\":\"https:\/\/qqpets.com\/product\/nylon-double-two-dog-leash-coupler\/#primaryimage\"},\"thumbnailUrl\":\"https:\/\/qqpets.com\/wp-content\/uploads\/2024\/09\/two-dog-leash1.webp\",\"datePublished\":\"2024-09-30T04:01:12+00:00\",\"description\":\"Walk two dogs simultaneously with ease using our durable Nylon Double Dog Leash Coupler. Ideal for multiple pet owners!\",\"breadcrumb\":{\"@id\":\"https:\/\/qqpets.com\/product\/nylon-double-two-dog-leash-coupler\/#breadcrumb\"},\"inLanguage\":\"ro-RO\",\"potentialAction\":[{\"@type\":\"ReadAction\",\"target\":[\"https:\/\/qqpets.com\/product\/nylon-double-two-dog-leash-coupler\/\"]}]},{\"@type\":\"ImageObject\",\"inLanguage\":\"ro-RO\",\"@id\":\"https:\/\/qqpets.com\/product\/nylon-double-two-dog-leash-coupler\/#primaryimage\",\"url\":\"https:\/\/qqpets.com\/wp-content\/uploads\/2024\/09\/two-dog-leash1.webp\",\"contentUrl\":\"https:\/\/qqpets.com\/wp-content\/uploads\/2024\/09\/two-dog-leash1.webp\",\"width\":500,\"height\":500},{\"@type\":\"BreadcrumbList\",\"@id\":\"https:\/\/qqpets.com\/product\/nylon-double-two-dog-leash-coupler\/#breadcrumb\",\"itemListElement\":[{\"@type\":\"ListItem\",\"position\":1,\"name\":\"Home\",\"item\":\"https:\/\/qqpets.com\/\"},{\"@type\":\"ListItem\",\"position\":2,\"name\":\"Products\",\"item\":\"https:\/\/qqpets.com\/pet-products-manufacturer\/\"},{\"@type\":\"ListItem\",\"position\":3,\"name\":\"Nylon Double Two Dog Leash Coupler\"}]},{\"@type\":\"WebSite\",\"@id\":\"https:\/\/qqpets.com\/#website\",\"url\":\"https:\/\/qqpets.com\/\",\"name\":\"QQPETS\",\"description\":\"QQPETS is a pet products factory for dog harnesses, dog collars, dog leashes and dog accessories with professional customized service since 2005.\",\"publisher\":{\"@id\":\"https:\/\/qqpets.com\/#organization\"},\"potentialAction\":[{\"@type\":\"SearchAction\",\"target\":{\"@type\":\"EntryPoint\",\"urlTemplate\":\"https:\/\/qqpets.com\/?s={search_term_string}\"},\"query-input\":{\"@type\":\"PropertyValueSpecification\",\"valueRequired\":true,\"valueName\":\"search_term_string\"}}],\"inLanguage\":\"ro-RO\"},{\"@type\":\"Organization\",\"@id\":\"https:\/\/qqpets.com\/#organization\",\"name\":\"QQPETS\",\"url\":\"https:\/\/qqpets.com\/\",\"logo\":{\"@type\":\"ImageObject\",\"inLanguage\":\"ro-RO\",\"@id\":\"https:\/\/qqpets.com\/#\/schema\/logo\/image\/\",\"url\":\"https:\/\/qqpets.com\/wp-content\/uploads\/2023\/09\/cropped-cropped-qqpets-tiktok.jpg\",\"contentUrl\":\"https:\/\/qqpets.com\/wp-content\/uploads\/2023\/09\/cropped-cropped-qqpets-tiktok.jpg\",\"width\":511,\"height\":511,\"caption\":\"QQPETS\"},\"image\":{\"@id\":\"https:\/\/qqpets.com\/#\/schema\/logo\/image\/\"},\"sameAs\":[\"https:\/\/www.facebook.com\/QQpetsdogcollars\",\"https:\/\/www.instagram.com\/qqpetscollar\/\",\"https:\/\/www.pinterest.com\/qqpetsdogcollarsfactory\/\"]}]}<\/script>\n<!-- \/ Yoast SEO plugin. -->","yoast_head_json":{"title":"Nylon dublu dou\u0103 cuplaj les\u0103 c\u00e2ine | QQPETS","description":"Plimba\u021bi doi c\u00e2ini simultan cu u\u0219urin\u021b\u0103 folosind cuplul nostru durabil din nailon pentru les\u0103 dubl\u0103 pentru c\u00e2ini. Ideal pentru proprietarii mai multor animale de companie!","robots":{"index":"index","follow":"follow","max-snippet":"max-snippet:-1","max-image-preview":"max-image-preview:large","max-video-preview":"max-video-preview:-1"},"canonical":"https:\/\/qqpets.com\/ro\/produs\/nylon-double-two-dog-leash-coupler\/","og_locale":"ro_RO","og_type":"article","og_title":"Nylon Double Two Dog Leash Coupler | QQPETS","og_description":"Walk two dogs simultaneously with ease using our durable Nylon Double Dog Leash Coupler. Ideal for multiple pet owners!","og_url":"https:\/\/qqpets.com\/ro\/produs\/nylon-double-two-dog-leash-coupler\/","og_site_name":"QQPETS","article_publisher":"https:\/\/www.facebook.com\/QQpetsdogcollars","og_image":[{"width":500,"height":500,"url":"https:\/\/qqpets.com\/wp-content\/uploads\/2024\/09\/two-dog-leash1.webp","type":"image\/webp"}],"twitter_card":"summary_large_image","twitter_misc":{"Timp estimat pentru citire":"3 minute"},"schema":{"@context":"https:\/\/schema.org","@graph":[{"@type":"WebPage","@id":"https:\/\/qqpets.com\/product\/nylon-double-two-dog-leash-coupler\/","url":"https:\/\/qqpets.com\/product\/nylon-double-two-dog-leash-coupler\/","name":"Nylon dublu dou\u0103 cuplaj les\u0103 c\u00e2ine | QQPETS","isPartOf":{"@id":"https:\/\/qqpets.com\/#website"},"primaryImageOfPage":{"@id":"https:\/\/qqpets.com\/product\/nylon-double-two-dog-leash-coupler\/#primaryimage"},"image":{"@id":"https:\/\/qqpets.com\/product\/nylon-double-two-dog-leash-coupler\/#primaryimage"},"thumbnailUrl":"https:\/\/qqpets.com\/wp-content\/uploads\/2024\/09\/two-dog-leash1.webp","datePublished":"2024-09-30T04:01:12+00:00","description":"Plimba\u021bi doi c\u00e2ini simultan cu u\u0219urin\u021b\u0103 folosind cuplul nostru durabil din nailon pentru les\u0103 dubl\u0103 pentru c\u00e2ini. Ideal pentru proprietarii mai multor animale de companie!","breadcrumb":{"@id":"https:\/\/qqpets.com\/product\/nylon-double-two-dog-leash-coupler\/#breadcrumb"},"inLanguage":"ro-RO","potentialAction":[{"@type":"ReadAction","target":["https:\/\/qqpets.com\/product\/nylon-double-two-dog-leash-coupler\/"]}]},{"@type":"ImageObject","inLanguage":"ro-RO","@id":"https:\/\/qqpets.com\/product\/nylon-double-two-dog-leash-coupler\/#primaryimage","url":"https:\/\/qqpets.com\/wp-content\/uploads\/2024\/09\/two-dog-leash1.webp","contentUrl":"https:\/\/qqpets.com\/wp-content\/uploads\/2024\/09\/two-dog-leash1.webp","width":500,"height":500},{"@type":"BreadcrumbList","@id":"https:\/\/qqpets.com\/product\/nylon-double-two-dog-leash-coupler\/#breadcrumb","itemListElement":[{"@type":"ListItem","position":1,"name":"Home","item":"https:\/\/qqpets.com\/"},{"@type":"ListItem","position":2,"name":"Products","item":"https:\/\/qqpets.com\/pet-products-manufacturer\/"},{"@type":"ListItem","position":3,"name":"Nylon Double Two Dog Leash Coupler"}]},{"@type":"WebSite","@id":"https:\/\/qqpets.com\/#website","url":"https:\/\/qqpets.com\/","name":"QQPETS","description":"QQPETS este o fabric\u0103 de produse pentru animale de companie pentru hamuri pentru c\u00e2ini, gulere pentru c\u00e2ini, lese pentru c\u00e2ini \u0219i accesorii pentru c\u00e2ini cu servicii profesionale personalizate din 2005.","publisher":{"@id":"https:\/\/qqpets.com\/#organization"},"potentialAction":[{"@type":"SearchAction","target":{"@type":"EntryPoint","urlTemplate":"https:\/\/qqpets.com\/?s={search_term_string}"},"query-input":{"@type":"PropertyValueSpecification","valueRequired":true,"valueName":"search_term_string"}}],"inLanguage":"ro-RO"},{"@type":"Organization","@id":"https:\/\/qqpets.com\/#organization","name":"QQPETS","url":"https:\/\/qqpets.com\/","logo":{"@type":"ImageObject","inLanguage":"ro-RO","@id":"https:\/\/qqpets.com\/#\/schema\/logo\/image\/","url":"https:\/\/qqpets.com\/wp-content\/uploads\/2023\/09\/cropped-cropped-qqpets-tiktok.jpg","contentUrl":"https:\/\/qqpets.com\/wp-content\/uploads\/2023\/09\/cropped-cropped-qqpets-tiktok.jpg","width":511,"height":511,"caption":"QQPETS"},"image":{"@id":"https:\/\/qqpets.com\/#\/schema\/logo\/image\/"},"sameAs":["https:\/\/www.facebook.com\/QQpetsdogcollars","https:\/\/www.instagram.com\/qqpetscollar\/","https:\/\/www.pinterest.com\/qqpetsdogcollarsfactory\/"]}]}},"_links":{"self":[{"href":"https:\/\/qqpets.com\/ro\/wp-json\/wp\/v2\/product\/8425","targetHints":{"allow":["GET"]}}],"collection":[{"href":"https:\/\/qqpets.com\/ro\/wp-json\/wp\/v2\/product"}],"about":[{"href":"https:\/\/qqpets.com\/ro\/wp-json\/wp\/v2\/types\/product"}],"wp:featuredmedia":[{"embeddable":true,"href":"https:\/\/qqpets.com\/ro\/wp-json\/wp\/v2\/media\/8426"}],"wp:attachment":[{"href":"https:\/\/qqpets.com\/ro\/wp-json\/wp\/v2\/media?parent=8425"}],"wp:term":[{"taxonomy":"product_brand","embeddable":true,"href":"https:\/\/qqpets.com\/ro\/wp-json\/wp\/v2\/product_brand?post=8425"},{"taxonomy":"product_cat","embeddable":true,"href":"https:\/\/qqpets.com\/ro\/wp-json\/wp\/v2\/product_cat?post=8425"},{"taxonomy":"product_tag","embeddable":true,"href":"https:\/\/qqpets.com\/ro\/wp-json\/wp\/v2\/product_tag?post=8425"}],"curies":[{"name":"wp","href":"https:\/\/api.w.org\/{rel}","templated":true}]}}