{"id":8430,"date":"2024-09-30T15:30:55","date_gmt":"2024-09-30T07:30:55","guid":{"rendered":"https:\/\/qqpets.com\/?post_type=product&#038;p=8430"},"modified":"2024-09-30T16:21:23","modified_gmt":"2024-09-30T08:21:23","slug":"escape-proof-cat-harness-leash-set","status":"publish","type":"product","link":"https:\/\/qqpets.com\/ro\/produs\/escape-proof-cat-harness-leash-set\/","title":{"rendered":"Set de hamuri \u0219i lese pentru pisici Escape Proof"},"content":{"rendered":"<p>P\u0103stra\u021bi-v\u0103 pisica \u00een siguran\u021b\u0103 \u0219i confortabil\u0103 \u00een timp ce explora\u021bi exteriorul cu setul nostru de hamuri \u0219i lese pentru pisici Escape Proof. Acest set de hamuri bine conceput asigur\u0103 faptul c\u0103 felina dvs. aventuroas\u0103 se poate bucura de exterior f\u0103r\u0103 riscul de a evada.<\/p>\n<p><strong>Caracteristici principale:<\/strong><\/p>\n<ul>\n<li><strong>Potrivire personalizat\u0103:<\/strong> Curelele reglabile asigur\u0103 o potrivire str\u00e2ns\u0103 \u0219i sigur\u0103, asigur\u00e2nd c\u0103 hamul r\u0103m\u00e2ne pe pisica dvs. chiar \u0219i \u00een timpul activit\u0103\u021bii viguroase.<\/li>\n<li><strong>Material u\u0219or:<\/strong> Fabricat dintr-o \u021bes\u0103tur\u0103 respirabil\u0103 \u0219i u\u0219oar\u0103, care nu v\u0103 va \u00eengreuna pisica, fiind ideal pentru purtare prelungit\u0103.<\/li>\n<li><strong>Construc\u021bie durabil\u0103:<\/strong> Materialul de \u00eenalt\u0103 calitate este construit pentru a dura \u0219i rezist\u0103 uzurii zilnice, men\u021bin\u00e2ndu-\u0219i forma \u0219i func\u021bionalitatea.<\/li>\n<li><strong>Siguran\u021ba \u00eenainte de toate:<\/strong> Harna\u0219amentul are o \u00eencuietoare sigur\u0103 care blocheaz\u0103 harna\u0219amentul \u00een pozi\u021bie, \u00eempreun\u0103 cu o clem\u0103 puternic\u0103 pentru les\u0103 care asigur\u0103 c\u0103 pisica dvs. r\u0103m\u00e2ne \u00een siguran\u021b\u0103 l\u00e2ng\u0103 dvs.<\/li>\n<li><strong>Design elegant:<\/strong> Disponibil \u00eentr-o pl\u0103cut\u0103 culoare aqua, nu numai c\u0103 v\u0103 \u021bine pisica \u00een siguran\u021b\u0103, dar arat\u0103 \u0219i grozav, f\u0103c\u00e2nd din animalul dumneavoastr\u0103 cea mai elegant\u0103 pisic\u0103 din cartier.<\/li>\n<li><strong>Vizibilitate crescut\u0103:<\/strong> Culoarea str\u0103lucitoare spore\u0219te vizibilitatea pisicii dvs., f\u0103c\u00e2nd mai u\u0219or s\u0103 o supraveghea\u021bi \u00een timpul amurgului \u0219i al zorilor.<\/li>\n<\/ul>\n<p>Setul de hamuri \u0219i lese pentru pisici Escape Proof este un accesoriu esen\u021bial pentru orice proprietar de pisic\u0103 care dore\u0219te s\u0103 \u00eembun\u0103t\u0103\u021beasc\u0103 \u00een siguran\u021b\u0103 experien\u021bele animalului s\u0103u de companie \u00een aer liber. Este perfect pentru plimbare, jogging sau pur \u0219i simplu pentru a v\u0103 bucura de o zi \u00eensorit\u0103 \u00een gr\u0103din\u0103. Echipa\u021bi-v\u0103 pisica cu acest set de ham \u0219i les\u0103 \u0219i bucura\u021bi-v\u0103 de lini\u0219tea sufleteasc\u0103 \u0219tiind c\u0103 este \u00een siguran\u021b\u0103 \u0219i confortabil oriunde o duce aventura.<\/p>\n<h5><strong>Exist\u0103 un ham din care o pisic\u0103 s\u0103 nu poat\u0103 sc\u0103pa?<\/strong><\/h5>\n<p>De\u0219i niciun ham nu este complet rezistent la evadare, hamurile proiectate cu o potrivire str\u00e2ns\u0103 \u0219i \u00eenchideri sigure reduc la minimum probabilitatea ca o pisic\u0103 s\u0103 scape.<\/p>\n<h5><strong>Care este cel mai bun ham f\u0103r\u0103 sc\u0103pare pentru pisici?<\/strong><\/h5>\n<p>Cele mai bune hamuri f\u0103r\u0103 sc\u0103pare pentru pisici sunt, de obicei, hamurile de tip \"H\" sau de tip vest\u0103, confec\u021bionate din materiale sigure \u0219i reglabile, care asigur\u0103 o potrivire str\u00e2ns\u0103, permi\u021b\u00e2nd \u00een acela\u0219i timp o mi\u0219care confortabil\u0103.<\/p>\n<h5><strong>Cum se face un ham de pisic\u0103 rezistent la evadare?<\/strong><\/h5>\n<p>Asigura\u021bi-v\u0103 c\u0103 hamul este corect adaptat la corpul pisicii: trebuie s\u0103 fie str\u00e2ns, dar nu prea str\u00e2ns, f\u0103r\u0103 ca pisica s\u0103 se poat\u0103 mi\u0219ca liber. Verifica\u021bi \u0219i ajusta\u021bi regulat potrivirea, \u00een special pe m\u0103sur\u0103 ce pisica cre\u0219te sau dac\u0103 i se modific\u0103 greutatea.<\/p>\n<h5><strong>Ce face ca un ham s\u0103 fie rezistent la evadare?<\/strong><\/h5>\n<p>Un ham rezistent la evadare include de obicei curele reglabile care se potrivesc str\u00e2ns \u00een jurul corpului, \u00eenchideri sigure care \u00eempiedic\u0103 alunecarea \u0219i materiale durabile care rezist\u0103 la trac\u021biune \u0219i r\u0103sucire.<\/p>","protected":false},"excerpt":{"rendered":"<p>Descoperi\u021bi combina\u021bia perfect\u0103 de siguran\u021b\u0103 \u0219i confort cu setul nostru de hamuri \u0219i lese pentru pisici Escape Proof, conceput special pentru pisici. Acest set include un ham reglabil care se potrive\u0219te perfect pentru a preveni alunecarea pisicii, al\u0103turi de o les\u0103 asortat\u0103 pentru explor\u0103ri \u00een siguran\u021b\u0103. Fabricat din material durabil \u0219i u\u0219or, acesta asigur\u0103 confortul pisicii dvs. \u00een timpul plimb\u0103rilor lungi. Culoarea vibrant\u0103 spore\u0219te vizibilitatea, fiind at\u00e2t o alegere practic\u0103, c\u00e2t \u0219i elegant\u0103 pentru aventurile \u00een aer liber ale animalului dvs. de companie.<\/p>","protected":false},"featured_media":8431,"template":"","meta":[],"product_brand":[],"product_cat":[23],"product_tag":[],"class_list":{"0":"post-8430","1":"product","2":"type-product","3":"status-publish","4":"has-post-thumbnail","6":"product_cat-dog-harness","7":"pa_brand-qqpets","9":"first","10":"instock","11":"shipping-taxable","12":"product-type-simple"},"yoast_head":"<!-- This site is optimized with the Yoast SEO plugin v26.6 - https:\/\/yoast.com\/wordpress\/plugins\/seo\/ -->\n<title>Escape Proof Cat Harness Leash Set | QQPETS<\/title>\n<meta name=\"description\" content=\"Lightweight, secure Escape Proof Cat Harness Leash Set for safe and enjoyable outdoor adventures with your feline.\" \/>\n<meta name=\"robots\" content=\"index, follow, max-snippet:-1, max-image-preview:large, max-video-preview:-1\" \/>\n<link rel=\"canonical\" href=\"https:\/\/qqpets.com\/ro\/produs\/escape-proof-cat-harness-leash-set\/\" \/>\n<meta property=\"og:locale\" content=\"ro_RO\" \/>\n<meta property=\"og:type\" content=\"article\" \/>\n<meta property=\"og:title\" content=\"Escape Proof Cat Harness Leash Set | QQPETS\" \/>\n<meta property=\"og:description\" content=\"Lightweight, secure Escape Proof Cat Harness Leash Set for safe and enjoyable outdoor adventures with your feline.\" \/>\n<meta property=\"og:url\" content=\"https:\/\/qqpets.com\/ro\/produs\/escape-proof-cat-harness-leash-set\/\" \/>\n<meta property=\"og:site_name\" content=\"QQPETS\" \/>\n<meta property=\"article:publisher\" content=\"https:\/\/www.facebook.com\/QQpetsdogcollars\" \/>\n<meta property=\"article:modified_time\" content=\"2024-09-30T08:21:23+00:00\" \/>\n<meta property=\"og:image\" content=\"https:\/\/qqpets.com\/wp-content\/uploads\/2024\/09\/escape-proof-dog-harness-strap.webp\" \/>\n\t<meta property=\"og:image:width\" content=\"1404\" \/>\n\t<meta property=\"og:image:height\" content=\"1500\" \/>\n\t<meta property=\"og:image:type\" content=\"image\/webp\" \/>\n<meta name=\"twitter:card\" content=\"summary_large_image\" \/>\n<meta name=\"twitter:label1\" content=\"Timp estimat pentru citire\" \/>\n\t<meta name=\"twitter:data1\" content=\"2 minute\" \/>\n<script type=\"application\/ld+json\" class=\"yoast-schema-graph\">{\"@context\":\"https:\/\/schema.org\",\"@graph\":[{\"@type\":\"WebPage\",\"@id\":\"https:\/\/qqpets.com\/product\/escape-proof-cat-harness-leash-set\/\",\"url\":\"https:\/\/qqpets.com\/product\/escape-proof-cat-harness-leash-set\/\",\"name\":\"Escape Proof Cat Harness Leash Set | QQPETS\",\"isPartOf\":{\"@id\":\"https:\/\/qqpets.com\/#website\"},\"primaryImageOfPage\":{\"@id\":\"https:\/\/qqpets.com\/product\/escape-proof-cat-harness-leash-set\/#primaryimage\"},\"image\":{\"@id\":\"https:\/\/qqpets.com\/product\/escape-proof-cat-harness-leash-set\/#primaryimage\"},\"thumbnailUrl\":\"https:\/\/qqpets.com\/wp-content\/uploads\/2024\/09\/escape-proof-dog-harness-strap.webp\",\"datePublished\":\"2024-09-30T07:30:55+00:00\",\"dateModified\":\"2024-09-30T08:21:23+00:00\",\"description\":\"Lightweight, secure Escape Proof Cat Harness Leash Set for safe and enjoyable outdoor adventures with your feline.\",\"breadcrumb\":{\"@id\":\"https:\/\/qqpets.com\/product\/escape-proof-cat-harness-leash-set\/#breadcrumb\"},\"inLanguage\":\"ro-RO\",\"potentialAction\":[{\"@type\":\"ReadAction\",\"target\":[\"https:\/\/qqpets.com\/product\/escape-proof-cat-harness-leash-set\/\"]}]},{\"@type\":\"ImageObject\",\"inLanguage\":\"ro-RO\",\"@id\":\"https:\/\/qqpets.com\/product\/escape-proof-cat-harness-leash-set\/#primaryimage\",\"url\":\"https:\/\/qqpets.com\/wp-content\/uploads\/2024\/09\/escape-proof-dog-harness-strap.webp\",\"contentUrl\":\"https:\/\/qqpets.com\/wp-content\/uploads\/2024\/09\/escape-proof-dog-harness-strap.webp\",\"width\":1404,\"height\":1500},{\"@type\":\"BreadcrumbList\",\"@id\":\"https:\/\/qqpets.com\/product\/escape-proof-cat-harness-leash-set\/#breadcrumb\",\"itemListElement\":[{\"@type\":\"ListItem\",\"position\":1,\"name\":\"Home\",\"item\":\"https:\/\/qqpets.com\/\"},{\"@type\":\"ListItem\",\"position\":2,\"name\":\"Products\",\"item\":\"https:\/\/qqpets.com\/pet-products-manufacturer\/\"},{\"@type\":\"ListItem\",\"position\":3,\"name\":\"Escape Proof Cat Harness Leash Set\"}]},{\"@type\":\"WebSite\",\"@id\":\"https:\/\/qqpets.com\/#website\",\"url\":\"https:\/\/qqpets.com\/\",\"name\":\"QQPETS\",\"description\":\"QQPETS is a pet products factory for dog harnesses, dog collars, dog leashes and dog accessories with professional customized service since 2005.\",\"publisher\":{\"@id\":\"https:\/\/qqpets.com\/#organization\"},\"potentialAction\":[{\"@type\":\"SearchAction\",\"target\":{\"@type\":\"EntryPoint\",\"urlTemplate\":\"https:\/\/qqpets.com\/?s={search_term_string}\"},\"query-input\":{\"@type\":\"PropertyValueSpecification\",\"valueRequired\":true,\"valueName\":\"search_term_string\"}}],\"inLanguage\":\"ro-RO\"},{\"@type\":\"Organization\",\"@id\":\"https:\/\/qqpets.com\/#organization\",\"name\":\"QQPETS\",\"url\":\"https:\/\/qqpets.com\/\",\"logo\":{\"@type\":\"ImageObject\",\"inLanguage\":\"ro-RO\",\"@id\":\"https:\/\/qqpets.com\/#\/schema\/logo\/image\/\",\"url\":\"https:\/\/qqpets.com\/wp-content\/uploads\/2023\/09\/cropped-cropped-qqpets-tiktok.jpg\",\"contentUrl\":\"https:\/\/qqpets.com\/wp-content\/uploads\/2023\/09\/cropped-cropped-qqpets-tiktok.jpg\",\"width\":511,\"height\":511,\"caption\":\"QQPETS\"},\"image\":{\"@id\":\"https:\/\/qqpets.com\/#\/schema\/logo\/image\/\"},\"sameAs\":[\"https:\/\/www.facebook.com\/QQpetsdogcollars\",\"https:\/\/www.instagram.com\/qqpetscollar\/\",\"https:\/\/www.pinterest.com\/qqpetsdogcollarsfactory\/\"]}]}<\/script>\n<!-- \/ Yoast SEO plugin. -->","yoast_head_json":{"title":"Set ham \u0219i les\u0103 pentru pisici Escape Proof | QQPETS","description":"Set de hamuri \u0219i lese pentru pisici, u\u0219or \u0219i sigur, Escape Proof, pentru aventuri \u00een aer liber sigure \u0219i pl\u0103cute cu felina dvs.","robots":{"index":"index","follow":"follow","max-snippet":"max-snippet:-1","max-image-preview":"max-image-preview:large","max-video-preview":"max-video-preview:-1"},"canonical":"https:\/\/qqpets.com\/ro\/produs\/escape-proof-cat-harness-leash-set\/","og_locale":"ro_RO","og_type":"article","og_title":"Escape Proof Cat Harness Leash Set | QQPETS","og_description":"Lightweight, secure Escape Proof Cat Harness Leash Set for safe and enjoyable outdoor adventures with your feline.","og_url":"https:\/\/qqpets.com\/ro\/produs\/escape-proof-cat-harness-leash-set\/","og_site_name":"QQPETS","article_publisher":"https:\/\/www.facebook.com\/QQpetsdogcollars","article_modified_time":"2024-09-30T08:21:23+00:00","og_image":[{"width":1404,"height":1500,"url":"https:\/\/qqpets.com\/wp-content\/uploads\/2024\/09\/escape-proof-dog-harness-strap.webp","type":"image\/webp"}],"twitter_card":"summary_large_image","twitter_misc":{"Timp estimat pentru citire":"2 minute"},"schema":{"@context":"https:\/\/schema.org","@graph":[{"@type":"WebPage","@id":"https:\/\/qqpets.com\/product\/escape-proof-cat-harness-leash-set\/","url":"https:\/\/qqpets.com\/product\/escape-proof-cat-harness-leash-set\/","name":"Set ham \u0219i les\u0103 pentru pisici Escape Proof | QQPETS","isPartOf":{"@id":"https:\/\/qqpets.com\/#website"},"primaryImageOfPage":{"@id":"https:\/\/qqpets.com\/product\/escape-proof-cat-harness-leash-set\/#primaryimage"},"image":{"@id":"https:\/\/qqpets.com\/product\/escape-proof-cat-harness-leash-set\/#primaryimage"},"thumbnailUrl":"https:\/\/qqpets.com\/wp-content\/uploads\/2024\/09\/escape-proof-dog-harness-strap.webp","datePublished":"2024-09-30T07:30:55+00:00","dateModified":"2024-09-30T08:21:23+00:00","description":"Set de hamuri \u0219i lese pentru pisici, u\u0219or \u0219i sigur, Escape Proof, pentru aventuri \u00een aer liber sigure \u0219i pl\u0103cute cu felina dvs.","breadcrumb":{"@id":"https:\/\/qqpets.com\/product\/escape-proof-cat-harness-leash-set\/#breadcrumb"},"inLanguage":"ro-RO","potentialAction":[{"@type":"ReadAction","target":["https:\/\/qqpets.com\/product\/escape-proof-cat-harness-leash-set\/"]}]},{"@type":"ImageObject","inLanguage":"ro-RO","@id":"https:\/\/qqpets.com\/product\/escape-proof-cat-harness-leash-set\/#primaryimage","url":"https:\/\/qqpets.com\/wp-content\/uploads\/2024\/09\/escape-proof-dog-harness-strap.webp","contentUrl":"https:\/\/qqpets.com\/wp-content\/uploads\/2024\/09\/escape-proof-dog-harness-strap.webp","width":1404,"height":1500},{"@type":"BreadcrumbList","@id":"https:\/\/qqpets.com\/product\/escape-proof-cat-harness-leash-set\/#breadcrumb","itemListElement":[{"@type":"ListItem","position":1,"name":"Home","item":"https:\/\/qqpets.com\/"},{"@type":"ListItem","position":2,"name":"Products","item":"https:\/\/qqpets.com\/pet-products-manufacturer\/"},{"@type":"ListItem","position":3,"name":"Escape Proof Cat Harness Leash Set"}]},{"@type":"WebSite","@id":"https:\/\/qqpets.com\/#website","url":"https:\/\/qqpets.com\/","name":"QQPETS","description":"QQPETS este o fabric\u0103 de produse pentru animale de companie pentru hamuri pentru c\u00e2ini, gulere pentru c\u00e2ini, lese pentru c\u00e2ini \u0219i accesorii pentru c\u00e2ini cu servicii profesionale personalizate din 2005.","publisher":{"@id":"https:\/\/qqpets.com\/#organization"},"potentialAction":[{"@type":"SearchAction","target":{"@type":"EntryPoint","urlTemplate":"https:\/\/qqpets.com\/?s={search_term_string}"},"query-input":{"@type":"PropertyValueSpecification","valueRequired":true,"valueName":"search_term_string"}}],"inLanguage":"ro-RO"},{"@type":"Organization","@id":"https:\/\/qqpets.com\/#organization","name":"QQPETS","url":"https:\/\/qqpets.com\/","logo":{"@type":"ImageObject","inLanguage":"ro-RO","@id":"https:\/\/qqpets.com\/#\/schema\/logo\/image\/","url":"https:\/\/qqpets.com\/wp-content\/uploads\/2023\/09\/cropped-cropped-qqpets-tiktok.jpg","contentUrl":"https:\/\/qqpets.com\/wp-content\/uploads\/2023\/09\/cropped-cropped-qqpets-tiktok.jpg","width":511,"height":511,"caption":"QQPETS"},"image":{"@id":"https:\/\/qqpets.com\/#\/schema\/logo\/image\/"},"sameAs":["https:\/\/www.facebook.com\/QQpetsdogcollars","https:\/\/www.instagram.com\/qqpetscollar\/","https:\/\/www.pinterest.com\/qqpetsdogcollarsfactory\/"]}]}},"_links":{"self":[{"href":"https:\/\/qqpets.com\/ro\/wp-json\/wp\/v2\/product\/8430","targetHints":{"allow":["GET"]}}],"collection":[{"href":"https:\/\/qqpets.com\/ro\/wp-json\/wp\/v2\/product"}],"about":[{"href":"https:\/\/qqpets.com\/ro\/wp-json\/wp\/v2\/types\/product"}],"wp:featuredmedia":[{"embeddable":true,"href":"https:\/\/qqpets.com\/ro\/wp-json\/wp\/v2\/media\/8431"}],"wp:attachment":[{"href":"https:\/\/qqpets.com\/ro\/wp-json\/wp\/v2\/media?parent=8430"}],"wp:term":[{"taxonomy":"product_brand","embeddable":true,"href":"https:\/\/qqpets.com\/ro\/wp-json\/wp\/v2\/product_brand?post=8430"},{"taxonomy":"product_cat","embeddable":true,"href":"https:\/\/qqpets.com\/ro\/wp-json\/wp\/v2\/product_cat?post=8430"},{"taxonomy":"product_tag","embeddable":true,"href":"https:\/\/qqpets.com\/ro\/wp-json\/wp\/v2\/product_tag?post=8430"}],"curies":[{"name":"wp","href":"https:\/\/api.w.org\/{rel}","templated":true}]}}