{"id":8450,"date":"2024-09-30T16:45:10","date_gmt":"2024-09-30T08:45:10","guid":{"rendered":"https:\/\/qqpets.com\/?post_type=product&#038;p=8450"},"modified":"2024-09-30T16:46:41","modified_gmt":"2024-09-30T08:46:41","slug":"air-tag-dog-collar-case","status":"publish","type":"product","link":"https:\/\/qqpets.com\/ro\/produs\/air-tag-dog-collar-case\/","title":{"rendered":"Air Tag caz guler c\u00e2ine"},"content":{"rendered":"<p>Descoperi\u021bi modalitatea perfect\u0103 de a v\u0103 p\u0103stra animalul de companie \u00een siguran\u021b\u0103 \u0219i elegant cu husa noastr\u0103 AirTag Dog Collar. Acest caz este creat special pentru proprietarii de animale de companie care doresc s\u0103 utilizeze tehnologia modern\u0103 de urm\u0103rire f\u0103r\u0103 a compromite stilul sau durabilitatea.<\/p>\n<p><strong>Caracteristici principale:<\/strong><\/p>\n<ul>\n<li><strong>Material durabil:<\/strong> Fabricat\u0103 dintr-o \u021bes\u0103tur\u0103 robust\u0103 \u0219i u\u0219oar\u0103, aceast\u0103 hus\u0103 este rezistent\u0103 la zg\u00e2rieturi \u0219i lavabil\u0103, asigur\u00e2nd o utilizare de lung\u0103 durat\u0103 \u0219i o \u00eentre\u021binere u\u0219oar\u0103.<\/li>\n<li><strong>Protec\u021bie cuprinz\u0103toare:<\/strong> Conceput\u0103 pentru a proteja AirTag-ul de ap\u0103, praf \u0219i zg\u00e2rieturi, carcasa asigur\u0103 c\u0103 dispozitivul de urm\u0103rire r\u0103m\u00e2ne \u00een stare perfect\u0103, protej\u00e2ndu-v\u0103 investi\u021bia \u0219i men\u021bin\u00e2ndu-v\u0103 animalul de companie localizabil \u00een orice mediu.<\/li>\n<li><strong>Mode-Forward Designs:<\/strong> Disponibil\u0103 \u00eentr-o gam\u0103 larg\u0103 de modele \u0219i culori, aceast\u0103 cutie pentru zgard\u0103 permite personalizarea aspectului animalului dvs. de companie. Alege\u021bi de la imprimeuri juc\u0103u\u0219e la modele elegante care asigur\u0103 c\u0103 animalul dvs. de companie iese \u00een eviden\u021b\u0103 \u00een timp ce r\u0103m\u00e2ne \u00een siguran\u021b\u0103.<\/li>\n<li><strong>U\u0219or de utilizat:<\/strong> Carcasa poate fi ata\u0219at\u0103 rapid la orice zgard\u0103 standard pentru animale de companie (de la 0,5 la 1,2 inchi l\u0103\u021bime), oferind o potrivire str\u00e2ns\u0103 \u0219i sigur\u0103 care previne pierderea sau deteriorarea AirTag-ului \u00een timpul jocului activ sau \u00een timpul odihnei.<\/li>\n<li><strong>Versatilitate:<\/strong> De\u0219i a fost proiectat\u0103 pentru AirTags, carcasa flexibil\u0103 a acestei carcase o face potrivit\u0103 pentru alte dispozitive de urm\u0103rire de dimensiuni similare, oferind versatilitate pentru diferitele nevoi ale proprietarilor de animale.<\/li>\n<\/ul>\n<p>Ridica\u021bi siguran\u021ba animalului dvs. de companie cu carcasa noastr\u0103 AirTag Dog Collar. Nu este doar un accesoriu, ci \u0219i o necesitate pentru siguran\u021ba modern\u0103 a animalelor de companie, asigur\u00e2ndu-se c\u0103 animalul dvs. de companie r\u0103m\u00e2ne \u00een siguran\u021b\u0103 \u0219i elegant, fie acas\u0103 sau \u00een mi\u0219care. Ideal\u0103 pentru proprietarii grijulii de animale de companie, aceast\u0103 carcas\u0103 este un plus excelent pentru orice set de instrumente de siguran\u021b\u0103 pentru animale de companie.<\/p>\n<h5><strong>Este sigur s\u0103 pune\u021bi un AirTag pe zgarda unui c\u00e2ine?<\/strong><\/h5>\n<p>Da, este sigur s\u0103 pune\u021bi un AirTag pe zgarda unui c\u00e2ine at\u00e2ta timp c\u00e2t este bine fixat \u0219i c\u00e2inele nu \u00eel poate roade. Este o modalitate convenabil\u0103 de a urm\u0103ri loca\u021bia c\u00e2inelui dumneavoastr\u0103 \u00een cazul \u00een care acesta se r\u0103t\u0103ce\u0219te.<\/p>\n<h5><strong>Func\u021bioneaz\u0103 un AirTag pe un c\u00e2ine?<\/strong><\/h5>\n<p>Da, un AirTag poate func\u021biona pe un c\u00e2ine prin ata\u0219area sa la zgarda acestuia. Acesta utilizeaz\u0103 tehnologia Bluetooth pentru a furniza actualiz\u0103ri ale loca\u021biei dispozitivelor Apple, ajut\u00e2ndu-v\u0103 s\u0103 urm\u0103ri\u021bi loca\u021bia animalului dvs. de companie.<\/p>\n<h5><strong>Cum fixa\u021bi un AirTag la zgarda unui c\u00e2ine?<\/strong><\/h5>\n<p>Fixa\u021bi un AirTag pe zgarda unui c\u00e2ine folosind un suport special conceput pentru AirTag-uri. Aceste suporturi pot fi prinse de zgard\u0103 sau prinse \u00een bucl\u0103, asigur\u00e2ndu-se c\u0103 AirTag r\u0103m\u00e2ne bine fixat.<\/p>\n<h5><strong>Este AirTag rezistent la ap\u0103?<\/strong><\/h5>\n<p>Da, AirTag este rezistent la ap\u0103 cu o clasificare IP67, ceea ce \u00eenseamn\u0103 c\u0103 poate rezista imersiunii \u00een ap\u0103 de p\u00e2n\u0103 la 1 metru ad\u00e2ncime timp de aproximativ 30 de minute, ceea ce \u00eel face potrivit pentru utilizarea pe zg\u0103rzile de c\u00e2ini chiar \u0219i \u00een condi\u021bii de umiditate.<\/p>","protected":false},"excerpt":{"rendered":"<p>Aceast\u0103 hus\u0103 pentru gulerul c\u00e2inelui AirTag combin\u0103 func\u021bionalitatea cu stilul, fiind conceput\u0103 special pentru a fixa AirTag-ul pe zgarda c\u00e2inelui, oferind \u00een acela\u0219i timp protec\u021bie superioar\u0103 \u00eempotriva elementelor. Fabricat\u0103 din materiale durabile \u0219i lavabile, este construit\u0103 pentru a rezista uzurii zilnice, p\u0103str\u00e2nd AirTag-ul la ad\u0103post de praf, zg\u00e2rieturi \u0219i ap\u0103. Designul s\u0103u adaptabil se potrive\u0219te majorit\u0103\u021bii gulerelor \u0219i vine \u00een diverse culori \u0219i modele, perfect pentru a ad\u0103uga o not\u0103 de stil ansamblului zilnic al animalului dvs. de companie.<\/p>","protected":false},"featured_media":8451,"template":"","meta":[],"product_brand":[],"product_cat":[26],"product_tag":[],"class_list":{"0":"post-8450","1":"product","2":"type-product","3":"status-publish","4":"has-post-thumbnail","6":"product_cat-dog-collar","7":"pa_brand-qqpets","9":"first","10":"instock","11":"shipping-taxable","12":"product-type-simple"},"yoast_head":"<!-- This site is optimized with the Yoast SEO plugin v26.6 - https:\/\/yoast.com\/wordpress\/plugins\/seo\/ -->\n<title>Air Tag Dog Collar Case | QQPETS<\/title>\n<meta name=\"description\" content=\"Secure and stylish AirTag Dog Collar Case, ideal for protecting your pet&#039;s tracker.\" \/>\n<meta name=\"robots\" content=\"index, follow, max-snippet:-1, max-image-preview:large, max-video-preview:-1\" \/>\n<link rel=\"canonical\" href=\"https:\/\/qqpets.com\/ro\/produs\/air-tag-dog-collar-case\/\" \/>\n<meta property=\"og:locale\" content=\"ro_RO\" \/>\n<meta property=\"og:type\" content=\"article\" \/>\n<meta property=\"og:title\" content=\"Air Tag Dog Collar Case | QQPETS\" \/>\n<meta property=\"og:description\" content=\"Secure and stylish AirTag Dog Collar Case, ideal for protecting your pet&#039;s tracker.\" \/>\n<meta property=\"og:url\" content=\"https:\/\/qqpets.com\/ro\/produs\/air-tag-dog-collar-case\/\" \/>\n<meta property=\"og:site_name\" content=\"QQPETS\" \/>\n<meta property=\"article:publisher\" content=\"https:\/\/www.facebook.com\/QQpetsdogcollars\" \/>\n<meta property=\"article:modified_time\" content=\"2024-09-30T08:46:41+00:00\" \/>\n<meta property=\"og:image\" content=\"https:\/\/qqpets.com\/wp-content\/uploads\/2024\/09\/airtag-dog-collar1.webp\" \/>\n\t<meta property=\"og:image:width\" content=\"800\" \/>\n\t<meta property=\"og:image:height\" content=\"800\" \/>\n\t<meta property=\"og:image:type\" content=\"image\/webp\" \/>\n<meta name=\"twitter:card\" content=\"summary_large_image\" \/>\n<meta name=\"twitter:label1\" content=\"Timp estimat pentru citire\" \/>\n\t<meta name=\"twitter:data1\" content=\"3 minute\" \/>\n<script type=\"application\/ld+json\" class=\"yoast-schema-graph\">{\"@context\":\"https:\/\/schema.org\",\"@graph\":[{\"@type\":\"WebPage\",\"@id\":\"https:\/\/qqpets.com\/product\/air-tag-dog-collar-case\/\",\"url\":\"https:\/\/qqpets.com\/product\/air-tag-dog-collar-case\/\",\"name\":\"Air Tag Dog Collar Case | QQPETS\",\"isPartOf\":{\"@id\":\"https:\/\/qqpets.com\/#website\"},\"primaryImageOfPage\":{\"@id\":\"https:\/\/qqpets.com\/product\/air-tag-dog-collar-case\/#primaryimage\"},\"image\":{\"@id\":\"https:\/\/qqpets.com\/product\/air-tag-dog-collar-case\/#primaryimage\"},\"thumbnailUrl\":\"https:\/\/qqpets.com\/wp-content\/uploads\/2024\/09\/airtag-dog-collar1.webp\",\"datePublished\":\"2024-09-30T08:45:10+00:00\",\"dateModified\":\"2024-09-30T08:46:41+00:00\",\"description\":\"Secure and stylish AirTag Dog Collar Case, ideal for protecting your pet's tracker.\",\"breadcrumb\":{\"@id\":\"https:\/\/qqpets.com\/product\/air-tag-dog-collar-case\/#breadcrumb\"},\"inLanguage\":\"ro-RO\",\"potentialAction\":[{\"@type\":\"ReadAction\",\"target\":[\"https:\/\/qqpets.com\/product\/air-tag-dog-collar-case\/\"]}]},{\"@type\":\"ImageObject\",\"inLanguage\":\"ro-RO\",\"@id\":\"https:\/\/qqpets.com\/product\/air-tag-dog-collar-case\/#primaryimage\",\"url\":\"https:\/\/qqpets.com\/wp-content\/uploads\/2024\/09\/airtag-dog-collar1.webp\",\"contentUrl\":\"https:\/\/qqpets.com\/wp-content\/uploads\/2024\/09\/airtag-dog-collar1.webp\",\"width\":800,\"height\":800},{\"@type\":\"BreadcrumbList\",\"@id\":\"https:\/\/qqpets.com\/product\/air-tag-dog-collar-case\/#breadcrumb\",\"itemListElement\":[{\"@type\":\"ListItem\",\"position\":1,\"name\":\"Home\",\"item\":\"https:\/\/qqpets.com\/\"},{\"@type\":\"ListItem\",\"position\":2,\"name\":\"Products\",\"item\":\"https:\/\/qqpets.com\/pet-products-manufacturer\/\"},{\"@type\":\"ListItem\",\"position\":3,\"name\":\"Air Tag Dog Collar Case\"}]},{\"@type\":\"WebSite\",\"@id\":\"https:\/\/qqpets.com\/#website\",\"url\":\"https:\/\/qqpets.com\/\",\"name\":\"QQPETS\",\"description\":\"QQPETS is a pet products factory for dog harnesses, dog collars, dog leashes and dog accessories with professional customized service since 2005.\",\"publisher\":{\"@id\":\"https:\/\/qqpets.com\/#organization\"},\"potentialAction\":[{\"@type\":\"SearchAction\",\"target\":{\"@type\":\"EntryPoint\",\"urlTemplate\":\"https:\/\/qqpets.com\/?s={search_term_string}\"},\"query-input\":{\"@type\":\"PropertyValueSpecification\",\"valueRequired\":true,\"valueName\":\"search_term_string\"}}],\"inLanguage\":\"ro-RO\"},{\"@type\":\"Organization\",\"@id\":\"https:\/\/qqpets.com\/#organization\",\"name\":\"QQPETS\",\"url\":\"https:\/\/qqpets.com\/\",\"logo\":{\"@type\":\"ImageObject\",\"inLanguage\":\"ro-RO\",\"@id\":\"https:\/\/qqpets.com\/#\/schema\/logo\/image\/\",\"url\":\"https:\/\/qqpets.com\/wp-content\/uploads\/2023\/09\/cropped-cropped-qqpets-tiktok.jpg\",\"contentUrl\":\"https:\/\/qqpets.com\/wp-content\/uploads\/2023\/09\/cropped-cropped-qqpets-tiktok.jpg\",\"width\":511,\"height\":511,\"caption\":\"QQPETS\"},\"image\":{\"@id\":\"https:\/\/qqpets.com\/#\/schema\/logo\/image\/\"},\"sameAs\":[\"https:\/\/www.facebook.com\/QQpetsdogcollars\",\"https:\/\/www.instagram.com\/qqpetscollar\/\",\"https:\/\/www.pinterest.com\/qqpetsdogcollarsfactory\/\"]}]}<\/script>\n<!-- \/ Yoast SEO plugin. -->","yoast_head_json":{"title":"Air Tag Dog Collar Case | QQPETS","description":"Secure and stylish AirTag Dog Collar Case, ideal for protecting your pet's tracker.","robots":{"index":"index","follow":"follow","max-snippet":"max-snippet:-1","max-image-preview":"max-image-preview:large","max-video-preview":"max-video-preview:-1"},"canonical":"https:\/\/qqpets.com\/ro\/produs\/air-tag-dog-collar-case\/","og_locale":"ro_RO","og_type":"article","og_title":"Air Tag Dog Collar Case | QQPETS","og_description":"Secure and stylish AirTag Dog Collar Case, ideal for protecting your pet's tracker.","og_url":"https:\/\/qqpets.com\/ro\/produs\/air-tag-dog-collar-case\/","og_site_name":"QQPETS","article_publisher":"https:\/\/www.facebook.com\/QQpetsdogcollars","article_modified_time":"2024-09-30T08:46:41+00:00","og_image":[{"width":800,"height":800,"url":"https:\/\/qqpets.com\/wp-content\/uploads\/2024\/09\/airtag-dog-collar1.webp","type":"image\/webp"}],"twitter_card":"summary_large_image","twitter_misc":{"Timp estimat pentru citire":"3 minute"},"schema":{"@context":"https:\/\/schema.org","@graph":[{"@type":"WebPage","@id":"https:\/\/qqpets.com\/product\/air-tag-dog-collar-case\/","url":"https:\/\/qqpets.com\/product\/air-tag-dog-collar-case\/","name":"Air Tag Dog Collar Case | QQPETS","isPartOf":{"@id":"https:\/\/qqpets.com\/#website"},"primaryImageOfPage":{"@id":"https:\/\/qqpets.com\/product\/air-tag-dog-collar-case\/#primaryimage"},"image":{"@id":"https:\/\/qqpets.com\/product\/air-tag-dog-collar-case\/#primaryimage"},"thumbnailUrl":"https:\/\/qqpets.com\/wp-content\/uploads\/2024\/09\/airtag-dog-collar1.webp","datePublished":"2024-09-30T08:45:10+00:00","dateModified":"2024-09-30T08:46:41+00:00","description":"Secure and stylish AirTag Dog Collar Case, ideal for protecting your pet's tracker.","breadcrumb":{"@id":"https:\/\/qqpets.com\/product\/air-tag-dog-collar-case\/#breadcrumb"},"inLanguage":"ro-RO","potentialAction":[{"@type":"ReadAction","target":["https:\/\/qqpets.com\/product\/air-tag-dog-collar-case\/"]}]},{"@type":"ImageObject","inLanguage":"ro-RO","@id":"https:\/\/qqpets.com\/product\/air-tag-dog-collar-case\/#primaryimage","url":"https:\/\/qqpets.com\/wp-content\/uploads\/2024\/09\/airtag-dog-collar1.webp","contentUrl":"https:\/\/qqpets.com\/wp-content\/uploads\/2024\/09\/airtag-dog-collar1.webp","width":800,"height":800},{"@type":"BreadcrumbList","@id":"https:\/\/qqpets.com\/product\/air-tag-dog-collar-case\/#breadcrumb","itemListElement":[{"@type":"ListItem","position":1,"name":"Home","item":"https:\/\/qqpets.com\/"},{"@type":"ListItem","position":2,"name":"Products","item":"https:\/\/qqpets.com\/pet-products-manufacturer\/"},{"@type":"ListItem","position":3,"name":"Air Tag Dog Collar Case"}]},{"@type":"WebSite","@id":"https:\/\/qqpets.com\/#website","url":"https:\/\/qqpets.com\/","name":"QQPETS","description":"QQPETS este o fabric\u0103 de produse pentru animale de companie pentru hamuri pentru c\u00e2ini, gulere pentru c\u00e2ini, lese pentru c\u00e2ini \u0219i accesorii pentru c\u00e2ini cu servicii profesionale personalizate din 2005.","publisher":{"@id":"https:\/\/qqpets.com\/#organization"},"potentialAction":[{"@type":"SearchAction","target":{"@type":"EntryPoint","urlTemplate":"https:\/\/qqpets.com\/?s={search_term_string}"},"query-input":{"@type":"PropertyValueSpecification","valueRequired":true,"valueName":"search_term_string"}}],"inLanguage":"ro-RO"},{"@type":"Organization","@id":"https:\/\/qqpets.com\/#organization","name":"QQPETS","url":"https:\/\/qqpets.com\/","logo":{"@type":"ImageObject","inLanguage":"ro-RO","@id":"https:\/\/qqpets.com\/#\/schema\/logo\/image\/","url":"https:\/\/qqpets.com\/wp-content\/uploads\/2023\/09\/cropped-cropped-qqpets-tiktok.jpg","contentUrl":"https:\/\/qqpets.com\/wp-content\/uploads\/2023\/09\/cropped-cropped-qqpets-tiktok.jpg","width":511,"height":511,"caption":"QQPETS"},"image":{"@id":"https:\/\/qqpets.com\/#\/schema\/logo\/image\/"},"sameAs":["https:\/\/www.facebook.com\/QQpetsdogcollars","https:\/\/www.instagram.com\/qqpetscollar\/","https:\/\/www.pinterest.com\/qqpetsdogcollarsfactory\/"]}]}},"_links":{"self":[{"href":"https:\/\/qqpets.com\/ro\/wp-json\/wp\/v2\/product\/8450","targetHints":{"allow":["GET"]}}],"collection":[{"href":"https:\/\/qqpets.com\/ro\/wp-json\/wp\/v2\/product"}],"about":[{"href":"https:\/\/qqpets.com\/ro\/wp-json\/wp\/v2\/types\/product"}],"wp:featuredmedia":[{"embeddable":true,"href":"https:\/\/qqpets.com\/ro\/wp-json\/wp\/v2\/media\/8451"}],"wp:attachment":[{"href":"https:\/\/qqpets.com\/ro\/wp-json\/wp\/v2\/media?parent=8450"}],"wp:term":[{"taxonomy":"product_brand","embeddable":true,"href":"https:\/\/qqpets.com\/ro\/wp-json\/wp\/v2\/product_brand?post=8450"},{"taxonomy":"product_cat","embeddable":true,"href":"https:\/\/qqpets.com\/ro\/wp-json\/wp\/v2\/product_cat?post=8450"},{"taxonomy":"product_tag","embeddable":true,"href":"https:\/\/qqpets.com\/ro\/wp-json\/wp\/v2\/product_tag?post=8450"}],"curies":[{"name":"wp","href":"https:\/\/api.w.org\/{rel}","templated":true}]}}